{"id":32010,"date":"2025-04-08T13:00:00","date_gmt":"2025-04-08T19:00:00","guid":{"rendered":"https:\/\/www.mexicanguitarplayers.com\/tienda\/sin categor\u00eda\/estuche-gator-p-guitarra-gc-electric-led\/"},"modified":"2026-04-15T04:19:37","modified_gmt":"2026-04-15T10:19:37","slug":"estuche-gator-p-guitarra-gc-electric-led","status":"publish","type":"product","link":"https:\/\/www.mexicanguitarplayers.com\/en\/tienda\/accesorios\/estuches-y-fundas\/para-guitarra\/para-guitarra-electrica\/estuche-gator-p-guitarra-gc-electric-led\/","title":{"rendered":"ESTUCHE GATOR P\/GUITARRA GC-ELECTRIC-LED"},"content":{"rendered":"<div style=\"text-align: justify\">\n<div>\n<h3>Un estuche que te encantar\u00e1.<\/h3>\n<\/div>\n<div>Te presentamos un gran estuche para tus conciertos, cuenta con una luz LED para que puedas encontrar f\u00e1cilmente tus accesorios en ambientes oscuros como en los escenarios. Ofrece una protecci\u00f3n superior para tu guitarra, pues est\u00e1 hecho con pl\u00e1stico ABS moldeado de alta resistente y est\u00e1 reforzado con cenefas de aluminio.<\/div>\n<div>\n<h4>Quick look<\/h4>\n<\/div>\n<ul style=\"margin: 0px 0px 0px 25px\">\n<li style=\"list-style-type: circle;margin: 5px\">Dimensiones interiores.<\/li>\n<li style=\"list-style-type: circle;margin: 5px\">Dimensiones exteriores.<\/li>\n<li style=\"list-style-type: circle;margin: 5px\">Weight.<\/li>\n<\/ul>\n<div>\n<div style=\"font-weight: bold\">Dimensiones interiores.<\/div>\n<div>\n<p>Altura interior: 2.8&#8243; (71.12 mm). Longitud del cuerpo: 18.4&#8243; (467.36 mm). Ancho en la parte inferior: 12.8&#8243; (325.12 mm). Ancho en la parte del medio: 12.8&#8243; (325.12 mm). Ancho en la parte superior: 12.8&#8243; (325.12 mm). Longitud total: 39.4&#8243; (1000.76 mm).<\/p>\n<\/div>\n<div style=\"font-weight: bold\">Dimensiones exteriores.<\/div>\n<div>\n<p>Longitud exterior: 40.9&#8243; (1038.86 mm). Ancho exterior: 15.3&#8243; (388.62 mm). Altura exterior: 5.6&#8243; (142.24 mm).<\/p>\n<\/div>\n<div style=\"font-weight: bold\">Weight.<\/div>\n<div>\n<p>4.3 kg.<\/p>\n<\/div>\n<\/div>\n<div>\n<h4>Characteristics<\/h4>\n<\/div>\n<div>\n<ul style=\"margin: 0px 0px 0px 25px\">\n<li style=\"list-style-type: circle;margin: 5px\">Estuche moldeado para guitarra el\u00e9ctrica.<\/li>\n<li style=\"list-style-type: circle;margin: 5px\">Exterior de pl\u00e1stico ABS.<\/li>\n<li style=\"list-style-type: circle;margin: 5px\">Interior de espuma EPS ajustado.<\/li>\n<li style=\"list-style-type: circle;margin: 5px\">Luz LED interior.<\/li>\n<li style=\"list-style-type: circle;margin: 5px\">Mangos extra fuertes.<\/li>\n<li style=\"list-style-type: circle;margin: 5px\">Cenefas de aluminio de alta resistencia.<\/li>\n<li style=\"list-style-type: circle;margin: 5px\">Cierres asegurados.<\/li>\n<li style=\"list-style-type: circle;margin: 5px\">Insignia de edici\u00f3n especial LED<\/li>\n<li style=\"list-style-type: circle;margin: 5px\">Charvel<\/li>\n<li style=\"list-style-type: circle;margin: 5px\">ESP<\/li>\n<li style=\"list-style-type: circle;margin: 5px\">Fender<\/li>\n<li style=\"list-style-type: circle;margin: 5px\">Ibanez<\/li>\n<li style=\"list-style-type: circle;margin: 5px\">Jackson<\/li>\n<li style=\"list-style-type: circle;margin: 5px\">PRS<\/li>\n<li style=\"list-style-type: circle;margin: 5px\">Schecter<\/li>\n<li style=\"list-style-type: circle;margin: 5px\">Squier<\/li>\n<\/ul>\n<\/div>\n<\/div>","protected":false},"excerpt":{"rendered":"<p>Estuche moldeado para guitarra el\u00e9ctrica, edici\u00f3n LED, exterior de pl\u00e1stico ABS resistente para resistir impactos, polvo y suciedad, interior de espuma EPS ajustado para proteger contra ara\u00f1azos y otros da\u00f1os, luz LED interior que ilumina el bajo y los bolsillos de almacenamiento, mangos extra fuertes que ofrecen un agarre firme, cenefas de aluminio de alta resistencia que protegen la alineaci\u00f3n y la estructura de la carcasa, cierres asegurados que bloquean para mantener el instrumento seguro en todo momento, insignia de edici\u00f3n especial LED en el exterior de la carcasa. Dimensiones del producto: 13 x 35 x 102 cm. Peso: 4.07 Kg&hellip; <a class=\"kt-excerpt-readmore more-link\" href=\"https:\/\/www.mexicanguitarplayers.com\/en\/tienda\/accesorios\/estuches-y-fundas\/para-guitarra\/para-guitarra-electrica\/estuche-gator-p-guitarra-gc-electric-led\/\">Read more<\/a><\/p>","protected":false},"featured_media":32001,"comment_status":"open","ping_status":"closed","template":"","meta":{"kt_blocks_editor_width":""},"pwb-brand":[572],"product_brand":[],"product_cat":[85,517,566,567],"product_tag":[],"class_list":{"0":"post-32010","1":"product","2":"type-product","3":"status-publish","4":"has-post-thumbnail","6":"pwb-brand-gator","7":"product_cat-accesorios","8":"product_cat-estuches-y-fundas","9":"product_cat-para-guitarra","10":"product_cat-para-guitarra-electrica","11":"product_shipping_class-0-5-kg","13":"first","14":"outofstock","15":"taxable","16":"shipping-taxable","17":"purchasable","18":"product-type-simple"},"yoast_head":"<!-- This site is optimized with the Yoast SEO plugin v27.5 - https:\/\/yoast.com\/product\/yoast-seo-wordpress\/ -->\n<title>ESTUCHE GATOR P\/GUITARRA GC-ELECTRIC-LED - Mexican Guitar Players<\/title>\n<meta name=\"description\" content=\"Estuche moldeado para guitarra el\u00e9ctrica, edici\u00f3n LED, exterior de pl\u00e1stico ABS resistente para resistir impactos, polvo y suciedad, interior de espuma EPS ajustado para proteger contra ara\u00f1azos y otros da\u00f1os, luz LED interior que ilumina el bajo y los bolsillos de almacenamiento, mangos extra fuertes que ofrecen un agarre firme, cenefas de aluminio de alta resistencia que protegen la alineaci\u00f3n y la estructura de la carcasa, cierres asegurados que bloquean para mantener el instrumento seguro en todo momento, insignia de edici\u00f3n especial LED en el exterior de la carcasa. Dimensiones del producto: 13 x 35 x 102 cm. Peso: 4.07 Kg\" \/>\n<meta name=\"robots\" content=\"index, follow, max-snippet:-1, max-image-preview:large, max-video-preview:-1\" \/>\n<link rel=\"canonical\" href=\"https:\/\/www.mexicanguitarplayers.com\/en\/tienda\/sin%20categor\u00eda\/estuche-gator-p-guitarra-gc-electric-led\/\" \/>\n<meta property=\"og:locale\" content=\"en_US\" \/>\n<meta property=\"og:type\" content=\"article\" \/>\n<meta property=\"og:title\" content=\"ESTUCHE GATOR P\/GUITARRA GC-ELECTRIC-LED - Mexican Guitar Players\" \/>\n<meta property=\"og:description\" content=\"Estuche moldeado para guitarra el\u00e9ctrica, edici\u00f3n LED, exterior de pl\u00e1stico ABS resistente para resistir impactos, polvo y suciedad, interior de espuma EPS ajustado para proteger contra ara\u00f1azos y otros da\u00f1os, luz LED interior que ilumina el bajo y los bolsillos de almacenamiento, mangos extra fuertes que ofrecen un agarre firme, cenefas de aluminio de alta resistencia que protegen la alineaci\u00f3n y la estructura de la carcasa, cierres asegurados que bloquean para mantener el instrumento seguro en todo momento, insignia de edici\u00f3n especial LED en el exterior de la carcasa. Dimensiones del producto: 13 x 35 x 102 cm. Peso: 4.07 Kg\" \/>\n<meta property=\"og:url\" content=\"https:\/\/www.mexicanguitarplayers.com\/en\/tienda\/sin categor\u00eda\/estuche-gator-p-guitarra-gc-electric-led\/\" \/>\n<meta property=\"og:site_name\" content=\"Mexican Guitar Players\" \/>\n<meta property=\"article:modified_time\" content=\"2026-04-15T10:19:37+00:00\" \/>\n<meta name=\"twitter:card\" content=\"summary_large_image\" \/>\n<meta name=\"twitter:label1\" content=\"Est. reading time\" \/>\n\t<meta name=\"twitter:data1\" content=\"1 minute\" \/>\n<script type=\"application\/ld+json\" class=\"yoast-schema-graph\">{\"@context\":\"https:\\\/\\\/schema.org\",\"@graph\":[{\"@type\":[\"WebPage\",\"ItemPage\"],\"@id\":\"https:\\\/\\\/www.mexicanguitarplayers.com\\\/tienda\\\/sin categor\u00eda\\\/estuche-gator-p-guitarra-gc-electric-led\\\/\",\"url\":\"https:\\\/\\\/www.mexicanguitarplayers.com\\\/tienda\\\/sin categor\u00eda\\\/estuche-gator-p-guitarra-gc-electric-led\\\/\",\"name\":\"ESTUCHE GATOR P\\\/GUITARRA GC-ELECTRIC-LED - Mexican Guitar Players\",\"isPartOf\":{\"@id\":\"https:\\\/\\\/www.mexicanguitarplayers.com\\\/#website\"},\"primaryImageOfPage\":{\"@id\":\"https:\\\/\\\/www.mexicanguitarplayers.com\\\/tienda\\\/sin categor\u00eda\\\/estuche-gator-p-guitarra-gc-electric-led\\\/#primaryimage\"},\"image\":{\"@id\":\"https:\\\/\\\/www.mexicanguitarplayers.com\\\/tienda\\\/sin categor\u00eda\\\/estuche-gator-p-guitarra-gc-electric-led\\\/#primaryimage\"},\"thumbnailUrl\":\"https:\\\/\\\/www.mexicanguitarplayers.com\\\/wp-content\\\/uploads\\\/2025\\\/04\\\/VAGATGCELECLED.jpg\",\"datePublished\":\"2025-04-08T19:00:00+00:00\",\"dateModified\":\"2026-04-15T10:19:37+00:00\",\"description\":\"Estuche moldeado para guitarra el\u00e9ctrica, edici\u00f3n LED, exterior de pl\u00e1stico ABS resistente para resistir impactos, polvo y suciedad, interior de espuma EPS ajustado para proteger contra ara\u00f1azos y otros da\u00f1os, luz LED interior que ilumina el bajo y los bolsillos de almacenamiento, mangos extra fuertes que ofrecen un agarre firme, cenefas de aluminio de alta resistencia que protegen la alineaci\u00f3n y la estructura de la carcasa, cierres asegurados que bloquean para mantener el instrumento seguro en todo momento, insignia de edici\u00f3n especial LED en el exterior de la carcasa. Dimensiones del producto: 13 x 35 x 102 cm. Peso: 4.07 Kg\",\"breadcrumb\":{\"@id\":\"https:\\\/\\\/www.mexicanguitarplayers.com\\\/tienda\\\/sin categor\u00eda\\\/estuche-gator-p-guitarra-gc-electric-led\\\/#breadcrumb\"},\"inLanguage\":\"en-US\",\"potentialAction\":[{\"@type\":\"ReadAction\",\"target\":[\"https:\\\/\\\/www.mexicanguitarplayers.com\\\/tienda\\\/sin categor\u00eda\\\/estuche-gator-p-guitarra-gc-electric-led\\\/\"]}]},{\"@type\":\"ImageObject\",\"inLanguage\":\"en-US\",\"@id\":\"https:\\\/\\\/www.mexicanguitarplayers.com\\\/tienda\\\/sin categor\u00eda\\\/estuche-gator-p-guitarra-gc-electric-led\\\/#primaryimage\",\"url\":\"https:\\\/\\\/www.mexicanguitarplayers.com\\\/wp-content\\\/uploads\\\/2025\\\/04\\\/VAGATGCELECLED.jpg\",\"contentUrl\":\"https:\\\/\\\/www.mexicanguitarplayers.com\\\/wp-content\\\/uploads\\\/2025\\\/04\\\/VAGATGCELECLED.jpg\",\"width\":1600,\"height\":800},{\"@type\":\"BreadcrumbList\",\"@id\":\"https:\\\/\\\/www.mexicanguitarplayers.com\\\/tienda\\\/sin categor\u00eda\\\/estuche-gator-p-guitarra-gc-electric-led\\\/#breadcrumb\",\"itemListElement\":[{\"@type\":\"ListItem\",\"position\":1,\"name\":\"Portada\",\"item\":\"https:\\\/\\\/www.mexicanguitarplayers.com\\\/\"},{\"@type\":\"ListItem\",\"position\":2,\"name\":\"Tienda\",\"item\":\"https:\\\/\\\/www.mexicanguitarplayers.com\\\/tienda\\\/\"},{\"@type\":\"ListItem\",\"position\":3,\"name\":\"ESTUCHE GATOR P\\\/GUITARRA GC-ELECTRIC-LED\"}]},{\"@type\":\"WebSite\",\"@id\":\"https:\\\/\\\/www.mexicanguitarplayers.com\\\/#website\",\"url\":\"https:\\\/\\\/www.mexicanguitarplayers.com\\\/\",\"name\":\"Mexican Guitar Players\",\"description\":\"Website\",\"publisher\":{\"@id\":\"https:\\\/\\\/www.mexicanguitarplayers.com\\\/#organization\"},\"potentialAction\":[{\"@type\":\"SearchAction\",\"target\":{\"@type\":\"EntryPoint\",\"urlTemplate\":\"https:\\\/\\\/www.mexicanguitarplayers.com\\\/?s={search_term_string}\"},\"query-input\":{\"@type\":\"PropertyValueSpecification\",\"valueRequired\":true,\"valueName\":\"search_term_string\"}}],\"inLanguage\":\"en-US\"},{\"@type\":\"Organization\",\"@id\":\"https:\\\/\\\/www.mexicanguitarplayers.com\\\/#organization\",\"name\":\"Mexican Guitar Players\",\"url\":\"https:\\\/\\\/www.mexicanguitarplayers.com\\\/\",\"logo\":{\"@type\":\"ImageObject\",\"inLanguage\":\"en-US\",\"@id\":\"https:\\\/\\\/www.mexicanguitarplayers.com\\\/#\\\/schema\\\/logo\\\/image\\\/\",\"url\":\"\",\"contentUrl\":\"\",\"caption\":\"Mexican Guitar Players\"},\"image\":{\"@id\":\"https:\\\/\\\/www.mexicanguitarplayers.com\\\/#\\\/schema\\\/logo\\\/image\\\/\"}}]}<\/script>\n<!-- \/ Yoast SEO plugin. -->","yoast_head_json":{"title":"ESTUCHE GATOR P\/GUITARRA GC-ELECTRIC-LED - Mexican Guitar Players","description":"Estuche moldeado para guitarra el\u00e9ctrica, edici\u00f3n LED, exterior de pl\u00e1stico ABS resistente para resistir impactos, polvo y suciedad, interior de espuma EPS ajustado para proteger contra ara\u00f1azos y otros da\u00f1os, luz LED interior que ilumina el bajo y los bolsillos de almacenamiento, mangos extra fuertes que ofrecen un agarre firme, cenefas de aluminio de alta resistencia que protegen la alineaci\u00f3n y la estructura de la carcasa, cierres asegurados que bloquean para mantener el instrumento seguro en todo momento, insignia de edici\u00f3n especial LED en el exterior de la carcasa. Dimensiones del producto: 13 x 35 x 102 cm. Peso: 4.07 Kg","robots":{"index":"index","follow":"follow","max-snippet":"max-snippet:-1","max-image-preview":"max-image-preview:large","max-video-preview":"max-video-preview:-1"},"canonical":"https:\/\/www.mexicanguitarplayers.com\/en\/tienda\/sin categor\u00eda\/estuche-gator-p-guitarra-gc-electric-led\/","og_locale":"en_US","og_type":"article","og_title":"ESTUCHE GATOR P\/GUITARRA GC-ELECTRIC-LED - Mexican Guitar Players","og_description":"Estuche moldeado para guitarra el\u00e9ctrica, edici\u00f3n LED, exterior de pl\u00e1stico ABS resistente para resistir impactos, polvo y suciedad, interior de espuma EPS ajustado para proteger contra ara\u00f1azos y otros da\u00f1os, luz LED interior que ilumina el bajo y los bolsillos de almacenamiento, mangos extra fuertes que ofrecen un agarre firme, cenefas de aluminio de alta resistencia que protegen la alineaci\u00f3n y la estructura de la carcasa, cierres asegurados que bloquean para mantener el instrumento seguro en todo momento, insignia de edici\u00f3n especial LED en el exterior de la carcasa. Dimensiones del producto: 13 x 35 x 102 cm. Peso: 4.07 Kg","og_url":"https:\/\/www.mexicanguitarplayers.com\/en\/tienda\/sin categor\u00eda\/estuche-gator-p-guitarra-gc-electric-led\/","og_site_name":"Mexican Guitar Players","article_modified_time":"2026-04-15T10:19:37+00:00","twitter_card":"summary_large_image","twitter_misc":{"Est. reading time":"1 minute"},"schema":{"@context":"https:\/\/schema.org","@graph":[{"@type":["WebPage","ItemPage"],"@id":"https:\/\/www.mexicanguitarplayers.com\/tienda\/sin categor\u00eda\/estuche-gator-p-guitarra-gc-electric-led\/","url":"https:\/\/www.mexicanguitarplayers.com\/tienda\/sin categor\u00eda\/estuche-gator-p-guitarra-gc-electric-led\/","name":"ESTUCHE GATOR P\/GUITARRA GC-ELECTRIC-LED - Mexican Guitar Players","isPartOf":{"@id":"https:\/\/www.mexicanguitarplayers.com\/#website"},"primaryImageOfPage":{"@id":"https:\/\/www.mexicanguitarplayers.com\/tienda\/sin categor\u00eda\/estuche-gator-p-guitarra-gc-electric-led\/#primaryimage"},"image":{"@id":"https:\/\/www.mexicanguitarplayers.com\/tienda\/sin categor\u00eda\/estuche-gator-p-guitarra-gc-electric-led\/#primaryimage"},"thumbnailUrl":"https:\/\/www.mexicanguitarplayers.com\/wp-content\/uploads\/2025\/04\/VAGATGCELECLED.jpg","datePublished":"2025-04-08T19:00:00+00:00","dateModified":"2026-04-15T10:19:37+00:00","description":"Estuche moldeado para guitarra el\u00e9ctrica, edici\u00f3n LED, exterior de pl\u00e1stico ABS resistente para resistir impactos, polvo y suciedad, interior de espuma EPS ajustado para proteger contra ara\u00f1azos y otros da\u00f1os, luz LED interior que ilumina el bajo y los bolsillos de almacenamiento, mangos extra fuertes que ofrecen un agarre firme, cenefas de aluminio de alta resistencia que protegen la alineaci\u00f3n y la estructura de la carcasa, cierres asegurados que bloquean para mantener el instrumento seguro en todo momento, insignia de edici\u00f3n especial LED en el exterior de la carcasa. Dimensiones del producto: 13 x 35 x 102 cm. Peso: 4.07 Kg","breadcrumb":{"@id":"https:\/\/www.mexicanguitarplayers.com\/tienda\/sin categor\u00eda\/estuche-gator-p-guitarra-gc-electric-led\/#breadcrumb"},"inLanguage":"en-US","potentialAction":[{"@type":"ReadAction","target":["https:\/\/www.mexicanguitarplayers.com\/tienda\/sin categor\u00eda\/estuche-gator-p-guitarra-gc-electric-led\/"]}]},{"@type":"ImageObject","inLanguage":"en-US","@id":"https:\/\/www.mexicanguitarplayers.com\/tienda\/sin categor\u00eda\/estuche-gator-p-guitarra-gc-electric-led\/#primaryimage","url":"https:\/\/www.mexicanguitarplayers.com\/wp-content\/uploads\/2025\/04\/VAGATGCELECLED.jpg","contentUrl":"https:\/\/www.mexicanguitarplayers.com\/wp-content\/uploads\/2025\/04\/VAGATGCELECLED.jpg","width":1600,"height":800},{"@type":"BreadcrumbList","@id":"https:\/\/www.mexicanguitarplayers.com\/tienda\/sin categor\u00eda\/estuche-gator-p-guitarra-gc-electric-led\/#breadcrumb","itemListElement":[{"@type":"ListItem","position":1,"name":"Portada","item":"https:\/\/www.mexicanguitarplayers.com\/"},{"@type":"ListItem","position":2,"name":"Tienda","item":"https:\/\/www.mexicanguitarplayers.com\/tienda\/"},{"@type":"ListItem","position":3,"name":"ESTUCHE GATOR P\/GUITARRA GC-ELECTRIC-LED"}]},{"@type":"WebSite","@id":"https:\/\/www.mexicanguitarplayers.com\/#website","url":"https:\/\/www.mexicanguitarplayers.com\/","name":"Mexican Guitar Players","description":"Website","publisher":{"@id":"https:\/\/www.mexicanguitarplayers.com\/#organization"},"potentialAction":[{"@type":"SearchAction","target":{"@type":"EntryPoint","urlTemplate":"https:\/\/www.mexicanguitarplayers.com\/?s={search_term_string}"},"query-input":{"@type":"PropertyValueSpecification","valueRequired":true,"valueName":"search_term_string"}}],"inLanguage":"en-US"},{"@type":"Organization","@id":"https:\/\/www.mexicanguitarplayers.com\/#organization","name":"Mexican Guitar Players","url":"https:\/\/www.mexicanguitarplayers.com\/","logo":{"@type":"ImageObject","inLanguage":"en-US","@id":"https:\/\/www.mexicanguitarplayers.com\/#\/schema\/logo\/image\/","url":"","contentUrl":"","caption":"Mexican Guitar Players"},"image":{"@id":"https:\/\/www.mexicanguitarplayers.com\/#\/schema\/logo\/image\/"}}]}},"brands":[{"id":572,"name":"GATOR","slug":"gator"}],"_links":{"self":[{"href":"https:\/\/www.mexicanguitarplayers.com\/en\/wp-json\/wp\/v2\/product\/32010","targetHints":{"allow":["GET"]}}],"collection":[{"href":"https:\/\/www.mexicanguitarplayers.com\/en\/wp-json\/wp\/v2\/product"}],"about":[{"href":"https:\/\/www.mexicanguitarplayers.com\/en\/wp-json\/wp\/v2\/types\/product"}],"replies":[{"embeddable":true,"href":"https:\/\/www.mexicanguitarplayers.com\/en\/wp-json\/wp\/v2\/comments?post=32010"}],"wp:featuredmedia":[{"embeddable":true,"href":"https:\/\/www.mexicanguitarplayers.com\/en\/wp-json\/wp\/v2\/media\/32001"}],"wp:attachment":[{"href":"https:\/\/www.mexicanguitarplayers.com\/en\/wp-json\/wp\/v2\/media?parent=32010"}],"wp:term":[{"taxonomy":"pwb-brand","embeddable":true,"href":"https:\/\/www.mexicanguitarplayers.com\/en\/wp-json\/wp\/v2\/pwb-brand?post=32010"},{"taxonomy":"product_brand","embeddable":true,"href":"https:\/\/www.mexicanguitarplayers.com\/en\/wp-json\/wp\/v2\/product_brand?post=32010"},{"taxonomy":"product_cat","embeddable":true,"href":"https:\/\/www.mexicanguitarplayers.com\/en\/wp-json\/wp\/v2\/product_cat?post=32010"},{"taxonomy":"product_tag","embeddable":true,"href":"https:\/\/www.mexicanguitarplayers.com\/en\/wp-json\/wp\/v2\/product_tag?post=32010"}],"curies":[{"name":"wp","href":"https:\/\/api.w.org\/{rel}","templated":true}]}}