{"id":32018,"date":"2025-04-08T13:00:08","date_gmt":"2025-04-08T19:00:08","guid":{"rendered":"https:\/\/www.mexicanguitarplayers.com\/tienda\/sin categor\u00eda\/guitarra-washburn-electrica-pxl20ewh\/"},"modified":"2026-04-10T04:34:11","modified_gmt":"2026-04-10T10:34:11","slug":"guitarra-washburn-electrica-pxl20ewh","status":"publish","type":"product","link":"https:\/\/www.mexicanguitarplayers.com\/en\/tienda\/cuerdas\/guitarras-cuerdas\/electricas\/guitarras-electricas-solidas\/guitarra-washburn-electrica-pxl20ewh\/","title":{"rendered":"GUITARRA WASHBURN ELECTRICA PXL20EWH"},"content":{"rendered":"<div style=\"text-align: justify\">\n<div>\n<h3>Una ametralladora perfecta!<\/h3>\n<\/div>\n<div>Guitarra el\u00e9ctrica Washburn mod. PXL10QWBM, Serie Parallaxe. Tapa de maple flameado, cuerpo de caoba, brazo de maple, diapas\u00f3n de \u00e9bano. 2 humbuckers Seymour Duncan SH2\/SH4, cejuela de grafito, puente Tune-O-Matic string thru, Maquinaria Black Chrome Locking Grover Exclusive 18:1, cutaway PXL, vol y tono con push-pull, ensamble Full Access Set Neck, selector de 3 posiciones, 22 trastes. Escala 25.5&#8243;, acabado brillante. Con nuestros 130 a\u00f1os de conocimiento y experiencia en el dise\u00f1o y la manufactura, combinados con el amor y la pasi\u00f3n por crear las mejores guitarras hemos desarrollado la guitarra m\u00e1s avanzada especialmente dise\u00f1ada para rock y metal. La l\u00ednea incluye las caracter\u00edsticas y ventajas que los guitarristas de estos g\u00e9neros han solicitado durante a\u00f1os. Las guitarras Parallaxe fueron dise\u00f1adas espec\u00edficamente para esos licks modernos y para los shredders intensos. No hemos escatimado ning\u00fan detalle hasta lograr crear la m\u00e1quina de shred perfecta. La Serie PXL Series est\u00e1 cargada con caracter\u00edsticas \u00fanicas tales como puentes Babicz Full Contact, un dorso tallado especialmente y el galardonado Buzz Feiten Tuning System\u00ae ofreciendo gran versatilidad y comodidad al tocar. Estas estilizadas guitarras ofrecen un comfort sin precedentes con un acceso total a todo el diapas\u00f3n y un mayor tono y sustain. No importa el estilo que toques, estas m\u00e1quinas de trabajo llevar\u00e1n tu arte en estudio o en el escenario, a otro nivel.<\/div>\n<div>\n<h4>Quick look<\/h4>\n<\/div>\n<ul style=\"margin: 0px 0px 0px 25px\">\n<li style=\"list-style-type: circle;margin: 5px\">Cuerpo de Caoba<\/li>\n<li style=\"list-style-type: circle;margin: 5px\">2 humbuckers Seymour Duncan SH2\/SH4<\/li>\n<li style=\"list-style-type: circle;margin: 5px\">Potenci\u00f3metros push-pull para sonidos single coil y humbucker<\/li>\n<li style=\"list-style-type: circle;margin: 5px\">Ensamble Full Access Set Neck<\/li>\n<\/ul>\n<div>\n<div style=\"font-weight: bold\">Cuerpo de Caoba<\/div>\n<div>\n<p>Excelente madera por sus propiedades ac\u00fasticas<\/p>\n<\/div>\n<div style=\"font-weight: bold\">2 humbuckers Seymour Duncan SH2\/SH4<\/div>\n<div>\n<p>Legendaria marca de captaci\u00f3n magn\u00e9tica<\/p>\n<\/div>\n<div style=\"font-weight: bold\">Potenci\u00f3metros push-pull para sonidos single coil y humbucker<\/div>\n<div>\n<p>Toda la versatilidad de sonidos<\/p>\n<\/div>\n<div style=\"font-weight: bold\">Ensamble Full Access Set Neck<\/div>\n<div>\n<p>Llega c\u00f3modamente hasta donde desees en tu diapas\u00f3n.<\/p>\n<\/div>\n<\/div>\n<div>\n<h4>Characteristics<\/h4>\n<\/div>\n<div>\n<ul style=\"margin: 0px 0px 0px 25px\">\n<li style=\"list-style-type: circle;margin: 5px\">Diapas\u00f3n de \u00e9bano<\/li>\n<li style=\"list-style-type: circle;margin: 5px\">22 trastes<\/li>\n<li style=\"list-style-type: circle;margin: 5px\">Maquinaria Black Chrome Locking Grover Exclusive 18:1<\/li>\n<\/ul>\n<\/div>\n<\/div>","protected":false},"excerpt":{"rendered":"<p>Guitarra el\u00e9ctrica Washburn mod. PXL20EWH, Serie Parallaxe. Cuerpo y brazo de caoba, diapas\u00f3n de \u00e9bano. 2 humbuckers  activos EMG 85\/81, Puente Babicz Full Contact, Maquinaria Black Locking Grover Exclusive 18:1, nut de grafito, cutaway PXL, vol y tono, selector de 3 posiciones, 24 trastes.&hellip; <a class=\"kt-excerpt-readmore more-link\" href=\"https:\/\/www.mexicanguitarplayers.com\/en\/tienda\/cuerdas\/guitarras-cuerdas\/electricas\/guitarras-electricas-solidas\/guitarra-washburn-electrica-pxl20ewh\/\">Read more<\/a><\/p>","protected":false},"featured_media":32016,"comment_status":"open","ping_status":"closed","template":"","meta":{"kt_blocks_editor_width":""},"pwb-brand":[178],"product_brand":[],"product_cat":[224,313,312,314],"product_tag":[],"class_list":{"0":"post-32018","1":"product","2":"type-product","3":"status-publish","4":"has-post-thumbnail","6":"pwb-brand-washburn","7":"product_cat-cuerdas","8":"product_cat-electricas","9":"product_cat-guitarras-cuerdas","10":"product_cat-guitarras-electricas-solidas","11":"product_shipping_class-0-5-kg","13":"first","14":"outofstock","15":"taxable","16":"shipping-taxable","17":"purchasable","18":"product-type-simple"},"yoast_head":"<!-- This site is optimized with the Yoast SEO plugin v27.5 - https:\/\/yoast.com\/product\/yoast-seo-wordpress\/ -->\n<title>GUITARRA WASHBURN ELECTRICA PXL20EWH - Mexican Guitar Players<\/title>\n<meta name=\"description\" content=\"Guitarra el\u00e9ctrica Washburn mod. PXL20EWH, Serie Parallaxe. Cuerpo y brazo de caoba, diapas\u00f3n de \u00e9bano. 2 humbuckers activos EMG 85\/81, Puente Babicz Full Contact, Maquinaria Black Locking Grover Exclusive 18:1, nut de grafito, cutaway PXL, vol y tono, selector de 3 posiciones, 24 trastes.\" \/>\n<meta name=\"robots\" content=\"index, follow, max-snippet:-1, max-image-preview:large, max-video-preview:-1\" \/>\n<link rel=\"canonical\" href=\"https:\/\/www.mexicanguitarplayers.com\/en\/tienda\/sin%20categor\u00eda\/guitarra-washburn-electrica-pxl20ewh\/\" \/>\n<meta property=\"og:locale\" content=\"en_US\" \/>\n<meta property=\"og:type\" content=\"article\" \/>\n<meta property=\"og:title\" content=\"GUITARRA WASHBURN ELECTRICA PXL20EWH - Mexican Guitar Players\" \/>\n<meta property=\"og:description\" content=\"Guitarra el\u00e9ctrica Washburn mod. PXL20EWH, Serie Parallaxe. Cuerpo y brazo de caoba, diapas\u00f3n de \u00e9bano. 2 humbuckers activos EMG 85\/81, Puente Babicz Full Contact, Maquinaria Black Locking Grover Exclusive 18:1, nut de grafito, cutaway PXL, vol y tono, selector de 3 posiciones, 24 trastes.\" \/>\n<meta property=\"og:url\" content=\"https:\/\/www.mexicanguitarplayers.com\/en\/tienda\/sin categor\u00eda\/guitarra-washburn-electrica-pxl20ewh\/\" \/>\n<meta property=\"og:site_name\" content=\"Mexican Guitar Players\" \/>\n<meta property=\"article:modified_time\" content=\"2026-04-10T10:34:11+00:00\" \/>\n<meta name=\"twitter:card\" content=\"summary_large_image\" \/>\n<meta name=\"twitter:label1\" content=\"Est. reading time\" \/>\n\t<meta name=\"twitter:data1\" content=\"2 minutes\" \/>\n<script type=\"application\/ld+json\" class=\"yoast-schema-graph\">{\"@context\":\"https:\\\/\\\/schema.org\",\"@graph\":[{\"@type\":[\"WebPage\",\"ItemPage\"],\"@id\":\"https:\\\/\\\/www.mexicanguitarplayers.com\\\/tienda\\\/sin categor\u00eda\\\/guitarra-washburn-electrica-pxl20ewh\\\/\",\"url\":\"https:\\\/\\\/www.mexicanguitarplayers.com\\\/tienda\\\/sin categor\u00eda\\\/guitarra-washburn-electrica-pxl20ewh\\\/\",\"name\":\"GUITARRA WASHBURN ELECTRICA PXL20EWH - Mexican Guitar Players\",\"isPartOf\":{\"@id\":\"https:\\\/\\\/www.mexicanguitarplayers.com\\\/#website\"},\"primaryImageOfPage\":{\"@id\":\"https:\\\/\\\/www.mexicanguitarplayers.com\\\/tienda\\\/sin categor\u00eda\\\/guitarra-washburn-electrica-pxl20ewh\\\/#primaryimage\"},\"image\":{\"@id\":\"https:\\\/\\\/www.mexicanguitarplayers.com\\\/tienda\\\/sin categor\u00eda\\\/guitarra-washburn-electrica-pxl20ewh\\\/#primaryimage\"},\"thumbnailUrl\":\"https:\\\/\\\/www.mexicanguitarplayers.com\\\/wp-content\\\/uploads\\\/2025\\\/04\\\/ISWASPXL20EWH.jpg\",\"datePublished\":\"2025-04-08T19:00:08+00:00\",\"dateModified\":\"2026-04-10T10:34:11+00:00\",\"description\":\"Guitarra el\u00e9ctrica Washburn mod. PXL20EWH, Serie Parallaxe. Cuerpo y brazo de caoba, diapas\u00f3n de \u00e9bano. 2 humbuckers activos EMG 85\\\/81, Puente Babicz Full Contact, Maquinaria Black Locking Grover Exclusive 18:1, nut de grafito, cutaway PXL, vol y tono, selector de 3 posiciones, 24 trastes.\",\"breadcrumb\":{\"@id\":\"https:\\\/\\\/www.mexicanguitarplayers.com\\\/tienda\\\/sin categor\u00eda\\\/guitarra-washburn-electrica-pxl20ewh\\\/#breadcrumb\"},\"inLanguage\":\"en-US\",\"potentialAction\":[{\"@type\":\"ReadAction\",\"target\":[\"https:\\\/\\\/www.mexicanguitarplayers.com\\\/tienda\\\/sin categor\u00eda\\\/guitarra-washburn-electrica-pxl20ewh\\\/\"]}]},{\"@type\":\"ImageObject\",\"inLanguage\":\"en-US\",\"@id\":\"https:\\\/\\\/www.mexicanguitarplayers.com\\\/tienda\\\/sin categor\u00eda\\\/guitarra-washburn-electrica-pxl20ewh\\\/#primaryimage\",\"url\":\"https:\\\/\\\/www.mexicanguitarplayers.com\\\/wp-content\\\/uploads\\\/2025\\\/04\\\/ISWASPXL20EWH.jpg\",\"contentUrl\":\"https:\\\/\\\/www.mexicanguitarplayers.com\\\/wp-content\\\/uploads\\\/2025\\\/04\\\/ISWASPXL20EWH.jpg\",\"width\":800,\"height\":1600},{\"@type\":\"BreadcrumbList\",\"@id\":\"https:\\\/\\\/www.mexicanguitarplayers.com\\\/tienda\\\/sin categor\u00eda\\\/guitarra-washburn-electrica-pxl20ewh\\\/#breadcrumb\",\"itemListElement\":[{\"@type\":\"ListItem\",\"position\":1,\"name\":\"Portada\",\"item\":\"https:\\\/\\\/www.mexicanguitarplayers.com\\\/\"},{\"@type\":\"ListItem\",\"position\":2,\"name\":\"Tienda\",\"item\":\"https:\\\/\\\/www.mexicanguitarplayers.com\\\/tienda\\\/\"},{\"@type\":\"ListItem\",\"position\":3,\"name\":\"GUITARRA WASHBURN ELECTRICA PXL20EWH\"}]},{\"@type\":\"WebSite\",\"@id\":\"https:\\\/\\\/www.mexicanguitarplayers.com\\\/#website\",\"url\":\"https:\\\/\\\/www.mexicanguitarplayers.com\\\/\",\"name\":\"Mexican Guitar Players\",\"description\":\"Website\",\"publisher\":{\"@id\":\"https:\\\/\\\/www.mexicanguitarplayers.com\\\/#organization\"},\"potentialAction\":[{\"@type\":\"SearchAction\",\"target\":{\"@type\":\"EntryPoint\",\"urlTemplate\":\"https:\\\/\\\/www.mexicanguitarplayers.com\\\/?s={search_term_string}\"},\"query-input\":{\"@type\":\"PropertyValueSpecification\",\"valueRequired\":true,\"valueName\":\"search_term_string\"}}],\"inLanguage\":\"en-US\"},{\"@type\":\"Organization\",\"@id\":\"https:\\\/\\\/www.mexicanguitarplayers.com\\\/#organization\",\"name\":\"Mexican Guitar Players\",\"url\":\"https:\\\/\\\/www.mexicanguitarplayers.com\\\/\",\"logo\":{\"@type\":\"ImageObject\",\"inLanguage\":\"en-US\",\"@id\":\"https:\\\/\\\/www.mexicanguitarplayers.com\\\/#\\\/schema\\\/logo\\\/image\\\/\",\"url\":\"\",\"contentUrl\":\"\",\"caption\":\"Mexican Guitar Players\"},\"image\":{\"@id\":\"https:\\\/\\\/www.mexicanguitarplayers.com\\\/#\\\/schema\\\/logo\\\/image\\\/\"}}]}<\/script>\n<!-- \/ Yoast SEO plugin. -->","yoast_head_json":{"title":"GUITARRA WASHBURN ELECTRICA PXL20EWH - Mexican Guitar Players","description":"Guitarra el\u00e9ctrica Washburn mod. PXL20EWH, Serie Parallaxe. Cuerpo y brazo de caoba, diapas\u00f3n de \u00e9bano. 2 humbuckers activos EMG 85\/81, Puente Babicz Full Contact, Maquinaria Black Locking Grover Exclusive 18:1, nut de grafito, cutaway PXL, vol y tono, selector de 3 posiciones, 24 trastes.","robots":{"index":"index","follow":"follow","max-snippet":"max-snippet:-1","max-image-preview":"max-image-preview:large","max-video-preview":"max-video-preview:-1"},"canonical":"https:\/\/www.mexicanguitarplayers.com\/en\/tienda\/sin categor\u00eda\/guitarra-washburn-electrica-pxl20ewh\/","og_locale":"en_US","og_type":"article","og_title":"GUITARRA WASHBURN ELECTRICA PXL20EWH - Mexican Guitar Players","og_description":"Guitarra el\u00e9ctrica Washburn mod. PXL20EWH, Serie Parallaxe. Cuerpo y brazo de caoba, diapas\u00f3n de \u00e9bano. 2 humbuckers activos EMG 85\/81, Puente Babicz Full Contact, Maquinaria Black Locking Grover Exclusive 18:1, nut de grafito, cutaway PXL, vol y tono, selector de 3 posiciones, 24 trastes.","og_url":"https:\/\/www.mexicanguitarplayers.com\/en\/tienda\/sin categor\u00eda\/guitarra-washburn-electrica-pxl20ewh\/","og_site_name":"Mexican Guitar Players","article_modified_time":"2026-04-10T10:34:11+00:00","twitter_card":"summary_large_image","twitter_misc":{"Est. reading time":"2 minutes"},"schema":{"@context":"https:\/\/schema.org","@graph":[{"@type":["WebPage","ItemPage"],"@id":"https:\/\/www.mexicanguitarplayers.com\/tienda\/sin categor\u00eda\/guitarra-washburn-electrica-pxl20ewh\/","url":"https:\/\/www.mexicanguitarplayers.com\/tienda\/sin categor\u00eda\/guitarra-washburn-electrica-pxl20ewh\/","name":"GUITARRA WASHBURN ELECTRICA PXL20EWH - Mexican Guitar Players","isPartOf":{"@id":"https:\/\/www.mexicanguitarplayers.com\/#website"},"primaryImageOfPage":{"@id":"https:\/\/www.mexicanguitarplayers.com\/tienda\/sin categor\u00eda\/guitarra-washburn-electrica-pxl20ewh\/#primaryimage"},"image":{"@id":"https:\/\/www.mexicanguitarplayers.com\/tienda\/sin categor\u00eda\/guitarra-washburn-electrica-pxl20ewh\/#primaryimage"},"thumbnailUrl":"https:\/\/www.mexicanguitarplayers.com\/wp-content\/uploads\/2025\/04\/ISWASPXL20EWH.jpg","datePublished":"2025-04-08T19:00:08+00:00","dateModified":"2026-04-10T10:34:11+00:00","description":"Guitarra el\u00e9ctrica Washburn mod. PXL20EWH, Serie Parallaxe. Cuerpo y brazo de caoba, diapas\u00f3n de \u00e9bano. 2 humbuckers activos EMG 85\/81, Puente Babicz Full Contact, Maquinaria Black Locking Grover Exclusive 18:1, nut de grafito, cutaway PXL, vol y tono, selector de 3 posiciones, 24 trastes.","breadcrumb":{"@id":"https:\/\/www.mexicanguitarplayers.com\/tienda\/sin categor\u00eda\/guitarra-washburn-electrica-pxl20ewh\/#breadcrumb"},"inLanguage":"en-US","potentialAction":[{"@type":"ReadAction","target":["https:\/\/www.mexicanguitarplayers.com\/tienda\/sin categor\u00eda\/guitarra-washburn-electrica-pxl20ewh\/"]}]},{"@type":"ImageObject","inLanguage":"en-US","@id":"https:\/\/www.mexicanguitarplayers.com\/tienda\/sin categor\u00eda\/guitarra-washburn-electrica-pxl20ewh\/#primaryimage","url":"https:\/\/www.mexicanguitarplayers.com\/wp-content\/uploads\/2025\/04\/ISWASPXL20EWH.jpg","contentUrl":"https:\/\/www.mexicanguitarplayers.com\/wp-content\/uploads\/2025\/04\/ISWASPXL20EWH.jpg","width":800,"height":1600},{"@type":"BreadcrumbList","@id":"https:\/\/www.mexicanguitarplayers.com\/tienda\/sin categor\u00eda\/guitarra-washburn-electrica-pxl20ewh\/#breadcrumb","itemListElement":[{"@type":"ListItem","position":1,"name":"Portada","item":"https:\/\/www.mexicanguitarplayers.com\/"},{"@type":"ListItem","position":2,"name":"Tienda","item":"https:\/\/www.mexicanguitarplayers.com\/tienda\/"},{"@type":"ListItem","position":3,"name":"GUITARRA WASHBURN ELECTRICA PXL20EWH"}]},{"@type":"WebSite","@id":"https:\/\/www.mexicanguitarplayers.com\/#website","url":"https:\/\/www.mexicanguitarplayers.com\/","name":"Mexican Guitar Players","description":"Website","publisher":{"@id":"https:\/\/www.mexicanguitarplayers.com\/#organization"},"potentialAction":[{"@type":"SearchAction","target":{"@type":"EntryPoint","urlTemplate":"https:\/\/www.mexicanguitarplayers.com\/?s={search_term_string}"},"query-input":{"@type":"PropertyValueSpecification","valueRequired":true,"valueName":"search_term_string"}}],"inLanguage":"en-US"},{"@type":"Organization","@id":"https:\/\/www.mexicanguitarplayers.com\/#organization","name":"Mexican Guitar Players","url":"https:\/\/www.mexicanguitarplayers.com\/","logo":{"@type":"ImageObject","inLanguage":"en-US","@id":"https:\/\/www.mexicanguitarplayers.com\/#\/schema\/logo\/image\/","url":"","contentUrl":"","caption":"Mexican Guitar Players"},"image":{"@id":"https:\/\/www.mexicanguitarplayers.com\/#\/schema\/logo\/image\/"}}]}},"brands":[{"id":178,"name":"WASHBURN","slug":"washburn"}],"_links":{"self":[{"href":"https:\/\/www.mexicanguitarplayers.com\/en\/wp-json\/wp\/v2\/product\/32018","targetHints":{"allow":["GET"]}}],"collection":[{"href":"https:\/\/www.mexicanguitarplayers.com\/en\/wp-json\/wp\/v2\/product"}],"about":[{"href":"https:\/\/www.mexicanguitarplayers.com\/en\/wp-json\/wp\/v2\/types\/product"}],"replies":[{"embeddable":true,"href":"https:\/\/www.mexicanguitarplayers.com\/en\/wp-json\/wp\/v2\/comments?post=32018"}],"wp:featuredmedia":[{"embeddable":true,"href":"https:\/\/www.mexicanguitarplayers.com\/en\/wp-json\/wp\/v2\/media\/32016"}],"wp:attachment":[{"href":"https:\/\/www.mexicanguitarplayers.com\/en\/wp-json\/wp\/v2\/media?parent=32018"}],"wp:term":[{"taxonomy":"pwb-brand","embeddable":true,"href":"https:\/\/www.mexicanguitarplayers.com\/en\/wp-json\/wp\/v2\/pwb-brand?post=32018"},{"taxonomy":"product_brand","embeddable":true,"href":"https:\/\/www.mexicanguitarplayers.com\/en\/wp-json\/wp\/v2\/product_brand?post=32018"},{"taxonomy":"product_cat","embeddable":true,"href":"https:\/\/www.mexicanguitarplayers.com\/en\/wp-json\/wp\/v2\/product_cat?post=32018"},{"taxonomy":"product_tag","embeddable":true,"href":"https:\/\/www.mexicanguitarplayers.com\/en\/wp-json\/wp\/v2\/product_tag?post=32018"}],"curies":[{"name":"wp","href":"https:\/\/api.w.org\/{rel}","templated":true}]}}