{"id":32032,"date":"2025-04-08T13:00:25","date_gmt":"2025-04-08T19:00:25","guid":{"rendered":"https:\/\/www.mexicanguitarplayers.com\/tienda\/sin categor\u00eda\/estuche-skb-p-microfonos-3i-0907-mc3\/"},"modified":"2026-04-10T04:34:10","modified_gmt":"2026-04-10T10:34:10","slug":"estuche-skb-p-microfonos-3i-0907-mc3","status":"publish","type":"product","link":"https:\/\/www.mexicanguitarplayers.com\/en\/tienda\/accesorios\/varios\/estuche-skb-p-microfonos-3i-0907-mc3\/","title":{"rendered":"ESTUCHE SKB P\/MICROFONOS 3I-0907-MC3"},"content":{"rendered":"<div style=\"text-align: justify\">\n<div>\n<h3>Almacena hasta 3 micr\u00f3fonos de cualquier marca.<\/h3>\n<\/div>\n<div>Este estuche permite almacenar hasta 3 micr\u00f3fonos de forma horizontal. Cada corte de micr\u00f3fono mide 1.5&#8243; pulgadas de ancho por 6.75&#8243; pulgadas de largo con dos piezas perforadas de espuma extra\u00edble, una situada en cada extremo permitiendo micr\u00f3fonos de hasta 8.5&#8243; pulgadas de largo Mediante la eliminaci\u00f3n de la pieza de espuma perforada cerca de la rejilla del micr\u00f3fono, puedes cambiar la forma redonda a cuadrada, esto da cabida a otros micr\u00f3fonos de mano populares con rejillas cuadradas, como algunos Sennheiser y Electrovoice. El estuche mide 9&#8243; x 7&#8243; x 4&#8243; pulgadas de profundidad y es el estuche para 3 micr\u00f3fonos m\u00e1s compacto en el mercado. El estuche tiene espuma contorneada en la tapa para un ajuste de compresi\u00f3n y adem\u00e1s est\u00e1 cubierto por una garant\u00eda incondicional de por vida de SKB. La serie i3 de estuches moldeados por inyecci\u00f3n y a prueba de agua est\u00e1n construidos  con resina de pol\u00edmero de polipropileno de ultra alta resistencia y cuentan con un dise\u00f1o sumergible a prueba de agua (IP67) resistente a la corrosi\u00f3n y a los da\u00f1os por impacto. Bisagra moldeada patentada y cerrojos de seguridad, asa ergon\u00f3mica de caucho, sistema de apilamiento seguro y v\u00e1lvula de compensaci\u00f3n autom\u00e1tica de la presi\u00f3n ambiental son caracter\u00edsticas que contribuyen a hacer un estuche de grado militar.<\/div>\n<div>\n<h4>Quick look<\/h4>\n<\/div>\n<ul style=\"margin: 0px 0px 0px 25px\">\n<li style=\"list-style-type: circle;margin: 5px\">Totalmente resistente.<\/li>\n<li style=\"list-style-type: circle;margin: 5px\">Longitud interior.<\/li>\n<li style=\"list-style-type: circle;margin: 5px\">Ancho interior.<\/li>\n<li style=\"list-style-type: circle;margin: 5px\">Profundidad interior.<\/li>\n<li style=\"list-style-type: circle;margin: 5px\">Longitud exterior.<\/li>\n<li style=\"list-style-type: circle;margin: 5px\">Ancho exterior.<\/li>\n<li style=\"list-style-type: circle;margin: 5px\">Profundidad exterior.<\/li>\n<li style=\"list-style-type: circle;margin: 5px\">Profundidad en la tapa.<\/li>\n<li style=\"list-style-type: circle;margin: 5px\">Profundidad en la base.<\/li>\n<li style=\"list-style-type: circle;margin: 5px\">Weight.<\/li>\n<\/ul>\n<div>\n<div style=\"font-weight: bold\">Totalmente resistente.<\/div>\n<div>\n<p>Resistente a rayos UV, corrosi\u00f3n, solventes, hongos, herm\u00e9tico y a prueba de agua e impactos.<\/p>\n<\/div>\n<div style=\"font-weight: bold\">Longitud interior.<\/div>\n<div>\n<p>24.13 cm.<\/p>\n<\/div>\n<div style=\"font-weight: bold\">Ancho interior.<\/div>\n<div>\n<p>18.75 cm.<\/p>\n<\/div>\n<div style=\"font-weight: bold\">Profundidad interior.<\/div>\n<div>\n<p>10.49 cm.<\/p>\n<\/div>\n<div style=\"font-weight: bold\">Longitud exterior.<\/div>\n<div>\n<p>27.25 cm.<\/p>\n<\/div>\n<div style=\"font-weight: bold\">Ancho exterior.<\/div>\n<div>\n<p>24.61 cm.<\/p>\n<\/div>\n<div style=\"font-weight: bold\">Profundidad exterior.<\/div>\n<div>\n<p>12.19 cm.<\/p>\n<\/div>\n<div style=\"font-weight: bold\">Profundidad en la tapa.<\/div>\n<div>\n<p>3.81 cm.<\/p>\n<\/div>\n<div style=\"font-weight: bold\">Profundidad en la base.<\/div>\n<div>\n<p>8.38 cm.<\/p>\n<\/div>\n<div style=\"font-weight: bold\">Weight.<\/div>\n<div>\n<p>1.09 kg.<\/p>\n<\/div>\n<\/div>\n<div>\n<h4>Characteristics<\/h4>\n<\/div>\n<div>\n<ul style=\"margin: 0px 0px 0px 25px\">\n<li style=\"list-style-type: circle;margin: 5px\">Estuche para hasta 3 micr\u00f3fonos.<\/li>\n<li style=\"list-style-type: circle;margin: 5px\">Resina de copol\u00edmero de polipropileno de ultra alta resistencia.<\/li>\n<li style=\"list-style-type: circle;margin: 5px\">V\u00e1lvula de compensaci\u00f3n autom\u00e1tica ambiental.<\/li>\n<li style=\"list-style-type: circle;margin: 5px\">Bisagra moldeada.<\/li>\n<li style=\"list-style-type: circle;margin: 5px\">Cerrojo de seguridad.<\/li>\n<li style=\"list-style-type: circle;margin: 5px\">Espuma cortada a medida.<\/li>\n<\/ul>\n<\/div>\n<\/div>","protected":false},"excerpt":{"rendered":"<p>Estuche para hasta 3 micr\u00f3fonos, fabricado con resina de copol\u00edmero de polipropileno de ultra alta resistencia, resistente a rayos UV, corrosi\u00f3n, solventes, hongos, herm\u00e9tico y a prueba de agua e impactos, v\u00e1lvula de compensaci\u00f3n autom\u00e1tica ambiental, bisagra moldeada, cerrojo de seguridad, espuma cortada a medida, longitud interior: 24.13 cm, ancho interior: 18.75 cm, profundidad interior: 10.49 cm, longitud exterior: 27.25 cm, ancho exterior: 24.61 cm, profundidad exterior: 12.19 cm, profundidad en la tapa: 3.81 cm, profundidad en la base: 8.38 cm, peso: 1.09 kg.&hellip; <a class=\"kt-excerpt-readmore more-link\" href=\"https:\/\/www.mexicanguitarplayers.com\/en\/tienda\/accesorios\/varios\/estuche-skb-p-microfonos-3i-0907-mc3\/\">Read more<\/a><\/p>","protected":false},"featured_media":32027,"comment_status":"open","ping_status":"closed","template":"","meta":{"kt_blocks_editor_width":""},"pwb-brand":[609],"product_brand":[],"product_cat":[85,517,249],"product_tag":[],"class_list":{"0":"post-32032","1":"product","2":"type-product","3":"status-publish","4":"has-post-thumbnail","6":"pwb-brand-skb","7":"product_cat-accesorios","8":"product_cat-estuches-y-fundas","9":"product_cat-varios","10":"product_shipping_class-0-5-kg","12":"first","13":"outofstock","14":"taxable","15":"shipping-taxable","16":"purchasable","17":"product-type-simple"},"yoast_head":"<!-- This site is optimized with the Yoast SEO plugin v27.5 - https:\/\/yoast.com\/product\/yoast-seo-wordpress\/ -->\n<title>ESTUCHE SKB P\/MICROFONOS 3I-0907-MC3 - Mexican Guitar Players<\/title>\n<meta name=\"description\" content=\"Estuche para hasta 3 micr\u00f3fonos, fabricado con resina de copol\u00edmero de polipropileno de ultra alta resistencia, resistente a rayos UV, corrosi\u00f3n, solventes, hongos, herm\u00e9tico y a prueba de agua e impactos, v\u00e1lvula de compensaci\u00f3n autom\u00e1tica ambiental, bisagra moldeada, cerrojo de seguridad, espuma cortada a medida, longitud interior: 24.13 cm, ancho interior: 18.75 cm, profundidad interior: 10.49 cm, longitud exterior: 27.25 cm, ancho exterior: 24.61 cm, profundidad exterior: 12.19 cm, profundidad en la tapa: 3.81 cm, profundidad en la base: 8.38 cm, peso: 1.09 kg.\" \/>\n<meta name=\"robots\" content=\"index, follow, max-snippet:-1, max-image-preview:large, max-video-preview:-1\" \/>\n<link rel=\"canonical\" href=\"https:\/\/www.mexicanguitarplayers.com\/en\/tienda\/sin%20categor\u00eda\/estuche-skb-p-microfonos-3i-0907-mc3\/\" \/>\n<meta property=\"og:locale\" content=\"en_US\" \/>\n<meta property=\"og:type\" content=\"article\" \/>\n<meta property=\"og:title\" content=\"ESTUCHE SKB P\/MICROFONOS 3I-0907-MC3 - Mexican Guitar Players\" \/>\n<meta property=\"og:description\" content=\"Estuche para hasta 3 micr\u00f3fonos, fabricado con resina de copol\u00edmero de polipropileno de ultra alta resistencia, resistente a rayos UV, corrosi\u00f3n, solventes, hongos, herm\u00e9tico y a prueba de agua e impactos, v\u00e1lvula de compensaci\u00f3n autom\u00e1tica ambiental, bisagra moldeada, cerrojo de seguridad, espuma cortada a medida, longitud interior: 24.13 cm, ancho interior: 18.75 cm, profundidad interior: 10.49 cm, longitud exterior: 27.25 cm, ancho exterior: 24.61 cm, profundidad exterior: 12.19 cm, profundidad en la tapa: 3.81 cm, profundidad en la base: 8.38 cm, peso: 1.09 kg.\" \/>\n<meta property=\"og:url\" content=\"https:\/\/www.mexicanguitarplayers.com\/en\/tienda\/sin categor\u00eda\/estuche-skb-p-microfonos-3i-0907-mc3\/\" \/>\n<meta property=\"og:site_name\" content=\"Mexican Guitar Players\" \/>\n<meta property=\"article:modified_time\" content=\"2026-04-10T10:34:10+00:00\" \/>\n<meta name=\"twitter:card\" content=\"summary_large_image\" \/>\n<meta name=\"twitter:label1\" content=\"Est. reading time\" \/>\n\t<meta name=\"twitter:data1\" content=\"2 minutes\" \/>\n<script type=\"application\/ld+json\" class=\"yoast-schema-graph\">{\"@context\":\"https:\\\/\\\/schema.org\",\"@graph\":[{\"@type\":[\"WebPage\",\"ItemPage\"],\"@id\":\"https:\\\/\\\/www.mexicanguitarplayers.com\\\/tienda\\\/sin categor\u00eda\\\/estuche-skb-p-microfonos-3i-0907-mc3\\\/\",\"url\":\"https:\\\/\\\/www.mexicanguitarplayers.com\\\/tienda\\\/sin categor\u00eda\\\/estuche-skb-p-microfonos-3i-0907-mc3\\\/\",\"name\":\"ESTUCHE SKB P\\\/MICROFONOS 3I-0907-MC3 - Mexican Guitar Players\",\"isPartOf\":{\"@id\":\"https:\\\/\\\/www.mexicanguitarplayers.com\\\/#website\"},\"primaryImageOfPage\":{\"@id\":\"https:\\\/\\\/www.mexicanguitarplayers.com\\\/tienda\\\/sin categor\u00eda\\\/estuche-skb-p-microfonos-3i-0907-mc3\\\/#primaryimage\"},\"image\":{\"@id\":\"https:\\\/\\\/www.mexicanguitarplayers.com\\\/tienda\\\/sin categor\u00eda\\\/estuche-skb-p-microfonos-3i-0907-mc3\\\/#primaryimage\"},\"thumbnailUrl\":\"https:\\\/\\\/www.mexicanguitarplayers.com\\\/wp-content\\\/uploads\\\/2025\\\/04\\\/VASKB3I0907MC3.jpg\",\"datePublished\":\"2025-04-08T19:00:25+00:00\",\"dateModified\":\"2026-04-10T10:34:10+00:00\",\"description\":\"Estuche para hasta 3 micr\u00f3fonos, fabricado con resina de copol\u00edmero de polipropileno de ultra alta resistencia, resistente a rayos UV, corrosi\u00f3n, solventes, hongos, herm\u00e9tico y a prueba de agua e impactos, v\u00e1lvula de compensaci\u00f3n autom\u00e1tica ambiental, bisagra moldeada, cerrojo de seguridad, espuma cortada a medida, longitud interior: 24.13 cm, ancho interior: 18.75 cm, profundidad interior: 10.49 cm, longitud exterior: 27.25 cm, ancho exterior: 24.61 cm, profundidad exterior: 12.19 cm, profundidad en la tapa: 3.81 cm, profundidad en la base: 8.38 cm, peso: 1.09 kg.\",\"breadcrumb\":{\"@id\":\"https:\\\/\\\/www.mexicanguitarplayers.com\\\/tienda\\\/sin categor\u00eda\\\/estuche-skb-p-microfonos-3i-0907-mc3\\\/#breadcrumb\"},\"inLanguage\":\"en-US\",\"potentialAction\":[{\"@type\":\"ReadAction\",\"target\":[\"https:\\\/\\\/www.mexicanguitarplayers.com\\\/tienda\\\/sin categor\u00eda\\\/estuche-skb-p-microfonos-3i-0907-mc3\\\/\"]}]},{\"@type\":\"ImageObject\",\"inLanguage\":\"en-US\",\"@id\":\"https:\\\/\\\/www.mexicanguitarplayers.com\\\/tienda\\\/sin categor\u00eda\\\/estuche-skb-p-microfonos-3i-0907-mc3\\\/#primaryimage\",\"url\":\"https:\\\/\\\/www.mexicanguitarplayers.com\\\/wp-content\\\/uploads\\\/2025\\\/04\\\/VASKB3I0907MC3.jpg\",\"contentUrl\":\"https:\\\/\\\/www.mexicanguitarplayers.com\\\/wp-content\\\/uploads\\\/2025\\\/04\\\/VASKB3I0907MC3.jpg\",\"width\":1200,\"height\":1200},{\"@type\":\"BreadcrumbList\",\"@id\":\"https:\\\/\\\/www.mexicanguitarplayers.com\\\/tienda\\\/sin categor\u00eda\\\/estuche-skb-p-microfonos-3i-0907-mc3\\\/#breadcrumb\",\"itemListElement\":[{\"@type\":\"ListItem\",\"position\":1,\"name\":\"Portada\",\"item\":\"https:\\\/\\\/www.mexicanguitarplayers.com\\\/\"},{\"@type\":\"ListItem\",\"position\":2,\"name\":\"Tienda\",\"item\":\"https:\\\/\\\/www.mexicanguitarplayers.com\\\/tienda\\\/\"},{\"@type\":\"ListItem\",\"position\":3,\"name\":\"ESTUCHE SKB P\\\/MICROFONOS 3I-0907-MC3\"}]},{\"@type\":\"WebSite\",\"@id\":\"https:\\\/\\\/www.mexicanguitarplayers.com\\\/#website\",\"url\":\"https:\\\/\\\/www.mexicanguitarplayers.com\\\/\",\"name\":\"Mexican Guitar Players\",\"description\":\"Website\",\"publisher\":{\"@id\":\"https:\\\/\\\/www.mexicanguitarplayers.com\\\/#organization\"},\"potentialAction\":[{\"@type\":\"SearchAction\",\"target\":{\"@type\":\"EntryPoint\",\"urlTemplate\":\"https:\\\/\\\/www.mexicanguitarplayers.com\\\/?s={search_term_string}\"},\"query-input\":{\"@type\":\"PropertyValueSpecification\",\"valueRequired\":true,\"valueName\":\"search_term_string\"}}],\"inLanguage\":\"en-US\"},{\"@type\":\"Organization\",\"@id\":\"https:\\\/\\\/www.mexicanguitarplayers.com\\\/#organization\",\"name\":\"Mexican Guitar Players\",\"url\":\"https:\\\/\\\/www.mexicanguitarplayers.com\\\/\",\"logo\":{\"@type\":\"ImageObject\",\"inLanguage\":\"en-US\",\"@id\":\"https:\\\/\\\/www.mexicanguitarplayers.com\\\/#\\\/schema\\\/logo\\\/image\\\/\",\"url\":\"\",\"contentUrl\":\"\",\"caption\":\"Mexican Guitar Players\"},\"image\":{\"@id\":\"https:\\\/\\\/www.mexicanguitarplayers.com\\\/#\\\/schema\\\/logo\\\/image\\\/\"}}]}<\/script>\n<!-- \/ Yoast SEO plugin. -->","yoast_head_json":{"title":"ESTUCHE SKB P\/MICROFONOS 3I-0907-MC3 - Mexican Guitar Players","description":"Estuche para hasta 3 micr\u00f3fonos, fabricado con resina de copol\u00edmero de polipropileno de ultra alta resistencia, resistente a rayos UV, corrosi\u00f3n, solventes, hongos, herm\u00e9tico y a prueba de agua e impactos, v\u00e1lvula de compensaci\u00f3n autom\u00e1tica ambiental, bisagra moldeada, cerrojo de seguridad, espuma cortada a medida, longitud interior: 24.13 cm, ancho interior: 18.75 cm, profundidad interior: 10.49 cm, longitud exterior: 27.25 cm, ancho exterior: 24.61 cm, profundidad exterior: 12.19 cm, profundidad en la tapa: 3.81 cm, profundidad en la base: 8.38 cm, peso: 1.09 kg.","robots":{"index":"index","follow":"follow","max-snippet":"max-snippet:-1","max-image-preview":"max-image-preview:large","max-video-preview":"max-video-preview:-1"},"canonical":"https:\/\/www.mexicanguitarplayers.com\/en\/tienda\/sin categor\u00eda\/estuche-skb-p-microfonos-3i-0907-mc3\/","og_locale":"en_US","og_type":"article","og_title":"ESTUCHE SKB P\/MICROFONOS 3I-0907-MC3 - Mexican Guitar Players","og_description":"Estuche para hasta 3 micr\u00f3fonos, fabricado con resina de copol\u00edmero de polipropileno de ultra alta resistencia, resistente a rayos UV, corrosi\u00f3n, solventes, hongos, herm\u00e9tico y a prueba de agua e impactos, v\u00e1lvula de compensaci\u00f3n autom\u00e1tica ambiental, bisagra moldeada, cerrojo de seguridad, espuma cortada a medida, longitud interior: 24.13 cm, ancho interior: 18.75 cm, profundidad interior: 10.49 cm, longitud exterior: 27.25 cm, ancho exterior: 24.61 cm, profundidad exterior: 12.19 cm, profundidad en la tapa: 3.81 cm, profundidad en la base: 8.38 cm, peso: 1.09 kg.","og_url":"https:\/\/www.mexicanguitarplayers.com\/en\/tienda\/sin categor\u00eda\/estuche-skb-p-microfonos-3i-0907-mc3\/","og_site_name":"Mexican Guitar Players","article_modified_time":"2026-04-10T10:34:10+00:00","twitter_card":"summary_large_image","twitter_misc":{"Est. reading time":"2 minutes"},"schema":{"@context":"https:\/\/schema.org","@graph":[{"@type":["WebPage","ItemPage"],"@id":"https:\/\/www.mexicanguitarplayers.com\/tienda\/sin categor\u00eda\/estuche-skb-p-microfonos-3i-0907-mc3\/","url":"https:\/\/www.mexicanguitarplayers.com\/tienda\/sin categor\u00eda\/estuche-skb-p-microfonos-3i-0907-mc3\/","name":"ESTUCHE SKB P\/MICROFONOS 3I-0907-MC3 - Mexican Guitar Players","isPartOf":{"@id":"https:\/\/www.mexicanguitarplayers.com\/#website"},"primaryImageOfPage":{"@id":"https:\/\/www.mexicanguitarplayers.com\/tienda\/sin categor\u00eda\/estuche-skb-p-microfonos-3i-0907-mc3\/#primaryimage"},"image":{"@id":"https:\/\/www.mexicanguitarplayers.com\/tienda\/sin categor\u00eda\/estuche-skb-p-microfonos-3i-0907-mc3\/#primaryimage"},"thumbnailUrl":"https:\/\/www.mexicanguitarplayers.com\/wp-content\/uploads\/2025\/04\/VASKB3I0907MC3.jpg","datePublished":"2025-04-08T19:00:25+00:00","dateModified":"2026-04-10T10:34:10+00:00","description":"Estuche para hasta 3 micr\u00f3fonos, fabricado con resina de copol\u00edmero de polipropileno de ultra alta resistencia, resistente a rayos UV, corrosi\u00f3n, solventes, hongos, herm\u00e9tico y a prueba de agua e impactos, v\u00e1lvula de compensaci\u00f3n autom\u00e1tica ambiental, bisagra moldeada, cerrojo de seguridad, espuma cortada a medida, longitud interior: 24.13 cm, ancho interior: 18.75 cm, profundidad interior: 10.49 cm, longitud exterior: 27.25 cm, ancho exterior: 24.61 cm, profundidad exterior: 12.19 cm, profundidad en la tapa: 3.81 cm, profundidad en la base: 8.38 cm, peso: 1.09 kg.","breadcrumb":{"@id":"https:\/\/www.mexicanguitarplayers.com\/tienda\/sin categor\u00eda\/estuche-skb-p-microfonos-3i-0907-mc3\/#breadcrumb"},"inLanguage":"en-US","potentialAction":[{"@type":"ReadAction","target":["https:\/\/www.mexicanguitarplayers.com\/tienda\/sin categor\u00eda\/estuche-skb-p-microfonos-3i-0907-mc3\/"]}]},{"@type":"ImageObject","inLanguage":"en-US","@id":"https:\/\/www.mexicanguitarplayers.com\/tienda\/sin categor\u00eda\/estuche-skb-p-microfonos-3i-0907-mc3\/#primaryimage","url":"https:\/\/www.mexicanguitarplayers.com\/wp-content\/uploads\/2025\/04\/VASKB3I0907MC3.jpg","contentUrl":"https:\/\/www.mexicanguitarplayers.com\/wp-content\/uploads\/2025\/04\/VASKB3I0907MC3.jpg","width":1200,"height":1200},{"@type":"BreadcrumbList","@id":"https:\/\/www.mexicanguitarplayers.com\/tienda\/sin categor\u00eda\/estuche-skb-p-microfonos-3i-0907-mc3\/#breadcrumb","itemListElement":[{"@type":"ListItem","position":1,"name":"Portada","item":"https:\/\/www.mexicanguitarplayers.com\/"},{"@type":"ListItem","position":2,"name":"Tienda","item":"https:\/\/www.mexicanguitarplayers.com\/tienda\/"},{"@type":"ListItem","position":3,"name":"ESTUCHE SKB P\/MICROFONOS 3I-0907-MC3"}]},{"@type":"WebSite","@id":"https:\/\/www.mexicanguitarplayers.com\/#website","url":"https:\/\/www.mexicanguitarplayers.com\/","name":"Mexican Guitar Players","description":"Website","publisher":{"@id":"https:\/\/www.mexicanguitarplayers.com\/#organization"},"potentialAction":[{"@type":"SearchAction","target":{"@type":"EntryPoint","urlTemplate":"https:\/\/www.mexicanguitarplayers.com\/?s={search_term_string}"},"query-input":{"@type":"PropertyValueSpecification","valueRequired":true,"valueName":"search_term_string"}}],"inLanguage":"en-US"},{"@type":"Organization","@id":"https:\/\/www.mexicanguitarplayers.com\/#organization","name":"Mexican Guitar Players","url":"https:\/\/www.mexicanguitarplayers.com\/","logo":{"@type":"ImageObject","inLanguage":"en-US","@id":"https:\/\/www.mexicanguitarplayers.com\/#\/schema\/logo\/image\/","url":"","contentUrl":"","caption":"Mexican Guitar Players"},"image":{"@id":"https:\/\/www.mexicanguitarplayers.com\/#\/schema\/logo\/image\/"}}]}},"brands":[{"id":609,"name":"SKB","slug":"skb"}],"_links":{"self":[{"href":"https:\/\/www.mexicanguitarplayers.com\/en\/wp-json\/wp\/v2\/product\/32032","targetHints":{"allow":["GET"]}}],"collection":[{"href":"https:\/\/www.mexicanguitarplayers.com\/en\/wp-json\/wp\/v2\/product"}],"about":[{"href":"https:\/\/www.mexicanguitarplayers.com\/en\/wp-json\/wp\/v2\/types\/product"}],"replies":[{"embeddable":true,"href":"https:\/\/www.mexicanguitarplayers.com\/en\/wp-json\/wp\/v2\/comments?post=32032"}],"wp:featuredmedia":[{"embeddable":true,"href":"https:\/\/www.mexicanguitarplayers.com\/en\/wp-json\/wp\/v2\/media\/32027"}],"wp:attachment":[{"href":"https:\/\/www.mexicanguitarplayers.com\/en\/wp-json\/wp\/v2\/media?parent=32032"}],"wp:term":[{"taxonomy":"pwb-brand","embeddable":true,"href":"https:\/\/www.mexicanguitarplayers.com\/en\/wp-json\/wp\/v2\/pwb-brand?post=32032"},{"taxonomy":"product_brand","embeddable":true,"href":"https:\/\/www.mexicanguitarplayers.com\/en\/wp-json\/wp\/v2\/product_brand?post=32032"},{"taxonomy":"product_cat","embeddable":true,"href":"https:\/\/www.mexicanguitarplayers.com\/en\/wp-json\/wp\/v2\/product_cat?post=32032"},{"taxonomy":"product_tag","embeddable":true,"href":"https:\/\/www.mexicanguitarplayers.com\/en\/wp-json\/wp\/v2\/product_tag?post=32032"}],"curies":[{"name":"wp","href":"https:\/\/api.w.org\/{rel}","templated":true}]}}