{"id":32034,"date":"2025-04-08T13:00:27","date_gmt":"2025-04-08T19:00:27","guid":{"rendered":"https:\/\/www.mexicanguitarplayers.com\/tienda\/sin categor\u00eda\/acordeon-hohner-teclas-bravoii-48\/"},"modified":"2025-04-08T13:00:27","modified_gmt":"2025-04-08T19:00:27","slug":"acordeon-hohner-teclas-bravoii-48","status":"publish","type":"product","link":"https:\/\/www.mexicanguitarplayers.com\/en\/tienda\/alientos\/acordeones\/de-teclas\/acordeon-hohner-teclas-bravoii-48\/","title":{"rendered":"ACORDEON HOHNER TECLAS    BRAVOII 48"},"content":{"rendered":"<div style=\"text-align: justify\">\n<div>\n<h3>Versatibilidad en un acorde\u00f3n de teclas.<\/h3>\n<\/div>\n<div>La serie Bravo de acordeones de Hohner ofrece una calidad de primer nivel para estudiantes y profesionales aparte de un excelente dise\u00f1o. Artistas internacionales como el Flaco Jim\u00e9nez, Jorge Hern\u00e1ndez de Los Tigres del Norte y Los Lobos entre otros han descubierto en los Acordeones Hohner un sonido caracter\u00edstico y de calidad para sus composiciones.<\/div>\n<div>\n<h4>Quick look<\/h4>\n<\/div>\n<ul style=\"margin: 0px 0px 0px 25px\">\n<li style=\"list-style-type: circle;margin: 5px\">Teclas.<\/li>\n<li style=\"list-style-type: circle;margin: 5px\">Notas.<\/li>\n<li style=\"list-style-type: circle;margin: 5px\">Nota mas Baja.<\/li>\n<li style=\"list-style-type: circle;margin: 5px\">Nota mas Alta.<\/li>\n<li style=\"list-style-type: circle;margin: 5px\">Voces.<\/li>\n<li style=\"list-style-type: circle;margin: 5px\">Registros.<\/li>\n<li style=\"list-style-type: circle;margin: 5px\">Botones de acompa\u00f1amiento de bajos.<\/li>\n<li style=\"list-style-type: circle;margin: 5px\">Tama\u00f1o.<\/li>\n<li style=\"list-style-type: circle;margin: 5px\">Weight.<\/li>\n<li style=\"list-style-type: circle;margin: 5px\">Accessories included.<\/li>\n<li style=\"list-style-type: circle;margin: 5px\">Colores.<\/li>\n<\/ul>\n<div>\n<div style=\"font-weight: bold\">Teclas.<\/div>\n<div>\n<p>26 teclas.<\/p>\n<\/div>\n<div style=\"font-weight: bold\">Notas.<\/div>\n<div>\n<p>26 notas. Acordeon Crom\u00e1tico.<\/p>\n<\/div>\n<div style=\"font-weight: bold\">Nota mas Baja.<\/div>\n<div>\n<p>B (Si).<\/p>\n<\/div>\n<div style=\"font-weight: bold\">Nota mas Alta.<\/div>\n<div>\n<p>C (Do).<\/p>\n<\/div>\n<div style=\"font-weight: bold\">Voces.<\/div>\n<div>\n<p>2<\/p>\n<\/div>\n<div style=\"font-weight: bold\">Registros.<\/div>\n<div>\n<p>2<\/p>\n<\/div>\n<div style=\"font-weight: bold\">Botones de acompa\u00f1amiento de bajos.<\/div>\n<div>\n<p>48 botones en 6 lineas.<\/p>\n<\/div>\n<div style=\"font-weight: bold\">Tama\u00f1o.<\/div>\n<div>\n<p>31 x 18.5 cms.<\/p>\n<\/div>\n<div style=\"font-weight: bold\">Weight.<\/div>\n<div>\n<p>4.9 Kg.<\/p>\n<\/div>\n<div style=\"font-weight: bold\">Accessories included.<\/div>\n<div>\n<p>Correa y funda de transporte.<\/p>\n<\/div>\n<div style=\"font-weight: bold\">Colores.<\/div>\n<div>\n<p>Blanco, rojo, negro y azul.<\/p>\n<\/div>\n<\/div>\n<\/div>","protected":false},"excerpt":{"rendered":"<p>Acorde\u00f3n Hohner, Modelo: BRAVO II 48. Crom\u00e1tico. 26 notas. 48 botones de bajos.Correa y funda de transporte.&hellip; <a class=\"kt-excerpt-readmore more-link\" href=\"https:\/\/www.mexicanguitarplayers.com\/en\/tienda\/alientos\/acordeones\/de-teclas\/acordeon-hohner-teclas-bravoii-48\/\">Read more<\/a><\/p>","protected":false},"featured_media":32033,"comment_status":"open","ping_status":"closed","template":"","meta":{"kt_blocks_editor_width":""},"pwb-brand":[395],"product_brand":[],"product_cat":[389,388,392],"product_tag":[],"class_list":{"0":"post-32034","1":"product","2":"type-product","3":"status-publish","4":"has-post-thumbnail","6":"pwb-brand-hohner","7":"product_cat-acordeones","8":"product_cat-alientos","9":"product_cat-de-teclas","10":"product_shipping_class-10-15-kg","12":"first","13":"outofstock","14":"taxable","15":"shipping-taxable","16":"purchasable","17":"product-type-simple"},"yoast_head":"<!-- This site is optimized with the Yoast SEO plugin v27.3 - https:\/\/yoast.com\/product\/yoast-seo-wordpress\/ -->\n<title>ACORDEON HOHNER TECLAS  BRAVOII 48 - Mexican Guitar Players<\/title>\n<meta name=\"description\" content=\"Acorde\u00f3n Hohner, Modelo: BRAVO II 48. Crom\u00e1tico. 26 notas. 48 botones de bajos.Correa y funda de transporte.\" \/>\n<meta name=\"robots\" content=\"index, follow, max-snippet:-1, max-image-preview:large, max-video-preview:-1\" \/>\n<link rel=\"canonical\" href=\"https:\/\/www.mexicanguitarplayers.com\/en\/tienda\/sin%20categor\u00eda\/acordeon-hohner-teclas-bravoii-48\/\" \/>\n<meta property=\"og:locale\" content=\"en_US\" \/>\n<meta property=\"og:type\" content=\"article\" \/>\n<meta property=\"og:title\" content=\"ACORDEON HOHNER TECLAS  BRAVOII 48 - Mexican Guitar Players\" \/>\n<meta property=\"og:description\" content=\"Acorde\u00f3n Hohner, Modelo: BRAVO II 48. Crom\u00e1tico. 26 notas. 48 botones de bajos.Correa y funda de transporte.\" \/>\n<meta property=\"og:url\" content=\"https:\/\/www.mexicanguitarplayers.com\/en\/tienda\/sin categor\u00eda\/acordeon-hohner-teclas-bravoii-48\/\" \/>\n<meta property=\"og:site_name\" content=\"Mexican Guitar Players\" \/>\n<meta name=\"twitter:card\" content=\"summary_large_image\" \/>\n<meta name=\"twitter:label1\" content=\"Est. reading time\" \/>\n\t<meta name=\"twitter:data1\" content=\"1 minute\" \/>\n<script type=\"application\/ld+json\" class=\"yoast-schema-graph\">{\"@context\":\"https:\\\/\\\/schema.org\",\"@graph\":[{\"@type\":[\"WebPage\",\"ItemPage\"],\"@id\":\"https:\\\/\\\/www.mexicanguitarplayers.com\\\/tienda\\\/sin categor\u00eda\\\/acordeon-hohner-teclas-bravoii-48\\\/\",\"url\":\"https:\\\/\\\/www.mexicanguitarplayers.com\\\/tienda\\\/sin categor\u00eda\\\/acordeon-hohner-teclas-bravoii-48\\\/\",\"name\":\"ACORDEON HOHNER TECLAS BRAVOII 48 - Mexican Guitar Players\",\"isPartOf\":{\"@id\":\"https:\\\/\\\/www.mexicanguitarplayers.com\\\/#website\"},\"primaryImageOfPage\":{\"@id\":\"https:\\\/\\\/www.mexicanguitarplayers.com\\\/tienda\\\/sin categor\u00eda\\\/acordeon-hohner-teclas-bravoii-48\\\/#primaryimage\"},\"image\":{\"@id\":\"https:\\\/\\\/www.mexicanguitarplayers.com\\\/tienda\\\/sin categor\u00eda\\\/acordeon-hohner-teclas-bravoii-48\\\/#primaryimage\"},\"thumbnailUrl\":\"https:\\\/\\\/www.mexicanguitarplayers.com\\\/wp-content\\\/uploads\\\/2025\\\/04\\\/ITHOHBRAII48.jpg\",\"datePublished\":\"2025-04-08T19:00:27+00:00\",\"description\":\"Acorde\u00f3n Hohner, Modelo: BRAVO II 48. Crom\u00e1tico. 26 notas. 48 botones de bajos.Correa y funda de transporte.\",\"breadcrumb\":{\"@id\":\"https:\\\/\\\/www.mexicanguitarplayers.com\\\/tienda\\\/sin categor\u00eda\\\/acordeon-hohner-teclas-bravoii-48\\\/#breadcrumb\"},\"inLanguage\":\"en-US\",\"potentialAction\":[{\"@type\":\"ReadAction\",\"target\":[\"https:\\\/\\\/www.mexicanguitarplayers.com\\\/tienda\\\/sin categor\u00eda\\\/acordeon-hohner-teclas-bravoii-48\\\/\"]}]},{\"@type\":\"ImageObject\",\"inLanguage\":\"en-US\",\"@id\":\"https:\\\/\\\/www.mexicanguitarplayers.com\\\/tienda\\\/sin categor\u00eda\\\/acordeon-hohner-teclas-bravoii-48\\\/#primaryimage\",\"url\":\"https:\\\/\\\/www.mexicanguitarplayers.com\\\/wp-content\\\/uploads\\\/2025\\\/04\\\/ITHOHBRAII48.jpg\",\"contentUrl\":\"https:\\\/\\\/www.mexicanguitarplayers.com\\\/wp-content\\\/uploads\\\/2025\\\/04\\\/ITHOHBRAII48.jpg\",\"width\":1200,\"height\":1200},{\"@type\":\"BreadcrumbList\",\"@id\":\"https:\\\/\\\/www.mexicanguitarplayers.com\\\/tienda\\\/sin categor\u00eda\\\/acordeon-hohner-teclas-bravoii-48\\\/#breadcrumb\",\"itemListElement\":[{\"@type\":\"ListItem\",\"position\":1,\"name\":\"Portada\",\"item\":\"https:\\\/\\\/www.mexicanguitarplayers.com\\\/\"},{\"@type\":\"ListItem\",\"position\":2,\"name\":\"Tienda\",\"item\":\"https:\\\/\\\/www.mexicanguitarplayers.com\\\/tienda\\\/\"},{\"@type\":\"ListItem\",\"position\":3,\"name\":\"ACORDEON HOHNER TECLAS BRAVOII 48\"}]},{\"@type\":\"WebSite\",\"@id\":\"https:\\\/\\\/www.mexicanguitarplayers.com\\\/#website\",\"url\":\"https:\\\/\\\/www.mexicanguitarplayers.com\\\/\",\"name\":\"Mexican Guitar Players\",\"description\":\"Website\",\"publisher\":{\"@id\":\"https:\\\/\\\/www.mexicanguitarplayers.com\\\/#organization\"},\"potentialAction\":[{\"@type\":\"SearchAction\",\"target\":{\"@type\":\"EntryPoint\",\"urlTemplate\":\"https:\\\/\\\/www.mexicanguitarplayers.com\\\/?s={search_term_string}\"},\"query-input\":{\"@type\":\"PropertyValueSpecification\",\"valueRequired\":true,\"valueName\":\"search_term_string\"}}],\"inLanguage\":\"en-US\"},{\"@type\":\"Organization\",\"@id\":\"https:\\\/\\\/www.mexicanguitarplayers.com\\\/#organization\",\"name\":\"Mexican Guitar Players\",\"url\":\"https:\\\/\\\/www.mexicanguitarplayers.com\\\/\",\"logo\":{\"@type\":\"ImageObject\",\"inLanguage\":\"en-US\",\"@id\":\"https:\\\/\\\/www.mexicanguitarplayers.com\\\/#\\\/schema\\\/logo\\\/image\\\/\",\"url\":\"\",\"contentUrl\":\"\",\"caption\":\"Mexican Guitar Players\"},\"image\":{\"@id\":\"https:\\\/\\\/www.mexicanguitarplayers.com\\\/#\\\/schema\\\/logo\\\/image\\\/\"}}]}<\/script>\n<!-- \/ Yoast SEO plugin. -->","yoast_head_json":{"title":"ACORDEON HOHNER TECLAS  BRAVOII 48 - Mexican Guitar Players","description":"Acorde\u00f3n Hohner, Modelo: BRAVO II 48. Crom\u00e1tico. 26 notas. 48 botones de bajos.Correa y funda de transporte.","robots":{"index":"index","follow":"follow","max-snippet":"max-snippet:-1","max-image-preview":"max-image-preview:large","max-video-preview":"max-video-preview:-1"},"canonical":"https:\/\/www.mexicanguitarplayers.com\/en\/tienda\/sin categor\u00eda\/acordeon-hohner-teclas-bravoii-48\/","og_locale":"en_US","og_type":"article","og_title":"ACORDEON HOHNER TECLAS  BRAVOII 48 - Mexican Guitar Players","og_description":"Acorde\u00f3n Hohner, Modelo: BRAVO II 48. Crom\u00e1tico. 26 notas. 48 botones de bajos.Correa y funda de transporte.","og_url":"https:\/\/www.mexicanguitarplayers.com\/en\/tienda\/sin categor\u00eda\/acordeon-hohner-teclas-bravoii-48\/","og_site_name":"Mexican Guitar Players","twitter_card":"summary_large_image","twitter_misc":{"Est. reading time":"1 minute"},"schema":{"@context":"https:\/\/schema.org","@graph":[{"@type":["WebPage","ItemPage"],"@id":"https:\/\/www.mexicanguitarplayers.com\/tienda\/sin categor\u00eda\/acordeon-hohner-teclas-bravoii-48\/","url":"https:\/\/www.mexicanguitarplayers.com\/tienda\/sin categor\u00eda\/acordeon-hohner-teclas-bravoii-48\/","name":"ACORDEON HOHNER TECLAS BRAVOII 48 - Mexican Guitar Players","isPartOf":{"@id":"https:\/\/www.mexicanguitarplayers.com\/#website"},"primaryImageOfPage":{"@id":"https:\/\/www.mexicanguitarplayers.com\/tienda\/sin categor\u00eda\/acordeon-hohner-teclas-bravoii-48\/#primaryimage"},"image":{"@id":"https:\/\/www.mexicanguitarplayers.com\/tienda\/sin categor\u00eda\/acordeon-hohner-teclas-bravoii-48\/#primaryimage"},"thumbnailUrl":"https:\/\/www.mexicanguitarplayers.com\/wp-content\/uploads\/2025\/04\/ITHOHBRAII48.jpg","datePublished":"2025-04-08T19:00:27+00:00","description":"Acorde\u00f3n Hohner, Modelo: BRAVO II 48. Crom\u00e1tico. 26 notas. 48 botones de bajos.Correa y funda de transporte.","breadcrumb":{"@id":"https:\/\/www.mexicanguitarplayers.com\/tienda\/sin categor\u00eda\/acordeon-hohner-teclas-bravoii-48\/#breadcrumb"},"inLanguage":"en-US","potentialAction":[{"@type":"ReadAction","target":["https:\/\/www.mexicanguitarplayers.com\/tienda\/sin categor\u00eda\/acordeon-hohner-teclas-bravoii-48\/"]}]},{"@type":"ImageObject","inLanguage":"en-US","@id":"https:\/\/www.mexicanguitarplayers.com\/tienda\/sin categor\u00eda\/acordeon-hohner-teclas-bravoii-48\/#primaryimage","url":"https:\/\/www.mexicanguitarplayers.com\/wp-content\/uploads\/2025\/04\/ITHOHBRAII48.jpg","contentUrl":"https:\/\/www.mexicanguitarplayers.com\/wp-content\/uploads\/2025\/04\/ITHOHBRAII48.jpg","width":1200,"height":1200},{"@type":"BreadcrumbList","@id":"https:\/\/www.mexicanguitarplayers.com\/tienda\/sin categor\u00eda\/acordeon-hohner-teclas-bravoii-48\/#breadcrumb","itemListElement":[{"@type":"ListItem","position":1,"name":"Portada","item":"https:\/\/www.mexicanguitarplayers.com\/"},{"@type":"ListItem","position":2,"name":"Tienda","item":"https:\/\/www.mexicanguitarplayers.com\/tienda\/"},{"@type":"ListItem","position":3,"name":"ACORDEON HOHNER TECLAS BRAVOII 48"}]},{"@type":"WebSite","@id":"https:\/\/www.mexicanguitarplayers.com\/#website","url":"https:\/\/www.mexicanguitarplayers.com\/","name":"Mexican Guitar Players","description":"Website","publisher":{"@id":"https:\/\/www.mexicanguitarplayers.com\/#organization"},"potentialAction":[{"@type":"SearchAction","target":{"@type":"EntryPoint","urlTemplate":"https:\/\/www.mexicanguitarplayers.com\/?s={search_term_string}"},"query-input":{"@type":"PropertyValueSpecification","valueRequired":true,"valueName":"search_term_string"}}],"inLanguage":"en-US"},{"@type":"Organization","@id":"https:\/\/www.mexicanguitarplayers.com\/#organization","name":"Mexican Guitar Players","url":"https:\/\/www.mexicanguitarplayers.com\/","logo":{"@type":"ImageObject","inLanguage":"en-US","@id":"https:\/\/www.mexicanguitarplayers.com\/#\/schema\/logo\/image\/","url":"","contentUrl":"","caption":"Mexican Guitar Players"},"image":{"@id":"https:\/\/www.mexicanguitarplayers.com\/#\/schema\/logo\/image\/"}}]}},"brands":[{"id":395,"name":"HOHNER","slug":"hohner"}],"_links":{"self":[{"href":"https:\/\/www.mexicanguitarplayers.com\/en\/wp-json\/wp\/v2\/product\/32034","targetHints":{"allow":["GET"]}}],"collection":[{"href":"https:\/\/www.mexicanguitarplayers.com\/en\/wp-json\/wp\/v2\/product"}],"about":[{"href":"https:\/\/www.mexicanguitarplayers.com\/en\/wp-json\/wp\/v2\/types\/product"}],"replies":[{"embeddable":true,"href":"https:\/\/www.mexicanguitarplayers.com\/en\/wp-json\/wp\/v2\/comments?post=32034"}],"wp:featuredmedia":[{"embeddable":true,"href":"https:\/\/www.mexicanguitarplayers.com\/en\/wp-json\/wp\/v2\/media\/32033"}],"wp:attachment":[{"href":"https:\/\/www.mexicanguitarplayers.com\/en\/wp-json\/wp\/v2\/media?parent=32034"}],"wp:term":[{"taxonomy":"pwb-brand","embeddable":true,"href":"https:\/\/www.mexicanguitarplayers.com\/en\/wp-json\/wp\/v2\/pwb-brand?post=32034"},{"taxonomy":"product_brand","embeddable":true,"href":"https:\/\/www.mexicanguitarplayers.com\/en\/wp-json\/wp\/v2\/product_brand?post=32034"},{"taxonomy":"product_cat","embeddable":true,"href":"https:\/\/www.mexicanguitarplayers.com\/en\/wp-json\/wp\/v2\/product_cat?post=32034"},{"taxonomy":"product_tag","embeddable":true,"href":"https:\/\/www.mexicanguitarplayers.com\/en\/wp-json\/wp\/v2\/product_tag?post=32034"}],"curies":[{"name":"wp","href":"https:\/\/api.w.org\/{rel}","templated":true}]}}