{"id":32047,"date":"2025-04-08T13:00:45","date_gmt":"2025-04-08T19:00:45","guid":{"rendered":"https:\/\/www.mexicanguitarplayers.com\/tienda\/sin categor\u00eda\/piano-casio-digital-cdp-s110bk\/"},"modified":"2026-04-01T04:15:27","modified_gmt":"2026-04-01T10:15:27","slug":"piano-casio-digital-cdp-s110bk","status":"publish","type":"product","link":"https:\/\/www.mexicanguitarplayers.com\/en\/tienda\/teclas\/pianos\/pianos-digitales\/piano-casio-digital-cdp-s110bk\/","title":{"rendered":"PIANO CASIO  DIGITAL      CDP-S110BK"},"content":{"rendered":"<div style=\"text-align: justify\">\n<div>\n<h3>Una entrada m\u00e1s perfecta en el mundo de los teclados port\u00e1tiles.<\/h3>\n<\/div>\n<div>La nueva serie CDP-S de teclados Casio inspira con caracter\u00edsticas destacadas: nueva acci\u00f3n de martillo, nueva generaci\u00f3n de sonido, nuevo sistema de altavoces y la opci\u00f3n de conectarse a la aplicaci\u00f3n Chordana Play para piano. Adem\u00e1s, el modelo CDP-S100 es liviano y puede funcionar con bater\u00edas. Con un soporte opcional (CD-46) el instrumento port\u00e1til se transforma en un atractivo modelo con soporte.<\/div>\n<div>\n<h4>Quick look<\/h4>\n<\/div>\n<ul style=\"margin: 0px 0px 0px 25px\">\n<li style=\"list-style-type: circle;margin: 5px\">Teclado.<\/li>\n<li style=\"list-style-type: circle;margin: 5px\">Polifon\u00eda m\u00e1xima.<\/li>\n<li style=\"list-style-type: circle;margin: 5px\">Tonos.<\/li>\n<li style=\"list-style-type: circle;margin: 5px\">Effects.<\/li>\n<li style=\"list-style-type: circle;margin: 5px\">Metr\u00f3nomo.<\/li>\n<li style=\"list-style-type: circle;margin: 5px\">Canciones demo.<\/li>\n<li style=\"list-style-type: circle;margin: 5px\">Pedales.<\/li>\n<li style=\"list-style-type: circle;margin: 5px\">Otras funciones.<\/li>\n<li style=\"list-style-type: circle;margin: 5px\">MIDI.<\/li>\n<li style=\"list-style-type: circle;margin: 5px\">Entrances and exits.<\/li>\n<li style=\"list-style-type: circle;margin: 5px\">Speakers.<\/li>\n<li style=\"list-style-type: circle;margin: 5px\">Power supply.<\/li>\n<li style=\"list-style-type: circle;margin: 5px\">Dimensions.<\/li>\n<li style=\"list-style-type: circle;margin: 5px\">Weight.<\/li>\n<\/ul>\n<div>\n<div style=\"font-weight: bold\">Teclado.<\/div>\n<div>\n<p>88 teclas con respuesta al tacto.<\/p>\n<\/div>\n<div style=\"font-weight: bold\">Polifon\u00eda m\u00e1xima.<\/div>\n<div>\n<p>64 notas.<\/p>\n<\/div>\n<div style=\"font-weight: bold\">Tonos.<\/div>\n<div>\n<p>10, Layer.<\/p>\n<\/div>\n<div style=\"font-weight: bold\">Effects.<\/div>\n<div>\n<p>Reverb (4 tipos), Chorus (4 tipos).<\/p>\n<\/div>\n<div style=\"font-weight: bold\">Metr\u00f3nomo.<\/div>\n<div>\n<p>Beat bell: 0 (off), 1 a 9 (beats). Rango de tempo: 20 a 255.<\/p>\n<\/div>\n<div style=\"font-weight: bold\">Canciones demo.<\/div>\n<div>\n<p>2.<\/p>\n<\/div>\n<div style=\"font-weight: bold\">Pedales.<\/div>\n<div>\n<p>Damper.<\/p>\n<\/div>\n<div style=\"font-weight: bold\">Otras funciones.<\/div>\n<div>\n<p>Respuesta al tacto: 3 tipos, off. Transposici\u00f3n: -12 a 0 a 12 semitonos. Afinaci\u00f3n: A4 = 415,5 Hz a 465,9 Hz (inicial default: 440,0 Hz), variable en pasos de 0,1 Hz.<\/p>\n<\/div>\n<div style=\"font-weight: bold\">MIDI.<\/div>\n<div>\n<p>Receptor multi timbre de 6 canales.<\/p>\n<\/div>\n<div style=\"font-weight: bold\">Entrances and exits.<\/div>\n<div>\n<p>Aud\u00edfonos\/Salida: Mini jack est\u00e9reo (3.5 mm). Voltaje de salida: 1.2 V (RMS) M\u00e1ximo. Encendido: 12 V DC. Entrada de audio: Mini jack est\u00e9reo (3.5 mm). Impedancia de entrada: 10 kilo-ohms. Voltaje de entrada: 200 mV. Puerto USB: Tipo B. Pedal damper: Jack est\u00e1ndar (6.3 mm).<\/p>\n<\/div>\n<div style=\"font-weight: bold\">Speakers.<\/div>\n<div>\n<p>2 altavoces de 12 x 6 cm (oval). Potencia: 8W+8W.<\/p>\n<\/div>\n<div style=\"font-weight: bold\">Power supply.<\/div>\n<div>\n<p>2 v\u00edas. Bater\u00edas: 6 pilas alcalinas AA. Vida de la bater\u00eda: Aproximadamente 13 horas de operaci\u00f3n continua con pilas alcalinas. Adaptador AD: AD-A12150LW. Auto apagado: Aproximadamente 4 horas (adaptador AC) o 6 minutos desp\u00faes de la \u00faltima operaci\u00f3n (con pilas), puede ser deshabilitada. Consumo de energ\u00eda: 12 V &#8211; 8 W.<\/p>\n<\/div>\n<div style=\"font-weight: bold\">Dimensions.<\/div>\n<div>\n<p>132.2 x 23.2 x 9.9 cm.<\/p>\n<\/div>\n<div style=\"font-weight: bold\">Weight.<\/div>\n<div>\n<p>Aproximadamente 10.5 kg.<\/p>\n<\/div>\n<\/div>\n<\/div>","protected":false},"excerpt":{"rendered":"<p>Piano digital de 88 teclas con respuesta al tacto, polifon\u00eda m\u00e1xima: 64 notas, 10 tonos, 4 tipos de reverb y 4 tipos de chorus, metr\u00f3nomo: Beat bell: 0 (off), 1 a 9 (beats), rango de tempo: 20 a 255, 2 canciones demo, pedal, transposici\u00f3n: -12 a 0 a 12 semitonos, afinaci\u00f3n: A4 = 415,5 Hz a 465,9 Hz (inicial default: 440,0 Hz), variable en pasos de 0,1 Hz, MIDI: Receptor multi timbre de 6 canales, salida de aud\u00edfonos, puerto USB, 2 altavoces de 12 x 6 cm (oval), potencia: 8W+8W, utiliza adaptador AD: AD: AD-A12150LW o 6 pilas alcalinas AA, consumo de energ\u00eda: 12 V &#8211; 8 W, dimensiones: 132.2 x 23.2 x 9.9 cm, peso: 10.5 kg.&hellip; <a class=\"kt-excerpt-readmore more-link\" href=\"https:\/\/www.mexicanguitarplayers.com\/en\/tienda\/teclas\/pianos\/pianos-digitales\/piano-casio-digital-cdp-s110bk\/\">Read more<\/a><\/p>","protected":false},"featured_media":32046,"comment_status":"open","ping_status":"closed","template":"","meta":{"kt_blocks_editor_width":""},"pwb-brand":[274],"product_brand":[],"product_cat":[377,378,376],"product_tag":[],"class_list":{"0":"post-32047","1":"product","2":"type-product","3":"status-publish","4":"has-post-thumbnail","6":"pwb-brand-casio","7":"product_cat-pianos","8":"product_cat-pianos-digitales","9":"product_cat-teclas","10":"product_shipping_class-10-15-kg","12":"first","13":"instock","14":"taxable","15":"shipping-taxable","16":"purchasable","17":"product-type-simple"},"yoast_head":"<!-- This site is optimized with the Yoast SEO plugin v27.3 - https:\/\/yoast.com\/product\/yoast-seo-wordpress\/ -->\n<title>PIANO CASIO DIGITAL   CDP-S110BK - Mexican Guitar Players<\/title>\n<meta name=\"description\" content=\"Piano digital de 88 teclas con respuesta al tacto, polifon\u00eda m\u00e1xima: 64 notas, 10 tonos, 4 tipos de reverb y 4 tipos de chorus, metr\u00f3nomo: Beat bell: 0 (off), 1 a 9 (beats), rango de tempo: 20 a 255, 2 canciones demo, pedal, transposici\u00f3n: -12 a 0 a 12 semitonos, afinaci\u00f3n: A4 = 415,5 Hz a 465,9 Hz (inicial default: 440,0 Hz), variable en pasos de 0,1 Hz, MIDI: Receptor multi timbre de 6 canales, salida de aud\u00edfonos, puerto USB, 2 altavoces de 12 x 6 cm (oval), potencia: 8W+8W, utiliza adaptador AD: AD: AD-A12150LW o 6 pilas alcalinas AA, consumo de energ\u00eda: 12 V - 8 W, dimensiones: 132.2 x 23.2 x 9.9 cm, peso: 10.5 kg.\" \/>\n<meta name=\"robots\" content=\"index, follow, max-snippet:-1, max-image-preview:large, max-video-preview:-1\" \/>\n<link rel=\"canonical\" href=\"https:\/\/www.mexicanguitarplayers.com\/en\/tienda\/sin%20categor\u00eda\/piano-casio-digital-cdp-s110bk\/\" \/>\n<meta property=\"og:locale\" content=\"en_US\" \/>\n<meta property=\"og:type\" content=\"article\" \/>\n<meta property=\"og:title\" content=\"PIANO CASIO DIGITAL   CDP-S110BK - Mexican Guitar Players\" \/>\n<meta property=\"og:description\" content=\"Piano digital de 88 teclas con respuesta al tacto, polifon\u00eda m\u00e1xima: 64 notas, 10 tonos, 4 tipos de reverb y 4 tipos de chorus, metr\u00f3nomo: Beat bell: 0 (off), 1 a 9 (beats), rango de tempo: 20 a 255, 2 canciones demo, pedal, transposici\u00f3n: -12 a 0 a 12 semitonos, afinaci\u00f3n: A4 = 415,5 Hz a 465,9 Hz (inicial default: 440,0 Hz), variable en pasos de 0,1 Hz, MIDI: Receptor multi timbre de 6 canales, salida de aud\u00edfonos, puerto USB, 2 altavoces de 12 x 6 cm (oval), potencia: 8W+8W, utiliza adaptador AD: AD: AD-A12150LW o 6 pilas alcalinas AA, consumo de energ\u00eda: 12 V - 8 W, dimensiones: 132.2 x 23.2 x 9.9 cm, peso: 10.5 kg.\" \/>\n<meta property=\"og:url\" content=\"https:\/\/www.mexicanguitarplayers.com\/en\/tienda\/sin categor\u00eda\/piano-casio-digital-cdp-s110bk\/\" \/>\n<meta property=\"og:site_name\" content=\"Mexican Guitar Players\" \/>\n<meta property=\"article:modified_time\" content=\"2026-04-01T10:15:27+00:00\" \/>\n<meta name=\"twitter:card\" content=\"summary_large_image\" \/>\n<meta name=\"twitter:label1\" content=\"Est. reading time\" \/>\n\t<meta name=\"twitter:data1\" content=\"1 minute\" \/>\n<script type=\"application\/ld+json\" class=\"yoast-schema-graph\">{\"@context\":\"https:\\\/\\\/schema.org\",\"@graph\":[{\"@type\":[\"WebPage\",\"ItemPage\"],\"@id\":\"https:\\\/\\\/www.mexicanguitarplayers.com\\\/tienda\\\/sin categor\u00eda\\\/piano-casio-digital-cdp-s110bk\\\/\",\"url\":\"https:\\\/\\\/www.mexicanguitarplayers.com\\\/tienda\\\/sin categor\u00eda\\\/piano-casio-digital-cdp-s110bk\\\/\",\"name\":\"PIANO CASIO DIGITAL CDP-S110BK - Mexican Guitar Players\",\"isPartOf\":{\"@id\":\"https:\\\/\\\/www.mexicanguitarplayers.com\\\/#website\"},\"primaryImageOfPage\":{\"@id\":\"https:\\\/\\\/www.mexicanguitarplayers.com\\\/tienda\\\/sin categor\u00eda\\\/piano-casio-digital-cdp-s110bk\\\/#primaryimage\"},\"image\":{\"@id\":\"https:\\\/\\\/www.mexicanguitarplayers.com\\\/tienda\\\/sin categor\u00eda\\\/piano-casio-digital-cdp-s110bk\\\/#primaryimage\"},\"thumbnailUrl\":\"https:\\\/\\\/www.mexicanguitarplayers.com\\\/wp-content\\\/uploads\\\/2025\\\/04\\\/ITCASCDPS110.jpg\",\"datePublished\":\"2025-04-08T19:00:45+00:00\",\"dateModified\":\"2026-04-01T10:15:27+00:00\",\"description\":\"Piano digital de 88 teclas con respuesta al tacto, polifon\u00eda m\u00e1xima: 64 notas, 10 tonos, 4 tipos de reverb y 4 tipos de chorus, metr\u00f3nomo: Beat bell: 0 (off), 1 a 9 (beats), rango de tempo: 20 a 255, 2 canciones demo, pedal, transposici\u00f3n: -12 a 0 a 12 semitonos, afinaci\u00f3n: A4 = 415,5 Hz a 465,9 Hz (inicial default: 440,0 Hz), variable en pasos de 0,1 Hz, MIDI: Receptor multi timbre de 6 canales, salida de aud\u00edfonos, puerto USB, 2 altavoces de 12 x 6 cm (oval), potencia: 8W+8W, utiliza adaptador AD: AD: AD-A12150LW o 6 pilas alcalinas AA, consumo de energ\u00eda: 12 V - 8 W, dimensiones: 132.2 x 23.2 x 9.9 cm, peso: 10.5 kg.\",\"breadcrumb\":{\"@id\":\"https:\\\/\\\/www.mexicanguitarplayers.com\\\/tienda\\\/sin categor\u00eda\\\/piano-casio-digital-cdp-s110bk\\\/#breadcrumb\"},\"inLanguage\":\"en-US\",\"potentialAction\":[{\"@type\":\"ReadAction\",\"target\":[\"https:\\\/\\\/www.mexicanguitarplayers.com\\\/tienda\\\/sin categor\u00eda\\\/piano-casio-digital-cdp-s110bk\\\/\"]}]},{\"@type\":\"ImageObject\",\"inLanguage\":\"en-US\",\"@id\":\"https:\\\/\\\/www.mexicanguitarplayers.com\\\/tienda\\\/sin categor\u00eda\\\/piano-casio-digital-cdp-s110bk\\\/#primaryimage\",\"url\":\"https:\\\/\\\/www.mexicanguitarplayers.com\\\/wp-content\\\/uploads\\\/2025\\\/04\\\/ITCASCDPS110.jpg\",\"contentUrl\":\"https:\\\/\\\/www.mexicanguitarplayers.com\\\/wp-content\\\/uploads\\\/2025\\\/04\\\/ITCASCDPS110.jpg\",\"width\":1600,\"height\":800},{\"@type\":\"BreadcrumbList\",\"@id\":\"https:\\\/\\\/www.mexicanguitarplayers.com\\\/tienda\\\/sin categor\u00eda\\\/piano-casio-digital-cdp-s110bk\\\/#breadcrumb\",\"itemListElement\":[{\"@type\":\"ListItem\",\"position\":1,\"name\":\"Portada\",\"item\":\"https:\\\/\\\/www.mexicanguitarplayers.com\\\/\"},{\"@type\":\"ListItem\",\"position\":2,\"name\":\"Tienda\",\"item\":\"https:\\\/\\\/www.mexicanguitarplayers.com\\\/tienda\\\/\"},{\"@type\":\"ListItem\",\"position\":3,\"name\":\"PIANO CASIO DIGITAL CDP-S110BK\"}]},{\"@type\":\"WebSite\",\"@id\":\"https:\\\/\\\/www.mexicanguitarplayers.com\\\/#website\",\"url\":\"https:\\\/\\\/www.mexicanguitarplayers.com\\\/\",\"name\":\"Mexican Guitar Players\",\"description\":\"Website\",\"publisher\":{\"@id\":\"https:\\\/\\\/www.mexicanguitarplayers.com\\\/#organization\"},\"potentialAction\":[{\"@type\":\"SearchAction\",\"target\":{\"@type\":\"EntryPoint\",\"urlTemplate\":\"https:\\\/\\\/www.mexicanguitarplayers.com\\\/?s={search_term_string}\"},\"query-input\":{\"@type\":\"PropertyValueSpecification\",\"valueRequired\":true,\"valueName\":\"search_term_string\"}}],\"inLanguage\":\"en-US\"},{\"@type\":\"Organization\",\"@id\":\"https:\\\/\\\/www.mexicanguitarplayers.com\\\/#organization\",\"name\":\"Mexican Guitar Players\",\"url\":\"https:\\\/\\\/www.mexicanguitarplayers.com\\\/\",\"logo\":{\"@type\":\"ImageObject\",\"inLanguage\":\"en-US\",\"@id\":\"https:\\\/\\\/www.mexicanguitarplayers.com\\\/#\\\/schema\\\/logo\\\/image\\\/\",\"url\":\"\",\"contentUrl\":\"\",\"caption\":\"Mexican Guitar Players\"},\"image\":{\"@id\":\"https:\\\/\\\/www.mexicanguitarplayers.com\\\/#\\\/schema\\\/logo\\\/image\\\/\"}}]}<\/script>\n<!-- \/ Yoast SEO plugin. -->","yoast_head_json":{"title":"PIANO CASIO DIGITAL   CDP-S110BK - Mexican Guitar Players","description":"Piano digital de 88 teclas con respuesta al tacto, polifon\u00eda m\u00e1xima: 64 notas, 10 tonos, 4 tipos de reverb y 4 tipos de chorus, metr\u00f3nomo: Beat bell: 0 (off), 1 a 9 (beats), rango de tempo: 20 a 255, 2 canciones demo, pedal, transposici\u00f3n: -12 a 0 a 12 semitonos, afinaci\u00f3n: A4 = 415,5 Hz a 465,9 Hz (inicial default: 440,0 Hz), variable en pasos de 0,1 Hz, MIDI: Receptor multi timbre de 6 canales, salida de aud\u00edfonos, puerto USB, 2 altavoces de 12 x 6 cm (oval), potencia: 8W+8W, utiliza adaptador AD: AD: AD-A12150LW o 6 pilas alcalinas AA, consumo de energ\u00eda: 12 V - 8 W, dimensiones: 132.2 x 23.2 x 9.9 cm, peso: 10.5 kg.","robots":{"index":"index","follow":"follow","max-snippet":"max-snippet:-1","max-image-preview":"max-image-preview:large","max-video-preview":"max-video-preview:-1"},"canonical":"https:\/\/www.mexicanguitarplayers.com\/en\/tienda\/sin categor\u00eda\/piano-casio-digital-cdp-s110bk\/","og_locale":"en_US","og_type":"article","og_title":"PIANO CASIO DIGITAL   CDP-S110BK - Mexican Guitar Players","og_description":"Piano digital de 88 teclas con respuesta al tacto, polifon\u00eda m\u00e1xima: 64 notas, 10 tonos, 4 tipos de reverb y 4 tipos de chorus, metr\u00f3nomo: Beat bell: 0 (off), 1 a 9 (beats), rango de tempo: 20 a 255, 2 canciones demo, pedal, transposici\u00f3n: -12 a 0 a 12 semitonos, afinaci\u00f3n: A4 = 415,5 Hz a 465,9 Hz (inicial default: 440,0 Hz), variable en pasos de 0,1 Hz, MIDI: Receptor multi timbre de 6 canales, salida de aud\u00edfonos, puerto USB, 2 altavoces de 12 x 6 cm (oval), potencia: 8W+8W, utiliza adaptador AD: AD: AD-A12150LW o 6 pilas alcalinas AA, consumo de energ\u00eda: 12 V - 8 W, dimensiones: 132.2 x 23.2 x 9.9 cm, peso: 10.5 kg.","og_url":"https:\/\/www.mexicanguitarplayers.com\/en\/tienda\/sin categor\u00eda\/piano-casio-digital-cdp-s110bk\/","og_site_name":"Mexican Guitar Players","article_modified_time":"2026-04-01T10:15:27+00:00","twitter_card":"summary_large_image","twitter_misc":{"Est. reading time":"1 minute"},"schema":{"@context":"https:\/\/schema.org","@graph":[{"@type":["WebPage","ItemPage"],"@id":"https:\/\/www.mexicanguitarplayers.com\/tienda\/sin categor\u00eda\/piano-casio-digital-cdp-s110bk\/","url":"https:\/\/www.mexicanguitarplayers.com\/tienda\/sin categor\u00eda\/piano-casio-digital-cdp-s110bk\/","name":"PIANO CASIO DIGITAL CDP-S110BK - Mexican Guitar Players","isPartOf":{"@id":"https:\/\/www.mexicanguitarplayers.com\/#website"},"primaryImageOfPage":{"@id":"https:\/\/www.mexicanguitarplayers.com\/tienda\/sin categor\u00eda\/piano-casio-digital-cdp-s110bk\/#primaryimage"},"image":{"@id":"https:\/\/www.mexicanguitarplayers.com\/tienda\/sin categor\u00eda\/piano-casio-digital-cdp-s110bk\/#primaryimage"},"thumbnailUrl":"https:\/\/www.mexicanguitarplayers.com\/wp-content\/uploads\/2025\/04\/ITCASCDPS110.jpg","datePublished":"2025-04-08T19:00:45+00:00","dateModified":"2026-04-01T10:15:27+00:00","description":"Piano digital de 88 teclas con respuesta al tacto, polifon\u00eda m\u00e1xima: 64 notas, 10 tonos, 4 tipos de reverb y 4 tipos de chorus, metr\u00f3nomo: Beat bell: 0 (off), 1 a 9 (beats), rango de tempo: 20 a 255, 2 canciones demo, pedal, transposici\u00f3n: -12 a 0 a 12 semitonos, afinaci\u00f3n: A4 = 415,5 Hz a 465,9 Hz (inicial default: 440,0 Hz), variable en pasos de 0,1 Hz, MIDI: Receptor multi timbre de 6 canales, salida de aud\u00edfonos, puerto USB, 2 altavoces de 12 x 6 cm (oval), potencia: 8W+8W, utiliza adaptador AD: AD: AD-A12150LW o 6 pilas alcalinas AA, consumo de energ\u00eda: 12 V - 8 W, dimensiones: 132.2 x 23.2 x 9.9 cm, peso: 10.5 kg.","breadcrumb":{"@id":"https:\/\/www.mexicanguitarplayers.com\/tienda\/sin categor\u00eda\/piano-casio-digital-cdp-s110bk\/#breadcrumb"},"inLanguage":"en-US","potentialAction":[{"@type":"ReadAction","target":["https:\/\/www.mexicanguitarplayers.com\/tienda\/sin categor\u00eda\/piano-casio-digital-cdp-s110bk\/"]}]},{"@type":"ImageObject","inLanguage":"en-US","@id":"https:\/\/www.mexicanguitarplayers.com\/tienda\/sin categor\u00eda\/piano-casio-digital-cdp-s110bk\/#primaryimage","url":"https:\/\/www.mexicanguitarplayers.com\/wp-content\/uploads\/2025\/04\/ITCASCDPS110.jpg","contentUrl":"https:\/\/www.mexicanguitarplayers.com\/wp-content\/uploads\/2025\/04\/ITCASCDPS110.jpg","width":1600,"height":800},{"@type":"BreadcrumbList","@id":"https:\/\/www.mexicanguitarplayers.com\/tienda\/sin categor\u00eda\/piano-casio-digital-cdp-s110bk\/#breadcrumb","itemListElement":[{"@type":"ListItem","position":1,"name":"Portada","item":"https:\/\/www.mexicanguitarplayers.com\/"},{"@type":"ListItem","position":2,"name":"Tienda","item":"https:\/\/www.mexicanguitarplayers.com\/tienda\/"},{"@type":"ListItem","position":3,"name":"PIANO CASIO DIGITAL CDP-S110BK"}]},{"@type":"WebSite","@id":"https:\/\/www.mexicanguitarplayers.com\/#website","url":"https:\/\/www.mexicanguitarplayers.com\/","name":"Mexican Guitar Players","description":"Website","publisher":{"@id":"https:\/\/www.mexicanguitarplayers.com\/#organization"},"potentialAction":[{"@type":"SearchAction","target":{"@type":"EntryPoint","urlTemplate":"https:\/\/www.mexicanguitarplayers.com\/?s={search_term_string}"},"query-input":{"@type":"PropertyValueSpecification","valueRequired":true,"valueName":"search_term_string"}}],"inLanguage":"en-US"},{"@type":"Organization","@id":"https:\/\/www.mexicanguitarplayers.com\/#organization","name":"Mexican Guitar Players","url":"https:\/\/www.mexicanguitarplayers.com\/","logo":{"@type":"ImageObject","inLanguage":"en-US","@id":"https:\/\/www.mexicanguitarplayers.com\/#\/schema\/logo\/image\/","url":"","contentUrl":"","caption":"Mexican Guitar Players"},"image":{"@id":"https:\/\/www.mexicanguitarplayers.com\/#\/schema\/logo\/image\/"}}]}},"brands":[{"id":274,"name":"CASIO","slug":"casio"}],"_links":{"self":[{"href":"https:\/\/www.mexicanguitarplayers.com\/en\/wp-json\/wp\/v2\/product\/32047","targetHints":{"allow":["GET"]}}],"collection":[{"href":"https:\/\/www.mexicanguitarplayers.com\/en\/wp-json\/wp\/v2\/product"}],"about":[{"href":"https:\/\/www.mexicanguitarplayers.com\/en\/wp-json\/wp\/v2\/types\/product"}],"replies":[{"embeddable":true,"href":"https:\/\/www.mexicanguitarplayers.com\/en\/wp-json\/wp\/v2\/comments?post=32047"}],"wp:featuredmedia":[{"embeddable":true,"href":"https:\/\/www.mexicanguitarplayers.com\/en\/wp-json\/wp\/v2\/media\/32046"}],"wp:attachment":[{"href":"https:\/\/www.mexicanguitarplayers.com\/en\/wp-json\/wp\/v2\/media?parent=32047"}],"wp:term":[{"taxonomy":"pwb-brand","embeddable":true,"href":"https:\/\/www.mexicanguitarplayers.com\/en\/wp-json\/wp\/v2\/pwb-brand?post=32047"},{"taxonomy":"product_brand","embeddable":true,"href":"https:\/\/www.mexicanguitarplayers.com\/en\/wp-json\/wp\/v2\/product_brand?post=32047"},{"taxonomy":"product_cat","embeddable":true,"href":"https:\/\/www.mexicanguitarplayers.com\/en\/wp-json\/wp\/v2\/product_cat?post=32047"},{"taxonomy":"product_tag","embeddable":true,"href":"https:\/\/www.mexicanguitarplayers.com\/en\/wp-json\/wp\/v2\/product_tag?post=32047"}],"curies":[{"name":"wp","href":"https:\/\/api.w.org\/{rel}","templated":true}]}}