{"id":32062,"date":"2025-04-08T13:01:01","date_gmt":"2025-04-08T19:01:01","guid":{"rendered":"https:\/\/www.mexicanguitarplayers.com\/tienda\/sin categor\u00eda\/combo-blackstar-p-guitarra-id260tvp\/"},"modified":"2026-04-10T04:34:05","modified_gmt":"2026-04-10T10:34:05","slug":"combo-blackstar-p-guitarra-id260tvp","status":"publish","type":"product","link":"https:\/\/www.mexicanguitarplayers.com\/en\/tienda\/cuerdas\/combos\/combos-para-guitarra\/combo-blackstar-p-guitarra-id260tvp\/","title":{"rendered":"COMBO BLACKSTAR P\/GUITARRA ID:260TVP"},"content":{"rendered":"<div style=\"text-align: justify\">\n<div>\n<h3>Fuerte como un bulbo. La individualidad es poder.<\/h3>\n<\/div>\n<div>El ID:260 TVP es un amplificador est\u00e9reo programable de 2 x 60 watts. Con dos altavoces de 12\u201d pulgadas, este combo tiene un amplio sonido inmersivo y realmente empaca un gran punch para sonido en vivo. La serie ID representa la culminaci\u00f3n de m\u00e1s de 7 a\u00f1os de investigaci\u00f3n y desarrollo por el mismo equipo que dise\u00f1\u00f3 las series One, Artisan y HT Venue. Los controles \u00fanicos te permiten dise\u00f1ar tu propio sonido, almacenarlo y tener la confianza de que el amplificador funcionar\u00e1 perfectamente en un entorno en vivo. Mediante el exclusivo control de voz ISF patentado y el control True Valve Power, estos amplificadores permiten una flexibilidad sin igual y una gran facilidad de uso, permiti\u00e9ndote dise\u00f1ar ese sonido en tu cabeza y hacerlo sonar en vivo.<\/div>\n<div>\n<h4>Quick look<\/h4>\n<\/div>\n<ul style=\"margin: 0px 0px 0px 25px\">\n<li style=\"list-style-type: circle;margin: 5px\">Kind.<\/li>\n<li style=\"list-style-type: circle;margin: 5px\">Tickets.<\/li>\n<li style=\"list-style-type: circle;margin: 5px\">Controls<\/li>\n<li style=\"list-style-type: circle;margin: 5px\">Tecnolog\u00eda TVP (True Valve Power).<\/li>\n<li style=\"list-style-type: circle;margin: 5px\">ISF control.<\/li>\n<li style=\"list-style-type: circle;margin: 5px\">6 voces Blackstar cl\u00e1sicas.<\/li>\n<li style=\"list-style-type: circle;margin: 5px\">12 efectos est\u00e9reo.<\/li>\n<li style=\"list-style-type: circle;margin: 5px\">Speaker emulation output.<\/li>\n<li style=\"list-style-type: circle;margin: 5px\">Software INSIDER.<\/li>\n<li style=\"list-style-type: circle;margin: 5px\">Speakers.<\/li>\n<li style=\"list-style-type: circle;margin: 5px\">Dimensions.<\/li>\n<li style=\"list-style-type: circle;margin: 5px\">Weight.<\/li>\n<\/ul>\n<div>\n<div style=\"font-weight: bold\">Kind.<\/div>\n<div>\n<p>Combo digital para guitarra, 60 x 60 watts de potencia.<\/p>\n<\/div>\n<div style=\"font-weight: bold\">Tickets.<\/div>\n<div>\n<p>Entrada de instrumento, entrada MP3\/Line, entrada USB.<\/p>\n<\/div>\n<div style=\"font-weight: bold\">Controls<\/div>\n<div>\n<p>6 voces, Ganancia, Volumen, Bass, Treble, ISF, TVP, 12 efectos, Nivel de efectos, USB, Entrada MP3\/Line.<\/p>\n<\/div>\n<div style=\"font-weight: bold\">Tecnolog\u00eda TVP (True Valve Power).<\/div>\n<div>\n<p>Este circuito patentado por Blackstar ofrece 6 respuestas de  diferentes tipos de bulbo: EL84, 6V6, EL34, KT66, 6L6, KT88. EL84 &#8211; Bell like full bodied Clase A con mucha compresi\u00f3n. 6V6 &#8211; Crisp Clase A con alta compresi\u00f3n y medios apretados. EL34 &#8211; Crunch brit\u00e1nico cl\u00e1sico Clase A\/B con cuerpo suave lleno. KT66 &#8211; British vintage rico y c\u00e1lido biased Clase A\/B. 6L6 &#8211; Clase A\/B din\u00e1mico apretado con agudos y graves extendidos. KT88 &#8211; Clase A\/B estrecho, apretado y din\u00e1mico con fuerte low-end. Cuando se activa, proporciona la respuesta y la din\u00e1mica de un amplificador de bulbo y proporciona de forma \u00fanica la misma salida de potencia ac\u00fastica que un amplificador de bulbos equivalente. Esto quiere decir que por primera vez, una serie asequible de amplificadores, entregan este tipo de sonido sin compromiso en vivo.<\/p>\n<\/div>\n<div style=\"font-weight: bold\">ISF control.<\/div>\n<div>\n<p>El control ISF trabaja junto con el control de tono. Te permite elegir el sonido que est\u00e1s buscando. Totalmente CCW  es un sonido m\u00e1s americano con graves apretados y medios m\u00e1s agresivos. Totalmente CW es un sonido brit\u00e1nico muy caracter\u00edstico m\u00e1s le\u00f1oso y menos agresivo.<\/p>\n<\/div>\n<div style=\"font-weight: bold\">6 voces Blackstar cl\u00e1sicas.<\/div>\n<div>\n<p>El control \u00fanico Voice tiene 6 diferentes canales: Clean Warm, Clean Bright, Crunch, Super Crunch, OD 1, OD 2. Cuando se utiliza junto al control patentado ISF, puedes obtener exactamente el sonido en el que est\u00e1s pensando, tienes una gama infinita de posibilidades.<\/p>\n<\/div>\n<div style=\"font-weight: bold\">12 efectos est\u00e9reo.<\/div>\n<div>\n<p>12 efectos vintage con calidad de estudio: 4 modulaciones, 4 delays y 4 reverbs, especialmente expresados para guitarra el\u00e9ctrica, entregados en super wide est\u00e9reo masivo.<\/p>\n<\/div>\n<div style=\"font-weight: bold\">Speaker emulation output.<\/div>\n<div>\n<p>El dise\u00f1o de salida emulada establece un nuevo punto de referencia para la grabaci\u00f3n en directo. Este dise\u00f1o sin compromisos hace muy f\u00e1cil grabar tus sonidos. Tambi\u00e9n puedes usarlo para mandar una l\u00ednea de salida al PA.<\/p>\n<\/div>\n<div style=\"font-weight: bold\">Software INSIDER.<\/div>\n<div>\n<p>Conecta el amplificador a una Mac o PC por medio de USB. Esto te permitir\u00e1 editar patches, grabar y reamplificar el audio entre muchas otras cosas, por medio de GUI.<\/p>\n<\/div>\n<div style=\"font-weight: bold\">Speakers.<\/div>\n<div>\n<p>Dos altavoces de 12\u201d pulgadas.<\/p>\n<\/div>\n<div style=\"font-weight: bold\">Dimensions.<\/div>\n<div>\n<p>686 x 510 x 250 mm.<\/p>\n<\/div>\n<div style=\"font-weight: bold\">Weight.<\/div>\n<div>\n<p>24 kg.<\/p>\n<\/div>\n<\/div>\n<\/div>","protected":false},"excerpt":{"rendered":"<p>Combo programable para guitarra, 60 x 60 watts de potencia , tecnolog\u00eda TVP (True Valve Power), Voice (selecci\u00f3n desde 6 canales cl\u00e1sicos), modo manual, ecualizador de 3 bandas con circuito ISF patentado (Infinite Shape Feature), 128 patches de usuario almacenables, multi-efectos (4 modulaciones, 4 delay y 4 reverbs), volumen master, conectividad USB para edici\u00f3n y grabaci\u00f3n, software GUI (para edici\u00f3n, practicar y compartir), entrada MP3\/Line, salida de emulaci\u00f3n de altavoz, afinador incorporado, tono revolucionario, footswitch multifuncional (no incluido), 2 altavoces de 12\u201d pulgadas, incluye cable Mini USB para usar con INSIDER y para grabaci\u00f3n, dimensiones: 686 x 510 x 250 mm, peso: 24 kg.&hellip; <a class=\"kt-excerpt-readmore more-link\" href=\"https:\/\/www.mexicanguitarplayers.com\/en\/tienda\/cuerdas\/combos\/combos-para-guitarra\/combo-blackstar-p-guitarra-id260tvp\/\">Read more<\/a><\/p>","protected":false},"featured_media":32057,"comment_status":"open","ping_status":"closed","template":"","meta":{"kt_blocks_editor_width":""},"pwb-brand":[172],"product_brand":[],"product_cat":[236,237,224],"product_tag":[],"class_list":{"0":"post-32062","1":"product","2":"type-product","3":"status-publish","4":"has-post-thumbnail","6":"pwb-brand-blackstar","7":"product_cat-combos","8":"product_cat-combos-para-guitarra","9":"product_cat-cuerdas","10":"product_shipping_class-25-30-kg","12":"first","13":"outofstock","14":"taxable","15":"shipping-taxable","16":"purchasable","17":"product-type-simple"},"yoast_head":"<!-- This site is optimized with the Yoast SEO plugin v27.6 - https:\/\/yoast.com\/product\/yoast-seo-wordpress\/ -->\n<title>COMBO BLACKSTAR P\/GUITARRA ID:260TVP - Mexican Guitar Players<\/title>\n<meta name=\"description\" content=\"Combo programable para guitarra, 60 x 60 watts de potencia , tecnolog\u00eda TVP (True Valve Power), Voice (selecci\u00f3n desde 6 canales cl\u00e1sicos), modo manual, ecualizador de 3 bandas con circuito ISF patentado (Infinite Shape Feature), 128 patches de usuario almacenables, multi-efectos (4 modulaciones, 4 delay y 4 reverbs), volumen master, conectividad USB para edici\u00f3n y grabaci\u00f3n, software GUI (para edici\u00f3n, practicar y compartir), entrada MP3\/Line, salida de emulaci\u00f3n de altavoz, afinador incorporado, tono revolucionario, footswitch multifuncional (no incluido), 2 altavoces de 12\u201d pulgadas, incluye cable Mini USB para usar con INSIDER y para grabaci\u00f3n, dimensiones: 686 x 510 x 250 mm, peso: 24 kg.\" \/>\n<meta name=\"robots\" content=\"index, follow, max-snippet:-1, max-image-preview:large, max-video-preview:-1\" \/>\n<link rel=\"canonical\" href=\"https:\/\/www.mexicanguitarplayers.com\/en\/tienda\/sin%20categor\u00eda\/combo-blackstar-p-guitarra-id260tvp\/\" \/>\n<meta property=\"og:locale\" content=\"en_US\" \/>\n<meta property=\"og:type\" content=\"article\" \/>\n<meta property=\"og:title\" content=\"COMBO BLACKSTAR P\/GUITARRA ID:260TVP - Mexican Guitar Players\" \/>\n<meta property=\"og:description\" content=\"Combo programable para guitarra, 60 x 60 watts de potencia , tecnolog\u00eda TVP (True Valve Power), Voice (selecci\u00f3n desde 6 canales cl\u00e1sicos), modo manual, ecualizador de 3 bandas con circuito ISF patentado (Infinite Shape Feature), 128 patches de usuario almacenables, multi-efectos (4 modulaciones, 4 delay y 4 reverbs), volumen master, conectividad USB para edici\u00f3n y grabaci\u00f3n, software GUI (para edici\u00f3n, practicar y compartir), entrada MP3\/Line, salida de emulaci\u00f3n de altavoz, afinador incorporado, tono revolucionario, footswitch multifuncional (no incluido), 2 altavoces de 12\u201d pulgadas, incluye cable Mini USB para usar con INSIDER y para grabaci\u00f3n, dimensiones: 686 x 510 x 250 mm, peso: 24 kg.\" \/>\n<meta property=\"og:url\" content=\"https:\/\/www.mexicanguitarplayers.com\/en\/tienda\/sin categor\u00eda\/combo-blackstar-p-guitarra-id260tvp\/\" \/>\n<meta property=\"og:site_name\" content=\"Mexican Guitar Players\" \/>\n<meta property=\"article:modified_time\" content=\"2026-04-10T10:34:05+00:00\" \/>\n<meta name=\"twitter:card\" content=\"summary_large_image\" \/>\n<meta name=\"twitter:label1\" content=\"Est. reading time\" \/>\n\t<meta name=\"twitter:data1\" content=\"3 minutes\" \/>\n<script type=\"application\/ld+json\" class=\"yoast-schema-graph\">{\"@context\":\"https:\\\/\\\/schema.org\",\"@graph\":[{\"@type\":[\"WebPage\",\"ItemPage\"],\"@id\":\"https:\\\/\\\/www.mexicanguitarplayers.com\\\/tienda\\\/sin categor\u00eda\\\/combo-blackstar-p-guitarra-id260tvp\\\/\",\"url\":\"https:\\\/\\\/www.mexicanguitarplayers.com\\\/tienda\\\/sin categor\u00eda\\\/combo-blackstar-p-guitarra-id260tvp\\\/\",\"name\":\"COMBO BLACKSTAR P\\\/GUITARRA ID:260TVP - Mexican Guitar Players\",\"isPartOf\":{\"@id\":\"https:\\\/\\\/www.mexicanguitarplayers.com\\\/#website\"},\"primaryImageOfPage\":{\"@id\":\"https:\\\/\\\/www.mexicanguitarplayers.com\\\/tienda\\\/sin categor\u00eda\\\/combo-blackstar-p-guitarra-id260tvp\\\/#primaryimage\"},\"image\":{\"@id\":\"https:\\\/\\\/www.mexicanguitarplayers.com\\\/tienda\\\/sin categor\u00eda\\\/combo-blackstar-p-guitarra-id260tvp\\\/#primaryimage\"},\"thumbnailUrl\":\"https:\\\/\\\/www.mexicanguitarplayers.com\\\/wp-content\\\/uploads\\\/2025\\\/04\\\/ICBLSID260TVP.jpg\",\"datePublished\":\"2025-04-08T19:01:01+00:00\",\"dateModified\":\"2026-04-10T10:34:05+00:00\",\"description\":\"Combo programable para guitarra, 60 x 60 watts de potencia , tecnolog\u00eda TVP (True Valve Power), Voice (selecci\u00f3n desde 6 canales cl\u00e1sicos), modo manual, ecualizador de 3 bandas con circuito ISF patentado (Infinite Shape Feature), 128 patches de usuario almacenables, multi-efectos (4 modulaciones, 4 delay y 4 reverbs), volumen master, conectividad USB para edici\u00f3n y grabaci\u00f3n, software GUI (para edici\u00f3n, practicar y compartir), entrada MP3\\\/Line, salida de emulaci\u00f3n de altavoz, afinador incorporado, tono revolucionario, footswitch multifuncional (no incluido), 2 altavoces de 12\u201d pulgadas, incluye cable Mini USB para usar con INSIDER y para grabaci\u00f3n, dimensiones: 686 x 510 x 250 mm, peso: 24 kg.\",\"breadcrumb\":{\"@id\":\"https:\\\/\\\/www.mexicanguitarplayers.com\\\/tienda\\\/sin categor\u00eda\\\/combo-blackstar-p-guitarra-id260tvp\\\/#breadcrumb\"},\"inLanguage\":\"en-US\",\"potentialAction\":[{\"@type\":\"ReadAction\",\"target\":[\"https:\\\/\\\/www.mexicanguitarplayers.com\\\/tienda\\\/sin categor\u00eda\\\/combo-blackstar-p-guitarra-id260tvp\\\/\"]}]},{\"@type\":\"ImageObject\",\"inLanguage\":\"en-US\",\"@id\":\"https:\\\/\\\/www.mexicanguitarplayers.com\\\/tienda\\\/sin categor\u00eda\\\/combo-blackstar-p-guitarra-id260tvp\\\/#primaryimage\",\"url\":\"https:\\\/\\\/www.mexicanguitarplayers.com\\\/wp-content\\\/uploads\\\/2025\\\/04\\\/ICBLSID260TVP.jpg\",\"contentUrl\":\"https:\\\/\\\/www.mexicanguitarplayers.com\\\/wp-content\\\/uploads\\\/2025\\\/04\\\/ICBLSID260TVP.jpg\",\"width\":1200,\"height\":1200},{\"@type\":\"BreadcrumbList\",\"@id\":\"https:\\\/\\\/www.mexicanguitarplayers.com\\\/tienda\\\/sin categor\u00eda\\\/combo-blackstar-p-guitarra-id260tvp\\\/#breadcrumb\",\"itemListElement\":[{\"@type\":\"ListItem\",\"position\":1,\"name\":\"Portada\",\"item\":\"https:\\\/\\\/www.mexicanguitarplayers.com\\\/\"},{\"@type\":\"ListItem\",\"position\":2,\"name\":\"Tienda\",\"item\":\"https:\\\/\\\/www.mexicanguitarplayers.com\\\/tienda\\\/\"},{\"@type\":\"ListItem\",\"position\":3,\"name\":\"COMBO BLACKSTAR P\\\/GUITARRA ID:260TVP\"}]},{\"@type\":\"WebSite\",\"@id\":\"https:\\\/\\\/www.mexicanguitarplayers.com\\\/#website\",\"url\":\"https:\\\/\\\/www.mexicanguitarplayers.com\\\/\",\"name\":\"Mexican Guitar Players\",\"description\":\"Website\",\"publisher\":{\"@id\":\"https:\\\/\\\/www.mexicanguitarplayers.com\\\/#organization\"},\"potentialAction\":[{\"@type\":\"SearchAction\",\"target\":{\"@type\":\"EntryPoint\",\"urlTemplate\":\"https:\\\/\\\/www.mexicanguitarplayers.com\\\/?s={search_term_string}\"},\"query-input\":{\"@type\":\"PropertyValueSpecification\",\"valueRequired\":true,\"valueName\":\"search_term_string\"}}],\"inLanguage\":\"en-US\"},{\"@type\":\"Organization\",\"@id\":\"https:\\\/\\\/www.mexicanguitarplayers.com\\\/#organization\",\"name\":\"Mexican Guitar Players\",\"url\":\"https:\\\/\\\/www.mexicanguitarplayers.com\\\/\",\"logo\":{\"@type\":\"ImageObject\",\"inLanguage\":\"en-US\",\"@id\":\"https:\\\/\\\/www.mexicanguitarplayers.com\\\/#\\\/schema\\\/logo\\\/image\\\/\",\"url\":\"\",\"contentUrl\":\"\",\"caption\":\"Mexican Guitar Players\"},\"image\":{\"@id\":\"https:\\\/\\\/www.mexicanguitarplayers.com\\\/#\\\/schema\\\/logo\\\/image\\\/\"}}]}<\/script>\n<!-- \/ Yoast SEO plugin. -->","yoast_head_json":{"title":"COMBO BLACKSTAR P\/GUITARRA ID:260TVP - Mexican Guitar Players","description":"Combo programable para guitarra, 60 x 60 watts de potencia , tecnolog\u00eda TVP (True Valve Power), Voice (selecci\u00f3n desde 6 canales cl\u00e1sicos), modo manual, ecualizador de 3 bandas con circuito ISF patentado (Infinite Shape Feature), 128 patches de usuario almacenables, multi-efectos (4 modulaciones, 4 delay y 4 reverbs), volumen master, conectividad USB para edici\u00f3n y grabaci\u00f3n, software GUI (para edici\u00f3n, practicar y compartir), entrada MP3\/Line, salida de emulaci\u00f3n de altavoz, afinador incorporado, tono revolucionario, footswitch multifuncional (no incluido), 2 altavoces de 12\u201d pulgadas, incluye cable Mini USB para usar con INSIDER y para grabaci\u00f3n, dimensiones: 686 x 510 x 250 mm, peso: 24 kg.","robots":{"index":"index","follow":"follow","max-snippet":"max-snippet:-1","max-image-preview":"max-image-preview:large","max-video-preview":"max-video-preview:-1"},"canonical":"https:\/\/www.mexicanguitarplayers.com\/en\/tienda\/sin categor\u00eda\/combo-blackstar-p-guitarra-id260tvp\/","og_locale":"en_US","og_type":"article","og_title":"COMBO BLACKSTAR P\/GUITARRA ID:260TVP - Mexican Guitar Players","og_description":"Combo programable para guitarra, 60 x 60 watts de potencia , tecnolog\u00eda TVP (True Valve Power), Voice (selecci\u00f3n desde 6 canales cl\u00e1sicos), modo manual, ecualizador de 3 bandas con circuito ISF patentado (Infinite Shape Feature), 128 patches de usuario almacenables, multi-efectos (4 modulaciones, 4 delay y 4 reverbs), volumen master, conectividad USB para edici\u00f3n y grabaci\u00f3n, software GUI (para edici\u00f3n, practicar y compartir), entrada MP3\/Line, salida de emulaci\u00f3n de altavoz, afinador incorporado, tono revolucionario, footswitch multifuncional (no incluido), 2 altavoces de 12\u201d pulgadas, incluye cable Mini USB para usar con INSIDER y para grabaci\u00f3n, dimensiones: 686 x 510 x 250 mm, peso: 24 kg.","og_url":"https:\/\/www.mexicanguitarplayers.com\/en\/tienda\/sin categor\u00eda\/combo-blackstar-p-guitarra-id260tvp\/","og_site_name":"Mexican Guitar Players","article_modified_time":"2026-04-10T10:34:05+00:00","twitter_card":"summary_large_image","twitter_misc":{"Est. reading time":"3 minutes"},"schema":{"@context":"https:\/\/schema.org","@graph":[{"@type":["WebPage","ItemPage"],"@id":"https:\/\/www.mexicanguitarplayers.com\/tienda\/sin categor\u00eda\/combo-blackstar-p-guitarra-id260tvp\/","url":"https:\/\/www.mexicanguitarplayers.com\/tienda\/sin categor\u00eda\/combo-blackstar-p-guitarra-id260tvp\/","name":"COMBO BLACKSTAR P\/GUITARRA ID:260TVP - Mexican Guitar Players","isPartOf":{"@id":"https:\/\/www.mexicanguitarplayers.com\/#website"},"primaryImageOfPage":{"@id":"https:\/\/www.mexicanguitarplayers.com\/tienda\/sin categor\u00eda\/combo-blackstar-p-guitarra-id260tvp\/#primaryimage"},"image":{"@id":"https:\/\/www.mexicanguitarplayers.com\/tienda\/sin categor\u00eda\/combo-blackstar-p-guitarra-id260tvp\/#primaryimage"},"thumbnailUrl":"https:\/\/www.mexicanguitarplayers.com\/wp-content\/uploads\/2025\/04\/ICBLSID260TVP.jpg","datePublished":"2025-04-08T19:01:01+00:00","dateModified":"2026-04-10T10:34:05+00:00","description":"Combo programable para guitarra, 60 x 60 watts de potencia , tecnolog\u00eda TVP (True Valve Power), Voice (selecci\u00f3n desde 6 canales cl\u00e1sicos), modo manual, ecualizador de 3 bandas con circuito ISF patentado (Infinite Shape Feature), 128 patches de usuario almacenables, multi-efectos (4 modulaciones, 4 delay y 4 reverbs), volumen master, conectividad USB para edici\u00f3n y grabaci\u00f3n, software GUI (para edici\u00f3n, practicar y compartir), entrada MP3\/Line, salida de emulaci\u00f3n de altavoz, afinador incorporado, tono revolucionario, footswitch multifuncional (no incluido), 2 altavoces de 12\u201d pulgadas, incluye cable Mini USB para usar con INSIDER y para grabaci\u00f3n, dimensiones: 686 x 510 x 250 mm, peso: 24 kg.","breadcrumb":{"@id":"https:\/\/www.mexicanguitarplayers.com\/tienda\/sin categor\u00eda\/combo-blackstar-p-guitarra-id260tvp\/#breadcrumb"},"inLanguage":"en-US","potentialAction":[{"@type":"ReadAction","target":["https:\/\/www.mexicanguitarplayers.com\/tienda\/sin categor\u00eda\/combo-blackstar-p-guitarra-id260tvp\/"]}]},{"@type":"ImageObject","inLanguage":"en-US","@id":"https:\/\/www.mexicanguitarplayers.com\/tienda\/sin categor\u00eda\/combo-blackstar-p-guitarra-id260tvp\/#primaryimage","url":"https:\/\/www.mexicanguitarplayers.com\/wp-content\/uploads\/2025\/04\/ICBLSID260TVP.jpg","contentUrl":"https:\/\/www.mexicanguitarplayers.com\/wp-content\/uploads\/2025\/04\/ICBLSID260TVP.jpg","width":1200,"height":1200},{"@type":"BreadcrumbList","@id":"https:\/\/www.mexicanguitarplayers.com\/tienda\/sin categor\u00eda\/combo-blackstar-p-guitarra-id260tvp\/#breadcrumb","itemListElement":[{"@type":"ListItem","position":1,"name":"Portada","item":"https:\/\/www.mexicanguitarplayers.com\/"},{"@type":"ListItem","position":2,"name":"Tienda","item":"https:\/\/www.mexicanguitarplayers.com\/tienda\/"},{"@type":"ListItem","position":3,"name":"COMBO BLACKSTAR P\/GUITARRA ID:260TVP"}]},{"@type":"WebSite","@id":"https:\/\/www.mexicanguitarplayers.com\/#website","url":"https:\/\/www.mexicanguitarplayers.com\/","name":"Mexican Guitar Players","description":"Website","publisher":{"@id":"https:\/\/www.mexicanguitarplayers.com\/#organization"},"potentialAction":[{"@type":"SearchAction","target":{"@type":"EntryPoint","urlTemplate":"https:\/\/www.mexicanguitarplayers.com\/?s={search_term_string}"},"query-input":{"@type":"PropertyValueSpecification","valueRequired":true,"valueName":"search_term_string"}}],"inLanguage":"en-US"},{"@type":"Organization","@id":"https:\/\/www.mexicanguitarplayers.com\/#organization","name":"Mexican Guitar Players","url":"https:\/\/www.mexicanguitarplayers.com\/","logo":{"@type":"ImageObject","inLanguage":"en-US","@id":"https:\/\/www.mexicanguitarplayers.com\/#\/schema\/logo\/image\/","url":"","contentUrl":"","caption":"Mexican Guitar Players"},"image":{"@id":"https:\/\/www.mexicanguitarplayers.com\/#\/schema\/logo\/image\/"}}]}},"brands":[{"id":172,"name":"BLACKSTAR","slug":"blackstar"}],"_links":{"self":[{"href":"https:\/\/www.mexicanguitarplayers.com\/en\/wp-json\/wp\/v2\/product\/32062","targetHints":{"allow":["GET"]}}],"collection":[{"href":"https:\/\/www.mexicanguitarplayers.com\/en\/wp-json\/wp\/v2\/product"}],"about":[{"href":"https:\/\/www.mexicanguitarplayers.com\/en\/wp-json\/wp\/v2\/types\/product"}],"replies":[{"embeddable":true,"href":"https:\/\/www.mexicanguitarplayers.com\/en\/wp-json\/wp\/v2\/comments?post=32062"}],"wp:featuredmedia":[{"embeddable":true,"href":"https:\/\/www.mexicanguitarplayers.com\/en\/wp-json\/wp\/v2\/media\/32057"}],"wp:attachment":[{"href":"https:\/\/www.mexicanguitarplayers.com\/en\/wp-json\/wp\/v2\/media?parent=32062"}],"wp:term":[{"taxonomy":"pwb-brand","embeddable":true,"href":"https:\/\/www.mexicanguitarplayers.com\/en\/wp-json\/wp\/v2\/pwb-brand?post=32062"},{"taxonomy":"product_brand","embeddable":true,"href":"https:\/\/www.mexicanguitarplayers.com\/en\/wp-json\/wp\/v2\/product_brand?post=32062"},{"taxonomy":"product_cat","embeddable":true,"href":"https:\/\/www.mexicanguitarplayers.com\/en\/wp-json\/wp\/v2\/product_cat?post=32062"},{"taxonomy":"product_tag","embeddable":true,"href":"https:\/\/www.mexicanguitarplayers.com\/en\/wp-json\/wp\/v2\/product_tag?post=32062"}],"curies":[{"name":"wp","href":"https:\/\/api.w.org\/{rel}","templated":true}]}}