{"id":32090,"date":"2025-04-08T13:01:46","date_gmt":"2025-04-08T19:01:46","guid":{"rendered":"https:\/\/www.mexicanguitarplayers.com\/tienda\/sin categor\u00eda\/cuerdas-d-addario-mod-j5602-4-4m\/"},"modified":"2026-05-01T07:23:42","modified_gmt":"2026-05-01T13:23:42","slug":"cuerdas-d-addario-mod-j5602-4-4m","status":"publish","type":"product","link":"https:\/\/www.mexicanguitarplayers.com\/en\/tienda\/accesorios\/para-guitarras\/cuerdas-y-encordaduras\/cuerdas-d-addario-mod-j5602-4-4m\/","title":{"rendered":"CUERDAS D ADDARIO    MOD. J5602 4\/4M"},"content":{"rendered":"<div style=\"text-align: justify\">\n<div>\n<h3>Un gran sonido ara un gran instrumento.<\/h3>\n<\/div>\n<div>Aptas para violines de 4\/4 con una longitud de 13 pulgadas (328 mm), estas cuerdas de tensi\u00f3n media est\u00e1n optimizadas para satisfacer las necesidades de la mayor\u00eda de los m\u00fasicos. La cuerda La est\u00e1 entorchada en aluminio. Las cuerdas para viol\u00edn con n\u00facleo sint\u00e9tico de Pro-Arte ofrecen un tono c\u00e1lido y melodioso. Son menos sensibles a los cambios de humedad y temperatura, y permiten un acostumbramiento r\u00e1pido. Las cuerdas Pro-Arte est\u00e1n fabricadas con una menor tensi\u00f3n para maximizar la respuesta del arco, la combinaci\u00f3n tonal y la facilidad de uso. La opci\u00f3n perfecta para m\u00fasicos que buscan un tono c\u00e1lido y oscuro. D&#8217;Addario es la marca de cuerdas para instrumento m\u00e1s vendida del mundo. Sus productos son el resultado de m\u00e1s de un siglo de investigaci\u00f3n y desarrollo y son instaladas como equipo de serie en las mejores marcas de instrumentos. La pureza de sus materiales y la maquinaria de alta tecnolog\u00eda empleadas en la fabricaci\u00f3n de sus productos hacen de D&#8217;Addario la marca preferida por los m\u00fasicos m\u00e1s relevantes de la actualidad. Todas las encordaduras D&#8217;Addario vienen en empaques sellados con un gas especial que previene la corrosi\u00f3n y son amigables con el medio ambiente.<\/div>\n<div>\n<h4>Quick look<\/h4>\n<\/div>\n<ul style=\"margin: 0px 0px 0px 25px\">\n<li style=\"list-style-type: circle;margin: 5px\">N\u00facleo de fino nylon.<\/li>\n<li style=\"list-style-type: circle;margin: 5px\">Entorchada en aluminio.<\/li>\n<li style=\"list-style-type: circle;margin: 5px\">Ecological packaging.<\/li>\n<\/ul>\n<div>\n<div style=\"font-weight: bold\">N\u00facleo de fino nylon.<\/div>\n<div>\n<p>Para gran estabilidad y respuesta al arco. Dando un sonido suave y c\u00e1lido.<\/p>\n<\/div>\n<div style=\"font-weight: bold\">Entorchada en aluminio.<\/div>\n<div>\n<p>Gran proyecci\u00f3n sonora y afinaci\u00f3n estable.<\/p>\n<\/div>\n<div style=\"font-weight: bold\">Ecological packaging.<\/div>\n<div>\n<p>Ecological and corrosion resistant package to preserve the freshness of the strings.<\/p>\n<\/div>\n<\/div>\n<div>\n<h4>Characteristics<\/h4>\n<\/div>\n<div>\n<ul style=\"margin: 0px 0px 0px 25px\">\n<li style=\"list-style-type: circle;margin: 5px\">Tensi\u00f3n mediana.<\/li>\n<li style=\"list-style-type: circle;margin: 5px\">Fabricado en USA.<\/li>\n<li style=\"list-style-type: circle;margin: 5px\">Menos sensibles a los cambios de humedad y temperatura.<\/li>\n<\/ul>\n<\/div>\n<\/div>","protected":false},"excerpt":{"rendered":"<p>Cuerda individual La para viol\u00edn, serie Pro-Arte de D&#8217;Addario, escala 4\/4, tensi\u00f3n media, apta para violines de 4\/4 con una longitud de 13\u201d pulgadas (328 mm), acero de alto carbono esta\u00f1ado sin devanado, n\u00facleo sint\u00e9tico, tono c\u00e1lido y melodioso, menos sensible a los cambios de humedad y temperatura, acostumbramiento r\u00e1pido, maximiza la respuesta del arco, la combinaci\u00f3n tonal y la facilidad de uso, paquete ecol\u00f3gico y resistente a la corrosi\u00f3n para conservar la frescura delas cuerdas.&hellip; <a class=\"kt-excerpt-readmore more-link\" href=\"https:\/\/www.mexicanguitarplayers.com\/en\/tienda\/accesorios\/para-guitarras\/cuerdas-y-encordaduras\/cuerdas-d-addario-mod-j5602-4-4m\/\">Read more<\/a><\/p>","protected":false},"featured_media":32089,"comment_status":"open","ping_status":"closed","template":"","meta":{"kt_blocks_editor_width":""},"pwb-brand":[347],"product_brand":[],"product_cat":[85,337,336],"product_tag":[],"class_list":{"0":"post-32090","1":"product","2":"type-product","3":"status-publish","4":"has-post-thumbnail","6":"pwb-brand-d-addario","7":"product_cat-accesorios","8":"product_cat-cuerdas-y-encordaduras","9":"product_cat-para-guitarras","10":"product_shipping_class-0-5-kg-cuerdas","12":"first","13":"instock","14":"taxable","15":"shipping-taxable","16":"purchasable","17":"product-type-simple"},"yoast_head":"<!-- This site is optimized with the Yoast SEO plugin v27.5 - https:\/\/yoast.com\/product\/yoast-seo-wordpress\/ -->\n<title>CUERDAS D ADDARIO  MOD. J5602 4\/4M - Mexican Guitar Players<\/title>\n<meta name=\"description\" content=\"Cuerda individual La para viol\u00edn, serie Pro-Arte de D&#039;Addario, escala 4\/4, tensi\u00f3n media, apta para violines de 4\/4 con una longitud de 13\u201d pulgadas (328 mm), acero de alto carbono esta\u00f1ado sin devanado, n\u00facleo sint\u00e9tico, tono c\u00e1lido y melodioso, menos sensible a los cambios de humedad y temperatura, acostumbramiento r\u00e1pido, maximiza la respuesta del arco, la combinaci\u00f3n tonal y la facilidad de uso, paquete ecol\u00f3gico y resistente a la corrosi\u00f3n para conservar la frescura delas cuerdas.\" \/>\n<meta name=\"robots\" content=\"index, follow, max-snippet:-1, max-image-preview:large, max-video-preview:-1\" \/>\n<link rel=\"canonical\" href=\"https:\/\/www.mexicanguitarplayers.com\/en\/tienda\/sin%20categor\u00eda\/cuerdas-d-addario-mod-j5602-4-4m\/\" \/>\n<meta property=\"og:locale\" content=\"en_US\" \/>\n<meta property=\"og:type\" content=\"article\" \/>\n<meta property=\"og:title\" content=\"CUERDAS D ADDARIO  MOD. J5602 4\/4M - Mexican Guitar Players\" \/>\n<meta property=\"og:description\" content=\"Cuerda individual La para viol\u00edn, serie Pro-Arte de D&#039;Addario, escala 4\/4, tensi\u00f3n media, apta para violines de 4\/4 con una longitud de 13\u201d pulgadas (328 mm), acero de alto carbono esta\u00f1ado sin devanado, n\u00facleo sint\u00e9tico, tono c\u00e1lido y melodioso, menos sensible a los cambios de humedad y temperatura, acostumbramiento r\u00e1pido, maximiza la respuesta del arco, la combinaci\u00f3n tonal y la facilidad de uso, paquete ecol\u00f3gico y resistente a la corrosi\u00f3n para conservar la frescura delas cuerdas.\" \/>\n<meta property=\"og:url\" content=\"https:\/\/www.mexicanguitarplayers.com\/en\/tienda\/sin categor\u00eda\/cuerdas-d-addario-mod-j5602-4-4m\/\" \/>\n<meta property=\"og:site_name\" content=\"Mexican Guitar Players\" \/>\n<meta property=\"article:modified_time\" content=\"2026-05-01T13:23:42+00:00\" \/>\n<meta name=\"twitter:card\" content=\"summary_large_image\" \/>\n<meta name=\"twitter:label1\" content=\"Est. reading time\" \/>\n\t<meta name=\"twitter:data1\" content=\"1 minute\" \/>\n<script type=\"application\/ld+json\" class=\"yoast-schema-graph\">{\"@context\":\"https:\\\/\\\/schema.org\",\"@graph\":[{\"@type\":[\"WebPage\",\"ItemPage\"],\"@id\":\"https:\\\/\\\/www.mexicanguitarplayers.com\\\/tienda\\\/sin categor\u00eda\\\/cuerdas-d-addario-mod-j5602-4-4m\\\/\",\"url\":\"https:\\\/\\\/www.mexicanguitarplayers.com\\\/tienda\\\/sin categor\u00eda\\\/cuerdas-d-addario-mod-j5602-4-4m\\\/\",\"name\":\"CUERDAS D ADDARIO MOD. J5602 4\\\/4M - Mexican Guitar Players\",\"isPartOf\":{\"@id\":\"https:\\\/\\\/www.mexicanguitarplayers.com\\\/#website\"},\"primaryImageOfPage\":{\"@id\":\"https:\\\/\\\/www.mexicanguitarplayers.com\\\/tienda\\\/sin categor\u00eda\\\/cuerdas-d-addario-mod-j5602-4-4m\\\/#primaryimage\"},\"image\":{\"@id\":\"https:\\\/\\\/www.mexicanguitarplayers.com\\\/tienda\\\/sin categor\u00eda\\\/cuerdas-d-addario-mod-j5602-4-4m\\\/#primaryimage\"},\"thumbnailUrl\":\"https:\\\/\\\/www.mexicanguitarplayers.com\\\/wp-content\\\/uploads\\\/2025\\\/04\\\/RADADJ560244M.jpg\",\"datePublished\":\"2025-04-08T19:01:46+00:00\",\"dateModified\":\"2026-05-01T13:23:42+00:00\",\"description\":\"Cuerda individual La para viol\u00edn, serie Pro-Arte de D'Addario, escala 4\\\/4, tensi\u00f3n media, apta para violines de 4\\\/4 con una longitud de 13\u201d pulgadas (328 mm), acero de alto carbono esta\u00f1ado sin devanado, n\u00facleo sint\u00e9tico, tono c\u00e1lido y melodioso, menos sensible a los cambios de humedad y temperatura, acostumbramiento r\u00e1pido, maximiza la respuesta del arco, la combinaci\u00f3n tonal y la facilidad de uso, paquete ecol\u00f3gico y resistente a la corrosi\u00f3n para conservar la frescura delas cuerdas.\",\"breadcrumb\":{\"@id\":\"https:\\\/\\\/www.mexicanguitarplayers.com\\\/tienda\\\/sin categor\u00eda\\\/cuerdas-d-addario-mod-j5602-4-4m\\\/#breadcrumb\"},\"inLanguage\":\"en-US\",\"potentialAction\":[{\"@type\":\"ReadAction\",\"target\":[\"https:\\\/\\\/www.mexicanguitarplayers.com\\\/tienda\\\/sin categor\u00eda\\\/cuerdas-d-addario-mod-j5602-4-4m\\\/\"]}]},{\"@type\":\"ImageObject\",\"inLanguage\":\"en-US\",\"@id\":\"https:\\\/\\\/www.mexicanguitarplayers.com\\\/tienda\\\/sin categor\u00eda\\\/cuerdas-d-addario-mod-j5602-4-4m\\\/#primaryimage\",\"url\":\"https:\\\/\\\/www.mexicanguitarplayers.com\\\/wp-content\\\/uploads\\\/2025\\\/04\\\/RADADJ560244M.jpg\",\"contentUrl\":\"https:\\\/\\\/www.mexicanguitarplayers.com\\\/wp-content\\\/uploads\\\/2025\\\/04\\\/RADADJ560244M.jpg\",\"width\":1200,\"height\":1200},{\"@type\":\"BreadcrumbList\",\"@id\":\"https:\\\/\\\/www.mexicanguitarplayers.com\\\/tienda\\\/sin categor\u00eda\\\/cuerdas-d-addario-mod-j5602-4-4m\\\/#breadcrumb\",\"itemListElement\":[{\"@type\":\"ListItem\",\"position\":1,\"name\":\"Portada\",\"item\":\"https:\\\/\\\/www.mexicanguitarplayers.com\\\/\"},{\"@type\":\"ListItem\",\"position\":2,\"name\":\"Tienda\",\"item\":\"https:\\\/\\\/www.mexicanguitarplayers.com\\\/tienda\\\/\"},{\"@type\":\"ListItem\",\"position\":3,\"name\":\"CUERDAS D ADDARIO MOD. J5602 4\\\/4M\"}]},{\"@type\":\"WebSite\",\"@id\":\"https:\\\/\\\/www.mexicanguitarplayers.com\\\/#website\",\"url\":\"https:\\\/\\\/www.mexicanguitarplayers.com\\\/\",\"name\":\"Mexican Guitar Players\",\"description\":\"Website\",\"publisher\":{\"@id\":\"https:\\\/\\\/www.mexicanguitarplayers.com\\\/#organization\"},\"potentialAction\":[{\"@type\":\"SearchAction\",\"target\":{\"@type\":\"EntryPoint\",\"urlTemplate\":\"https:\\\/\\\/www.mexicanguitarplayers.com\\\/?s={search_term_string}\"},\"query-input\":{\"@type\":\"PropertyValueSpecification\",\"valueRequired\":true,\"valueName\":\"search_term_string\"}}],\"inLanguage\":\"en-US\"},{\"@type\":\"Organization\",\"@id\":\"https:\\\/\\\/www.mexicanguitarplayers.com\\\/#organization\",\"name\":\"Mexican Guitar Players\",\"url\":\"https:\\\/\\\/www.mexicanguitarplayers.com\\\/\",\"logo\":{\"@type\":\"ImageObject\",\"inLanguage\":\"en-US\",\"@id\":\"https:\\\/\\\/www.mexicanguitarplayers.com\\\/#\\\/schema\\\/logo\\\/image\\\/\",\"url\":\"\",\"contentUrl\":\"\",\"caption\":\"Mexican Guitar Players\"},\"image\":{\"@id\":\"https:\\\/\\\/www.mexicanguitarplayers.com\\\/#\\\/schema\\\/logo\\\/image\\\/\"}}]}<\/script>\n<!-- \/ Yoast SEO plugin. -->","yoast_head_json":{"title":"CUERDAS D ADDARIO  MOD. J5602 4\/4M - Mexican Guitar Players","description":"Cuerda individual La para viol\u00edn, serie Pro-Arte de D'Addario, escala 4\/4, tensi\u00f3n media, apta para violines de 4\/4 con una longitud de 13\u201d pulgadas (328 mm), acero de alto carbono esta\u00f1ado sin devanado, n\u00facleo sint\u00e9tico, tono c\u00e1lido y melodioso, menos sensible a los cambios de humedad y temperatura, acostumbramiento r\u00e1pido, maximiza la respuesta del arco, la combinaci\u00f3n tonal y la facilidad de uso, paquete ecol\u00f3gico y resistente a la corrosi\u00f3n para conservar la frescura delas cuerdas.","robots":{"index":"index","follow":"follow","max-snippet":"max-snippet:-1","max-image-preview":"max-image-preview:large","max-video-preview":"max-video-preview:-1"},"canonical":"https:\/\/www.mexicanguitarplayers.com\/en\/tienda\/sin categor\u00eda\/cuerdas-d-addario-mod-j5602-4-4m\/","og_locale":"en_US","og_type":"article","og_title":"CUERDAS D ADDARIO  MOD. J5602 4\/4M - Mexican Guitar Players","og_description":"Cuerda individual La para viol\u00edn, serie Pro-Arte de D'Addario, escala 4\/4, tensi\u00f3n media, apta para violines de 4\/4 con una longitud de 13\u201d pulgadas (328 mm), acero de alto carbono esta\u00f1ado sin devanado, n\u00facleo sint\u00e9tico, tono c\u00e1lido y melodioso, menos sensible a los cambios de humedad y temperatura, acostumbramiento r\u00e1pido, maximiza la respuesta del arco, la combinaci\u00f3n tonal y la facilidad de uso, paquete ecol\u00f3gico y resistente a la corrosi\u00f3n para conservar la frescura delas cuerdas.","og_url":"https:\/\/www.mexicanguitarplayers.com\/en\/tienda\/sin categor\u00eda\/cuerdas-d-addario-mod-j5602-4-4m\/","og_site_name":"Mexican Guitar Players","article_modified_time":"2026-05-01T13:23:42+00:00","twitter_card":"summary_large_image","twitter_misc":{"Est. reading time":"1 minute"},"schema":{"@context":"https:\/\/schema.org","@graph":[{"@type":["WebPage","ItemPage"],"@id":"https:\/\/www.mexicanguitarplayers.com\/tienda\/sin categor\u00eda\/cuerdas-d-addario-mod-j5602-4-4m\/","url":"https:\/\/www.mexicanguitarplayers.com\/tienda\/sin categor\u00eda\/cuerdas-d-addario-mod-j5602-4-4m\/","name":"CUERDAS D ADDARIO MOD. J5602 4\/4M - Mexican Guitar Players","isPartOf":{"@id":"https:\/\/www.mexicanguitarplayers.com\/#website"},"primaryImageOfPage":{"@id":"https:\/\/www.mexicanguitarplayers.com\/tienda\/sin categor\u00eda\/cuerdas-d-addario-mod-j5602-4-4m\/#primaryimage"},"image":{"@id":"https:\/\/www.mexicanguitarplayers.com\/tienda\/sin categor\u00eda\/cuerdas-d-addario-mod-j5602-4-4m\/#primaryimage"},"thumbnailUrl":"https:\/\/www.mexicanguitarplayers.com\/wp-content\/uploads\/2025\/04\/RADADJ560244M.jpg","datePublished":"2025-04-08T19:01:46+00:00","dateModified":"2026-05-01T13:23:42+00:00","description":"Cuerda individual La para viol\u00edn, serie Pro-Arte de D'Addario, escala 4\/4, tensi\u00f3n media, apta para violines de 4\/4 con una longitud de 13\u201d pulgadas (328 mm), acero de alto carbono esta\u00f1ado sin devanado, n\u00facleo sint\u00e9tico, tono c\u00e1lido y melodioso, menos sensible a los cambios de humedad y temperatura, acostumbramiento r\u00e1pido, maximiza la respuesta del arco, la combinaci\u00f3n tonal y la facilidad de uso, paquete ecol\u00f3gico y resistente a la corrosi\u00f3n para conservar la frescura delas cuerdas.","breadcrumb":{"@id":"https:\/\/www.mexicanguitarplayers.com\/tienda\/sin categor\u00eda\/cuerdas-d-addario-mod-j5602-4-4m\/#breadcrumb"},"inLanguage":"en-US","potentialAction":[{"@type":"ReadAction","target":["https:\/\/www.mexicanguitarplayers.com\/tienda\/sin categor\u00eda\/cuerdas-d-addario-mod-j5602-4-4m\/"]}]},{"@type":"ImageObject","inLanguage":"en-US","@id":"https:\/\/www.mexicanguitarplayers.com\/tienda\/sin categor\u00eda\/cuerdas-d-addario-mod-j5602-4-4m\/#primaryimage","url":"https:\/\/www.mexicanguitarplayers.com\/wp-content\/uploads\/2025\/04\/RADADJ560244M.jpg","contentUrl":"https:\/\/www.mexicanguitarplayers.com\/wp-content\/uploads\/2025\/04\/RADADJ560244M.jpg","width":1200,"height":1200},{"@type":"BreadcrumbList","@id":"https:\/\/www.mexicanguitarplayers.com\/tienda\/sin categor\u00eda\/cuerdas-d-addario-mod-j5602-4-4m\/#breadcrumb","itemListElement":[{"@type":"ListItem","position":1,"name":"Portada","item":"https:\/\/www.mexicanguitarplayers.com\/"},{"@type":"ListItem","position":2,"name":"Tienda","item":"https:\/\/www.mexicanguitarplayers.com\/tienda\/"},{"@type":"ListItem","position":3,"name":"CUERDAS D ADDARIO MOD. J5602 4\/4M"}]},{"@type":"WebSite","@id":"https:\/\/www.mexicanguitarplayers.com\/#website","url":"https:\/\/www.mexicanguitarplayers.com\/","name":"Mexican Guitar Players","description":"Website","publisher":{"@id":"https:\/\/www.mexicanguitarplayers.com\/#organization"},"potentialAction":[{"@type":"SearchAction","target":{"@type":"EntryPoint","urlTemplate":"https:\/\/www.mexicanguitarplayers.com\/?s={search_term_string}"},"query-input":{"@type":"PropertyValueSpecification","valueRequired":true,"valueName":"search_term_string"}}],"inLanguage":"en-US"},{"@type":"Organization","@id":"https:\/\/www.mexicanguitarplayers.com\/#organization","name":"Mexican Guitar Players","url":"https:\/\/www.mexicanguitarplayers.com\/","logo":{"@type":"ImageObject","inLanguage":"en-US","@id":"https:\/\/www.mexicanguitarplayers.com\/#\/schema\/logo\/image\/","url":"","contentUrl":"","caption":"Mexican Guitar Players"},"image":{"@id":"https:\/\/www.mexicanguitarplayers.com\/#\/schema\/logo\/image\/"}}]}},"brands":[{"id":347,"name":"D ADDARIO","slug":"d-addario"}],"_links":{"self":[{"href":"https:\/\/www.mexicanguitarplayers.com\/en\/wp-json\/wp\/v2\/product\/32090","targetHints":{"allow":["GET"]}}],"collection":[{"href":"https:\/\/www.mexicanguitarplayers.com\/en\/wp-json\/wp\/v2\/product"}],"about":[{"href":"https:\/\/www.mexicanguitarplayers.com\/en\/wp-json\/wp\/v2\/types\/product"}],"replies":[{"embeddable":true,"href":"https:\/\/www.mexicanguitarplayers.com\/en\/wp-json\/wp\/v2\/comments?post=32090"}],"wp:featuredmedia":[{"embeddable":true,"href":"https:\/\/www.mexicanguitarplayers.com\/en\/wp-json\/wp\/v2\/media\/32089"}],"wp:attachment":[{"href":"https:\/\/www.mexicanguitarplayers.com\/en\/wp-json\/wp\/v2\/media?parent=32090"}],"wp:term":[{"taxonomy":"pwb-brand","embeddable":true,"href":"https:\/\/www.mexicanguitarplayers.com\/en\/wp-json\/wp\/v2\/pwb-brand?post=32090"},{"taxonomy":"product_brand","embeddable":true,"href":"https:\/\/www.mexicanguitarplayers.com\/en\/wp-json\/wp\/v2\/product_brand?post=32090"},{"taxonomy":"product_cat","embeddable":true,"href":"https:\/\/www.mexicanguitarplayers.com\/en\/wp-json\/wp\/v2\/product_cat?post=32090"},{"taxonomy":"product_tag","embeddable":true,"href":"https:\/\/www.mexicanguitarplayers.com\/en\/wp-json\/wp\/v2\/product_tag?post=32090"}],"curies":[{"name":"wp","href":"https:\/\/api.w.org\/{rel}","templated":true}]}}