{"id":32138,"date":"2025-04-08T13:02:50","date_gmt":"2025-04-08T19:02:50","guid":{"rendered":"https:\/\/www.mexicanguitarplayers.com\/tienda\/sin categor\u00eda\/pedal-behringer-cs400-compressor-sustai\/"},"modified":"2025-12-22T22:16:14","modified_gmt":"2025-12-23T04:16:14","slug":"pedal-behringer-cs400-compressor-sustai","status":"publish","type":"product","link":"https:\/\/www.mexicanguitarplayers.com\/en\/tienda\/cuerdas\/efectos\/efectos-individuales\/pedal-behringer-cs400-compressor-sustai\/","title":{"rendered":"PEDAL BEHRINGER CS400 COMPRESSOR\/SUSTAI."},"content":{"rendered":"<div style=\"text-align: justify\">\n<div>\n<h3>M\u00e1s potencia y definici\u00f3n.<\/h3>\n<\/div>\n<div>El pedal CS-400 de Behringer te ayudar\u00e1 a transmitir toda la emoci\u00f3n, sea un sensual solo de blues sensual o el riff incesante y seguro del metal, la definici\u00f3n ser\u00e1 clara y brillante. La compresi\u00f3n del CS-400 de Behringer suavizar\u00e1 los sonidos fuertes y mejorar\u00e1 los niveles graves de tu se\u00f1al para mantener uniforme todo lo dem\u00e1s, por lo tanto, la labor principal de este pedal, es hacer que cada nota suene con el mismo volumen. Los nuevos pedales de Behringer cuentan con un dise\u00f1o especial que los hace m\u00e1s duraderos y atractivos. Tu pedal CS-400 de Behringer har\u00e1 sonar tus frases, solos y acompa\u00f1amientos totalmente limpios, definidos y potentes.<\/div>\n<div>\n<h4>Quick look<\/h4>\n<\/div>\n<ul style=\"margin: 0px 0px 0px 25px\">\n<li style=\"list-style-type: circle;margin: 5px\">Level and tone controls.<\/li>\n<li style=\"list-style-type: circle;margin: 5px\">Entrance.<\/li>\n<li style=\"list-style-type: circle;margin: 5px\">Departure.<\/li>\n<li style=\"list-style-type: circle;margin: 5px\">Power supply.<\/li>\n<li style=\"list-style-type: circle;margin: 5px\">Dimensions.<\/li>\n<li style=\"list-style-type: circle;margin: 5px\">Weight.<\/li>\n<\/ul>\n<div>\n<div style=\"font-weight: bold\">Level and tone controls.<\/div>\n<div>\n<p>Control de nivel: Te permite ajustar la salida o controlar el aumento de volumen.Control de tono: Te permite a\u00f1adir exactamente el nivel correcto de matices, desde el sonido limpio, pasando por el calor de la distorsi\u00f3n teniendo la misma definici\u00f3n, el CS400 est\u00e1 construido para hacer que tu sonido sea el centro de atenci\u00f3n.<\/p>\n<\/div>\n<div style=\"font-weight: bold\">Entrance.<\/div>\n<div>\n<p>Conector Jack mono de 6.3 mm.Impedancia: 1 mohm.<\/p>\n<\/div>\n<div style=\"font-weight: bold\">Departure.<\/div>\n<div>\n<p>Conector: Jack mono de 6,3 mm.Impedancia: 1 kohm.<\/p>\n<\/div>\n<div style=\"font-weight: bold\">Power supply.<\/div>\n<div>\n<p>9V, 100 mA regulada.120V, 60 Hz.Conector de alimentaci\u00f3n: Jack DC de 2 mm, centro negativo.Bater\u00eda: 9V tipo 6LR61.Consumo de potencia: 30 mA.<\/p>\n<\/div>\n<div style=\"font-weight: bold\">Dimensions.<\/div>\n<div>\n<p>54 x 70 x 123 mm.<\/p>\n<\/div>\n<div style=\"font-weight: bold\">Weight.<\/div>\n<div>\n<p>0.33 kg.<\/p>\n<\/div>\n<\/div>\n<\/div>","protected":false},"excerpt":{"rendered":"<p>Pedal compresor din\u00e1mico para guitarra, obt\u00e9n una compresi\u00f3n s\u00faper suave y un sustain sin fin, alta compresi\u00f3n y aumento de las se\u00f1ales graves sin degradar el sonido original, controles dedicados de Level, Tone, Attack y Sustain para una formaci\u00f3n impresionante del sonido, LED de estado para activar y desactivar efectos y verificar la bater\u00eda, funciona con una pila de 9V o con un adaptador de corriente PSU-SB DC de Behringer (no incluido), interruptor de primera clase de On\/Off para una mayor integridad de se\u00f1al en modo by-pass, dimensiones: 54 x 70 x 123 mm, peso: 0.33 kg.&hellip; <a class=\"kt-excerpt-readmore more-link\" href=\"https:\/\/www.mexicanguitarplayers.com\/en\/tienda\/cuerdas\/efectos\/efectos-individuales\/pedal-behringer-cs400-compressor-sustai\/\">Read more<\/a><\/p>","protected":false},"featured_media":32135,"comment_status":"open","ping_status":"closed","template":"","meta":{"kt_blocks_editor_width":""},"pwb-brand":[171],"product_brand":[],"product_cat":[224,241,504],"product_tag":[],"class_list":{"0":"post-32138","1":"product","2":"type-product","3":"status-publish","4":"has-post-thumbnail","6":"pwb-brand-behringer","7":"product_cat-cuerdas","8":"product_cat-efectos","9":"product_cat-efectos-individuales","10":"product_shipping_class-0-5-kg","12":"first","13":"outofstock","14":"taxable","15":"shipping-taxable","16":"purchasable","17":"product-type-simple"},"yoast_head":"<!-- This site is optimized with the Yoast SEO plugin v27.3 - https:\/\/yoast.com\/product\/yoast-seo-wordpress\/ -->\n<title>PEDAL BEHRINGER CS400 COMPRESSOR\/SUSTAI. - Mexican Guitar Players<\/title>\n<meta name=\"description\" content=\"Pedal compresor din\u00e1mico para guitarra, obt\u00e9n una compresi\u00f3n s\u00faper suave y un sustain sin fin, alta compresi\u00f3n y aumento de las se\u00f1ales graves sin degradar el sonido original, controles dedicados de Level, Tone, Attack y Sustain para una formaci\u00f3n impresionante del sonido, LED de estado para activar y desactivar efectos y verificar la bater\u00eda, funciona con una pila de 9V o con un adaptador de corriente PSU-SB DC de Behringer (no incluido), interruptor de primera clase de On\/Off para una mayor integridad de se\u00f1al en modo by-pass, dimensiones: 54 x 70 x 123 mm, peso: 0.33 kg.\" \/>\n<meta name=\"robots\" content=\"index, follow, max-snippet:-1, max-image-preview:large, max-video-preview:-1\" \/>\n<link rel=\"canonical\" href=\"https:\/\/www.mexicanguitarplayers.com\/en\/tienda\/sin%20categor\u00eda\/pedal-behringer-cs400-compressor-sustai\/\" \/>\n<meta property=\"og:locale\" content=\"en_US\" \/>\n<meta property=\"og:type\" content=\"article\" \/>\n<meta property=\"og:title\" content=\"PEDAL BEHRINGER CS400 COMPRESSOR\/SUSTAI. - Mexican Guitar Players\" \/>\n<meta property=\"og:description\" content=\"Pedal compresor din\u00e1mico para guitarra, obt\u00e9n una compresi\u00f3n s\u00faper suave y un sustain sin fin, alta compresi\u00f3n y aumento de las se\u00f1ales graves sin degradar el sonido original, controles dedicados de Level, Tone, Attack y Sustain para una formaci\u00f3n impresionante del sonido, LED de estado para activar y desactivar efectos y verificar la bater\u00eda, funciona con una pila de 9V o con un adaptador de corriente PSU-SB DC de Behringer (no incluido), interruptor de primera clase de On\/Off para una mayor integridad de se\u00f1al en modo by-pass, dimensiones: 54 x 70 x 123 mm, peso: 0.33 kg.\" \/>\n<meta property=\"og:url\" content=\"https:\/\/www.mexicanguitarplayers.com\/en\/tienda\/sin categor\u00eda\/pedal-behringer-cs400-compressor-sustai\/\" \/>\n<meta property=\"og:site_name\" content=\"Mexican Guitar Players\" \/>\n<meta property=\"article:modified_time\" content=\"2025-12-23T04:16:14+00:00\" \/>\n<meta name=\"twitter:card\" content=\"summary_large_image\" \/>\n<meta name=\"twitter:label1\" content=\"Est. reading time\" \/>\n\t<meta name=\"twitter:data1\" content=\"1 minute\" \/>\n<script type=\"application\/ld+json\" class=\"yoast-schema-graph\">{\"@context\":\"https:\\\/\\\/schema.org\",\"@graph\":[{\"@type\":[\"WebPage\",\"ItemPage\"],\"@id\":\"https:\\\/\\\/www.mexicanguitarplayers.com\\\/tienda\\\/sin categor\u00eda\\\/pedal-behringer-cs400-compressor-sustai\\\/\",\"url\":\"https:\\\/\\\/www.mexicanguitarplayers.com\\\/tienda\\\/sin categor\u00eda\\\/pedal-behringer-cs400-compressor-sustai\\\/\",\"name\":\"PEDAL BEHRINGER CS400 COMPRESSOR\\\/SUSTAI. - Mexican Guitar Players\",\"isPartOf\":{\"@id\":\"https:\\\/\\\/www.mexicanguitarplayers.com\\\/#website\"},\"primaryImageOfPage\":{\"@id\":\"https:\\\/\\\/www.mexicanguitarplayers.com\\\/tienda\\\/sin categor\u00eda\\\/pedal-behringer-cs400-compressor-sustai\\\/#primaryimage\"},\"image\":{\"@id\":\"https:\\\/\\\/www.mexicanguitarplayers.com\\\/tienda\\\/sin categor\u00eda\\\/pedal-behringer-cs400-compressor-sustai\\\/#primaryimage\"},\"thumbnailUrl\":\"https:\\\/\\\/www.mexicanguitarplayers.com\\\/wp-content\\\/uploads\\\/2025\\\/04\\\/VABEHCS400.jpg\",\"datePublished\":\"2025-04-08T19:02:50+00:00\",\"dateModified\":\"2025-12-23T04:16:14+00:00\",\"description\":\"Pedal compresor din\u00e1mico para guitarra, obt\u00e9n una compresi\u00f3n s\u00faper suave y un sustain sin fin, alta compresi\u00f3n y aumento de las se\u00f1ales graves sin degradar el sonido original, controles dedicados de Level, Tone, Attack y Sustain para una formaci\u00f3n impresionante del sonido, LED de estado para activar y desactivar efectos y verificar la bater\u00eda, funciona con una pila de 9V o con un adaptador de corriente PSU-SB DC de Behringer (no incluido), interruptor de primera clase de On\\\/Off para una mayor integridad de se\u00f1al en modo by-pass, dimensiones: 54 x 70 x 123 mm, peso: 0.33 kg.\",\"breadcrumb\":{\"@id\":\"https:\\\/\\\/www.mexicanguitarplayers.com\\\/tienda\\\/sin categor\u00eda\\\/pedal-behringer-cs400-compressor-sustai\\\/#breadcrumb\"},\"inLanguage\":\"en-US\",\"potentialAction\":[{\"@type\":\"ReadAction\",\"target\":[\"https:\\\/\\\/www.mexicanguitarplayers.com\\\/tienda\\\/sin categor\u00eda\\\/pedal-behringer-cs400-compressor-sustai\\\/\"]}]},{\"@type\":\"ImageObject\",\"inLanguage\":\"en-US\",\"@id\":\"https:\\\/\\\/www.mexicanguitarplayers.com\\\/tienda\\\/sin categor\u00eda\\\/pedal-behringer-cs400-compressor-sustai\\\/#primaryimage\",\"url\":\"https:\\\/\\\/www.mexicanguitarplayers.com\\\/wp-content\\\/uploads\\\/2025\\\/04\\\/VABEHCS400.jpg\",\"contentUrl\":\"https:\\\/\\\/www.mexicanguitarplayers.com\\\/wp-content\\\/uploads\\\/2025\\\/04\\\/VABEHCS400.jpg\",\"width\":1200,\"height\":1200},{\"@type\":\"BreadcrumbList\",\"@id\":\"https:\\\/\\\/www.mexicanguitarplayers.com\\\/tienda\\\/sin categor\u00eda\\\/pedal-behringer-cs400-compressor-sustai\\\/#breadcrumb\",\"itemListElement\":[{\"@type\":\"ListItem\",\"position\":1,\"name\":\"Portada\",\"item\":\"https:\\\/\\\/www.mexicanguitarplayers.com\\\/\"},{\"@type\":\"ListItem\",\"position\":2,\"name\":\"Tienda\",\"item\":\"https:\\\/\\\/www.mexicanguitarplayers.com\\\/tienda\\\/\"},{\"@type\":\"ListItem\",\"position\":3,\"name\":\"PEDAL BEHRINGER CS400 COMPRESSOR\\\/SUSTAI.\"}]},{\"@type\":\"WebSite\",\"@id\":\"https:\\\/\\\/www.mexicanguitarplayers.com\\\/#website\",\"url\":\"https:\\\/\\\/www.mexicanguitarplayers.com\\\/\",\"name\":\"Mexican Guitar Players\",\"description\":\"Website\",\"publisher\":{\"@id\":\"https:\\\/\\\/www.mexicanguitarplayers.com\\\/#organization\"},\"potentialAction\":[{\"@type\":\"SearchAction\",\"target\":{\"@type\":\"EntryPoint\",\"urlTemplate\":\"https:\\\/\\\/www.mexicanguitarplayers.com\\\/?s={search_term_string}\"},\"query-input\":{\"@type\":\"PropertyValueSpecification\",\"valueRequired\":true,\"valueName\":\"search_term_string\"}}],\"inLanguage\":\"en-US\"},{\"@type\":\"Organization\",\"@id\":\"https:\\\/\\\/www.mexicanguitarplayers.com\\\/#organization\",\"name\":\"Mexican Guitar Players\",\"url\":\"https:\\\/\\\/www.mexicanguitarplayers.com\\\/\",\"logo\":{\"@type\":\"ImageObject\",\"inLanguage\":\"en-US\",\"@id\":\"https:\\\/\\\/www.mexicanguitarplayers.com\\\/#\\\/schema\\\/logo\\\/image\\\/\",\"url\":\"\",\"contentUrl\":\"\",\"caption\":\"Mexican Guitar Players\"},\"image\":{\"@id\":\"https:\\\/\\\/www.mexicanguitarplayers.com\\\/#\\\/schema\\\/logo\\\/image\\\/\"}}]}<\/script>\n<!-- \/ Yoast SEO plugin. -->","yoast_head_json":{"title":"PEDAL BEHRINGER CS400 COMPRESSOR\/SUSTAI. - Mexican Guitar Players","description":"Pedal compresor din\u00e1mico para guitarra, obt\u00e9n una compresi\u00f3n s\u00faper suave y un sustain sin fin, alta compresi\u00f3n y aumento de las se\u00f1ales graves sin degradar el sonido original, controles dedicados de Level, Tone, Attack y Sustain para una formaci\u00f3n impresionante del sonido, LED de estado para activar y desactivar efectos y verificar la bater\u00eda, funciona con una pila de 9V o con un adaptador de corriente PSU-SB DC de Behringer (no incluido), interruptor de primera clase de On\/Off para una mayor integridad de se\u00f1al en modo by-pass, dimensiones: 54 x 70 x 123 mm, peso: 0.33 kg.","robots":{"index":"index","follow":"follow","max-snippet":"max-snippet:-1","max-image-preview":"max-image-preview:large","max-video-preview":"max-video-preview:-1"},"canonical":"https:\/\/www.mexicanguitarplayers.com\/en\/tienda\/sin categor\u00eda\/pedal-behringer-cs400-compressor-sustai\/","og_locale":"en_US","og_type":"article","og_title":"PEDAL BEHRINGER CS400 COMPRESSOR\/SUSTAI. - Mexican Guitar Players","og_description":"Pedal compresor din\u00e1mico para guitarra, obt\u00e9n una compresi\u00f3n s\u00faper suave y un sustain sin fin, alta compresi\u00f3n y aumento de las se\u00f1ales graves sin degradar el sonido original, controles dedicados de Level, Tone, Attack y Sustain para una formaci\u00f3n impresionante del sonido, LED de estado para activar y desactivar efectos y verificar la bater\u00eda, funciona con una pila de 9V o con un adaptador de corriente PSU-SB DC de Behringer (no incluido), interruptor de primera clase de On\/Off para una mayor integridad de se\u00f1al en modo by-pass, dimensiones: 54 x 70 x 123 mm, peso: 0.33 kg.","og_url":"https:\/\/www.mexicanguitarplayers.com\/en\/tienda\/sin categor\u00eda\/pedal-behringer-cs400-compressor-sustai\/","og_site_name":"Mexican Guitar Players","article_modified_time":"2025-12-23T04:16:14+00:00","twitter_card":"summary_large_image","twitter_misc":{"Est. reading time":"1 minute"},"schema":{"@context":"https:\/\/schema.org","@graph":[{"@type":["WebPage","ItemPage"],"@id":"https:\/\/www.mexicanguitarplayers.com\/tienda\/sin categor\u00eda\/pedal-behringer-cs400-compressor-sustai\/","url":"https:\/\/www.mexicanguitarplayers.com\/tienda\/sin categor\u00eda\/pedal-behringer-cs400-compressor-sustai\/","name":"PEDAL BEHRINGER CS400 COMPRESSOR\/SUSTAI. - Mexican Guitar Players","isPartOf":{"@id":"https:\/\/www.mexicanguitarplayers.com\/#website"},"primaryImageOfPage":{"@id":"https:\/\/www.mexicanguitarplayers.com\/tienda\/sin categor\u00eda\/pedal-behringer-cs400-compressor-sustai\/#primaryimage"},"image":{"@id":"https:\/\/www.mexicanguitarplayers.com\/tienda\/sin categor\u00eda\/pedal-behringer-cs400-compressor-sustai\/#primaryimage"},"thumbnailUrl":"https:\/\/www.mexicanguitarplayers.com\/wp-content\/uploads\/2025\/04\/VABEHCS400.jpg","datePublished":"2025-04-08T19:02:50+00:00","dateModified":"2025-12-23T04:16:14+00:00","description":"Pedal compresor din\u00e1mico para guitarra, obt\u00e9n una compresi\u00f3n s\u00faper suave y un sustain sin fin, alta compresi\u00f3n y aumento de las se\u00f1ales graves sin degradar el sonido original, controles dedicados de Level, Tone, Attack y Sustain para una formaci\u00f3n impresionante del sonido, LED de estado para activar y desactivar efectos y verificar la bater\u00eda, funciona con una pila de 9V o con un adaptador de corriente PSU-SB DC de Behringer (no incluido), interruptor de primera clase de On\/Off para una mayor integridad de se\u00f1al en modo by-pass, dimensiones: 54 x 70 x 123 mm, peso: 0.33 kg.","breadcrumb":{"@id":"https:\/\/www.mexicanguitarplayers.com\/tienda\/sin categor\u00eda\/pedal-behringer-cs400-compressor-sustai\/#breadcrumb"},"inLanguage":"en-US","potentialAction":[{"@type":"ReadAction","target":["https:\/\/www.mexicanguitarplayers.com\/tienda\/sin categor\u00eda\/pedal-behringer-cs400-compressor-sustai\/"]}]},{"@type":"ImageObject","inLanguage":"en-US","@id":"https:\/\/www.mexicanguitarplayers.com\/tienda\/sin categor\u00eda\/pedal-behringer-cs400-compressor-sustai\/#primaryimage","url":"https:\/\/www.mexicanguitarplayers.com\/wp-content\/uploads\/2025\/04\/VABEHCS400.jpg","contentUrl":"https:\/\/www.mexicanguitarplayers.com\/wp-content\/uploads\/2025\/04\/VABEHCS400.jpg","width":1200,"height":1200},{"@type":"BreadcrumbList","@id":"https:\/\/www.mexicanguitarplayers.com\/tienda\/sin categor\u00eda\/pedal-behringer-cs400-compressor-sustai\/#breadcrumb","itemListElement":[{"@type":"ListItem","position":1,"name":"Portada","item":"https:\/\/www.mexicanguitarplayers.com\/"},{"@type":"ListItem","position":2,"name":"Tienda","item":"https:\/\/www.mexicanguitarplayers.com\/tienda\/"},{"@type":"ListItem","position":3,"name":"PEDAL BEHRINGER CS400 COMPRESSOR\/SUSTAI."}]},{"@type":"WebSite","@id":"https:\/\/www.mexicanguitarplayers.com\/#website","url":"https:\/\/www.mexicanguitarplayers.com\/","name":"Mexican Guitar Players","description":"Website","publisher":{"@id":"https:\/\/www.mexicanguitarplayers.com\/#organization"},"potentialAction":[{"@type":"SearchAction","target":{"@type":"EntryPoint","urlTemplate":"https:\/\/www.mexicanguitarplayers.com\/?s={search_term_string}"},"query-input":{"@type":"PropertyValueSpecification","valueRequired":true,"valueName":"search_term_string"}}],"inLanguage":"en-US"},{"@type":"Organization","@id":"https:\/\/www.mexicanguitarplayers.com\/#organization","name":"Mexican Guitar Players","url":"https:\/\/www.mexicanguitarplayers.com\/","logo":{"@type":"ImageObject","inLanguage":"en-US","@id":"https:\/\/www.mexicanguitarplayers.com\/#\/schema\/logo\/image\/","url":"","contentUrl":"","caption":"Mexican Guitar Players"},"image":{"@id":"https:\/\/www.mexicanguitarplayers.com\/#\/schema\/logo\/image\/"}}]}},"brands":[{"id":171,"name":"BEHRINGER","slug":"behringer"}],"_links":{"self":[{"href":"https:\/\/www.mexicanguitarplayers.com\/en\/wp-json\/wp\/v2\/product\/32138","targetHints":{"allow":["GET"]}}],"collection":[{"href":"https:\/\/www.mexicanguitarplayers.com\/en\/wp-json\/wp\/v2\/product"}],"about":[{"href":"https:\/\/www.mexicanguitarplayers.com\/en\/wp-json\/wp\/v2\/types\/product"}],"replies":[{"embeddable":true,"href":"https:\/\/www.mexicanguitarplayers.com\/en\/wp-json\/wp\/v2\/comments?post=32138"}],"wp:featuredmedia":[{"embeddable":true,"href":"https:\/\/www.mexicanguitarplayers.com\/en\/wp-json\/wp\/v2\/media\/32135"}],"wp:attachment":[{"href":"https:\/\/www.mexicanguitarplayers.com\/en\/wp-json\/wp\/v2\/media?parent=32138"}],"wp:term":[{"taxonomy":"pwb-brand","embeddable":true,"href":"https:\/\/www.mexicanguitarplayers.com\/en\/wp-json\/wp\/v2\/pwb-brand?post=32138"},{"taxonomy":"product_brand","embeddable":true,"href":"https:\/\/www.mexicanguitarplayers.com\/en\/wp-json\/wp\/v2\/product_brand?post=32138"},{"taxonomy":"product_cat","embeddable":true,"href":"https:\/\/www.mexicanguitarplayers.com\/en\/wp-json\/wp\/v2\/product_cat?post=32138"},{"taxonomy":"product_tag","embeddable":true,"href":"https:\/\/www.mexicanguitarplayers.com\/en\/wp-json\/wp\/v2\/product_tag?post=32138"}],"curies":[{"name":"wp","href":"https:\/\/api.w.org\/{rel}","templated":true}]}}