{"id":32148,"date":"2025-04-08T13:03:04","date_gmt":"2025-04-08T19:03:04","guid":{"rendered":"https:\/\/www.mexicanguitarplayers.com\/tienda\/sin categor\u00eda\/guitarra-schecter-electrica-v-1-custom\/"},"modified":"2026-04-10T04:33:54","modified_gmt":"2026-04-10T10:33:54","slug":"guitarra-schecter-electrica-v-1-custom","status":"publish","type":"product","link":"https:\/\/www.mexicanguitarplayers.com\/en\/tienda\/cuerdas\/guitarras-cuerdas\/electricas\/guitarras-electricas-solidas\/guitarra-schecter-electrica-v-1-custom\/","title":{"rendered":"GUITARRA SCHECTER ELECTRICA V-1 CUSTOM"},"content":{"rendered":"<div style=\"text-align: justify\">\n<div>\n<h3>Tonos Schecter incomparables.<\/h3>\n<\/div>\n<div>Nuestra serie de guitarras Custom es grande y audaz. Cuenta con incrustaciones de grandes bloques de perla y nuestras propias pastillas Schecter hechas a mano en USA y se ha convertido en una definitiva colecci\u00f3n de guitarras de batalla. Con estilos de cuerpo Schecter m\u00e1s notables, componentes de calidad y colores vibrantes en tapas de maple, estas guitarras ser\u00e1n tus modelos a llevar para el estudio y el escenario.<\/div>\n<div>\n<h4>Quick look<\/h4>\n<\/div>\n<ul style=\"margin: 0px 0px 0px 25px\">\n<li style=\"list-style-type: circle;margin: 5px\">Kind.<\/li>\n<li style=\"list-style-type: circle;margin: 5px\">Cuerpo.<\/li>\n<li style=\"list-style-type: circle;margin: 5px\">Material de la tapa.<\/li>\n<li style=\"list-style-type: circle;margin: 5px\">Contorno de la tapa.<\/li>\n<li style=\"list-style-type: circle;margin: 5px\">Arm.<\/li>\n<li style=\"list-style-type: circle;margin: 5px\">Diapason.<\/li>\n<li style=\"list-style-type: circle;margin: 5px\">Uni\u00f3n.<\/li>\n<li style=\"list-style-type: circle;margin: 5px\">Scale.<\/li>\n<li style=\"list-style-type: circle;margin: 5px\">Scale.<\/li>\n<li style=\"list-style-type: circle;margin: 5px\">Frets<\/li>\n<li style=\"list-style-type: circle;margin: 5px\">Radio del diapas\u00f3n.<\/li>\n<li style=\"list-style-type: circle;margin: 5px\">Forma del brazo.<\/li>\n<li style=\"list-style-type: circle;margin: 5px\">Espesor.<\/li>\n<li style=\"list-style-type: circle;margin: 5px\">Nut.<\/li>\n<li style=\"list-style-type: circle;margin: 5px\">Ancho de la cejuela.<\/li>\n<li style=\"list-style-type: circle;margin: 5px\">Soul.<\/li>\n<li style=\"list-style-type: circle;margin: 5px\">Pastillas.<\/li>\n<li style=\"list-style-type: circle;margin: 5px\">Controls<\/li>\n<li style=\"list-style-type: circle;margin: 5px\">Hardware.<\/li>\n<li style=\"list-style-type: circle;margin: 5px\">Bridge.<\/li>\n<li style=\"list-style-type: circle;margin: 5px\">Machinery.<\/li>\n<li style=\"list-style-type: circle;margin: 5px\">Perillas.<\/li>\n<li style=\"list-style-type: circle;margin: 5px\">Construcci\u00f3n.<\/li>\n<\/ul>\n<div>\n<div style=\"font-weight: bold\">Kind.<\/div>\n<div>\n<p>Solid electric guitar.<\/p>\n<\/div>\n<div style=\"font-weight: bold\">Cuerpo.<\/div>\n<div>\n<p>Mahogany.<\/p>\n<\/div>\n<div style=\"font-weight: bold\">Material de la tapa.<\/div>\n<div>\n<p>Flamed maple.<\/p>\n<\/div>\n<div style=\"font-weight: bold\">Contorno de la tapa.<\/div>\n<div>\n<p>Tapa plana.<\/p>\n<\/div>\n<div style=\"font-weight: bold\">Arm.<\/div>\n<div>\n<p>3 piezas de caoba.<\/p>\n<\/div>\n<div style=\"font-weight: bold\">Diapason.<\/div>\n<div>\n<p>Ebony.<\/p>\n<\/div>\n<div style=\"font-weight: bold\">Uni\u00f3n.<\/div>\n<div>\n<p>Blanco multicapa.<\/p>\n<\/div>\n<div style=\"font-weight: bold\">Scale.<\/div>\n<div>\n<p>Bloques de madre perla.<\/p>\n<\/div>\n<div style=\"font-weight: bold\">Scale.<\/div>\n<div>\n<p>24.75\u201d (628 mm).<\/p>\n<\/div>\n<div style=\"font-weight: bold\">Frets<\/div>\n<div>\n<p>22 trastes x-jumbo.<\/p>\n<\/div>\n<div style=\"font-weight: bold\">Radio del diapas\u00f3n.<\/div>\n<div>\n<p>12\u201d &#8211; 16\u201d radio compuesto.<\/p>\n<\/div>\n<div style=\"font-weight: bold\">Forma del brazo.<\/div>\n<div>\n<p>C thin.<\/p>\n<\/div>\n<div style=\"font-weight: bold\">Espesor.<\/div>\n<div>\n<p>At the 1st fret: .787 \u201d(20mm) and at the 12th fret: .866\u201d (22mm).<\/p>\n<\/div>\n<div style=\"font-weight: bold\">Nut.<\/div>\n<div>\n<p>Ernie Ball Compensated Nut.<\/p>\n<\/div>\n<div style=\"font-weight: bold\">Ancho de la cejuela.<\/div>\n<div>\n<p>1,653 \u201d(42mm).<\/p>\n<\/div>\n<div style=\"font-weight: bold\">Soul.<\/div>\n<div>\n<p>Alma de 2 v\u00edas ajustable con tornillo Allen de 5\/32\u201d (4 mm).<\/p>\n<\/div>\n<div style=\"font-weight: bold\">Pastillas.<\/div>\n<div>\n<p>Puente: Schecter USA Pasadena Plus\u2122. Brazo: Schecter USA Pasadena\u2122.<\/p>\n<\/div>\n<div style=\"font-weight: bold\">Controls<\/div>\n<div>\n<p>2 vol\u00famenes y 1 tono (push-pull) con selector de 3 v\u00edas.<\/p>\n<\/div>\n<div style=\"font-weight: bold\">Hardware.<\/div>\n<div>\n<p>Cromado.<\/p>\n<\/div>\n<div style=\"font-weight: bold\">Bridge.<\/div>\n<div>\n<p>TonePros T3BT TOM con String Thru Body.<\/p>\n<\/div>\n<div style=\"font-weight: bold\">Machinery.<\/div>\n<div>\n<p>Schecter Locking.<\/p>\n<\/div>\n<div style=\"font-weight: bold\">Perillas.<\/div>\n<div>\n<p>Perillas grip tip speed knob.<\/p>\n<\/div>\n<div style=\"font-weight: bold\">Construcci\u00f3n.<\/div>\n<div>\n<p>Set-Neck con Ultra ACcess.<\/p>\n<\/div>\n<\/div>\n<\/div>","protected":false},"excerpt":{"rendered":"<p>Guitarra el\u00e9ctrica s\u00f3lida, cuerpo de caoba, tapa plana de maple flameado, brazo C delgado de 3 piezas de caoba, diapas\u00f3n de \u00e9bano, uni\u00f3n blanco multicapa, incrustaciones: bloques de madreperla, escala: 24.75\u201d pulgadas (628 mm), 22 trastes x-jumbo, cejuela Ernie Ball Compensated Nut de 1.653\u201d (42 mm) de ancho, alma 2 de v\u00edas ajustable con tornillo Allen de 5\/32\u201d (4 mm), pastilla del puente: Schecter USA Pasadena Plus\u2122, pastilla del brazo: Schecter USA Pasadena\u2122, dos vol\u00famenes y un tono (push-pull), selector de 3 posiciones, hardware cromado, puente TonePros T3BT TOM con String Thru Body, maquinaria Schecter Locking, perillas grip tip speed knob, construcci\u00f3n Set-Neck con Ultra Access.&hellip; <a class=\"kt-excerpt-readmore more-link\" href=\"https:\/\/www.mexicanguitarplayers.com\/en\/tienda\/cuerdas\/guitarras-cuerdas\/electricas\/guitarras-electricas-solidas\/guitarra-schecter-electrica-v-1-custom\/\">Read more<\/a><\/p>","protected":false},"featured_media":32139,"comment_status":"open","ping_status":"closed","template":"","meta":{"kt_blocks_editor_width":""},"pwb-brand":[175],"product_brand":[],"product_cat":[224,313,312,314],"product_tag":[],"class_list":{"0":"post-32148","1":"product","2":"type-product","3":"status-publish","4":"has-post-thumbnail","6":"pwb-brand-schecter","7":"product_cat-cuerdas","8":"product_cat-electricas","9":"product_cat-guitarras-cuerdas","10":"product_cat-guitarras-electricas-solidas","11":"product_shipping_class-0-5-kg","13":"first","14":"outofstock","15":"taxable","16":"shipping-taxable","17":"purchasable","18":"product-type-simple"},"yoast_head":"<!-- This site is optimized with the Yoast SEO plugin v27.5 - https:\/\/yoast.com\/product\/yoast-seo-wordpress\/ -->\n<title>GUITARRA SCHECTER ELECTRICA V-1 CUSTOM - Mexican Guitar Players<\/title>\n<meta name=\"description\" content=\"Guitarra el\u00e9ctrica s\u00f3lida, cuerpo de caoba, tapa plana de maple flameado, brazo C delgado de 3 piezas de caoba, diapas\u00f3n de \u00e9bano, uni\u00f3n blanco multicapa, incrustaciones: bloques de madreperla, escala: 24.75\u201d pulgadas (628 mm), 22 trastes x-jumbo, cejuela Ernie Ball Compensated Nut de 1.653\u201d (42 mm) de ancho, alma 2 de v\u00edas ajustable con tornillo Allen de 5\/32\u201d (4 mm), pastilla del puente: Schecter USA Pasadena Plus\u2122, pastilla del brazo: Schecter USA Pasadena\u2122, dos vol\u00famenes y un tono (push-pull), selector de 3 posiciones, hardware cromado, puente TonePros T3BT TOM con String Thru Body, maquinaria Schecter Locking, perillas grip tip speed knob, construcci\u00f3n Set-Neck con Ultra Access.\" \/>\n<meta name=\"robots\" content=\"index, follow, max-snippet:-1, max-image-preview:large, max-video-preview:-1\" \/>\n<link rel=\"canonical\" href=\"https:\/\/www.mexicanguitarplayers.com\/en\/tienda\/sin%20categor\u00eda\/guitarra-schecter-electrica-v-1-custom\/\" \/>\n<meta property=\"og:locale\" content=\"en_US\" \/>\n<meta property=\"og:type\" content=\"article\" \/>\n<meta property=\"og:title\" content=\"GUITARRA SCHECTER ELECTRICA V-1 CUSTOM - Mexican Guitar Players\" \/>\n<meta property=\"og:description\" content=\"Guitarra el\u00e9ctrica s\u00f3lida, cuerpo de caoba, tapa plana de maple flameado, brazo C delgado de 3 piezas de caoba, diapas\u00f3n de \u00e9bano, uni\u00f3n blanco multicapa, incrustaciones: bloques de madreperla, escala: 24.75\u201d pulgadas (628 mm), 22 trastes x-jumbo, cejuela Ernie Ball Compensated Nut de 1.653\u201d (42 mm) de ancho, alma 2 de v\u00edas ajustable con tornillo Allen de 5\/32\u201d (4 mm), pastilla del puente: Schecter USA Pasadena Plus\u2122, pastilla del brazo: Schecter USA Pasadena\u2122, dos vol\u00famenes y un tono (push-pull), selector de 3 posiciones, hardware cromado, puente TonePros T3BT TOM con String Thru Body, maquinaria Schecter Locking, perillas grip tip speed knob, construcci\u00f3n Set-Neck con Ultra Access.\" \/>\n<meta property=\"og:url\" content=\"https:\/\/www.mexicanguitarplayers.com\/en\/tienda\/sin categor\u00eda\/guitarra-schecter-electrica-v-1-custom\/\" \/>\n<meta property=\"og:site_name\" content=\"Mexican Guitar Players\" \/>\n<meta property=\"article:modified_time\" content=\"2026-04-10T10:33:54+00:00\" \/>\n<meta name=\"twitter:card\" content=\"summary_large_image\" \/>\n<meta name=\"twitter:label1\" content=\"Est. reading time\" \/>\n\t<meta name=\"twitter:data1\" content=\"1 minute\" \/>\n<script type=\"application\/ld+json\" class=\"yoast-schema-graph\">{\"@context\":\"https:\\\/\\\/schema.org\",\"@graph\":[{\"@type\":[\"WebPage\",\"ItemPage\"],\"@id\":\"https:\\\/\\\/www.mexicanguitarplayers.com\\\/tienda\\\/sin categor\u00eda\\\/guitarra-schecter-electrica-v-1-custom\\\/\",\"url\":\"https:\\\/\\\/www.mexicanguitarplayers.com\\\/tienda\\\/sin categor\u00eda\\\/guitarra-schecter-electrica-v-1-custom\\\/\",\"name\":\"GUITARRA SCHECTER ELECTRICA V-1 CUSTOM - Mexican Guitar Players\",\"isPartOf\":{\"@id\":\"https:\\\/\\\/www.mexicanguitarplayers.com\\\/#website\"},\"primaryImageOfPage\":{\"@id\":\"https:\\\/\\\/www.mexicanguitarplayers.com\\\/tienda\\\/sin categor\u00eda\\\/guitarra-schecter-electrica-v-1-custom\\\/#primaryimage\"},\"image\":{\"@id\":\"https:\\\/\\\/www.mexicanguitarplayers.com\\\/tienda\\\/sin categor\u00eda\\\/guitarra-schecter-electrica-v-1-custom\\\/#primaryimage\"},\"thumbnailUrl\":\"https:\\\/\\\/www.mexicanguitarplayers.com\\\/wp-content\\\/uploads\\\/2025\\\/04\\\/ISSCCV1CUSTOM.jpg\",\"datePublished\":\"2025-04-08T19:03:04+00:00\",\"dateModified\":\"2026-04-10T10:33:54+00:00\",\"description\":\"Guitarra el\u00e9ctrica s\u00f3lida, cuerpo de caoba, tapa plana de maple flameado, brazo C delgado de 3 piezas de caoba, diapas\u00f3n de \u00e9bano, uni\u00f3n blanco multicapa, incrustaciones: bloques de madreperla, escala: 24.75\u201d pulgadas (628 mm), 22 trastes x-jumbo, cejuela Ernie Ball Compensated Nut de 1.653\u201d (42 mm) de ancho, alma 2 de v\u00edas ajustable con tornillo Allen de 5\\\/32\u201d (4 mm), pastilla del puente: Schecter USA Pasadena Plus\u2122, pastilla del brazo: Schecter USA Pasadena\u2122, dos vol\u00famenes y un tono (push-pull), selector de 3 posiciones, hardware cromado, puente TonePros T3BT TOM con String Thru Body, maquinaria Schecter Locking, perillas grip tip speed knob, construcci\u00f3n Set-Neck con Ultra Access.\",\"breadcrumb\":{\"@id\":\"https:\\\/\\\/www.mexicanguitarplayers.com\\\/tienda\\\/sin categor\u00eda\\\/guitarra-schecter-electrica-v-1-custom\\\/#breadcrumb\"},\"inLanguage\":\"en-US\",\"potentialAction\":[{\"@type\":\"ReadAction\",\"target\":[\"https:\\\/\\\/www.mexicanguitarplayers.com\\\/tienda\\\/sin categor\u00eda\\\/guitarra-schecter-electrica-v-1-custom\\\/\"]}]},{\"@type\":\"ImageObject\",\"inLanguage\":\"en-US\",\"@id\":\"https:\\\/\\\/www.mexicanguitarplayers.com\\\/tienda\\\/sin categor\u00eda\\\/guitarra-schecter-electrica-v-1-custom\\\/#primaryimage\",\"url\":\"https:\\\/\\\/www.mexicanguitarplayers.com\\\/wp-content\\\/uploads\\\/2025\\\/04\\\/ISSCCV1CUSTOM.jpg\",\"contentUrl\":\"https:\\\/\\\/www.mexicanguitarplayers.com\\\/wp-content\\\/uploads\\\/2025\\\/04\\\/ISSCCV1CUSTOM.jpg\",\"width\":800,\"height\":1600},{\"@type\":\"BreadcrumbList\",\"@id\":\"https:\\\/\\\/www.mexicanguitarplayers.com\\\/tienda\\\/sin categor\u00eda\\\/guitarra-schecter-electrica-v-1-custom\\\/#breadcrumb\",\"itemListElement\":[{\"@type\":\"ListItem\",\"position\":1,\"name\":\"Portada\",\"item\":\"https:\\\/\\\/www.mexicanguitarplayers.com\\\/\"},{\"@type\":\"ListItem\",\"position\":2,\"name\":\"Tienda\",\"item\":\"https:\\\/\\\/www.mexicanguitarplayers.com\\\/tienda\\\/\"},{\"@type\":\"ListItem\",\"position\":3,\"name\":\"GUITARRA SCHECTER ELECTRICA V-1 CUSTOM\"}]},{\"@type\":\"WebSite\",\"@id\":\"https:\\\/\\\/www.mexicanguitarplayers.com\\\/#website\",\"url\":\"https:\\\/\\\/www.mexicanguitarplayers.com\\\/\",\"name\":\"Mexican Guitar Players\",\"description\":\"Website\",\"publisher\":{\"@id\":\"https:\\\/\\\/www.mexicanguitarplayers.com\\\/#organization\"},\"potentialAction\":[{\"@type\":\"SearchAction\",\"target\":{\"@type\":\"EntryPoint\",\"urlTemplate\":\"https:\\\/\\\/www.mexicanguitarplayers.com\\\/?s={search_term_string}\"},\"query-input\":{\"@type\":\"PropertyValueSpecification\",\"valueRequired\":true,\"valueName\":\"search_term_string\"}}],\"inLanguage\":\"en-US\"},{\"@type\":\"Organization\",\"@id\":\"https:\\\/\\\/www.mexicanguitarplayers.com\\\/#organization\",\"name\":\"Mexican Guitar Players\",\"url\":\"https:\\\/\\\/www.mexicanguitarplayers.com\\\/\",\"logo\":{\"@type\":\"ImageObject\",\"inLanguage\":\"en-US\",\"@id\":\"https:\\\/\\\/www.mexicanguitarplayers.com\\\/#\\\/schema\\\/logo\\\/image\\\/\",\"url\":\"\",\"contentUrl\":\"\",\"caption\":\"Mexican Guitar Players\"},\"image\":{\"@id\":\"https:\\\/\\\/www.mexicanguitarplayers.com\\\/#\\\/schema\\\/logo\\\/image\\\/\"}}]}<\/script>\n<!-- \/ Yoast SEO plugin. -->","yoast_head_json":{"title":"GUITARRA SCHECTER ELECTRICA V-1 CUSTOM - Mexican Guitar Players","description":"Guitarra el\u00e9ctrica s\u00f3lida, cuerpo de caoba, tapa plana de maple flameado, brazo C delgado de 3 piezas de caoba, diapas\u00f3n de \u00e9bano, uni\u00f3n blanco multicapa, incrustaciones: bloques de madreperla, escala: 24.75\u201d pulgadas (628 mm), 22 trastes x-jumbo, cejuela Ernie Ball Compensated Nut de 1.653\u201d (42 mm) de ancho, alma 2 de v\u00edas ajustable con tornillo Allen de 5\/32\u201d (4 mm), pastilla del puente: Schecter USA Pasadena Plus\u2122, pastilla del brazo: Schecter USA Pasadena\u2122, dos vol\u00famenes y un tono (push-pull), selector de 3 posiciones, hardware cromado, puente TonePros T3BT TOM con String Thru Body, maquinaria Schecter Locking, perillas grip tip speed knob, construcci\u00f3n Set-Neck con Ultra Access.","robots":{"index":"index","follow":"follow","max-snippet":"max-snippet:-1","max-image-preview":"max-image-preview:large","max-video-preview":"max-video-preview:-1"},"canonical":"https:\/\/www.mexicanguitarplayers.com\/en\/tienda\/sin categor\u00eda\/guitarra-schecter-electrica-v-1-custom\/","og_locale":"en_US","og_type":"article","og_title":"GUITARRA SCHECTER ELECTRICA V-1 CUSTOM - Mexican Guitar Players","og_description":"Guitarra el\u00e9ctrica s\u00f3lida, cuerpo de caoba, tapa plana de maple flameado, brazo C delgado de 3 piezas de caoba, diapas\u00f3n de \u00e9bano, uni\u00f3n blanco multicapa, incrustaciones: bloques de madreperla, escala: 24.75\u201d pulgadas (628 mm), 22 trastes x-jumbo, cejuela Ernie Ball Compensated Nut de 1.653\u201d (42 mm) de ancho, alma 2 de v\u00edas ajustable con tornillo Allen de 5\/32\u201d (4 mm), pastilla del puente: Schecter USA Pasadena Plus\u2122, pastilla del brazo: Schecter USA Pasadena\u2122, dos vol\u00famenes y un tono (push-pull), selector de 3 posiciones, hardware cromado, puente TonePros T3BT TOM con String Thru Body, maquinaria Schecter Locking, perillas grip tip speed knob, construcci\u00f3n Set-Neck con Ultra Access.","og_url":"https:\/\/www.mexicanguitarplayers.com\/en\/tienda\/sin categor\u00eda\/guitarra-schecter-electrica-v-1-custom\/","og_site_name":"Mexican Guitar Players","article_modified_time":"2026-04-10T10:33:54+00:00","twitter_card":"summary_large_image","twitter_misc":{"Est. reading time":"1 minute"},"schema":{"@context":"https:\/\/schema.org","@graph":[{"@type":["WebPage","ItemPage"],"@id":"https:\/\/www.mexicanguitarplayers.com\/tienda\/sin categor\u00eda\/guitarra-schecter-electrica-v-1-custom\/","url":"https:\/\/www.mexicanguitarplayers.com\/tienda\/sin categor\u00eda\/guitarra-schecter-electrica-v-1-custom\/","name":"GUITARRA SCHECTER ELECTRICA V-1 CUSTOM - Mexican Guitar Players","isPartOf":{"@id":"https:\/\/www.mexicanguitarplayers.com\/#website"},"primaryImageOfPage":{"@id":"https:\/\/www.mexicanguitarplayers.com\/tienda\/sin categor\u00eda\/guitarra-schecter-electrica-v-1-custom\/#primaryimage"},"image":{"@id":"https:\/\/www.mexicanguitarplayers.com\/tienda\/sin categor\u00eda\/guitarra-schecter-electrica-v-1-custom\/#primaryimage"},"thumbnailUrl":"https:\/\/www.mexicanguitarplayers.com\/wp-content\/uploads\/2025\/04\/ISSCCV1CUSTOM.jpg","datePublished":"2025-04-08T19:03:04+00:00","dateModified":"2026-04-10T10:33:54+00:00","description":"Guitarra el\u00e9ctrica s\u00f3lida, cuerpo de caoba, tapa plana de maple flameado, brazo C delgado de 3 piezas de caoba, diapas\u00f3n de \u00e9bano, uni\u00f3n blanco multicapa, incrustaciones: bloques de madreperla, escala: 24.75\u201d pulgadas (628 mm), 22 trastes x-jumbo, cejuela Ernie Ball Compensated Nut de 1.653\u201d (42 mm) de ancho, alma 2 de v\u00edas ajustable con tornillo Allen de 5\/32\u201d (4 mm), pastilla del puente: Schecter USA Pasadena Plus\u2122, pastilla del brazo: Schecter USA Pasadena\u2122, dos vol\u00famenes y un tono (push-pull), selector de 3 posiciones, hardware cromado, puente TonePros T3BT TOM con String Thru Body, maquinaria Schecter Locking, perillas grip tip speed knob, construcci\u00f3n Set-Neck con Ultra Access.","breadcrumb":{"@id":"https:\/\/www.mexicanguitarplayers.com\/tienda\/sin categor\u00eda\/guitarra-schecter-electrica-v-1-custom\/#breadcrumb"},"inLanguage":"en-US","potentialAction":[{"@type":"ReadAction","target":["https:\/\/www.mexicanguitarplayers.com\/tienda\/sin categor\u00eda\/guitarra-schecter-electrica-v-1-custom\/"]}]},{"@type":"ImageObject","inLanguage":"en-US","@id":"https:\/\/www.mexicanguitarplayers.com\/tienda\/sin categor\u00eda\/guitarra-schecter-electrica-v-1-custom\/#primaryimage","url":"https:\/\/www.mexicanguitarplayers.com\/wp-content\/uploads\/2025\/04\/ISSCCV1CUSTOM.jpg","contentUrl":"https:\/\/www.mexicanguitarplayers.com\/wp-content\/uploads\/2025\/04\/ISSCCV1CUSTOM.jpg","width":800,"height":1600},{"@type":"BreadcrumbList","@id":"https:\/\/www.mexicanguitarplayers.com\/tienda\/sin categor\u00eda\/guitarra-schecter-electrica-v-1-custom\/#breadcrumb","itemListElement":[{"@type":"ListItem","position":1,"name":"Portada","item":"https:\/\/www.mexicanguitarplayers.com\/"},{"@type":"ListItem","position":2,"name":"Tienda","item":"https:\/\/www.mexicanguitarplayers.com\/tienda\/"},{"@type":"ListItem","position":3,"name":"GUITARRA SCHECTER ELECTRICA V-1 CUSTOM"}]},{"@type":"WebSite","@id":"https:\/\/www.mexicanguitarplayers.com\/#website","url":"https:\/\/www.mexicanguitarplayers.com\/","name":"Mexican Guitar Players","description":"Website","publisher":{"@id":"https:\/\/www.mexicanguitarplayers.com\/#organization"},"potentialAction":[{"@type":"SearchAction","target":{"@type":"EntryPoint","urlTemplate":"https:\/\/www.mexicanguitarplayers.com\/?s={search_term_string}"},"query-input":{"@type":"PropertyValueSpecification","valueRequired":true,"valueName":"search_term_string"}}],"inLanguage":"en-US"},{"@type":"Organization","@id":"https:\/\/www.mexicanguitarplayers.com\/#organization","name":"Mexican Guitar Players","url":"https:\/\/www.mexicanguitarplayers.com\/","logo":{"@type":"ImageObject","inLanguage":"en-US","@id":"https:\/\/www.mexicanguitarplayers.com\/#\/schema\/logo\/image\/","url":"","contentUrl":"","caption":"Mexican Guitar Players"},"image":{"@id":"https:\/\/www.mexicanguitarplayers.com\/#\/schema\/logo\/image\/"}}]}},"brands":[{"id":175,"name":"SCHECTER","slug":"schecter"}],"_links":{"self":[{"href":"https:\/\/www.mexicanguitarplayers.com\/en\/wp-json\/wp\/v2\/product\/32148","targetHints":{"allow":["GET"]}}],"collection":[{"href":"https:\/\/www.mexicanguitarplayers.com\/en\/wp-json\/wp\/v2\/product"}],"about":[{"href":"https:\/\/www.mexicanguitarplayers.com\/en\/wp-json\/wp\/v2\/types\/product"}],"replies":[{"embeddable":true,"href":"https:\/\/www.mexicanguitarplayers.com\/en\/wp-json\/wp\/v2\/comments?post=32148"}],"wp:featuredmedia":[{"embeddable":true,"href":"https:\/\/www.mexicanguitarplayers.com\/en\/wp-json\/wp\/v2\/media\/32139"}],"wp:attachment":[{"href":"https:\/\/www.mexicanguitarplayers.com\/en\/wp-json\/wp\/v2\/media?parent=32148"}],"wp:term":[{"taxonomy":"pwb-brand","embeddable":true,"href":"https:\/\/www.mexicanguitarplayers.com\/en\/wp-json\/wp\/v2\/pwb-brand?post=32148"},{"taxonomy":"product_brand","embeddable":true,"href":"https:\/\/www.mexicanguitarplayers.com\/en\/wp-json\/wp\/v2\/product_brand?post=32148"},{"taxonomy":"product_cat","embeddable":true,"href":"https:\/\/www.mexicanguitarplayers.com\/en\/wp-json\/wp\/v2\/product_cat?post=32148"},{"taxonomy":"product_tag","embeddable":true,"href":"https:\/\/www.mexicanguitarplayers.com\/en\/wp-json\/wp\/v2\/product_tag?post=32148"}],"curies":[{"name":"wp","href":"https:\/\/api.w.org\/{rel}","templated":true}]}}