{"id":32162,"date":"2025-04-08T13:03:30","date_gmt":"2025-04-08T19:03:30","guid":{"rendered":"https:\/\/www.mexicanguitarplayers.com\/tienda\/sin categor\u00eda\/mezcladora-behringer-mod-302usb\/"},"modified":"2026-05-01T07:23:38","modified_gmt":"2026-05-01T13:23:38","slug":"mezcladora-behringer-mod-302usb","status":"publish","type":"product","link":"https:\/\/www.mexicanguitarplayers.com\/en\/tienda\/audio\/mezcladoras\/mezcladora-behringer-mod-302usb\/","title":{"rendered":"MEZCLADORA BEHRINGER MOD. 302USB"},"content":{"rendered":"<div style=\"text-align: justify\">\n<div>\n<h3>Tu entrada al mundo digital.<\/h3>\n<\/div>\n<div>\u00bfNecesitas una peque\u00f1a mezcladora pr\u00e1ctica para una sala de juntas o con la que puedas grabar en tu laptop? \u00bfO quiz\u00e1s no deseas renunciar a los beneficios de una mezcladora grande? La mezcladora XENYX 302USB es ideal para un peque\u00f1o estudio en casa o para los entusiastas dela grabaci\u00f3n en movimiento. Con aproximadamente 4&#8243; pulgadas de largo y 5&#8243; de ancho (117 x 135 mm), la mezcladora XENYX 302USB cuenta con uno de nuestros avanzados preamplificadores Xenyx con alimentaci\u00f3n phantom, una entrada XLR\/TRS 1\/4&#8243; combinada y un canal USB\/Line (l\u00ednea est\u00e9reo) m\u00e1s 2 entradas Track dedicadas. Y puesto que la mezcladora Xenyx 302USB puede ser alimentada directamente a trav\u00e9s del puerto USB de tu computadora, es la mezcladora perfecta para podcasting y grabaci\u00f3n improvisada. Como un bonus, la ultra compacta mezcladora 302USB viene con todo el software de grabaci\u00f3n y edici\u00f3n necesario para convertir tu sistema inform\u00e1tico en un completo estudio de grabaci\u00f3n portable. Preamplificadores de micr\u00f3fono s\u00f3nicamente superiores. La mezcladora Xenyx 302USB obtiene su nombre de nuestros legendarios preamplificadores de micr\u00f3fono Xenyx, que han sido elogiados por ingenieros de audio alrededor del mundo. Estos preamps de micr\u00f3fono de \u00faltima generaci\u00f3n representan un paso importante en la evoluci\u00f3n de la tecnolog\u00eda de audio y pueden f\u00e1cilmente mantenerse a s\u00ed mismos, incluso en comparaci\u00f3n con los preamps de micr\u00f3fono aut\u00f3nomos m\u00e1s caros. Los preamplificadores Xenyx ofrecen un asombroso rango din\u00e1mico de 130 dB, con un ancho de banda que se extiende desde por debajo de los 10 Hz hasta muy por encima de los 200 kHz. Armado con estos preamplificadores sobresalientes de micr\u00f3fono, la mezcladora Xenyx 302UBS proporciona un rendimiento tan transparente y cristalino que s\u00f3lo podr\u00edas pensar que alguien actualiz\u00f3 tus micr\u00f3fonos mientras no estabas viendo. Ecualizador brit\u00e1nico sublimemente musical. Las consolas brit\u00e1nicas de los a\u00f1os 60 y 70 cambiaron el sonido del rock and roll, sin ellos la invasi\u00f3n brit\u00e1nica podr\u00eda no haber ocurrido. Esas legendarias mezcladoras pronto se convirtieron en la envidia de ingenieros y productores en todo el mundo. El ecualizador de canal de nuestras mezcladoras Xenyx se basa en ese mismo circuito, lo que te permite imbuir las se\u00f1ales con un calor incre\u00edble y un car\u00e1cter musical detallado. Incluso cuando se aplican generosamente, estos ecualizadores muestran una excelente calidad de audio. Grabaci\u00f3n. Hubo un tiempo en el que el proceso de grabaci\u00f3n requer\u00eda lotes y un mont\u00f3n de equipo caro, lo que significaba que el m\u00fasico promedio ten\u00eda que comprar tiempo en un estudio de grabaci\u00f3n (y que ese tiempo era realmente caro). Pero la tecnolog\u00eda moderna ha puesto la grabaci\u00f3n personal al alcance de pr\u00e1cticamente cualquier persona con acceso a una computadora. \u00bfC\u00f3mo guardas en la computadora toda esa m\u00fasica que vuela alrededor de tu cabeza? Ah\u00ed es donde entra la mezcladora Xenyx U302USB. Gracias a su interface de audio est\u00e9reo bidireccional incluida, puede conectarse directamente a tu PC o Mac a trav\u00e9s de un s\u00f3lo cable USB. Ahora cualquier fuente de se\u00f1al que conectes a tu mezcladora puede grabarse directamente en tu disco duro. Lo que nos lleva al software. Usar software libre ser\u00eda agradable. Debido a que querr\u00e1s aprovechar al m\u00e1ximo el potencial de grabaci\u00f3n y podcast de tu mezcladora Xenyx 302USB, hemos incluido todo el software que necesitas para grabaci\u00f3n y edici\u00f3n de audio e incluso podcasting, todo gratis y descargable desde la p\u00e1gina de behringer.com. Estar\u00e1s listo para entrar en directo con tu PC o Mac apenas sacando la mezcladora de su caja. Tambi\u00e9n hemos proporcionado una descarga gratuita de m\u00e1s de 150 instrumentos virtuales y plugins de FX.<\/div>\n<div>\n<h4>Quick look<\/h4>\n<\/div>\n<ul style=\"margin: 0px 0px 0px 25px\">\n<li style=\"list-style-type: circle;margin: 5px\">Sistema<\/li>\n<li style=\"list-style-type: circle;margin: 5px\">Characteristics.<\/li>\n<li style=\"list-style-type: circle;margin: 5px\">Entrada de micr\u00f3fono.<\/li>\n<li style=\"list-style-type: circle;margin: 5px\">Respuesta de frecuencia (Mic In &#8211; Main out).<\/li>\n<li style=\"list-style-type: circle;margin: 5px\">Entrada de l\u00ednea est\u00e9reo.<\/li>\n<li style=\"list-style-type: circle;margin: 5px\">Entrada 2-track.<\/li>\n<li style=\"list-style-type: circle;margin: 5px\">Entrada Headset Mic.<\/li>\n<li style=\"list-style-type: circle;margin: 5px\">Equalizer<\/li>\n<li style=\"list-style-type: circle;margin: 5px\">Salidas principales.<\/li>\n<li style=\"list-style-type: circle;margin: 5px\">Headphone output.<\/li>\n<li style=\"list-style-type: circle;margin: 5px\">Fuente de alimentaci\u00f3n externa USB.<\/li>\n<li style=\"list-style-type: circle;margin: 5px\">USB.<\/li>\n<li style=\"list-style-type: circle;margin: 5px\">Dimensions.<\/li>\n<li style=\"list-style-type: circle;margin: 5px\">Weight.<\/li>\n<\/ul>\n<div>\n<div style=\"font-weight: bold\">Sistema<\/div>\n<div>\n<p>Mezcladora ultra compacta de 5 canales con preamps Xenyx e interface de audio USB.<\/p>\n<\/div>\n<div style=\"font-weight: bold\">Characteristics.<\/div>\n<div>\n<p>Ruido ultra bajo. Alimentada a trav\u00e9s de USB o adaptador externo (incluido). Software gratuito para grabaci\u00f3n y edici\u00f3n de audio con m\u00e1s de 150 efectos e instrumentos y controlador para latencia descargables. Ecualizador Neo Cl\u00e1sico tipo British de 2 bandas. Entrada 2-track asignable a aud\u00edfonos o salida de mezcla principal. Mezcla principal y salida de aud\u00edfonos separada. Componentes de alta calidad. Construcci\u00f3n extremadamente robusta.<\/p>\n<\/div>\n<div style=\"font-weight: bold\">Entrada de micr\u00f3fono.<\/div>\n<div>\n<p>Conector combo XLR \/ \u00bc, electr\u00f3nicamente balanceado. Respuesta de frecuencia (-1 dB): 18 Hz &#8211; 40 kHz. Respuesta de frecuencia (-3 dB): &lt;10 Hz &#8211; 75 kHz. Rango de ganancia: +15 dB a +55 dB. Nivel de entrada m\u00e1ximo: +12 dBu @ +10 dB ganancia. Impedancia: 2 kO. Relaci\u00f3n se\u00f1al a ruido: 98 dB \/ 101 dB ponderado A (0 dBu entrada @ +22 dB ganancia). Distorsi\u00f3n arm\u00f3nica total: 0.013%.<\/p>\n<\/div>\n<div style=\"font-weight: bold\">Respuesta de frecuencia (Mic In &#8211; Main out).<\/div>\n<div>\n<p>18 Hz &#8211; 40 kHz: +0 dB \/ -1 dB. 10 Hz &#8211; 75 kHz: +0 dB \/ -3 dB.<\/p>\n<\/div>\n<div style=\"font-weight: bold\">Entrada de l\u00ednea est\u00e9reo.<\/div>\n<div>\n<p>Jacks Tipo: RCA, desbalanceado. Impedancia: 6 kO. Rango de ganancia: Infinito a +20 dB. Nivel de entrada m\u00e1ximo: +20 dBu.<\/p>\n<\/div>\n<div style=\"font-weight: bold\">Entrada 2-track.<\/div>\n<div>\n<p>Tipo: Jacks RCA, desbalanceado. Impedancia: 20 kO. Nivel de entrada m\u00e1ximo: +20 dBu.<\/p>\n<\/div>\n<div style=\"font-weight: bold\">Entrada Headset Mic.<\/div>\n<div>\n<p>Tipo: 1\/4&#8243; TRS mini jack. Impedancia: 6 kO. Nivel de entrada m\u00e1ximo: +22 dBu @ ganancia m\u00ednima.<\/p>\n<\/div>\n<div style=\"font-weight: bold\">Equalizer<\/div>\n<div>\n<p>Grave: 80 Hz, +\/-15 dB. Agudo: 12 kHz, +\/-15 dB.<\/p>\n<\/div>\n<div style=\"font-weight: bold\">Salidas principales.<\/div>\n<div>\n<p>Tipo: RCA, desbalanceado. Impedancia: 470 O. Nivel de salida m\u00e1ximo: +22 dBu.<\/p>\n<\/div>\n<div style=\"font-weight: bold\">Headphone output.<\/div>\n<div>\n<p>Tipo: 1\/4&#8243; TRS mini jack. Nivel de salida m\u00e1ximo: +7 dBu \/ 150 O.<\/p>\n<\/div>\n<div style=\"font-weight: bold\">Fuente de alimentaci\u00f3n externa USB.<\/div>\n<div>\n<p>Voltaje: 100-240 V, 50\/60 Hz. Consumo de energ\u00eda: 0.9 W, Conector: USB tipo A.<\/p>\n<\/div>\n<div style=\"font-weight: bold\">USB.<\/div>\n<div>\n<p>Conector: Tipo B. Convertidor: 16 bits. Frecuencia de muestreo: 48 kHz.<\/p>\n<\/div>\n<div style=\"font-weight: bold\">Dimensions.<\/div>\n<div>\n<p>46 x 114 x 136 mm.<\/p>\n<\/div>\n<div style=\"font-weight: bold\">Weight.<\/div>\n<div>\n<p>0.38 kg.<\/p>\n<\/div>\n<\/div>\n<\/div>","protected":false},"excerpt":{"rendered":"<p>Mezcladora an\u00e1loga premium ultra compacta de 5 entradas con preamplificador de micr\u00f3fono Xenyx, alimentaci\u00f3n phantom, interface de audio USB integrada, ruido ultra bajo y alto headroom, alimentada a trav\u00e9s de USB o adaptador de alimentaci\u00f3n externo (incluido), ecualizador neo brit\u00e1nico de 2 bandas para un sonido c\u00e1lido y musical, entrada de 2 tracks asignable para salida de Main Mix o aud\u00edfonos, Main Min m\u00e1s salida de aud\u00edfonos separada, dimensiones: 46 x 114 x 136 mm, peso: 0.38 kg.&hellip; <a class=\"kt-excerpt-readmore more-link\" href=\"https:\/\/www.mexicanguitarplayers.com\/en\/tienda\/audio\/mezcladoras\/mezcladora-behringer-mod-302usb\/\">Read more<\/a><\/p>","protected":false},"featured_media":32157,"comment_status":"open","ping_status":"closed","template":"","meta":{"kt_blocks_editor_width":""},"pwb-brand":[171],"product_brand":[],"product_cat":[213,491],"product_tag":[],"class_list":{"0":"post-32162","1":"product","2":"type-product","3":"status-publish","4":"has-post-thumbnail","6":"pwb-brand-behringer","7":"product_cat-audio","8":"product_cat-mezcladoras","9":"product_shipping_class-0-5-kg","11":"first","12":"instock","13":"taxable","14":"shipping-taxable","15":"purchasable","16":"product-type-simple"},"yoast_head":"<!-- This site is optimized with the Yoast SEO plugin v27.6 - https:\/\/yoast.com\/product\/yoast-seo-wordpress\/ -->\n<title>MEZCLADORA BEHRINGER MOD. 302USB - Mexican Guitar Players<\/title>\n<meta name=\"description\" content=\"Mezcladora an\u00e1loga premium ultra compacta de 5 entradas con preamplificador de micr\u00f3fono Xenyx, alimentaci\u00f3n phantom, interface de audio USB integrada, ruido ultra bajo y alto headroom, alimentada a trav\u00e9s de USB o adaptador de alimentaci\u00f3n externo (incluido), ecualizador neo brit\u00e1nico de 2 bandas para un sonido c\u00e1lido y musical, entrada de 2 tracks asignable para salida de Main Mix o aud\u00edfonos, Main Min m\u00e1s salida de aud\u00edfonos separada, dimensiones: 46 x 114 x 136 mm, peso: 0.38 kg.\" \/>\n<meta name=\"robots\" content=\"index, follow, max-snippet:-1, max-image-preview:large, max-video-preview:-1\" \/>\n<link rel=\"canonical\" href=\"https:\/\/www.mexicanguitarplayers.com\/en\/tienda\/sin%20categor\u00eda\/mezcladora-behringer-mod-302usb\/\" \/>\n<meta property=\"og:locale\" content=\"en_US\" \/>\n<meta property=\"og:type\" content=\"article\" \/>\n<meta property=\"og:title\" content=\"MEZCLADORA BEHRINGER MOD. 302USB - Mexican Guitar Players\" \/>\n<meta property=\"og:description\" content=\"Mezcladora an\u00e1loga premium ultra compacta de 5 entradas con preamplificador de micr\u00f3fono Xenyx, alimentaci\u00f3n phantom, interface de audio USB integrada, ruido ultra bajo y alto headroom, alimentada a trav\u00e9s de USB o adaptador de alimentaci\u00f3n externo (incluido), ecualizador neo brit\u00e1nico de 2 bandas para un sonido c\u00e1lido y musical, entrada de 2 tracks asignable para salida de Main Mix o aud\u00edfonos, Main Min m\u00e1s salida de aud\u00edfonos separada, dimensiones: 46 x 114 x 136 mm, peso: 0.38 kg.\" \/>\n<meta property=\"og:url\" content=\"https:\/\/www.mexicanguitarplayers.com\/en\/tienda\/sin categor\u00eda\/mezcladora-behringer-mod-302usb\/\" \/>\n<meta property=\"og:site_name\" content=\"Mexican Guitar Players\" \/>\n<meta property=\"article:modified_time\" content=\"2026-05-01T13:23:38+00:00\" \/>\n<meta name=\"twitter:card\" content=\"summary_large_image\" \/>\n<meta name=\"twitter:label1\" content=\"Est. reading time\" \/>\n\t<meta name=\"twitter:data1\" content=\"5 minutes\" \/>\n<script type=\"application\/ld+json\" class=\"yoast-schema-graph\">{\"@context\":\"https:\\\/\\\/schema.org\",\"@graph\":[{\"@type\":[\"WebPage\",\"ItemPage\"],\"@id\":\"https:\\\/\\\/www.mexicanguitarplayers.com\\\/tienda\\\/sin categor\u00eda\\\/mezcladora-behringer-mod-302usb\\\/\",\"url\":\"https:\\\/\\\/www.mexicanguitarplayers.com\\\/tienda\\\/sin categor\u00eda\\\/mezcladora-behringer-mod-302usb\\\/\",\"name\":\"MEZCLADORA BEHRINGER MOD. 302USB - Mexican Guitar Players\",\"isPartOf\":{\"@id\":\"https:\\\/\\\/www.mexicanguitarplayers.com\\\/#website\"},\"primaryImageOfPage\":{\"@id\":\"https:\\\/\\\/www.mexicanguitarplayers.com\\\/tienda\\\/sin categor\u00eda\\\/mezcladora-behringer-mod-302usb\\\/#primaryimage\"},\"image\":{\"@id\":\"https:\\\/\\\/www.mexicanguitarplayers.com\\\/tienda\\\/sin categor\u00eda\\\/mezcladora-behringer-mod-302usb\\\/#primaryimage\"},\"thumbnailUrl\":\"https:\\\/\\\/www.mexicanguitarplayers.com\\\/wp-content\\\/uploads\\\/2025\\\/04\\\/IABEH302USB.jpg\",\"datePublished\":\"2025-04-08T19:03:30+00:00\",\"dateModified\":\"2026-05-01T13:23:38+00:00\",\"description\":\"Mezcladora an\u00e1loga premium ultra compacta de 5 entradas con preamplificador de micr\u00f3fono Xenyx, alimentaci\u00f3n phantom, interface de audio USB integrada, ruido ultra bajo y alto headroom, alimentada a trav\u00e9s de USB o adaptador de alimentaci\u00f3n externo (incluido), ecualizador neo brit\u00e1nico de 2 bandas para un sonido c\u00e1lido y musical, entrada de 2 tracks asignable para salida de Main Mix o aud\u00edfonos, Main Min m\u00e1s salida de aud\u00edfonos separada, dimensiones: 46 x 114 x 136 mm, peso: 0.38 kg.\",\"breadcrumb\":{\"@id\":\"https:\\\/\\\/www.mexicanguitarplayers.com\\\/tienda\\\/sin categor\u00eda\\\/mezcladora-behringer-mod-302usb\\\/#breadcrumb\"},\"inLanguage\":\"en-US\",\"potentialAction\":[{\"@type\":\"ReadAction\",\"target\":[\"https:\\\/\\\/www.mexicanguitarplayers.com\\\/tienda\\\/sin categor\u00eda\\\/mezcladora-behringer-mod-302usb\\\/\"]}]},{\"@type\":\"ImageObject\",\"inLanguage\":\"en-US\",\"@id\":\"https:\\\/\\\/www.mexicanguitarplayers.com\\\/tienda\\\/sin categor\u00eda\\\/mezcladora-behringer-mod-302usb\\\/#primaryimage\",\"url\":\"https:\\\/\\\/www.mexicanguitarplayers.com\\\/wp-content\\\/uploads\\\/2025\\\/04\\\/IABEH302USB.jpg\",\"contentUrl\":\"https:\\\/\\\/www.mexicanguitarplayers.com\\\/wp-content\\\/uploads\\\/2025\\\/04\\\/IABEH302USB.jpg\",\"width\":1200,\"height\":1200},{\"@type\":\"BreadcrumbList\",\"@id\":\"https:\\\/\\\/www.mexicanguitarplayers.com\\\/tienda\\\/sin categor\u00eda\\\/mezcladora-behringer-mod-302usb\\\/#breadcrumb\",\"itemListElement\":[{\"@type\":\"ListItem\",\"position\":1,\"name\":\"Portada\",\"item\":\"https:\\\/\\\/www.mexicanguitarplayers.com\\\/\"},{\"@type\":\"ListItem\",\"position\":2,\"name\":\"Tienda\",\"item\":\"https:\\\/\\\/www.mexicanguitarplayers.com\\\/tienda\\\/\"},{\"@type\":\"ListItem\",\"position\":3,\"name\":\"MEZCLADORA BEHRINGER MOD. 302USB\"}]},{\"@type\":\"WebSite\",\"@id\":\"https:\\\/\\\/www.mexicanguitarplayers.com\\\/#website\",\"url\":\"https:\\\/\\\/www.mexicanguitarplayers.com\\\/\",\"name\":\"Mexican Guitar Players\",\"description\":\"Website\",\"publisher\":{\"@id\":\"https:\\\/\\\/www.mexicanguitarplayers.com\\\/#organization\"},\"potentialAction\":[{\"@type\":\"SearchAction\",\"target\":{\"@type\":\"EntryPoint\",\"urlTemplate\":\"https:\\\/\\\/www.mexicanguitarplayers.com\\\/?s={search_term_string}\"},\"query-input\":{\"@type\":\"PropertyValueSpecification\",\"valueRequired\":true,\"valueName\":\"search_term_string\"}}],\"inLanguage\":\"en-US\"},{\"@type\":\"Organization\",\"@id\":\"https:\\\/\\\/www.mexicanguitarplayers.com\\\/#organization\",\"name\":\"Mexican Guitar Players\",\"url\":\"https:\\\/\\\/www.mexicanguitarplayers.com\\\/\",\"logo\":{\"@type\":\"ImageObject\",\"inLanguage\":\"en-US\",\"@id\":\"https:\\\/\\\/www.mexicanguitarplayers.com\\\/#\\\/schema\\\/logo\\\/image\\\/\",\"url\":\"\",\"contentUrl\":\"\",\"caption\":\"Mexican Guitar Players\"},\"image\":{\"@id\":\"https:\\\/\\\/www.mexicanguitarplayers.com\\\/#\\\/schema\\\/logo\\\/image\\\/\"}}]}<\/script>\n<!-- \/ Yoast SEO plugin. -->","yoast_head_json":{"title":"MEZCLADORA BEHRINGER MOD. 302USB - Mexican Guitar Players","description":"Mezcladora an\u00e1loga premium ultra compacta de 5 entradas con preamplificador de micr\u00f3fono Xenyx, alimentaci\u00f3n phantom, interface de audio USB integrada, ruido ultra bajo y alto headroom, alimentada a trav\u00e9s de USB o adaptador de alimentaci\u00f3n externo (incluido), ecualizador neo brit\u00e1nico de 2 bandas para un sonido c\u00e1lido y musical, entrada de 2 tracks asignable para salida de Main Mix o aud\u00edfonos, Main Min m\u00e1s salida de aud\u00edfonos separada, dimensiones: 46 x 114 x 136 mm, peso: 0.38 kg.","robots":{"index":"index","follow":"follow","max-snippet":"max-snippet:-1","max-image-preview":"max-image-preview:large","max-video-preview":"max-video-preview:-1"},"canonical":"https:\/\/www.mexicanguitarplayers.com\/en\/tienda\/sin categor\u00eda\/mezcladora-behringer-mod-302usb\/","og_locale":"en_US","og_type":"article","og_title":"MEZCLADORA BEHRINGER MOD. 302USB - Mexican Guitar Players","og_description":"Mezcladora an\u00e1loga premium ultra compacta de 5 entradas con preamplificador de micr\u00f3fono Xenyx, alimentaci\u00f3n phantom, interface de audio USB integrada, ruido ultra bajo y alto headroom, alimentada a trav\u00e9s de USB o adaptador de alimentaci\u00f3n externo (incluido), ecualizador neo brit\u00e1nico de 2 bandas para un sonido c\u00e1lido y musical, entrada de 2 tracks asignable para salida de Main Mix o aud\u00edfonos, Main Min m\u00e1s salida de aud\u00edfonos separada, dimensiones: 46 x 114 x 136 mm, peso: 0.38 kg.","og_url":"https:\/\/www.mexicanguitarplayers.com\/en\/tienda\/sin categor\u00eda\/mezcladora-behringer-mod-302usb\/","og_site_name":"Mexican Guitar Players","article_modified_time":"2026-05-01T13:23:38+00:00","twitter_card":"summary_large_image","twitter_misc":{"Est. reading time":"5 minutes"},"schema":{"@context":"https:\/\/schema.org","@graph":[{"@type":["WebPage","ItemPage"],"@id":"https:\/\/www.mexicanguitarplayers.com\/tienda\/sin categor\u00eda\/mezcladora-behringer-mod-302usb\/","url":"https:\/\/www.mexicanguitarplayers.com\/tienda\/sin categor\u00eda\/mezcladora-behringer-mod-302usb\/","name":"MEZCLADORA BEHRINGER MOD. 302USB - Mexican Guitar Players","isPartOf":{"@id":"https:\/\/www.mexicanguitarplayers.com\/#website"},"primaryImageOfPage":{"@id":"https:\/\/www.mexicanguitarplayers.com\/tienda\/sin categor\u00eda\/mezcladora-behringer-mod-302usb\/#primaryimage"},"image":{"@id":"https:\/\/www.mexicanguitarplayers.com\/tienda\/sin categor\u00eda\/mezcladora-behringer-mod-302usb\/#primaryimage"},"thumbnailUrl":"https:\/\/www.mexicanguitarplayers.com\/wp-content\/uploads\/2025\/04\/IABEH302USB.jpg","datePublished":"2025-04-08T19:03:30+00:00","dateModified":"2026-05-01T13:23:38+00:00","description":"Mezcladora an\u00e1loga premium ultra compacta de 5 entradas con preamplificador de micr\u00f3fono Xenyx, alimentaci\u00f3n phantom, interface de audio USB integrada, ruido ultra bajo y alto headroom, alimentada a trav\u00e9s de USB o adaptador de alimentaci\u00f3n externo (incluido), ecualizador neo brit\u00e1nico de 2 bandas para un sonido c\u00e1lido y musical, entrada de 2 tracks asignable para salida de Main Mix o aud\u00edfonos, Main Min m\u00e1s salida de aud\u00edfonos separada, dimensiones: 46 x 114 x 136 mm, peso: 0.38 kg.","breadcrumb":{"@id":"https:\/\/www.mexicanguitarplayers.com\/tienda\/sin categor\u00eda\/mezcladora-behringer-mod-302usb\/#breadcrumb"},"inLanguage":"en-US","potentialAction":[{"@type":"ReadAction","target":["https:\/\/www.mexicanguitarplayers.com\/tienda\/sin categor\u00eda\/mezcladora-behringer-mod-302usb\/"]}]},{"@type":"ImageObject","inLanguage":"en-US","@id":"https:\/\/www.mexicanguitarplayers.com\/tienda\/sin categor\u00eda\/mezcladora-behringer-mod-302usb\/#primaryimage","url":"https:\/\/www.mexicanguitarplayers.com\/wp-content\/uploads\/2025\/04\/IABEH302USB.jpg","contentUrl":"https:\/\/www.mexicanguitarplayers.com\/wp-content\/uploads\/2025\/04\/IABEH302USB.jpg","width":1200,"height":1200},{"@type":"BreadcrumbList","@id":"https:\/\/www.mexicanguitarplayers.com\/tienda\/sin categor\u00eda\/mezcladora-behringer-mod-302usb\/#breadcrumb","itemListElement":[{"@type":"ListItem","position":1,"name":"Portada","item":"https:\/\/www.mexicanguitarplayers.com\/"},{"@type":"ListItem","position":2,"name":"Tienda","item":"https:\/\/www.mexicanguitarplayers.com\/tienda\/"},{"@type":"ListItem","position":3,"name":"MEZCLADORA BEHRINGER MOD. 302USB"}]},{"@type":"WebSite","@id":"https:\/\/www.mexicanguitarplayers.com\/#website","url":"https:\/\/www.mexicanguitarplayers.com\/","name":"Mexican Guitar Players","description":"Website","publisher":{"@id":"https:\/\/www.mexicanguitarplayers.com\/#organization"},"potentialAction":[{"@type":"SearchAction","target":{"@type":"EntryPoint","urlTemplate":"https:\/\/www.mexicanguitarplayers.com\/?s={search_term_string}"},"query-input":{"@type":"PropertyValueSpecification","valueRequired":true,"valueName":"search_term_string"}}],"inLanguage":"en-US"},{"@type":"Organization","@id":"https:\/\/www.mexicanguitarplayers.com\/#organization","name":"Mexican Guitar Players","url":"https:\/\/www.mexicanguitarplayers.com\/","logo":{"@type":"ImageObject","inLanguage":"en-US","@id":"https:\/\/www.mexicanguitarplayers.com\/#\/schema\/logo\/image\/","url":"","contentUrl":"","caption":"Mexican Guitar Players"},"image":{"@id":"https:\/\/www.mexicanguitarplayers.com\/#\/schema\/logo\/image\/"}}]}},"brands":[{"id":171,"name":"BEHRINGER","slug":"behringer"}],"_links":{"self":[{"href":"https:\/\/www.mexicanguitarplayers.com\/en\/wp-json\/wp\/v2\/product\/32162","targetHints":{"allow":["GET"]}}],"collection":[{"href":"https:\/\/www.mexicanguitarplayers.com\/en\/wp-json\/wp\/v2\/product"}],"about":[{"href":"https:\/\/www.mexicanguitarplayers.com\/en\/wp-json\/wp\/v2\/types\/product"}],"replies":[{"embeddable":true,"href":"https:\/\/www.mexicanguitarplayers.com\/en\/wp-json\/wp\/v2\/comments?post=32162"}],"wp:featuredmedia":[{"embeddable":true,"href":"https:\/\/www.mexicanguitarplayers.com\/en\/wp-json\/wp\/v2\/media\/32157"}],"wp:attachment":[{"href":"https:\/\/www.mexicanguitarplayers.com\/en\/wp-json\/wp\/v2\/media?parent=32162"}],"wp:term":[{"taxonomy":"pwb-brand","embeddable":true,"href":"https:\/\/www.mexicanguitarplayers.com\/en\/wp-json\/wp\/v2\/pwb-brand?post=32162"},{"taxonomy":"product_brand","embeddable":true,"href":"https:\/\/www.mexicanguitarplayers.com\/en\/wp-json\/wp\/v2\/product_brand?post=32162"},{"taxonomy":"product_cat","embeddable":true,"href":"https:\/\/www.mexicanguitarplayers.com\/en\/wp-json\/wp\/v2\/product_cat?post=32162"},{"taxonomy":"product_tag","embeddable":true,"href":"https:\/\/www.mexicanguitarplayers.com\/en\/wp-json\/wp\/v2\/product_tag?post=32162"}],"curies":[{"name":"wp","href":"https:\/\/api.w.org\/{rel}","templated":true}]}}