{"id":32214,"date":"2025-04-08T13:05:19","date_gmt":"2025-04-08T19:05:19","guid":{"rendered":"https:\/\/www.mexicanguitarplayers.com\/tienda\/sin categor\u00eda\/estuche-gator-p-guitarra-gwe-classic\/"},"modified":"2026-04-15T04:19:34","modified_gmt":"2026-04-15T10:19:34","slug":"estuche-gator-p-guitarra-gwe-classic","status":"publish","type":"product","link":"https:\/\/www.mexicanguitarplayers.com\/en\/tienda\/accesorios\/estuches-y-fundas\/para-guitarra\/para-guitarra-clasica\/estuche-gator-p-guitarra-gwe-classic\/","title":{"rendered":"ESTUCHE GATOR P\/GUITARRA GWE-CLASSIC"},"content":{"rendered":"<div style=\"text-align: justify\">\n<div>\n<h3>Protecci\u00f3n cl\u00e1sica probada y real.<\/h3>\n<\/div>\n<div>El estuche de madera de carcasa dura GWE CLASSIC es ideal para guitarras cl\u00e1sicas, es liviano, ultra delgado y est\u00e1 dise\u00f1ado para proteger tu instrumento contra golpes y magulladuras menores del uso diario. La madera contrachapada duradera recubierta de PVC Tolex negro forma una barrera exterior resistente a la humedad y a los impactos, mientras que el forro de felpa mantiene tu guitarra c\u00f3moda. El gran compartimento interior de almacenamiento se adapta a todo, desde tahal\u00edes y afinadores hasta p\u00faas y capos. Los cerrojos cromados forman un recinto seguro y el asa ergon\u00f3mica de transporte equilibra perfectamente el peso del estuche y le da un agarre c\u00f3modo a tu equipo. Mant\u00e9n tu guitarra sana y salva con este gran estuche de madera r\u00edgida.<\/div>\n<div>\n<h4>Quick look<\/h4>\n<\/div>\n<ul style=\"margin: 0px 0px 0px 25px\">\n<li style=\"list-style-type: circle;margin: 5px\">Dimensiones interiores.<\/li>\n<li style=\"list-style-type: circle;margin: 5px\">Dimensiones exteriores.<\/li>\n<li style=\"list-style-type: circle;margin: 5px\">Weight.<\/li>\n<\/ul>\n<div>\n<div style=\"font-weight: bold\">Dimensiones interiores.<\/div>\n<div>\n<p>Altura interior: 4.6&#8243; (116.84 mm). Longitud del cuerpo: 22.9&#8243; (581.66 mm). Altura del cuerpo: 4.6&#8243; (116.84 mm). Ancho de la parte inferior: 15&#8243; (381 mm). Ancho de la parte del medio 10.4&#8243; (264.16 mm). Ancho de la parte superior: 11.6&#8243; (294.64 mm). Longitud total: 40.4 &#8220;1026.16 mm).<\/p>\n<\/div>\n<div style=\"font-weight: bold\">Dimensiones exteriores.<\/div>\n<div>\n<p>Longitud exterior: 41.9&#8243; (1064.26 mm). Ancho exterior: 16.7&#8243; (424.18 mm). Altura exterior: 6.3&#8243; (160.02 mm).<\/p>\n<\/div>\n<div style=\"font-weight: bold\">Weight.<\/div>\n<div>\n<p>3.3 kg.<\/p>\n<\/div>\n<\/div>\n<div>\n<h4>Characteristics<\/h4>\n<\/div>\n<div>\n<ul style=\"margin: 0px 0px 0px 25px\">\n<li style=\"list-style-type: circle;margin: 5px\">Estuche de madera r\u00edgida.<\/li>\n<li style=\"list-style-type: circle;margin: 5px\">Para guitarras cl\u00e1sicas.<\/li>\n<li style=\"list-style-type: circle;margin: 5px\">Mango ergon\u00f3mico.<\/li>\n<li style=\"list-style-type: circle;margin: 5px\">Cierres de bloqueo.<\/li>\n<li style=\"list-style-type: circle;margin: 5px\">Almacenamiento de accesorios.<\/li>\n<li style=\"list-style-type: circle;margin: 5px\">Fabricada con resistente madera.<\/li>\n<li style=\"list-style-type: circle;margin: 5px\">Revestimiento de PVC Tolex negro.<\/li>\n<li style=\"list-style-type: circle;margin: 5px\">Grueso forro de felpa.<\/li>\n<li style=\"list-style-type: circle;margin: 5px\">Compartimento interior.<\/li>\n<li style=\"list-style-type: circle;margin: 5px\">Cerrojos cromados.<\/li>\n<li style=\"list-style-type: circle;margin: 5px\">Washburn<\/li>\n<li style=\"list-style-type: circle;margin: 5px\">Yamaha<\/li>\n<\/ul>\n<\/div>\n<\/div>","protected":false},"excerpt":{"rendered":"<p>Estuche de madera para guitarras cl\u00e1sicas, mango ergon\u00f3mico resistente para un agarre c\u00f3modo que equilibra perfectamente el peso de tu instrumento, cierres de bloqueo, almacenamiento de accesorios, fabricada con madera de alta resistencia que soporta a\u00f1os de uso y abuso, revestimiento de PVC Tolex negro que crea un exterior resistente a la humedad, grueso forro de felpa que mantiene tu guitarra amortiguada contra impactos, espacioso compartimento interior que organiza todos tus accesorios de guitarra favoritos, cerrojos cromados.&hellip; <a class=\"kt-excerpt-readmore more-link\" href=\"https:\/\/www.mexicanguitarplayers.com\/en\/tienda\/accesorios\/estuches-y-fundas\/para-guitarra\/para-guitarra-clasica\/estuche-gator-p-guitarra-gwe-classic\/\">Read more<\/a><\/p>","protected":false},"featured_media":32207,"comment_status":"open","ping_status":"closed","template":"","meta":{"kt_blocks_editor_width":""},"pwb-brand":[572],"product_brand":[],"product_cat":[85,517,566,577],"product_tag":[],"class_list":{"0":"post-32214","1":"product","2":"type-product","3":"status-publish","4":"has-post-thumbnail","6":"pwb-brand-gator","7":"product_cat-accesorios","8":"product_cat-estuches-y-fundas","9":"product_cat-para-guitarra","10":"product_cat-para-guitarra-clasica","11":"product_shipping_class-0-5-kg","13":"first","14":"outofstock","15":"taxable","16":"shipping-taxable","17":"purchasable","18":"product-type-simple"},"yoast_head":"<!-- This site is optimized with the Yoast SEO plugin v27.5 - https:\/\/yoast.com\/product\/yoast-seo-wordpress\/ -->\n<title>ESTUCHE GATOR P\/GUITARRA GWE-CLASSIC - Mexican Guitar Players<\/title>\n<meta name=\"description\" content=\"Estuche de madera para guitarras cl\u00e1sicas, mango ergon\u00f3mico resistente para un agarre c\u00f3modo que equilibra perfectamente el peso de tu instrumento, cierres de bloqueo, almacenamiento de accesorios, fabricada con madera de alta resistencia que soporta a\u00f1os de uso y abuso, revestimiento de PVC Tolex negro que crea un exterior resistente a la humedad, grueso forro de felpa que mantiene tu guitarra amortiguada contra impactos, espacioso compartimento interior que organiza todos tus accesorios de guitarra favoritos, cerrojos cromados.\" \/>\n<meta name=\"robots\" content=\"index, follow, max-snippet:-1, max-image-preview:large, max-video-preview:-1\" \/>\n<link rel=\"canonical\" href=\"https:\/\/www.mexicanguitarplayers.com\/en\/tienda\/sin%20categor\u00eda\/estuche-gator-p-guitarra-gwe-classic\/\" \/>\n<meta property=\"og:locale\" content=\"en_US\" \/>\n<meta property=\"og:type\" content=\"article\" \/>\n<meta property=\"og:title\" content=\"ESTUCHE GATOR P\/GUITARRA GWE-CLASSIC - Mexican Guitar Players\" \/>\n<meta property=\"og:description\" content=\"Estuche de madera para guitarras cl\u00e1sicas, mango ergon\u00f3mico resistente para un agarre c\u00f3modo que equilibra perfectamente el peso de tu instrumento, cierres de bloqueo, almacenamiento de accesorios, fabricada con madera de alta resistencia que soporta a\u00f1os de uso y abuso, revestimiento de PVC Tolex negro que crea un exterior resistente a la humedad, grueso forro de felpa que mantiene tu guitarra amortiguada contra impactos, espacioso compartimento interior que organiza todos tus accesorios de guitarra favoritos, cerrojos cromados.\" \/>\n<meta property=\"og:url\" content=\"https:\/\/www.mexicanguitarplayers.com\/en\/tienda\/sin categor\u00eda\/estuche-gator-p-guitarra-gwe-classic\/\" \/>\n<meta property=\"og:site_name\" content=\"Mexican Guitar Players\" \/>\n<meta property=\"article:modified_time\" content=\"2026-04-15T10:19:34+00:00\" \/>\n<meta name=\"twitter:card\" content=\"summary_large_image\" \/>\n<meta name=\"twitter:label1\" content=\"Est. reading time\" \/>\n\t<meta name=\"twitter:data1\" content=\"1 minute\" \/>\n<script type=\"application\/ld+json\" class=\"yoast-schema-graph\">{\"@context\":\"https:\\\/\\\/schema.org\",\"@graph\":[{\"@type\":[\"WebPage\",\"ItemPage\"],\"@id\":\"https:\\\/\\\/www.mexicanguitarplayers.com\\\/tienda\\\/sin categor\u00eda\\\/estuche-gator-p-guitarra-gwe-classic\\\/\",\"url\":\"https:\\\/\\\/www.mexicanguitarplayers.com\\\/tienda\\\/sin categor\u00eda\\\/estuche-gator-p-guitarra-gwe-classic\\\/\",\"name\":\"ESTUCHE GATOR P\\\/GUITARRA GWE-CLASSIC - Mexican Guitar Players\",\"isPartOf\":{\"@id\":\"https:\\\/\\\/www.mexicanguitarplayers.com\\\/#website\"},\"primaryImageOfPage\":{\"@id\":\"https:\\\/\\\/www.mexicanguitarplayers.com\\\/tienda\\\/sin categor\u00eda\\\/estuche-gator-p-guitarra-gwe-classic\\\/#primaryimage\"},\"image\":{\"@id\":\"https:\\\/\\\/www.mexicanguitarplayers.com\\\/tienda\\\/sin categor\u00eda\\\/estuche-gator-p-guitarra-gwe-classic\\\/#primaryimage\"},\"thumbnailUrl\":\"https:\\\/\\\/www.mexicanguitarplayers.com\\\/wp-content\\\/uploads\\\/2025\\\/04\\\/VAGATGWECLASSI.jpg\",\"datePublished\":\"2025-04-08T19:05:19+00:00\",\"dateModified\":\"2026-04-15T10:19:34+00:00\",\"description\":\"Estuche de madera para guitarras cl\u00e1sicas, mango ergon\u00f3mico resistente para un agarre c\u00f3modo que equilibra perfectamente el peso de tu instrumento, cierres de bloqueo, almacenamiento de accesorios, fabricada con madera de alta resistencia que soporta a\u00f1os de uso y abuso, revestimiento de PVC Tolex negro que crea un exterior resistente a la humedad, grueso forro de felpa que mantiene tu guitarra amortiguada contra impactos, espacioso compartimento interior que organiza todos tus accesorios de guitarra favoritos, cerrojos cromados.\",\"breadcrumb\":{\"@id\":\"https:\\\/\\\/www.mexicanguitarplayers.com\\\/tienda\\\/sin categor\u00eda\\\/estuche-gator-p-guitarra-gwe-classic\\\/#breadcrumb\"},\"inLanguage\":\"en-US\",\"potentialAction\":[{\"@type\":\"ReadAction\",\"target\":[\"https:\\\/\\\/www.mexicanguitarplayers.com\\\/tienda\\\/sin categor\u00eda\\\/estuche-gator-p-guitarra-gwe-classic\\\/\"]}]},{\"@type\":\"ImageObject\",\"inLanguage\":\"en-US\",\"@id\":\"https:\\\/\\\/www.mexicanguitarplayers.com\\\/tienda\\\/sin categor\u00eda\\\/estuche-gator-p-guitarra-gwe-classic\\\/#primaryimage\",\"url\":\"https:\\\/\\\/www.mexicanguitarplayers.com\\\/wp-content\\\/uploads\\\/2025\\\/04\\\/VAGATGWECLASSI.jpg\",\"contentUrl\":\"https:\\\/\\\/www.mexicanguitarplayers.com\\\/wp-content\\\/uploads\\\/2025\\\/04\\\/VAGATGWECLASSI.jpg\",\"width\":1200,\"height\":1200},{\"@type\":\"BreadcrumbList\",\"@id\":\"https:\\\/\\\/www.mexicanguitarplayers.com\\\/tienda\\\/sin categor\u00eda\\\/estuche-gator-p-guitarra-gwe-classic\\\/#breadcrumb\",\"itemListElement\":[{\"@type\":\"ListItem\",\"position\":1,\"name\":\"Portada\",\"item\":\"https:\\\/\\\/www.mexicanguitarplayers.com\\\/\"},{\"@type\":\"ListItem\",\"position\":2,\"name\":\"Tienda\",\"item\":\"https:\\\/\\\/www.mexicanguitarplayers.com\\\/tienda\\\/\"},{\"@type\":\"ListItem\",\"position\":3,\"name\":\"ESTUCHE GATOR P\\\/GUITARRA GWE-CLASSIC\"}]},{\"@type\":\"WebSite\",\"@id\":\"https:\\\/\\\/www.mexicanguitarplayers.com\\\/#website\",\"url\":\"https:\\\/\\\/www.mexicanguitarplayers.com\\\/\",\"name\":\"Mexican Guitar Players\",\"description\":\"Website\",\"publisher\":{\"@id\":\"https:\\\/\\\/www.mexicanguitarplayers.com\\\/#organization\"},\"potentialAction\":[{\"@type\":\"SearchAction\",\"target\":{\"@type\":\"EntryPoint\",\"urlTemplate\":\"https:\\\/\\\/www.mexicanguitarplayers.com\\\/?s={search_term_string}\"},\"query-input\":{\"@type\":\"PropertyValueSpecification\",\"valueRequired\":true,\"valueName\":\"search_term_string\"}}],\"inLanguage\":\"en-US\"},{\"@type\":\"Organization\",\"@id\":\"https:\\\/\\\/www.mexicanguitarplayers.com\\\/#organization\",\"name\":\"Mexican Guitar Players\",\"url\":\"https:\\\/\\\/www.mexicanguitarplayers.com\\\/\",\"logo\":{\"@type\":\"ImageObject\",\"inLanguage\":\"en-US\",\"@id\":\"https:\\\/\\\/www.mexicanguitarplayers.com\\\/#\\\/schema\\\/logo\\\/image\\\/\",\"url\":\"\",\"contentUrl\":\"\",\"caption\":\"Mexican Guitar Players\"},\"image\":{\"@id\":\"https:\\\/\\\/www.mexicanguitarplayers.com\\\/#\\\/schema\\\/logo\\\/image\\\/\"}}]}<\/script>\n<!-- \/ Yoast SEO plugin. -->","yoast_head_json":{"title":"ESTUCHE GATOR P\/GUITARRA GWE-CLASSIC - Mexican Guitar Players","description":"Estuche de madera para guitarras cl\u00e1sicas, mango ergon\u00f3mico resistente para un agarre c\u00f3modo que equilibra perfectamente el peso de tu instrumento, cierres de bloqueo, almacenamiento de accesorios, fabricada con madera de alta resistencia que soporta a\u00f1os de uso y abuso, revestimiento de PVC Tolex negro que crea un exterior resistente a la humedad, grueso forro de felpa que mantiene tu guitarra amortiguada contra impactos, espacioso compartimento interior que organiza todos tus accesorios de guitarra favoritos, cerrojos cromados.","robots":{"index":"index","follow":"follow","max-snippet":"max-snippet:-1","max-image-preview":"max-image-preview:large","max-video-preview":"max-video-preview:-1"},"canonical":"https:\/\/www.mexicanguitarplayers.com\/en\/tienda\/sin categor\u00eda\/estuche-gator-p-guitarra-gwe-classic\/","og_locale":"en_US","og_type":"article","og_title":"ESTUCHE GATOR P\/GUITARRA GWE-CLASSIC - Mexican Guitar Players","og_description":"Estuche de madera para guitarras cl\u00e1sicas, mango ergon\u00f3mico resistente para un agarre c\u00f3modo que equilibra perfectamente el peso de tu instrumento, cierres de bloqueo, almacenamiento de accesorios, fabricada con madera de alta resistencia que soporta a\u00f1os de uso y abuso, revestimiento de PVC Tolex negro que crea un exterior resistente a la humedad, grueso forro de felpa que mantiene tu guitarra amortiguada contra impactos, espacioso compartimento interior que organiza todos tus accesorios de guitarra favoritos, cerrojos cromados.","og_url":"https:\/\/www.mexicanguitarplayers.com\/en\/tienda\/sin categor\u00eda\/estuche-gator-p-guitarra-gwe-classic\/","og_site_name":"Mexican Guitar Players","article_modified_time":"2026-04-15T10:19:34+00:00","twitter_card":"summary_large_image","twitter_misc":{"Est. reading time":"1 minute"},"schema":{"@context":"https:\/\/schema.org","@graph":[{"@type":["WebPage","ItemPage"],"@id":"https:\/\/www.mexicanguitarplayers.com\/tienda\/sin categor\u00eda\/estuche-gator-p-guitarra-gwe-classic\/","url":"https:\/\/www.mexicanguitarplayers.com\/tienda\/sin categor\u00eda\/estuche-gator-p-guitarra-gwe-classic\/","name":"ESTUCHE GATOR P\/GUITARRA GWE-CLASSIC - Mexican Guitar Players","isPartOf":{"@id":"https:\/\/www.mexicanguitarplayers.com\/#website"},"primaryImageOfPage":{"@id":"https:\/\/www.mexicanguitarplayers.com\/tienda\/sin categor\u00eda\/estuche-gator-p-guitarra-gwe-classic\/#primaryimage"},"image":{"@id":"https:\/\/www.mexicanguitarplayers.com\/tienda\/sin categor\u00eda\/estuche-gator-p-guitarra-gwe-classic\/#primaryimage"},"thumbnailUrl":"https:\/\/www.mexicanguitarplayers.com\/wp-content\/uploads\/2025\/04\/VAGATGWECLASSI.jpg","datePublished":"2025-04-08T19:05:19+00:00","dateModified":"2026-04-15T10:19:34+00:00","description":"Estuche de madera para guitarras cl\u00e1sicas, mango ergon\u00f3mico resistente para un agarre c\u00f3modo que equilibra perfectamente el peso de tu instrumento, cierres de bloqueo, almacenamiento de accesorios, fabricada con madera de alta resistencia que soporta a\u00f1os de uso y abuso, revestimiento de PVC Tolex negro que crea un exterior resistente a la humedad, grueso forro de felpa que mantiene tu guitarra amortiguada contra impactos, espacioso compartimento interior que organiza todos tus accesorios de guitarra favoritos, cerrojos cromados.","breadcrumb":{"@id":"https:\/\/www.mexicanguitarplayers.com\/tienda\/sin categor\u00eda\/estuche-gator-p-guitarra-gwe-classic\/#breadcrumb"},"inLanguage":"en-US","potentialAction":[{"@type":"ReadAction","target":["https:\/\/www.mexicanguitarplayers.com\/tienda\/sin categor\u00eda\/estuche-gator-p-guitarra-gwe-classic\/"]}]},{"@type":"ImageObject","inLanguage":"en-US","@id":"https:\/\/www.mexicanguitarplayers.com\/tienda\/sin categor\u00eda\/estuche-gator-p-guitarra-gwe-classic\/#primaryimage","url":"https:\/\/www.mexicanguitarplayers.com\/wp-content\/uploads\/2025\/04\/VAGATGWECLASSI.jpg","contentUrl":"https:\/\/www.mexicanguitarplayers.com\/wp-content\/uploads\/2025\/04\/VAGATGWECLASSI.jpg","width":1200,"height":1200},{"@type":"BreadcrumbList","@id":"https:\/\/www.mexicanguitarplayers.com\/tienda\/sin categor\u00eda\/estuche-gator-p-guitarra-gwe-classic\/#breadcrumb","itemListElement":[{"@type":"ListItem","position":1,"name":"Portada","item":"https:\/\/www.mexicanguitarplayers.com\/"},{"@type":"ListItem","position":2,"name":"Tienda","item":"https:\/\/www.mexicanguitarplayers.com\/tienda\/"},{"@type":"ListItem","position":3,"name":"ESTUCHE GATOR P\/GUITARRA GWE-CLASSIC"}]},{"@type":"WebSite","@id":"https:\/\/www.mexicanguitarplayers.com\/#website","url":"https:\/\/www.mexicanguitarplayers.com\/","name":"Mexican Guitar Players","description":"Website","publisher":{"@id":"https:\/\/www.mexicanguitarplayers.com\/#organization"},"potentialAction":[{"@type":"SearchAction","target":{"@type":"EntryPoint","urlTemplate":"https:\/\/www.mexicanguitarplayers.com\/?s={search_term_string}"},"query-input":{"@type":"PropertyValueSpecification","valueRequired":true,"valueName":"search_term_string"}}],"inLanguage":"en-US"},{"@type":"Organization","@id":"https:\/\/www.mexicanguitarplayers.com\/#organization","name":"Mexican Guitar Players","url":"https:\/\/www.mexicanguitarplayers.com\/","logo":{"@type":"ImageObject","inLanguage":"en-US","@id":"https:\/\/www.mexicanguitarplayers.com\/#\/schema\/logo\/image\/","url":"","contentUrl":"","caption":"Mexican Guitar Players"},"image":{"@id":"https:\/\/www.mexicanguitarplayers.com\/#\/schema\/logo\/image\/"}}]}},"brands":[{"id":572,"name":"GATOR","slug":"gator"}],"_links":{"self":[{"href":"https:\/\/www.mexicanguitarplayers.com\/en\/wp-json\/wp\/v2\/product\/32214","targetHints":{"allow":["GET"]}}],"collection":[{"href":"https:\/\/www.mexicanguitarplayers.com\/en\/wp-json\/wp\/v2\/product"}],"about":[{"href":"https:\/\/www.mexicanguitarplayers.com\/en\/wp-json\/wp\/v2\/types\/product"}],"replies":[{"embeddable":true,"href":"https:\/\/www.mexicanguitarplayers.com\/en\/wp-json\/wp\/v2\/comments?post=32214"}],"wp:featuredmedia":[{"embeddable":true,"href":"https:\/\/www.mexicanguitarplayers.com\/en\/wp-json\/wp\/v2\/media\/32207"}],"wp:attachment":[{"href":"https:\/\/www.mexicanguitarplayers.com\/en\/wp-json\/wp\/v2\/media?parent=32214"}],"wp:term":[{"taxonomy":"pwb-brand","embeddable":true,"href":"https:\/\/www.mexicanguitarplayers.com\/en\/wp-json\/wp\/v2\/pwb-brand?post=32214"},{"taxonomy":"product_brand","embeddable":true,"href":"https:\/\/www.mexicanguitarplayers.com\/en\/wp-json\/wp\/v2\/product_brand?post=32214"},{"taxonomy":"product_cat","embeddable":true,"href":"https:\/\/www.mexicanguitarplayers.com\/en\/wp-json\/wp\/v2\/product_cat?post=32214"},{"taxonomy":"product_tag","embeddable":true,"href":"https:\/\/www.mexicanguitarplayers.com\/en\/wp-json\/wp\/v2\/product_tag?post=32214"}],"curies":[{"name":"wp","href":"https:\/\/api.w.org\/{rel}","templated":true}]}}