{"id":32231,"date":"2025-04-08T13:05:43","date_gmt":"2025-04-08T19:05:43","guid":{"rendered":"https:\/\/www.mexicanguitarplayers.com\/tienda\/sin categor\u00eda\/soporte-hercules-p-microfono-ms401b\/"},"modified":"2026-04-10T04:33:48","modified_gmt":"2026-04-10T10:33:48","slug":"soporte-hercules-p-microfono-ms401b","status":"publish","type":"product","link":"https:\/\/www.mexicanguitarplayers.com\/en\/tienda\/accesorios\/stands\/para-microfono\/soporte-hercules-p-microfono-ms401b\/","title":{"rendered":"SOPORTE HERCULES P\/MICROFONO MS401B"},"content":{"rendered":"<div style=\"text-align: justify\">\n<div>\n<h3>Tu micr\u00f3fono a la altura deseada y seguro en tu soporte.<\/h3>\n<\/div>\n<div>El MS401B de Hercules es un soporte para micr\u00f3fono que cuenta con un sistema adaptador Quick-N-EZ que sirve para colocar r\u00e1pidamente el micr\u00f3fono en el stand. Deja el adaptador en tu micr\u00f3fono para montajes m\u00e1s r\u00e1pidos. Funciona con roscas de 5\/8\u201d.  Cuenta con patas m\u00f3viles que hacen que se pueda ajustar a otros soportes y equipo de escenario. Es perfecto para espacios reducidos o de dif\u00edcil acceso. Los soportes para micr\u00f3fono Hercules as\u00ed como los booms est\u00e1n dise\u00f1ados para eliminar los problemas asociados con los soportes convencionales.  Grandes figuras de la m\u00fasica, como Sammy Hagar, Dave Matthews Band, Megadeth y Ted Nugent entre otros, prefieren Hercules sobre otras marcas.<\/div>\n<div>\n<h4>Quick look<\/h4>\n<\/div>\n<ul style=\"margin: 0px 0px 0px 25px\">\n<li style=\"list-style-type: circle;margin: 5px\">Adaptador Quik-N-EZ.<\/li>\n<li style=\"list-style-type: circle;margin: 5px\">Sistema Quik-N-EZ.<\/li>\n<li style=\"list-style-type: circle;margin: 5px\">Base inclinable y patas de \u00e1ngulo variable.<\/li>\n<li style=\"list-style-type: circle;margin: 5px\">Altura.<\/li>\n<li style=\"list-style-type: circle;margin: 5px\">Weight.<\/li>\n<li style=\"list-style-type: circle;margin: 5px\">Radio de la base.<\/li>\n<\/ul>\n<div>\n<div style=\"font-weight: bold\">Adaptador Quik-N-EZ.<\/div>\n<div>\n<p>Cuenta con un adaptador Quick-N-EZ para colocar r\u00e1pidamente el micr\u00f3fono en el stand. Levanta la palanca para colocarlo y b\u00e1jala para quitarlo. Deje el adaptador en su micro para montajes m\u00e1s r\u00e1pidos. Funciona con roscas de 5\/8\u201d.<\/p>\n<\/div>\n<div style=\"font-weight: bold\">Sistema Quik-N-EZ.<\/div>\n<div>\n<p>El sistema Quik-N-EZ permite manejar el soporte con una sola mano. Tiene adem\u00e1s un mecanismo interno para prevenir deslizamiento. Simplemente presiona para subir y bajar.<\/p>\n<\/div>\n<div style=\"font-weight: bold\">Base inclinable y patas de \u00e1ngulo variable.<\/div>\n<div>\n<p>Esta revolucionaria base inclinable permite un ajuste completo del \u00e1ngulo del soporte y las patas m\u00f3viles hacen que se pueda ajustar a otros soportes y equipo de escenario. Es perfecto para espacios reducidos o de dif\u00edcil acceso.<\/p>\n<\/div>\n<div style=\"font-weight: bold\">Altura.<\/div>\n<div>\n<p>1030 &#8211; 1680 mm.<\/p>\n<\/div>\n<div style=\"font-weight: bold\">Weight.<\/div>\n<div>\n<p>3.6 kg.<\/p>\n<\/div>\n<div style=\"font-weight: bold\">Radio de la base.<\/div>\n<div>\n<p>370 mm.<\/p>\n<\/div>\n<\/div>\n<\/div>","protected":false},"excerpt":{"rendered":"<p>Soporte recto para micr\u00f3fono, asaptador Quick-N-EZ que levanta la palanca para colocarlo y la baja para quitarlo, sistema de ajuste de altura Quik-N-EZ que permite manejar el soporte con una sola mano, mecanismo interno para prevenir deslizamiento, base inclinable y patas de \u00e1ngulo variable, altura: 1030 a 1680 mm, peso: 3.6 kg, radio de la base: 370 mm.&hellip; <a class=\"kt-excerpt-readmore more-link\" href=\"https:\/\/www.mexicanguitarplayers.com\/en\/tienda\/accesorios\/stands\/para-microfono\/soporte-hercules-p-microfono-ms401b\/\">Read more<\/a><\/p>","protected":false},"featured_media":32228,"comment_status":"open","ping_status":"closed","template":"","meta":{"kt_blocks_editor_width":""},"pwb-brand":[587],"product_brand":[],"product_cat":[85,464,416],"product_tag":[],"class_list":{"0":"post-32231","1":"product","2":"type-product","3":"status-publish","4":"has-post-thumbnail","6":"pwb-brand-hercules","7":"product_cat-accesorios","8":"product_cat-para-microfono","9":"product_cat-stands","10":"product_shipping_class-0-5-kg","12":"first","13":"outofstock","14":"taxable","15":"shipping-taxable","16":"purchasable","17":"product-type-simple"},"yoast_head":"<!-- This site is optimized with the Yoast SEO plugin v27.5 - https:\/\/yoast.com\/product\/yoast-seo-wordpress\/ -->\n<title>SOPORTE HERCULES P\/MICROFONO MS401B - Mexican Guitar Players<\/title>\n<meta name=\"description\" content=\"Soporte recto para micr\u00f3fono, asaptador Quick-N-EZ que levanta la palanca para colocarlo y la baja para quitarlo, sistema de ajuste de altura Quik-N-EZ que permite manejar el soporte con una sola mano, mecanismo interno para prevenir deslizamiento, base inclinable y patas de \u00e1ngulo variable, altura: 1030 a 1680 mm, peso: 3.6 kg, radio de la base: 370 mm.\" \/>\n<meta name=\"robots\" content=\"index, follow, max-snippet:-1, max-image-preview:large, max-video-preview:-1\" \/>\n<link rel=\"canonical\" href=\"https:\/\/www.mexicanguitarplayers.com\/en\/tienda\/sin%20categor\u00eda\/soporte-hercules-p-microfono-ms401b\/\" \/>\n<meta property=\"og:locale\" content=\"en_US\" \/>\n<meta property=\"og:type\" content=\"article\" \/>\n<meta property=\"og:title\" content=\"SOPORTE HERCULES P\/MICROFONO MS401B - Mexican Guitar Players\" \/>\n<meta property=\"og:description\" content=\"Soporte recto para micr\u00f3fono, asaptador Quick-N-EZ que levanta la palanca para colocarlo y la baja para quitarlo, sistema de ajuste de altura Quik-N-EZ que permite manejar el soporte con una sola mano, mecanismo interno para prevenir deslizamiento, base inclinable y patas de \u00e1ngulo variable, altura: 1030 a 1680 mm, peso: 3.6 kg, radio de la base: 370 mm.\" \/>\n<meta property=\"og:url\" content=\"https:\/\/www.mexicanguitarplayers.com\/en\/tienda\/sin categor\u00eda\/soporte-hercules-p-microfono-ms401b\/\" \/>\n<meta property=\"og:site_name\" content=\"Mexican Guitar Players\" \/>\n<meta property=\"article:modified_time\" content=\"2026-04-10T10:33:48+00:00\" \/>\n<meta name=\"twitter:card\" content=\"summary_large_image\" \/>\n<meta name=\"twitter:label1\" content=\"Est. reading time\" \/>\n\t<meta name=\"twitter:data1\" content=\"1 minute\" \/>\n<script type=\"application\/ld+json\" class=\"yoast-schema-graph\">{\"@context\":\"https:\\\/\\\/schema.org\",\"@graph\":[{\"@type\":[\"WebPage\",\"ItemPage\"],\"@id\":\"https:\\\/\\\/www.mexicanguitarplayers.com\\\/tienda\\\/sin categor\u00eda\\\/soporte-hercules-p-microfono-ms401b\\\/\",\"url\":\"https:\\\/\\\/www.mexicanguitarplayers.com\\\/tienda\\\/sin categor\u00eda\\\/soporte-hercules-p-microfono-ms401b\\\/\",\"name\":\"SOPORTE HERCULES P\\\/MICROFONO MS401B - Mexican Guitar Players\",\"isPartOf\":{\"@id\":\"https:\\\/\\\/www.mexicanguitarplayers.com\\\/#website\"},\"primaryImageOfPage\":{\"@id\":\"https:\\\/\\\/www.mexicanguitarplayers.com\\\/tienda\\\/sin categor\u00eda\\\/soporte-hercules-p-microfono-ms401b\\\/#primaryimage\"},\"image\":{\"@id\":\"https:\\\/\\\/www.mexicanguitarplayers.com\\\/tienda\\\/sin categor\u00eda\\\/soporte-hercules-p-microfono-ms401b\\\/#primaryimage\"},\"thumbnailUrl\":\"https:\\\/\\\/www.mexicanguitarplayers.com\\\/wp-content\\\/uploads\\\/2025\\\/04\\\/VAHERMS401B.jpg\",\"datePublished\":\"2025-04-08T19:05:43+00:00\",\"dateModified\":\"2026-04-10T10:33:48+00:00\",\"description\":\"Soporte recto para micr\u00f3fono, asaptador Quick-N-EZ que levanta la palanca para colocarlo y la baja para quitarlo, sistema de ajuste de altura Quik-N-EZ que permite manejar el soporte con una sola mano, mecanismo interno para prevenir deslizamiento, base inclinable y patas de \u00e1ngulo variable, altura: 1030 a 1680 mm, peso: 3.6 kg, radio de la base: 370 mm.\",\"breadcrumb\":{\"@id\":\"https:\\\/\\\/www.mexicanguitarplayers.com\\\/tienda\\\/sin categor\u00eda\\\/soporte-hercules-p-microfono-ms401b\\\/#breadcrumb\"},\"inLanguage\":\"en-US\",\"potentialAction\":[{\"@type\":\"ReadAction\",\"target\":[\"https:\\\/\\\/www.mexicanguitarplayers.com\\\/tienda\\\/sin categor\u00eda\\\/soporte-hercules-p-microfono-ms401b\\\/\"]}]},{\"@type\":\"ImageObject\",\"inLanguage\":\"en-US\",\"@id\":\"https:\\\/\\\/www.mexicanguitarplayers.com\\\/tienda\\\/sin categor\u00eda\\\/soporte-hercules-p-microfono-ms401b\\\/#primaryimage\",\"url\":\"https:\\\/\\\/www.mexicanguitarplayers.com\\\/wp-content\\\/uploads\\\/2025\\\/04\\\/VAHERMS401B.jpg\",\"contentUrl\":\"https:\\\/\\\/www.mexicanguitarplayers.com\\\/wp-content\\\/uploads\\\/2025\\\/04\\\/VAHERMS401B.jpg\",\"width\":1200,\"height\":1200},{\"@type\":\"BreadcrumbList\",\"@id\":\"https:\\\/\\\/www.mexicanguitarplayers.com\\\/tienda\\\/sin categor\u00eda\\\/soporte-hercules-p-microfono-ms401b\\\/#breadcrumb\",\"itemListElement\":[{\"@type\":\"ListItem\",\"position\":1,\"name\":\"Portada\",\"item\":\"https:\\\/\\\/www.mexicanguitarplayers.com\\\/\"},{\"@type\":\"ListItem\",\"position\":2,\"name\":\"Tienda\",\"item\":\"https:\\\/\\\/www.mexicanguitarplayers.com\\\/tienda\\\/\"},{\"@type\":\"ListItem\",\"position\":3,\"name\":\"SOPORTE HERCULES P\\\/MICROFONO MS401B\"}]},{\"@type\":\"WebSite\",\"@id\":\"https:\\\/\\\/www.mexicanguitarplayers.com\\\/#website\",\"url\":\"https:\\\/\\\/www.mexicanguitarplayers.com\\\/\",\"name\":\"Mexican Guitar Players\",\"description\":\"Website\",\"publisher\":{\"@id\":\"https:\\\/\\\/www.mexicanguitarplayers.com\\\/#organization\"},\"potentialAction\":[{\"@type\":\"SearchAction\",\"target\":{\"@type\":\"EntryPoint\",\"urlTemplate\":\"https:\\\/\\\/www.mexicanguitarplayers.com\\\/?s={search_term_string}\"},\"query-input\":{\"@type\":\"PropertyValueSpecification\",\"valueRequired\":true,\"valueName\":\"search_term_string\"}}],\"inLanguage\":\"en-US\"},{\"@type\":\"Organization\",\"@id\":\"https:\\\/\\\/www.mexicanguitarplayers.com\\\/#organization\",\"name\":\"Mexican Guitar Players\",\"url\":\"https:\\\/\\\/www.mexicanguitarplayers.com\\\/\",\"logo\":{\"@type\":\"ImageObject\",\"inLanguage\":\"en-US\",\"@id\":\"https:\\\/\\\/www.mexicanguitarplayers.com\\\/#\\\/schema\\\/logo\\\/image\\\/\",\"url\":\"\",\"contentUrl\":\"\",\"caption\":\"Mexican Guitar Players\"},\"image\":{\"@id\":\"https:\\\/\\\/www.mexicanguitarplayers.com\\\/#\\\/schema\\\/logo\\\/image\\\/\"}}]}<\/script>\n<!-- \/ Yoast SEO plugin. -->","yoast_head_json":{"title":"SOPORTE HERCULES P\/MICROFONO MS401B - Mexican Guitar Players","description":"Soporte recto para micr\u00f3fono, asaptador Quick-N-EZ que levanta la palanca para colocarlo y la baja para quitarlo, sistema de ajuste de altura Quik-N-EZ que permite manejar el soporte con una sola mano, mecanismo interno para prevenir deslizamiento, base inclinable y patas de \u00e1ngulo variable, altura: 1030 a 1680 mm, peso: 3.6 kg, radio de la base: 370 mm.","robots":{"index":"index","follow":"follow","max-snippet":"max-snippet:-1","max-image-preview":"max-image-preview:large","max-video-preview":"max-video-preview:-1"},"canonical":"https:\/\/www.mexicanguitarplayers.com\/en\/tienda\/sin categor\u00eda\/soporte-hercules-p-microfono-ms401b\/","og_locale":"en_US","og_type":"article","og_title":"SOPORTE HERCULES P\/MICROFONO MS401B - Mexican Guitar Players","og_description":"Soporte recto para micr\u00f3fono, asaptador Quick-N-EZ que levanta la palanca para colocarlo y la baja para quitarlo, sistema de ajuste de altura Quik-N-EZ que permite manejar el soporte con una sola mano, mecanismo interno para prevenir deslizamiento, base inclinable y patas de \u00e1ngulo variable, altura: 1030 a 1680 mm, peso: 3.6 kg, radio de la base: 370 mm.","og_url":"https:\/\/www.mexicanguitarplayers.com\/en\/tienda\/sin categor\u00eda\/soporte-hercules-p-microfono-ms401b\/","og_site_name":"Mexican Guitar Players","article_modified_time":"2026-04-10T10:33:48+00:00","twitter_card":"summary_large_image","twitter_misc":{"Est. reading time":"1 minute"},"schema":{"@context":"https:\/\/schema.org","@graph":[{"@type":["WebPage","ItemPage"],"@id":"https:\/\/www.mexicanguitarplayers.com\/tienda\/sin categor\u00eda\/soporte-hercules-p-microfono-ms401b\/","url":"https:\/\/www.mexicanguitarplayers.com\/tienda\/sin categor\u00eda\/soporte-hercules-p-microfono-ms401b\/","name":"SOPORTE HERCULES P\/MICROFONO MS401B - Mexican Guitar Players","isPartOf":{"@id":"https:\/\/www.mexicanguitarplayers.com\/#website"},"primaryImageOfPage":{"@id":"https:\/\/www.mexicanguitarplayers.com\/tienda\/sin categor\u00eda\/soporte-hercules-p-microfono-ms401b\/#primaryimage"},"image":{"@id":"https:\/\/www.mexicanguitarplayers.com\/tienda\/sin categor\u00eda\/soporte-hercules-p-microfono-ms401b\/#primaryimage"},"thumbnailUrl":"https:\/\/www.mexicanguitarplayers.com\/wp-content\/uploads\/2025\/04\/VAHERMS401B.jpg","datePublished":"2025-04-08T19:05:43+00:00","dateModified":"2026-04-10T10:33:48+00:00","description":"Soporte recto para micr\u00f3fono, asaptador Quick-N-EZ que levanta la palanca para colocarlo y la baja para quitarlo, sistema de ajuste de altura Quik-N-EZ que permite manejar el soporte con una sola mano, mecanismo interno para prevenir deslizamiento, base inclinable y patas de \u00e1ngulo variable, altura: 1030 a 1680 mm, peso: 3.6 kg, radio de la base: 370 mm.","breadcrumb":{"@id":"https:\/\/www.mexicanguitarplayers.com\/tienda\/sin categor\u00eda\/soporte-hercules-p-microfono-ms401b\/#breadcrumb"},"inLanguage":"en-US","potentialAction":[{"@type":"ReadAction","target":["https:\/\/www.mexicanguitarplayers.com\/tienda\/sin categor\u00eda\/soporte-hercules-p-microfono-ms401b\/"]}]},{"@type":"ImageObject","inLanguage":"en-US","@id":"https:\/\/www.mexicanguitarplayers.com\/tienda\/sin categor\u00eda\/soporte-hercules-p-microfono-ms401b\/#primaryimage","url":"https:\/\/www.mexicanguitarplayers.com\/wp-content\/uploads\/2025\/04\/VAHERMS401B.jpg","contentUrl":"https:\/\/www.mexicanguitarplayers.com\/wp-content\/uploads\/2025\/04\/VAHERMS401B.jpg","width":1200,"height":1200},{"@type":"BreadcrumbList","@id":"https:\/\/www.mexicanguitarplayers.com\/tienda\/sin categor\u00eda\/soporte-hercules-p-microfono-ms401b\/#breadcrumb","itemListElement":[{"@type":"ListItem","position":1,"name":"Portada","item":"https:\/\/www.mexicanguitarplayers.com\/"},{"@type":"ListItem","position":2,"name":"Tienda","item":"https:\/\/www.mexicanguitarplayers.com\/tienda\/"},{"@type":"ListItem","position":3,"name":"SOPORTE HERCULES P\/MICROFONO MS401B"}]},{"@type":"WebSite","@id":"https:\/\/www.mexicanguitarplayers.com\/#website","url":"https:\/\/www.mexicanguitarplayers.com\/","name":"Mexican Guitar Players","description":"Website","publisher":{"@id":"https:\/\/www.mexicanguitarplayers.com\/#organization"},"potentialAction":[{"@type":"SearchAction","target":{"@type":"EntryPoint","urlTemplate":"https:\/\/www.mexicanguitarplayers.com\/?s={search_term_string}"},"query-input":{"@type":"PropertyValueSpecification","valueRequired":true,"valueName":"search_term_string"}}],"inLanguage":"en-US"},{"@type":"Organization","@id":"https:\/\/www.mexicanguitarplayers.com\/#organization","name":"Mexican Guitar Players","url":"https:\/\/www.mexicanguitarplayers.com\/","logo":{"@type":"ImageObject","inLanguage":"en-US","@id":"https:\/\/www.mexicanguitarplayers.com\/#\/schema\/logo\/image\/","url":"","contentUrl":"","caption":"Mexican Guitar Players"},"image":{"@id":"https:\/\/www.mexicanguitarplayers.com\/#\/schema\/logo\/image\/"}}]}},"brands":[{"id":587,"name":"HERCULES","slug":"hercules"}],"_links":{"self":[{"href":"https:\/\/www.mexicanguitarplayers.com\/en\/wp-json\/wp\/v2\/product\/32231","targetHints":{"allow":["GET"]}}],"collection":[{"href":"https:\/\/www.mexicanguitarplayers.com\/en\/wp-json\/wp\/v2\/product"}],"about":[{"href":"https:\/\/www.mexicanguitarplayers.com\/en\/wp-json\/wp\/v2\/types\/product"}],"replies":[{"embeddable":true,"href":"https:\/\/www.mexicanguitarplayers.com\/en\/wp-json\/wp\/v2\/comments?post=32231"}],"wp:featuredmedia":[{"embeddable":true,"href":"https:\/\/www.mexicanguitarplayers.com\/en\/wp-json\/wp\/v2\/media\/32228"}],"wp:attachment":[{"href":"https:\/\/www.mexicanguitarplayers.com\/en\/wp-json\/wp\/v2\/media?parent=32231"}],"wp:term":[{"taxonomy":"pwb-brand","embeddable":true,"href":"https:\/\/www.mexicanguitarplayers.com\/en\/wp-json\/wp\/v2\/pwb-brand?post=32231"},{"taxonomy":"product_brand","embeddable":true,"href":"https:\/\/www.mexicanguitarplayers.com\/en\/wp-json\/wp\/v2\/product_brand?post=32231"},{"taxonomy":"product_cat","embeddable":true,"href":"https:\/\/www.mexicanguitarplayers.com\/en\/wp-json\/wp\/v2\/product_cat?post=32231"},{"taxonomy":"product_tag","embeddable":true,"href":"https:\/\/www.mexicanguitarplayers.com\/en\/wp-json\/wp\/v2\/product_tag?post=32231"}],"curies":[{"name":"wp","href":"https:\/\/api.w.org\/{rel}","templated":true}]}}