{"id":32278,"date":"2025-04-08T13:07:15","date_gmt":"2025-04-08T19:07:15","guid":{"rendered":"https:\/\/www.mexicanguitarplayers.com\/tienda\/sin categor\u00eda\/combo-ashdown-p-bajo-mod-studio-15\/"},"modified":"2026-04-10T04:33:43","modified_gmt":"2026-04-10T10:33:43","slug":"combo-ashdown-p-bajo-mod-studio-15","status":"publish","type":"product","link":"https:\/\/www.mexicanguitarplayers.com\/en\/tienda\/cuerdas\/combos\/combos-para-bajo\/combo-ashdown-p-bajo-mod-studio-15\/","title":{"rendered":"COMBO ASHDOWN P\/BAJO MOD. STUDIO-15"},"content":{"rendered":"<div style=\"text-align: justify\">\n<div>\n<h3>COMBO ASHDOWN STUDIO-15<\/h3>\n<\/div>\n<div>Presentamos el Ashdown Studio 15, el ep\u00edtome de la innovaci\u00f3n para los bajistas que buscan portabilidad y un tono incomparable. Con un peso sorprendente de 11,2 kg (24,6 lb), este amplificador est\u00e1 dise\u00f1ado desde cero para ser su compa\u00f1ero ideal, brindando un tono pesado y la versatilidad sin\u00f3nimo de la marca Ashdown.  El Studio 15 cuenta con un altavoz NEO ligero y personalizado de 15&#8243; que produce sin esfuerzo 300 vatios de sonido Ashdown premium. Su lista completa de caracter\u00edsticas incluye overdrive emulado con v\u00e1lvula conmutable con el pedal, salida XLR DI, bucle de efectos, salida de auriculares y ecualizador de 5 bandas. y conectividad Line In, que ofrece una flexibilidad incomparable para su sonido.  Dise\u00f1ado no s\u00f3lo para practicar y ensayos sino tambi\u00e9n para conciertos peque\u00f1os y medianos, este combo s\u00faper liviano combina potencia y portabilidad como nunca antes. Su construcci\u00f3n robusta, con esquinas de metal cromado y tolex de alta resistencia, garantiza que el Studio 15 permanezca protegido y elegante durante muchos a\u00f1os.  Nada m\u00e1s sacarlo de la caja, el Studio 15 ofrece un control tonal excepcional, gracias a su ecualizador de 5 bandas. Construido con una capa de \u00e1lamo s\u00faper liviana y un altavoz NEO de 15&#8243;, reduce el peso y al mismo tiempo conserva la calidez y la articulaci\u00f3n caracter\u00edsticas de Ashdown. En resumen, el Ashdown Studio 15 es la mejor opci\u00f3n para los bajistas que exigen rendimiento y comodidad. Es hora de experimentar una nueva era de amplificaci\u00f3n de graves.<\/div>\n<div>\n<h4>Characteristics<\/h4>\n<\/div>\n<div>\n<ul style=\"margin: 0px 0px 0px 25px\">\n<li style=\"list-style-type: circle;margin: 5px\">Equalizer<\/li>\n<li style=\"list-style-type: circle;margin: 5px\">Speaker.<\/li>\n<li style=\"list-style-type: circle;margin: 5px\">Otros.<\/li>\n<li style=\"list-style-type: circle;margin: 5px\">Power.<\/li>\n<li style=\"list-style-type: circle;margin: 5px\">Impedance.<\/li>\n<li style=\"list-style-type: circle;margin: 5px\">Input impedance.<\/li>\n<li style=\"list-style-type: circle;margin: 5px\">Rango de se\u00f1al de entrada.<\/li>\n<li style=\"list-style-type: circle;margin: 5px\">Weight.<\/li>\n<\/ul>\n<\/div>\n<\/div>","protected":false},"excerpt":{"rendered":"<p>El Ashdown Studio 15 es un combo de bajo port\u00e1til y potente que ofrece un tono excepcional desde el momento en que lo sacas de la caja. Con un altavoz personalizado NEO de 15\u201d que produce 300 vatios de sonido premium de Ashdown, este combo cuenta con caracter\u00edsticas impresionantes, incluyendo overdrive emulado con v\u00e1lvula conmutable, salida XLR DI, bucle de efectos, salida de auriculares y ecualizador de 5 bandas. Su dise\u00f1o liviano, construido con una capa de \u00e1lamo y esquinas de metal cromado, garantiza una portabilidad sin igual sin sacrificar la calidad del tono. Es la opci\u00f3n ideal para bajistas que buscan rendimiento y comodidad en cualquier entorno, desde pr\u00e1cticas hasta conciertos en vivo.&hellip; <a class=\"kt-excerpt-readmore more-link\" href=\"https:\/\/www.mexicanguitarplayers.com\/en\/tienda\/cuerdas\/combos\/combos-para-bajo\/combo-ashdown-p-bajo-mod-studio-15\/\">Read more<\/a><\/p>","protected":false},"featured_media":32273,"comment_status":"open","ping_status":"closed","template":"","meta":{"kt_blocks_editor_width":""},"pwb-brand":[257],"product_brand":[],"product_cat":[236,255,224],"product_tag":[],"class_list":{"0":"post-32278","1":"product","2":"type-product","3":"status-publish","4":"has-post-thumbnail","6":"pwb-brand-ashdown","7":"product_cat-combos","8":"product_cat-combos-para-bajo","9":"product_cat-cuerdas","10":"product_shipping_class-10-15-kg","12":"first","13":"outofstock","14":"taxable","15":"shipping-taxable","16":"purchasable","17":"product-type-simple"},"yoast_head":"<!-- This site is optimized with the Yoast SEO plugin v27.6 - https:\/\/yoast.com\/product\/yoast-seo-wordpress\/ -->\n<title>COMBO ASHDOWN P\/BAJO MOD. STUDIO-15 - Mexican Guitar Players<\/title>\n<meta name=\"description\" content=\"El Ashdown Studio 15 es un combo de bajo port\u00e1til y potente que ofrece un tono excepcional desde el momento en que lo sacas de la caja. Con un altavoz personalizado NEO de 15\u201d que produce 300 vatios de sonido premium de Ashdown, este combo cuenta con caracter\u00edsticas impresionantes, incluyendo overdrive emulado con v\u00e1lvula conmutable, salida XLR DI, bucle de efectos, salida de auriculares y ecualizador de 5 bandas. Su dise\u00f1o liviano, construido con una capa de \u00e1lamo y esquinas de metal cromado, garantiza una portabilidad sin igual sin sacrificar la calidad del tono. Es la opci\u00f3n ideal para bajistas que buscan rendimiento y comodidad en cualquier entorno, desde pr\u00e1cticas hasta conciertos en vivo.\" \/>\n<meta name=\"robots\" content=\"index, follow, max-snippet:-1, max-image-preview:large, max-video-preview:-1\" \/>\n<link rel=\"canonical\" href=\"https:\/\/www.mexicanguitarplayers.com\/en\/tienda\/sin%20categor\u00eda\/combo-ashdown-p-bajo-mod-studio-15\/\" \/>\n<meta property=\"og:locale\" content=\"en_US\" \/>\n<meta property=\"og:type\" content=\"article\" \/>\n<meta property=\"og:title\" content=\"COMBO ASHDOWN P\/BAJO MOD. STUDIO-15 - Mexican Guitar Players\" \/>\n<meta property=\"og:description\" content=\"El Ashdown Studio 15 es un combo de bajo port\u00e1til y potente que ofrece un tono excepcional desde el momento en que lo sacas de la caja. Con un altavoz personalizado NEO de 15\u201d que produce 300 vatios de sonido premium de Ashdown, este combo cuenta con caracter\u00edsticas impresionantes, incluyendo overdrive emulado con v\u00e1lvula conmutable, salida XLR DI, bucle de efectos, salida de auriculares y ecualizador de 5 bandas. Su dise\u00f1o liviano, construido con una capa de \u00e1lamo y esquinas de metal cromado, garantiza una portabilidad sin igual sin sacrificar la calidad del tono. Es la opci\u00f3n ideal para bajistas que buscan rendimiento y comodidad en cualquier entorno, desde pr\u00e1cticas hasta conciertos en vivo.\" \/>\n<meta property=\"og:url\" content=\"https:\/\/www.mexicanguitarplayers.com\/en\/tienda\/sin categor\u00eda\/combo-ashdown-p-bajo-mod-studio-15\/\" \/>\n<meta property=\"og:site_name\" content=\"Mexican Guitar Players\" \/>\n<meta property=\"article:modified_time\" content=\"2026-04-10T10:33:43+00:00\" \/>\n<meta name=\"twitter:card\" content=\"summary_large_image\" \/>\n<meta name=\"twitter:label1\" content=\"Est. reading time\" \/>\n\t<meta name=\"twitter:data1\" content=\"1 minute\" \/>\n<script type=\"application\/ld+json\" class=\"yoast-schema-graph\">{\"@context\":\"https:\\\/\\\/schema.org\",\"@graph\":[{\"@type\":[\"WebPage\",\"ItemPage\"],\"@id\":\"https:\\\/\\\/www.mexicanguitarplayers.com\\\/tienda\\\/sin categor\u00eda\\\/combo-ashdown-p-bajo-mod-studio-15\\\/\",\"url\":\"https:\\\/\\\/www.mexicanguitarplayers.com\\\/tienda\\\/sin categor\u00eda\\\/combo-ashdown-p-bajo-mod-studio-15\\\/\",\"name\":\"COMBO ASHDOWN P\\\/BAJO MOD. STUDIO-15 - Mexican Guitar Players\",\"isPartOf\":{\"@id\":\"https:\\\/\\\/www.mexicanguitarplayers.com\\\/#website\"},\"primaryImageOfPage\":{\"@id\":\"https:\\\/\\\/www.mexicanguitarplayers.com\\\/tienda\\\/sin categor\u00eda\\\/combo-ashdown-p-bajo-mod-studio-15\\\/#primaryimage\"},\"image\":{\"@id\":\"https:\\\/\\\/www.mexicanguitarplayers.com\\\/tienda\\\/sin categor\u00eda\\\/combo-ashdown-p-bajo-mod-studio-15\\\/#primaryimage\"},\"thumbnailUrl\":\"https:\\\/\\\/www.mexicanguitarplayers.com\\\/wp-content\\\/uploads\\\/2025\\\/04\\\/ICASOSTUDIO15.jpg\",\"datePublished\":\"2025-04-08T19:07:15+00:00\",\"dateModified\":\"2026-04-10T10:33:43+00:00\",\"description\":\"El Ashdown Studio 15 es un combo de bajo port\u00e1til y potente que ofrece un tono excepcional desde el momento en que lo sacas de la caja. Con un altavoz personalizado NEO de 15\u201d que produce 300 vatios de sonido premium de Ashdown, este combo cuenta con caracter\u00edsticas impresionantes, incluyendo overdrive emulado con v\u00e1lvula conmutable, salida XLR DI, bucle de efectos, salida de auriculares y ecualizador de 5 bandas. Su dise\u00f1o liviano, construido con una capa de \u00e1lamo y esquinas de metal cromado, garantiza una portabilidad sin igual sin sacrificar la calidad del tono. Es la opci\u00f3n ideal para bajistas que buscan rendimiento y comodidad en cualquier entorno, desde pr\u00e1cticas hasta conciertos en vivo.\",\"breadcrumb\":{\"@id\":\"https:\\\/\\\/www.mexicanguitarplayers.com\\\/tienda\\\/sin categor\u00eda\\\/combo-ashdown-p-bajo-mod-studio-15\\\/#breadcrumb\"},\"inLanguage\":\"en-US\",\"potentialAction\":[{\"@type\":\"ReadAction\",\"target\":[\"https:\\\/\\\/www.mexicanguitarplayers.com\\\/tienda\\\/sin categor\u00eda\\\/combo-ashdown-p-bajo-mod-studio-15\\\/\"]}]},{\"@type\":\"ImageObject\",\"inLanguage\":\"en-US\",\"@id\":\"https:\\\/\\\/www.mexicanguitarplayers.com\\\/tienda\\\/sin categor\u00eda\\\/combo-ashdown-p-bajo-mod-studio-15\\\/#primaryimage\",\"url\":\"https:\\\/\\\/www.mexicanguitarplayers.com\\\/wp-content\\\/uploads\\\/2025\\\/04\\\/ICASOSTUDIO15.jpg\",\"contentUrl\":\"https:\\\/\\\/www.mexicanguitarplayers.com\\\/wp-content\\\/uploads\\\/2025\\\/04\\\/ICASOSTUDIO15.jpg\",\"width\":1200,\"height\":1200},{\"@type\":\"BreadcrumbList\",\"@id\":\"https:\\\/\\\/www.mexicanguitarplayers.com\\\/tienda\\\/sin categor\u00eda\\\/combo-ashdown-p-bajo-mod-studio-15\\\/#breadcrumb\",\"itemListElement\":[{\"@type\":\"ListItem\",\"position\":1,\"name\":\"Portada\",\"item\":\"https:\\\/\\\/www.mexicanguitarplayers.com\\\/\"},{\"@type\":\"ListItem\",\"position\":2,\"name\":\"Tienda\",\"item\":\"https:\\\/\\\/www.mexicanguitarplayers.com\\\/tienda\\\/\"},{\"@type\":\"ListItem\",\"position\":3,\"name\":\"COMBO ASHDOWN P\\\/BAJO MOD. STUDIO-15\"}]},{\"@type\":\"WebSite\",\"@id\":\"https:\\\/\\\/www.mexicanguitarplayers.com\\\/#website\",\"url\":\"https:\\\/\\\/www.mexicanguitarplayers.com\\\/\",\"name\":\"Mexican Guitar Players\",\"description\":\"Website\",\"publisher\":{\"@id\":\"https:\\\/\\\/www.mexicanguitarplayers.com\\\/#organization\"},\"potentialAction\":[{\"@type\":\"SearchAction\",\"target\":{\"@type\":\"EntryPoint\",\"urlTemplate\":\"https:\\\/\\\/www.mexicanguitarplayers.com\\\/?s={search_term_string}\"},\"query-input\":{\"@type\":\"PropertyValueSpecification\",\"valueRequired\":true,\"valueName\":\"search_term_string\"}}],\"inLanguage\":\"en-US\"},{\"@type\":\"Organization\",\"@id\":\"https:\\\/\\\/www.mexicanguitarplayers.com\\\/#organization\",\"name\":\"Mexican Guitar Players\",\"url\":\"https:\\\/\\\/www.mexicanguitarplayers.com\\\/\",\"logo\":{\"@type\":\"ImageObject\",\"inLanguage\":\"en-US\",\"@id\":\"https:\\\/\\\/www.mexicanguitarplayers.com\\\/#\\\/schema\\\/logo\\\/image\\\/\",\"url\":\"\",\"contentUrl\":\"\",\"caption\":\"Mexican Guitar Players\"},\"image\":{\"@id\":\"https:\\\/\\\/www.mexicanguitarplayers.com\\\/#\\\/schema\\\/logo\\\/image\\\/\"}}]}<\/script>\n<!-- \/ Yoast SEO plugin. -->","yoast_head_json":{"title":"COMBO ASHDOWN P\/BAJO MOD. STUDIO-15 - Mexican Guitar Players","description":"El Ashdown Studio 15 es un combo de bajo port\u00e1til y potente que ofrece un tono excepcional desde el momento en que lo sacas de la caja. Con un altavoz personalizado NEO de 15\u201d que produce 300 vatios de sonido premium de Ashdown, este combo cuenta con caracter\u00edsticas impresionantes, incluyendo overdrive emulado con v\u00e1lvula conmutable, salida XLR DI, bucle de efectos, salida de auriculares y ecualizador de 5 bandas. Su dise\u00f1o liviano, construido con una capa de \u00e1lamo y esquinas de metal cromado, garantiza una portabilidad sin igual sin sacrificar la calidad del tono. Es la opci\u00f3n ideal para bajistas que buscan rendimiento y comodidad en cualquier entorno, desde pr\u00e1cticas hasta conciertos en vivo.","robots":{"index":"index","follow":"follow","max-snippet":"max-snippet:-1","max-image-preview":"max-image-preview:large","max-video-preview":"max-video-preview:-1"},"canonical":"https:\/\/www.mexicanguitarplayers.com\/en\/tienda\/sin categor\u00eda\/combo-ashdown-p-bajo-mod-studio-15\/","og_locale":"en_US","og_type":"article","og_title":"COMBO ASHDOWN P\/BAJO MOD. STUDIO-15 - Mexican Guitar Players","og_description":"El Ashdown Studio 15 es un combo de bajo port\u00e1til y potente que ofrece un tono excepcional desde el momento en que lo sacas de la caja. Con un altavoz personalizado NEO de 15\u201d que produce 300 vatios de sonido premium de Ashdown, este combo cuenta con caracter\u00edsticas impresionantes, incluyendo overdrive emulado con v\u00e1lvula conmutable, salida XLR DI, bucle de efectos, salida de auriculares y ecualizador de 5 bandas. Su dise\u00f1o liviano, construido con una capa de \u00e1lamo y esquinas de metal cromado, garantiza una portabilidad sin igual sin sacrificar la calidad del tono. Es la opci\u00f3n ideal para bajistas que buscan rendimiento y comodidad en cualquier entorno, desde pr\u00e1cticas hasta conciertos en vivo.","og_url":"https:\/\/www.mexicanguitarplayers.com\/en\/tienda\/sin categor\u00eda\/combo-ashdown-p-bajo-mod-studio-15\/","og_site_name":"Mexican Guitar Players","article_modified_time":"2026-04-10T10:33:43+00:00","twitter_card":"summary_large_image","twitter_misc":{"Est. reading time":"1 minute"},"schema":{"@context":"https:\/\/schema.org","@graph":[{"@type":["WebPage","ItemPage"],"@id":"https:\/\/www.mexicanguitarplayers.com\/tienda\/sin categor\u00eda\/combo-ashdown-p-bajo-mod-studio-15\/","url":"https:\/\/www.mexicanguitarplayers.com\/tienda\/sin categor\u00eda\/combo-ashdown-p-bajo-mod-studio-15\/","name":"COMBO ASHDOWN P\/BAJO MOD. STUDIO-15 - Mexican Guitar Players","isPartOf":{"@id":"https:\/\/www.mexicanguitarplayers.com\/#website"},"primaryImageOfPage":{"@id":"https:\/\/www.mexicanguitarplayers.com\/tienda\/sin categor\u00eda\/combo-ashdown-p-bajo-mod-studio-15\/#primaryimage"},"image":{"@id":"https:\/\/www.mexicanguitarplayers.com\/tienda\/sin categor\u00eda\/combo-ashdown-p-bajo-mod-studio-15\/#primaryimage"},"thumbnailUrl":"https:\/\/www.mexicanguitarplayers.com\/wp-content\/uploads\/2025\/04\/ICASOSTUDIO15.jpg","datePublished":"2025-04-08T19:07:15+00:00","dateModified":"2026-04-10T10:33:43+00:00","description":"El Ashdown Studio 15 es un combo de bajo port\u00e1til y potente que ofrece un tono excepcional desde el momento en que lo sacas de la caja. Con un altavoz personalizado NEO de 15\u201d que produce 300 vatios de sonido premium de Ashdown, este combo cuenta con caracter\u00edsticas impresionantes, incluyendo overdrive emulado con v\u00e1lvula conmutable, salida XLR DI, bucle de efectos, salida de auriculares y ecualizador de 5 bandas. Su dise\u00f1o liviano, construido con una capa de \u00e1lamo y esquinas de metal cromado, garantiza una portabilidad sin igual sin sacrificar la calidad del tono. Es la opci\u00f3n ideal para bajistas que buscan rendimiento y comodidad en cualquier entorno, desde pr\u00e1cticas hasta conciertos en vivo.","breadcrumb":{"@id":"https:\/\/www.mexicanguitarplayers.com\/tienda\/sin categor\u00eda\/combo-ashdown-p-bajo-mod-studio-15\/#breadcrumb"},"inLanguage":"en-US","potentialAction":[{"@type":"ReadAction","target":["https:\/\/www.mexicanguitarplayers.com\/tienda\/sin categor\u00eda\/combo-ashdown-p-bajo-mod-studio-15\/"]}]},{"@type":"ImageObject","inLanguage":"en-US","@id":"https:\/\/www.mexicanguitarplayers.com\/tienda\/sin categor\u00eda\/combo-ashdown-p-bajo-mod-studio-15\/#primaryimage","url":"https:\/\/www.mexicanguitarplayers.com\/wp-content\/uploads\/2025\/04\/ICASOSTUDIO15.jpg","contentUrl":"https:\/\/www.mexicanguitarplayers.com\/wp-content\/uploads\/2025\/04\/ICASOSTUDIO15.jpg","width":1200,"height":1200},{"@type":"BreadcrumbList","@id":"https:\/\/www.mexicanguitarplayers.com\/tienda\/sin categor\u00eda\/combo-ashdown-p-bajo-mod-studio-15\/#breadcrumb","itemListElement":[{"@type":"ListItem","position":1,"name":"Portada","item":"https:\/\/www.mexicanguitarplayers.com\/"},{"@type":"ListItem","position":2,"name":"Tienda","item":"https:\/\/www.mexicanguitarplayers.com\/tienda\/"},{"@type":"ListItem","position":3,"name":"COMBO ASHDOWN P\/BAJO MOD. STUDIO-15"}]},{"@type":"WebSite","@id":"https:\/\/www.mexicanguitarplayers.com\/#website","url":"https:\/\/www.mexicanguitarplayers.com\/","name":"Mexican Guitar Players","description":"Website","publisher":{"@id":"https:\/\/www.mexicanguitarplayers.com\/#organization"},"potentialAction":[{"@type":"SearchAction","target":{"@type":"EntryPoint","urlTemplate":"https:\/\/www.mexicanguitarplayers.com\/?s={search_term_string}"},"query-input":{"@type":"PropertyValueSpecification","valueRequired":true,"valueName":"search_term_string"}}],"inLanguage":"en-US"},{"@type":"Organization","@id":"https:\/\/www.mexicanguitarplayers.com\/#organization","name":"Mexican Guitar Players","url":"https:\/\/www.mexicanguitarplayers.com\/","logo":{"@type":"ImageObject","inLanguage":"en-US","@id":"https:\/\/www.mexicanguitarplayers.com\/#\/schema\/logo\/image\/","url":"","contentUrl":"","caption":"Mexican Guitar Players"},"image":{"@id":"https:\/\/www.mexicanguitarplayers.com\/#\/schema\/logo\/image\/"}}]}},"brands":[{"id":257,"name":"ASHDOWN","slug":"ashdown"}],"_links":{"self":[{"href":"https:\/\/www.mexicanguitarplayers.com\/en\/wp-json\/wp\/v2\/product\/32278","targetHints":{"allow":["GET"]}}],"collection":[{"href":"https:\/\/www.mexicanguitarplayers.com\/en\/wp-json\/wp\/v2\/product"}],"about":[{"href":"https:\/\/www.mexicanguitarplayers.com\/en\/wp-json\/wp\/v2\/types\/product"}],"replies":[{"embeddable":true,"href":"https:\/\/www.mexicanguitarplayers.com\/en\/wp-json\/wp\/v2\/comments?post=32278"}],"wp:featuredmedia":[{"embeddable":true,"href":"https:\/\/www.mexicanguitarplayers.com\/en\/wp-json\/wp\/v2\/media\/32273"}],"wp:attachment":[{"href":"https:\/\/www.mexicanguitarplayers.com\/en\/wp-json\/wp\/v2\/media?parent=32278"}],"wp:term":[{"taxonomy":"pwb-brand","embeddable":true,"href":"https:\/\/www.mexicanguitarplayers.com\/en\/wp-json\/wp\/v2\/pwb-brand?post=32278"},{"taxonomy":"product_brand","embeddable":true,"href":"https:\/\/www.mexicanguitarplayers.com\/en\/wp-json\/wp\/v2\/product_brand?post=32278"},{"taxonomy":"product_cat","embeddable":true,"href":"https:\/\/www.mexicanguitarplayers.com\/en\/wp-json\/wp\/v2\/product_cat?post=32278"},{"taxonomy":"product_tag","embeddable":true,"href":"https:\/\/www.mexicanguitarplayers.com\/en\/wp-json\/wp\/v2\/product_tag?post=32278"}],"curies":[{"name":"wp","href":"https:\/\/api.w.org\/{rel}","templated":true}]}}