{"id":32292,"date":"2025-04-08T13:07:35","date_gmt":"2025-04-08T19:07:35","guid":{"rendered":"https:\/\/www.mexicanguitarplayers.com\/tienda\/sin categor\u00eda\/pastilla-fishman-p-guitarra-pro-neo-fb2\/"},"modified":"2026-05-01T07:23:35","modified_gmt":"2026-05-01T13:23:35","slug":"pastilla-fishman-p-guitarra-pro-neo-fb2","status":"publish","type":"product","link":"https:\/\/www.mexicanguitarplayers.com\/en\/tienda\/accesorios\/para-guitarras\/pastilla-fishman-p-guitarra-pro-neo-fb2\/","title":{"rendered":"PASTILLA FISHMAN P\/GUITARRA  PRO-NEO-FB2"},"content":{"rendered":"<div style=\"text-align: justify\">\n<div>\n<h3><\/h3>\n<\/div>\n<div>La pastilla Neo-Buster Humbucking de Fishman combina nuestra popular pastilla Neo-D Humbucking con una tapa de boca que combate a la retroalimentaci\u00f3n para ofrecerte un gran sonido ac\u00fastico, incluso en situaciones de alto volumen. Esta pastilla magn\u00e9tica de tapa de boca produce un sonido c\u00e1lido y lleno al mismo tiempo que reproduce significativamente la interferencia de zumbidos y sonidos no deseados. Tambi\u00e9n comparte la misma estructura de im\u00e1n de neodimio que nuestra galardonada pastilla Rare Earth\u00ae para ofrecer un balance excepcional de las cuerdas y una incre\u00edble claridad ac\u00fastica. Es de bajo perfil, tiene un dise\u00f1o de alta impedancia y no requiere bater\u00edas. Cuando necesites tocar en situaciones de alto volumen, la tapa de boca integrada reduce la acumulaci\u00f3n de energ\u00eda en el interior de la guitarra que a menudo conduce a aullidos incontrolables. Hecha de un elast\u00f3mero flexible que no reacciona con la mayor\u00eda de los acabados, no requiere herramientas para su instalaci\u00f3n y se adapta a la mayor\u00eda de las guitarras de tapa plana con un di\u00e1metro de boca de 3-7\/8\u201d o 4\u201d pulgadas.<\/div>\n<div>\n<h4>Quick look<\/h4>\n<\/div>\n<ul style=\"margin: 0px 0px 0px 25px\">\n<li style=\"list-style-type: circle;margin: 5px\">Estructura magn\u00e9tica de neodimio.<\/li>\n<li style=\"list-style-type: circle;margin: 5px\">Sistema anti retroalimentaci\u00f3n.<\/li>\n<li style=\"list-style-type: circle;margin: 5px\">Di\u00e1metro.<\/li>\n<li style=\"list-style-type: circle;margin: 5px\">Instalaci\u00f3n sencilla.<\/li>\n<\/ul>\n<div>\n<div style=\"font-weight: bold\">Estructura magn\u00e9tica de neodimio.<\/div>\n<div>\n<p>Mantiene un gran balance en las cuerdas y una gran claridad ac\u00fastica.<\/p>\n<\/div>\n<div style=\"font-weight: bold\">Sistema anti retroalimentaci\u00f3n.<\/div>\n<div>\n<p>Para situaciones de alto volumen.<\/p>\n<\/div>\n<div style=\"font-weight: bold\">Di\u00e1metro.<\/div>\n<div>\n<p>Se adapta a bocas de 3-7\/8\u201d (984 mm) o 4&#8243; (101 mm) de di\u00e1metro.<\/p>\n<\/div>\n<div style=\"font-weight: bold\">Instalaci\u00f3n sencilla.<\/div>\n<div>\n<p>No requiere alteraciones para ajustarse a guitarras con bocas de 4&#8243; pulgadas.<\/p>\n<\/div>\n<\/div>\n<div>\n<h4>Characteristics<\/h4>\n<\/div>\n<div>\n<ul style=\"margin: 0px 0px 0px 25px\">\n<li style=\"list-style-type: circle;margin: 5px\">Pastilla pasiva para guitarra cl\u00e1sica.<\/li>\n<li style=\"list-style-type: circle;margin: 5px\">Dise\u00f1o de bajo perfil de alta impedancia.<\/li>\n<li style=\"list-style-type: circle;margin: 5px\">No requiere bater\u00edas.<\/li>\n<\/ul>\n<\/div>\n<\/div>","protected":false},"excerpt":{"rendered":"<p>Pastilla pasiva para guitarra cl\u00e1sica, estructura magn\u00e9tica de neodimio que mantiene un gran balance en las cuerdas y una gran claridad ac\u00fastica, dise\u00f1o de bajoperfil de alta impedancia, no requiere bater\u00edas, sistema anti retroalimentaci\u00f3npara situaciones de alto volumen, se adapta a bocas de 3-7\/8\u201d (984 mm) o 4\u201d (101 mm) de di\u00e1metro, instalaci\u00f3n sencilla que no requiere alteraciones para ajustarse a guitarras con bocas de 4\u201d pulgadas.&hellip; <a class=\"kt-excerpt-readmore more-link\" href=\"https:\/\/www.mexicanguitarplayers.com\/en\/tienda\/accesorios\/para-guitarras\/pastilla-fishman-p-guitarra-pro-neo-fb2\/\">Read more<\/a><\/p>","protected":false},"featured_media":32289,"comment_status":"open","ping_status":"closed","template":"","meta":{"kt_blocks_editor_width":""},"pwb-brand":[248],"product_brand":[],"product_cat":[85,336],"product_tag":[],"class_list":{"0":"post-32292","1":"product","2":"type-product","3":"status-publish","4":"has-post-thumbnail","6":"pwb-brand-fishman","7":"product_cat-accesorios","8":"product_cat-para-guitarras","9":"product_shipping_class-0-5-kg","11":"first","12":"instock","13":"taxable","14":"shipping-taxable","15":"purchasable","16":"product-type-simple"},"yoast_head":"<!-- This site is optimized with the Yoast SEO plugin v27.6 - https:\/\/yoast.com\/product\/yoast-seo-wordpress\/ -->\n<title>PASTILLA FISHMAN P\/GUITARRA PRO-NEO-FB2 - Mexican Guitar Players<\/title>\n<meta name=\"description\" content=\"Pastilla pasiva para guitarra cl\u00e1sica, estructura magn\u00e9tica de neodimio que mantiene un gran balance en las cuerdas y una gran claridad ac\u00fastica, dise\u00f1o de bajoperfil de alta impedancia, no requiere bater\u00edas, sistema anti retroalimentaci\u00f3npara situaciones de alto volumen, se adapta a bocas de 3-7\/8\u201d (984 mm) o 4\u201d (101 mm) de di\u00e1metro, instalaci\u00f3n sencilla que no requiere alteraciones para ajustarse a guitarras con bocas de 4\u201d pulgadas.\" \/>\n<meta name=\"robots\" content=\"index, follow, max-snippet:-1, max-image-preview:large, max-video-preview:-1\" \/>\n<link rel=\"canonical\" href=\"https:\/\/www.mexicanguitarplayers.com\/en\/tienda\/sin%20categor\u00eda\/pastilla-fishman-p-guitarra-pro-neo-fb2\/\" \/>\n<meta property=\"og:locale\" content=\"en_US\" \/>\n<meta property=\"og:type\" content=\"article\" \/>\n<meta property=\"og:title\" content=\"PASTILLA FISHMAN P\/GUITARRA PRO-NEO-FB2 - Mexican Guitar Players\" \/>\n<meta property=\"og:description\" content=\"Pastilla pasiva para guitarra cl\u00e1sica, estructura magn\u00e9tica de neodimio que mantiene un gran balance en las cuerdas y una gran claridad ac\u00fastica, dise\u00f1o de bajoperfil de alta impedancia, no requiere bater\u00edas, sistema anti retroalimentaci\u00f3npara situaciones de alto volumen, se adapta a bocas de 3-7\/8\u201d (984 mm) o 4\u201d (101 mm) de di\u00e1metro, instalaci\u00f3n sencilla que no requiere alteraciones para ajustarse a guitarras con bocas de 4\u201d pulgadas.\" \/>\n<meta property=\"og:url\" content=\"https:\/\/www.mexicanguitarplayers.com\/en\/tienda\/sin categor\u00eda\/pastilla-fishman-p-guitarra-pro-neo-fb2\/\" \/>\n<meta property=\"og:site_name\" content=\"Mexican Guitar Players\" \/>\n<meta property=\"article:modified_time\" content=\"2026-05-01T13:23:35+00:00\" \/>\n<meta name=\"twitter:card\" content=\"summary_large_image\" \/>\n<meta name=\"twitter:label1\" content=\"Est. reading time\" \/>\n\t<meta name=\"twitter:data1\" content=\"1 minute\" \/>\n<script type=\"application\/ld+json\" class=\"yoast-schema-graph\">{\"@context\":\"https:\\\/\\\/schema.org\",\"@graph\":[{\"@type\":[\"WebPage\",\"ItemPage\"],\"@id\":\"https:\\\/\\\/www.mexicanguitarplayers.com\\\/tienda\\\/sin categor\u00eda\\\/pastilla-fishman-p-guitarra-pro-neo-fb2\\\/\",\"url\":\"https:\\\/\\\/www.mexicanguitarplayers.com\\\/tienda\\\/sin categor\u00eda\\\/pastilla-fishman-p-guitarra-pro-neo-fb2\\\/\",\"name\":\"PASTILLA FISHMAN P\\\/GUITARRA PRO-NEO-FB2 - Mexican Guitar Players\",\"isPartOf\":{\"@id\":\"https:\\\/\\\/www.mexicanguitarplayers.com\\\/#website\"},\"primaryImageOfPage\":{\"@id\":\"https:\\\/\\\/www.mexicanguitarplayers.com\\\/tienda\\\/sin categor\u00eda\\\/pastilla-fishman-p-guitarra-pro-neo-fb2\\\/#primaryimage\"},\"image\":{\"@id\":\"https:\\\/\\\/www.mexicanguitarplayers.com\\\/tienda\\\/sin categor\u00eda\\\/pastilla-fishman-p-guitarra-pro-neo-fb2\\\/#primaryimage\"},\"thumbnailUrl\":\"https:\\\/\\\/www.mexicanguitarplayers.com\\\/wp-content\\\/uploads\\\/2025\\\/04\\\/RAFISPRONEOFB2.jpg\",\"datePublished\":\"2025-04-08T19:07:35+00:00\",\"dateModified\":\"2026-05-01T13:23:35+00:00\",\"description\":\"Pastilla pasiva para guitarra cl\u00e1sica, estructura magn\u00e9tica de neodimio que mantiene un gran balance en las cuerdas y una gran claridad ac\u00fastica, dise\u00f1o de bajoperfil de alta impedancia, no requiere bater\u00edas, sistema anti retroalimentaci\u00f3npara situaciones de alto volumen, se adapta a bocas de 3-7\\\/8\u201d (984 mm) o 4\u201d (101 mm) de di\u00e1metro, instalaci\u00f3n sencilla que no requiere alteraciones para ajustarse a guitarras con bocas de 4\u201d pulgadas.\",\"breadcrumb\":{\"@id\":\"https:\\\/\\\/www.mexicanguitarplayers.com\\\/tienda\\\/sin categor\u00eda\\\/pastilla-fishman-p-guitarra-pro-neo-fb2\\\/#breadcrumb\"},\"inLanguage\":\"en-US\",\"potentialAction\":[{\"@type\":\"ReadAction\",\"target\":[\"https:\\\/\\\/www.mexicanguitarplayers.com\\\/tienda\\\/sin categor\u00eda\\\/pastilla-fishman-p-guitarra-pro-neo-fb2\\\/\"]}]},{\"@type\":\"ImageObject\",\"inLanguage\":\"en-US\",\"@id\":\"https:\\\/\\\/www.mexicanguitarplayers.com\\\/tienda\\\/sin categor\u00eda\\\/pastilla-fishman-p-guitarra-pro-neo-fb2\\\/#primaryimage\",\"url\":\"https:\\\/\\\/www.mexicanguitarplayers.com\\\/wp-content\\\/uploads\\\/2025\\\/04\\\/RAFISPRONEOFB2.jpg\",\"contentUrl\":\"https:\\\/\\\/www.mexicanguitarplayers.com\\\/wp-content\\\/uploads\\\/2025\\\/04\\\/RAFISPRONEOFB2.jpg\",\"width\":1200,\"height\":1200},{\"@type\":\"BreadcrumbList\",\"@id\":\"https:\\\/\\\/www.mexicanguitarplayers.com\\\/tienda\\\/sin categor\u00eda\\\/pastilla-fishman-p-guitarra-pro-neo-fb2\\\/#breadcrumb\",\"itemListElement\":[{\"@type\":\"ListItem\",\"position\":1,\"name\":\"Portada\",\"item\":\"https:\\\/\\\/www.mexicanguitarplayers.com\\\/\"},{\"@type\":\"ListItem\",\"position\":2,\"name\":\"Tienda\",\"item\":\"https:\\\/\\\/www.mexicanguitarplayers.com\\\/tienda\\\/\"},{\"@type\":\"ListItem\",\"position\":3,\"name\":\"PASTILLA FISHMAN P\\\/GUITARRA PRO-NEO-FB2\"}]},{\"@type\":\"WebSite\",\"@id\":\"https:\\\/\\\/www.mexicanguitarplayers.com\\\/#website\",\"url\":\"https:\\\/\\\/www.mexicanguitarplayers.com\\\/\",\"name\":\"Mexican Guitar Players\",\"description\":\"Website\",\"publisher\":{\"@id\":\"https:\\\/\\\/www.mexicanguitarplayers.com\\\/#organization\"},\"potentialAction\":[{\"@type\":\"SearchAction\",\"target\":{\"@type\":\"EntryPoint\",\"urlTemplate\":\"https:\\\/\\\/www.mexicanguitarplayers.com\\\/?s={search_term_string}\"},\"query-input\":{\"@type\":\"PropertyValueSpecification\",\"valueRequired\":true,\"valueName\":\"search_term_string\"}}],\"inLanguage\":\"en-US\"},{\"@type\":\"Organization\",\"@id\":\"https:\\\/\\\/www.mexicanguitarplayers.com\\\/#organization\",\"name\":\"Mexican Guitar Players\",\"url\":\"https:\\\/\\\/www.mexicanguitarplayers.com\\\/\",\"logo\":{\"@type\":\"ImageObject\",\"inLanguage\":\"en-US\",\"@id\":\"https:\\\/\\\/www.mexicanguitarplayers.com\\\/#\\\/schema\\\/logo\\\/image\\\/\",\"url\":\"\",\"contentUrl\":\"\",\"caption\":\"Mexican Guitar Players\"},\"image\":{\"@id\":\"https:\\\/\\\/www.mexicanguitarplayers.com\\\/#\\\/schema\\\/logo\\\/image\\\/\"}}]}<\/script>\n<!-- \/ Yoast SEO plugin. -->","yoast_head_json":{"title":"PASTILLA FISHMAN P\/GUITARRA PRO-NEO-FB2 - Mexican Guitar Players","description":"Pastilla pasiva para guitarra cl\u00e1sica, estructura magn\u00e9tica de neodimio que mantiene un gran balance en las cuerdas y una gran claridad ac\u00fastica, dise\u00f1o de bajoperfil de alta impedancia, no requiere bater\u00edas, sistema anti retroalimentaci\u00f3npara situaciones de alto volumen, se adapta a bocas de 3-7\/8\u201d (984 mm) o 4\u201d (101 mm) de di\u00e1metro, instalaci\u00f3n sencilla que no requiere alteraciones para ajustarse a guitarras con bocas de 4\u201d pulgadas.","robots":{"index":"index","follow":"follow","max-snippet":"max-snippet:-1","max-image-preview":"max-image-preview:large","max-video-preview":"max-video-preview:-1"},"canonical":"https:\/\/www.mexicanguitarplayers.com\/en\/tienda\/sin categor\u00eda\/pastilla-fishman-p-guitarra-pro-neo-fb2\/","og_locale":"en_US","og_type":"article","og_title":"PASTILLA FISHMAN P\/GUITARRA PRO-NEO-FB2 - Mexican Guitar Players","og_description":"Pastilla pasiva para guitarra cl\u00e1sica, estructura magn\u00e9tica de neodimio que mantiene un gran balance en las cuerdas y una gran claridad ac\u00fastica, dise\u00f1o de bajoperfil de alta impedancia, no requiere bater\u00edas, sistema anti retroalimentaci\u00f3npara situaciones de alto volumen, se adapta a bocas de 3-7\/8\u201d (984 mm) o 4\u201d (101 mm) de di\u00e1metro, instalaci\u00f3n sencilla que no requiere alteraciones para ajustarse a guitarras con bocas de 4\u201d pulgadas.","og_url":"https:\/\/www.mexicanguitarplayers.com\/en\/tienda\/sin categor\u00eda\/pastilla-fishman-p-guitarra-pro-neo-fb2\/","og_site_name":"Mexican Guitar Players","article_modified_time":"2026-05-01T13:23:35+00:00","twitter_card":"summary_large_image","twitter_misc":{"Est. reading time":"1 minute"},"schema":{"@context":"https:\/\/schema.org","@graph":[{"@type":["WebPage","ItemPage"],"@id":"https:\/\/www.mexicanguitarplayers.com\/tienda\/sin categor\u00eda\/pastilla-fishman-p-guitarra-pro-neo-fb2\/","url":"https:\/\/www.mexicanguitarplayers.com\/tienda\/sin categor\u00eda\/pastilla-fishman-p-guitarra-pro-neo-fb2\/","name":"PASTILLA FISHMAN P\/GUITARRA PRO-NEO-FB2 - Mexican Guitar Players","isPartOf":{"@id":"https:\/\/www.mexicanguitarplayers.com\/#website"},"primaryImageOfPage":{"@id":"https:\/\/www.mexicanguitarplayers.com\/tienda\/sin categor\u00eda\/pastilla-fishman-p-guitarra-pro-neo-fb2\/#primaryimage"},"image":{"@id":"https:\/\/www.mexicanguitarplayers.com\/tienda\/sin categor\u00eda\/pastilla-fishman-p-guitarra-pro-neo-fb2\/#primaryimage"},"thumbnailUrl":"https:\/\/www.mexicanguitarplayers.com\/wp-content\/uploads\/2025\/04\/RAFISPRONEOFB2.jpg","datePublished":"2025-04-08T19:07:35+00:00","dateModified":"2026-05-01T13:23:35+00:00","description":"Pastilla pasiva para guitarra cl\u00e1sica, estructura magn\u00e9tica de neodimio que mantiene un gran balance en las cuerdas y una gran claridad ac\u00fastica, dise\u00f1o de bajoperfil de alta impedancia, no requiere bater\u00edas, sistema anti retroalimentaci\u00f3npara situaciones de alto volumen, se adapta a bocas de 3-7\/8\u201d (984 mm) o 4\u201d (101 mm) de di\u00e1metro, instalaci\u00f3n sencilla que no requiere alteraciones para ajustarse a guitarras con bocas de 4\u201d pulgadas.","breadcrumb":{"@id":"https:\/\/www.mexicanguitarplayers.com\/tienda\/sin categor\u00eda\/pastilla-fishman-p-guitarra-pro-neo-fb2\/#breadcrumb"},"inLanguage":"en-US","potentialAction":[{"@type":"ReadAction","target":["https:\/\/www.mexicanguitarplayers.com\/tienda\/sin categor\u00eda\/pastilla-fishman-p-guitarra-pro-neo-fb2\/"]}]},{"@type":"ImageObject","inLanguage":"en-US","@id":"https:\/\/www.mexicanguitarplayers.com\/tienda\/sin categor\u00eda\/pastilla-fishman-p-guitarra-pro-neo-fb2\/#primaryimage","url":"https:\/\/www.mexicanguitarplayers.com\/wp-content\/uploads\/2025\/04\/RAFISPRONEOFB2.jpg","contentUrl":"https:\/\/www.mexicanguitarplayers.com\/wp-content\/uploads\/2025\/04\/RAFISPRONEOFB2.jpg","width":1200,"height":1200},{"@type":"BreadcrumbList","@id":"https:\/\/www.mexicanguitarplayers.com\/tienda\/sin categor\u00eda\/pastilla-fishman-p-guitarra-pro-neo-fb2\/#breadcrumb","itemListElement":[{"@type":"ListItem","position":1,"name":"Portada","item":"https:\/\/www.mexicanguitarplayers.com\/"},{"@type":"ListItem","position":2,"name":"Tienda","item":"https:\/\/www.mexicanguitarplayers.com\/tienda\/"},{"@type":"ListItem","position":3,"name":"PASTILLA FISHMAN P\/GUITARRA PRO-NEO-FB2"}]},{"@type":"WebSite","@id":"https:\/\/www.mexicanguitarplayers.com\/#website","url":"https:\/\/www.mexicanguitarplayers.com\/","name":"Mexican Guitar Players","description":"Website","publisher":{"@id":"https:\/\/www.mexicanguitarplayers.com\/#organization"},"potentialAction":[{"@type":"SearchAction","target":{"@type":"EntryPoint","urlTemplate":"https:\/\/www.mexicanguitarplayers.com\/?s={search_term_string}"},"query-input":{"@type":"PropertyValueSpecification","valueRequired":true,"valueName":"search_term_string"}}],"inLanguage":"en-US"},{"@type":"Organization","@id":"https:\/\/www.mexicanguitarplayers.com\/#organization","name":"Mexican Guitar Players","url":"https:\/\/www.mexicanguitarplayers.com\/","logo":{"@type":"ImageObject","inLanguage":"en-US","@id":"https:\/\/www.mexicanguitarplayers.com\/#\/schema\/logo\/image\/","url":"","contentUrl":"","caption":"Mexican Guitar Players"},"image":{"@id":"https:\/\/www.mexicanguitarplayers.com\/#\/schema\/logo\/image\/"}}]}},"brands":[{"id":248,"name":"FISHMAN","slug":"fishman"}],"_links":{"self":[{"href":"https:\/\/www.mexicanguitarplayers.com\/en\/wp-json\/wp\/v2\/product\/32292","targetHints":{"allow":["GET"]}}],"collection":[{"href":"https:\/\/www.mexicanguitarplayers.com\/en\/wp-json\/wp\/v2\/product"}],"about":[{"href":"https:\/\/www.mexicanguitarplayers.com\/en\/wp-json\/wp\/v2\/types\/product"}],"replies":[{"embeddable":true,"href":"https:\/\/www.mexicanguitarplayers.com\/en\/wp-json\/wp\/v2\/comments?post=32292"}],"wp:featuredmedia":[{"embeddable":true,"href":"https:\/\/www.mexicanguitarplayers.com\/en\/wp-json\/wp\/v2\/media\/32289"}],"wp:attachment":[{"href":"https:\/\/www.mexicanguitarplayers.com\/en\/wp-json\/wp\/v2\/media?parent=32292"}],"wp:term":[{"taxonomy":"pwb-brand","embeddable":true,"href":"https:\/\/www.mexicanguitarplayers.com\/en\/wp-json\/wp\/v2\/pwb-brand?post=32292"},{"taxonomy":"product_brand","embeddable":true,"href":"https:\/\/www.mexicanguitarplayers.com\/en\/wp-json\/wp\/v2\/product_brand?post=32292"},{"taxonomy":"product_cat","embeddable":true,"href":"https:\/\/www.mexicanguitarplayers.com\/en\/wp-json\/wp\/v2\/product_cat?post=32292"},{"taxonomy":"product_tag","embeddable":true,"href":"https:\/\/www.mexicanguitarplayers.com\/en\/wp-json\/wp\/v2\/product_tag?post=32292"}],"curies":[{"name":"wp","href":"https:\/\/api.w.org\/{rel}","templated":true}]}}