{"id":32304,"date":"2025-04-08T13:07:53","date_gmt":"2025-04-08T19:07:53","guid":{"rendered":"https:\/\/www.mexicanguitarplayers.com\/tienda\/sin categor\u00eda\/combo-nux-p-guitarra-mod-mighty-space\/"},"modified":"2026-05-01T07:23:34","modified_gmt":"2026-05-01T13:23:34","slug":"combo-nux-p-guitarra-mod-mighty-space","status":"publish","type":"product","link":"https:\/\/www.mexicanguitarplayers.com\/en\/tienda\/cuerdas\/combos\/combos-para-guitarra\/combo-nux-p-guitarra-mod-mighty-space\/","title":{"rendered":"COMBO NUX P\/GUITARRA MOD. MIGHTY SPACE"},"content":{"rendered":"<div style=\"text-align: justify\">\n<div>\n<h3>Un potente amplificador de modelado inal\u00e1mbrico port\u00e1til de 30 watts.<\/h3>\n<\/div>\n<div>Este amplificador de modelado inal\u00e1mbrico de 30 watts, peque\u00f1o pero impresionante, es la herramienta perfecta para el estudio, el dormitorio o cualquier espacio en donde lo pongas. El algoritmo white-box ofrece retroalimentaci\u00f3n en tiempo real incremento por incremento. NUX TS\/AC-HD replica la misma facilidad de ejecuci\u00f3n que la mayor\u00eda de los guitarristas prefieren en un amplificador de bulbos real. Respuestas de Impulso. Gabinetes de guitarra: JZ120, DR112, TR212, HIWIRE412, CALI 112, A112, GB412, M1960AX, M1960AV, M1960TV, SLO412, FIREMAN 412, RECT 412, DIE412, MATCH212, UBER412, BS410, A212, M1960AHW, M1936, BUDDA112, Z212, SUPERVERB410, VIBROKING310. Gabinetes de bajo: AGL_DB810, AMP_SV212, AMP_SV410, AMP_SV810, BASSGUY410, EDEN410, MKB410. IR de guitarra ac\u00fastica: G-HBIRD, G-J15, M-D45. IR ChopTones personalizados: Bogna-T75, BritJH-G. Las respuestas de impulso son la forma m\u00e1s popular de hacer simulaciones de gabinete en la actualidad. \u00bfPor qu\u00e9? Porque el sonido es notablemente m\u00e1s realista en comparaci\u00f3n con la simulaci\u00f3n de gabinete tradicional. A\u00fan mejor, los IR pueden simular perfiles de guitarra ac\u00fastica con un sonido optimizado, seg\u00fan tu guitarra y tu tipo de pastilla. El Mighty Space ofrece varios IR ac\u00fasticos para guitarra el\u00e9ctrica con pastillas magn\u00e9ticas para hacer simulaci\u00f3n de guitarra ac\u00fastica. Para obtener mejores resultados, recomendamos usar tu pastilla del brazo (single-coil de preferencia) para ejecutar IRs ac\u00fasticos. Mighty Space ejecuta 512 muestras de resoluci\u00f3n IR. Efectos: GATE, CMP, EFX, EQ, MOD, DLY, RVB. Con el software de edici\u00f3n incluido para Mac, PC, iOS y Android, nuestro enrutamiento de bloques incre\u00edblemente flexible, inspirar\u00e1 creaciones de tono pr\u00e1cticamente infinitas. Puedes arrastrar cualquier bloque a la posici\u00f3n deseada. Para CMP y EFX (basado en din\u00e1mica), el algoritmo White-Box replica la sensaci\u00f3n de toque y la capacidad de respuesta del circuito anal\u00f3gico original. El Mighty Space incluye m\u00e1s de 40 efectos que van desde overdrives cl\u00e1sicos hasta escalofriantes modulaciones, suaves reverbs y mucho m\u00e1s. Expande tus tonos. \u00bfQuieres m\u00e1s gabinetes para tu Mighty Space? Utiliza Mighty Editor en tu computadora Mac\/Windows para ampliar tu biblioteca de gabinetes cargando hasta 20 IRs de terceros. Carga cualquier IR en formato WAV y Mighty Editor se convertir\u00e1 autom\u00e1ticamente a 32 bits \/ 48 kHz. Personaliza los ajustes prestablecidos a trav\u00e9s de la aplicaci\u00f3n MightyAmp (m\u00f3vil) o Mighty Editor para Mac o Windows. \u00bfCambiar el orden de los bloques de efectos? \u00bfPor qu\u00e9 no? Puedes hacer muchas cosas con la intuitiva interfaz, experim\u00e9ntalo por ti mismo. La aplicaci\u00f3n MightyAmp y el software de edici\u00f3n Mighty Editor pueden permitirte ajustar todos los bloques y par\u00e1metros de la se\u00f1al. Mighty Space ofrece GATE, COMP, EFX, AMP, IR, EQ, MOD, DLY y RVB, lo que te permite ajustar el orden de los bloques libremente. Mighty Space es compatible con la transmisi\u00f3n de audio USB-C, esto puede ser una interfaz de audio inal\u00e1mbrica USB-C. Es compatible con el enrutamiento Normal \/ Dry \/ Dry Out \/ Re-amp \/ Loopback y puedes ajustarlo a trav\u00e9s de la aplicaci\u00f3n o el software de edici\u00f3n de manera intuitiva, sin necesidad de configurar la salida USB en el DAW. Incluso en transmisi\u00f3n en vivo con Loopback. Mientras el dispositivo est\u00e1 activado, puedes presionar el switch PRESET para cambiar el preajuste de 1 a 7. El indicador mostrar\u00e1 diferentes colores relacionados con diferentes ajustes prestablecidos. Nota: Puedes ajustar qu\u00e9 preajuste puede estar ACTIVO mientras presionas el switch PRESET a trav\u00e9s de la aplicaci\u00f3n MigthyAmp o el software de edici\u00f3n Mighty Editor (funci\u00f3n ACTIVE).<\/div>\n<div>\n<h4>Quick look<\/h4>\n<\/div>\n<ul style=\"margin: 0px 0px 0px 25px\">\n<li style=\"list-style-type: circle;margin: 5px\">Input impedance.<\/li>\n<li style=\"list-style-type: circle;margin: 5px\">Impedancia de salida de aud\u00edfono.<\/li>\n<li style=\"list-style-type: circle;margin: 5px\">Tasa de muestreo.<\/li>\n<li style=\"list-style-type: circle;margin: 5px\">Latencia de sistema.<\/li>\n<li style=\"list-style-type: circle;margin: 5px\">Consumo de corriente.<\/li>\n<li style=\"list-style-type: circle;margin: 5px\">Dimensions.<\/li>\n<li style=\"list-style-type: circle;margin: 5px\">Weight.<\/li>\n<li style=\"list-style-type: circle;margin: 5px\">Accessories included.<\/li>\n<\/ul>\n<div>\n<div style=\"font-weight: bold\">Input impedance.<\/div>\n<div>\n<p>1 mega-ohm.<\/p>\n<\/div>\n<div style=\"font-weight: bold\">Impedancia de salida de aud\u00edfono.<\/div>\n<div>\n<p>32 ohms.<\/p>\n<\/div>\n<div style=\"font-weight: bold\">Tasa de muestreo.<\/div>\n<div>\n<p>48 kHz \/ 32 bits.<\/p>\n<\/div>\n<div style=\"font-weight: bold\">Latencia de sistema.<\/div>\n<div>\n<p>1.2 ms.<\/p>\n<\/div>\n<div style=\"font-weight: bold\">Consumo de corriente.<\/div>\n<div>\n<p>11.1V \/ 220 mA.<\/p>\n<\/div>\n<div style=\"font-weight: bold\">Dimensions.<\/div>\n<div>\n<p>363 x 171 x 171 mm.<\/p>\n<\/div>\n<div style=\"font-weight: bold\">Weight.<\/div>\n<div>\n<p>4.06 kg.<\/p>\n<\/div>\n<div style=\"font-weight: bold\">Accessories included.<\/div>\n<div>\n<p>Adaptador AC, footswitch NMP-2, B-5 TX, cable de 6.35 mm para NMP-2, cable USB Tipo C, cable micro USB y tahal\u00ed para el amplificador.<\/p>\n<\/div>\n<\/div>\n<\/div>","protected":false},"excerpt":{"rendered":"<p>Combo para guitarra, amplificador de modelado port\u00e1til de 30 watts, algoritmo de modelado de amplificador TSAC-HD (white-box) que ofrece una sensaci\u00f3n de toque y retroalimentaci\u00f3n realistas, 512 muestras de resoluci\u00f3n IR (34 IR premium integrados y 20 espacios de usuario para IR de terceros), 7 preajustes con funciones activas (el switch Preset alterna los activos secuencialmente), bloques de efectos GATE, CMP, EFX, AMP, IR, EQ, MOD, DLY y RVB con libertad de orden, algoritmo white-box EFX que ofrece una respuesta anal\u00f3gica y un caos natural, efectos est\u00e9reo DLY \/ RVB con un magn\u00edfico tono, funci\u00f3n de nivel de patch para cada preset, Drum &amp; Loop con control de pedal NMP-2 Lite incluido, tiempo de reproducci\u00f3n de 7 horas (11.1V \/ 5000 mAh), latencia ultra baja del sistema: 1.2 ms, aplicaci\u00f3n intuitiva MightyAmp y software de edici\u00f3n Mighty Editor (IR loader), dimensiones: 363 x 171 x 171 mm, peso: 4.06 kg.&hellip; <a class=\"kt-excerpt-readmore more-link\" href=\"https:\/\/www.mexicanguitarplayers.com\/en\/tienda\/cuerdas\/combos\/combos-para-guitarra\/combo-nux-p-guitarra-mod-mighty-space\/\">Read more<\/a><\/p>","protected":false},"featured_media":32295,"comment_status":"open","ping_status":"closed","template":"","meta":{"kt_blocks_editor_width":""},"pwb-brand":[177],"product_brand":[],"product_cat":[236,237,224],"product_tag":[],"class_list":{"0":"post-32304","1":"product","2":"type-product","3":"status-publish","4":"has-post-thumbnail","6":"pwb-brand-nux","7":"product_cat-combos","8":"product_cat-combos-para-guitarra","9":"product_cat-cuerdas","10":"product_shipping_class-5-10-kg","12":"first","13":"instock","14":"taxable","15":"shipping-taxable","16":"purchasable","17":"product-type-simple"},"yoast_head":"<!-- This site is optimized with the Yoast SEO plugin v27.5 - https:\/\/yoast.com\/product\/yoast-seo-wordpress\/ -->\n<title>COMBO NUX P\/GUITARRA MOD. MIGHTY SPACE - Mexican Guitar Players<\/title>\n<meta name=\"description\" content=\"Combo para guitarra, amplificador de modelado port\u00e1til de 30 watts, algoritmo de modelado de amplificador TSAC-HD (white-box) que ofrece una sensaci\u00f3n de toque y retroalimentaci\u00f3n realistas, 512 muestras de resoluci\u00f3n IR (34 IR premium integrados y 20 espacios de usuario para IR de terceros), 7 preajustes con funciones activas (el switch Preset alterna los activos secuencialmente), bloques de efectos GATE, CMP, EFX, AMP, IR, EQ, MOD, DLY y RVB con libertad de orden, algoritmo white-box EFX que ofrece una respuesta anal\u00f3gica y un caos natural, efectos est\u00e9reo DLY \/ RVB con un magn\u00edfico tono, funci\u00f3n de nivel de patch para cada preset, Drum &amp; Loop con control de pedal NMP-2 Lite incluido, tiempo de reproducci\u00f3n de 7 horas (11.1V \/ 5000 mAh), latencia ultra baja del sistema: 1.2 ms, aplicaci\u00f3n intuitiva MightyAmp y software de edici\u00f3n Mighty Editor (IR loader), dimensiones: 363 x 171 x 171 mm, peso: 4.06 kg.\" \/>\n<meta name=\"robots\" content=\"index, follow, max-snippet:-1, max-image-preview:large, max-video-preview:-1\" \/>\n<link rel=\"canonical\" href=\"https:\/\/www.mexicanguitarplayers.com\/en\/tienda\/sin%20categor\u00eda\/combo-nux-p-guitarra-mod-mighty-space\/\" \/>\n<meta property=\"og:locale\" content=\"en_US\" \/>\n<meta property=\"og:type\" content=\"article\" \/>\n<meta property=\"og:title\" content=\"COMBO NUX P\/GUITARRA MOD. MIGHTY SPACE - Mexican Guitar Players\" \/>\n<meta property=\"og:description\" content=\"Combo para guitarra, amplificador de modelado port\u00e1til de 30 watts, algoritmo de modelado de amplificador TSAC-HD (white-box) que ofrece una sensaci\u00f3n de toque y retroalimentaci\u00f3n realistas, 512 muestras de resoluci\u00f3n IR (34 IR premium integrados y 20 espacios de usuario para IR de terceros), 7 preajustes con funciones activas (el switch Preset alterna los activos secuencialmente), bloques de efectos GATE, CMP, EFX, AMP, IR, EQ, MOD, DLY y RVB con libertad de orden, algoritmo white-box EFX que ofrece una respuesta anal\u00f3gica y un caos natural, efectos est\u00e9reo DLY \/ RVB con un magn\u00edfico tono, funci\u00f3n de nivel de patch para cada preset, Drum &amp; Loop con control de pedal NMP-2 Lite incluido, tiempo de reproducci\u00f3n de 7 horas (11.1V \/ 5000 mAh), latencia ultra baja del sistema: 1.2 ms, aplicaci\u00f3n intuitiva MightyAmp y software de edici\u00f3n Mighty Editor (IR loader), dimensiones: 363 x 171 x 171 mm, peso: 4.06 kg.\" \/>\n<meta property=\"og:url\" content=\"https:\/\/www.mexicanguitarplayers.com\/en\/tienda\/sin categor\u00eda\/combo-nux-p-guitarra-mod-mighty-space\/\" \/>\n<meta property=\"og:site_name\" content=\"Mexican Guitar Players\" \/>\n<meta property=\"article:modified_time\" content=\"2026-05-01T13:23:34+00:00\" \/>\n<meta name=\"twitter:card\" content=\"summary_large_image\" \/>\n<meta name=\"twitter:label1\" content=\"Est. reading time\" \/>\n\t<meta name=\"twitter:data1\" content=\"3 minutes\" \/>\n<script type=\"application\/ld+json\" class=\"yoast-schema-graph\">{\"@context\":\"https:\\\/\\\/schema.org\",\"@graph\":[{\"@type\":[\"WebPage\",\"ItemPage\"],\"@id\":\"https:\\\/\\\/www.mexicanguitarplayers.com\\\/tienda\\\/sin categor\u00eda\\\/combo-nux-p-guitarra-mod-mighty-space\\\/\",\"url\":\"https:\\\/\\\/www.mexicanguitarplayers.com\\\/tienda\\\/sin categor\u00eda\\\/combo-nux-p-guitarra-mod-mighty-space\\\/\",\"name\":\"COMBO NUX P\\\/GUITARRA MOD. MIGHTY SPACE - Mexican Guitar Players\",\"isPartOf\":{\"@id\":\"https:\\\/\\\/www.mexicanguitarplayers.com\\\/#website\"},\"primaryImageOfPage\":{\"@id\":\"https:\\\/\\\/www.mexicanguitarplayers.com\\\/tienda\\\/sin categor\u00eda\\\/combo-nux-p-guitarra-mod-mighty-space\\\/#primaryimage\"},\"image\":{\"@id\":\"https:\\\/\\\/www.mexicanguitarplayers.com\\\/tienda\\\/sin categor\u00eda\\\/combo-nux-p-guitarra-mod-mighty-space\\\/#primaryimage\"},\"thumbnailUrl\":\"https:\\\/\\\/www.mexicanguitarplayers.com\\\/wp-content\\\/uploads\\\/2025\\\/04\\\/ICNUXMIGHTYSPA.jpg\",\"datePublished\":\"2025-04-08T19:07:53+00:00\",\"dateModified\":\"2026-05-01T13:23:34+00:00\",\"description\":\"Combo para guitarra, amplificador de modelado port\u00e1til de 30 watts, algoritmo de modelado de amplificador TSAC-HD (white-box) que ofrece una sensaci\u00f3n de toque y retroalimentaci\u00f3n realistas, 512 muestras de resoluci\u00f3n IR (34 IR premium integrados y 20 espacios de usuario para IR de terceros), 7 preajustes con funciones activas (el switch Preset alterna los activos secuencialmente), bloques de efectos GATE, CMP, EFX, AMP, IR, EQ, MOD, DLY y RVB con libertad de orden, algoritmo white-box EFX que ofrece una respuesta anal\u00f3gica y un caos natural, efectos est\u00e9reo DLY \\\/ RVB con un magn\u00edfico tono, funci\u00f3n de nivel de patch para cada preset, Drum &amp; Loop con control de pedal NMP-2 Lite incluido, tiempo de reproducci\u00f3n de 7 horas (11.1V \\\/ 5000 mAh), latencia ultra baja del sistema: 1.2 ms, aplicaci\u00f3n intuitiva MightyAmp y software de edici\u00f3n Mighty Editor (IR loader), dimensiones: 363 x 171 x 171 mm, peso: 4.06 kg.\",\"breadcrumb\":{\"@id\":\"https:\\\/\\\/www.mexicanguitarplayers.com\\\/tienda\\\/sin categor\u00eda\\\/combo-nux-p-guitarra-mod-mighty-space\\\/#breadcrumb\"},\"inLanguage\":\"en-US\",\"potentialAction\":[{\"@type\":\"ReadAction\",\"target\":[\"https:\\\/\\\/www.mexicanguitarplayers.com\\\/tienda\\\/sin categor\u00eda\\\/combo-nux-p-guitarra-mod-mighty-space\\\/\"]}]},{\"@type\":\"ImageObject\",\"inLanguage\":\"en-US\",\"@id\":\"https:\\\/\\\/www.mexicanguitarplayers.com\\\/tienda\\\/sin categor\u00eda\\\/combo-nux-p-guitarra-mod-mighty-space\\\/#primaryimage\",\"url\":\"https:\\\/\\\/www.mexicanguitarplayers.com\\\/wp-content\\\/uploads\\\/2025\\\/04\\\/ICNUXMIGHTYSPA.jpg\",\"contentUrl\":\"https:\\\/\\\/www.mexicanguitarplayers.com\\\/wp-content\\\/uploads\\\/2025\\\/04\\\/ICNUXMIGHTYSPA.jpg\",\"width\":1200,\"height\":1200},{\"@type\":\"BreadcrumbList\",\"@id\":\"https:\\\/\\\/www.mexicanguitarplayers.com\\\/tienda\\\/sin categor\u00eda\\\/combo-nux-p-guitarra-mod-mighty-space\\\/#breadcrumb\",\"itemListElement\":[{\"@type\":\"ListItem\",\"position\":1,\"name\":\"Portada\",\"item\":\"https:\\\/\\\/www.mexicanguitarplayers.com\\\/\"},{\"@type\":\"ListItem\",\"position\":2,\"name\":\"Tienda\",\"item\":\"https:\\\/\\\/www.mexicanguitarplayers.com\\\/tienda\\\/\"},{\"@type\":\"ListItem\",\"position\":3,\"name\":\"COMBO NUX P\\\/GUITARRA MOD. MIGHTY SPACE\"}]},{\"@type\":\"WebSite\",\"@id\":\"https:\\\/\\\/www.mexicanguitarplayers.com\\\/#website\",\"url\":\"https:\\\/\\\/www.mexicanguitarplayers.com\\\/\",\"name\":\"Mexican Guitar Players\",\"description\":\"Website\",\"publisher\":{\"@id\":\"https:\\\/\\\/www.mexicanguitarplayers.com\\\/#organization\"},\"potentialAction\":[{\"@type\":\"SearchAction\",\"target\":{\"@type\":\"EntryPoint\",\"urlTemplate\":\"https:\\\/\\\/www.mexicanguitarplayers.com\\\/?s={search_term_string}\"},\"query-input\":{\"@type\":\"PropertyValueSpecification\",\"valueRequired\":true,\"valueName\":\"search_term_string\"}}],\"inLanguage\":\"en-US\"},{\"@type\":\"Organization\",\"@id\":\"https:\\\/\\\/www.mexicanguitarplayers.com\\\/#organization\",\"name\":\"Mexican Guitar Players\",\"url\":\"https:\\\/\\\/www.mexicanguitarplayers.com\\\/\",\"logo\":{\"@type\":\"ImageObject\",\"inLanguage\":\"en-US\",\"@id\":\"https:\\\/\\\/www.mexicanguitarplayers.com\\\/#\\\/schema\\\/logo\\\/image\\\/\",\"url\":\"\",\"contentUrl\":\"\",\"caption\":\"Mexican Guitar Players\"},\"image\":{\"@id\":\"https:\\\/\\\/www.mexicanguitarplayers.com\\\/#\\\/schema\\\/logo\\\/image\\\/\"}}]}<\/script>\n<!-- \/ Yoast SEO plugin. -->","yoast_head_json":{"title":"COMBO NUX P\/GUITARRA MOD. MIGHTY SPACE - Mexican Guitar Players","description":"Combo para guitarra, amplificador de modelado port\u00e1til de 30 watts, algoritmo de modelado de amplificador TSAC-HD (white-box) que ofrece una sensaci\u00f3n de toque y retroalimentaci\u00f3n realistas, 512 muestras de resoluci\u00f3n IR (34 IR premium integrados y 20 espacios de usuario para IR de terceros), 7 preajustes con funciones activas (el switch Preset alterna los activos secuencialmente), bloques de efectos GATE, CMP, EFX, AMP, IR, EQ, MOD, DLY y RVB con libertad de orden, algoritmo white-box EFX que ofrece una respuesta anal\u00f3gica y un caos natural, efectos est\u00e9reo DLY \/ RVB con un magn\u00edfico tono, funci\u00f3n de nivel de patch para cada preset, Drum &amp; Loop con control de pedal NMP-2 Lite incluido, tiempo de reproducci\u00f3n de 7 horas (11.1V \/ 5000 mAh), latencia ultra baja del sistema: 1.2 ms, aplicaci\u00f3n intuitiva MightyAmp y software de edici\u00f3n Mighty Editor (IR loader), dimensiones: 363 x 171 x 171 mm, peso: 4.06 kg.","robots":{"index":"index","follow":"follow","max-snippet":"max-snippet:-1","max-image-preview":"max-image-preview:large","max-video-preview":"max-video-preview:-1"},"canonical":"https:\/\/www.mexicanguitarplayers.com\/en\/tienda\/sin categor\u00eda\/combo-nux-p-guitarra-mod-mighty-space\/","og_locale":"en_US","og_type":"article","og_title":"COMBO NUX P\/GUITARRA MOD. MIGHTY SPACE - Mexican Guitar Players","og_description":"Combo para guitarra, amplificador de modelado port\u00e1til de 30 watts, algoritmo de modelado de amplificador TSAC-HD (white-box) que ofrece una sensaci\u00f3n de toque y retroalimentaci\u00f3n realistas, 512 muestras de resoluci\u00f3n IR (34 IR premium integrados y 20 espacios de usuario para IR de terceros), 7 preajustes con funciones activas (el switch Preset alterna los activos secuencialmente), bloques de efectos GATE, CMP, EFX, AMP, IR, EQ, MOD, DLY y RVB con libertad de orden, algoritmo white-box EFX que ofrece una respuesta anal\u00f3gica y un caos natural, efectos est\u00e9reo DLY \/ RVB con un magn\u00edfico tono, funci\u00f3n de nivel de patch para cada preset, Drum &amp; Loop con control de pedal NMP-2 Lite incluido, tiempo de reproducci\u00f3n de 7 horas (11.1V \/ 5000 mAh), latencia ultra baja del sistema: 1.2 ms, aplicaci\u00f3n intuitiva MightyAmp y software de edici\u00f3n Mighty Editor (IR loader), dimensiones: 363 x 171 x 171 mm, peso: 4.06 kg.","og_url":"https:\/\/www.mexicanguitarplayers.com\/en\/tienda\/sin categor\u00eda\/combo-nux-p-guitarra-mod-mighty-space\/","og_site_name":"Mexican Guitar Players","article_modified_time":"2026-05-01T13:23:34+00:00","twitter_card":"summary_large_image","twitter_misc":{"Est. reading time":"3 minutes"},"schema":{"@context":"https:\/\/schema.org","@graph":[{"@type":["WebPage","ItemPage"],"@id":"https:\/\/www.mexicanguitarplayers.com\/tienda\/sin categor\u00eda\/combo-nux-p-guitarra-mod-mighty-space\/","url":"https:\/\/www.mexicanguitarplayers.com\/tienda\/sin categor\u00eda\/combo-nux-p-guitarra-mod-mighty-space\/","name":"COMBO NUX P\/GUITARRA MOD. MIGHTY SPACE - Mexican Guitar Players","isPartOf":{"@id":"https:\/\/www.mexicanguitarplayers.com\/#website"},"primaryImageOfPage":{"@id":"https:\/\/www.mexicanguitarplayers.com\/tienda\/sin categor\u00eda\/combo-nux-p-guitarra-mod-mighty-space\/#primaryimage"},"image":{"@id":"https:\/\/www.mexicanguitarplayers.com\/tienda\/sin categor\u00eda\/combo-nux-p-guitarra-mod-mighty-space\/#primaryimage"},"thumbnailUrl":"https:\/\/www.mexicanguitarplayers.com\/wp-content\/uploads\/2025\/04\/ICNUXMIGHTYSPA.jpg","datePublished":"2025-04-08T19:07:53+00:00","dateModified":"2026-05-01T13:23:34+00:00","description":"Combo para guitarra, amplificador de modelado port\u00e1til de 30 watts, algoritmo de modelado de amplificador TSAC-HD (white-box) que ofrece una sensaci\u00f3n de toque y retroalimentaci\u00f3n realistas, 512 muestras de resoluci\u00f3n IR (34 IR premium integrados y 20 espacios de usuario para IR de terceros), 7 preajustes con funciones activas (el switch Preset alterna los activos secuencialmente), bloques de efectos GATE, CMP, EFX, AMP, IR, EQ, MOD, DLY y RVB con libertad de orden, algoritmo white-box EFX que ofrece una respuesta anal\u00f3gica y un caos natural, efectos est\u00e9reo DLY \/ RVB con un magn\u00edfico tono, funci\u00f3n de nivel de patch para cada preset, Drum &amp; Loop con control de pedal NMP-2 Lite incluido, tiempo de reproducci\u00f3n de 7 horas (11.1V \/ 5000 mAh), latencia ultra baja del sistema: 1.2 ms, aplicaci\u00f3n intuitiva MightyAmp y software de edici\u00f3n Mighty Editor (IR loader), dimensiones: 363 x 171 x 171 mm, peso: 4.06 kg.","breadcrumb":{"@id":"https:\/\/www.mexicanguitarplayers.com\/tienda\/sin categor\u00eda\/combo-nux-p-guitarra-mod-mighty-space\/#breadcrumb"},"inLanguage":"en-US","potentialAction":[{"@type":"ReadAction","target":["https:\/\/www.mexicanguitarplayers.com\/tienda\/sin categor\u00eda\/combo-nux-p-guitarra-mod-mighty-space\/"]}]},{"@type":"ImageObject","inLanguage":"en-US","@id":"https:\/\/www.mexicanguitarplayers.com\/tienda\/sin categor\u00eda\/combo-nux-p-guitarra-mod-mighty-space\/#primaryimage","url":"https:\/\/www.mexicanguitarplayers.com\/wp-content\/uploads\/2025\/04\/ICNUXMIGHTYSPA.jpg","contentUrl":"https:\/\/www.mexicanguitarplayers.com\/wp-content\/uploads\/2025\/04\/ICNUXMIGHTYSPA.jpg","width":1200,"height":1200},{"@type":"BreadcrumbList","@id":"https:\/\/www.mexicanguitarplayers.com\/tienda\/sin categor\u00eda\/combo-nux-p-guitarra-mod-mighty-space\/#breadcrumb","itemListElement":[{"@type":"ListItem","position":1,"name":"Portada","item":"https:\/\/www.mexicanguitarplayers.com\/"},{"@type":"ListItem","position":2,"name":"Tienda","item":"https:\/\/www.mexicanguitarplayers.com\/tienda\/"},{"@type":"ListItem","position":3,"name":"COMBO NUX P\/GUITARRA MOD. MIGHTY SPACE"}]},{"@type":"WebSite","@id":"https:\/\/www.mexicanguitarplayers.com\/#website","url":"https:\/\/www.mexicanguitarplayers.com\/","name":"Mexican Guitar Players","description":"Website","publisher":{"@id":"https:\/\/www.mexicanguitarplayers.com\/#organization"},"potentialAction":[{"@type":"SearchAction","target":{"@type":"EntryPoint","urlTemplate":"https:\/\/www.mexicanguitarplayers.com\/?s={search_term_string}"},"query-input":{"@type":"PropertyValueSpecification","valueRequired":true,"valueName":"search_term_string"}}],"inLanguage":"en-US"},{"@type":"Organization","@id":"https:\/\/www.mexicanguitarplayers.com\/#organization","name":"Mexican Guitar Players","url":"https:\/\/www.mexicanguitarplayers.com\/","logo":{"@type":"ImageObject","inLanguage":"en-US","@id":"https:\/\/www.mexicanguitarplayers.com\/#\/schema\/logo\/image\/","url":"","contentUrl":"","caption":"Mexican Guitar Players"},"image":{"@id":"https:\/\/www.mexicanguitarplayers.com\/#\/schema\/logo\/image\/"}}]}},"brands":[{"id":177,"name":"NUX","slug":"nux"}],"_links":{"self":[{"href":"https:\/\/www.mexicanguitarplayers.com\/en\/wp-json\/wp\/v2\/product\/32304","targetHints":{"allow":["GET"]}}],"collection":[{"href":"https:\/\/www.mexicanguitarplayers.com\/en\/wp-json\/wp\/v2\/product"}],"about":[{"href":"https:\/\/www.mexicanguitarplayers.com\/en\/wp-json\/wp\/v2\/types\/product"}],"replies":[{"embeddable":true,"href":"https:\/\/www.mexicanguitarplayers.com\/en\/wp-json\/wp\/v2\/comments?post=32304"}],"wp:featuredmedia":[{"embeddable":true,"href":"https:\/\/www.mexicanguitarplayers.com\/en\/wp-json\/wp\/v2\/media\/32295"}],"wp:attachment":[{"href":"https:\/\/www.mexicanguitarplayers.com\/en\/wp-json\/wp\/v2\/media?parent=32304"}],"wp:term":[{"taxonomy":"pwb-brand","embeddable":true,"href":"https:\/\/www.mexicanguitarplayers.com\/en\/wp-json\/wp\/v2\/pwb-brand?post=32304"},{"taxonomy":"product_brand","embeddable":true,"href":"https:\/\/www.mexicanguitarplayers.com\/en\/wp-json\/wp\/v2\/product_brand?post=32304"},{"taxonomy":"product_cat","embeddable":true,"href":"https:\/\/www.mexicanguitarplayers.com\/en\/wp-json\/wp\/v2\/product_cat?post=32304"},{"taxonomy":"product_tag","embeddable":true,"href":"https:\/\/www.mexicanguitarplayers.com\/en\/wp-json\/wp\/v2\/product_tag?post=32304"}],"curies":[{"name":"wp","href":"https:\/\/api.w.org\/{rel}","templated":true}]}}