{"id":32315,"date":"2025-04-08T13:08:16","date_gmt":"2025-04-08T19:08:16","guid":{"rendered":"https:\/\/www.mexicanguitarplayers.com\/tienda\/sin categor\u00eda\/bafle-audiocenter-mod-astra212a\/"},"modified":"2026-05-01T07:23:34","modified_gmt":"2026-05-01T13:23:34","slug":"bafle-audiocenter-mod-astra212a","status":"publish","type":"product","link":"https:\/\/www.mexicanguitarplayers.com\/en\/tienda\/audio\/bafles-y-bocinas\/bafles\/lineal\/bafle-audiocenter-mod-astra212a\/","title":{"rendered":"BAFLE AUDIOCENTER MOD. ASTRA212A"},"content":{"rendered":"<div style=\"text-align: justify\">\n<div>\n<h3>Sistema Lineal doble de 12\u201d Gran potencia y claridad.<\/h3>\n<\/div>\n<div>ASTRA212A, bafle activo de alto rendimiento, dise\u00f1ado para aplicaciones de refuerzo sonoro en peque\u00f1a y mediana escala o instalaciones fijas que requieren una gran presi\u00f3n sonora y claridad en la reproducci\u00f3n. Con un sistema de Clase D controlado por DSP, este bafle de rango completo cuenta con un doble driver de 12\u201d pulgadas con bobina m\u00f3vil de 3\u201d, y dos drivers Beyma de 1.75\u201d pulgadas con salida de 1\u201d. Con una potencia RMS de 1600W, este bafle entrega un SPL m\u00e1ximo de 134 dB, asegurando una salida de sonido potente y clara, incluso en entornos de alta demanda. Una de sus principales caracter\u00edsticas es la tecnolog\u00eda de gu\u00eda de ondas ETETM, que proporciona transiciones suaves entre las frecuencias altas (HF) y bajas (LF), asegurando una cobertura horizontal precisa y un sonido equilibrado en todo el espacio. Su cobertura horizontal de 90\u00b0 es ideal para garantizar que la propagaci\u00f3n del sonido sea uniforme y clara, permitiendo una experiencia auditiva excelente para el p\u00fablico. El ASTRA212A tambi\u00e9n incorpora un avanzado sistema de enfriamiento con ventiladores, y cuenta con un modo standby autom\u00e1tico que se activa despu\u00e9s de 15 minutos sin se\u00f1al, asegurando eficiencia energ\u00e9tica. Adem\u00e1s, su procesador Braincore interno se encarga de mantener la se\u00f1al en condiciones \u00f3ptimas a la entrada y salida, con una frecuencia de muestreo de 96 kHz y un filtro FIR que mejora el desempe\u00f1o en fase y la respuesta de frecuencia. Con unos pr\u00e1cticos preajustes de configuraci\u00f3n, como ARRAY2, ARRAY4 y ARRAY6, el ASTRA212A se adapta f\u00e1cilmente a las necesidades del sistema, mientras que sus conectores XLR permiten una conectividad sencilla. Su robusto gabinete de madera contrachapada CNC le confiere durabilidad, mientras que sus dimensiones de 938 x 347 x 462 mm y un peso de 42 kg aseguran una f\u00e1cil instalaci\u00f3n en cualquier tipo de escenario o instalaci\u00f3n fija.<\/div>\n<div>\n<h4>Quick look<\/h4>\n<\/div>\n<ul style=\"margin: 0px 0px 0px 25px\">\n<li style=\"list-style-type: circle;margin: 5px\">Kind.<\/li>\n<li style=\"list-style-type: circle;margin: 5px\">Respuesta de frecuencia (c\u00e1mara anecoica de -6 dB).<\/li>\n<li style=\"list-style-type: circle;margin: 5px\">Maximum SPL.<\/li>\n<li style=\"list-style-type: circle;margin: 5px\">Driver LF.<\/li>\n<li style=\"list-style-type: circle;margin: 5px\">Driver HF.<\/li>\n<li style=\"list-style-type: circle;margin: 5px\">\u00c1ngulo de cobertura.<\/li>\n<li style=\"list-style-type: circle;margin: 5px\">Circuiter\u00eda de amplificador.<\/li>\n<li style=\"list-style-type: circle;margin: 5px\">Potencia de amplificador.<\/li>\n<li style=\"list-style-type: circle;margin: 5px\">Respuesta de frecuencia de amplificador (1W\/ohms, 2 canales).<\/li>\n<li style=\"list-style-type: circle;margin: 5px\">Distorsi\u00f3n de intermodulaci\u00f3n.<\/li>\n<li style=\"list-style-type: circle;margin: 5px\">Distorsi\u00f3n arm\u00f3nica total.<\/li>\n<li style=\"list-style-type: circle;margin: 5px\">Protecci\u00f3n.<\/li>\n<li style=\"list-style-type: circle;margin: 5px\">Sistema de enfriamiento.<\/li>\n<li style=\"list-style-type: circle;margin: 5px\">Sampling rate <\/li>\n<li style=\"list-style-type: circle;margin: 5px\">Pre ajustes.<\/li>\n<li style=\"list-style-type: circle;margin: 5px\">Crossover.<\/li>\n<li style=\"list-style-type: circle;margin: 5px\">Entrances and exits.<\/li>\n<li style=\"list-style-type: circle;margin: 5px\">Voltaje de funcionamiento.<\/li>\n<li style=\"list-style-type: circle;margin: 5px\">Gabinete.<\/li>\n<li style=\"list-style-type: circle;margin: 5px\">\u00c1ngulo de ajuste.<\/li>\n<li style=\"list-style-type: circle;margin: 5px\">Dimensions.<\/li>\n<li style=\"list-style-type: circle;margin: 5px\">Weight.<\/li>\n<\/ul>\n<div>\n<div style=\"font-weight: bold\">Kind.<\/div>\n<div>\n<p>Altavoz Line Array activo controlado por DSP. <\/p>\n<\/div>\n<div style=\"font-weight: bold\">Respuesta de frecuencia (c\u00e1mara anecoica de -6 dB).<\/div>\n<div>\n<p>47 Hz &#8211; 20 kHz.<\/p>\n<\/div>\n<div style=\"font-weight: bold\">Maximum SPL.<\/div>\n<div>\n<p>134 dB.<\/p>\n<\/div>\n<div style=\"font-weight: bold\">Driver LF.<\/div>\n<div>\n<p>2 Bocinas Beyma personalizadas de 12&#8243;, bobina m\u00f3vil de 3&#8243;.<\/p>\n<\/div>\n<div style=\"font-weight: bold\">Driver HF.<\/div>\n<div>\n<p>2 drivers Beyma personalizados, salida de 1\u201d, bobina m\u00f3vil de 1.75&#8243;.<\/p>\n<\/div>\n<div style=\"font-weight: bold\">\u00c1ngulo de cobertura.<\/div>\n<div>\n<p>Horizontal (sim\u00e9trico): 90\u00b0.Vertical (sim\u00e9trico): Depende de la cantidad de altavoces y la curvatura en el arreglo lineal. <\/p>\n<\/div>\n<div style=\"font-weight: bold\">Circuiter\u00eda de amplificador.<\/div>\n<div>\n<p>Clase D.<\/p>\n<\/div>\n<div style=\"font-weight: bold\">Potencia de amplificador.<\/div>\n<div>\n<p>1600W. RMS<\/p>\n<\/div>\n<div style=\"font-weight: bold\">Respuesta de frecuencia de amplificador (1W\/ohms, 2 canales).<\/div>\n<div>\n<p>20 Hz &#8211; 20 kHz (\u00b10.5 dB).<\/p>\n<\/div>\n<div style=\"font-weight: bold\">Distorsi\u00f3n de intermodulaci\u00f3n.<\/div>\n<div>\n<p>0.05%.<\/p>\n<\/div>\n<div style=\"font-weight: bold\">Distorsi\u00f3n arm\u00f3nica total.<\/div>\n<div>\n<p>0.05%.<\/p>\n<\/div>\n<div style=\"font-weight: bold\">Protecci\u00f3n.<\/div>\n<div>\n<p>Protecci\u00f3n DC, protecci\u00f3n contra corto circuito, protecci\u00f3n contra sobre calentamiento, protecci\u00f3n de sobrecarga de entrada, protecci\u00f3n de sobrecarga de salida, protecci\u00f3n de arranque suave, protecci\u00f3n al sobre voltaje, protecci\u00f3n contra subtensi\u00f3n. <\/p>\n<\/div>\n<div style=\"font-weight: bold\">Sistema de enfriamiento.<\/div>\n<div>\n<p>Enfriamiento con ventiladores.<\/p>\n<\/div>\n<div style=\"font-weight: bold\">Sampling rate <\/div>\n<div>\n<p>96 kHz, 56 bit de precisi\u00f3n.<\/p>\n<\/div>\n<div style=\"font-weight: bold\">Pre ajustes.<\/div>\n<div>\n<p>ARRAY2, ARRAY4, ARRAY6.<\/p>\n<\/div>\n<div style=\"font-weight: bold\">Crossover.<\/div>\n<div>\n<p>Controlado por DSP.<\/p>\n<\/div>\n<div style=\"font-weight: bold\">Entrances and exits.<\/div>\n<div>\n<p>XLR macho y XLR hembra.<\/p>\n<\/div>\n<div style=\"font-weight: bold\">Voltaje de funcionamiento.<\/div>\n<div>\n<p>100-130V 60Hz \/ 220-240V 50Hz. (Si se trabaja a 220V es necesario cambiar el switch)<\/p>\n<\/div>\n<div style=\"font-weight: bold\">Gabinete.<\/div>\n<div>\n<p>Gabinete de madera contrachapada CNC.<\/p>\n<\/div>\n<div style=\"font-weight: bold\">\u00c1ngulo de ajuste.<\/div>\n<div>\n<p>0\u00b0,1\u00b0,2\u00b0,4\u00b0,6\u00b0,8\u00b0,10\u00b0.<\/p>\n<\/div>\n<div style=\"font-weight: bold\">Dimensions.<\/div>\n<div>\n<p>938 \u00d7 436 \u00d7 545 mm.<\/p>\n<\/div>\n<div style=\"font-weight: bold\">Weight.<\/div>\n<div>\n<p>42 kg.<\/p>\n<\/div>\n<\/div>\n<\/div>","protected":false},"excerpt":{"rendered":"<p>ASTRA212A bafle activo de alto rendimiento, equipado con un sistema de Clase D controlado por DSP, cuenta con un driver de 12\u201d pulgadas y dos drivers Beyma de 1.75\u201d pulgadas. Su potencia RMS de 1600W y un SPL m\u00e1ximo de 134 dB garantizan un sonido potente y claro. Incorpora la innovadora tecnolog\u00eda de gu\u00eda de ondas ETETM para una difusi\u00f3n uniforme de las frecuencias altas, ofreciendo una cobertura horizontal de 90\u00b0. Con un procesador Braincore, asegura una se\u00f1al \u00f3ptima con frecuencia de muestreo de 96 kHz y filtro FIR para un desempe\u00f1o perfecto. Con un gabinete de madera contrachapada CNC y conectores XLR, el ASTRA212A es ideal para aplicaciones profesionales que requieren un sonido claro, potente y preciso.&hellip; <a class=\"kt-excerpt-readmore more-link\" href=\"https:\/\/www.mexicanguitarplayers.com\/en\/tienda\/audio\/bafles-y-bocinas\/bafles\/lineal\/bafle-audiocenter-mod-astra212a\/\">Read more<\/a><\/p>","protected":false},"featured_media":32305,"comment_status":"open","ping_status":"closed","template":"","meta":{"kt_blocks_editor_width":""},"pwb-brand":[525],"product_brand":[],"product_cat":[213,222,221,520],"product_tag":[],"class_list":{"0":"post-32315","1":"product","2":"type-product","3":"status-publish","4":"has-post-thumbnail","6":"pwb-brand-audiocenter","7":"product_cat-audio","8":"product_cat-bafles","9":"product_cat-bafles-y-bocinas","10":"product_cat-lineal","12":"first","13":"instock","14":"taxable","15":"shipping-taxable","16":"purchasable","17":"product-type-simple"},"yoast_head":"<!-- This site is optimized with the Yoast SEO plugin v27.5 - https:\/\/yoast.com\/product\/yoast-seo-wordpress\/ -->\n<title>BAFLE AUDIOCENTER MOD. ASTRA212A - Mexican Guitar Players<\/title>\n<meta name=\"description\" content=\"ASTRA212A bafle activo de alto rendimiento, equipado con un sistema de Clase D controlado por DSP, cuenta con un driver de 12\u201d pulgadas y dos drivers Beyma de 1.75\u201d pulgadas. Su potencia RMS de 1600W y un SPL m\u00e1ximo de 134 dB garantizan un sonido potente y claro. Incorpora la innovadora tecnolog\u00eda de gu\u00eda de ondas ETETM para una difusi\u00f3n uniforme de las frecuencias altas, ofreciendo una cobertura horizontal de 90\u00b0. Con un procesador Braincore, asegura una se\u00f1al \u00f3ptima con frecuencia de muestreo de 96 kHz y filtro FIR para un desempe\u00f1o perfecto. Con un gabinete de madera contrachapada CNC y conectores XLR, el ASTRA212A es ideal para aplicaciones profesionales que requieren un sonido claro, potente y preciso.\" \/>\n<meta name=\"robots\" content=\"index, follow, max-snippet:-1, max-image-preview:large, max-video-preview:-1\" \/>\n<link rel=\"canonical\" href=\"https:\/\/www.mexicanguitarplayers.com\/en\/tienda\/sin%20categor\u00eda\/bafle-audiocenter-mod-astra212a\/\" \/>\n<meta property=\"og:locale\" content=\"en_US\" \/>\n<meta property=\"og:type\" content=\"article\" \/>\n<meta property=\"og:title\" content=\"BAFLE AUDIOCENTER MOD. ASTRA212A - Mexican Guitar Players\" \/>\n<meta property=\"og:description\" content=\"ASTRA212A bafle activo de alto rendimiento, equipado con un sistema de Clase D controlado por DSP, cuenta con un driver de 12\u201d pulgadas y dos drivers Beyma de 1.75\u201d pulgadas. Su potencia RMS de 1600W y un SPL m\u00e1ximo de 134 dB garantizan un sonido potente y claro. Incorpora la innovadora tecnolog\u00eda de gu\u00eda de ondas ETETM para una difusi\u00f3n uniforme de las frecuencias altas, ofreciendo una cobertura horizontal de 90\u00b0. Con un procesador Braincore, asegura una se\u00f1al \u00f3ptima con frecuencia de muestreo de 96 kHz y filtro FIR para un desempe\u00f1o perfecto. Con un gabinete de madera contrachapada CNC y conectores XLR, el ASTRA212A es ideal para aplicaciones profesionales que requieren un sonido claro, potente y preciso.\" \/>\n<meta property=\"og:url\" content=\"https:\/\/www.mexicanguitarplayers.com\/en\/tienda\/sin categor\u00eda\/bafle-audiocenter-mod-astra212a\/\" \/>\n<meta property=\"og:site_name\" content=\"Mexican Guitar Players\" \/>\n<meta property=\"article:modified_time\" content=\"2026-05-01T13:23:34+00:00\" \/>\n<meta name=\"twitter:card\" content=\"summary_large_image\" \/>\n<meta name=\"twitter:label1\" content=\"Est. reading time\" \/>\n\t<meta name=\"twitter:data1\" content=\"3 minutes\" \/>\n<script type=\"application\/ld+json\" class=\"yoast-schema-graph\">{\"@context\":\"https:\\\/\\\/schema.org\",\"@graph\":[{\"@type\":[\"WebPage\",\"ItemPage\"],\"@id\":\"https:\\\/\\\/www.mexicanguitarplayers.com\\\/tienda\\\/sin categor\u00eda\\\/bafle-audiocenter-mod-astra212a\\\/\",\"url\":\"https:\\\/\\\/www.mexicanguitarplayers.com\\\/tienda\\\/sin categor\u00eda\\\/bafle-audiocenter-mod-astra212a\\\/\",\"name\":\"BAFLE AUDIOCENTER MOD. ASTRA212A - Mexican Guitar Players\",\"isPartOf\":{\"@id\":\"https:\\\/\\\/www.mexicanguitarplayers.com\\\/#website\"},\"primaryImageOfPage\":{\"@id\":\"https:\\\/\\\/www.mexicanguitarplayers.com\\\/tienda\\\/sin categor\u00eda\\\/bafle-audiocenter-mod-astra212a\\\/#primaryimage\"},\"image\":{\"@id\":\"https:\\\/\\\/www.mexicanguitarplayers.com\\\/tienda\\\/sin categor\u00eda\\\/bafle-audiocenter-mod-astra212a\\\/#primaryimage\"},\"thumbnailUrl\":\"https:\\\/\\\/www.mexicanguitarplayers.com\\\/wp-content\\\/uploads\\\/2025\\\/04\\\/IAACTASTRA212A.png\",\"datePublished\":\"2025-04-08T19:08:16+00:00\",\"dateModified\":\"2026-05-01T13:23:34+00:00\",\"description\":\"ASTRA212A bafle activo de alto rendimiento, equipado con un sistema de Clase D controlado por DSP, cuenta con un driver de 12\u201d pulgadas y dos drivers Beyma de 1.75\u201d pulgadas. Su potencia RMS de 1600W y un SPL m\u00e1ximo de 134 dB garantizan un sonido potente y claro. Incorpora la innovadora tecnolog\u00eda de gu\u00eda de ondas ETETM para una difusi\u00f3n uniforme de las frecuencias altas, ofreciendo una cobertura horizontal de 90\u00b0. Con un procesador Braincore, asegura una se\u00f1al \u00f3ptima con frecuencia de muestreo de 96 kHz y filtro FIR para un desempe\u00f1o perfecto. Con un gabinete de madera contrachapada CNC y conectores XLR, el ASTRA212A es ideal para aplicaciones profesionales que requieren un sonido claro, potente y preciso.\",\"breadcrumb\":{\"@id\":\"https:\\\/\\\/www.mexicanguitarplayers.com\\\/tienda\\\/sin categor\u00eda\\\/bafle-audiocenter-mod-astra212a\\\/#breadcrumb\"},\"inLanguage\":\"en-US\",\"potentialAction\":[{\"@type\":\"ReadAction\",\"target\":[\"https:\\\/\\\/www.mexicanguitarplayers.com\\\/tienda\\\/sin categor\u00eda\\\/bafle-audiocenter-mod-astra212a\\\/\"]}]},{\"@type\":\"ImageObject\",\"inLanguage\":\"en-US\",\"@id\":\"https:\\\/\\\/www.mexicanguitarplayers.com\\\/tienda\\\/sin categor\u00eda\\\/bafle-audiocenter-mod-astra212a\\\/#primaryimage\",\"url\":\"https:\\\/\\\/www.mexicanguitarplayers.com\\\/wp-content\\\/uploads\\\/2025\\\/04\\\/IAACTASTRA212A.png\",\"contentUrl\":\"https:\\\/\\\/www.mexicanguitarplayers.com\\\/wp-content\\\/uploads\\\/2025\\\/04\\\/IAACTASTRA212A.png\",\"width\":1200,\"height\":800},{\"@type\":\"BreadcrumbList\",\"@id\":\"https:\\\/\\\/www.mexicanguitarplayers.com\\\/tienda\\\/sin categor\u00eda\\\/bafle-audiocenter-mod-astra212a\\\/#breadcrumb\",\"itemListElement\":[{\"@type\":\"ListItem\",\"position\":1,\"name\":\"Portada\",\"item\":\"https:\\\/\\\/www.mexicanguitarplayers.com\\\/\"},{\"@type\":\"ListItem\",\"position\":2,\"name\":\"Tienda\",\"item\":\"https:\\\/\\\/www.mexicanguitarplayers.com\\\/tienda\\\/\"},{\"@type\":\"ListItem\",\"position\":3,\"name\":\"BAFLE AUDIOCENTER MOD. ASTRA212A\"}]},{\"@type\":\"WebSite\",\"@id\":\"https:\\\/\\\/www.mexicanguitarplayers.com\\\/#website\",\"url\":\"https:\\\/\\\/www.mexicanguitarplayers.com\\\/\",\"name\":\"Mexican Guitar Players\",\"description\":\"Website\",\"publisher\":{\"@id\":\"https:\\\/\\\/www.mexicanguitarplayers.com\\\/#organization\"},\"potentialAction\":[{\"@type\":\"SearchAction\",\"target\":{\"@type\":\"EntryPoint\",\"urlTemplate\":\"https:\\\/\\\/www.mexicanguitarplayers.com\\\/?s={search_term_string}\"},\"query-input\":{\"@type\":\"PropertyValueSpecification\",\"valueRequired\":true,\"valueName\":\"search_term_string\"}}],\"inLanguage\":\"en-US\"},{\"@type\":\"Organization\",\"@id\":\"https:\\\/\\\/www.mexicanguitarplayers.com\\\/#organization\",\"name\":\"Mexican Guitar Players\",\"url\":\"https:\\\/\\\/www.mexicanguitarplayers.com\\\/\",\"logo\":{\"@type\":\"ImageObject\",\"inLanguage\":\"en-US\",\"@id\":\"https:\\\/\\\/www.mexicanguitarplayers.com\\\/#\\\/schema\\\/logo\\\/image\\\/\",\"url\":\"\",\"contentUrl\":\"\",\"caption\":\"Mexican Guitar Players\"},\"image\":{\"@id\":\"https:\\\/\\\/www.mexicanguitarplayers.com\\\/#\\\/schema\\\/logo\\\/image\\\/\"}}]}<\/script>\n<!-- \/ Yoast SEO plugin. -->","yoast_head_json":{"title":"BAFLE AUDIOCENTER MOD. ASTRA212A - Mexican Guitar Players","description":"ASTRA212A bafle activo de alto rendimiento, equipado con un sistema de Clase D controlado por DSP, cuenta con un driver de 12\u201d pulgadas y dos drivers Beyma de 1.75\u201d pulgadas. Su potencia RMS de 1600W y un SPL m\u00e1ximo de 134 dB garantizan un sonido potente y claro. Incorpora la innovadora tecnolog\u00eda de gu\u00eda de ondas ETETM para una difusi\u00f3n uniforme de las frecuencias altas, ofreciendo una cobertura horizontal de 90\u00b0. Con un procesador Braincore, asegura una se\u00f1al \u00f3ptima con frecuencia de muestreo de 96 kHz y filtro FIR para un desempe\u00f1o perfecto. Con un gabinete de madera contrachapada CNC y conectores XLR, el ASTRA212A es ideal para aplicaciones profesionales que requieren un sonido claro, potente y preciso.","robots":{"index":"index","follow":"follow","max-snippet":"max-snippet:-1","max-image-preview":"max-image-preview:large","max-video-preview":"max-video-preview:-1"},"canonical":"https:\/\/www.mexicanguitarplayers.com\/en\/tienda\/sin categor\u00eda\/bafle-audiocenter-mod-astra212a\/","og_locale":"en_US","og_type":"article","og_title":"BAFLE AUDIOCENTER MOD. ASTRA212A - Mexican Guitar Players","og_description":"ASTRA212A bafle activo de alto rendimiento, equipado con un sistema de Clase D controlado por DSP, cuenta con un driver de 12\u201d pulgadas y dos drivers Beyma de 1.75\u201d pulgadas. Su potencia RMS de 1600W y un SPL m\u00e1ximo de 134 dB garantizan un sonido potente y claro. Incorpora la innovadora tecnolog\u00eda de gu\u00eda de ondas ETETM para una difusi\u00f3n uniforme de las frecuencias altas, ofreciendo una cobertura horizontal de 90\u00b0. Con un procesador Braincore, asegura una se\u00f1al \u00f3ptima con frecuencia de muestreo de 96 kHz y filtro FIR para un desempe\u00f1o perfecto. Con un gabinete de madera contrachapada CNC y conectores XLR, el ASTRA212A es ideal para aplicaciones profesionales que requieren un sonido claro, potente y preciso.","og_url":"https:\/\/www.mexicanguitarplayers.com\/en\/tienda\/sin categor\u00eda\/bafle-audiocenter-mod-astra212a\/","og_site_name":"Mexican Guitar Players","article_modified_time":"2026-05-01T13:23:34+00:00","twitter_card":"summary_large_image","twitter_misc":{"Est. reading time":"3 minutes"},"schema":{"@context":"https:\/\/schema.org","@graph":[{"@type":["WebPage","ItemPage"],"@id":"https:\/\/www.mexicanguitarplayers.com\/tienda\/sin categor\u00eda\/bafle-audiocenter-mod-astra212a\/","url":"https:\/\/www.mexicanguitarplayers.com\/tienda\/sin categor\u00eda\/bafle-audiocenter-mod-astra212a\/","name":"BAFLE AUDIOCENTER MOD. ASTRA212A - Mexican Guitar Players","isPartOf":{"@id":"https:\/\/www.mexicanguitarplayers.com\/#website"},"primaryImageOfPage":{"@id":"https:\/\/www.mexicanguitarplayers.com\/tienda\/sin categor\u00eda\/bafle-audiocenter-mod-astra212a\/#primaryimage"},"image":{"@id":"https:\/\/www.mexicanguitarplayers.com\/tienda\/sin categor\u00eda\/bafle-audiocenter-mod-astra212a\/#primaryimage"},"thumbnailUrl":"https:\/\/www.mexicanguitarplayers.com\/wp-content\/uploads\/2025\/04\/IAACTASTRA212A.png","datePublished":"2025-04-08T19:08:16+00:00","dateModified":"2026-05-01T13:23:34+00:00","description":"ASTRA212A bafle activo de alto rendimiento, equipado con un sistema de Clase D controlado por DSP, cuenta con un driver de 12\u201d pulgadas y dos drivers Beyma de 1.75\u201d pulgadas. Su potencia RMS de 1600W y un SPL m\u00e1ximo de 134 dB garantizan un sonido potente y claro. Incorpora la innovadora tecnolog\u00eda de gu\u00eda de ondas ETETM para una difusi\u00f3n uniforme de las frecuencias altas, ofreciendo una cobertura horizontal de 90\u00b0. Con un procesador Braincore, asegura una se\u00f1al \u00f3ptima con frecuencia de muestreo de 96 kHz y filtro FIR para un desempe\u00f1o perfecto. Con un gabinete de madera contrachapada CNC y conectores XLR, el ASTRA212A es ideal para aplicaciones profesionales que requieren un sonido claro, potente y preciso.","breadcrumb":{"@id":"https:\/\/www.mexicanguitarplayers.com\/tienda\/sin categor\u00eda\/bafle-audiocenter-mod-astra212a\/#breadcrumb"},"inLanguage":"en-US","potentialAction":[{"@type":"ReadAction","target":["https:\/\/www.mexicanguitarplayers.com\/tienda\/sin categor\u00eda\/bafle-audiocenter-mod-astra212a\/"]}]},{"@type":"ImageObject","inLanguage":"en-US","@id":"https:\/\/www.mexicanguitarplayers.com\/tienda\/sin categor\u00eda\/bafle-audiocenter-mod-astra212a\/#primaryimage","url":"https:\/\/www.mexicanguitarplayers.com\/wp-content\/uploads\/2025\/04\/IAACTASTRA212A.png","contentUrl":"https:\/\/www.mexicanguitarplayers.com\/wp-content\/uploads\/2025\/04\/IAACTASTRA212A.png","width":1200,"height":800},{"@type":"BreadcrumbList","@id":"https:\/\/www.mexicanguitarplayers.com\/tienda\/sin categor\u00eda\/bafle-audiocenter-mod-astra212a\/#breadcrumb","itemListElement":[{"@type":"ListItem","position":1,"name":"Portada","item":"https:\/\/www.mexicanguitarplayers.com\/"},{"@type":"ListItem","position":2,"name":"Tienda","item":"https:\/\/www.mexicanguitarplayers.com\/tienda\/"},{"@type":"ListItem","position":3,"name":"BAFLE AUDIOCENTER MOD. ASTRA212A"}]},{"@type":"WebSite","@id":"https:\/\/www.mexicanguitarplayers.com\/#website","url":"https:\/\/www.mexicanguitarplayers.com\/","name":"Mexican Guitar Players","description":"Website","publisher":{"@id":"https:\/\/www.mexicanguitarplayers.com\/#organization"},"potentialAction":[{"@type":"SearchAction","target":{"@type":"EntryPoint","urlTemplate":"https:\/\/www.mexicanguitarplayers.com\/?s={search_term_string}"},"query-input":{"@type":"PropertyValueSpecification","valueRequired":true,"valueName":"search_term_string"}}],"inLanguage":"en-US"},{"@type":"Organization","@id":"https:\/\/www.mexicanguitarplayers.com\/#organization","name":"Mexican Guitar Players","url":"https:\/\/www.mexicanguitarplayers.com\/","logo":{"@type":"ImageObject","inLanguage":"en-US","@id":"https:\/\/www.mexicanguitarplayers.com\/#\/schema\/logo\/image\/","url":"","contentUrl":"","caption":"Mexican Guitar Players"},"image":{"@id":"https:\/\/www.mexicanguitarplayers.com\/#\/schema\/logo\/image\/"}}]}},"brands":[{"id":525,"name":"AUDIOCENTER","slug":"audiocenter"}],"_links":{"self":[{"href":"https:\/\/www.mexicanguitarplayers.com\/en\/wp-json\/wp\/v2\/product\/32315","targetHints":{"allow":["GET"]}}],"collection":[{"href":"https:\/\/www.mexicanguitarplayers.com\/en\/wp-json\/wp\/v2\/product"}],"about":[{"href":"https:\/\/www.mexicanguitarplayers.com\/en\/wp-json\/wp\/v2\/types\/product"}],"replies":[{"embeddable":true,"href":"https:\/\/www.mexicanguitarplayers.com\/en\/wp-json\/wp\/v2\/comments?post=32315"}],"wp:featuredmedia":[{"embeddable":true,"href":"https:\/\/www.mexicanguitarplayers.com\/en\/wp-json\/wp\/v2\/media\/32305"}],"wp:attachment":[{"href":"https:\/\/www.mexicanguitarplayers.com\/en\/wp-json\/wp\/v2\/media?parent=32315"}],"wp:term":[{"taxonomy":"pwb-brand","embeddable":true,"href":"https:\/\/www.mexicanguitarplayers.com\/en\/wp-json\/wp\/v2\/pwb-brand?post=32315"},{"taxonomy":"product_brand","embeddable":true,"href":"https:\/\/www.mexicanguitarplayers.com\/en\/wp-json\/wp\/v2\/product_brand?post=32315"},{"taxonomy":"product_cat","embeddable":true,"href":"https:\/\/www.mexicanguitarplayers.com\/en\/wp-json\/wp\/v2\/product_cat?post=32315"},{"taxonomy":"product_tag","embeddable":true,"href":"https:\/\/www.mexicanguitarplayers.com\/en\/wp-json\/wp\/v2\/product_tag?post=32315"}],"curies":[{"name":"wp","href":"https:\/\/api.w.org\/{rel}","templated":true}]}}