{"id":32350,"date":"2025-04-08T13:09:08","date_gmt":"2025-04-08T19:09:08","guid":{"rendered":"https:\/\/www.mexicanguitarplayers.com\/tienda\/sin categor\u00eda\/estuche-skb-p-consola-mediano-1skb-scpm1\/"},"modified":"2026-04-10T04:33:39","modified_gmt":"2026-04-10T10:33:39","slug":"estuche-skb-p-consola-mediano-1skb-scpm1","status":"publish","type":"product","link":"https:\/\/www.mexicanguitarplayers.com\/en\/tienda\/accesorios\/estuches-y-fundas\/cases\/estuche-skb-p-consola-mediano-1skb-scpm1\/","title":{"rendered":"ESTUCHE SKB P\/CONSOLA MEDIANO 1SKB-SCPM1"},"content":{"rendered":"<div style=\"text-align: justify\">\n<div>\n<h3>Siempre listos para el show.<\/h3>\n<\/div>\n<div>No es solamente un estuche suave, es un estuche para transportar y proteger tu consola. Un n\u00facleo contrachapado r\u00edgido cubierto por un robusto nylon Denier 600 para la protecci\u00f3n de los controles. Cuenta con un asa indestructible moldeada por inyecci\u00f3n y ruedas dobles para facilitar el transporte. Este estuche se adapta tambi\u00e9n a altavoces como el Yamaha (EMX512SC, EMX312SC, EMX212S) y mezcladoras amplificadas Behringer (PMP1060M, PMP1060S, PMP1680S, PMP2000), Phonic (620R) y muchas m\u00e1s.<\/div>\n<div>\n<h4>Quick look<\/h4>\n<\/div>\n<ul style=\"margin: 0px 0px 0px 25px\">\n<li style=\"list-style-type: circle;margin: 5px\">Largo interior.<\/li>\n<li style=\"list-style-type: circle;margin: 5px\">Ancho interior.<\/li>\n<li style=\"list-style-type: circle;margin: 5px\">Profundidad interior.<\/li>\n<li style=\"list-style-type: circle;margin: 5px\">Largo exterior.<\/li>\n<li style=\"list-style-type: circle;margin: 5px\">Ancho exterior.<\/li>\n<li style=\"list-style-type: circle;margin: 5px\">Profundidad exterior.<\/li>\n<li style=\"list-style-type: circle;margin: 5px\">Weight.<\/li>\n<\/ul>\n<div>\n<div style=\"font-weight: bold\">Largo interior.<\/div>\n<div>\n<p>48.26 cm.<\/p>\n<\/div>\n<div style=\"font-weight: bold\">Ancho interior.<\/div>\n<div>\n<p>31.12 cm.<\/p>\n<\/div>\n<div style=\"font-weight: bold\">Profundidad interior.<\/div>\n<div>\n<p>27.94 cm.<\/p>\n<\/div>\n<div style=\"font-weight: bold\">Largo exterior.<\/div>\n<div>\n<p>60.33 cm.<\/p>\n<\/div>\n<div style=\"font-weight: bold\">Ancho exterior.<\/div>\n<div>\n<p>39.37 cm.<\/p>\n<\/div>\n<div style=\"font-weight: bold\">Profundidad exterior.<\/div>\n<div>\n<p>35.56 cm.<\/p>\n<\/div>\n<div style=\"font-weight: bold\">Weight.<\/div>\n<div>\n<p>6.62 kg.<\/p>\n<\/div>\n<\/div>\n<div>\n<h4>Characteristics<\/h4>\n<\/div>\n<div>\n<ul style=\"margin: 0px 0px 0px 25px\">\n<li style=\"list-style-type: circle;margin: 5px\">Exterior de durable nylon Denier 600 sobre un n\u00facleo contrachapado r\u00edgido.<\/li>\n<li style=\"list-style-type: circle;margin: 5px\">Cierre de doble tracci\u00f3n de alta resistencia.<\/li>\n<li style=\"list-style-type: circle;margin: 5px\">Interior acolchado.<\/li>\n<li style=\"list-style-type: circle;margin: 5px\">Bolsa exterior para accesorios.<\/li>\n<li style=\"list-style-type: circle;margin: 5px\">Resistentes manijas.<\/li>\n<li style=\"list-style-type: circle;margin: 5px\">Mango indestructible moldeado por inyecci\u00f3n.<\/li>\n<li style=\"list-style-type: circle;margin: 5px\">Ruedas dobles.<\/li>\n<\/ul>\n<\/div>\n<\/div>","protected":false},"excerpt":{"rendered":"<p>Estuche mediano para consola o altavoz, se adapta a altavoces activos como Yamaha (EMX512SC, EMX312SC, EMX212S) y mezcladoras amplificadas Behringer (PMP1060M,PMP1060S, PMP1680S, PMP2000), Phonic (620R) y muchas m\u00e1s, exterior de durable nylon Denier 600 sobre un n\u00facleo contrachapado r\u00edgido, cierre de doble tracci\u00f3n dealta resistencia, interior acolchado, bolsa exterior para accesorios, resistentes manijas, mango indestructible moldeado por inyecci\u00f3n, ruedas dobles, largo interior: 48.26 cm, ancho interior: 31.12 cm, profundidad interior: 27.94 cm, largo exterior: 60.33 cm, ancho exterior: 39.37 cm, profundidad exterior: 35.56 cm,peso: 6.62 kg.&hellip; <a class=\"kt-excerpt-readmore more-link\" href=\"https:\/\/www.mexicanguitarplayers.com\/en\/tienda\/accesorios\/estuches-y-fundas\/cases\/estuche-skb-p-consola-mediano-1skb-scpm1\/\">Read more<\/a><\/p>","protected":false},"featured_media":32346,"comment_status":"open","ping_status":"closed","template":"","meta":{"kt_blocks_editor_width":""},"pwb-brand":[609],"product_brand":[],"product_cat":[85,564,517],"product_tag":[],"class_list":{"0":"post-32350","1":"product","2":"type-product","3":"status-publish","4":"has-post-thumbnail","6":"pwb-brand-skb","7":"product_cat-accesorios","8":"product_cat-cases","9":"product_cat-estuches-y-fundas","10":"product_shipping_class-0-5-kg","12":"first","13":"outofstock","14":"taxable","15":"shipping-taxable","16":"purchasable","17":"product-type-simple"},"yoast_head":"<!-- This site is optimized with the Yoast SEO plugin v27.5 - https:\/\/yoast.com\/product\/yoast-seo-wordpress\/ -->\n<title>ESTUCHE SKB P\/CONSOLA MEDIANO 1SKB-SCPM1 - Mexican Guitar Players<\/title>\n<meta name=\"description\" content=\"Estuche mediano para consola o altavoz, se adapta a altavoces activos como Yamaha (EMX512SC, EMX312SC, EMX212S) y mezcladoras amplificadas Behringer (PMP1060M,PMP1060S, PMP1680S, PMP2000), Phonic (620R) y muchas m\u00e1s, exterior de durable nylon Denier 600 sobre un n\u00facleo contrachapado r\u00edgido, cierre de doble tracci\u00f3n dealta resistencia, interior acolchado, bolsa exterior para accesorios, resistentes manijas, mango indestructible moldeado por inyecci\u00f3n, ruedas dobles, largo interior: 48.26 cm, ancho interior: 31.12 cm, profundidad interior: 27.94 cm, largo exterior: 60.33 cm, ancho exterior: 39.37 cm, profundidad exterior: 35.56 cm,peso: 6.62 kg.\" \/>\n<meta name=\"robots\" content=\"index, follow, max-snippet:-1, max-image-preview:large, max-video-preview:-1\" \/>\n<link rel=\"canonical\" href=\"https:\/\/www.mexicanguitarplayers.com\/en\/tienda\/sin%20categor\u00eda\/estuche-skb-p-consola-mediano-1skb-scpm1\/\" \/>\n<meta property=\"og:locale\" content=\"en_US\" \/>\n<meta property=\"og:type\" content=\"article\" \/>\n<meta property=\"og:title\" content=\"ESTUCHE SKB P\/CONSOLA MEDIANO 1SKB-SCPM1 - Mexican Guitar Players\" \/>\n<meta property=\"og:description\" content=\"Estuche mediano para consola o altavoz, se adapta a altavoces activos como Yamaha (EMX512SC, EMX312SC, EMX212S) y mezcladoras amplificadas Behringer (PMP1060M,PMP1060S, PMP1680S, PMP2000), Phonic (620R) y muchas m\u00e1s, exterior de durable nylon Denier 600 sobre un n\u00facleo contrachapado r\u00edgido, cierre de doble tracci\u00f3n dealta resistencia, interior acolchado, bolsa exterior para accesorios, resistentes manijas, mango indestructible moldeado por inyecci\u00f3n, ruedas dobles, largo interior: 48.26 cm, ancho interior: 31.12 cm, profundidad interior: 27.94 cm, largo exterior: 60.33 cm, ancho exterior: 39.37 cm, profundidad exterior: 35.56 cm,peso: 6.62 kg.\" \/>\n<meta property=\"og:url\" content=\"https:\/\/www.mexicanguitarplayers.com\/en\/tienda\/sin categor\u00eda\/estuche-skb-p-consola-mediano-1skb-scpm1\/\" \/>\n<meta property=\"og:site_name\" content=\"Mexican Guitar Players\" \/>\n<meta property=\"article:modified_time\" content=\"2026-04-10T10:33:39+00:00\" \/>\n<meta name=\"twitter:card\" content=\"summary_large_image\" \/>\n<meta name=\"twitter:label1\" content=\"Est. reading time\" \/>\n\t<meta name=\"twitter:data1\" content=\"1 minute\" \/>\n<script type=\"application\/ld+json\" class=\"yoast-schema-graph\">{\"@context\":\"https:\\\/\\\/schema.org\",\"@graph\":[{\"@type\":[\"WebPage\",\"ItemPage\"],\"@id\":\"https:\\\/\\\/www.mexicanguitarplayers.com\\\/tienda\\\/sin categor\u00eda\\\/estuche-skb-p-consola-mediano-1skb-scpm1\\\/\",\"url\":\"https:\\\/\\\/www.mexicanguitarplayers.com\\\/tienda\\\/sin categor\u00eda\\\/estuche-skb-p-consola-mediano-1skb-scpm1\\\/\",\"name\":\"ESTUCHE SKB P\\\/CONSOLA MEDIANO 1SKB-SCPM1 - Mexican Guitar Players\",\"isPartOf\":{\"@id\":\"https:\\\/\\\/www.mexicanguitarplayers.com\\\/#website\"},\"primaryImageOfPage\":{\"@id\":\"https:\\\/\\\/www.mexicanguitarplayers.com\\\/tienda\\\/sin categor\u00eda\\\/estuche-skb-p-consola-mediano-1skb-scpm1\\\/#primaryimage\"},\"image\":{\"@id\":\"https:\\\/\\\/www.mexicanguitarplayers.com\\\/tienda\\\/sin categor\u00eda\\\/estuche-skb-p-consola-mediano-1skb-scpm1\\\/#primaryimage\"},\"thumbnailUrl\":\"https:\\\/\\\/www.mexicanguitarplayers.com\\\/wp-content\\\/uploads\\\/2025\\\/04\\\/VASKB1SKBSCPM1.jpg\",\"datePublished\":\"2025-04-08T19:09:08+00:00\",\"dateModified\":\"2026-04-10T10:33:39+00:00\",\"description\":\"Estuche mediano para consola o altavoz, se adapta a altavoces activos como Yamaha (EMX512SC, EMX312SC, EMX212S) y mezcladoras amplificadas Behringer (PMP1060M,PMP1060S, PMP1680S, PMP2000), Phonic (620R) y muchas m\u00e1s, exterior de durable nylon Denier 600 sobre un n\u00facleo contrachapado r\u00edgido, cierre de doble tracci\u00f3n dealta resistencia, interior acolchado, bolsa exterior para accesorios, resistentes manijas, mango indestructible moldeado por inyecci\u00f3n, ruedas dobles, largo interior: 48.26 cm, ancho interior: 31.12 cm, profundidad interior: 27.94 cm, largo exterior: 60.33 cm, ancho exterior: 39.37 cm, profundidad exterior: 35.56 cm,peso: 6.62 kg.\",\"breadcrumb\":{\"@id\":\"https:\\\/\\\/www.mexicanguitarplayers.com\\\/tienda\\\/sin categor\u00eda\\\/estuche-skb-p-consola-mediano-1skb-scpm1\\\/#breadcrumb\"},\"inLanguage\":\"en-US\",\"potentialAction\":[{\"@type\":\"ReadAction\",\"target\":[\"https:\\\/\\\/www.mexicanguitarplayers.com\\\/tienda\\\/sin categor\u00eda\\\/estuche-skb-p-consola-mediano-1skb-scpm1\\\/\"]}]},{\"@type\":\"ImageObject\",\"inLanguage\":\"en-US\",\"@id\":\"https:\\\/\\\/www.mexicanguitarplayers.com\\\/tienda\\\/sin categor\u00eda\\\/estuche-skb-p-consola-mediano-1skb-scpm1\\\/#primaryimage\",\"url\":\"https:\\\/\\\/www.mexicanguitarplayers.com\\\/wp-content\\\/uploads\\\/2025\\\/04\\\/VASKB1SKBSCPM1.jpg\",\"contentUrl\":\"https:\\\/\\\/www.mexicanguitarplayers.com\\\/wp-content\\\/uploads\\\/2025\\\/04\\\/VASKB1SKBSCPM1.jpg\",\"width\":1200,\"height\":1200},{\"@type\":\"BreadcrumbList\",\"@id\":\"https:\\\/\\\/www.mexicanguitarplayers.com\\\/tienda\\\/sin categor\u00eda\\\/estuche-skb-p-consola-mediano-1skb-scpm1\\\/#breadcrumb\",\"itemListElement\":[{\"@type\":\"ListItem\",\"position\":1,\"name\":\"Portada\",\"item\":\"https:\\\/\\\/www.mexicanguitarplayers.com\\\/\"},{\"@type\":\"ListItem\",\"position\":2,\"name\":\"Tienda\",\"item\":\"https:\\\/\\\/www.mexicanguitarplayers.com\\\/tienda\\\/\"},{\"@type\":\"ListItem\",\"position\":3,\"name\":\"ESTUCHE SKB P\\\/CONSOLA MEDIANO 1SKB-SCPM1\"}]},{\"@type\":\"WebSite\",\"@id\":\"https:\\\/\\\/www.mexicanguitarplayers.com\\\/#website\",\"url\":\"https:\\\/\\\/www.mexicanguitarplayers.com\\\/\",\"name\":\"Mexican Guitar Players\",\"description\":\"Website\",\"publisher\":{\"@id\":\"https:\\\/\\\/www.mexicanguitarplayers.com\\\/#organization\"},\"potentialAction\":[{\"@type\":\"SearchAction\",\"target\":{\"@type\":\"EntryPoint\",\"urlTemplate\":\"https:\\\/\\\/www.mexicanguitarplayers.com\\\/?s={search_term_string}\"},\"query-input\":{\"@type\":\"PropertyValueSpecification\",\"valueRequired\":true,\"valueName\":\"search_term_string\"}}],\"inLanguage\":\"en-US\"},{\"@type\":\"Organization\",\"@id\":\"https:\\\/\\\/www.mexicanguitarplayers.com\\\/#organization\",\"name\":\"Mexican Guitar Players\",\"url\":\"https:\\\/\\\/www.mexicanguitarplayers.com\\\/\",\"logo\":{\"@type\":\"ImageObject\",\"inLanguage\":\"en-US\",\"@id\":\"https:\\\/\\\/www.mexicanguitarplayers.com\\\/#\\\/schema\\\/logo\\\/image\\\/\",\"url\":\"\",\"contentUrl\":\"\",\"caption\":\"Mexican Guitar Players\"},\"image\":{\"@id\":\"https:\\\/\\\/www.mexicanguitarplayers.com\\\/#\\\/schema\\\/logo\\\/image\\\/\"}}]}<\/script>\n<!-- \/ Yoast SEO plugin. -->","yoast_head_json":{"title":"ESTUCHE SKB P\/CONSOLA MEDIANO 1SKB-SCPM1 - Mexican Guitar Players","description":"Estuche mediano para consola o altavoz, se adapta a altavoces activos como Yamaha (EMX512SC, EMX312SC, EMX212S) y mezcladoras amplificadas Behringer (PMP1060M,PMP1060S, PMP1680S, PMP2000), Phonic (620R) y muchas m\u00e1s, exterior de durable nylon Denier 600 sobre un n\u00facleo contrachapado r\u00edgido, cierre de doble tracci\u00f3n dealta resistencia, interior acolchado, bolsa exterior para accesorios, resistentes manijas, mango indestructible moldeado por inyecci\u00f3n, ruedas dobles, largo interior: 48.26 cm, ancho interior: 31.12 cm, profundidad interior: 27.94 cm, largo exterior: 60.33 cm, ancho exterior: 39.37 cm, profundidad exterior: 35.56 cm,peso: 6.62 kg.","robots":{"index":"index","follow":"follow","max-snippet":"max-snippet:-1","max-image-preview":"max-image-preview:large","max-video-preview":"max-video-preview:-1"},"canonical":"https:\/\/www.mexicanguitarplayers.com\/en\/tienda\/sin categor\u00eda\/estuche-skb-p-consola-mediano-1skb-scpm1\/","og_locale":"en_US","og_type":"article","og_title":"ESTUCHE SKB P\/CONSOLA MEDIANO 1SKB-SCPM1 - Mexican Guitar Players","og_description":"Estuche mediano para consola o altavoz, se adapta a altavoces activos como Yamaha (EMX512SC, EMX312SC, EMX212S) y mezcladoras amplificadas Behringer (PMP1060M,PMP1060S, PMP1680S, PMP2000), Phonic (620R) y muchas m\u00e1s, exterior de durable nylon Denier 600 sobre un n\u00facleo contrachapado r\u00edgido, cierre de doble tracci\u00f3n dealta resistencia, interior acolchado, bolsa exterior para accesorios, resistentes manijas, mango indestructible moldeado por inyecci\u00f3n, ruedas dobles, largo interior: 48.26 cm, ancho interior: 31.12 cm, profundidad interior: 27.94 cm, largo exterior: 60.33 cm, ancho exterior: 39.37 cm, profundidad exterior: 35.56 cm,peso: 6.62 kg.","og_url":"https:\/\/www.mexicanguitarplayers.com\/en\/tienda\/sin categor\u00eda\/estuche-skb-p-consola-mediano-1skb-scpm1\/","og_site_name":"Mexican Guitar Players","article_modified_time":"2026-04-10T10:33:39+00:00","twitter_card":"summary_large_image","twitter_misc":{"Est. reading time":"1 minute"},"schema":{"@context":"https:\/\/schema.org","@graph":[{"@type":["WebPage","ItemPage"],"@id":"https:\/\/www.mexicanguitarplayers.com\/tienda\/sin categor\u00eda\/estuche-skb-p-consola-mediano-1skb-scpm1\/","url":"https:\/\/www.mexicanguitarplayers.com\/tienda\/sin categor\u00eda\/estuche-skb-p-consola-mediano-1skb-scpm1\/","name":"ESTUCHE SKB P\/CONSOLA MEDIANO 1SKB-SCPM1 - Mexican Guitar Players","isPartOf":{"@id":"https:\/\/www.mexicanguitarplayers.com\/#website"},"primaryImageOfPage":{"@id":"https:\/\/www.mexicanguitarplayers.com\/tienda\/sin categor\u00eda\/estuche-skb-p-consola-mediano-1skb-scpm1\/#primaryimage"},"image":{"@id":"https:\/\/www.mexicanguitarplayers.com\/tienda\/sin categor\u00eda\/estuche-skb-p-consola-mediano-1skb-scpm1\/#primaryimage"},"thumbnailUrl":"https:\/\/www.mexicanguitarplayers.com\/wp-content\/uploads\/2025\/04\/VASKB1SKBSCPM1.jpg","datePublished":"2025-04-08T19:09:08+00:00","dateModified":"2026-04-10T10:33:39+00:00","description":"Estuche mediano para consola o altavoz, se adapta a altavoces activos como Yamaha (EMX512SC, EMX312SC, EMX212S) y mezcladoras amplificadas Behringer (PMP1060M,PMP1060S, PMP1680S, PMP2000), Phonic (620R) y muchas m\u00e1s, exterior de durable nylon Denier 600 sobre un n\u00facleo contrachapado r\u00edgido, cierre de doble tracci\u00f3n dealta resistencia, interior acolchado, bolsa exterior para accesorios, resistentes manijas, mango indestructible moldeado por inyecci\u00f3n, ruedas dobles, largo interior: 48.26 cm, ancho interior: 31.12 cm, profundidad interior: 27.94 cm, largo exterior: 60.33 cm, ancho exterior: 39.37 cm, profundidad exterior: 35.56 cm,peso: 6.62 kg.","breadcrumb":{"@id":"https:\/\/www.mexicanguitarplayers.com\/tienda\/sin categor\u00eda\/estuche-skb-p-consola-mediano-1skb-scpm1\/#breadcrumb"},"inLanguage":"en-US","potentialAction":[{"@type":"ReadAction","target":["https:\/\/www.mexicanguitarplayers.com\/tienda\/sin categor\u00eda\/estuche-skb-p-consola-mediano-1skb-scpm1\/"]}]},{"@type":"ImageObject","inLanguage":"en-US","@id":"https:\/\/www.mexicanguitarplayers.com\/tienda\/sin categor\u00eda\/estuche-skb-p-consola-mediano-1skb-scpm1\/#primaryimage","url":"https:\/\/www.mexicanguitarplayers.com\/wp-content\/uploads\/2025\/04\/VASKB1SKBSCPM1.jpg","contentUrl":"https:\/\/www.mexicanguitarplayers.com\/wp-content\/uploads\/2025\/04\/VASKB1SKBSCPM1.jpg","width":1200,"height":1200},{"@type":"BreadcrumbList","@id":"https:\/\/www.mexicanguitarplayers.com\/tienda\/sin categor\u00eda\/estuche-skb-p-consola-mediano-1skb-scpm1\/#breadcrumb","itemListElement":[{"@type":"ListItem","position":1,"name":"Portada","item":"https:\/\/www.mexicanguitarplayers.com\/"},{"@type":"ListItem","position":2,"name":"Tienda","item":"https:\/\/www.mexicanguitarplayers.com\/tienda\/"},{"@type":"ListItem","position":3,"name":"ESTUCHE SKB P\/CONSOLA MEDIANO 1SKB-SCPM1"}]},{"@type":"WebSite","@id":"https:\/\/www.mexicanguitarplayers.com\/#website","url":"https:\/\/www.mexicanguitarplayers.com\/","name":"Mexican Guitar Players","description":"Website","publisher":{"@id":"https:\/\/www.mexicanguitarplayers.com\/#organization"},"potentialAction":[{"@type":"SearchAction","target":{"@type":"EntryPoint","urlTemplate":"https:\/\/www.mexicanguitarplayers.com\/?s={search_term_string}"},"query-input":{"@type":"PropertyValueSpecification","valueRequired":true,"valueName":"search_term_string"}}],"inLanguage":"en-US"},{"@type":"Organization","@id":"https:\/\/www.mexicanguitarplayers.com\/#organization","name":"Mexican Guitar Players","url":"https:\/\/www.mexicanguitarplayers.com\/","logo":{"@type":"ImageObject","inLanguage":"en-US","@id":"https:\/\/www.mexicanguitarplayers.com\/#\/schema\/logo\/image\/","url":"","contentUrl":"","caption":"Mexican Guitar Players"},"image":{"@id":"https:\/\/www.mexicanguitarplayers.com\/#\/schema\/logo\/image\/"}}]}},"brands":[{"id":609,"name":"SKB","slug":"skb"}],"_links":{"self":[{"href":"https:\/\/www.mexicanguitarplayers.com\/en\/wp-json\/wp\/v2\/product\/32350","targetHints":{"allow":["GET"]}}],"collection":[{"href":"https:\/\/www.mexicanguitarplayers.com\/en\/wp-json\/wp\/v2\/product"}],"about":[{"href":"https:\/\/www.mexicanguitarplayers.com\/en\/wp-json\/wp\/v2\/types\/product"}],"replies":[{"embeddable":true,"href":"https:\/\/www.mexicanguitarplayers.com\/en\/wp-json\/wp\/v2\/comments?post=32350"}],"wp:featuredmedia":[{"embeddable":true,"href":"https:\/\/www.mexicanguitarplayers.com\/en\/wp-json\/wp\/v2\/media\/32346"}],"wp:attachment":[{"href":"https:\/\/www.mexicanguitarplayers.com\/en\/wp-json\/wp\/v2\/media?parent=32350"}],"wp:term":[{"taxonomy":"pwb-brand","embeddable":true,"href":"https:\/\/www.mexicanguitarplayers.com\/en\/wp-json\/wp\/v2\/pwb-brand?post=32350"},{"taxonomy":"product_brand","embeddable":true,"href":"https:\/\/www.mexicanguitarplayers.com\/en\/wp-json\/wp\/v2\/product_brand?post=32350"},{"taxonomy":"product_cat","embeddable":true,"href":"https:\/\/www.mexicanguitarplayers.com\/en\/wp-json\/wp\/v2\/product_cat?post=32350"},{"taxonomy":"product_tag","embeddable":true,"href":"https:\/\/www.mexicanguitarplayers.com\/en\/wp-json\/wp\/v2\/product_tag?post=32350"}],"curies":[{"name":"wp","href":"https:\/\/api.w.org\/{rel}","templated":true}]}}