{"id":32361,"date":"2025-04-08T13:09:40","date_gmt":"2025-04-08T19:09:40","guid":{"rendered":"https:\/\/www.mexicanguitarplayers.com\/tienda\/sin categor\u00eda\/pastillas-sd-jgo-sc-quarterpound-pj-bass\/"},"modified":"2026-04-10T04:33:38","modified_gmt":"2026-04-10T10:33:38","slug":"pastillas-sd-jgo-sc-quarterpound-pj-bass","status":"publish","type":"product","link":"https:\/\/www.mexicanguitarplayers.com\/en\/tienda\/accesorios\/estuches-y-fundas\/para-bajo-estuches-y-fundas\/pastillas-sd-jgo-sc-quarterpound-pj-bass\/","title":{"rendered":"PASTILLAS SD JGO SC QUARTERPOUND PJ BASS"},"content":{"rendered":"<div style=\"text-align: justify\">\n<div>\n<h3>La regla de las Quarter Pound.<\/h3>\n<\/div>\n<div>Juntas, estas pastillas de bajo Quarter Pound brindan una voz s\u00f3nicamente completa con un control de tu punch con agudos de alta salida. Cada golpe de la cuerda proporciona un mordisco completo  de low-end con mucho sustain. Han brindado su punch \u00fanico a los bajistas de Blink 182, Alien Ant Farm, Rise Against, Bad Religion y Smashing Pumpkins. Los m\u00fasicos que tienen un bajo P-J ahora podr\u00e1n obtener el rico tono de las pastillas Quarter Pound con nuestro set de bajo de 4 cuerdas P-J. Las pastillas Quarter Pound fueron dise\u00f1adas para brindar una salida potente, un gran ataque y una actitud masiva. Los polos de 1\/4&#8243; de pulgada de di\u00e1metro y el bobinado brindan una respuesta completa y uniforme con gran sustain y riqueza s\u00f3nica. Los imanes en la pastilla Quarter Pound P-Bass expanden el campo magn\u00e9tico y extienden los rangos de frecuencia para un sonido gordo, completo y contundente con una tremenda presencia de rango medio y salida m\u00e1xima. Aunque a menudo se usa para tonos de rock pesado, este set de pastillas ofrece una incre\u00edble versatilidad tonal, lo que la convierte en la favorita en todos los \u00e1mbitos en entornos de estudio y en vivo. Estas pastillas brillan en aplicaciones de rock cl\u00e1sico, hard rock, punk y metal. Para mayor versatilidad, se puede agregar un circuito de tono de 2 o 3 bandas. Cada pastilla se fabrica a mano en Santa B\u00e1rbara, California.<\/div>\n<div>\n<h4>Quick look<\/h4>\n<\/div>\n<ul style=\"margin: 0px 0px 0px 25px\">\n<li style=\"list-style-type: circle;margin: 5px\">Modelo.<\/li>\n<li style=\"list-style-type: circle;margin: 5px\">Posici\u00f3n.<\/li>\n<li style=\"list-style-type: circle;margin: 5px\">Espaciado.<\/li>\n<li style=\"list-style-type: circle;margin: 5px\">Alambrado.<\/li>\n<li style=\"list-style-type: circle;margin: 5px\">Im\u00e1n.<\/li>\n<li style=\"list-style-type: circle;margin: 5px\">Resistencia.<\/li>\n<\/ul>\n<div>\n<div style=\"font-weight: bold\">Modelo.<\/div>\n<div>\n<p>Quarter Pound P-J.<\/p>\n<\/div>\n<div style=\"font-weight: bold\">Posici\u00f3n.<\/div>\n<div>\n<p>Para brazo y puente.<\/p>\n<\/div>\n<div style=\"font-weight: bold\">Espaciado.<\/div>\n<div>\n<p>Est\u00e1ndar.<\/p>\n<\/div>\n<div style=\"font-weight: bold\">Alambrado.<\/div>\n<div>\n<p>PVC Lead Wire.<\/p>\n<\/div>\n<div style=\"font-weight: bold\">Im\u00e1n.<\/div>\n<div>\n<p>Alinico 5.<\/p>\n<\/div>\n<div style=\"font-weight: bold\">Resistencia.<\/div>\n<div>\n<p>Brazo: 13.7 kilo-ohms. Puente: 13.7 kilo-ohms.<\/p>\n<\/div>\n<\/div>\n<\/div>","protected":false},"excerpt":{"rendered":"<p>Set de pastillas para bajo P-J de 4 cuerdas, modelo Quarter Pound P-J, posiciones: puente y brazo, im\u00e1n: alnico 5, cableado: PVC Lead Wire, tipo: pasivo, resistencia brazo: 13.7 kilo-ohms, resistencia puente: 13.7 kilo-ohms, actitud masiva de la pastilla Jazz Bass en el puente junto con un tono P-Bass gordo y lleno de garra.&hellip; <a class=\"kt-excerpt-readmore more-link\" href=\"https:\/\/www.mexicanguitarplayers.com\/en\/tienda\/accesorios\/estuches-y-fundas\/para-bajo-estuches-y-fundas\/pastillas-sd-jgo-sc-quarterpound-pj-bass\/\">Read more<\/a><\/p>","protected":false},"featured_media":32356,"comment_status":"open","ping_status":"closed","template":"","meta":{"kt_blocks_editor_width":""},"pwb-brand":[502],"product_brand":[],"product_cat":[85,578,610],"product_tag":[],"class_list":{"0":"post-32361","1":"product","2":"type-product","3":"status-publish","4":"has-post-thumbnail","6":"pwb-brand-seymour-duncan","7":"product_cat-accesorios","8":"product_cat-para-bajo-estuches-y-fundas","9":"product_cat-pastillas-para-inst-orquestales","10":"product_shipping_class-0-5-kg","12":"first","13":"outofstock","14":"taxable","15":"shipping-taxable","16":"purchasable","17":"product-type-simple"},"yoast_head":"<!-- This site is optimized with the Yoast SEO plugin v27.5 - https:\/\/yoast.com\/product\/yoast-seo-wordpress\/ -->\n<title>PASTILLAS SD JGO SC QUARTERPOUND PJ BASS - Mexican Guitar Players<\/title>\n<meta name=\"description\" content=\"Set de pastillas para bajo P-J de 4 cuerdas, modelo Quarter Pound P-J, posiciones: puente y brazo, im\u00e1n: alnico 5, cableado: PVC Lead Wire, tipo: pasivo, resistencia brazo: 13.7 kilo-ohms, resistencia puente: 13.7 kilo-ohms, actitud masiva de la pastilla Jazz Bass en el puente junto con un tono P-Bass gordo y lleno de garra.\" \/>\n<meta name=\"robots\" content=\"index, follow, max-snippet:-1, max-image-preview:large, max-video-preview:-1\" \/>\n<link rel=\"canonical\" href=\"https:\/\/www.mexicanguitarplayers.com\/en\/tienda\/sin%20categor\u00eda\/pastillas-sd-jgo-sc-quarterpound-pj-bass\/\" \/>\n<meta property=\"og:locale\" content=\"en_US\" \/>\n<meta property=\"og:type\" content=\"article\" \/>\n<meta property=\"og:title\" content=\"PASTILLAS SD JGO SC QUARTERPOUND PJ BASS - Mexican Guitar Players\" \/>\n<meta property=\"og:description\" content=\"Set de pastillas para bajo P-J de 4 cuerdas, modelo Quarter Pound P-J, posiciones: puente y brazo, im\u00e1n: alnico 5, cableado: PVC Lead Wire, tipo: pasivo, resistencia brazo: 13.7 kilo-ohms, resistencia puente: 13.7 kilo-ohms, actitud masiva de la pastilla Jazz Bass en el puente junto con un tono P-Bass gordo y lleno de garra.\" \/>\n<meta property=\"og:url\" content=\"https:\/\/www.mexicanguitarplayers.com\/en\/tienda\/sin categor\u00eda\/pastillas-sd-jgo-sc-quarterpound-pj-bass\/\" \/>\n<meta property=\"og:site_name\" content=\"Mexican Guitar Players\" \/>\n<meta property=\"article:modified_time\" content=\"2026-04-10T10:33:38+00:00\" \/>\n<meta name=\"twitter:card\" content=\"summary_large_image\" \/>\n<meta name=\"twitter:label1\" content=\"Est. reading time\" \/>\n\t<meta name=\"twitter:data1\" content=\"1 minute\" \/>\n<script type=\"application\/ld+json\" class=\"yoast-schema-graph\">{\"@context\":\"https:\\\/\\\/schema.org\",\"@graph\":[{\"@type\":[\"WebPage\",\"ItemPage\"],\"@id\":\"https:\\\/\\\/www.mexicanguitarplayers.com\\\/tienda\\\/sin categor\u00eda\\\/pastillas-sd-jgo-sc-quarterpound-pj-bass\\\/\",\"url\":\"https:\\\/\\\/www.mexicanguitarplayers.com\\\/tienda\\\/sin categor\u00eda\\\/pastillas-sd-jgo-sc-quarterpound-pj-bass\\\/\",\"name\":\"PASTILLAS SD JGO SC QUARTERPOUND PJ BASS - Mexican Guitar Players\",\"isPartOf\":{\"@id\":\"https:\\\/\\\/www.mexicanguitarplayers.com\\\/#website\"},\"primaryImageOfPage\":{\"@id\":\"https:\\\/\\\/www.mexicanguitarplayers.com\\\/tienda\\\/sin categor\u00eda\\\/pastillas-sd-jgo-sc-quarterpound-pj-bass\\\/#primaryimage\"},\"image\":{\"@id\":\"https:\\\/\\\/www.mexicanguitarplayers.com\\\/tienda\\\/sin categor\u00eda\\\/pastillas-sd-jgo-sc-quarterpound-pj-bass\\\/#primaryimage\"},\"thumbnailUrl\":\"https:\\\/\\\/www.mexicanguitarplayers.com\\\/wp-content\\\/uploads\\\/2025\\\/04\\\/RASEOQUARPOUPJ.jpg\",\"datePublished\":\"2025-04-08T19:09:40+00:00\",\"dateModified\":\"2026-04-10T10:33:38+00:00\",\"description\":\"Set de pastillas para bajo P-J de 4 cuerdas, modelo Quarter Pound P-J, posiciones: puente y brazo, im\u00e1n: alnico 5, cableado: PVC Lead Wire, tipo: pasivo, resistencia brazo: 13.7 kilo-ohms, resistencia puente: 13.7 kilo-ohms, actitud masiva de la pastilla Jazz Bass en el puente junto con un tono P-Bass gordo y lleno de garra.\",\"breadcrumb\":{\"@id\":\"https:\\\/\\\/www.mexicanguitarplayers.com\\\/tienda\\\/sin categor\u00eda\\\/pastillas-sd-jgo-sc-quarterpound-pj-bass\\\/#breadcrumb\"},\"inLanguage\":\"en-US\",\"potentialAction\":[{\"@type\":\"ReadAction\",\"target\":[\"https:\\\/\\\/www.mexicanguitarplayers.com\\\/tienda\\\/sin categor\u00eda\\\/pastillas-sd-jgo-sc-quarterpound-pj-bass\\\/\"]}]},{\"@type\":\"ImageObject\",\"inLanguage\":\"en-US\",\"@id\":\"https:\\\/\\\/www.mexicanguitarplayers.com\\\/tienda\\\/sin categor\u00eda\\\/pastillas-sd-jgo-sc-quarterpound-pj-bass\\\/#primaryimage\",\"url\":\"https:\\\/\\\/www.mexicanguitarplayers.com\\\/wp-content\\\/uploads\\\/2025\\\/04\\\/RASEOQUARPOUPJ.jpg\",\"contentUrl\":\"https:\\\/\\\/www.mexicanguitarplayers.com\\\/wp-content\\\/uploads\\\/2025\\\/04\\\/RASEOQUARPOUPJ.jpg\",\"width\":1200,\"height\":1200},{\"@type\":\"BreadcrumbList\",\"@id\":\"https:\\\/\\\/www.mexicanguitarplayers.com\\\/tienda\\\/sin categor\u00eda\\\/pastillas-sd-jgo-sc-quarterpound-pj-bass\\\/#breadcrumb\",\"itemListElement\":[{\"@type\":\"ListItem\",\"position\":1,\"name\":\"Portada\",\"item\":\"https:\\\/\\\/www.mexicanguitarplayers.com\\\/\"},{\"@type\":\"ListItem\",\"position\":2,\"name\":\"Tienda\",\"item\":\"https:\\\/\\\/www.mexicanguitarplayers.com\\\/tienda\\\/\"},{\"@type\":\"ListItem\",\"position\":3,\"name\":\"PASTILLAS SD JGO SC QUARTERPOUND PJ BASS\"}]},{\"@type\":\"WebSite\",\"@id\":\"https:\\\/\\\/www.mexicanguitarplayers.com\\\/#website\",\"url\":\"https:\\\/\\\/www.mexicanguitarplayers.com\\\/\",\"name\":\"Mexican Guitar Players\",\"description\":\"Website\",\"publisher\":{\"@id\":\"https:\\\/\\\/www.mexicanguitarplayers.com\\\/#organization\"},\"potentialAction\":[{\"@type\":\"SearchAction\",\"target\":{\"@type\":\"EntryPoint\",\"urlTemplate\":\"https:\\\/\\\/www.mexicanguitarplayers.com\\\/?s={search_term_string}\"},\"query-input\":{\"@type\":\"PropertyValueSpecification\",\"valueRequired\":true,\"valueName\":\"search_term_string\"}}],\"inLanguage\":\"en-US\"},{\"@type\":\"Organization\",\"@id\":\"https:\\\/\\\/www.mexicanguitarplayers.com\\\/#organization\",\"name\":\"Mexican Guitar Players\",\"url\":\"https:\\\/\\\/www.mexicanguitarplayers.com\\\/\",\"logo\":{\"@type\":\"ImageObject\",\"inLanguage\":\"en-US\",\"@id\":\"https:\\\/\\\/www.mexicanguitarplayers.com\\\/#\\\/schema\\\/logo\\\/image\\\/\",\"url\":\"\",\"contentUrl\":\"\",\"caption\":\"Mexican Guitar Players\"},\"image\":{\"@id\":\"https:\\\/\\\/www.mexicanguitarplayers.com\\\/#\\\/schema\\\/logo\\\/image\\\/\"}}]}<\/script>\n<!-- \/ Yoast SEO plugin. -->","yoast_head_json":{"title":"PASTILLAS SD JGO SC QUARTERPOUND PJ BASS - Mexican Guitar Players","description":"Set de pastillas para bajo P-J de 4 cuerdas, modelo Quarter Pound P-J, posiciones: puente y brazo, im\u00e1n: alnico 5, cableado: PVC Lead Wire, tipo: pasivo, resistencia brazo: 13.7 kilo-ohms, resistencia puente: 13.7 kilo-ohms, actitud masiva de la pastilla Jazz Bass en el puente junto con un tono P-Bass gordo y lleno de garra.","robots":{"index":"index","follow":"follow","max-snippet":"max-snippet:-1","max-image-preview":"max-image-preview:large","max-video-preview":"max-video-preview:-1"},"canonical":"https:\/\/www.mexicanguitarplayers.com\/en\/tienda\/sin categor\u00eda\/pastillas-sd-jgo-sc-quarterpound-pj-bass\/","og_locale":"en_US","og_type":"article","og_title":"PASTILLAS SD JGO SC QUARTERPOUND PJ BASS - Mexican Guitar Players","og_description":"Set de pastillas para bajo P-J de 4 cuerdas, modelo Quarter Pound P-J, posiciones: puente y brazo, im\u00e1n: alnico 5, cableado: PVC Lead Wire, tipo: pasivo, resistencia brazo: 13.7 kilo-ohms, resistencia puente: 13.7 kilo-ohms, actitud masiva de la pastilla Jazz Bass en el puente junto con un tono P-Bass gordo y lleno de garra.","og_url":"https:\/\/www.mexicanguitarplayers.com\/en\/tienda\/sin categor\u00eda\/pastillas-sd-jgo-sc-quarterpound-pj-bass\/","og_site_name":"Mexican Guitar Players","article_modified_time":"2026-04-10T10:33:38+00:00","twitter_card":"summary_large_image","twitter_misc":{"Est. reading time":"1 minute"},"schema":{"@context":"https:\/\/schema.org","@graph":[{"@type":["WebPage","ItemPage"],"@id":"https:\/\/www.mexicanguitarplayers.com\/tienda\/sin categor\u00eda\/pastillas-sd-jgo-sc-quarterpound-pj-bass\/","url":"https:\/\/www.mexicanguitarplayers.com\/tienda\/sin categor\u00eda\/pastillas-sd-jgo-sc-quarterpound-pj-bass\/","name":"PASTILLAS SD JGO SC QUARTERPOUND PJ BASS - Mexican Guitar Players","isPartOf":{"@id":"https:\/\/www.mexicanguitarplayers.com\/#website"},"primaryImageOfPage":{"@id":"https:\/\/www.mexicanguitarplayers.com\/tienda\/sin categor\u00eda\/pastillas-sd-jgo-sc-quarterpound-pj-bass\/#primaryimage"},"image":{"@id":"https:\/\/www.mexicanguitarplayers.com\/tienda\/sin categor\u00eda\/pastillas-sd-jgo-sc-quarterpound-pj-bass\/#primaryimage"},"thumbnailUrl":"https:\/\/www.mexicanguitarplayers.com\/wp-content\/uploads\/2025\/04\/RASEOQUARPOUPJ.jpg","datePublished":"2025-04-08T19:09:40+00:00","dateModified":"2026-04-10T10:33:38+00:00","description":"Set de pastillas para bajo P-J de 4 cuerdas, modelo Quarter Pound P-J, posiciones: puente y brazo, im\u00e1n: alnico 5, cableado: PVC Lead Wire, tipo: pasivo, resistencia brazo: 13.7 kilo-ohms, resistencia puente: 13.7 kilo-ohms, actitud masiva de la pastilla Jazz Bass en el puente junto con un tono P-Bass gordo y lleno de garra.","breadcrumb":{"@id":"https:\/\/www.mexicanguitarplayers.com\/tienda\/sin categor\u00eda\/pastillas-sd-jgo-sc-quarterpound-pj-bass\/#breadcrumb"},"inLanguage":"en-US","potentialAction":[{"@type":"ReadAction","target":["https:\/\/www.mexicanguitarplayers.com\/tienda\/sin categor\u00eda\/pastillas-sd-jgo-sc-quarterpound-pj-bass\/"]}]},{"@type":"ImageObject","inLanguage":"en-US","@id":"https:\/\/www.mexicanguitarplayers.com\/tienda\/sin categor\u00eda\/pastillas-sd-jgo-sc-quarterpound-pj-bass\/#primaryimage","url":"https:\/\/www.mexicanguitarplayers.com\/wp-content\/uploads\/2025\/04\/RASEOQUARPOUPJ.jpg","contentUrl":"https:\/\/www.mexicanguitarplayers.com\/wp-content\/uploads\/2025\/04\/RASEOQUARPOUPJ.jpg","width":1200,"height":1200},{"@type":"BreadcrumbList","@id":"https:\/\/www.mexicanguitarplayers.com\/tienda\/sin categor\u00eda\/pastillas-sd-jgo-sc-quarterpound-pj-bass\/#breadcrumb","itemListElement":[{"@type":"ListItem","position":1,"name":"Portada","item":"https:\/\/www.mexicanguitarplayers.com\/"},{"@type":"ListItem","position":2,"name":"Tienda","item":"https:\/\/www.mexicanguitarplayers.com\/tienda\/"},{"@type":"ListItem","position":3,"name":"PASTILLAS SD JGO SC QUARTERPOUND PJ BASS"}]},{"@type":"WebSite","@id":"https:\/\/www.mexicanguitarplayers.com\/#website","url":"https:\/\/www.mexicanguitarplayers.com\/","name":"Mexican Guitar Players","description":"Website","publisher":{"@id":"https:\/\/www.mexicanguitarplayers.com\/#organization"},"potentialAction":[{"@type":"SearchAction","target":{"@type":"EntryPoint","urlTemplate":"https:\/\/www.mexicanguitarplayers.com\/?s={search_term_string}"},"query-input":{"@type":"PropertyValueSpecification","valueRequired":true,"valueName":"search_term_string"}}],"inLanguage":"en-US"},{"@type":"Organization","@id":"https:\/\/www.mexicanguitarplayers.com\/#organization","name":"Mexican Guitar Players","url":"https:\/\/www.mexicanguitarplayers.com\/","logo":{"@type":"ImageObject","inLanguage":"en-US","@id":"https:\/\/www.mexicanguitarplayers.com\/#\/schema\/logo\/image\/","url":"","contentUrl":"","caption":"Mexican Guitar Players"},"image":{"@id":"https:\/\/www.mexicanguitarplayers.com\/#\/schema\/logo\/image\/"}}]}},"brands":[{"id":502,"name":"SEYMOUR DUNCAN","slug":"seymour-duncan"}],"_links":{"self":[{"href":"https:\/\/www.mexicanguitarplayers.com\/en\/wp-json\/wp\/v2\/product\/32361","targetHints":{"allow":["GET"]}}],"collection":[{"href":"https:\/\/www.mexicanguitarplayers.com\/en\/wp-json\/wp\/v2\/product"}],"about":[{"href":"https:\/\/www.mexicanguitarplayers.com\/en\/wp-json\/wp\/v2\/types\/product"}],"replies":[{"embeddable":true,"href":"https:\/\/www.mexicanguitarplayers.com\/en\/wp-json\/wp\/v2\/comments?post=32361"}],"wp:featuredmedia":[{"embeddable":true,"href":"https:\/\/www.mexicanguitarplayers.com\/en\/wp-json\/wp\/v2\/media\/32356"}],"wp:attachment":[{"href":"https:\/\/www.mexicanguitarplayers.com\/en\/wp-json\/wp\/v2\/media?parent=32361"}],"wp:term":[{"taxonomy":"pwb-brand","embeddable":true,"href":"https:\/\/www.mexicanguitarplayers.com\/en\/wp-json\/wp\/v2\/pwb-brand?post=32361"},{"taxonomy":"product_brand","embeddable":true,"href":"https:\/\/www.mexicanguitarplayers.com\/en\/wp-json\/wp\/v2\/product_brand?post=32361"},{"taxonomy":"product_cat","embeddable":true,"href":"https:\/\/www.mexicanguitarplayers.com\/en\/wp-json\/wp\/v2\/product_cat?post=32361"},{"taxonomy":"product_tag","embeddable":true,"href":"https:\/\/www.mexicanguitarplayers.com\/en\/wp-json\/wp\/v2\/product_tag?post=32361"}],"curies":[{"name":"wp","href":"https:\/\/api.w.org\/{rel}","templated":true}]}}