{"id":32397,"date":"2025-04-08T20:56:49","date_gmt":"2025-04-09T02:56:49","guid":{"rendered":"https:\/\/www.mexicanguitarplayers.com\/tienda\/sin categor\u00eda\/bafle-turbosound-p-pa-mod-ip82\/"},"modified":"2026-05-01T07:23:30","modified_gmt":"2026-05-01T13:23:30","slug":"bafle-turbosound-p-pa-mod-ip82","status":"publish","type":"product","link":"https:\/\/www.mexicanguitarplayers.com\/en\/tienda\/audio\/bafles-y-bocinas\/bafles\/bafles-pasivos\/bafle-turbosound-p-pa-mod-ip82\/","title":{"rendered":"BAFLE TURBOSOUND P\/PA MOD. IP82"},"content":{"rendered":"<div style=\"text-align: justify\">\n<div>\n<h3>Lo \u00faltimo en sistemas de audio.<\/h3>\n<\/div>\n<div>iP82 es un sistema de altavoz pasivo de 8&#8243; pulgadas de rango completo de 600W, ideal para una amplia gama de aplicaciones de vocales y refuerzo sonoro. Proporciona un rendimiento \u00f3ptimo como un altavoz satelital FOH cuando se usa con nuestros subwoofers activos iP12B e iP15B. El iP82 tambi\u00e9n es una opci\u00f3n excepcional para aplicaciones de sidefill, stage lip, balcony y delay line y es perfecto para lugares medianos tales como lugares de culto, salas de juntas, clubes nocturnos y mucho m\u00e1s. Drivers personalizados. Nuestros altavoces est\u00e1n dise\u00f1ados espec\u00edficamente para cada aplicaci\u00f3n, es lo que nos diferencia de la competencia. Cuando compras un sistema de altavoces TURBOSOUND, puedes estar seguro que los altavoces internos han sido dise\u00f1ados para funcionar sin problemas junto con cualquier otro elemento para obtener resultados verdaderamente profesionales. El altavoz iP82 cuenta con un driver de baja frecuencia de 8&#8243; pulgadas con una bobina m\u00f3vil de masa baja para una respuesta transitoria mejorada y un driver de compresi\u00f3n de 1&#8243; pulgada de alta temperatura, montado en una gu\u00eda de onda de dispersi\u00f3n vertical de baja distorsi\u00f3n de 70\u00b0 horizontal por 70\u00b0 vertical. Todos los drivers se combinan en una red de crossover pasivo interno en un gabinete reflex-loaded, que asegura resultados verdaderamente profesionales. Construcci\u00f3n s\u00f3lida. Terminado en pintura negra semi mate altamente duradera, el gabinete est\u00e1 fabricado con madera contrachapada de abedul de 15 mm (5\/8&#8243;) e incluye una rejilla de malla de acero perforada con recubrimiento de polvo resistente y respaldo  con espuma reticulada. El iP82 cuenta tambi\u00e9n con un z\u00f3calo de 35 mm para montaje en poste sobre los woofers activos iP15B \/ iP12B o en soportes de altavoces est\u00e1ndar en la industria. Impresionante rendimiento, excelente valor. El altavoz port\u00e1til PA INPIRE iP82 se coloca muy por encima del resto del paquete y ofrece un rendimiento excepcional, incluso cuando se le lleva al l\u00edmite. Construidos de manera robusta para soportar los rigores del uso, los vers\u00e1tiles drivers del iP82 dise\u00f1ados a medida, manejan hasta 600W de potencia de entrada y son ideales para aplicaciones port\u00e1tiles a un precio inaudito en esta clase.<\/div>\n<div>\n<h4>Quick look<\/h4>\n<\/div>\n<ul style=\"margin: 0px 0px 0px 25px\">\n<li style=\"list-style-type: circle;margin: 5px\">Frequency response.<\/li>\n<li style=\"list-style-type: circle;margin: 5px\">Dispersi\u00f3n nominal.<\/li>\n<li style=\"list-style-type: circle;margin: 5px\">Manejo de potencia.<\/li>\n<li style=\"list-style-type: circle;margin: 5px\">Sensitivity.<\/li>\n<li style=\"list-style-type: circle;margin: 5px\">Maximum SPL.<\/li>\n<li style=\"list-style-type: circle;margin: 5px\">Impedance.<\/li>\n<li style=\"list-style-type: circle;margin: 5px\">Componentes.<\/li>\n<li style=\"list-style-type: circle;margin: 5px\">Connectors.<\/li>\n<li style=\"list-style-type: circle;margin: 5px\">Cableado.<\/li>\n<li style=\"list-style-type: circle;margin: 5px\">Construcci\u00f3n.<\/li>\n<li style=\"list-style-type: circle;margin: 5px\">Terminado.<\/li>\n<li style=\"list-style-type: circle;margin: 5px\">Rejilla.<\/li>\n<li style=\"list-style-type: circle;margin: 5px\">Dimensions.<\/li>\n<li style=\"list-style-type: circle;margin: 5px\">Weight.<\/li>\n<\/ul>\n<div>\n<div style=\"font-weight: bold\">Frequency response.<\/div>\n<div>\n<p> (\u00b13 dB): 70 Hz &#8211; 18 Hz. (-10 dB): 58 Hz &#8211; 20 Hz.<\/p>\n<\/div>\n<div style=\"font-weight: bold\">Dispersi\u00f3n nominal.<\/div>\n<div>\n<p>70\u00b0V x 70\u00b0H @ -6 dB.<\/p>\n<\/div>\n<div style=\"font-weight: bold\">Manejo de potencia.<\/div>\n<div>\n<p>Continuo: 150W. Pico: 600W.<\/p>\n<\/div>\n<div style=\"font-weight: bold\">Sensitivity.<\/div>\n<div>\n<p>91 dB (1W\/1m).<\/p>\n<\/div>\n<div style=\"font-weight: bold\">Maximum SPL.<\/div>\n<div>\n<p>Continuo: 113 dB. Pico: 119 dB.<\/p>\n<\/div>\n<div style=\"font-weight: bold\">Impedance.<\/div>\n<div>\n<p>4 ohms.<\/p>\n<\/div>\n<div style=\"font-weight: bold\">Componentes.<\/div>\n<div>\n<p>Un driver LF de 8\u201d pulgadas. 1 driver de compresi\u00f3n de 1\u201d pulgada.<\/p>\n<\/div>\n<div style=\"font-weight: bold\">Connectors.<\/div>\n<div>\n<p>1 Neutrik SpeakON NL4.<\/p>\n<\/div>\n<div style=\"font-weight: bold\">Cableado.<\/div>\n<div>\n<p>Pins 1+ \/ 1- entrada, pines 2+ \/ 2- N\/C.<\/p>\n<\/div>\n<div style=\"font-weight: bold\">Construcci\u00f3n.<\/div>\n<div>\n<p>Madera contrachapada de 15 mm.<\/p>\n<\/div>\n<div style=\"font-weight: bold\">Terminado.<\/div>\n<div>\n<p>Pintura negra semi mate.<\/p>\n<\/div>\n<div style=\"font-weight: bold\">Rejilla.<\/div>\n<div>\n<p>Malla de acero perforado.<\/p>\n<\/div>\n<div style=\"font-weight: bold\">Dimensions.<\/div>\n<div>\n<p>455 x 280  x 235 mm.<\/p>\n<\/div>\n<div style=\"font-weight: bold\">Weight.<\/div>\n<div>\n<p>9.3 kg.<\/p>\n<\/div>\n<\/div>\n<\/div>","protected":false},"excerpt":{"rendered":"<p>Bafle pasivo de rango completo de 8\u201d pulgadas a 2 v\u00edas para aplicaciones port\u00e1tiles y PA, potencia continua: 150W, potencia pico: 600W, altavoz sat\u00e9lite para usar con subwoofers IP, driver de baja frecuencia de 8\u201d con bobina m\u00f3vil de masa baja para mejorar la respuesta transitoria, driver de compresi\u00f3n de 1\u201d pulgada c\u00fapula de alta temperatura, gu\u00eda de onda de baja distorsi\u00f3n que proporciona una dispersi\u00f3n de 70\u00b0H x 70\u00b0V, gabinete de madera contrachapada de 15 mm (5\/8\u201d) con terminado en resistente pintura negra semi mate, rejilla de malla de acero perforada con recubrimiento en polvo, manija y polo de montaje de 35 mm, conector Neutrik SpeakON NL4 para un funcionamiento confiable y de larga duraci\u00f3n, turbo control para iPhone y iPad, transmisi\u00f3n de audio bluetooth, dimensiones: 455 x 280 x 235 mm, peso: 9.3 kg.&hellip; <a class=\"kt-excerpt-readmore more-link\" href=\"https:\/\/www.mexicanguitarplayers.com\/en\/tienda\/audio\/bafles-y-bocinas\/bafles\/bafles-pasivos\/bafle-turbosound-p-pa-mod-ip82\/\">Read more<\/a><\/p>","protected":false},"featured_media":32393,"comment_status":"open","ping_status":"closed","template":"","meta":{"kt_blocks_editor_width":""},"pwb-brand":[498],"product_brand":[],"product_cat":[213,222,223,221],"product_tag":[],"class_list":{"0":"post-32397","1":"product","2":"type-product","3":"status-publish","4":"has-post-thumbnail","6":"pwb-brand-turbosound","7":"product_cat-audio","8":"product_cat-bafles","9":"product_cat-bafles-pasivos","10":"product_cat-bafles-y-bocinas","11":"product_shipping_class-10-15-kg","13":"first","14":"instock","15":"taxable","16":"shipping-taxable","17":"purchasable","18":"product-type-simple"},"yoast_head":"<!-- This site is optimized with the Yoast SEO plugin v27.5 - https:\/\/yoast.com\/product\/yoast-seo-wordpress\/ -->\n<title>BAFLE TURBOSOUND P\/PA MOD. IP82 - Mexican Guitar Players<\/title>\n<meta name=\"description\" content=\"Bafle pasivo de rango completo de 8\u201d pulgadas a 2 v\u00edas para aplicaciones port\u00e1tiles y PA, potencia continua: 150W, potencia pico: 600W, altavoz sat\u00e9lite para usar con subwoofers IP, driver de baja frecuencia de 8\u201d con bobina m\u00f3vil de masa baja para mejorar la respuesta transitoria, driver de compresi\u00f3n de 1\u201d pulgada c\u00fapula de alta temperatura, gu\u00eda de onda de baja distorsi\u00f3n que proporciona una dispersi\u00f3n de 70\u00b0H x 70\u00b0V, gabinete de madera contrachapada de 15 mm (5\/8\u201d) con terminado en resistente pintura negra semi mate, rejilla de malla de acero perforada con recubrimiento en polvo, manija y polo de montaje de 35 mm, conector Neutrik SpeakON NL4 para un funcionamiento confiable y de larga duraci\u00f3n, turbo control para iPhone y iPad, transmisi\u00f3n de audio bluetooth, dimensiones: 455 x 280 x 235 mm, peso: 9.3 kg.\" \/>\n<meta name=\"robots\" content=\"index, follow, max-snippet:-1, max-image-preview:large, max-video-preview:-1\" \/>\n<link rel=\"canonical\" href=\"https:\/\/www.mexicanguitarplayers.com\/en\/tienda\/sin%20categor\u00eda\/bafle-turbosound-p-pa-mod-ip82\/\" \/>\n<meta property=\"og:locale\" content=\"en_US\" \/>\n<meta property=\"og:type\" content=\"article\" \/>\n<meta property=\"og:title\" content=\"BAFLE TURBOSOUND P\/PA MOD. IP82 - Mexican Guitar Players\" \/>\n<meta property=\"og:description\" content=\"Bafle pasivo de rango completo de 8\u201d pulgadas a 2 v\u00edas para aplicaciones port\u00e1tiles y PA, potencia continua: 150W, potencia pico: 600W, altavoz sat\u00e9lite para usar con subwoofers IP, driver de baja frecuencia de 8\u201d con bobina m\u00f3vil de masa baja para mejorar la respuesta transitoria, driver de compresi\u00f3n de 1\u201d pulgada c\u00fapula de alta temperatura, gu\u00eda de onda de baja distorsi\u00f3n que proporciona una dispersi\u00f3n de 70\u00b0H x 70\u00b0V, gabinete de madera contrachapada de 15 mm (5\/8\u201d) con terminado en resistente pintura negra semi mate, rejilla de malla de acero perforada con recubrimiento en polvo, manija y polo de montaje de 35 mm, conector Neutrik SpeakON NL4 para un funcionamiento confiable y de larga duraci\u00f3n, turbo control para iPhone y iPad, transmisi\u00f3n de audio bluetooth, dimensiones: 455 x 280 x 235 mm, peso: 9.3 kg.\" \/>\n<meta property=\"og:url\" content=\"https:\/\/www.mexicanguitarplayers.com\/en\/tienda\/sin categor\u00eda\/bafle-turbosound-p-pa-mod-ip82\/\" \/>\n<meta property=\"og:site_name\" content=\"Mexican Guitar Players\" \/>\n<meta property=\"article:modified_time\" content=\"2026-05-01T13:23:30+00:00\" \/>\n<meta name=\"twitter:card\" content=\"summary_large_image\" \/>\n<meta name=\"twitter:label1\" content=\"Est. reading time\" \/>\n\t<meta name=\"twitter:data1\" content=\"2 minutes\" \/>\n<script type=\"application\/ld+json\" class=\"yoast-schema-graph\">{\"@context\":\"https:\\\/\\\/schema.org\",\"@graph\":[{\"@type\":[\"WebPage\",\"ItemPage\"],\"@id\":\"https:\\\/\\\/www.mexicanguitarplayers.com\\\/tienda\\\/sin categor\u00eda\\\/bafle-turbosound-p-pa-mod-ip82\\\/\",\"url\":\"https:\\\/\\\/www.mexicanguitarplayers.com\\\/tienda\\\/sin categor\u00eda\\\/bafle-turbosound-p-pa-mod-ip82\\\/\",\"name\":\"BAFLE TURBOSOUND P\\\/PA MOD. IP82 - Mexican Guitar Players\",\"isPartOf\":{\"@id\":\"https:\\\/\\\/www.mexicanguitarplayers.com\\\/#website\"},\"primaryImageOfPage\":{\"@id\":\"https:\\\/\\\/www.mexicanguitarplayers.com\\\/tienda\\\/sin categor\u00eda\\\/bafle-turbosound-p-pa-mod-ip82\\\/#primaryimage\"},\"image\":{\"@id\":\"https:\\\/\\\/www.mexicanguitarplayers.com\\\/tienda\\\/sin categor\u00eda\\\/bafle-turbosound-p-pa-mod-ip82\\\/#primaryimage\"},\"thumbnailUrl\":\"https:\\\/\\\/www.mexicanguitarplayers.com\\\/wp-content\\\/uploads\\\/2025\\\/04\\\/IATURIP82.jpg\",\"datePublished\":\"2025-04-09T02:56:49+00:00\",\"dateModified\":\"2026-05-01T13:23:30+00:00\",\"description\":\"Bafle pasivo de rango completo de 8\u201d pulgadas a 2 v\u00edas para aplicaciones port\u00e1tiles y PA, potencia continua: 150W, potencia pico: 600W, altavoz sat\u00e9lite para usar con subwoofers IP, driver de baja frecuencia de 8\u201d con bobina m\u00f3vil de masa baja para mejorar la respuesta transitoria, driver de compresi\u00f3n de 1\u201d pulgada c\u00fapula de alta temperatura, gu\u00eda de onda de baja distorsi\u00f3n que proporciona una dispersi\u00f3n de 70\u00b0H x 70\u00b0V, gabinete de madera contrachapada de 15 mm (5\\\/8\u201d) con terminado en resistente pintura negra semi mate, rejilla de malla de acero perforada con recubrimiento en polvo, manija y polo de montaje de 35 mm, conector Neutrik SpeakON NL4 para un funcionamiento confiable y de larga duraci\u00f3n, turbo control para iPhone y iPad, transmisi\u00f3n de audio bluetooth, dimensiones: 455 x 280 x 235 mm, peso: 9.3 kg.\",\"breadcrumb\":{\"@id\":\"https:\\\/\\\/www.mexicanguitarplayers.com\\\/tienda\\\/sin categor\u00eda\\\/bafle-turbosound-p-pa-mod-ip82\\\/#breadcrumb\"},\"inLanguage\":\"en-US\",\"potentialAction\":[{\"@type\":\"ReadAction\",\"target\":[\"https:\\\/\\\/www.mexicanguitarplayers.com\\\/tienda\\\/sin categor\u00eda\\\/bafle-turbosound-p-pa-mod-ip82\\\/\"]}]},{\"@type\":\"ImageObject\",\"inLanguage\":\"en-US\",\"@id\":\"https:\\\/\\\/www.mexicanguitarplayers.com\\\/tienda\\\/sin categor\u00eda\\\/bafle-turbosound-p-pa-mod-ip82\\\/#primaryimage\",\"url\":\"https:\\\/\\\/www.mexicanguitarplayers.com\\\/wp-content\\\/uploads\\\/2025\\\/04\\\/IATURIP82.jpg\",\"contentUrl\":\"https:\\\/\\\/www.mexicanguitarplayers.com\\\/wp-content\\\/uploads\\\/2025\\\/04\\\/IATURIP82.jpg\",\"width\":1200,\"height\":1200},{\"@type\":\"BreadcrumbList\",\"@id\":\"https:\\\/\\\/www.mexicanguitarplayers.com\\\/tienda\\\/sin categor\u00eda\\\/bafle-turbosound-p-pa-mod-ip82\\\/#breadcrumb\",\"itemListElement\":[{\"@type\":\"ListItem\",\"position\":1,\"name\":\"Portada\",\"item\":\"https:\\\/\\\/www.mexicanguitarplayers.com\\\/\"},{\"@type\":\"ListItem\",\"position\":2,\"name\":\"Tienda\",\"item\":\"https:\\\/\\\/www.mexicanguitarplayers.com\\\/tienda\\\/\"},{\"@type\":\"ListItem\",\"position\":3,\"name\":\"BAFLE TURBOSOUND P\\\/PA MOD. IP82\"}]},{\"@type\":\"WebSite\",\"@id\":\"https:\\\/\\\/www.mexicanguitarplayers.com\\\/#website\",\"url\":\"https:\\\/\\\/www.mexicanguitarplayers.com\\\/\",\"name\":\"Mexican Guitar Players\",\"description\":\"Website\",\"publisher\":{\"@id\":\"https:\\\/\\\/www.mexicanguitarplayers.com\\\/#organization\"},\"potentialAction\":[{\"@type\":\"SearchAction\",\"target\":{\"@type\":\"EntryPoint\",\"urlTemplate\":\"https:\\\/\\\/www.mexicanguitarplayers.com\\\/?s={search_term_string}\"},\"query-input\":{\"@type\":\"PropertyValueSpecification\",\"valueRequired\":true,\"valueName\":\"search_term_string\"}}],\"inLanguage\":\"en-US\"},{\"@type\":\"Organization\",\"@id\":\"https:\\\/\\\/www.mexicanguitarplayers.com\\\/#organization\",\"name\":\"Mexican Guitar Players\",\"url\":\"https:\\\/\\\/www.mexicanguitarplayers.com\\\/\",\"logo\":{\"@type\":\"ImageObject\",\"inLanguage\":\"en-US\",\"@id\":\"https:\\\/\\\/www.mexicanguitarplayers.com\\\/#\\\/schema\\\/logo\\\/image\\\/\",\"url\":\"\",\"contentUrl\":\"\",\"caption\":\"Mexican Guitar Players\"},\"image\":{\"@id\":\"https:\\\/\\\/www.mexicanguitarplayers.com\\\/#\\\/schema\\\/logo\\\/image\\\/\"}}]}<\/script>\n<!-- \/ Yoast SEO plugin. -->","yoast_head_json":{"title":"BAFLE TURBOSOUND P\/PA MOD. IP82 - Mexican Guitar Players","description":"Bafle pasivo de rango completo de 8\u201d pulgadas a 2 v\u00edas para aplicaciones port\u00e1tiles y PA, potencia continua: 150W, potencia pico: 600W, altavoz sat\u00e9lite para usar con subwoofers IP, driver de baja frecuencia de 8\u201d con bobina m\u00f3vil de masa baja para mejorar la respuesta transitoria, driver de compresi\u00f3n de 1\u201d pulgada c\u00fapula de alta temperatura, gu\u00eda de onda de baja distorsi\u00f3n que proporciona una dispersi\u00f3n de 70\u00b0H x 70\u00b0V, gabinete de madera contrachapada de 15 mm (5\/8\u201d) con terminado en resistente pintura negra semi mate, rejilla de malla de acero perforada con recubrimiento en polvo, manija y polo de montaje de 35 mm, conector Neutrik SpeakON NL4 para un funcionamiento confiable y de larga duraci\u00f3n, turbo control para iPhone y iPad, transmisi\u00f3n de audio bluetooth, dimensiones: 455 x 280 x 235 mm, peso: 9.3 kg.","robots":{"index":"index","follow":"follow","max-snippet":"max-snippet:-1","max-image-preview":"max-image-preview:large","max-video-preview":"max-video-preview:-1"},"canonical":"https:\/\/www.mexicanguitarplayers.com\/en\/tienda\/sin categor\u00eda\/bafle-turbosound-p-pa-mod-ip82\/","og_locale":"en_US","og_type":"article","og_title":"BAFLE TURBOSOUND P\/PA MOD. IP82 - Mexican Guitar Players","og_description":"Bafle pasivo de rango completo de 8\u201d pulgadas a 2 v\u00edas para aplicaciones port\u00e1tiles y PA, potencia continua: 150W, potencia pico: 600W, altavoz sat\u00e9lite para usar con subwoofers IP, driver de baja frecuencia de 8\u201d con bobina m\u00f3vil de masa baja para mejorar la respuesta transitoria, driver de compresi\u00f3n de 1\u201d pulgada c\u00fapula de alta temperatura, gu\u00eda de onda de baja distorsi\u00f3n que proporciona una dispersi\u00f3n de 70\u00b0H x 70\u00b0V, gabinete de madera contrachapada de 15 mm (5\/8\u201d) con terminado en resistente pintura negra semi mate, rejilla de malla de acero perforada con recubrimiento en polvo, manija y polo de montaje de 35 mm, conector Neutrik SpeakON NL4 para un funcionamiento confiable y de larga duraci\u00f3n, turbo control para iPhone y iPad, transmisi\u00f3n de audio bluetooth, dimensiones: 455 x 280 x 235 mm, peso: 9.3 kg.","og_url":"https:\/\/www.mexicanguitarplayers.com\/en\/tienda\/sin categor\u00eda\/bafle-turbosound-p-pa-mod-ip82\/","og_site_name":"Mexican Guitar Players","article_modified_time":"2026-05-01T13:23:30+00:00","twitter_card":"summary_large_image","twitter_misc":{"Est. reading time":"2 minutes"},"schema":{"@context":"https:\/\/schema.org","@graph":[{"@type":["WebPage","ItemPage"],"@id":"https:\/\/www.mexicanguitarplayers.com\/tienda\/sin categor\u00eda\/bafle-turbosound-p-pa-mod-ip82\/","url":"https:\/\/www.mexicanguitarplayers.com\/tienda\/sin categor\u00eda\/bafle-turbosound-p-pa-mod-ip82\/","name":"BAFLE TURBOSOUND P\/PA MOD. IP82 - Mexican Guitar Players","isPartOf":{"@id":"https:\/\/www.mexicanguitarplayers.com\/#website"},"primaryImageOfPage":{"@id":"https:\/\/www.mexicanguitarplayers.com\/tienda\/sin categor\u00eda\/bafle-turbosound-p-pa-mod-ip82\/#primaryimage"},"image":{"@id":"https:\/\/www.mexicanguitarplayers.com\/tienda\/sin categor\u00eda\/bafle-turbosound-p-pa-mod-ip82\/#primaryimage"},"thumbnailUrl":"https:\/\/www.mexicanguitarplayers.com\/wp-content\/uploads\/2025\/04\/IATURIP82.jpg","datePublished":"2025-04-09T02:56:49+00:00","dateModified":"2026-05-01T13:23:30+00:00","description":"Bafle pasivo de rango completo de 8\u201d pulgadas a 2 v\u00edas para aplicaciones port\u00e1tiles y PA, potencia continua: 150W, potencia pico: 600W, altavoz sat\u00e9lite para usar con subwoofers IP, driver de baja frecuencia de 8\u201d con bobina m\u00f3vil de masa baja para mejorar la respuesta transitoria, driver de compresi\u00f3n de 1\u201d pulgada c\u00fapula de alta temperatura, gu\u00eda de onda de baja distorsi\u00f3n que proporciona una dispersi\u00f3n de 70\u00b0H x 70\u00b0V, gabinete de madera contrachapada de 15 mm (5\/8\u201d) con terminado en resistente pintura negra semi mate, rejilla de malla de acero perforada con recubrimiento en polvo, manija y polo de montaje de 35 mm, conector Neutrik SpeakON NL4 para un funcionamiento confiable y de larga duraci\u00f3n, turbo control para iPhone y iPad, transmisi\u00f3n de audio bluetooth, dimensiones: 455 x 280 x 235 mm, peso: 9.3 kg.","breadcrumb":{"@id":"https:\/\/www.mexicanguitarplayers.com\/tienda\/sin categor\u00eda\/bafle-turbosound-p-pa-mod-ip82\/#breadcrumb"},"inLanguage":"en-US","potentialAction":[{"@type":"ReadAction","target":["https:\/\/www.mexicanguitarplayers.com\/tienda\/sin categor\u00eda\/bafle-turbosound-p-pa-mod-ip82\/"]}]},{"@type":"ImageObject","inLanguage":"en-US","@id":"https:\/\/www.mexicanguitarplayers.com\/tienda\/sin categor\u00eda\/bafle-turbosound-p-pa-mod-ip82\/#primaryimage","url":"https:\/\/www.mexicanguitarplayers.com\/wp-content\/uploads\/2025\/04\/IATURIP82.jpg","contentUrl":"https:\/\/www.mexicanguitarplayers.com\/wp-content\/uploads\/2025\/04\/IATURIP82.jpg","width":1200,"height":1200},{"@type":"BreadcrumbList","@id":"https:\/\/www.mexicanguitarplayers.com\/tienda\/sin categor\u00eda\/bafle-turbosound-p-pa-mod-ip82\/#breadcrumb","itemListElement":[{"@type":"ListItem","position":1,"name":"Portada","item":"https:\/\/www.mexicanguitarplayers.com\/"},{"@type":"ListItem","position":2,"name":"Tienda","item":"https:\/\/www.mexicanguitarplayers.com\/tienda\/"},{"@type":"ListItem","position":3,"name":"BAFLE TURBOSOUND P\/PA MOD. IP82"}]},{"@type":"WebSite","@id":"https:\/\/www.mexicanguitarplayers.com\/#website","url":"https:\/\/www.mexicanguitarplayers.com\/","name":"Mexican Guitar Players","description":"Website","publisher":{"@id":"https:\/\/www.mexicanguitarplayers.com\/#organization"},"potentialAction":[{"@type":"SearchAction","target":{"@type":"EntryPoint","urlTemplate":"https:\/\/www.mexicanguitarplayers.com\/?s={search_term_string}"},"query-input":{"@type":"PropertyValueSpecification","valueRequired":true,"valueName":"search_term_string"}}],"inLanguage":"en-US"},{"@type":"Organization","@id":"https:\/\/www.mexicanguitarplayers.com\/#organization","name":"Mexican Guitar Players","url":"https:\/\/www.mexicanguitarplayers.com\/","logo":{"@type":"ImageObject","inLanguage":"en-US","@id":"https:\/\/www.mexicanguitarplayers.com\/#\/schema\/logo\/image\/","url":"","contentUrl":"","caption":"Mexican Guitar Players"},"image":{"@id":"https:\/\/www.mexicanguitarplayers.com\/#\/schema\/logo\/image\/"}}]}},"brands":[{"id":498,"name":"TURBO SOUND","slug":"turbosound"}],"_links":{"self":[{"href":"https:\/\/www.mexicanguitarplayers.com\/en\/wp-json\/wp\/v2\/product\/32397","targetHints":{"allow":["GET"]}}],"collection":[{"href":"https:\/\/www.mexicanguitarplayers.com\/en\/wp-json\/wp\/v2\/product"}],"about":[{"href":"https:\/\/www.mexicanguitarplayers.com\/en\/wp-json\/wp\/v2\/types\/product"}],"replies":[{"embeddable":true,"href":"https:\/\/www.mexicanguitarplayers.com\/en\/wp-json\/wp\/v2\/comments?post=32397"}],"wp:featuredmedia":[{"embeddable":true,"href":"https:\/\/www.mexicanguitarplayers.com\/en\/wp-json\/wp\/v2\/media\/32393"}],"wp:attachment":[{"href":"https:\/\/www.mexicanguitarplayers.com\/en\/wp-json\/wp\/v2\/media?parent=32397"}],"wp:term":[{"taxonomy":"pwb-brand","embeddable":true,"href":"https:\/\/www.mexicanguitarplayers.com\/en\/wp-json\/wp\/v2\/pwb-brand?post=32397"},{"taxonomy":"product_brand","embeddable":true,"href":"https:\/\/www.mexicanguitarplayers.com\/en\/wp-json\/wp\/v2\/product_brand?post=32397"},{"taxonomy":"product_cat","embeddable":true,"href":"https:\/\/www.mexicanguitarplayers.com\/en\/wp-json\/wp\/v2\/product_cat?post=32397"},{"taxonomy":"product_tag","embeddable":true,"href":"https:\/\/www.mexicanguitarplayers.com\/en\/wp-json\/wp\/v2\/product_tag?post=32397"}],"curies":[{"name":"wp","href":"https:\/\/api.w.org\/{rel}","templated":true}]}}