{"id":32402,"date":"2025-04-08T20:56:56","date_gmt":"2025-04-09T02:56:56","guid":{"rendered":"https:\/\/www.mexicanguitarplayers.com\/tienda\/sin categor\u00eda\/bocina-eighteen-sound-18-18w2001-8\/"},"modified":"2026-05-01T07:23:30","modified_gmt":"2026-05-01T13:23:30","slug":"bocina-eighteen-sound-18-18w2001-8","status":"publish","type":"product","link":"https:\/\/www.mexicanguitarplayers.com\/en\/tienda\/audio\/bafles-y-bocinas\/bocinas-y-componentes\/graves\/bocina-eighteen-sound-18-18w2001-8\/","title":{"rendered":"BOCINA EIGHTEEN SOUND 18  18W2001\/8"},"content":{"rendered":"<div style=\"text-align: justify\">\n<div>\n<h3>Un gran sonido.<\/h3>\n<\/div>\n<div>La 18W2001 es una actualizaci\u00f3n de la cl\u00e1sica bocina 18W2000, un subwoofer de baja frecuencia que establece un punto de referencia en transductores de 18\u201d pulgadas de alto rendimiento. Mostrando un 20% m\u00e1s de manejo de potencia y un 10% menos de peso, representa un desarrollo significativo del aclamado 18W1000. El 18W2001 se puede utilizar como un componente de bajos graves o subwoofers, ya sea en configuraci\u00f3n r\u00e9flex, paso de banda o horn loaded. Proporciona una reproducci\u00f3n de baja frecuencia limpia, lineal y sin distorsiones a niveles de potencia muy altos. Las altas capacidades de excursi\u00f3n del sistema de sonido envolvente y suspensi\u00f3n, junto con el Double Silic\u00f3n Spider (DSS), permiten que el 18W2001 logre altos niveles de desplazamiento lineal mientras mantiene un control total de la masa en movimiento. El cono curvil\u00edneo de alta calidad asegura una respuesta suave y una fuerza excepcional con la m\u00e1xima fiabilidad bajo un alto estr\u00e9s mec\u00e1nico. La bobina m\u00f3vil de alambre de cobre de 100 mm de di\u00e1metro emplea la tecnolog\u00eda de bobina intercalada Sandwich Voice (ISV), en la cual un embobinador de fibra de vidrio de alta resistencia lleva arrollamientos en las superficies externa e interna para lograr una bobina equilibrada con una distribuci\u00f3n uniforme de masa y energ\u00eda motriz. Esto da como resultado un ensamblaje de motor extremadamente lineal. La m\u00e1xima concentraci\u00f3n de flujo y factor de fuerza en el entrehierro est\u00e1 asegurada por la forma y el dise\u00f1o \u00fanicos de las placas superior y posterior, que se han investigado y dise\u00f1ado utilizando nuestro recurso FEA CAD de flujo magn\u00e9tico interno. 18W2001 utiliza la tecnolog\u00eda de ventilaci\u00f3n de bobina m\u00f3vil desarrollada para nuestra serie emblem\u00e1tica de transductores de neodimio 9000. Se ha colocado un difractor de aire de material multicelular de baja densidad especial en la placa posterior que act\u00faa como un sistema de enfriamiento, lo que aumenta la capacidad de manejo de potencia y disminuye la figura de compresi\u00f3n de potencia. Como resultado final, dieciocho ingenieros de sonido obtuvieron una reducci\u00f3n de casi 1 dB en el valor de compresi\u00f3n de la potencia total si se compara con 18LW1400 y un valor de manejo de potencia de programa incrementado de 2400 watts. 18W2001 es capaz de funcionar en condiciones clim\u00e1ticas adversas o en \u00e1reas de alta humedad. Esta caracter\u00edstica clave se ha logrado utilizando un exclusivo tratamiento de cono repelente al agua y un recubrimiento de placa magn\u00e9tica que resiste la corrosi\u00f3n ambiental.<\/div>\n<div>\n<h4>Quick look<\/h4>\n<\/div>\n<ul style=\"margin: 0px 0px 0px 25px\">\n<li style=\"list-style-type: circle;margin: 5px\">Di\u00e1metro nominal.<\/li>\n<li style=\"list-style-type: circle;margin: 5px\">Nominal impedance.<\/li>\n<li style=\"list-style-type: circle;margin: 5px\">Power.<\/li>\n<li style=\"list-style-type: circle;margin: 5px\">Sensitivity.<\/li>\n<li style=\"list-style-type: circle;margin: 5px\">Rango de frecuencia.<\/li>\n<li style=\"list-style-type: circle;margin: 5px\">Compresi\u00f3n.<\/li>\n<li style=\"list-style-type: circle;margin: 5px\">Frecuencia m\u00e1xima recomendada.<\/li>\n<li style=\"list-style-type: circle;margin: 5px\">Volumen recomendado del gabinete.<\/li>\n<li style=\"list-style-type: circle;margin: 5px\">Impedancia m\u00ednima.<\/li>\n<li style=\"list-style-type: circle;margin: 5px\">Excursi\u00f3n m\u00e1xima pico a pico.<\/li>\n<li style=\"list-style-type: circle;margin: 5px\">Di\u00e1metro de la bobina m\u00f3vil.<\/li>\n<li style=\"list-style-type: circle;margin: 5px\">Material de la bobina m\u00f3vil.<\/li>\n<li style=\"list-style-type: circle;margin: 5px\">Suspensi\u00f3n.<\/li>\n<li style=\"list-style-type: circle;margin: 5px\">Cono.<\/li>\n<li style=\"list-style-type: circle;margin: 5px\">FS (Frecuencia de resonancia).<\/li>\n<li style=\"list-style-type: circle;margin: 5px\">Resistencia DC.<\/li>\n<li style=\"list-style-type: circle;margin: 5px\">SD (Superficie efectiva).<\/li>\n<li style=\"list-style-type: circle;margin: 5px\">QMS (Factor de calidad mec\u00e1nica).<\/li>\n<li style=\"list-style-type: circle;margin: 5px\">QES (Factor de calidad el\u00e9ctrica).<\/li>\n<li style=\"list-style-type: circle;margin: 5px\">QTS (Factor de calidad total).<\/li>\n<li style=\"list-style-type: circle;margin: 5px\">VAS (Volumen de aire equivalente a CMS).<\/li>\n<li style=\"list-style-type: circle;margin: 5px\">MMS (Masa total del cono).<\/li>\n<li style=\"list-style-type: circle;margin: 5px\">Factor BL <\/li>\n<li style=\"list-style-type: circle;margin: 5px\">XMAX (Desplazamiento m\u00e1ximo).<\/li>\n<li style=\"list-style-type: circle;margin: 5px\">Inductancia de la bobina m\u00f3vil (Le @ 1kHz).<\/li>\n<li style=\"list-style-type: circle;margin: 5px\">Referencia de eficiencia 1W\/1m (espacio medio).<\/li>\n<li style=\"list-style-type: circle;margin: 5px\">Di\u00e1metro total.<\/li>\n<li style=\"list-style-type: circle;margin: 5px\">Numero de agujeros de montaje y tornillo.<\/li>\n<li style=\"list-style-type: circle;margin: 5px\">Di\u00e1metro de los agujeros de montaje.<\/li>\n<li style=\"list-style-type: circle;margin: 5px\">Di\u00e1metro del c\u00edrculo del perno.<\/li>\n<li style=\"list-style-type: circle;margin: 5px\">Corte de montaje frontal del bafle.<\/li>\n<li style=\"list-style-type: circle;margin: 5px\">Corte de montaje posterior del bafle.<\/li>\n<li style=\"list-style-type: circle;margin: 5px\">Profundidad total.<\/li>\n<li style=\"list-style-type: circle;margin: 5px\">Espesor de  brida y junta.<\/li>\n<li style=\"list-style-type: circle;margin: 5px\">Weight.<\/li>\n<\/ul>\n<div>\n<div style=\"font-weight: bold\">Di\u00e1metro nominal.<\/div>\n<div>\n<p>18\u201d pulgadas (460 mm).<\/p>\n<\/div>\n<div style=\"font-weight: bold\">Nominal impedance.<\/div>\n<div>\n<p>8 ohms.<\/p>\n<\/div>\n<div style=\"font-weight: bold\">Power.<\/div>\n<div>\n<p>AES: 1,200W. Programa: 2,400 W. Pico: 7,000 W.<\/p>\n<\/div>\n<div style=\"font-weight: bold\">Sensitivity.<\/div>\n<div>\n<p>99 dB.<\/p>\n<\/div>\n<div style=\"font-weight: bold\">Rango de frecuencia.<\/div>\n<div>\n<p>37 &#8211; 3,000 Hz.<\/p>\n<\/div>\n<div style=\"font-weight: bold\">Compresi\u00f3n.<\/div>\n<div>\n<p>A -10 dB: 0.5 dB. A -3 dB: 1.5 dB. A potencia total: 2.2 dB.<\/p>\n<\/div>\n<div style=\"font-weight: bold\">Frecuencia m\u00e1xima recomendada.<\/div>\n<div>\n<p>500 Hz.<\/p>\n<\/div>\n<div style=\"font-weight: bold\">Volumen recomendado del gabinete.<\/div>\n<div>\n<p>120 &#8211; 300 lt.<\/p>\n<\/div>\n<div style=\"font-weight: bold\">Impedancia m\u00ednima.<\/div>\n<div>\n<p>7.3 ohms a 25\u00b0C.<\/p>\n<\/div>\n<div style=\"font-weight: bold\">Excursi\u00f3n m\u00e1xima pico a pico.<\/div>\n<div>\n<p>1.42\u201d pulgadas (36 mm).<\/p>\n<\/div>\n<div style=\"font-weight: bold\">Di\u00e1metro de la bobina m\u00f3vil.<\/div>\n<div>\n<p>4\u201d pulgadas (100 mm).<\/p>\n<\/div>\n<div style=\"font-weight: bold\">Material de la bobina m\u00f3vil.<\/div>\n<div>\n<p>Cobre.<\/p>\n<\/div>\n<div style=\"font-weight: bold\">Suspensi\u00f3n.<\/div>\n<div>\n<p>Rollo-M, poli algod\u00f3n.<\/p>\n<\/div>\n<div style=\"font-weight: bold\">Cono.<\/div>\n<div>\n<p>Curvil\u00edneo, papel.<\/p>\n<\/div>\n<div style=\"font-weight: bold\">FS (Frecuencia de resonancia).<\/div>\n<div>\n<p>37 Hz.<\/p>\n<\/div>\n<div style=\"font-weight: bold\">Resistencia DC.<\/div>\n<div>\n<p>5.8 ohms.<\/p>\n<\/div>\n<div style=\"font-weight: bold\">SD (Superficie efectiva).<\/div>\n<div>\n<p>0.1134 sq.mt.<\/p>\n<\/div>\n<div style=\"font-weight: bold\">QMS (Factor de calidad mec\u00e1nica).<\/div>\n<div>\n<p>7.29.<\/p>\n<\/div>\n<div style=\"font-weight: bold\">QES (Factor de calidad el\u00e9ctrica).<\/div>\n<div>\n<p>0.26.<\/p>\n<\/div>\n<div style=\"font-weight: bold\">QTS (Factor de calidad total).<\/div>\n<div>\n<p>0.25.<\/p>\n<\/div>\n<div style=\"font-weight: bold\">VAS (Volumen de aire equivalente a CMS).<\/div>\n<div>\n<p>230 lt.<\/p>\n<\/div>\n<div style=\"font-weight: bold\">MMS (Masa total del cono).<\/div>\n<div>\n<p>143 gr.<\/p>\n<\/div>\n<div style=\"font-weight: bold\">Factor BL <\/div>\n<div>\n<p>27.1 Tm.<\/p>\n<\/div>\n<div style=\"font-weight: bold\">XMAX (Desplazamiento m\u00e1ximo).<\/div>\n<div>\n<p>\u00b1 7 mm (\u00b10.28\u201d pulgadas).<\/p>\n<\/div>\n<div style=\"font-weight: bold\">Inductancia de la bobina m\u00f3vil (Le @ 1kHz).<\/div>\n<div>\n<p>1.90 mH.<\/p>\n<\/div>\n<div style=\"font-weight: bold\">Referencia de eficiencia 1W\/1m (espacio medio).<\/div>\n<div>\n<p>98.6 dB.<\/p>\n<\/div>\n<div style=\"font-weight: bold\">Di\u00e1metro total.<\/div>\n<div>\n<p>18.18\u201d pulgadas (462 mm).<\/p>\n<\/div>\n<div style=\"font-weight: bold\">Numero de agujeros de montaje y tornillo.<\/div>\n<div>\n<p>8.<\/p>\n<\/div>\n<div style=\"font-weight: bold\">Di\u00e1metro de los agujeros de montaje.<\/div>\n<div>\n<p>0.33\u201d pulgadas (8.5 mm).<\/p>\n<\/div>\n<div style=\"font-weight: bold\">Di\u00e1metro del c\u00edrculo del perno.<\/div>\n<div>\n<p>17.24\u201d &#8211; 17.32\u201d pulgadas (438 &#8211; 440 mm).<\/p>\n<\/div>\n<div style=\"font-weight: bold\">Corte de montaje frontal del bafle.<\/div>\n<div>\n<p>\u00d8 16.38\u201d pulgadas (416 mm).<\/p>\n<\/div>\n<div style=\"font-weight: bold\">Corte de montaje posterior del bafle.<\/div>\n<div>\n<p>\u00d8 16.22\u201d pulgadas (412 mm).<\/p>\n<\/div>\n<div style=\"font-weight: bold\">Profundidad total.<\/div>\n<div>\n<p>8.1\u201d pulgadas (205.9 mm).<\/p>\n<\/div>\n<div style=\"font-weight: bold\">Espesor de  brida y junta.<\/div>\n<div>\n<p>0.75\u201d pulgadas (19 mm).<\/p>\n<\/div>\n<div style=\"font-weight: bold\">Weight.<\/div>\n<div>\n<p>11.5 kg.<\/p>\n<\/div>\n<\/div>\n<\/div>","protected":false},"excerpt":{"rendered":"<p>Bocina de 18\u201d pulgadas, im\u00e1n de ferrita, doble Silic\u00f3n Spider (DSS) para mejorar el control de la excursi\u00f3n y la linealidad, disipaci\u00f3n mejorada del calor a trav\u00e9s del dise\u00f1o \u00fanico de la canasta y difractor de aire de varias celdas, conos y platos protegidos contra la intemperie para uso en exteriores, ideal para dise\u00f1os de subwoofer de alto SPL, impedancia: 8 ohms, potencia AES: 1,200 W, programa: 2,400 W, pico: 7,000W, sensibilidad: 99 dB, rango de frecuencia: 37 &#8211; 3,000 Hz, bobina m\u00f3vil de cobre de4\u201d pulgadas (100 mm), peso: 11.5 kg.&hellip; <a class=\"kt-excerpt-readmore more-link\" href=\"https:\/\/www.mexicanguitarplayers.com\/en\/tienda\/audio\/bafles-y-bocinas\/bocinas-y-componentes\/graves\/bocina-eighteen-sound-18-18w2001-8\/\">Read more<\/a><\/p>","protected":false},"featured_media":32398,"comment_status":"open","ping_status":"closed","template":"","meta":{"kt_blocks_editor_width":""},"pwb-brand":[533],"product_brand":[],"product_cat":[213,221,474,529],"product_tag":[],"class_list":{"0":"post-32402","1":"product","2":"type-product","3":"status-publish","4":"has-post-thumbnail","6":"pwb-brand-eighteen-sound","7":"product_cat-audio","8":"product_cat-bafles-y-bocinas","9":"product_cat-bocinas-y-componentes","10":"product_cat-graves","11":"product_shipping_class-10-15-kg","13":"first","14":"instock","15":"taxable","16":"shipping-taxable","17":"purchasable","18":"product-type-simple"},"yoast_head":"<!-- This site is optimized with the Yoast SEO plugin v27.5 - https:\/\/yoast.com\/product\/yoast-seo-wordpress\/ -->\n<title>BOCINA EIGHTEEN SOUND 18 18W2001\/8 - Mexican Guitar Players<\/title>\n<meta name=\"description\" content=\"Bocina de 18\u201d pulgadas, im\u00e1n de ferrita, doble Silic\u00f3n Spider (DSS) para mejorar el control de la excursi\u00f3n y la linealidad, disipaci\u00f3n mejorada del calor a trav\u00e9s del dise\u00f1o \u00fanico de la canasta y difractor de aire de varias celdas, conos y platos protegidos contra la intemperie para uso en exteriores, ideal para dise\u00f1os de subwoofer de alto SPL, impedancia: 8 ohms, potencia AES: 1,200 W, programa: 2,400 W, pico: 7,000W, sensibilidad: 99 dB, rango de frecuencia: 37 - 3,000 Hz, bobina m\u00f3vil de cobre de4\u201d pulgadas (100 mm), peso: 11.5 kg.\" \/>\n<meta name=\"robots\" content=\"index, follow, max-snippet:-1, max-image-preview:large, max-video-preview:-1\" \/>\n<link rel=\"canonical\" href=\"https:\/\/www.mexicanguitarplayers.com\/en\/tienda\/sin%20categor\u00eda\/bocina-eighteen-sound-18-18w2001-8\/\" \/>\n<meta property=\"og:locale\" content=\"en_US\" \/>\n<meta property=\"og:type\" content=\"article\" \/>\n<meta property=\"og:title\" content=\"BOCINA EIGHTEEN SOUND 18 18W2001\/8 - Mexican Guitar Players\" \/>\n<meta property=\"og:description\" content=\"Bocina de 18\u201d pulgadas, im\u00e1n de ferrita, doble Silic\u00f3n Spider (DSS) para mejorar el control de la excursi\u00f3n y la linealidad, disipaci\u00f3n mejorada del calor a trav\u00e9s del dise\u00f1o \u00fanico de la canasta y difractor de aire de varias celdas, conos y platos protegidos contra la intemperie para uso en exteriores, ideal para dise\u00f1os de subwoofer de alto SPL, impedancia: 8 ohms, potencia AES: 1,200 W, programa: 2,400 W, pico: 7,000W, sensibilidad: 99 dB, rango de frecuencia: 37 - 3,000 Hz, bobina m\u00f3vil de cobre de4\u201d pulgadas (100 mm), peso: 11.5 kg.\" \/>\n<meta property=\"og:url\" content=\"https:\/\/www.mexicanguitarplayers.com\/en\/tienda\/sin categor\u00eda\/bocina-eighteen-sound-18-18w2001-8\/\" \/>\n<meta property=\"og:site_name\" content=\"Mexican Guitar Players\" \/>\n<meta property=\"article:modified_time\" content=\"2026-05-01T13:23:30+00:00\" \/>\n<meta name=\"twitter:card\" content=\"summary_large_image\" \/>\n<meta name=\"twitter:label1\" content=\"Est. reading time\" \/>\n\t<meta name=\"twitter:data1\" content=\"4 minutes\" \/>\n<script type=\"application\/ld+json\" class=\"yoast-schema-graph\">{\"@context\":\"https:\\\/\\\/schema.org\",\"@graph\":[{\"@type\":[\"WebPage\",\"ItemPage\"],\"@id\":\"https:\\\/\\\/www.mexicanguitarplayers.com\\\/tienda\\\/sin categor\u00eda\\\/bocina-eighteen-sound-18-18w2001-8\\\/\",\"url\":\"https:\\\/\\\/www.mexicanguitarplayers.com\\\/tienda\\\/sin categor\u00eda\\\/bocina-eighteen-sound-18-18w2001-8\\\/\",\"name\":\"BOCINA EIGHTEEN SOUND 18 18W2001\\\/8 - Mexican Guitar Players\",\"isPartOf\":{\"@id\":\"https:\\\/\\\/www.mexicanguitarplayers.com\\\/#website\"},\"primaryImageOfPage\":{\"@id\":\"https:\\\/\\\/www.mexicanguitarplayers.com\\\/tienda\\\/sin categor\u00eda\\\/bocina-eighteen-sound-18-18w2001-8\\\/#primaryimage\"},\"image\":{\"@id\":\"https:\\\/\\\/www.mexicanguitarplayers.com\\\/tienda\\\/sin categor\u00eda\\\/bocina-eighteen-sound-18-18w2001-8\\\/#primaryimage\"},\"thumbnailUrl\":\"https:\\\/\\\/www.mexicanguitarplayers.com\\\/wp-content\\\/uploads\\\/2025\\\/04\\\/IAEIG18W20018.jpg\",\"datePublished\":\"2025-04-09T02:56:56+00:00\",\"dateModified\":\"2026-05-01T13:23:30+00:00\",\"description\":\"Bocina de 18\u201d pulgadas, im\u00e1n de ferrita, doble Silic\u00f3n Spider (DSS) para mejorar el control de la excursi\u00f3n y la linealidad, disipaci\u00f3n mejorada del calor a trav\u00e9s del dise\u00f1o \u00fanico de la canasta y difractor de aire de varias celdas, conos y platos protegidos contra la intemperie para uso en exteriores, ideal para dise\u00f1os de subwoofer de alto SPL, impedancia: 8 ohms, potencia AES: 1,200 W, programa: 2,400 W, pico: 7,000W, sensibilidad: 99 dB, rango de frecuencia: 37 - 3,000 Hz, bobina m\u00f3vil de cobre de4\u201d pulgadas (100 mm), peso: 11.5 kg.\",\"breadcrumb\":{\"@id\":\"https:\\\/\\\/www.mexicanguitarplayers.com\\\/tienda\\\/sin categor\u00eda\\\/bocina-eighteen-sound-18-18w2001-8\\\/#breadcrumb\"},\"inLanguage\":\"en-US\",\"potentialAction\":[{\"@type\":\"ReadAction\",\"target\":[\"https:\\\/\\\/www.mexicanguitarplayers.com\\\/tienda\\\/sin categor\u00eda\\\/bocina-eighteen-sound-18-18w2001-8\\\/\"]}]},{\"@type\":\"ImageObject\",\"inLanguage\":\"en-US\",\"@id\":\"https:\\\/\\\/www.mexicanguitarplayers.com\\\/tienda\\\/sin categor\u00eda\\\/bocina-eighteen-sound-18-18w2001-8\\\/#primaryimage\",\"url\":\"https:\\\/\\\/www.mexicanguitarplayers.com\\\/wp-content\\\/uploads\\\/2025\\\/04\\\/IAEIG18W20018.jpg\",\"contentUrl\":\"https:\\\/\\\/www.mexicanguitarplayers.com\\\/wp-content\\\/uploads\\\/2025\\\/04\\\/IAEIG18W20018.jpg\",\"width\":1200,\"height\":1200},{\"@type\":\"BreadcrumbList\",\"@id\":\"https:\\\/\\\/www.mexicanguitarplayers.com\\\/tienda\\\/sin categor\u00eda\\\/bocina-eighteen-sound-18-18w2001-8\\\/#breadcrumb\",\"itemListElement\":[{\"@type\":\"ListItem\",\"position\":1,\"name\":\"Portada\",\"item\":\"https:\\\/\\\/www.mexicanguitarplayers.com\\\/\"},{\"@type\":\"ListItem\",\"position\":2,\"name\":\"Tienda\",\"item\":\"https:\\\/\\\/www.mexicanguitarplayers.com\\\/tienda\\\/\"},{\"@type\":\"ListItem\",\"position\":3,\"name\":\"BOCINA EIGHTEEN SOUND 18 18W2001\\\/8\"}]},{\"@type\":\"WebSite\",\"@id\":\"https:\\\/\\\/www.mexicanguitarplayers.com\\\/#website\",\"url\":\"https:\\\/\\\/www.mexicanguitarplayers.com\\\/\",\"name\":\"Mexican Guitar Players\",\"description\":\"Website\",\"publisher\":{\"@id\":\"https:\\\/\\\/www.mexicanguitarplayers.com\\\/#organization\"},\"potentialAction\":[{\"@type\":\"SearchAction\",\"target\":{\"@type\":\"EntryPoint\",\"urlTemplate\":\"https:\\\/\\\/www.mexicanguitarplayers.com\\\/?s={search_term_string}\"},\"query-input\":{\"@type\":\"PropertyValueSpecification\",\"valueRequired\":true,\"valueName\":\"search_term_string\"}}],\"inLanguage\":\"en-US\"},{\"@type\":\"Organization\",\"@id\":\"https:\\\/\\\/www.mexicanguitarplayers.com\\\/#organization\",\"name\":\"Mexican Guitar Players\",\"url\":\"https:\\\/\\\/www.mexicanguitarplayers.com\\\/\",\"logo\":{\"@type\":\"ImageObject\",\"inLanguage\":\"en-US\",\"@id\":\"https:\\\/\\\/www.mexicanguitarplayers.com\\\/#\\\/schema\\\/logo\\\/image\\\/\",\"url\":\"\",\"contentUrl\":\"\",\"caption\":\"Mexican Guitar Players\"},\"image\":{\"@id\":\"https:\\\/\\\/www.mexicanguitarplayers.com\\\/#\\\/schema\\\/logo\\\/image\\\/\"}}]}<\/script>\n<!-- \/ Yoast SEO plugin. -->","yoast_head_json":{"title":"BOCINA EIGHTEEN SOUND 18 18W2001\/8 - Mexican Guitar Players","description":"Bocina de 18\u201d pulgadas, im\u00e1n de ferrita, doble Silic\u00f3n Spider (DSS) para mejorar el control de la excursi\u00f3n y la linealidad, disipaci\u00f3n mejorada del calor a trav\u00e9s del dise\u00f1o \u00fanico de la canasta y difractor de aire de varias celdas, conos y platos protegidos contra la intemperie para uso en exteriores, ideal para dise\u00f1os de subwoofer de alto SPL, impedancia: 8 ohms, potencia AES: 1,200 W, programa: 2,400 W, pico: 7,000W, sensibilidad: 99 dB, rango de frecuencia: 37 - 3,000 Hz, bobina m\u00f3vil de cobre de4\u201d pulgadas (100 mm), peso: 11.5 kg.","robots":{"index":"index","follow":"follow","max-snippet":"max-snippet:-1","max-image-preview":"max-image-preview:large","max-video-preview":"max-video-preview:-1"},"canonical":"https:\/\/www.mexicanguitarplayers.com\/en\/tienda\/sin categor\u00eda\/bocina-eighteen-sound-18-18w2001-8\/","og_locale":"en_US","og_type":"article","og_title":"BOCINA EIGHTEEN SOUND 18 18W2001\/8 - Mexican Guitar Players","og_description":"Bocina de 18\u201d pulgadas, im\u00e1n de ferrita, doble Silic\u00f3n Spider (DSS) para mejorar el control de la excursi\u00f3n y la linealidad, disipaci\u00f3n mejorada del calor a trav\u00e9s del dise\u00f1o \u00fanico de la canasta y difractor de aire de varias celdas, conos y platos protegidos contra la intemperie para uso en exteriores, ideal para dise\u00f1os de subwoofer de alto SPL, impedancia: 8 ohms, potencia AES: 1,200 W, programa: 2,400 W, pico: 7,000W, sensibilidad: 99 dB, rango de frecuencia: 37 - 3,000 Hz, bobina m\u00f3vil de cobre de4\u201d pulgadas (100 mm), peso: 11.5 kg.","og_url":"https:\/\/www.mexicanguitarplayers.com\/en\/tienda\/sin categor\u00eda\/bocina-eighteen-sound-18-18w2001-8\/","og_site_name":"Mexican Guitar Players","article_modified_time":"2026-05-01T13:23:30+00:00","twitter_card":"summary_large_image","twitter_misc":{"Est. reading time":"4 minutes"},"schema":{"@context":"https:\/\/schema.org","@graph":[{"@type":["WebPage","ItemPage"],"@id":"https:\/\/www.mexicanguitarplayers.com\/tienda\/sin categor\u00eda\/bocina-eighteen-sound-18-18w2001-8\/","url":"https:\/\/www.mexicanguitarplayers.com\/tienda\/sin categor\u00eda\/bocina-eighteen-sound-18-18w2001-8\/","name":"BOCINA EIGHTEEN SOUND 18 18W2001\/8 - Mexican Guitar Players","isPartOf":{"@id":"https:\/\/www.mexicanguitarplayers.com\/#website"},"primaryImageOfPage":{"@id":"https:\/\/www.mexicanguitarplayers.com\/tienda\/sin categor\u00eda\/bocina-eighteen-sound-18-18w2001-8\/#primaryimage"},"image":{"@id":"https:\/\/www.mexicanguitarplayers.com\/tienda\/sin categor\u00eda\/bocina-eighteen-sound-18-18w2001-8\/#primaryimage"},"thumbnailUrl":"https:\/\/www.mexicanguitarplayers.com\/wp-content\/uploads\/2025\/04\/IAEIG18W20018.jpg","datePublished":"2025-04-09T02:56:56+00:00","dateModified":"2026-05-01T13:23:30+00:00","description":"Bocina de 18\u201d pulgadas, im\u00e1n de ferrita, doble Silic\u00f3n Spider (DSS) para mejorar el control de la excursi\u00f3n y la linealidad, disipaci\u00f3n mejorada del calor a trav\u00e9s del dise\u00f1o \u00fanico de la canasta y difractor de aire de varias celdas, conos y platos protegidos contra la intemperie para uso en exteriores, ideal para dise\u00f1os de subwoofer de alto SPL, impedancia: 8 ohms, potencia AES: 1,200 W, programa: 2,400 W, pico: 7,000W, sensibilidad: 99 dB, rango de frecuencia: 37 - 3,000 Hz, bobina m\u00f3vil de cobre de4\u201d pulgadas (100 mm), peso: 11.5 kg.","breadcrumb":{"@id":"https:\/\/www.mexicanguitarplayers.com\/tienda\/sin categor\u00eda\/bocina-eighteen-sound-18-18w2001-8\/#breadcrumb"},"inLanguage":"en-US","potentialAction":[{"@type":"ReadAction","target":["https:\/\/www.mexicanguitarplayers.com\/tienda\/sin categor\u00eda\/bocina-eighteen-sound-18-18w2001-8\/"]}]},{"@type":"ImageObject","inLanguage":"en-US","@id":"https:\/\/www.mexicanguitarplayers.com\/tienda\/sin categor\u00eda\/bocina-eighteen-sound-18-18w2001-8\/#primaryimage","url":"https:\/\/www.mexicanguitarplayers.com\/wp-content\/uploads\/2025\/04\/IAEIG18W20018.jpg","contentUrl":"https:\/\/www.mexicanguitarplayers.com\/wp-content\/uploads\/2025\/04\/IAEIG18W20018.jpg","width":1200,"height":1200},{"@type":"BreadcrumbList","@id":"https:\/\/www.mexicanguitarplayers.com\/tienda\/sin categor\u00eda\/bocina-eighteen-sound-18-18w2001-8\/#breadcrumb","itemListElement":[{"@type":"ListItem","position":1,"name":"Portada","item":"https:\/\/www.mexicanguitarplayers.com\/"},{"@type":"ListItem","position":2,"name":"Tienda","item":"https:\/\/www.mexicanguitarplayers.com\/tienda\/"},{"@type":"ListItem","position":3,"name":"BOCINA EIGHTEEN SOUND 18 18W2001\/8"}]},{"@type":"WebSite","@id":"https:\/\/www.mexicanguitarplayers.com\/#website","url":"https:\/\/www.mexicanguitarplayers.com\/","name":"Mexican Guitar Players","description":"Website","publisher":{"@id":"https:\/\/www.mexicanguitarplayers.com\/#organization"},"potentialAction":[{"@type":"SearchAction","target":{"@type":"EntryPoint","urlTemplate":"https:\/\/www.mexicanguitarplayers.com\/?s={search_term_string}"},"query-input":{"@type":"PropertyValueSpecification","valueRequired":true,"valueName":"search_term_string"}}],"inLanguage":"en-US"},{"@type":"Organization","@id":"https:\/\/www.mexicanguitarplayers.com\/#organization","name":"Mexican Guitar Players","url":"https:\/\/www.mexicanguitarplayers.com\/","logo":{"@type":"ImageObject","inLanguage":"en-US","@id":"https:\/\/www.mexicanguitarplayers.com\/#\/schema\/logo\/image\/","url":"","contentUrl":"","caption":"Mexican Guitar Players"},"image":{"@id":"https:\/\/www.mexicanguitarplayers.com\/#\/schema\/logo\/image\/"}}]}},"brands":[{"id":533,"name":"EIGHTEEN SOUND","slug":"eighteen-sound"}],"_links":{"self":[{"href":"https:\/\/www.mexicanguitarplayers.com\/en\/wp-json\/wp\/v2\/product\/32402","targetHints":{"allow":["GET"]}}],"collection":[{"href":"https:\/\/www.mexicanguitarplayers.com\/en\/wp-json\/wp\/v2\/product"}],"about":[{"href":"https:\/\/www.mexicanguitarplayers.com\/en\/wp-json\/wp\/v2\/types\/product"}],"replies":[{"embeddable":true,"href":"https:\/\/www.mexicanguitarplayers.com\/en\/wp-json\/wp\/v2\/comments?post=32402"}],"wp:featuredmedia":[{"embeddable":true,"href":"https:\/\/www.mexicanguitarplayers.com\/en\/wp-json\/wp\/v2\/media\/32398"}],"wp:attachment":[{"href":"https:\/\/www.mexicanguitarplayers.com\/en\/wp-json\/wp\/v2\/media?parent=32402"}],"wp:term":[{"taxonomy":"pwb-brand","embeddable":true,"href":"https:\/\/www.mexicanguitarplayers.com\/en\/wp-json\/wp\/v2\/pwb-brand?post=32402"},{"taxonomy":"product_brand","embeddable":true,"href":"https:\/\/www.mexicanguitarplayers.com\/en\/wp-json\/wp\/v2\/product_brand?post=32402"},{"taxonomy":"product_cat","embeddable":true,"href":"https:\/\/www.mexicanguitarplayers.com\/en\/wp-json\/wp\/v2\/product_cat?post=32402"},{"taxonomy":"product_tag","embeddable":true,"href":"https:\/\/www.mexicanguitarplayers.com\/en\/wp-json\/wp\/v2\/product_tag?post=32402"}],"curies":[{"name":"wp","href":"https:\/\/api.w.org\/{rel}","templated":true}]}}