{"id":32406,"date":"2025-04-08T20:57:01","date_gmt":"2025-04-09T02:57:01","guid":{"rendered":"https:\/\/www.mexicanguitarplayers.com\/tienda\/sin categor\u00eda\/encordadura-daddario-mod-ej27n-3-pack\/"},"modified":"2026-04-10T04:33:31","modified_gmt":"2026-04-10T10:33:31","slug":"encordadura-daddario-mod-ej27n-3-pack","status":"publish","type":"product","link":"https:\/\/www.mexicanguitarplayers.com\/en\/tienda\/accesorios\/para-guitarras\/cuerdas-y-encordaduras\/cuerda-para-guitarra-acustica\/encordadura-daddario-mod-ej27n-3-pack\/","title":{"rendered":"ENCORDADURA DADDARIO MOD. EJ27N 3-PACK"},"content":{"rendered":"<div style=\"text-align: justify\">\n<div>\n<h3>Cuerdas cl\u00e1sicas de nailon para estudiantes EJ27N<\/h3>\n<\/div>\n<div>Las cuerdas D&#8217;Addario Classic Nylon Student est\u00e1n dise\u00f1adas espec\u00edficamente para guitarristas cl\u00e1sicos principiantes. La combinaci\u00f3n tradicional de cobre plateado enrollado sobre nailon y agudos de nailon transparente aporta un equilibrio encantadoramente suave que toca la fibra sensible de los estudiantes. Los juegos de nailon cl\u00e1sicos tambi\u00e9n est\u00e1n disponibles en tama\u00f1os m\u00e1s peque\u00f1os para adaptarse a los instrumentos del alumno. Las cuerdas de tensi\u00f3n normal son nuestras cuerdas de tensi\u00f3n m\u00e1s vendidas, preferidas por su equilibrio de tono rico, sensaci\u00f3n c\u00f3moda y proyecci\u00f3n din\u00e1mica.<\/div>\n<div>\n<h4>Characteristics<\/h4>\n<\/div>\n<div>\n<ul style=\"margin: 0px 0px 0px 25px\">\n<li style=\"list-style-type: circle;margin: 5px\">Tension<\/li>\n<li style=\"list-style-type: circle;margin: 5px\">Tama\u00f1o<\/li>\n<li style=\"list-style-type: circle;margin: 5px\">Tipo de extremo<\/li>\n<li style=\"list-style-type: circle;margin: 5px\">Recubrimiento<\/li>\n<li style=\"list-style-type: circle;margin: 5px\">N\u00famero de cuerdas<\/li>\n<li style=\"list-style-type: circle;margin: 5px\">Tipo de conjunto<\/li>\n<li style=\"list-style-type: circle;margin: 5px\">Material del monofilamento<\/li>\n<li style=\"list-style-type: circle;margin: 5px\">Material de la envoltura<\/li>\n<\/ul>\n<\/div>\n<\/div>","protected":false},"excerpt":{"rendered":"<p>Paquete de 3 cuerdas cl\u00e1sicas para estudiantes  D&#8217;Addario Classic Nylon, dise\u00f1adas espec\u00edficamente para guitarristas cl\u00e1sicos principiantes. Combinaci\u00f3n de cobre plateado enrollado sobre nailon y agudos de nailon transparente. Las cuerdas de tensi\u00f3n normal son nuestras cuerdas de tensi\u00f3n m\u00e1s vendidas, preferidas por su equilibrio de tono rico, sensaci\u00f3n c\u00f3moda y proyecci\u00f3n din\u00e1mica.&hellip; <a class=\"kt-excerpt-readmore more-link\" href=\"https:\/\/www.mexicanguitarplayers.com\/en\/tienda\/accesorios\/para-guitarras\/cuerdas-y-encordaduras\/cuerda-para-guitarra-acustica\/encordadura-daddario-mod-ej27n-3-pack\/\">Read more<\/a><\/p>","protected":false},"featured_media":32403,"comment_status":"open","ping_status":"closed","template":"","meta":{"kt_blocks_editor_width":""},"pwb-brand":[347],"product_brand":[],"product_cat":[85,343,337,336],"product_tag":[],"class_list":{"0":"post-32406","1":"product","2":"type-product","3":"status-publish","4":"has-post-thumbnail","6":"pwb-brand-d-addario","7":"product_cat-accesorios","8":"product_cat-cuerda-para-guitarra-acustica","9":"product_cat-cuerdas-y-encordaduras","10":"product_cat-para-guitarras","11":"product_shipping_class-0-5-kg-cuerdas","13":"first","14":"outofstock","15":"taxable","16":"shipping-taxable","17":"purchasable","18":"product-type-simple"},"yoast_head":"<!-- This site is optimized with the Yoast SEO plugin v27.6 - https:\/\/yoast.com\/product\/yoast-seo-wordpress\/ -->\n<title>ENCORDADURA DADDARIO MOD. EJ27N 3-PACK - Mexican Guitar Players<\/title>\n<meta name=\"description\" content=\"Paquete de 3 cuerdas cl\u00e1sicas para estudiantes D&#039;Addario Classic Nylon, dise\u00f1adas espec\u00edficamente para guitarristas cl\u00e1sicos principiantes. Combinaci\u00f3n de cobre plateado enrollado sobre nailon y agudos de nailon transparente. Las cuerdas de tensi\u00f3n normal son nuestras cuerdas de tensi\u00f3n m\u00e1s vendidas, preferidas por su equilibrio de tono rico, sensaci\u00f3n c\u00f3moda y proyecci\u00f3n din\u00e1mica.\" \/>\n<meta name=\"robots\" content=\"index, follow, max-snippet:-1, max-image-preview:large, max-video-preview:-1\" \/>\n<link rel=\"canonical\" href=\"https:\/\/www.mexicanguitarplayers.com\/en\/tienda\/sin%20categor\u00eda\/encordadura-daddario-mod-ej27n-3-pack\/\" \/>\n<meta property=\"og:locale\" content=\"en_US\" \/>\n<meta property=\"og:type\" content=\"article\" \/>\n<meta property=\"og:title\" content=\"ENCORDADURA DADDARIO MOD. EJ27N 3-PACK - Mexican Guitar Players\" \/>\n<meta property=\"og:description\" content=\"Paquete de 3 cuerdas cl\u00e1sicas para estudiantes D&#039;Addario Classic Nylon, dise\u00f1adas espec\u00edficamente para guitarristas cl\u00e1sicos principiantes. Combinaci\u00f3n de cobre plateado enrollado sobre nailon y agudos de nailon transparente. Las cuerdas de tensi\u00f3n normal son nuestras cuerdas de tensi\u00f3n m\u00e1s vendidas, preferidas por su equilibrio de tono rico, sensaci\u00f3n c\u00f3moda y proyecci\u00f3n din\u00e1mica.\" \/>\n<meta property=\"og:url\" content=\"https:\/\/www.mexicanguitarplayers.com\/en\/tienda\/sin categor\u00eda\/encordadura-daddario-mod-ej27n-3-pack\/\" \/>\n<meta property=\"og:site_name\" content=\"Mexican Guitar Players\" \/>\n<meta property=\"article:modified_time\" content=\"2026-04-10T10:33:31+00:00\" \/>\n<meta name=\"twitter:card\" content=\"summary_large_image\" \/>\n<meta name=\"twitter:label1\" content=\"Est. reading time\" \/>\n\t<meta name=\"twitter:data1\" content=\"1 minute\" \/>\n<script type=\"application\/ld+json\" class=\"yoast-schema-graph\">{\"@context\":\"https:\\\/\\\/schema.org\",\"@graph\":[{\"@type\":[\"WebPage\",\"ItemPage\"],\"@id\":\"https:\\\/\\\/www.mexicanguitarplayers.com\\\/tienda\\\/sin categor\u00eda\\\/encordadura-daddario-mod-ej27n-3-pack\\\/\",\"url\":\"https:\\\/\\\/www.mexicanguitarplayers.com\\\/tienda\\\/sin categor\u00eda\\\/encordadura-daddario-mod-ej27n-3-pack\\\/\",\"name\":\"ENCORDADURA DADDARIO MOD. EJ27N 3-PACK - Mexican Guitar Players\",\"isPartOf\":{\"@id\":\"https:\\\/\\\/www.mexicanguitarplayers.com\\\/#website\"},\"primaryImageOfPage\":{\"@id\":\"https:\\\/\\\/www.mexicanguitarplayers.com\\\/tienda\\\/sin categor\u00eda\\\/encordadura-daddario-mod-ej27n-3-pack\\\/#primaryimage\"},\"image\":{\"@id\":\"https:\\\/\\\/www.mexicanguitarplayers.com\\\/tienda\\\/sin categor\u00eda\\\/encordadura-daddario-mod-ej27n-3-pack\\\/#primaryimage\"},\"thumbnailUrl\":\"https:\\\/\\\/www.mexicanguitarplayers.com\\\/wp-content\\\/uploads\\\/2025\\\/04\\\/RADADEJ27N3D.jpg\",\"datePublished\":\"2025-04-09T02:57:01+00:00\",\"dateModified\":\"2026-04-10T10:33:31+00:00\",\"description\":\"Paquete de 3 cuerdas cl\u00e1sicas para estudiantes D'Addario Classic Nylon, dise\u00f1adas espec\u00edficamente para guitarristas cl\u00e1sicos principiantes. Combinaci\u00f3n de cobre plateado enrollado sobre nailon y agudos de nailon transparente. Las cuerdas de tensi\u00f3n normal son nuestras cuerdas de tensi\u00f3n m\u00e1s vendidas, preferidas por su equilibrio de tono rico, sensaci\u00f3n c\u00f3moda y proyecci\u00f3n din\u00e1mica.\",\"breadcrumb\":{\"@id\":\"https:\\\/\\\/www.mexicanguitarplayers.com\\\/tienda\\\/sin categor\u00eda\\\/encordadura-daddario-mod-ej27n-3-pack\\\/#breadcrumb\"},\"inLanguage\":\"en-US\",\"potentialAction\":[{\"@type\":\"ReadAction\",\"target\":[\"https:\\\/\\\/www.mexicanguitarplayers.com\\\/tienda\\\/sin categor\u00eda\\\/encordadura-daddario-mod-ej27n-3-pack\\\/\"]}]},{\"@type\":\"ImageObject\",\"inLanguage\":\"en-US\",\"@id\":\"https:\\\/\\\/www.mexicanguitarplayers.com\\\/tienda\\\/sin categor\u00eda\\\/encordadura-daddario-mod-ej27n-3-pack\\\/#primaryimage\",\"url\":\"https:\\\/\\\/www.mexicanguitarplayers.com\\\/wp-content\\\/uploads\\\/2025\\\/04\\\/RADADEJ27N3D.jpg\",\"contentUrl\":\"https:\\\/\\\/www.mexicanguitarplayers.com\\\/wp-content\\\/uploads\\\/2025\\\/04\\\/RADADEJ27N3D.jpg\",\"width\":1200,\"height\":1200},{\"@type\":\"BreadcrumbList\",\"@id\":\"https:\\\/\\\/www.mexicanguitarplayers.com\\\/tienda\\\/sin categor\u00eda\\\/encordadura-daddario-mod-ej27n-3-pack\\\/#breadcrumb\",\"itemListElement\":[{\"@type\":\"ListItem\",\"position\":1,\"name\":\"Portada\",\"item\":\"https:\\\/\\\/www.mexicanguitarplayers.com\\\/\"},{\"@type\":\"ListItem\",\"position\":2,\"name\":\"Tienda\",\"item\":\"https:\\\/\\\/www.mexicanguitarplayers.com\\\/tienda\\\/\"},{\"@type\":\"ListItem\",\"position\":3,\"name\":\"ENCORDADURA DADDARIO MOD. EJ27N 3-PACK\"}]},{\"@type\":\"WebSite\",\"@id\":\"https:\\\/\\\/www.mexicanguitarplayers.com\\\/#website\",\"url\":\"https:\\\/\\\/www.mexicanguitarplayers.com\\\/\",\"name\":\"Mexican Guitar Players\",\"description\":\"Website\",\"publisher\":{\"@id\":\"https:\\\/\\\/www.mexicanguitarplayers.com\\\/#organization\"},\"potentialAction\":[{\"@type\":\"SearchAction\",\"target\":{\"@type\":\"EntryPoint\",\"urlTemplate\":\"https:\\\/\\\/www.mexicanguitarplayers.com\\\/?s={search_term_string}\"},\"query-input\":{\"@type\":\"PropertyValueSpecification\",\"valueRequired\":true,\"valueName\":\"search_term_string\"}}],\"inLanguage\":\"en-US\"},{\"@type\":\"Organization\",\"@id\":\"https:\\\/\\\/www.mexicanguitarplayers.com\\\/#organization\",\"name\":\"Mexican Guitar Players\",\"url\":\"https:\\\/\\\/www.mexicanguitarplayers.com\\\/\",\"logo\":{\"@type\":\"ImageObject\",\"inLanguage\":\"en-US\",\"@id\":\"https:\\\/\\\/www.mexicanguitarplayers.com\\\/#\\\/schema\\\/logo\\\/image\\\/\",\"url\":\"\",\"contentUrl\":\"\",\"caption\":\"Mexican Guitar Players\"},\"image\":{\"@id\":\"https:\\\/\\\/www.mexicanguitarplayers.com\\\/#\\\/schema\\\/logo\\\/image\\\/\"}}]}<\/script>\n<!-- \/ Yoast SEO plugin. -->","yoast_head_json":{"title":"ENCORDADURA DADDARIO MOD. EJ27N 3-PACK - Mexican Guitar Players","description":"Paquete de 3 cuerdas cl\u00e1sicas para estudiantes D'Addario Classic Nylon, dise\u00f1adas espec\u00edficamente para guitarristas cl\u00e1sicos principiantes. Combinaci\u00f3n de cobre plateado enrollado sobre nailon y agudos de nailon transparente. Las cuerdas de tensi\u00f3n normal son nuestras cuerdas de tensi\u00f3n m\u00e1s vendidas, preferidas por su equilibrio de tono rico, sensaci\u00f3n c\u00f3moda y proyecci\u00f3n din\u00e1mica.","robots":{"index":"index","follow":"follow","max-snippet":"max-snippet:-1","max-image-preview":"max-image-preview:large","max-video-preview":"max-video-preview:-1"},"canonical":"https:\/\/www.mexicanguitarplayers.com\/en\/tienda\/sin categor\u00eda\/encordadura-daddario-mod-ej27n-3-pack\/","og_locale":"en_US","og_type":"article","og_title":"ENCORDADURA DADDARIO MOD. EJ27N 3-PACK - Mexican Guitar Players","og_description":"Paquete de 3 cuerdas cl\u00e1sicas para estudiantes D'Addario Classic Nylon, dise\u00f1adas espec\u00edficamente para guitarristas cl\u00e1sicos principiantes. Combinaci\u00f3n de cobre plateado enrollado sobre nailon y agudos de nailon transparente. Las cuerdas de tensi\u00f3n normal son nuestras cuerdas de tensi\u00f3n m\u00e1s vendidas, preferidas por su equilibrio de tono rico, sensaci\u00f3n c\u00f3moda y proyecci\u00f3n din\u00e1mica.","og_url":"https:\/\/www.mexicanguitarplayers.com\/en\/tienda\/sin categor\u00eda\/encordadura-daddario-mod-ej27n-3-pack\/","og_site_name":"Mexican Guitar Players","article_modified_time":"2026-04-10T10:33:31+00:00","twitter_card":"summary_large_image","twitter_misc":{"Est. reading time":"1 minute"},"schema":{"@context":"https:\/\/schema.org","@graph":[{"@type":["WebPage","ItemPage"],"@id":"https:\/\/www.mexicanguitarplayers.com\/tienda\/sin categor\u00eda\/encordadura-daddario-mod-ej27n-3-pack\/","url":"https:\/\/www.mexicanguitarplayers.com\/tienda\/sin categor\u00eda\/encordadura-daddario-mod-ej27n-3-pack\/","name":"ENCORDADURA DADDARIO MOD. EJ27N 3-PACK - Mexican Guitar Players","isPartOf":{"@id":"https:\/\/www.mexicanguitarplayers.com\/#website"},"primaryImageOfPage":{"@id":"https:\/\/www.mexicanguitarplayers.com\/tienda\/sin categor\u00eda\/encordadura-daddario-mod-ej27n-3-pack\/#primaryimage"},"image":{"@id":"https:\/\/www.mexicanguitarplayers.com\/tienda\/sin categor\u00eda\/encordadura-daddario-mod-ej27n-3-pack\/#primaryimage"},"thumbnailUrl":"https:\/\/www.mexicanguitarplayers.com\/wp-content\/uploads\/2025\/04\/RADADEJ27N3D.jpg","datePublished":"2025-04-09T02:57:01+00:00","dateModified":"2026-04-10T10:33:31+00:00","description":"Paquete de 3 cuerdas cl\u00e1sicas para estudiantes D'Addario Classic Nylon, dise\u00f1adas espec\u00edficamente para guitarristas cl\u00e1sicos principiantes. Combinaci\u00f3n de cobre plateado enrollado sobre nailon y agudos de nailon transparente. Las cuerdas de tensi\u00f3n normal son nuestras cuerdas de tensi\u00f3n m\u00e1s vendidas, preferidas por su equilibrio de tono rico, sensaci\u00f3n c\u00f3moda y proyecci\u00f3n din\u00e1mica.","breadcrumb":{"@id":"https:\/\/www.mexicanguitarplayers.com\/tienda\/sin categor\u00eda\/encordadura-daddario-mod-ej27n-3-pack\/#breadcrumb"},"inLanguage":"en-US","potentialAction":[{"@type":"ReadAction","target":["https:\/\/www.mexicanguitarplayers.com\/tienda\/sin categor\u00eda\/encordadura-daddario-mod-ej27n-3-pack\/"]}]},{"@type":"ImageObject","inLanguage":"en-US","@id":"https:\/\/www.mexicanguitarplayers.com\/tienda\/sin categor\u00eda\/encordadura-daddario-mod-ej27n-3-pack\/#primaryimage","url":"https:\/\/www.mexicanguitarplayers.com\/wp-content\/uploads\/2025\/04\/RADADEJ27N3D.jpg","contentUrl":"https:\/\/www.mexicanguitarplayers.com\/wp-content\/uploads\/2025\/04\/RADADEJ27N3D.jpg","width":1200,"height":1200},{"@type":"BreadcrumbList","@id":"https:\/\/www.mexicanguitarplayers.com\/tienda\/sin categor\u00eda\/encordadura-daddario-mod-ej27n-3-pack\/#breadcrumb","itemListElement":[{"@type":"ListItem","position":1,"name":"Portada","item":"https:\/\/www.mexicanguitarplayers.com\/"},{"@type":"ListItem","position":2,"name":"Tienda","item":"https:\/\/www.mexicanguitarplayers.com\/tienda\/"},{"@type":"ListItem","position":3,"name":"ENCORDADURA DADDARIO MOD. EJ27N 3-PACK"}]},{"@type":"WebSite","@id":"https:\/\/www.mexicanguitarplayers.com\/#website","url":"https:\/\/www.mexicanguitarplayers.com\/","name":"Mexican Guitar Players","description":"Website","publisher":{"@id":"https:\/\/www.mexicanguitarplayers.com\/#organization"},"potentialAction":[{"@type":"SearchAction","target":{"@type":"EntryPoint","urlTemplate":"https:\/\/www.mexicanguitarplayers.com\/?s={search_term_string}"},"query-input":{"@type":"PropertyValueSpecification","valueRequired":true,"valueName":"search_term_string"}}],"inLanguage":"en-US"},{"@type":"Organization","@id":"https:\/\/www.mexicanguitarplayers.com\/#organization","name":"Mexican Guitar Players","url":"https:\/\/www.mexicanguitarplayers.com\/","logo":{"@type":"ImageObject","inLanguage":"en-US","@id":"https:\/\/www.mexicanguitarplayers.com\/#\/schema\/logo\/image\/","url":"","contentUrl":"","caption":"Mexican Guitar Players"},"image":{"@id":"https:\/\/www.mexicanguitarplayers.com\/#\/schema\/logo\/image\/"}}]}},"brands":[{"id":347,"name":"D ADDARIO","slug":"d-addario"}],"_links":{"self":[{"href":"https:\/\/www.mexicanguitarplayers.com\/en\/wp-json\/wp\/v2\/product\/32406","targetHints":{"allow":["GET"]}}],"collection":[{"href":"https:\/\/www.mexicanguitarplayers.com\/en\/wp-json\/wp\/v2\/product"}],"about":[{"href":"https:\/\/www.mexicanguitarplayers.com\/en\/wp-json\/wp\/v2\/types\/product"}],"replies":[{"embeddable":true,"href":"https:\/\/www.mexicanguitarplayers.com\/en\/wp-json\/wp\/v2\/comments?post=32406"}],"wp:featuredmedia":[{"embeddable":true,"href":"https:\/\/www.mexicanguitarplayers.com\/en\/wp-json\/wp\/v2\/media\/32403"}],"wp:attachment":[{"href":"https:\/\/www.mexicanguitarplayers.com\/en\/wp-json\/wp\/v2\/media?parent=32406"}],"wp:term":[{"taxonomy":"pwb-brand","embeddable":true,"href":"https:\/\/www.mexicanguitarplayers.com\/en\/wp-json\/wp\/v2\/pwb-brand?post=32406"},{"taxonomy":"product_brand","embeddable":true,"href":"https:\/\/www.mexicanguitarplayers.com\/en\/wp-json\/wp\/v2\/product_brand?post=32406"},{"taxonomy":"product_cat","embeddable":true,"href":"https:\/\/www.mexicanguitarplayers.com\/en\/wp-json\/wp\/v2\/product_cat?post=32406"},{"taxonomy":"product_tag","embeddable":true,"href":"https:\/\/www.mexicanguitarplayers.com\/en\/wp-json\/wp\/v2\/product_tag?post=32406"}],"curies":[{"name":"wp","href":"https:\/\/api.w.org\/{rel}","templated":true}]}}