{"id":32439,"date":"2025-04-08T20:57:49","date_gmt":"2025-04-09T02:57:49","guid":{"rendered":"https:\/\/www.mexicanguitarplayers.com\/tienda\/sin categor\u00eda\/bafle-behringer-monitor-mod-truth-3-5\/"},"modified":"2026-04-10T04:33:29","modified_gmt":"2026-04-10T10:33:29","slug":"bafle-behringer-monitor-mod-truth-3-5","status":"publish","type":"product","link":"https:\/\/www.mexicanguitarplayers.com\/en\/tienda\/audio\/bafles-y-bocinas\/bafles\/bafles-activos\/bafle-behringer-monitor-mod-truth-3-5\/","title":{"rendered":"BAFLE BEHRINGER MONITOR MOD. TRUTH 3.5"},"content":{"rendered":"<div style=\"text-align: justify\">\n<div>\n<h3>TRUTH 3.5<\/h3>\n<\/div>\n<div>Los altavoces de monitor TRUTH 3.5 ofrecen una calidad de sonido excepcional con sus woofers de fibra de vidrio de 3.5&#8243; y tweeters de domo de seda de 1&#8243;, lo que brinda una reproducci\u00f3n de alta calidad al alcance de cualquier persona con una estaci\u00f3n de trabajo inform\u00e1tica. Ya sea que seas m\u00fasico rastreando tus \u00faltimas obras maestras o simplemente alguien que escucha tus canciones favoritas en el trabajo, los TRUTH 3.5 har\u00e1n que suenen mucho mejor. Con controles frontales de volumen, graves y agudos individuales, realizar ajustes precisos en el sonido es muy f\u00e1cil. Estos altavoces ofrecen flexibilidad gracias a sus m\u00faltiples opciones de conectividad, permiti\u00e9ndote conectar cualquier dispositivo con conectores est\u00e9reo RCA, TRS y jack est\u00e9reo de 3.5 mm, o mezclarlos con el audio digital de tu computadora. Adem\u00e1s, cuentan con un potente conector para auriculares que te permite disfrutar de tu m\u00fasica en total privacidad. Con TRUTH 3.5, disfrutar\u00e1s de un rendimiento de grado de estudio que resalta cada detalle de tu mezcla con una claridad pr\u00edstina y una din\u00e1mica impactante.<\/div>\n<div>\n<h4>Characteristics<\/h4>\n<\/div>\n<div>\n<ul style=\"margin: 0px 0px 0px 25px\">\n<li style=\"list-style-type: circle;margin: 5px\">Amplificador <\/li>\n<li style=\"list-style-type: circle;margin: 5px\">Conexiones de audio<\/li>\n<li style=\"list-style-type: circle;margin: 5px\">Datos del altavoz\/sistema<\/li>\n<li style=\"list-style-type: circle;margin: 5px\">Control<\/li>\n<\/ul>\n<\/div>\n<\/div>","protected":false},"excerpt":{"rendered":"<p>Monitores de estudio Audiophile de 3.5\u201d con tecnolog\u00eda avanzada de gu\u00eda de ondas. Monitores de estudio de referencia de clase ultra lineal de 64 vatios. La serie TRUTH de monitores aclamados son bien recibidos por los estudios m\u00e1s exigentes, pero tambi\u00e9n son ideales para grabaciones en casa, gaming y estaciones de trabajo multimedia. La tecnolog\u00eda avanzada de gu\u00eda de ondas crea una dispersi\u00f3n ac\u00fastica \u00f3ptima y una zona de escucha extremadamente amplia. Los tweeters de domo de seda de 1\u201d ofrecen una reproducci\u00f3n de sonido definitiva. Los woofers de 3.5\u201d con cono de fibra de vidrio resistente a la deformaci\u00f3n garantizan una reproducci\u00f3n precisa de graves. Dos entradas anal\u00f3gicas est\u00e9reo con conectores TRS y RCA pueden ser utilizadas simult\u00e1neamente o mezcladas con una fuente est\u00e9reo digital. Control de volumen en el panel frontal, entrada auxiliar y conector para auriculares para un acceso conveniente. Controles de frecuencia baja y alta para ajuste ac\u00fastico. Carcasa de alta densidad para una difracci\u00f3n ultra baja y reducci\u00f3n de distorsi\u00f3n de baja frecuencia.&hellip; <a class=\"kt-excerpt-readmore more-link\" href=\"https:\/\/www.mexicanguitarplayers.com\/en\/tienda\/audio\/bafles-y-bocinas\/bafles\/bafles-activos\/bafle-behringer-monitor-mod-truth-3-5\/\">Read more<\/a><\/p>","protected":false},"featured_media":32434,"comment_status":"open","ping_status":"closed","template":"","meta":{"kt_blocks_editor_width":""},"pwb-brand":[171],"product_brand":[],"product_cat":[213,222,472,221],"product_tag":[],"class_list":{"0":"post-32439","1":"product","2":"type-product","3":"status-publish","4":"has-post-thumbnail","6":"pwb-brand-behringer","7":"product_cat-audio","8":"product_cat-bafles","9":"product_cat-bafles-activos","10":"product_cat-bafles-y-bocinas","11":"product_shipping_class-0-5-kg","13":"first","14":"outofstock","15":"taxable","16":"shipping-taxable","17":"purchasable","18":"product-type-simple"},"yoast_head":"<!-- This site is optimized with the Yoast SEO plugin v27.5 - https:\/\/yoast.com\/product\/yoast-seo-wordpress\/ -->\n<title>BAFLE BEHRINGER MONITOR MOD. TRUTH 3.5 - Mexican Guitar Players<\/title>\n<meta name=\"description\" content=\"Monitores de estudio Audiophile de 3.5\u201d con tecnolog\u00eda avanzada de gu\u00eda de ondas. Monitores de estudio de referencia de clase ultra lineal de 64 vatios. La serie TRUTH de monitores aclamados son bien recibidos por los estudios m\u00e1s exigentes, pero tambi\u00e9n son ideales para grabaciones en casa, gaming y estaciones de trabajo multimedia. La tecnolog\u00eda avanzada de gu\u00eda de ondas crea una dispersi\u00f3n ac\u00fastica \u00f3ptima y una zona de escucha extremadamente amplia. Los tweeters de domo de seda de 1\u201d ofrecen una reproducci\u00f3n de sonido definitiva. Los woofers de 3.5\u201d con cono de fibra de vidrio resistente a la deformaci\u00f3n garantizan una reproducci\u00f3n precisa de graves. Dos entradas anal\u00f3gicas est\u00e9reo con conectores TRS y RCA pueden ser utilizadas simult\u00e1neamente o mezcladas con una fuente est\u00e9reo digital. Control de volumen en el panel frontal, entrada auxiliar y conector para auriculares para un acceso conveniente. Controles de frecuencia baja y alta para ajuste ac\u00fastico. Carcasa de alta densidad para una difracci\u00f3n ultra baja y reducci\u00f3n de distorsi\u00f3n de baja frecuencia.\" \/>\n<meta name=\"robots\" content=\"index, follow, max-snippet:-1, max-image-preview:large, max-video-preview:-1\" \/>\n<link rel=\"canonical\" href=\"https:\/\/www.mexicanguitarplayers.com\/en\/tienda\/sin%20categor\u00eda\/bafle-behringer-monitor-mod-truth-3-5\/\" \/>\n<meta property=\"og:locale\" content=\"en_US\" \/>\n<meta property=\"og:type\" content=\"article\" \/>\n<meta property=\"og:title\" content=\"BAFLE BEHRINGER MONITOR MOD. TRUTH 3.5 - Mexican Guitar Players\" \/>\n<meta property=\"og:description\" content=\"Monitores de estudio Audiophile de 3.5\u201d con tecnolog\u00eda avanzada de gu\u00eda de ondas. Monitores de estudio de referencia de clase ultra lineal de 64 vatios. La serie TRUTH de monitores aclamados son bien recibidos por los estudios m\u00e1s exigentes, pero tambi\u00e9n son ideales para grabaciones en casa, gaming y estaciones de trabajo multimedia. La tecnolog\u00eda avanzada de gu\u00eda de ondas crea una dispersi\u00f3n ac\u00fastica \u00f3ptima y una zona de escucha extremadamente amplia. Los tweeters de domo de seda de 1\u201d ofrecen una reproducci\u00f3n de sonido definitiva. Los woofers de 3.5\u201d con cono de fibra de vidrio resistente a la deformaci\u00f3n garantizan una reproducci\u00f3n precisa de graves. Dos entradas anal\u00f3gicas est\u00e9reo con conectores TRS y RCA pueden ser utilizadas simult\u00e1neamente o mezcladas con una fuente est\u00e9reo digital. Control de volumen en el panel frontal, entrada auxiliar y conector para auriculares para un acceso conveniente. Controles de frecuencia baja y alta para ajuste ac\u00fastico. Carcasa de alta densidad para una difracci\u00f3n ultra baja y reducci\u00f3n de distorsi\u00f3n de baja frecuencia.\" \/>\n<meta property=\"og:url\" content=\"https:\/\/www.mexicanguitarplayers.com\/en\/tienda\/sin categor\u00eda\/bafle-behringer-monitor-mod-truth-3-5\/\" \/>\n<meta property=\"og:site_name\" content=\"Mexican Guitar Players\" \/>\n<meta property=\"article:modified_time\" content=\"2026-04-10T10:33:29+00:00\" \/>\n<meta name=\"twitter:card\" content=\"summary_large_image\" \/>\n<meta name=\"twitter:label1\" content=\"Est. reading time\" \/>\n\t<meta name=\"twitter:data1\" content=\"1 minute\" \/>\n<script type=\"application\/ld+json\" class=\"yoast-schema-graph\">{\"@context\":\"https:\\\/\\\/schema.org\",\"@graph\":[{\"@type\":[\"WebPage\",\"ItemPage\"],\"@id\":\"https:\\\/\\\/www.mexicanguitarplayers.com\\\/tienda\\\/sin categor\u00eda\\\/bafle-behringer-monitor-mod-truth-3-5\\\/\",\"url\":\"https:\\\/\\\/www.mexicanguitarplayers.com\\\/tienda\\\/sin categor\u00eda\\\/bafle-behringer-monitor-mod-truth-3-5\\\/\",\"name\":\"BAFLE BEHRINGER MONITOR MOD. TRUTH 3.5 - Mexican Guitar Players\",\"isPartOf\":{\"@id\":\"https:\\\/\\\/www.mexicanguitarplayers.com\\\/#website\"},\"primaryImageOfPage\":{\"@id\":\"https:\\\/\\\/www.mexicanguitarplayers.com\\\/tienda\\\/sin categor\u00eda\\\/bafle-behringer-monitor-mod-truth-3-5\\\/#primaryimage\"},\"image\":{\"@id\":\"https:\\\/\\\/www.mexicanguitarplayers.com\\\/tienda\\\/sin categor\u00eda\\\/bafle-behringer-monitor-mod-truth-3-5\\\/#primaryimage\"},\"thumbnailUrl\":\"https:\\\/\\\/www.mexicanguitarplayers.com\\\/wp-content\\\/uploads\\\/2025\\\/04\\\/IABEHTRUTH35.jpg\",\"datePublished\":\"2025-04-09T02:57:49+00:00\",\"dateModified\":\"2026-04-10T10:33:29+00:00\",\"description\":\"Monitores de estudio Audiophile de 3.5\u201d con tecnolog\u00eda avanzada de gu\u00eda de ondas. Monitores de estudio de referencia de clase ultra lineal de 64 vatios. La serie TRUTH de monitores aclamados son bien recibidos por los estudios m\u00e1s exigentes, pero tambi\u00e9n son ideales para grabaciones en casa, gaming y estaciones de trabajo multimedia. La tecnolog\u00eda avanzada de gu\u00eda de ondas crea una dispersi\u00f3n ac\u00fastica \u00f3ptima y una zona de escucha extremadamente amplia. Los tweeters de domo de seda de 1\u201d ofrecen una reproducci\u00f3n de sonido definitiva. Los woofers de 3.5\u201d con cono de fibra de vidrio resistente a la deformaci\u00f3n garantizan una reproducci\u00f3n precisa de graves. Dos entradas anal\u00f3gicas est\u00e9reo con conectores TRS y RCA pueden ser utilizadas simult\u00e1neamente o mezcladas con una fuente est\u00e9reo digital. Control de volumen en el panel frontal, entrada auxiliar y conector para auriculares para un acceso conveniente. Controles de frecuencia baja y alta para ajuste ac\u00fastico. Carcasa de alta densidad para una difracci\u00f3n ultra baja y reducci\u00f3n de distorsi\u00f3n de baja frecuencia.\",\"breadcrumb\":{\"@id\":\"https:\\\/\\\/www.mexicanguitarplayers.com\\\/tienda\\\/sin categor\u00eda\\\/bafle-behringer-monitor-mod-truth-3-5\\\/#breadcrumb\"},\"inLanguage\":\"en-US\",\"potentialAction\":[{\"@type\":\"ReadAction\",\"target\":[\"https:\\\/\\\/www.mexicanguitarplayers.com\\\/tienda\\\/sin categor\u00eda\\\/bafle-behringer-monitor-mod-truth-3-5\\\/\"]}]},{\"@type\":\"ImageObject\",\"inLanguage\":\"en-US\",\"@id\":\"https:\\\/\\\/www.mexicanguitarplayers.com\\\/tienda\\\/sin categor\u00eda\\\/bafle-behringer-monitor-mod-truth-3-5\\\/#primaryimage\",\"url\":\"https:\\\/\\\/www.mexicanguitarplayers.com\\\/wp-content\\\/uploads\\\/2025\\\/04\\\/IABEHTRUTH35.jpg\",\"contentUrl\":\"https:\\\/\\\/www.mexicanguitarplayers.com\\\/wp-content\\\/uploads\\\/2025\\\/04\\\/IABEHTRUTH35.jpg\",\"width\":1200,\"height\":1200},{\"@type\":\"BreadcrumbList\",\"@id\":\"https:\\\/\\\/www.mexicanguitarplayers.com\\\/tienda\\\/sin categor\u00eda\\\/bafle-behringer-monitor-mod-truth-3-5\\\/#breadcrumb\",\"itemListElement\":[{\"@type\":\"ListItem\",\"position\":1,\"name\":\"Portada\",\"item\":\"https:\\\/\\\/www.mexicanguitarplayers.com\\\/\"},{\"@type\":\"ListItem\",\"position\":2,\"name\":\"Tienda\",\"item\":\"https:\\\/\\\/www.mexicanguitarplayers.com\\\/tienda\\\/\"},{\"@type\":\"ListItem\",\"position\":3,\"name\":\"BAFLE BEHRINGER MONITOR MOD. TRUTH 3.5\"}]},{\"@type\":\"WebSite\",\"@id\":\"https:\\\/\\\/www.mexicanguitarplayers.com\\\/#website\",\"url\":\"https:\\\/\\\/www.mexicanguitarplayers.com\\\/\",\"name\":\"Mexican Guitar Players\",\"description\":\"Website\",\"publisher\":{\"@id\":\"https:\\\/\\\/www.mexicanguitarplayers.com\\\/#organization\"},\"potentialAction\":[{\"@type\":\"SearchAction\",\"target\":{\"@type\":\"EntryPoint\",\"urlTemplate\":\"https:\\\/\\\/www.mexicanguitarplayers.com\\\/?s={search_term_string}\"},\"query-input\":{\"@type\":\"PropertyValueSpecification\",\"valueRequired\":true,\"valueName\":\"search_term_string\"}}],\"inLanguage\":\"en-US\"},{\"@type\":\"Organization\",\"@id\":\"https:\\\/\\\/www.mexicanguitarplayers.com\\\/#organization\",\"name\":\"Mexican Guitar Players\",\"url\":\"https:\\\/\\\/www.mexicanguitarplayers.com\\\/\",\"logo\":{\"@type\":\"ImageObject\",\"inLanguage\":\"en-US\",\"@id\":\"https:\\\/\\\/www.mexicanguitarplayers.com\\\/#\\\/schema\\\/logo\\\/image\\\/\",\"url\":\"\",\"contentUrl\":\"\",\"caption\":\"Mexican Guitar Players\"},\"image\":{\"@id\":\"https:\\\/\\\/www.mexicanguitarplayers.com\\\/#\\\/schema\\\/logo\\\/image\\\/\"}}]}<\/script>\n<!-- \/ Yoast SEO plugin. -->","yoast_head_json":{"title":"BAFLE BEHRINGER MONITOR MOD. TRUTH 3.5 - Mexican Guitar Players","description":"Monitores de estudio Audiophile de 3.5\u201d con tecnolog\u00eda avanzada de gu\u00eda de ondas. Monitores de estudio de referencia de clase ultra lineal de 64 vatios. La serie TRUTH de monitores aclamados son bien recibidos por los estudios m\u00e1s exigentes, pero tambi\u00e9n son ideales para grabaciones en casa, gaming y estaciones de trabajo multimedia. La tecnolog\u00eda avanzada de gu\u00eda de ondas crea una dispersi\u00f3n ac\u00fastica \u00f3ptima y una zona de escucha extremadamente amplia. Los tweeters de domo de seda de 1\u201d ofrecen una reproducci\u00f3n de sonido definitiva. Los woofers de 3.5\u201d con cono de fibra de vidrio resistente a la deformaci\u00f3n garantizan una reproducci\u00f3n precisa de graves. Dos entradas anal\u00f3gicas est\u00e9reo con conectores TRS y RCA pueden ser utilizadas simult\u00e1neamente o mezcladas con una fuente est\u00e9reo digital. Control de volumen en el panel frontal, entrada auxiliar y conector para auriculares para un acceso conveniente. Controles de frecuencia baja y alta para ajuste ac\u00fastico. Carcasa de alta densidad para una difracci\u00f3n ultra baja y reducci\u00f3n de distorsi\u00f3n de baja frecuencia.","robots":{"index":"index","follow":"follow","max-snippet":"max-snippet:-1","max-image-preview":"max-image-preview:large","max-video-preview":"max-video-preview:-1"},"canonical":"https:\/\/www.mexicanguitarplayers.com\/en\/tienda\/sin categor\u00eda\/bafle-behringer-monitor-mod-truth-3-5\/","og_locale":"en_US","og_type":"article","og_title":"BAFLE BEHRINGER MONITOR MOD. TRUTH 3.5 - Mexican Guitar Players","og_description":"Monitores de estudio Audiophile de 3.5\u201d con tecnolog\u00eda avanzada de gu\u00eda de ondas. Monitores de estudio de referencia de clase ultra lineal de 64 vatios. La serie TRUTH de monitores aclamados son bien recibidos por los estudios m\u00e1s exigentes, pero tambi\u00e9n son ideales para grabaciones en casa, gaming y estaciones de trabajo multimedia. La tecnolog\u00eda avanzada de gu\u00eda de ondas crea una dispersi\u00f3n ac\u00fastica \u00f3ptima y una zona de escucha extremadamente amplia. Los tweeters de domo de seda de 1\u201d ofrecen una reproducci\u00f3n de sonido definitiva. Los woofers de 3.5\u201d con cono de fibra de vidrio resistente a la deformaci\u00f3n garantizan una reproducci\u00f3n precisa de graves. Dos entradas anal\u00f3gicas est\u00e9reo con conectores TRS y RCA pueden ser utilizadas simult\u00e1neamente o mezcladas con una fuente est\u00e9reo digital. Control de volumen en el panel frontal, entrada auxiliar y conector para auriculares para un acceso conveniente. Controles de frecuencia baja y alta para ajuste ac\u00fastico. Carcasa de alta densidad para una difracci\u00f3n ultra baja y reducci\u00f3n de distorsi\u00f3n de baja frecuencia.","og_url":"https:\/\/www.mexicanguitarplayers.com\/en\/tienda\/sin categor\u00eda\/bafle-behringer-monitor-mod-truth-3-5\/","og_site_name":"Mexican Guitar Players","article_modified_time":"2026-04-10T10:33:29+00:00","twitter_card":"summary_large_image","twitter_misc":{"Est. reading time":"1 minute"},"schema":{"@context":"https:\/\/schema.org","@graph":[{"@type":["WebPage","ItemPage"],"@id":"https:\/\/www.mexicanguitarplayers.com\/tienda\/sin categor\u00eda\/bafle-behringer-monitor-mod-truth-3-5\/","url":"https:\/\/www.mexicanguitarplayers.com\/tienda\/sin categor\u00eda\/bafle-behringer-monitor-mod-truth-3-5\/","name":"BAFLE BEHRINGER MONITOR MOD. TRUTH 3.5 - Mexican Guitar Players","isPartOf":{"@id":"https:\/\/www.mexicanguitarplayers.com\/#website"},"primaryImageOfPage":{"@id":"https:\/\/www.mexicanguitarplayers.com\/tienda\/sin categor\u00eda\/bafle-behringer-monitor-mod-truth-3-5\/#primaryimage"},"image":{"@id":"https:\/\/www.mexicanguitarplayers.com\/tienda\/sin categor\u00eda\/bafle-behringer-monitor-mod-truth-3-5\/#primaryimage"},"thumbnailUrl":"https:\/\/www.mexicanguitarplayers.com\/wp-content\/uploads\/2025\/04\/IABEHTRUTH35.jpg","datePublished":"2025-04-09T02:57:49+00:00","dateModified":"2026-04-10T10:33:29+00:00","description":"Monitores de estudio Audiophile de 3.5\u201d con tecnolog\u00eda avanzada de gu\u00eda de ondas. Monitores de estudio de referencia de clase ultra lineal de 64 vatios. La serie TRUTH de monitores aclamados son bien recibidos por los estudios m\u00e1s exigentes, pero tambi\u00e9n son ideales para grabaciones en casa, gaming y estaciones de trabajo multimedia. La tecnolog\u00eda avanzada de gu\u00eda de ondas crea una dispersi\u00f3n ac\u00fastica \u00f3ptima y una zona de escucha extremadamente amplia. Los tweeters de domo de seda de 1\u201d ofrecen una reproducci\u00f3n de sonido definitiva. Los woofers de 3.5\u201d con cono de fibra de vidrio resistente a la deformaci\u00f3n garantizan una reproducci\u00f3n precisa de graves. Dos entradas anal\u00f3gicas est\u00e9reo con conectores TRS y RCA pueden ser utilizadas simult\u00e1neamente o mezcladas con una fuente est\u00e9reo digital. Control de volumen en el panel frontal, entrada auxiliar y conector para auriculares para un acceso conveniente. Controles de frecuencia baja y alta para ajuste ac\u00fastico. Carcasa de alta densidad para una difracci\u00f3n ultra baja y reducci\u00f3n de distorsi\u00f3n de baja frecuencia.","breadcrumb":{"@id":"https:\/\/www.mexicanguitarplayers.com\/tienda\/sin categor\u00eda\/bafle-behringer-monitor-mod-truth-3-5\/#breadcrumb"},"inLanguage":"en-US","potentialAction":[{"@type":"ReadAction","target":["https:\/\/www.mexicanguitarplayers.com\/tienda\/sin categor\u00eda\/bafle-behringer-monitor-mod-truth-3-5\/"]}]},{"@type":"ImageObject","inLanguage":"en-US","@id":"https:\/\/www.mexicanguitarplayers.com\/tienda\/sin categor\u00eda\/bafle-behringer-monitor-mod-truth-3-5\/#primaryimage","url":"https:\/\/www.mexicanguitarplayers.com\/wp-content\/uploads\/2025\/04\/IABEHTRUTH35.jpg","contentUrl":"https:\/\/www.mexicanguitarplayers.com\/wp-content\/uploads\/2025\/04\/IABEHTRUTH35.jpg","width":1200,"height":1200},{"@type":"BreadcrumbList","@id":"https:\/\/www.mexicanguitarplayers.com\/tienda\/sin categor\u00eda\/bafle-behringer-monitor-mod-truth-3-5\/#breadcrumb","itemListElement":[{"@type":"ListItem","position":1,"name":"Portada","item":"https:\/\/www.mexicanguitarplayers.com\/"},{"@type":"ListItem","position":2,"name":"Tienda","item":"https:\/\/www.mexicanguitarplayers.com\/tienda\/"},{"@type":"ListItem","position":3,"name":"BAFLE BEHRINGER MONITOR MOD. TRUTH 3.5"}]},{"@type":"WebSite","@id":"https:\/\/www.mexicanguitarplayers.com\/#website","url":"https:\/\/www.mexicanguitarplayers.com\/","name":"Mexican Guitar Players","description":"Website","publisher":{"@id":"https:\/\/www.mexicanguitarplayers.com\/#organization"},"potentialAction":[{"@type":"SearchAction","target":{"@type":"EntryPoint","urlTemplate":"https:\/\/www.mexicanguitarplayers.com\/?s={search_term_string}"},"query-input":{"@type":"PropertyValueSpecification","valueRequired":true,"valueName":"search_term_string"}}],"inLanguage":"en-US"},{"@type":"Organization","@id":"https:\/\/www.mexicanguitarplayers.com\/#organization","name":"Mexican Guitar Players","url":"https:\/\/www.mexicanguitarplayers.com\/","logo":{"@type":"ImageObject","inLanguage":"en-US","@id":"https:\/\/www.mexicanguitarplayers.com\/#\/schema\/logo\/image\/","url":"","contentUrl":"","caption":"Mexican Guitar Players"},"image":{"@id":"https:\/\/www.mexicanguitarplayers.com\/#\/schema\/logo\/image\/"}}]}},"brands":[{"id":171,"name":"BEHRINGER","slug":"behringer"}],"_links":{"self":[{"href":"https:\/\/www.mexicanguitarplayers.com\/en\/wp-json\/wp\/v2\/product\/32439","targetHints":{"allow":["GET"]}}],"collection":[{"href":"https:\/\/www.mexicanguitarplayers.com\/en\/wp-json\/wp\/v2\/product"}],"about":[{"href":"https:\/\/www.mexicanguitarplayers.com\/en\/wp-json\/wp\/v2\/types\/product"}],"replies":[{"embeddable":true,"href":"https:\/\/www.mexicanguitarplayers.com\/en\/wp-json\/wp\/v2\/comments?post=32439"}],"wp:featuredmedia":[{"embeddable":true,"href":"https:\/\/www.mexicanguitarplayers.com\/en\/wp-json\/wp\/v2\/media\/32434"}],"wp:attachment":[{"href":"https:\/\/www.mexicanguitarplayers.com\/en\/wp-json\/wp\/v2\/media?parent=32439"}],"wp:term":[{"taxonomy":"pwb-brand","embeddable":true,"href":"https:\/\/www.mexicanguitarplayers.com\/en\/wp-json\/wp\/v2\/pwb-brand?post=32439"},{"taxonomy":"product_brand","embeddable":true,"href":"https:\/\/www.mexicanguitarplayers.com\/en\/wp-json\/wp\/v2\/product_brand?post=32439"},{"taxonomy":"product_cat","embeddable":true,"href":"https:\/\/www.mexicanguitarplayers.com\/en\/wp-json\/wp\/v2\/product_cat?post=32439"},{"taxonomy":"product_tag","embeddable":true,"href":"https:\/\/www.mexicanguitarplayers.com\/en\/wp-json\/wp\/v2\/product_tag?post=32439"}],"curies":[{"name":"wp","href":"https:\/\/api.w.org\/{rel}","templated":true}]}}