{"id":32477,"date":"2025-04-08T20:58:46","date_gmt":"2025-04-09T02:58:46","guid":{"rendered":"https:\/\/www.mexicanguitarplayers.com\/tienda\/sin categor\u00eda\/driver-beyma-mod-wl-4-lineales\/"},"modified":"2026-01-01T08:37:30","modified_gmt":"2026-01-01T14:37:30","slug":"driver-beyma-mod-wl-4-lineales","status":"publish","type":"product","link":"https:\/\/www.mexicanguitarplayers.com\/en\/tienda\/audio\/bafles-y-bocinas\/bocinas-y-componentes\/agudos\/driver-beyma-mod-wl-4-lineales\/","title":{"rendered":"DRIVER BEYMA        MOD. WL-4 (LINEALES)"},"content":{"rendered":"<div style=\"text-align: justify\">\n<div>\n<h3>Agudos de alto alcance para arreglo lineal.<\/h3>\n<\/div>\n<div>Esta combinaci\u00f3n de driver de compresi\u00f3n de neodimio con alta potencia, que cuenta con gu\u00eda de ondas ofrece una soluci\u00f3n sencilla para construir un sistema Line Array, resolver el dif\u00edcil problema de lograr un acoplamiento \u00f3ptimo entre transductores de alta frecuencia. En lugar de utilizar costosos y complicados dispositivos de conformaci\u00f3n de onda, una gu\u00eda de onda simple pero eficaz transforma la abertura circular del controlador de compresi\u00f3n en una superficie rectangular cumpliendo el requisito de curvatura para acoplamiento ac\u00fastico \u00f3ptimo entre fuentes adyacentes hasta 18 kHz. Esto se consigue con la longitud m\u00ednima posible para una baja distorsi\u00f3n, pero sin ser excesivamente corto, lo que podr\u00eda causar fuertes interferencias de alta frecuencia. Esta gu\u00eda de ondas se pueden combinar con los altavoces de diferentes di\u00e1metros pero especialmente coincide con bocinas de 8 &#8220;, 6&#8243; y 5&#8221;.<\/div>\n<div>\n<h4>Quick look<\/h4>\n<\/div>\n<ul style=\"margin: 0px 0px 0px 25px\">\n<li style=\"list-style-type: circle;margin: 5px\">Di\u00e1metro de garganta.<\/li>\n<li style=\"list-style-type: circle;margin: 5px\">Impedance.<\/li>\n<li style=\"list-style-type: circle;margin: 5px\">Impedancia m\u00ednima.<\/li>\n<li style=\"list-style-type: circle;margin: 5px\">Resistencia DC.<\/li>\n<li style=\"list-style-type: circle;margin: 5px\">Power.<\/li>\n<li style=\"list-style-type: circle;margin: 5px\">Sensibilidad (1W\/1m).<\/li>\n<li style=\"list-style-type: circle;margin: 5px\">Frequency response.<\/li>\n<li style=\"list-style-type: circle;margin: 5px\">Crossover recomendado.<\/li>\n<li style=\"list-style-type: circle;margin: 5px\">Di\u00e1metro de la bobina m\u00f3vil.<\/li>\n<li style=\"list-style-type: circle;margin: 5px\">Peso del material magn\u00e9tico.<\/li>\n<li style=\"list-style-type: circle;margin: 5px\">Densidad de flujo.<\/li>\n<li style=\"list-style-type: circle;margin: 5px\">Factor BL.<\/li>\n<li style=\"list-style-type: circle;margin: 5px\">Di\u00e1metro total.<\/li>\n<li style=\"list-style-type: circle;margin: 5px\">Profundidad total.<\/li>\n<li style=\"list-style-type: circle;margin: 5px\">Di\u00e1metro del orificio de montaje.<\/li>\n<li style=\"list-style-type: circle;margin: 5px\">Peso neto.<\/li>\n<li style=\"list-style-type: circle;margin: 5px\">Materiales.<\/li>\n<\/ul>\n<div>\n<div style=\"font-weight: bold\">Di\u00e1metro de garganta.<\/div>\n<div>\n<p>20.5 mm (0.8&#8243;).<\/p>\n<\/div>\n<div style=\"font-weight: bold\">Impedance.<\/div>\n<div>\n<p>8 ohms.<\/p>\n<\/div>\n<div style=\"font-weight: bold\">Impedancia m\u00ednima.<\/div>\n<div>\n<p>5.5 ohms @ 4.5 kHz.<\/p>\n<\/div>\n<div style=\"font-weight: bold\">Resistencia DC.<\/div>\n<div>\n<p>5.6 ohms.<\/p>\n<\/div>\n<div style=\"font-weight: bold\">Power.<\/div>\n<div>\n<p>AES: 40 watts (por encima de 1.5 kHz). Programa: 80 watts (por encima de 1.5kHz).<\/p>\n<\/div>\n<div style=\"font-weight: bold\">Sensibilidad (1W\/1m).<\/div>\n<div>\n<p>105 dB 1W@1m acoplado a trompeta de 90\u00b0 x 5\u00b0.<\/p>\n<\/div>\n<div style=\"font-weight: bold\">Frequency response.<\/div>\n<div>\n<p>700 Hz &#8211; 20 kHz.<\/p>\n<\/div>\n<div style=\"font-weight: bold\">Crossover recomendado.<\/div>\n<div>\n<p>1.50 kHz o &gt; @ 12 dB\/octava.<\/p>\n<\/div>\n<div style=\"font-weight: bold\">Di\u00e1metro de la bobina m\u00f3vil.<\/div>\n<div>\n<p>1.75&#8243; (44.5 mm).<\/p>\n<\/div>\n<div style=\"font-weight: bold\">Peso del material magn\u00e9tico.<\/div>\n<div>\n<p>0.6 kg.<\/p>\n<\/div>\n<div style=\"font-weight: bold\">Densidad de flujo.<\/div>\n<div>\n<p>1.8 T.<\/p>\n<\/div>\n<div style=\"font-weight: bold\">Factor BL.<\/div>\n<div>\n<p>8 N\/A.<\/p>\n<\/div>\n<div style=\"font-weight: bold\">Di\u00e1metro total.<\/div>\n<div>\n<p>3.15&#8243; (80 mm).<\/p>\n<\/div>\n<div style=\"font-weight: bold\">Profundidad total.<\/div>\n<div>\n<p>7.68&#8243; (195 mm).<\/p>\n<\/div>\n<div style=\"font-weight: bold\">Di\u00e1metro del orificio de montaje.<\/div>\n<div>\n<p>(4) 6.0 mm.<\/p>\n<\/div>\n<div style=\"font-weight: bold\">Peso neto.<\/div>\n<div>\n<p>1.1 kg.<\/p>\n<\/div>\n<div style=\"font-weight: bold\">Materiales.<\/div>\n<div>\n<p>Gu\u00eda de onda: Aluminio. Diafragma: Poli\u00e9ster. Bobina m\u00f3vil: Borde de aluminio. Embobinador: Kapton. Im\u00e1n: Neodimio.<\/p>\n<\/div>\n<\/div>\n<\/div>","protected":false},"excerpt":{"rendered":"<p>Driver para arreglos lineales de 4 x 0.5\u201d, garganta de 20.5 mm (0.8\u201d), impedancia: 8 ohms, potencia AES: 40W, programa: 80W, Sensibilidad: 105 dB, respuesta de frecuencia: 700 Hz &#8211; 20 kHz, bobina m\u00f3vil de 1.75\u201d (44.5 mm), peso: 1.1 kg, diafragma de poli\u00e9ster, im\u00e1n de neodimio.&hellip; <a class=\"kt-excerpt-readmore more-link\" href=\"https:\/\/www.mexicanguitarplayers.com\/en\/tienda\/audio\/bafles-y-bocinas\/bocinas-y-componentes\/agudos\/driver-beyma-mod-wl-4-lineales\/\">Read more<\/a><\/p>","protected":false},"featured_media":32472,"comment_status":"open","ping_status":"closed","template":"","meta":{"kt_blocks_editor_width":""},"pwb-brand":[477],"product_brand":[],"product_cat":[530,213,221,474],"product_tag":[],"class_list":{"0":"post-32477","1":"product","2":"type-product","3":"status-publish","4":"has-post-thumbnail","6":"pwb-brand-beyma","7":"product_cat-agudos","8":"product_cat-audio","9":"product_cat-bafles-y-bocinas","10":"product_cat-bocinas-y-componentes","11":"product_shipping_class-0-5-kg","13":"first","14":"instock","15":"taxable","16":"shipping-taxable","17":"purchasable","18":"product-type-simple"},"yoast_head":"<!-- This site is optimized with the Yoast SEO plugin v27.3 - https:\/\/yoast.com\/product\/yoast-seo-wordpress\/ -->\n<title>DRIVER BEYMA    MOD. WL-4 (LINEALES) - Mexican Guitar Players<\/title>\n<meta name=\"description\" content=\"Driver para arreglos lineales de 4 x 0.5\u201d, garganta de 20.5 mm (0.8\u201d), impedancia: 8 ohms, potencia AES: 40W, programa: 80W, Sensibilidad: 105 dB, respuesta de frecuencia: 700 Hz - 20 kHz, bobina m\u00f3vil de 1.75\u201d (44.5 mm), peso: 1.1 kg, diafragma de poli\u00e9ster, im\u00e1n de neodimio.\" \/>\n<meta name=\"robots\" content=\"index, follow, max-snippet:-1, max-image-preview:large, max-video-preview:-1\" \/>\n<link rel=\"canonical\" href=\"https:\/\/www.mexicanguitarplayers.com\/en\/tienda\/sin%20categor\u00eda\/driver-beyma-mod-wl-4-lineales\/\" \/>\n<meta property=\"og:locale\" content=\"en_US\" \/>\n<meta property=\"og:type\" content=\"article\" \/>\n<meta property=\"og:title\" content=\"DRIVER BEYMA    MOD. WL-4 (LINEALES) - Mexican Guitar Players\" \/>\n<meta property=\"og:description\" content=\"Driver para arreglos lineales de 4 x 0.5\u201d, garganta de 20.5 mm (0.8\u201d), impedancia: 8 ohms, potencia AES: 40W, programa: 80W, Sensibilidad: 105 dB, respuesta de frecuencia: 700 Hz - 20 kHz, bobina m\u00f3vil de 1.75\u201d (44.5 mm), peso: 1.1 kg, diafragma de poli\u00e9ster, im\u00e1n de neodimio.\" \/>\n<meta property=\"og:url\" content=\"https:\/\/www.mexicanguitarplayers.com\/en\/tienda\/sin categor\u00eda\/driver-beyma-mod-wl-4-lineales\/\" \/>\n<meta property=\"og:site_name\" content=\"Mexican Guitar Players\" \/>\n<meta property=\"article:modified_time\" content=\"2026-01-01T14:37:30+00:00\" \/>\n<meta name=\"twitter:card\" content=\"summary_large_image\" \/>\n<meta name=\"twitter:label1\" content=\"Est. reading time\" \/>\n\t<meta name=\"twitter:data1\" content=\"2 minutes\" \/>\n<script type=\"application\/ld+json\" class=\"yoast-schema-graph\">{\"@context\":\"https:\\\/\\\/schema.org\",\"@graph\":[{\"@type\":[\"WebPage\",\"ItemPage\"],\"@id\":\"https:\\\/\\\/www.mexicanguitarplayers.com\\\/tienda\\\/sin categor\u00eda\\\/driver-beyma-mod-wl-4-lineales\\\/\",\"url\":\"https:\\\/\\\/www.mexicanguitarplayers.com\\\/tienda\\\/sin categor\u00eda\\\/driver-beyma-mod-wl-4-lineales\\\/\",\"name\":\"DRIVER BEYMA MOD. WL-4 (LINEALES) - Mexican Guitar Players\",\"isPartOf\":{\"@id\":\"https:\\\/\\\/www.mexicanguitarplayers.com\\\/#website\"},\"primaryImageOfPage\":{\"@id\":\"https:\\\/\\\/www.mexicanguitarplayers.com\\\/tienda\\\/sin categor\u00eda\\\/driver-beyma-mod-wl-4-lineales\\\/#primaryimage\"},\"image\":{\"@id\":\"https:\\\/\\\/www.mexicanguitarplayers.com\\\/tienda\\\/sin categor\u00eda\\\/driver-beyma-mod-wl-4-lineales\\\/#primaryimage\"},\"thumbnailUrl\":\"https:\\\/\\\/www.mexicanguitarplayers.com\\\/wp-content\\\/uploads\\\/2025\\\/04\\\/IABEYWL4.jpg\",\"datePublished\":\"2025-04-09T02:58:46+00:00\",\"dateModified\":\"2026-01-01T14:37:30+00:00\",\"description\":\"Driver para arreglos lineales de 4 x 0.5\u201d, garganta de 20.5 mm (0.8\u201d), impedancia: 8 ohms, potencia AES: 40W, programa: 80W, Sensibilidad: 105 dB, respuesta de frecuencia: 700 Hz - 20 kHz, bobina m\u00f3vil de 1.75\u201d (44.5 mm), peso: 1.1 kg, diafragma de poli\u00e9ster, im\u00e1n de neodimio.\",\"breadcrumb\":{\"@id\":\"https:\\\/\\\/www.mexicanguitarplayers.com\\\/tienda\\\/sin categor\u00eda\\\/driver-beyma-mod-wl-4-lineales\\\/#breadcrumb\"},\"inLanguage\":\"en-US\",\"potentialAction\":[{\"@type\":\"ReadAction\",\"target\":[\"https:\\\/\\\/www.mexicanguitarplayers.com\\\/tienda\\\/sin categor\u00eda\\\/driver-beyma-mod-wl-4-lineales\\\/\"]}]},{\"@type\":\"ImageObject\",\"inLanguage\":\"en-US\",\"@id\":\"https:\\\/\\\/www.mexicanguitarplayers.com\\\/tienda\\\/sin categor\u00eda\\\/driver-beyma-mod-wl-4-lineales\\\/#primaryimage\",\"url\":\"https:\\\/\\\/www.mexicanguitarplayers.com\\\/wp-content\\\/uploads\\\/2025\\\/04\\\/IABEYWL4.jpg\",\"contentUrl\":\"https:\\\/\\\/www.mexicanguitarplayers.com\\\/wp-content\\\/uploads\\\/2025\\\/04\\\/IABEYWL4.jpg\",\"width\":1200,\"height\":1200},{\"@type\":\"BreadcrumbList\",\"@id\":\"https:\\\/\\\/www.mexicanguitarplayers.com\\\/tienda\\\/sin categor\u00eda\\\/driver-beyma-mod-wl-4-lineales\\\/#breadcrumb\",\"itemListElement\":[{\"@type\":\"ListItem\",\"position\":1,\"name\":\"Portada\",\"item\":\"https:\\\/\\\/www.mexicanguitarplayers.com\\\/\"},{\"@type\":\"ListItem\",\"position\":2,\"name\":\"Tienda\",\"item\":\"https:\\\/\\\/www.mexicanguitarplayers.com\\\/tienda\\\/\"},{\"@type\":\"ListItem\",\"position\":3,\"name\":\"DRIVER BEYMA MOD. WL-4 (LINEALES)\"}]},{\"@type\":\"WebSite\",\"@id\":\"https:\\\/\\\/www.mexicanguitarplayers.com\\\/#website\",\"url\":\"https:\\\/\\\/www.mexicanguitarplayers.com\\\/\",\"name\":\"Mexican Guitar Players\",\"description\":\"Website\",\"publisher\":{\"@id\":\"https:\\\/\\\/www.mexicanguitarplayers.com\\\/#organization\"},\"potentialAction\":[{\"@type\":\"SearchAction\",\"target\":{\"@type\":\"EntryPoint\",\"urlTemplate\":\"https:\\\/\\\/www.mexicanguitarplayers.com\\\/?s={search_term_string}\"},\"query-input\":{\"@type\":\"PropertyValueSpecification\",\"valueRequired\":true,\"valueName\":\"search_term_string\"}}],\"inLanguage\":\"en-US\"},{\"@type\":\"Organization\",\"@id\":\"https:\\\/\\\/www.mexicanguitarplayers.com\\\/#organization\",\"name\":\"Mexican Guitar Players\",\"url\":\"https:\\\/\\\/www.mexicanguitarplayers.com\\\/\",\"logo\":{\"@type\":\"ImageObject\",\"inLanguage\":\"en-US\",\"@id\":\"https:\\\/\\\/www.mexicanguitarplayers.com\\\/#\\\/schema\\\/logo\\\/image\\\/\",\"url\":\"\",\"contentUrl\":\"\",\"caption\":\"Mexican Guitar Players\"},\"image\":{\"@id\":\"https:\\\/\\\/www.mexicanguitarplayers.com\\\/#\\\/schema\\\/logo\\\/image\\\/\"}}]}<\/script>\n<!-- \/ Yoast SEO plugin. -->","yoast_head_json":{"title":"DRIVER BEYMA    MOD. WL-4 (LINEALES) - Mexican Guitar Players","description":"Driver para arreglos lineales de 4 x 0.5\u201d, garganta de 20.5 mm (0.8\u201d), impedancia: 8 ohms, potencia AES: 40W, programa: 80W, Sensibilidad: 105 dB, respuesta de frecuencia: 700 Hz - 20 kHz, bobina m\u00f3vil de 1.75\u201d (44.5 mm), peso: 1.1 kg, diafragma de poli\u00e9ster, im\u00e1n de neodimio.","robots":{"index":"index","follow":"follow","max-snippet":"max-snippet:-1","max-image-preview":"max-image-preview:large","max-video-preview":"max-video-preview:-1"},"canonical":"https:\/\/www.mexicanguitarplayers.com\/en\/tienda\/sin categor\u00eda\/driver-beyma-mod-wl-4-lineales\/","og_locale":"en_US","og_type":"article","og_title":"DRIVER BEYMA    MOD. WL-4 (LINEALES) - Mexican Guitar Players","og_description":"Driver para arreglos lineales de 4 x 0.5\u201d, garganta de 20.5 mm (0.8\u201d), impedancia: 8 ohms, potencia AES: 40W, programa: 80W, Sensibilidad: 105 dB, respuesta de frecuencia: 700 Hz - 20 kHz, bobina m\u00f3vil de 1.75\u201d (44.5 mm), peso: 1.1 kg, diafragma de poli\u00e9ster, im\u00e1n de neodimio.","og_url":"https:\/\/www.mexicanguitarplayers.com\/en\/tienda\/sin categor\u00eda\/driver-beyma-mod-wl-4-lineales\/","og_site_name":"Mexican Guitar Players","article_modified_time":"2026-01-01T14:37:30+00:00","twitter_card":"summary_large_image","twitter_misc":{"Est. reading time":"2 minutes"},"schema":{"@context":"https:\/\/schema.org","@graph":[{"@type":["WebPage","ItemPage"],"@id":"https:\/\/www.mexicanguitarplayers.com\/tienda\/sin categor\u00eda\/driver-beyma-mod-wl-4-lineales\/","url":"https:\/\/www.mexicanguitarplayers.com\/tienda\/sin categor\u00eda\/driver-beyma-mod-wl-4-lineales\/","name":"DRIVER BEYMA MOD. WL-4 (LINEALES) - Mexican Guitar Players","isPartOf":{"@id":"https:\/\/www.mexicanguitarplayers.com\/#website"},"primaryImageOfPage":{"@id":"https:\/\/www.mexicanguitarplayers.com\/tienda\/sin categor\u00eda\/driver-beyma-mod-wl-4-lineales\/#primaryimage"},"image":{"@id":"https:\/\/www.mexicanguitarplayers.com\/tienda\/sin categor\u00eda\/driver-beyma-mod-wl-4-lineales\/#primaryimage"},"thumbnailUrl":"https:\/\/www.mexicanguitarplayers.com\/wp-content\/uploads\/2025\/04\/IABEYWL4.jpg","datePublished":"2025-04-09T02:58:46+00:00","dateModified":"2026-01-01T14:37:30+00:00","description":"Driver para arreglos lineales de 4 x 0.5\u201d, garganta de 20.5 mm (0.8\u201d), impedancia: 8 ohms, potencia AES: 40W, programa: 80W, Sensibilidad: 105 dB, respuesta de frecuencia: 700 Hz - 20 kHz, bobina m\u00f3vil de 1.75\u201d (44.5 mm), peso: 1.1 kg, diafragma de poli\u00e9ster, im\u00e1n de neodimio.","breadcrumb":{"@id":"https:\/\/www.mexicanguitarplayers.com\/tienda\/sin categor\u00eda\/driver-beyma-mod-wl-4-lineales\/#breadcrumb"},"inLanguage":"en-US","potentialAction":[{"@type":"ReadAction","target":["https:\/\/www.mexicanguitarplayers.com\/tienda\/sin categor\u00eda\/driver-beyma-mod-wl-4-lineales\/"]}]},{"@type":"ImageObject","inLanguage":"en-US","@id":"https:\/\/www.mexicanguitarplayers.com\/tienda\/sin categor\u00eda\/driver-beyma-mod-wl-4-lineales\/#primaryimage","url":"https:\/\/www.mexicanguitarplayers.com\/wp-content\/uploads\/2025\/04\/IABEYWL4.jpg","contentUrl":"https:\/\/www.mexicanguitarplayers.com\/wp-content\/uploads\/2025\/04\/IABEYWL4.jpg","width":1200,"height":1200},{"@type":"BreadcrumbList","@id":"https:\/\/www.mexicanguitarplayers.com\/tienda\/sin categor\u00eda\/driver-beyma-mod-wl-4-lineales\/#breadcrumb","itemListElement":[{"@type":"ListItem","position":1,"name":"Portada","item":"https:\/\/www.mexicanguitarplayers.com\/"},{"@type":"ListItem","position":2,"name":"Tienda","item":"https:\/\/www.mexicanguitarplayers.com\/tienda\/"},{"@type":"ListItem","position":3,"name":"DRIVER BEYMA MOD. WL-4 (LINEALES)"}]},{"@type":"WebSite","@id":"https:\/\/www.mexicanguitarplayers.com\/#website","url":"https:\/\/www.mexicanguitarplayers.com\/","name":"Mexican Guitar Players","description":"Website","publisher":{"@id":"https:\/\/www.mexicanguitarplayers.com\/#organization"},"potentialAction":[{"@type":"SearchAction","target":{"@type":"EntryPoint","urlTemplate":"https:\/\/www.mexicanguitarplayers.com\/?s={search_term_string}"},"query-input":{"@type":"PropertyValueSpecification","valueRequired":true,"valueName":"search_term_string"}}],"inLanguage":"en-US"},{"@type":"Organization","@id":"https:\/\/www.mexicanguitarplayers.com\/#organization","name":"Mexican Guitar Players","url":"https:\/\/www.mexicanguitarplayers.com\/","logo":{"@type":"ImageObject","inLanguage":"en-US","@id":"https:\/\/www.mexicanguitarplayers.com\/#\/schema\/logo\/image\/","url":"","contentUrl":"","caption":"Mexican Guitar Players"},"image":{"@id":"https:\/\/www.mexicanguitarplayers.com\/#\/schema\/logo\/image\/"}}]}},"brands":[{"id":477,"name":"BEYMA","slug":"beyma"}],"_links":{"self":[{"href":"https:\/\/www.mexicanguitarplayers.com\/en\/wp-json\/wp\/v2\/product\/32477","targetHints":{"allow":["GET"]}}],"collection":[{"href":"https:\/\/www.mexicanguitarplayers.com\/en\/wp-json\/wp\/v2\/product"}],"about":[{"href":"https:\/\/www.mexicanguitarplayers.com\/en\/wp-json\/wp\/v2\/types\/product"}],"replies":[{"embeddable":true,"href":"https:\/\/www.mexicanguitarplayers.com\/en\/wp-json\/wp\/v2\/comments?post=32477"}],"wp:featuredmedia":[{"embeddable":true,"href":"https:\/\/www.mexicanguitarplayers.com\/en\/wp-json\/wp\/v2\/media\/32472"}],"wp:attachment":[{"href":"https:\/\/www.mexicanguitarplayers.com\/en\/wp-json\/wp\/v2\/media?parent=32477"}],"wp:term":[{"taxonomy":"pwb-brand","embeddable":true,"href":"https:\/\/www.mexicanguitarplayers.com\/en\/wp-json\/wp\/v2\/pwb-brand?post=32477"},{"taxonomy":"product_brand","embeddable":true,"href":"https:\/\/www.mexicanguitarplayers.com\/en\/wp-json\/wp\/v2\/product_brand?post=32477"},{"taxonomy":"product_cat","embeddable":true,"href":"https:\/\/www.mexicanguitarplayers.com\/en\/wp-json\/wp\/v2\/product_cat?post=32477"},{"taxonomy":"product_tag","embeddable":true,"href":"https:\/\/www.mexicanguitarplayers.com\/en\/wp-json\/wp\/v2\/product_tag?post=32477"}],"curies":[{"name":"wp","href":"https:\/\/api.w.org\/{rel}","templated":true}]}}