{"id":32523,"date":"2025-04-08T20:59:48","date_gmt":"2025-04-09T02:59:48","guid":{"rendered":"https:\/\/www.mexicanguitarplayers.com\/tienda\/sin categor\u00eda\/guitarra-washburn-acustica-mod-bts24s\/"},"modified":"2026-04-15T04:19:27","modified_gmt":"2026-04-15T10:19:27","slug":"guitarra-washburn-acustica-mod-bts24s","status":"publish","type":"product","link":"https:\/\/www.mexicanguitarplayers.com\/en\/tienda\/cuerdas\/guitarras-cuerdas\/acusticas\/guitarras-acusticas\/guitarra-washburn-acustica-mod-bts24s\/","title":{"rendered":"GUITARRA WASHBURN ACUSTICA MOD.BTS24S"},"content":{"rendered":"<div style=\"text-align: justify\">\n<div>\n<h3>Una incre\u00edble experiencia de toque.<\/h3>\n<\/div>\n<div>La Bella Tono Elegante S24S tiene todo lo que un guitarrista ac\u00fastico podr\u00eda pedir y algo m\u00e1s. Cuenta con una tapa de abeto macizo y una combinaci\u00f3n asombrosamente hermosa de aros y fondo de pau ferro. La caja de resonancia est\u00e1 adornada con un deslumbrante abul\u00f3n tanto para la roseta como para el fileteado, que se acent\u00faa a\u00fan m\u00e1s con un rico realce de padauk y ribetes de \u00e9bano. El diapas\u00f3n de \u00e9bano contin\u00faa con los exuberantes detalles de abul\u00f3n, que representa una escena con incrustaciones de monta\u00f1as y p\u00e1jaros en vuelo. El dise\u00f1o del cuerpo de la Washburn Studio brinda una experiencia de toque incre\u00edblemente c\u00f3moda mientras logra mantener los graves ajustados, los medios enfocados y los agudos claros com\u00fanmente asociados con tama\u00f1os de cuerpo m\u00e1s grandes. La tapa de abeto macizo ayuda a definir los matices s\u00f3nicos en todo el registro del instrumento. SU longitud de escala completa de 25.5&#8243; extiende una innegable familiaridad al m\u00fasico y el moderno perfil en C con terminado satinado del brazo de caoba proporcionan una sensaci\u00f3n suave y acogedora en las manos.<\/div>\n<div>\n<h4>Quick look<\/h4>\n<\/div>\n<ul style=\"margin: 0px 0px 0px 25px\">\n<li style=\"list-style-type: circle;margin: 5px\">Kind.<\/li>\n<li style=\"list-style-type: circle;margin: 5px\">Forma.<\/li>\n<li style=\"list-style-type: circle;margin: 5px\">Estilo.<\/li>\n<li style=\"list-style-type: circle;margin: 5px\">Material de la tapa.<\/li>\n<li style=\"list-style-type: circle;margin: 5px\">Material de los aros.<\/li>\n<li style=\"list-style-type: circle;margin: 5px\">Material del fondo.<\/li>\n<li style=\"list-style-type: circle;margin: 5px\">Reinforcement.<\/li>\n<li style=\"list-style-type: circle;margin: 5px\">Rosette<\/li>\n<li style=\"list-style-type: circle;margin: 5px\">Color.<\/li>\n<li style=\"list-style-type: circle;margin: 5px\">Informaci\u00f3n adicional.<\/li>\n<li style=\"list-style-type: circle;margin: 5px\">Material del brazo.<\/li>\n<li style=\"list-style-type: circle;margin: 5px\">Material del diapas\u00f3n.<\/li>\n<li style=\"list-style-type: circle;margin: 5px\">N\u00famero de trastes.<\/li>\n<li style=\"list-style-type: circle;margin: 5px\">Scale.<\/li>\n<li style=\"list-style-type: circle;margin: 5px\">Scale.<\/li>\n<li style=\"list-style-type: circle;margin: 5px\">Bridge.<\/li>\n<li style=\"list-style-type: circle;margin: 5px\">Afinadores.<\/li>\n<li style=\"list-style-type: circle;margin: 5px\">Strings<\/li>\n<\/ul>\n<div>\n<div style=\"font-weight: bold\">Kind.<\/div>\n<div>\n<p>Guitarra ac\u00fastica.<\/p>\n<\/div>\n<div style=\"font-weight: bold\">Forma.<\/div>\n<div>\n<p>Studio.<\/p>\n<\/div>\n<div style=\"font-weight: bold\">Estilo.<\/div>\n<div>\n<p>Ac\u00fastica de 6 cuerdas.<\/p>\n<\/div>\n<div style=\"font-weight: bold\">Material de la tapa.<\/div>\n<div>\n<p>Abeto s\u00f3lido.<\/p>\n<\/div>\n<div style=\"font-weight: bold\">Material de los aros.<\/div>\n<div>\n<p>Pau ferro seleccionado.<\/p>\n<\/div>\n<div style=\"font-weight: bold\">Material del fondo.<\/div>\n<div>\n<p>Pau ferro seleccionado.<\/p>\n<\/div>\n<div style=\"font-weight: bold\">Reinforcement.<\/div>\n<div>\n<p>Festoneado aserrado en cuartos.<\/p>\n<\/div>\n<div style=\"font-weight: bold\">Rosette<\/div>\n<div>\n<p>Abul\u00f3n.<\/p>\n<\/div>\n<div style=\"font-weight: bold\">Color.<\/div>\n<div>\n<p>Natural brillante.<\/p>\n<\/div>\n<div style=\"font-weight: bold\">Informaci\u00f3n adicional.<\/div>\n<div>\n<p>Purfling de abul\u00f3n \/ highlight de padauk \/ uni\u00f3n de \u00e9bano.<\/p>\n<\/div>\n<div style=\"font-weight: bold\">Material del brazo.<\/div>\n<div>\n<p>Mahogany.<\/p>\n<\/div>\n<div style=\"font-weight: bold\">Material del diapas\u00f3n.<\/div>\n<div>\n<p>Ebony.<\/p>\n<\/div>\n<div style=\"font-weight: bold\">N\u00famero de trastes.<\/div>\n<div>\n<p>20.<\/p>\n<\/div>\n<div style=\"font-weight: bold\">Scale.<\/div>\n<div>\n<p>Monta\u00f1as de abul\u00f3n y p\u00e1jaros en vuelo.<\/p>\n<\/div>\n<div style=\"font-weight: bold\">Scale.<\/div>\n<div>\n<p>25-1\/2&#8243;.<\/p>\n<\/div>\n<div style=\"font-weight: bold\">Bridge.<\/div>\n<div>\n<p>Ebony.<\/p>\n<\/div>\n<div style=\"font-weight: bold\">Afinadores.<\/div>\n<div>\n<p>Dorados diecast.<\/p>\n<\/div>\n<div style=\"font-weight: bold\">Strings<\/div>\n<div>\n<p>D&#8217;Addario.<\/p>\n<\/div>\n<\/div>\n<\/div>","protected":false},"excerpt":{"rendered":"<p>Guitarra ac\u00fastica Studio, tapa de abeto s\u00f3lido, aros y fondo de pau ferro seleccionado, refuerzo festoneado aserrado en cuartos, roseta de abul\u00f3n, color natural brillante, brazo de caoba, diapas\u00f3n de \u00e9bano, 20 trastes, incrustaciones de monta\u00f1as de abul\u00f3n y p\u00e1jaros en vuelo, escala: 25-1\/2\u201d, puente de \u00e9bano, afinadores dorados diecast, cuerdas D&#8217;Addario.&hellip; <a class=\"kt-excerpt-readmore more-link\" href=\"https:\/\/www.mexicanguitarplayers.com\/en\/tienda\/cuerdas\/guitarras-cuerdas\/acusticas\/guitarras-acusticas\/guitarra-washburn-acustica-mod-bts24s\/\">Read more<\/a><\/p>","protected":false},"featured_media":32517,"comment_status":"open","ping_status":"closed","template":"","meta":{"kt_blocks_editor_width":""},"pwb-brand":[178],"product_brand":[],"product_cat":[315,224,312,327],"product_tag":[],"class_list":{"0":"post-32523","1":"product","2":"type-product","3":"status-publish","4":"has-post-thumbnail","6":"pwb-brand-washburn","7":"product_cat-acusticas","8":"product_cat-cuerdas","9":"product_cat-guitarras-cuerdas","10":"product_cat-guitarras-acusticas","11":"product_shipping_class-0-5-kg","13":"first","14":"instock","15":"taxable","16":"shipping-taxable","17":"purchasable","18":"product-type-simple"},"yoast_head":"<!-- This site is optimized with the Yoast SEO plugin v27.4 - https:\/\/yoast.com\/product\/yoast-seo-wordpress\/ -->\n<title>GUITARRA WASHBURN ACUSTICA MOD.BTS24S - Mexican Guitar Players<\/title>\n<meta name=\"description\" content=\"Guitarra ac\u00fastica Studio, tapa de abeto s\u00f3lido, aros y fondo de pau ferro seleccionado, refuerzo festoneado aserrado en cuartos, roseta de abul\u00f3n, color natural brillante, brazo de caoba, diapas\u00f3n de \u00e9bano, 20 trastes, incrustaciones de monta\u00f1as de abul\u00f3n y p\u00e1jaros en vuelo, escala: 25-1\/2\u201d, puente de \u00e9bano, afinadores dorados diecast, cuerdas D&#039;Addario.\" \/>\n<meta name=\"robots\" content=\"index, follow, max-snippet:-1, max-image-preview:large, max-video-preview:-1\" \/>\n<link rel=\"canonical\" href=\"https:\/\/www.mexicanguitarplayers.com\/en\/tienda\/sin%20categor\u00eda\/guitarra-washburn-acustica-mod-bts24s\/\" \/>\n<meta property=\"og:locale\" content=\"en_US\" \/>\n<meta property=\"og:type\" content=\"article\" \/>\n<meta property=\"og:title\" content=\"GUITARRA WASHBURN ACUSTICA MOD.BTS24S - Mexican Guitar Players\" \/>\n<meta property=\"og:description\" content=\"Guitarra ac\u00fastica Studio, tapa de abeto s\u00f3lido, aros y fondo de pau ferro seleccionado, refuerzo festoneado aserrado en cuartos, roseta de abul\u00f3n, color natural brillante, brazo de caoba, diapas\u00f3n de \u00e9bano, 20 trastes, incrustaciones de monta\u00f1as de abul\u00f3n y p\u00e1jaros en vuelo, escala: 25-1\/2\u201d, puente de \u00e9bano, afinadores dorados diecast, cuerdas D&#039;Addario.\" \/>\n<meta property=\"og:url\" content=\"https:\/\/www.mexicanguitarplayers.com\/en\/tienda\/sin categor\u00eda\/guitarra-washburn-acustica-mod-bts24s\/\" \/>\n<meta property=\"og:site_name\" content=\"Mexican Guitar Players\" \/>\n<meta property=\"article:modified_time\" content=\"2026-04-15T10:19:27+00:00\" \/>\n<meta name=\"twitter:card\" content=\"summary_large_image\" \/>\n<meta name=\"twitter:label1\" content=\"Est. reading time\" \/>\n\t<meta name=\"twitter:data1\" content=\"2 minutes\" \/>\n<script type=\"application\/ld+json\" class=\"yoast-schema-graph\">{\"@context\":\"https:\\\/\\\/schema.org\",\"@graph\":[{\"@type\":[\"WebPage\",\"ItemPage\"],\"@id\":\"https:\\\/\\\/www.mexicanguitarplayers.com\\\/tienda\\\/sin categor\u00eda\\\/guitarra-washburn-acustica-mod-bts24s\\\/\",\"url\":\"https:\\\/\\\/www.mexicanguitarplayers.com\\\/tienda\\\/sin categor\u00eda\\\/guitarra-washburn-acustica-mod-bts24s\\\/\",\"name\":\"GUITARRA WASHBURN ACUSTICA MOD.BTS24S - Mexican Guitar Players\",\"isPartOf\":{\"@id\":\"https:\\\/\\\/www.mexicanguitarplayers.com\\\/#website\"},\"primaryImageOfPage\":{\"@id\":\"https:\\\/\\\/www.mexicanguitarplayers.com\\\/tienda\\\/sin categor\u00eda\\\/guitarra-washburn-acustica-mod-bts24s\\\/#primaryimage\"},\"image\":{\"@id\":\"https:\\\/\\\/www.mexicanguitarplayers.com\\\/tienda\\\/sin categor\u00eda\\\/guitarra-washburn-acustica-mod-bts24s\\\/#primaryimage\"},\"thumbnailUrl\":\"https:\\\/\\\/www.mexicanguitarplayers.com\\\/wp-content\\\/uploads\\\/2025\\\/04\\\/ISWASBTS24S.jpg\",\"datePublished\":\"2025-04-09T02:59:48+00:00\",\"dateModified\":\"2026-04-15T10:19:27+00:00\",\"description\":\"Guitarra ac\u00fastica Studio, tapa de abeto s\u00f3lido, aros y fondo de pau ferro seleccionado, refuerzo festoneado aserrado en cuartos, roseta de abul\u00f3n, color natural brillante, brazo de caoba, diapas\u00f3n de \u00e9bano, 20 trastes, incrustaciones de monta\u00f1as de abul\u00f3n y p\u00e1jaros en vuelo, escala: 25-1\\\/2\u201d, puente de \u00e9bano, afinadores dorados diecast, cuerdas D'Addario.\",\"breadcrumb\":{\"@id\":\"https:\\\/\\\/www.mexicanguitarplayers.com\\\/tienda\\\/sin categor\u00eda\\\/guitarra-washburn-acustica-mod-bts24s\\\/#breadcrumb\"},\"inLanguage\":\"en-US\",\"potentialAction\":[{\"@type\":\"ReadAction\",\"target\":[\"https:\\\/\\\/www.mexicanguitarplayers.com\\\/tienda\\\/sin categor\u00eda\\\/guitarra-washburn-acustica-mod-bts24s\\\/\"]}]},{\"@type\":\"ImageObject\",\"inLanguage\":\"en-US\",\"@id\":\"https:\\\/\\\/www.mexicanguitarplayers.com\\\/tienda\\\/sin categor\u00eda\\\/guitarra-washburn-acustica-mod-bts24s\\\/#primaryimage\",\"url\":\"https:\\\/\\\/www.mexicanguitarplayers.com\\\/wp-content\\\/uploads\\\/2025\\\/04\\\/ISWASBTS24S.jpg\",\"contentUrl\":\"https:\\\/\\\/www.mexicanguitarplayers.com\\\/wp-content\\\/uploads\\\/2025\\\/04\\\/ISWASBTS24S.jpg\",\"width\":800,\"height\":1600},{\"@type\":\"BreadcrumbList\",\"@id\":\"https:\\\/\\\/www.mexicanguitarplayers.com\\\/tienda\\\/sin categor\u00eda\\\/guitarra-washburn-acustica-mod-bts24s\\\/#breadcrumb\",\"itemListElement\":[{\"@type\":\"ListItem\",\"position\":1,\"name\":\"Portada\",\"item\":\"https:\\\/\\\/www.mexicanguitarplayers.com\\\/\"},{\"@type\":\"ListItem\",\"position\":2,\"name\":\"Tienda\",\"item\":\"https:\\\/\\\/www.mexicanguitarplayers.com\\\/tienda\\\/\"},{\"@type\":\"ListItem\",\"position\":3,\"name\":\"GUITARRA WASHBURN ACUSTICA MOD.BTS24S\"}]},{\"@type\":\"WebSite\",\"@id\":\"https:\\\/\\\/www.mexicanguitarplayers.com\\\/#website\",\"url\":\"https:\\\/\\\/www.mexicanguitarplayers.com\\\/\",\"name\":\"Mexican Guitar Players\",\"description\":\"Website\",\"publisher\":{\"@id\":\"https:\\\/\\\/www.mexicanguitarplayers.com\\\/#organization\"},\"potentialAction\":[{\"@type\":\"SearchAction\",\"target\":{\"@type\":\"EntryPoint\",\"urlTemplate\":\"https:\\\/\\\/www.mexicanguitarplayers.com\\\/?s={search_term_string}\"},\"query-input\":{\"@type\":\"PropertyValueSpecification\",\"valueRequired\":true,\"valueName\":\"search_term_string\"}}],\"inLanguage\":\"en-US\"},{\"@type\":\"Organization\",\"@id\":\"https:\\\/\\\/www.mexicanguitarplayers.com\\\/#organization\",\"name\":\"Mexican Guitar Players\",\"url\":\"https:\\\/\\\/www.mexicanguitarplayers.com\\\/\",\"logo\":{\"@type\":\"ImageObject\",\"inLanguage\":\"en-US\",\"@id\":\"https:\\\/\\\/www.mexicanguitarplayers.com\\\/#\\\/schema\\\/logo\\\/image\\\/\",\"url\":\"\",\"contentUrl\":\"\",\"caption\":\"Mexican Guitar Players\"},\"image\":{\"@id\":\"https:\\\/\\\/www.mexicanguitarplayers.com\\\/#\\\/schema\\\/logo\\\/image\\\/\"}}]}<\/script>\n<!-- \/ Yoast SEO plugin. -->","yoast_head_json":{"title":"GUITARRA WASHBURN ACUSTICA MOD.BTS24S - Mexican Guitar Players","description":"Guitarra ac\u00fastica Studio, tapa de abeto s\u00f3lido, aros y fondo de pau ferro seleccionado, refuerzo festoneado aserrado en cuartos, roseta de abul\u00f3n, color natural brillante, brazo de caoba, diapas\u00f3n de \u00e9bano, 20 trastes, incrustaciones de monta\u00f1as de abul\u00f3n y p\u00e1jaros en vuelo, escala: 25-1\/2\u201d, puente de \u00e9bano, afinadores dorados diecast, cuerdas D'Addario.","robots":{"index":"index","follow":"follow","max-snippet":"max-snippet:-1","max-image-preview":"max-image-preview:large","max-video-preview":"max-video-preview:-1"},"canonical":"https:\/\/www.mexicanguitarplayers.com\/en\/tienda\/sin categor\u00eda\/guitarra-washburn-acustica-mod-bts24s\/","og_locale":"en_US","og_type":"article","og_title":"GUITARRA WASHBURN ACUSTICA MOD.BTS24S - Mexican Guitar Players","og_description":"Guitarra ac\u00fastica Studio, tapa de abeto s\u00f3lido, aros y fondo de pau ferro seleccionado, refuerzo festoneado aserrado en cuartos, roseta de abul\u00f3n, color natural brillante, brazo de caoba, diapas\u00f3n de \u00e9bano, 20 trastes, incrustaciones de monta\u00f1as de abul\u00f3n y p\u00e1jaros en vuelo, escala: 25-1\/2\u201d, puente de \u00e9bano, afinadores dorados diecast, cuerdas D'Addario.","og_url":"https:\/\/www.mexicanguitarplayers.com\/en\/tienda\/sin categor\u00eda\/guitarra-washburn-acustica-mod-bts24s\/","og_site_name":"Mexican Guitar Players","article_modified_time":"2026-04-15T10:19:27+00:00","twitter_card":"summary_large_image","twitter_misc":{"Est. reading time":"2 minutes"},"schema":{"@context":"https:\/\/schema.org","@graph":[{"@type":["WebPage","ItemPage"],"@id":"https:\/\/www.mexicanguitarplayers.com\/tienda\/sin categor\u00eda\/guitarra-washburn-acustica-mod-bts24s\/","url":"https:\/\/www.mexicanguitarplayers.com\/tienda\/sin categor\u00eda\/guitarra-washburn-acustica-mod-bts24s\/","name":"GUITARRA WASHBURN ACUSTICA MOD.BTS24S - Mexican Guitar Players","isPartOf":{"@id":"https:\/\/www.mexicanguitarplayers.com\/#website"},"primaryImageOfPage":{"@id":"https:\/\/www.mexicanguitarplayers.com\/tienda\/sin categor\u00eda\/guitarra-washburn-acustica-mod-bts24s\/#primaryimage"},"image":{"@id":"https:\/\/www.mexicanguitarplayers.com\/tienda\/sin categor\u00eda\/guitarra-washburn-acustica-mod-bts24s\/#primaryimage"},"thumbnailUrl":"https:\/\/www.mexicanguitarplayers.com\/wp-content\/uploads\/2025\/04\/ISWASBTS24S.jpg","datePublished":"2025-04-09T02:59:48+00:00","dateModified":"2026-04-15T10:19:27+00:00","description":"Guitarra ac\u00fastica Studio, tapa de abeto s\u00f3lido, aros y fondo de pau ferro seleccionado, refuerzo festoneado aserrado en cuartos, roseta de abul\u00f3n, color natural brillante, brazo de caoba, diapas\u00f3n de \u00e9bano, 20 trastes, incrustaciones de monta\u00f1as de abul\u00f3n y p\u00e1jaros en vuelo, escala: 25-1\/2\u201d, puente de \u00e9bano, afinadores dorados diecast, cuerdas D'Addario.","breadcrumb":{"@id":"https:\/\/www.mexicanguitarplayers.com\/tienda\/sin categor\u00eda\/guitarra-washburn-acustica-mod-bts24s\/#breadcrumb"},"inLanguage":"en-US","potentialAction":[{"@type":"ReadAction","target":["https:\/\/www.mexicanguitarplayers.com\/tienda\/sin categor\u00eda\/guitarra-washburn-acustica-mod-bts24s\/"]}]},{"@type":"ImageObject","inLanguage":"en-US","@id":"https:\/\/www.mexicanguitarplayers.com\/tienda\/sin categor\u00eda\/guitarra-washburn-acustica-mod-bts24s\/#primaryimage","url":"https:\/\/www.mexicanguitarplayers.com\/wp-content\/uploads\/2025\/04\/ISWASBTS24S.jpg","contentUrl":"https:\/\/www.mexicanguitarplayers.com\/wp-content\/uploads\/2025\/04\/ISWASBTS24S.jpg","width":800,"height":1600},{"@type":"BreadcrumbList","@id":"https:\/\/www.mexicanguitarplayers.com\/tienda\/sin categor\u00eda\/guitarra-washburn-acustica-mod-bts24s\/#breadcrumb","itemListElement":[{"@type":"ListItem","position":1,"name":"Portada","item":"https:\/\/www.mexicanguitarplayers.com\/"},{"@type":"ListItem","position":2,"name":"Tienda","item":"https:\/\/www.mexicanguitarplayers.com\/tienda\/"},{"@type":"ListItem","position":3,"name":"GUITARRA WASHBURN ACUSTICA MOD.BTS24S"}]},{"@type":"WebSite","@id":"https:\/\/www.mexicanguitarplayers.com\/#website","url":"https:\/\/www.mexicanguitarplayers.com\/","name":"Mexican Guitar Players","description":"Website","publisher":{"@id":"https:\/\/www.mexicanguitarplayers.com\/#organization"},"potentialAction":[{"@type":"SearchAction","target":{"@type":"EntryPoint","urlTemplate":"https:\/\/www.mexicanguitarplayers.com\/?s={search_term_string}"},"query-input":{"@type":"PropertyValueSpecification","valueRequired":true,"valueName":"search_term_string"}}],"inLanguage":"en-US"},{"@type":"Organization","@id":"https:\/\/www.mexicanguitarplayers.com\/#organization","name":"Mexican Guitar Players","url":"https:\/\/www.mexicanguitarplayers.com\/","logo":{"@type":"ImageObject","inLanguage":"en-US","@id":"https:\/\/www.mexicanguitarplayers.com\/#\/schema\/logo\/image\/","url":"","contentUrl":"","caption":"Mexican Guitar Players"},"image":{"@id":"https:\/\/www.mexicanguitarplayers.com\/#\/schema\/logo\/image\/"}}]}},"brands":[{"id":178,"name":"WASHBURN","slug":"washburn"}],"_links":{"self":[{"href":"https:\/\/www.mexicanguitarplayers.com\/en\/wp-json\/wp\/v2\/product\/32523","targetHints":{"allow":["GET"]}}],"collection":[{"href":"https:\/\/www.mexicanguitarplayers.com\/en\/wp-json\/wp\/v2\/product"}],"about":[{"href":"https:\/\/www.mexicanguitarplayers.com\/en\/wp-json\/wp\/v2\/types\/product"}],"replies":[{"embeddable":true,"href":"https:\/\/www.mexicanguitarplayers.com\/en\/wp-json\/wp\/v2\/comments?post=32523"}],"wp:featuredmedia":[{"embeddable":true,"href":"https:\/\/www.mexicanguitarplayers.com\/en\/wp-json\/wp\/v2\/media\/32517"}],"wp:attachment":[{"href":"https:\/\/www.mexicanguitarplayers.com\/en\/wp-json\/wp\/v2\/media?parent=32523"}],"wp:term":[{"taxonomy":"pwb-brand","embeddable":true,"href":"https:\/\/www.mexicanguitarplayers.com\/en\/wp-json\/wp\/v2\/pwb-brand?post=32523"},{"taxonomy":"product_brand","embeddable":true,"href":"https:\/\/www.mexicanguitarplayers.com\/en\/wp-json\/wp\/v2\/product_brand?post=32523"},{"taxonomy":"product_cat","embeddable":true,"href":"https:\/\/www.mexicanguitarplayers.com\/en\/wp-json\/wp\/v2\/product_cat?post=32523"},{"taxonomy":"product_tag","embeddable":true,"href":"https:\/\/www.mexicanguitarplayers.com\/en\/wp-json\/wp\/v2\/product_tag?post=32523"}],"curies":[{"name":"wp","href":"https:\/\/api.w.org\/{rel}","templated":true}]}}