{"id":32533,"date":"2025-04-08T21:00:00","date_gmt":"2025-04-09T03:00:00","guid":{"rendered":"https:\/\/www.mexicanguitarplayers.com\/tienda\/sin categor\u00eda\/columna-electrovoice-mod-evolve30m-us\/"},"modified":"2026-02-04T04:16:30","modified_gmt":"2026-02-04T10:16:30","slug":"columna-electrovoice-mod-evolve30m-us","status":"publish","type":"product","link":"https:\/\/www.mexicanguitarplayers.com\/en\/tienda\/audio\/bafles-y-bocinas\/bafles\/bafles-activos\/columna-electrovoice-mod-evolve30m-us\/","title":{"rendered":"COLUMNA ELECTROVOICE MOD. EVOLVE30M-US"},"content":{"rendered":"<div style=\"text-align: justify\">\n<div>\n<h3>Calidad de sonido superior y el conjunto de funciones m\u00e1s completo de su clase.<\/h3>\n<\/div>\n<div>El altavoz EVOLVE 30M est\u00e1 dise\u00f1ado para ofrecer un avance significativo en el rendimiento general de un sistema de columna en su categor\u00eda de tama\u00f1o\/precio. Incluye una mezcladora digital de 8 canales, efectos integrados con calidad de estudio y control remoto de todas las funciones de audio, efectos y mezclas a trav\u00e9s de la aplicaci\u00f3n m\u00f3vil QuickSmart de Electro-Voice de pr\u00f3xima generaci\u00f3n (disponible a trav\u00e9s de App Store o Google Play). El sistema incluye una matriz de altavoces, un conector de polo de dos piezas, un malet\u00edn de transporte para arreglo y poste y un subwoofer activo, todo hecho para empacar y ensamblar r\u00e1pidamente, lucir genial en el escenario y resistir el desgaste del mundo real. Todo esto lo convierte en una excelente opci\u00f3n para m\u00fasicos, solistas, bandas y lugares musicales peque\u00f1os o cualquier aplicaci\u00f3n que requiera un sistema f\u00e1cil de usar, altamente port\u00e1til y liviano, con conectividad, control cobertura y salida extraordinarios en relaci\u00f3n con su huella. Para eventos como bodas, la mezcladora permite que el mismo sistema admita diversos micr\u00f3fonos y entradas necesarios para los participantes, m\u00fasicos y m\u00fasica de fondo durante el d\u00eda, todo con mucha potencia para llenar la pista de baile, para una sesi\u00f3n de DJ o un show en vivo por la noche.<\/div>\n<div>\n<h4>Quick look<\/h4>\n<\/div>\n<ul style=\"margin: 0px 0px 0px 25px\">\n<li style=\"list-style-type: circle;margin: 5px\">Woofers.<\/li>\n<li style=\"list-style-type: circle;margin: 5px\">Cobertura (H x V).<\/li>\n<li style=\"list-style-type: circle;margin: 5px\">Potencia total de amplificaci\u00f3n.<\/li>\n<li style=\"list-style-type: circle;margin: 5px\">Potencia LF.<\/li>\n<li style=\"list-style-type: circle;margin: 5px\">Potencia HF.<\/li>\n<li style=\"list-style-type: circle;margin: 5px\">Frecuencia de crossover.<\/li>\n<li style=\"list-style-type: circle;margin: 5px\">Respuesta de frecuencia (-3 dB).<\/li>\n<li style=\"list-style-type: circle;margin: 5px\">Rango de frecuencia (-10 dB).<\/li>\n<li style=\"list-style-type: circle;margin: 5px\">Maximum SPL.<\/li>\n<li style=\"list-style-type: circle;margin: 5px\">Connectors.<\/li>\n<li style=\"list-style-type: circle;margin: 5px\">Gabinete.<\/li>\n<li style=\"list-style-type: circle;margin: 5px\">Columna.<\/li>\n<li style=\"list-style-type: circle;margin: 5px\">Polo.<\/li>\n<li style=\"list-style-type: circle;margin: 5px\">Rejilla.<\/li>\n<li style=\"list-style-type: circle;margin: 5px\">Dimensions.<\/li>\n<li style=\"list-style-type: circle;margin: 5px\">Weight.<\/li>\n<li style=\"list-style-type: circle;margin: 5px\">Energy consumption.<\/li>\n<\/ul>\n<div>\n<div style=\"font-weight: bold\">Woofers.<\/div>\n<div>\n<p>1 subwoofer de 10\u201d pulgadas. 6 drivers de neodimio de 2.8\u201d pulgadas.<\/p>\n<\/div>\n<div style=\"font-weight: bold\">Cobertura (H x V).<\/div>\n<div>\n<p>120\u00b0 x 40\u00b0.<\/p>\n<\/div>\n<div style=\"font-weight: bold\">Potencia total de amplificaci\u00f3n.<\/div>\n<div>\n<p>1000 W.<\/p>\n<\/div>\n<div style=\"font-weight: bold\">Potencia LF.<\/div>\n<div>\n<p>500 W.<\/p>\n<\/div>\n<div style=\"font-weight: bold\">Potencia HF.<\/div>\n<div>\n<p>500 W.<\/p>\n<\/div>\n<div style=\"font-weight: bold\">Frecuencia de crossover.<\/div>\n<div>\n<p>200 Hz.<\/p>\n<\/div>\n<div style=\"font-weight: bold\">Respuesta de frecuencia (-3 dB).<\/div>\n<div>\n<p>51 Hz a 20 kHz.<\/p>\n<\/div>\n<div style=\"font-weight: bold\">Rango de frecuencia (-10 dB).<\/div>\n<div>\n<p>45 Hz a 20 kHz.<\/p>\n<\/div>\n<div style=\"font-weight: bold\">Maximum SPL.<\/div>\n<div>\n<p>123 dB.<\/p>\n<\/div>\n<div style=\"font-weight: bold\">Connectors.<\/div>\n<div>\n<p>4 conectores de entrada XLR\/TRS Combo Jack para Line\/Mic. 1 conector de entrada de 1\/4&#8243; TRS HI-Z. 2 conectores de entrada XLR\/TRS Combo Jack para Stereo Line. 1 conector de entrada RCA est\u00e9reo. 1 conector de entrada de 3.5 mm est\u00e9reo. 1 entrada bluetooth wireless est\u00e9reo. 1 conector de entrada de 1\/4&#8243; para foot switch. 1 conector de salida XLR MIX. 1 conector de salida XLR AUX.<\/p>\n<\/div>\n<div style=\"font-weight: bold\">Gabinete.<\/div>\n<div>\n<p>Madera contrachapada de 15 mm.<\/p>\n<\/div>\n<div style=\"font-weight: bold\">Columna.<\/div>\n<div>\n<p>Compuesto.<\/p>\n<\/div>\n<div style=\"font-weight: bold\">Polo.<\/div>\n<div>\n<p>Aluminio.<\/p>\n<\/div>\n<div style=\"font-weight: bold\">Rejilla.<\/div>\n<div>\n<p>Acero con recubrimiento en polvo.<\/p>\n<\/div>\n<div style=\"font-weight: bold\">Dimensions.<\/div>\n<div>\n<p>Sub: 448 x 332 x 432 mm. Columna: 620 x 95 x 157 mm. Poste (2 piezas): 600 x 48 x 55 mm.<\/p>\n<\/div>\n<div style=\"font-weight: bold\">Weight.<\/div>\n<div>\n<p>Sub: 15.8 kg. Columna: 2.7 kg. Poste: 1.4 kg. Bolsa para columna y poste. 0.85 kg.<\/p>\n<\/div>\n<div style=\"font-weight: bold\">Energy consumption.<\/div>\n<div>\n<p>100-240 V AC, 50-60 Hz, 1.5-0.6 A.<\/p>\n<\/div>\n<\/div>\n<\/div>","protected":false},"excerpt":{"rendered":"<p>Sistema de columna activo port\u00e1til, mezcla como profesional, optimiza cada detalle de tu sonido, cobertura para todo el lugar, configuraci\u00f3n s\u00faper r\u00e1pida, gran portabilidad, 6 drivers de neodimio de 2.8\u201d pulgadas y subwoofer de 10\u201d pulgadas, cobertura: 120\u00b0 x 40\u00b0, potencia total de amplificaci\u00f3n: 1000 W (LF:500W y HF: 500W), respuesta de frecuencia: 51 Hz a 20 kHz, SPL m\u00e1ximo: 123 dB, gabinete de madera contrachapada de 15 mm, rejilla de acero con recubrimiento en polvo, dimensiones del sub: 448 x 332 x 432 mm, dimensiones de la columna: 620 x 95 x 157 mm, peso del sub: 15.8 kg, peso de la columna: 2.7 kg.&hellip; <a class=\"kt-excerpt-readmore more-link\" href=\"https:\/\/www.mexicanguitarplayers.com\/en\/tienda\/audio\/bafles-y-bocinas\/bafles\/bafles-activos\/columna-electrovoice-mod-evolve30m-us\/\">Read more<\/a><\/p>","protected":false},"featured_media":32526,"comment_status":"open","ping_status":"closed","template":"","meta":{"kt_blocks_editor_width":""},"pwb-brand":[535],"product_brand":[],"product_cat":[213,222,472,221],"product_tag":[],"class_list":{"0":"post-32533","1":"product","2":"type-product","3":"status-publish","4":"has-post-thumbnail","6":"pwb-brand-electrovoice","7":"product_cat-audio","8":"product_cat-bafles","9":"product_cat-bafles-activos","10":"product_cat-bafles-y-bocinas","11":"product_shipping_class-20-25-kg","13":"first","14":"outofstock","15":"taxable","16":"shipping-taxable","17":"purchasable","18":"product-type-simple"},"yoast_head":"<!-- This site is optimized with the Yoast SEO plugin v27.3 - https:\/\/yoast.com\/product\/yoast-seo-wordpress\/ -->\n<title>COLUMNA ELECTROVOICE MOD. EVOLVE30M-US - Mexican Guitar Players<\/title>\n<meta name=\"description\" content=\"Sistema de columna activo port\u00e1til, mezcla como profesional, optimiza cada detalle de tu sonido, cobertura para todo el lugar, configuraci\u00f3n s\u00faper r\u00e1pida, gran portabilidad, 6 drivers de neodimio de 2.8\u201d pulgadas y subwoofer de 10\u201d pulgadas, cobertura: 120\u00b0 x 40\u00b0, potencia total de amplificaci\u00f3n: 1000 W (LF:500W y HF: 500W), respuesta de frecuencia: 51 Hz a 20 kHz, SPL m\u00e1ximo: 123 dB, gabinete de madera contrachapada de 15 mm, rejilla de acero con recubrimiento en polvo, dimensiones del sub: 448 x 332 x 432 mm, dimensiones de la columna: 620 x 95 x 157 mm, peso del sub: 15.8 kg, peso de la columna: 2.7 kg.\" \/>\n<meta name=\"robots\" content=\"index, follow, max-snippet:-1, max-image-preview:large, max-video-preview:-1\" \/>\n<link rel=\"canonical\" href=\"https:\/\/www.mexicanguitarplayers.com\/en\/tienda\/sin%20categor\u00eda\/columna-electrovoice-mod-evolve30m-us\/\" \/>\n<meta property=\"og:locale\" content=\"en_US\" \/>\n<meta property=\"og:type\" content=\"article\" \/>\n<meta property=\"og:title\" content=\"COLUMNA ELECTROVOICE MOD. EVOLVE30M-US - Mexican Guitar Players\" \/>\n<meta property=\"og:description\" content=\"Sistema de columna activo port\u00e1til, mezcla como profesional, optimiza cada detalle de tu sonido, cobertura para todo el lugar, configuraci\u00f3n s\u00faper r\u00e1pida, gran portabilidad, 6 drivers de neodimio de 2.8\u201d pulgadas y subwoofer de 10\u201d pulgadas, cobertura: 120\u00b0 x 40\u00b0, potencia total de amplificaci\u00f3n: 1000 W (LF:500W y HF: 500W), respuesta de frecuencia: 51 Hz a 20 kHz, SPL m\u00e1ximo: 123 dB, gabinete de madera contrachapada de 15 mm, rejilla de acero con recubrimiento en polvo, dimensiones del sub: 448 x 332 x 432 mm, dimensiones de la columna: 620 x 95 x 157 mm, peso del sub: 15.8 kg, peso de la columna: 2.7 kg.\" \/>\n<meta property=\"og:url\" content=\"https:\/\/www.mexicanguitarplayers.com\/en\/tienda\/sin categor\u00eda\/columna-electrovoice-mod-evolve30m-us\/\" \/>\n<meta property=\"og:site_name\" content=\"Mexican Guitar Players\" \/>\n<meta property=\"article:modified_time\" content=\"2026-02-04T10:16:30+00:00\" \/>\n<meta name=\"twitter:card\" content=\"summary_large_image\" \/>\n<meta name=\"twitter:label1\" content=\"Est. reading time\" \/>\n\t<meta name=\"twitter:data1\" content=\"2 minutes\" \/>\n<script type=\"application\/ld+json\" class=\"yoast-schema-graph\">{\"@context\":\"https:\\\/\\\/schema.org\",\"@graph\":[{\"@type\":[\"WebPage\",\"ItemPage\"],\"@id\":\"https:\\\/\\\/www.mexicanguitarplayers.com\\\/tienda\\\/sin categor\u00eda\\\/columna-electrovoice-mod-evolve30m-us\\\/\",\"url\":\"https:\\\/\\\/www.mexicanguitarplayers.com\\\/tienda\\\/sin categor\u00eda\\\/columna-electrovoice-mod-evolve30m-us\\\/\",\"name\":\"COLUMNA ELECTROVOICE MOD. EVOLVE30M-US - Mexican Guitar Players\",\"isPartOf\":{\"@id\":\"https:\\\/\\\/www.mexicanguitarplayers.com\\\/#website\"},\"primaryImageOfPage\":{\"@id\":\"https:\\\/\\\/www.mexicanguitarplayers.com\\\/tienda\\\/sin categor\u00eda\\\/columna-electrovoice-mod-evolve30m-us\\\/#primaryimage\"},\"image\":{\"@id\":\"https:\\\/\\\/www.mexicanguitarplayers.com\\\/tienda\\\/sin categor\u00eda\\\/columna-electrovoice-mod-evolve30m-us\\\/#primaryimage\"},\"thumbnailUrl\":\"https:\\\/\\\/www.mexicanguitarplayers.com\\\/wp-content\\\/uploads\\\/2025\\\/04\\\/IAEVOEVOLVE30M.jpg\",\"datePublished\":\"2025-04-09T03:00:00+00:00\",\"dateModified\":\"2026-02-04T10:16:30+00:00\",\"description\":\"Sistema de columna activo port\u00e1til, mezcla como profesional, optimiza cada detalle de tu sonido, cobertura para todo el lugar, configuraci\u00f3n s\u00faper r\u00e1pida, gran portabilidad, 6 drivers de neodimio de 2.8\u201d pulgadas y subwoofer de 10\u201d pulgadas, cobertura: 120\u00b0 x 40\u00b0, potencia total de amplificaci\u00f3n: 1000 W (LF:500W y HF: 500W), respuesta de frecuencia: 51 Hz a 20 kHz, SPL m\u00e1ximo: 123 dB, gabinete de madera contrachapada de 15 mm, rejilla de acero con recubrimiento en polvo, dimensiones del sub: 448 x 332 x 432 mm, dimensiones de la columna: 620 x 95 x 157 mm, peso del sub: 15.8 kg, peso de la columna: 2.7 kg.\",\"breadcrumb\":{\"@id\":\"https:\\\/\\\/www.mexicanguitarplayers.com\\\/tienda\\\/sin categor\u00eda\\\/columna-electrovoice-mod-evolve30m-us\\\/#breadcrumb\"},\"inLanguage\":\"en-US\",\"potentialAction\":[{\"@type\":\"ReadAction\",\"target\":[\"https:\\\/\\\/www.mexicanguitarplayers.com\\\/tienda\\\/sin categor\u00eda\\\/columna-electrovoice-mod-evolve30m-us\\\/\"]}]},{\"@type\":\"ImageObject\",\"inLanguage\":\"en-US\",\"@id\":\"https:\\\/\\\/www.mexicanguitarplayers.com\\\/tienda\\\/sin categor\u00eda\\\/columna-electrovoice-mod-evolve30m-us\\\/#primaryimage\",\"url\":\"https:\\\/\\\/www.mexicanguitarplayers.com\\\/wp-content\\\/uploads\\\/2025\\\/04\\\/IAEVOEVOLVE30M.jpg\",\"contentUrl\":\"https:\\\/\\\/www.mexicanguitarplayers.com\\\/wp-content\\\/uploads\\\/2025\\\/04\\\/IAEVOEVOLVE30M.jpg\",\"width\":800,\"height\":1600},{\"@type\":\"BreadcrumbList\",\"@id\":\"https:\\\/\\\/www.mexicanguitarplayers.com\\\/tienda\\\/sin categor\u00eda\\\/columna-electrovoice-mod-evolve30m-us\\\/#breadcrumb\",\"itemListElement\":[{\"@type\":\"ListItem\",\"position\":1,\"name\":\"Portada\",\"item\":\"https:\\\/\\\/www.mexicanguitarplayers.com\\\/\"},{\"@type\":\"ListItem\",\"position\":2,\"name\":\"Tienda\",\"item\":\"https:\\\/\\\/www.mexicanguitarplayers.com\\\/tienda\\\/\"},{\"@type\":\"ListItem\",\"position\":3,\"name\":\"COLUMNA ELECTROVOICE MOD. EVOLVE30M-US\"}]},{\"@type\":\"WebSite\",\"@id\":\"https:\\\/\\\/www.mexicanguitarplayers.com\\\/#website\",\"url\":\"https:\\\/\\\/www.mexicanguitarplayers.com\\\/\",\"name\":\"Mexican Guitar Players\",\"description\":\"Website\",\"publisher\":{\"@id\":\"https:\\\/\\\/www.mexicanguitarplayers.com\\\/#organization\"},\"potentialAction\":[{\"@type\":\"SearchAction\",\"target\":{\"@type\":\"EntryPoint\",\"urlTemplate\":\"https:\\\/\\\/www.mexicanguitarplayers.com\\\/?s={search_term_string}\"},\"query-input\":{\"@type\":\"PropertyValueSpecification\",\"valueRequired\":true,\"valueName\":\"search_term_string\"}}],\"inLanguage\":\"en-US\"},{\"@type\":\"Organization\",\"@id\":\"https:\\\/\\\/www.mexicanguitarplayers.com\\\/#organization\",\"name\":\"Mexican Guitar Players\",\"url\":\"https:\\\/\\\/www.mexicanguitarplayers.com\\\/\",\"logo\":{\"@type\":\"ImageObject\",\"inLanguage\":\"en-US\",\"@id\":\"https:\\\/\\\/www.mexicanguitarplayers.com\\\/#\\\/schema\\\/logo\\\/image\\\/\",\"url\":\"\",\"contentUrl\":\"\",\"caption\":\"Mexican Guitar Players\"},\"image\":{\"@id\":\"https:\\\/\\\/www.mexicanguitarplayers.com\\\/#\\\/schema\\\/logo\\\/image\\\/\"}}]}<\/script>\n<!-- \/ Yoast SEO plugin. -->","yoast_head_json":{"title":"COLUMNA ELECTROVOICE MOD. EVOLVE30M-US - Mexican Guitar Players","description":"Sistema de columna activo port\u00e1til, mezcla como profesional, optimiza cada detalle de tu sonido, cobertura para todo el lugar, configuraci\u00f3n s\u00faper r\u00e1pida, gran portabilidad, 6 drivers de neodimio de 2.8\u201d pulgadas y subwoofer de 10\u201d pulgadas, cobertura: 120\u00b0 x 40\u00b0, potencia total de amplificaci\u00f3n: 1000 W (LF:500W y HF: 500W), respuesta de frecuencia: 51 Hz a 20 kHz, SPL m\u00e1ximo: 123 dB, gabinete de madera contrachapada de 15 mm, rejilla de acero con recubrimiento en polvo, dimensiones del sub: 448 x 332 x 432 mm, dimensiones de la columna: 620 x 95 x 157 mm, peso del sub: 15.8 kg, peso de la columna: 2.7 kg.","robots":{"index":"index","follow":"follow","max-snippet":"max-snippet:-1","max-image-preview":"max-image-preview:large","max-video-preview":"max-video-preview:-1"},"canonical":"https:\/\/www.mexicanguitarplayers.com\/en\/tienda\/sin categor\u00eda\/columna-electrovoice-mod-evolve30m-us\/","og_locale":"en_US","og_type":"article","og_title":"COLUMNA ELECTROVOICE MOD. EVOLVE30M-US - Mexican Guitar Players","og_description":"Sistema de columna activo port\u00e1til, mezcla como profesional, optimiza cada detalle de tu sonido, cobertura para todo el lugar, configuraci\u00f3n s\u00faper r\u00e1pida, gran portabilidad, 6 drivers de neodimio de 2.8\u201d pulgadas y subwoofer de 10\u201d pulgadas, cobertura: 120\u00b0 x 40\u00b0, potencia total de amplificaci\u00f3n: 1000 W (LF:500W y HF: 500W), respuesta de frecuencia: 51 Hz a 20 kHz, SPL m\u00e1ximo: 123 dB, gabinete de madera contrachapada de 15 mm, rejilla de acero con recubrimiento en polvo, dimensiones del sub: 448 x 332 x 432 mm, dimensiones de la columna: 620 x 95 x 157 mm, peso del sub: 15.8 kg, peso de la columna: 2.7 kg.","og_url":"https:\/\/www.mexicanguitarplayers.com\/en\/tienda\/sin categor\u00eda\/columna-electrovoice-mod-evolve30m-us\/","og_site_name":"Mexican Guitar Players","article_modified_time":"2026-02-04T10:16:30+00:00","twitter_card":"summary_large_image","twitter_misc":{"Est. reading time":"2 minutes"},"schema":{"@context":"https:\/\/schema.org","@graph":[{"@type":["WebPage","ItemPage"],"@id":"https:\/\/www.mexicanguitarplayers.com\/tienda\/sin categor\u00eda\/columna-electrovoice-mod-evolve30m-us\/","url":"https:\/\/www.mexicanguitarplayers.com\/tienda\/sin categor\u00eda\/columna-electrovoice-mod-evolve30m-us\/","name":"COLUMNA ELECTROVOICE MOD. EVOLVE30M-US - Mexican Guitar Players","isPartOf":{"@id":"https:\/\/www.mexicanguitarplayers.com\/#website"},"primaryImageOfPage":{"@id":"https:\/\/www.mexicanguitarplayers.com\/tienda\/sin categor\u00eda\/columna-electrovoice-mod-evolve30m-us\/#primaryimage"},"image":{"@id":"https:\/\/www.mexicanguitarplayers.com\/tienda\/sin categor\u00eda\/columna-electrovoice-mod-evolve30m-us\/#primaryimage"},"thumbnailUrl":"https:\/\/www.mexicanguitarplayers.com\/wp-content\/uploads\/2025\/04\/IAEVOEVOLVE30M.jpg","datePublished":"2025-04-09T03:00:00+00:00","dateModified":"2026-02-04T10:16:30+00:00","description":"Sistema de columna activo port\u00e1til, mezcla como profesional, optimiza cada detalle de tu sonido, cobertura para todo el lugar, configuraci\u00f3n s\u00faper r\u00e1pida, gran portabilidad, 6 drivers de neodimio de 2.8\u201d pulgadas y subwoofer de 10\u201d pulgadas, cobertura: 120\u00b0 x 40\u00b0, potencia total de amplificaci\u00f3n: 1000 W (LF:500W y HF: 500W), respuesta de frecuencia: 51 Hz a 20 kHz, SPL m\u00e1ximo: 123 dB, gabinete de madera contrachapada de 15 mm, rejilla de acero con recubrimiento en polvo, dimensiones del sub: 448 x 332 x 432 mm, dimensiones de la columna: 620 x 95 x 157 mm, peso del sub: 15.8 kg, peso de la columna: 2.7 kg.","breadcrumb":{"@id":"https:\/\/www.mexicanguitarplayers.com\/tienda\/sin categor\u00eda\/columna-electrovoice-mod-evolve30m-us\/#breadcrumb"},"inLanguage":"en-US","potentialAction":[{"@type":"ReadAction","target":["https:\/\/www.mexicanguitarplayers.com\/tienda\/sin categor\u00eda\/columna-electrovoice-mod-evolve30m-us\/"]}]},{"@type":"ImageObject","inLanguage":"en-US","@id":"https:\/\/www.mexicanguitarplayers.com\/tienda\/sin categor\u00eda\/columna-electrovoice-mod-evolve30m-us\/#primaryimage","url":"https:\/\/www.mexicanguitarplayers.com\/wp-content\/uploads\/2025\/04\/IAEVOEVOLVE30M.jpg","contentUrl":"https:\/\/www.mexicanguitarplayers.com\/wp-content\/uploads\/2025\/04\/IAEVOEVOLVE30M.jpg","width":800,"height":1600},{"@type":"BreadcrumbList","@id":"https:\/\/www.mexicanguitarplayers.com\/tienda\/sin categor\u00eda\/columna-electrovoice-mod-evolve30m-us\/#breadcrumb","itemListElement":[{"@type":"ListItem","position":1,"name":"Portada","item":"https:\/\/www.mexicanguitarplayers.com\/"},{"@type":"ListItem","position":2,"name":"Tienda","item":"https:\/\/www.mexicanguitarplayers.com\/tienda\/"},{"@type":"ListItem","position":3,"name":"COLUMNA ELECTROVOICE MOD. EVOLVE30M-US"}]},{"@type":"WebSite","@id":"https:\/\/www.mexicanguitarplayers.com\/#website","url":"https:\/\/www.mexicanguitarplayers.com\/","name":"Mexican Guitar Players","description":"Website","publisher":{"@id":"https:\/\/www.mexicanguitarplayers.com\/#organization"},"potentialAction":[{"@type":"SearchAction","target":{"@type":"EntryPoint","urlTemplate":"https:\/\/www.mexicanguitarplayers.com\/?s={search_term_string}"},"query-input":{"@type":"PropertyValueSpecification","valueRequired":true,"valueName":"search_term_string"}}],"inLanguage":"en-US"},{"@type":"Organization","@id":"https:\/\/www.mexicanguitarplayers.com\/#organization","name":"Mexican Guitar Players","url":"https:\/\/www.mexicanguitarplayers.com\/","logo":{"@type":"ImageObject","inLanguage":"en-US","@id":"https:\/\/www.mexicanguitarplayers.com\/#\/schema\/logo\/image\/","url":"","contentUrl":"","caption":"Mexican Guitar Players"},"image":{"@id":"https:\/\/www.mexicanguitarplayers.com\/#\/schema\/logo\/image\/"}}]}},"brands":[{"id":535,"name":"ELECTROVOICE","slug":"electrovoice"}],"_links":{"self":[{"href":"https:\/\/www.mexicanguitarplayers.com\/en\/wp-json\/wp\/v2\/product\/32533","targetHints":{"allow":["GET"]}}],"collection":[{"href":"https:\/\/www.mexicanguitarplayers.com\/en\/wp-json\/wp\/v2\/product"}],"about":[{"href":"https:\/\/www.mexicanguitarplayers.com\/en\/wp-json\/wp\/v2\/types\/product"}],"replies":[{"embeddable":true,"href":"https:\/\/www.mexicanguitarplayers.com\/en\/wp-json\/wp\/v2\/comments?post=32533"}],"wp:featuredmedia":[{"embeddable":true,"href":"https:\/\/www.mexicanguitarplayers.com\/en\/wp-json\/wp\/v2\/media\/32526"}],"wp:attachment":[{"href":"https:\/\/www.mexicanguitarplayers.com\/en\/wp-json\/wp\/v2\/media?parent=32533"}],"wp:term":[{"taxonomy":"pwb-brand","embeddable":true,"href":"https:\/\/www.mexicanguitarplayers.com\/en\/wp-json\/wp\/v2\/pwb-brand?post=32533"},{"taxonomy":"product_brand","embeddable":true,"href":"https:\/\/www.mexicanguitarplayers.com\/en\/wp-json\/wp\/v2\/product_brand?post=32533"},{"taxonomy":"product_cat","embeddable":true,"href":"https:\/\/www.mexicanguitarplayers.com\/en\/wp-json\/wp\/v2\/product_cat?post=32533"},{"taxonomy":"product_tag","embeddable":true,"href":"https:\/\/www.mexicanguitarplayers.com\/en\/wp-json\/wp\/v2\/product_tag?post=32533"}],"curies":[{"name":"wp","href":"https:\/\/api.w.org\/{rel}","templated":true}]}}