{"id":32538,"date":"2025-04-08T21:00:05","date_gmt":"2025-04-09T03:00:05","guid":{"rendered":"https:\/\/www.mexicanguitarplayers.com\/tienda\/sin categor\u00eda\/bafle-behringer-multimedia-mod-ms40\/"},"modified":"2026-04-10T04:33:22","modified_gmt":"2026-04-10T10:33:22","slug":"bafle-behringer-multimedia-mod-ms40","status":"publish","type":"product","link":"https:\/\/www.mexicanguitarplayers.com\/en\/tienda\/audio\/bafles-y-bocinas\/bafles\/bafles-activos\/bafle-behringer-multimedia-mod-ms40\/","title":{"rendered":"BAFLE BEHRINGER MULTIMEDIA MOD. MS40"},"content":{"rendered":"<div style=\"text-align: justify\">\n<div>\n<h3>La referencia perfecta para tu estudio en casa.<\/h3>\n<\/div>\n<div>Si est\u00e1s buscando monitores peque\u00f1os para tu computadora, o escuchar tus proyectos, si la m\u00fasica es tu pasi\u00f3n, estos son monitores compactos ideales para estudio en casa, aplicaciones multimedia, como segunda referencia si cuentas con monitores m\u00e1s grandes o si simplemente buscas m\u00e1s volumen cuando pones tu m\u00fasica favorita. Cuenta con blindaje magn\u00e9tico para que puedas colocarlos al lado de tu monitor de computadora.<\/div>\n<div>\n<h4>Quick look<\/h4>\n<\/div>\n<ul style=\"margin: 0px 0px 0px 25px\">\n<li style=\"list-style-type: circle;margin: 5px\">Speakers.<\/li>\n<li style=\"list-style-type: circle;margin: 5px\">Audio inputs.<\/li>\n<li style=\"list-style-type: circle;margin: 5px\">Entradas digitales.<\/li>\n<li style=\"list-style-type: circle;margin: 5px\">Output power.<\/li>\n<li style=\"list-style-type: circle;margin: 5px\">Frequency response.<\/li>\n<li style=\"list-style-type: circle;margin: 5px\">Power supply.<\/li>\n<li style=\"list-style-type: circle;margin: 5px\">Energy consumption.<\/li>\n<li style=\"list-style-type: circle;margin: 5px\">Dimensions.<\/li>\n<li style=\"list-style-type: circle;margin: 5px\">Weight.<\/li>\n<\/ul>\n<div>\n<div style=\"font-weight: bold\">Speakers.<\/div>\n<div>\n<p>Tweeter: 65 mm \/ 8 ohms. Woofer: 120 mm \/ 4 ohms.<\/p>\n<\/div>\n<div style=\"font-weight: bold\">Audio inputs.<\/div>\n<div>\n<p>Line 1: TRS 1\/8&#8243; est\u00e9reo, impedancia 20 kohms. Line 2: 2 RCA, impedancia 20 kohms.<\/p>\n<\/div>\n<div style=\"font-weight: bold\">Entradas digitales.<\/div>\n<div>\n<p>\u00d3ptico: TOSLINK. Coaxial: RCA. Convertidor: 24-bit. Frecuencia de muestreo: &lt;192 kHz.<\/p>\n<\/div>\n<div style=\"font-weight: bold\">Output power.<\/div>\n<div>\n<p>2 x 20 watts.<\/p>\n<\/div>\n<div style=\"font-weight: bold\">Frequency response.<\/div>\n<div>\n<p>50 Hz a 25 kHz.<\/p>\n<\/div>\n<div style=\"font-weight: bold\">Power supply.<\/div>\n<div>\n<p>120\/230V, 50\/60 Hz.<\/p>\n<\/div>\n<div style=\"font-weight: bold\">Energy consumption.<\/div>\n<div>\n<p>90 watts.<\/p>\n<\/div>\n<div style=\"font-weight: bold\">Dimensions.<\/div>\n<div>\n<p>279 x 173 x 245 mm.<\/p>\n<\/div>\n<div style=\"font-weight: bold\">Weight.<\/div>\n<div>\n<p>8 kg.<\/p>\n<\/div>\n<\/div>\n<\/div>","protected":false},"excerpt":{"rendered":"<p>Par de monitores activos digitales de 2 v\u00edas de campo cercano de 40 watts, convertidores D\/A de24-Bit\/192 kHz que ofrecen un amplio rango din\u00e1mico, ideales para estudio en computadora, estaciones de trabajo de audio y multimedia, monitoreo de teclados, amplificadores incorporados de 2 x 20 watts con gran headroom, potentes woofers y tweeters de alta resoluci\u00f3n que proporcionan una respuesta de frecuencia ultralineal, entradas \u00f3pticas y coaxiales para conectar directamente fuentes de audio digital mediante interfaz S\/PDIF, dos entradas an\u00e1logas est\u00e9reo con conectores TRS 1\/4\u201d y RCA que pueden utilizarse simult\u00e1neamente o mezclarse con una fuente digital est\u00e9reo, controles individuales de volumen para ambas entradas de l\u00ednea y controles de grave y agudo para ecualizaci\u00f3n, conector TRS 1\/4\u201d para aud\u00edfonos con funci\u00f3n de silencio autom\u00e1tico del altavoz, accesible f\u00e1cilmente en el panel frontal, blindaje magn\u00e9tico para poder colocarse cerca de monitores de computadora, dimensiones: 279 x 173 x 245 mm, peso: 8 kg.&hellip; <a class=\"kt-excerpt-readmore more-link\" href=\"https:\/\/www.mexicanguitarplayers.com\/en\/tienda\/audio\/bafles-y-bocinas\/bafles\/bafles-activos\/bafle-behringer-multimedia-mod-ms40\/\">Read more<\/a><\/p>","protected":false},"featured_media":32534,"comment_status":"open","ping_status":"closed","template":"","meta":{"kt_blocks_editor_width":""},"pwb-brand":[171],"product_brand":[],"product_cat":[213,222,472,221],"product_tag":[],"class_list":{"0":"post-32538","1":"product","2":"type-product","3":"status-publish","4":"has-post-thumbnail","6":"pwb-brand-behringer","7":"product_cat-audio","8":"product_cat-bafles","9":"product_cat-bafles-activos","10":"product_cat-bafles-y-bocinas","11":"product_shipping_class-5-10-kg","13":"first","14":"outofstock","15":"taxable","16":"shipping-taxable","17":"purchasable","18":"product-type-simple"},"yoast_head":"<!-- This site is optimized with the Yoast SEO plugin v27.5 - https:\/\/yoast.com\/product\/yoast-seo-wordpress\/ -->\n<title>BAFLE BEHRINGER MULTIMEDIA MOD. MS40 - Mexican Guitar Players<\/title>\n<meta name=\"description\" content=\"Par de monitores activos digitales de 2 v\u00edas de campo cercano de 40 watts, convertidores D\/A de24-Bit\/192 kHz que ofrecen un amplio rango din\u00e1mico, ideales para estudio en computadora, estaciones de trabajo de audio y multimedia, monitoreo de teclados, amplificadores incorporados de 2 x 20 watts con gran headroom, potentes woofers y tweeters de alta resoluci\u00f3n que proporcionan una respuesta de frecuencia ultralineal, entradas \u00f3pticas y coaxiales para conectar directamente fuentes de audio digital mediante interfaz S\/PDIF, dos entradas an\u00e1logas est\u00e9reo con conectores TRS 1\/4\u201d y RCA que pueden utilizarse simult\u00e1neamente o mezclarse con una fuente digital est\u00e9reo, controles individuales de volumen para ambas entradas de l\u00ednea y controles de grave y agudo para ecualizaci\u00f3n, conector TRS 1\/4\u201d para aud\u00edfonos con funci\u00f3n de silencio autom\u00e1tico del altavoz, accesible f\u00e1cilmente en el panel frontal, blindaje magn\u00e9tico para poder colocarse cerca de monitores de computadora, dimensiones: 279 x 173 x 245 mm, peso: 8 kg.\" \/>\n<meta name=\"robots\" content=\"index, follow, max-snippet:-1, max-image-preview:large, max-video-preview:-1\" \/>\n<link rel=\"canonical\" href=\"https:\/\/www.mexicanguitarplayers.com\/en\/tienda\/sin%20categor\u00eda\/bafle-behringer-multimedia-mod-ms40\/\" \/>\n<meta property=\"og:locale\" content=\"en_US\" \/>\n<meta property=\"og:type\" content=\"article\" \/>\n<meta property=\"og:title\" content=\"BAFLE BEHRINGER MULTIMEDIA MOD. MS40 - Mexican Guitar Players\" \/>\n<meta property=\"og:description\" content=\"Par de monitores activos digitales de 2 v\u00edas de campo cercano de 40 watts, convertidores D\/A de24-Bit\/192 kHz que ofrecen un amplio rango din\u00e1mico, ideales para estudio en computadora, estaciones de trabajo de audio y multimedia, monitoreo de teclados, amplificadores incorporados de 2 x 20 watts con gran headroom, potentes woofers y tweeters de alta resoluci\u00f3n que proporcionan una respuesta de frecuencia ultralineal, entradas \u00f3pticas y coaxiales para conectar directamente fuentes de audio digital mediante interfaz S\/PDIF, dos entradas an\u00e1logas est\u00e9reo con conectores TRS 1\/4\u201d y RCA que pueden utilizarse simult\u00e1neamente o mezclarse con una fuente digital est\u00e9reo, controles individuales de volumen para ambas entradas de l\u00ednea y controles de grave y agudo para ecualizaci\u00f3n, conector TRS 1\/4\u201d para aud\u00edfonos con funci\u00f3n de silencio autom\u00e1tico del altavoz, accesible f\u00e1cilmente en el panel frontal, blindaje magn\u00e9tico para poder colocarse cerca de monitores de computadora, dimensiones: 279 x 173 x 245 mm, peso: 8 kg.\" \/>\n<meta property=\"og:url\" content=\"https:\/\/www.mexicanguitarplayers.com\/en\/tienda\/sin categor\u00eda\/bafle-behringer-multimedia-mod-ms40\/\" \/>\n<meta property=\"og:site_name\" content=\"Mexican Guitar Players\" \/>\n<meta property=\"article:modified_time\" content=\"2026-04-10T10:33:22+00:00\" \/>\n<meta name=\"twitter:card\" content=\"summary_large_image\" \/>\n<meta name=\"twitter:label1\" content=\"Est. reading time\" \/>\n\t<meta name=\"twitter:data1\" content=\"1 minute\" \/>\n<script type=\"application\/ld+json\" class=\"yoast-schema-graph\">{\"@context\":\"https:\\\/\\\/schema.org\",\"@graph\":[{\"@type\":[\"WebPage\",\"ItemPage\"],\"@id\":\"https:\\\/\\\/www.mexicanguitarplayers.com\\\/tienda\\\/sin categor\u00eda\\\/bafle-behringer-multimedia-mod-ms40\\\/\",\"url\":\"https:\\\/\\\/www.mexicanguitarplayers.com\\\/tienda\\\/sin categor\u00eda\\\/bafle-behringer-multimedia-mod-ms40\\\/\",\"name\":\"BAFLE BEHRINGER MULTIMEDIA MOD. MS40 - Mexican Guitar Players\",\"isPartOf\":{\"@id\":\"https:\\\/\\\/www.mexicanguitarplayers.com\\\/#website\"},\"primaryImageOfPage\":{\"@id\":\"https:\\\/\\\/www.mexicanguitarplayers.com\\\/tienda\\\/sin categor\u00eda\\\/bafle-behringer-multimedia-mod-ms40\\\/#primaryimage\"},\"image\":{\"@id\":\"https:\\\/\\\/www.mexicanguitarplayers.com\\\/tienda\\\/sin categor\u00eda\\\/bafle-behringer-multimedia-mod-ms40\\\/#primaryimage\"},\"thumbnailUrl\":\"https:\\\/\\\/www.mexicanguitarplayers.com\\\/wp-content\\\/uploads\\\/2025\\\/04\\\/IABEHMS40.jpg\",\"datePublished\":\"2025-04-09T03:00:05+00:00\",\"dateModified\":\"2026-04-10T10:33:22+00:00\",\"description\":\"Par de monitores activos digitales de 2 v\u00edas de campo cercano de 40 watts, convertidores D\\\/A de24-Bit\\\/192 kHz que ofrecen un amplio rango din\u00e1mico, ideales para estudio en computadora, estaciones de trabajo de audio y multimedia, monitoreo de teclados, amplificadores incorporados de 2 x 20 watts con gran headroom, potentes woofers y tweeters de alta resoluci\u00f3n que proporcionan una respuesta de frecuencia ultralineal, entradas \u00f3pticas y coaxiales para conectar directamente fuentes de audio digital mediante interfaz S\\\/PDIF, dos entradas an\u00e1logas est\u00e9reo con conectores TRS 1\\\/4\u201d y RCA que pueden utilizarse simult\u00e1neamente o mezclarse con una fuente digital est\u00e9reo, controles individuales de volumen para ambas entradas de l\u00ednea y controles de grave y agudo para ecualizaci\u00f3n, conector TRS 1\\\/4\u201d para aud\u00edfonos con funci\u00f3n de silencio autom\u00e1tico del altavoz, accesible f\u00e1cilmente en el panel frontal, blindaje magn\u00e9tico para poder colocarse cerca de monitores de computadora, dimensiones: 279 x 173 x 245 mm, peso: 8 kg.\",\"breadcrumb\":{\"@id\":\"https:\\\/\\\/www.mexicanguitarplayers.com\\\/tienda\\\/sin categor\u00eda\\\/bafle-behringer-multimedia-mod-ms40\\\/#breadcrumb\"},\"inLanguage\":\"en-US\",\"potentialAction\":[{\"@type\":\"ReadAction\",\"target\":[\"https:\\\/\\\/www.mexicanguitarplayers.com\\\/tienda\\\/sin categor\u00eda\\\/bafle-behringer-multimedia-mod-ms40\\\/\"]}]},{\"@type\":\"ImageObject\",\"inLanguage\":\"en-US\",\"@id\":\"https:\\\/\\\/www.mexicanguitarplayers.com\\\/tienda\\\/sin categor\u00eda\\\/bafle-behringer-multimedia-mod-ms40\\\/#primaryimage\",\"url\":\"https:\\\/\\\/www.mexicanguitarplayers.com\\\/wp-content\\\/uploads\\\/2025\\\/04\\\/IABEHMS40.jpg\",\"contentUrl\":\"https:\\\/\\\/www.mexicanguitarplayers.com\\\/wp-content\\\/uploads\\\/2025\\\/04\\\/IABEHMS40.jpg\",\"width\":1200,\"height\":1200},{\"@type\":\"BreadcrumbList\",\"@id\":\"https:\\\/\\\/www.mexicanguitarplayers.com\\\/tienda\\\/sin categor\u00eda\\\/bafle-behringer-multimedia-mod-ms40\\\/#breadcrumb\",\"itemListElement\":[{\"@type\":\"ListItem\",\"position\":1,\"name\":\"Portada\",\"item\":\"https:\\\/\\\/www.mexicanguitarplayers.com\\\/\"},{\"@type\":\"ListItem\",\"position\":2,\"name\":\"Tienda\",\"item\":\"https:\\\/\\\/www.mexicanguitarplayers.com\\\/tienda\\\/\"},{\"@type\":\"ListItem\",\"position\":3,\"name\":\"BAFLE BEHRINGER MULTIMEDIA MOD. MS40\"}]},{\"@type\":\"WebSite\",\"@id\":\"https:\\\/\\\/www.mexicanguitarplayers.com\\\/#website\",\"url\":\"https:\\\/\\\/www.mexicanguitarplayers.com\\\/\",\"name\":\"Mexican Guitar Players\",\"description\":\"Website\",\"publisher\":{\"@id\":\"https:\\\/\\\/www.mexicanguitarplayers.com\\\/#organization\"},\"potentialAction\":[{\"@type\":\"SearchAction\",\"target\":{\"@type\":\"EntryPoint\",\"urlTemplate\":\"https:\\\/\\\/www.mexicanguitarplayers.com\\\/?s={search_term_string}\"},\"query-input\":{\"@type\":\"PropertyValueSpecification\",\"valueRequired\":true,\"valueName\":\"search_term_string\"}}],\"inLanguage\":\"en-US\"},{\"@type\":\"Organization\",\"@id\":\"https:\\\/\\\/www.mexicanguitarplayers.com\\\/#organization\",\"name\":\"Mexican Guitar Players\",\"url\":\"https:\\\/\\\/www.mexicanguitarplayers.com\\\/\",\"logo\":{\"@type\":\"ImageObject\",\"inLanguage\":\"en-US\",\"@id\":\"https:\\\/\\\/www.mexicanguitarplayers.com\\\/#\\\/schema\\\/logo\\\/image\\\/\",\"url\":\"\",\"contentUrl\":\"\",\"caption\":\"Mexican Guitar Players\"},\"image\":{\"@id\":\"https:\\\/\\\/www.mexicanguitarplayers.com\\\/#\\\/schema\\\/logo\\\/image\\\/\"}}]}<\/script>\n<!-- \/ Yoast SEO plugin. -->","yoast_head_json":{"title":"BAFLE BEHRINGER MULTIMEDIA MOD. MS40 - Mexican Guitar Players","description":"Par de monitores activos digitales de 2 v\u00edas de campo cercano de 40 watts, convertidores D\/A de24-Bit\/192 kHz que ofrecen un amplio rango din\u00e1mico, ideales para estudio en computadora, estaciones de trabajo de audio y multimedia, monitoreo de teclados, amplificadores incorporados de 2 x 20 watts con gran headroom, potentes woofers y tweeters de alta resoluci\u00f3n que proporcionan una respuesta de frecuencia ultralineal, entradas \u00f3pticas y coaxiales para conectar directamente fuentes de audio digital mediante interfaz S\/PDIF, dos entradas an\u00e1logas est\u00e9reo con conectores TRS 1\/4\u201d y RCA que pueden utilizarse simult\u00e1neamente o mezclarse con una fuente digital est\u00e9reo, controles individuales de volumen para ambas entradas de l\u00ednea y controles de grave y agudo para ecualizaci\u00f3n, conector TRS 1\/4\u201d para aud\u00edfonos con funci\u00f3n de silencio autom\u00e1tico del altavoz, accesible f\u00e1cilmente en el panel frontal, blindaje magn\u00e9tico para poder colocarse cerca de monitores de computadora, dimensiones: 279 x 173 x 245 mm, peso: 8 kg.","robots":{"index":"index","follow":"follow","max-snippet":"max-snippet:-1","max-image-preview":"max-image-preview:large","max-video-preview":"max-video-preview:-1"},"canonical":"https:\/\/www.mexicanguitarplayers.com\/en\/tienda\/sin categor\u00eda\/bafle-behringer-multimedia-mod-ms40\/","og_locale":"en_US","og_type":"article","og_title":"BAFLE BEHRINGER MULTIMEDIA MOD. MS40 - Mexican Guitar Players","og_description":"Par de monitores activos digitales de 2 v\u00edas de campo cercano de 40 watts, convertidores D\/A de24-Bit\/192 kHz que ofrecen un amplio rango din\u00e1mico, ideales para estudio en computadora, estaciones de trabajo de audio y multimedia, monitoreo de teclados, amplificadores incorporados de 2 x 20 watts con gran headroom, potentes woofers y tweeters de alta resoluci\u00f3n que proporcionan una respuesta de frecuencia ultralineal, entradas \u00f3pticas y coaxiales para conectar directamente fuentes de audio digital mediante interfaz S\/PDIF, dos entradas an\u00e1logas est\u00e9reo con conectores TRS 1\/4\u201d y RCA que pueden utilizarse simult\u00e1neamente o mezclarse con una fuente digital est\u00e9reo, controles individuales de volumen para ambas entradas de l\u00ednea y controles de grave y agudo para ecualizaci\u00f3n, conector TRS 1\/4\u201d para aud\u00edfonos con funci\u00f3n de silencio autom\u00e1tico del altavoz, accesible f\u00e1cilmente en el panel frontal, blindaje magn\u00e9tico para poder colocarse cerca de monitores de computadora, dimensiones: 279 x 173 x 245 mm, peso: 8 kg.","og_url":"https:\/\/www.mexicanguitarplayers.com\/en\/tienda\/sin categor\u00eda\/bafle-behringer-multimedia-mod-ms40\/","og_site_name":"Mexican Guitar Players","article_modified_time":"2026-04-10T10:33:22+00:00","twitter_card":"summary_large_image","twitter_misc":{"Est. reading time":"1 minute"},"schema":{"@context":"https:\/\/schema.org","@graph":[{"@type":["WebPage","ItemPage"],"@id":"https:\/\/www.mexicanguitarplayers.com\/tienda\/sin categor\u00eda\/bafle-behringer-multimedia-mod-ms40\/","url":"https:\/\/www.mexicanguitarplayers.com\/tienda\/sin categor\u00eda\/bafle-behringer-multimedia-mod-ms40\/","name":"BAFLE BEHRINGER MULTIMEDIA MOD. MS40 - Mexican Guitar Players","isPartOf":{"@id":"https:\/\/www.mexicanguitarplayers.com\/#website"},"primaryImageOfPage":{"@id":"https:\/\/www.mexicanguitarplayers.com\/tienda\/sin categor\u00eda\/bafle-behringer-multimedia-mod-ms40\/#primaryimage"},"image":{"@id":"https:\/\/www.mexicanguitarplayers.com\/tienda\/sin categor\u00eda\/bafle-behringer-multimedia-mod-ms40\/#primaryimage"},"thumbnailUrl":"https:\/\/www.mexicanguitarplayers.com\/wp-content\/uploads\/2025\/04\/IABEHMS40.jpg","datePublished":"2025-04-09T03:00:05+00:00","dateModified":"2026-04-10T10:33:22+00:00","description":"Par de monitores activos digitales de 2 v\u00edas de campo cercano de 40 watts, convertidores D\/A de24-Bit\/192 kHz que ofrecen un amplio rango din\u00e1mico, ideales para estudio en computadora, estaciones de trabajo de audio y multimedia, monitoreo de teclados, amplificadores incorporados de 2 x 20 watts con gran headroom, potentes woofers y tweeters de alta resoluci\u00f3n que proporcionan una respuesta de frecuencia ultralineal, entradas \u00f3pticas y coaxiales para conectar directamente fuentes de audio digital mediante interfaz S\/PDIF, dos entradas an\u00e1logas est\u00e9reo con conectores TRS 1\/4\u201d y RCA que pueden utilizarse simult\u00e1neamente o mezclarse con una fuente digital est\u00e9reo, controles individuales de volumen para ambas entradas de l\u00ednea y controles de grave y agudo para ecualizaci\u00f3n, conector TRS 1\/4\u201d para aud\u00edfonos con funci\u00f3n de silencio autom\u00e1tico del altavoz, accesible f\u00e1cilmente en el panel frontal, blindaje magn\u00e9tico para poder colocarse cerca de monitores de computadora, dimensiones: 279 x 173 x 245 mm, peso: 8 kg.","breadcrumb":{"@id":"https:\/\/www.mexicanguitarplayers.com\/tienda\/sin categor\u00eda\/bafle-behringer-multimedia-mod-ms40\/#breadcrumb"},"inLanguage":"en-US","potentialAction":[{"@type":"ReadAction","target":["https:\/\/www.mexicanguitarplayers.com\/tienda\/sin categor\u00eda\/bafle-behringer-multimedia-mod-ms40\/"]}]},{"@type":"ImageObject","inLanguage":"en-US","@id":"https:\/\/www.mexicanguitarplayers.com\/tienda\/sin categor\u00eda\/bafle-behringer-multimedia-mod-ms40\/#primaryimage","url":"https:\/\/www.mexicanguitarplayers.com\/wp-content\/uploads\/2025\/04\/IABEHMS40.jpg","contentUrl":"https:\/\/www.mexicanguitarplayers.com\/wp-content\/uploads\/2025\/04\/IABEHMS40.jpg","width":1200,"height":1200},{"@type":"BreadcrumbList","@id":"https:\/\/www.mexicanguitarplayers.com\/tienda\/sin categor\u00eda\/bafle-behringer-multimedia-mod-ms40\/#breadcrumb","itemListElement":[{"@type":"ListItem","position":1,"name":"Portada","item":"https:\/\/www.mexicanguitarplayers.com\/"},{"@type":"ListItem","position":2,"name":"Tienda","item":"https:\/\/www.mexicanguitarplayers.com\/tienda\/"},{"@type":"ListItem","position":3,"name":"BAFLE BEHRINGER MULTIMEDIA MOD. MS40"}]},{"@type":"WebSite","@id":"https:\/\/www.mexicanguitarplayers.com\/#website","url":"https:\/\/www.mexicanguitarplayers.com\/","name":"Mexican Guitar Players","description":"Website","publisher":{"@id":"https:\/\/www.mexicanguitarplayers.com\/#organization"},"potentialAction":[{"@type":"SearchAction","target":{"@type":"EntryPoint","urlTemplate":"https:\/\/www.mexicanguitarplayers.com\/?s={search_term_string}"},"query-input":{"@type":"PropertyValueSpecification","valueRequired":true,"valueName":"search_term_string"}}],"inLanguage":"en-US"},{"@type":"Organization","@id":"https:\/\/www.mexicanguitarplayers.com\/#organization","name":"Mexican Guitar Players","url":"https:\/\/www.mexicanguitarplayers.com\/","logo":{"@type":"ImageObject","inLanguage":"en-US","@id":"https:\/\/www.mexicanguitarplayers.com\/#\/schema\/logo\/image\/","url":"","contentUrl":"","caption":"Mexican Guitar Players"},"image":{"@id":"https:\/\/www.mexicanguitarplayers.com\/#\/schema\/logo\/image\/"}}]}},"brands":[{"id":171,"name":"BEHRINGER","slug":"behringer"}],"_links":{"self":[{"href":"https:\/\/www.mexicanguitarplayers.com\/en\/wp-json\/wp\/v2\/product\/32538","targetHints":{"allow":["GET"]}}],"collection":[{"href":"https:\/\/www.mexicanguitarplayers.com\/en\/wp-json\/wp\/v2\/product"}],"about":[{"href":"https:\/\/www.mexicanguitarplayers.com\/en\/wp-json\/wp\/v2\/types\/product"}],"replies":[{"embeddable":true,"href":"https:\/\/www.mexicanguitarplayers.com\/en\/wp-json\/wp\/v2\/comments?post=32538"}],"wp:featuredmedia":[{"embeddable":true,"href":"https:\/\/www.mexicanguitarplayers.com\/en\/wp-json\/wp\/v2\/media\/32534"}],"wp:attachment":[{"href":"https:\/\/www.mexicanguitarplayers.com\/en\/wp-json\/wp\/v2\/media?parent=32538"}],"wp:term":[{"taxonomy":"pwb-brand","embeddable":true,"href":"https:\/\/www.mexicanguitarplayers.com\/en\/wp-json\/wp\/v2\/pwb-brand?post=32538"},{"taxonomy":"product_brand","embeddable":true,"href":"https:\/\/www.mexicanguitarplayers.com\/en\/wp-json\/wp\/v2\/product_brand?post=32538"},{"taxonomy":"product_cat","embeddable":true,"href":"https:\/\/www.mexicanguitarplayers.com\/en\/wp-json\/wp\/v2\/product_cat?post=32538"},{"taxonomy":"product_tag","embeddable":true,"href":"https:\/\/www.mexicanguitarplayers.com\/en\/wp-json\/wp\/v2\/product_tag?post=32538"}],"curies":[{"name":"wp","href":"https:\/\/api.w.org\/{rel}","templated":true}]}}