{"id":32546,"date":"2025-04-08T21:00:15","date_gmt":"2025-04-09T03:00:15","guid":{"rendered":"https:\/\/www.mexicanguitarplayers.com\/tienda\/sin categor\u00eda\/pedal-source-audio-vertigo-tremolo\/"},"modified":"2026-04-10T04:33:21","modified_gmt":"2026-04-10T10:33:21","slug":"pedal-source-audio-vertigo-tremolo","status":"publish","type":"product","link":"https:\/\/www.mexicanguitarplayers.com\/en\/tienda\/cuerdas\/efectos\/efectos-individuales\/pedal-source-audio-vertigo-tremolo\/","title":{"rendered":"PEDAL SOURCE AUDIO VERTIGO TREMOLO"},"content":{"rendered":"<div style=\"text-align: justify\">\n<div>\n<h3>Un sonido hipn\u00f3tico.<\/h3>\n<\/div>\n<div>Descubre el verdadero espiral y el potencial hipn\u00f3tico del avanzado tr\u00e9molo est\u00e9reo. El Vertigo ofrece tres efectos distintos de tr\u00e9molo. El tr\u00e9molo normal ofrece una renovaci\u00f3n divina de la modulaci\u00f3n de amplitud &#8220;opto-trem&#8221; que se encuentra en las defensas Blackface vintage de Fender. El arm\u00f3nico revive la inquietante oscilaci\u00f3n del efecto vibrato del Fender Super de los a\u00f1os 60, este tr\u00e9molo vintage hace ping pong entre un aumento de frecuencia alta y baja, creando un efecto de phaser-ish que balancea. Finalmente, el tr\u00e9molo de bias dulcemente saturado, crea un \u201cbias wiggle\u201d pantanoso de la modulaci\u00f3n temprana del sesgo de bulbo. El V\u00e9rtigo toma las posibilidades tonales un paso adelante con su perilla Shape, que permite a los usuarios transformar la forma de onda LFO (sino, square y saw tooth). Fuera de su caja, el Vertigo ofrece un rango tonal enorme, pero debajo de la superficie reside un cofre del tesoro de posibilidades de efecto remolino. Conecta el Vertigo a la aplicaci\u00f3n Neuro Mobile (una descarga gratuita para dispositivos Android o iOS) y accede a la biblioteca gratuita de Source Audio de patrones progresivos de tr\u00e9molo y efectos de modulaci\u00f3n h\u00edbridos, cada uno puede cargarse directamente al pedal. La Neuro App tambi\u00e9n ofrece un conjunto adicional de par\u00e1metros ajustables, incluyendo un ecualizador param\u00e9trico, mezcla h\u00fameda\/seca, tempo de toque y separaci\u00f3n est\u00e9reo. Adem\u00e1s, cada pedal de la serie One es totalmente compatible con MIDI cuando se combina con el Neuro Hub (anteriormente Soundblox Hub), lo que te permite guardar hasta 128 preajustes.<\/div>\n<div>\n<h4>Quick look<\/h4>\n<\/div>\n<ul style=\"margin: 0px 0px 0px 25px\">\n<li style=\"list-style-type: circle;margin: 5px\">Efecto.<\/li>\n<li style=\"list-style-type: circle;margin: 5px\">Tipo de sistema.<\/li>\n<li style=\"list-style-type: circle;margin: 5px\">Entrances and exits.<\/li>\n<li style=\"list-style-type: circle;margin: 5px\">Bypass.<\/li>\n<li style=\"list-style-type: circle;margin: 5px\">Control de expresi\u00f3n.<\/li>\n<li style=\"list-style-type: circle;margin: 5px\">Accessories included.<\/li>\n<li style=\"list-style-type: circle;margin: 5px\">Energy consumption.<\/li>\n<li style=\"list-style-type: circle;margin: 5px\">USB port.<\/li>\n<li style=\"list-style-type: circle;margin: 5px\">Case.<\/li>\n<li style=\"list-style-type: circle;margin: 5px\">Dimensions.<\/li>\n<\/ul>\n<div>\n<div style=\"font-weight: bold\">Efecto.<\/div>\n<div>\n<p>Pedal de tr\u00e9molo para guitarra.<\/p>\n<\/div>\n<div style=\"font-weight: bold\">Tipo de sistema.<\/div>\n<div>\n<p>3 tipos de tr\u00e9molo.3 preajustes (usa modo preajuste para guardar un preajuste  diferente en cada una de las tres posiciones del interruptor de palanca), cuando el pedal est\u00e1 activado, todos los par\u00e1metros saltan instant\u00e1neamente al valor guardado independientemente de las posiciones de los mandos.<\/p>\n<\/div>\n<div style=\"font-weight: bold\">Entrances and exits.<\/div>\n<div>\n<p>Entrada y salida jack est\u00e9reo.<\/p>\n<\/div>\n<div style=\"font-weight: bold\">Bypass.<\/div>\n<div>\n<p>Bypass universal.<\/p>\n<\/div>\n<div style=\"font-weight: bold\">Control de expresi\u00f3n.<\/div>\n<div>\n<p>Compatible con pedales Expression de Source Audio y controlador de efectos inal\u00e1mbricos universales Hot Hand 3.<\/p>\n<\/div>\n<div style=\"font-weight: bold\">Accessories included.<\/div>\n<div>\n<p>Fuente de alimentaci\u00f3n de 9V DC (300 mA, tip negativo).Cable de 1\/8\u201d a 1\/4\u201d para conexi\u00f3n Neuro Mobile.<\/p>\n<\/div>\n<div style=\"font-weight: bold\">Energy consumption.<\/div>\n<div>\n<p>150 mA.<\/p>\n<\/div>\n<div style=\"font-weight: bold\">USB port.<\/div>\n<div>\n<p>Se conecta a Mac o Windows para actualizaciones de firmware y software de edici\u00f3n de efectos en profundidad.<\/p>\n<\/div>\n<div style=\"font-weight: bold\">Case.<\/div>\n<div>\n<p>Carcasa de aluminio anodizado cepillado.<\/p>\n<\/div>\n<div style=\"font-weight: bold\">Dimensions.<\/div>\n<div>\n<p>11.4 x 7 x 5.1cm (incluyendo perillas).<\/p>\n<\/div>\n<\/div>\n<\/div>","protected":false},"excerpt":{"rendered":"<p>Pedal de tr\u00e9molo para guitarra, 3 tipos de tr\u00e9molo, 3 preajustes (usa modo preajuste para guardar un preajuste  diferente en cada una de las tres posiciones delinterruptor de palanca), cuando el pedal est\u00e1 activado, todos los par\u00e1metros saltan instant\u00e1neamente al valor guardado independientemente de las posiciones delos mandos, entrada y salida jack est\u00e9reo, bypass universal, control de expresi\u00f3n, compatible con pedales Expression de Source Audio y controlador de efectos inal\u00e1mbricos universales Hot Hand 3, incluye fuente de alimentaci\u00f3n de 9V DC (300mA, tip negativo), incluye cable de 1\/8\u201d a 1\/4\u201d para conexi\u00f3n Neuro Mobile, consumo de energ\u00eda: 150 mA, puerto USB: Se conecta a Mac o Windows para actualizaciones de firmware y software de edici\u00f3n de efectos en profundidad, carcasa de aluminio anodizado cepillado, dimensiones: 11.4 x 7 x 5.1cm (incluyendo perillas).&hellip; <a class=\"kt-excerpt-readmore more-link\" href=\"https:\/\/www.mexicanguitarplayers.com\/en\/tienda\/cuerdas\/efectos\/efectos-individuales\/pedal-source-audio-vertigo-tremolo\/\">Read more<\/a><\/p>","protected":false},"featured_media":32545,"comment_status":"open","ping_status":"closed","template":"","meta":{"kt_blocks_editor_width":""},"pwb-brand":[608],"product_brand":[],"product_cat":[224,241,504],"product_tag":[],"class_list":{"0":"post-32546","1":"product","2":"type-product","3":"status-publish","4":"has-post-thumbnail","6":"pwb-brand-source-audio","7":"product_cat-cuerdas","8":"product_cat-efectos","9":"product_cat-efectos-individuales","10":"product_shipping_class-0-5-kg","12":"first","13":"outofstock","14":"taxable","15":"shipping-taxable","16":"purchasable","17":"product-type-simple"},"yoast_head":"<!-- This site is optimized with the Yoast SEO plugin v27.5 - https:\/\/yoast.com\/product\/yoast-seo-wordpress\/ -->\n<title>PEDAL SOURCE AUDIO VERTIGO TREMOLO - Mexican Guitar Players<\/title>\n<meta name=\"description\" content=\"Pedal de tr\u00e9molo para guitarra, 3 tipos de tr\u00e9molo, 3 preajustes (usa modo preajuste para guardar un preajuste diferente en cada una de las tres posiciones delinterruptor de palanca), cuando el pedal est\u00e1 activado, todos los par\u00e1metros saltan instant\u00e1neamente al valor guardado independientemente de las posiciones delos mandos, entrada y salida jack est\u00e9reo, bypass universal, control de expresi\u00f3n, compatible con pedales Expression de Source Audio y controlador de efectos inal\u00e1mbricos universales Hot Hand 3, incluye fuente de alimentaci\u00f3n de 9V DC (300mA, tip negativo), incluye cable de 1\/8\u201d a 1\/4\u201d para conexi\u00f3n Neuro Mobile, consumo de energ\u00eda: 150 mA, puerto USB: Se conecta a Mac o Windows para actualizaciones de firmware y software de edici\u00f3n de efectos en profundidad, carcasa de aluminio anodizado cepillado, dimensiones: 11.4 x 7 x 5.1cm (incluyendo perillas).\" \/>\n<meta name=\"robots\" content=\"index, follow, max-snippet:-1, max-image-preview:large, max-video-preview:-1\" \/>\n<link rel=\"canonical\" href=\"https:\/\/www.mexicanguitarplayers.com\/en\/tienda\/sin%20categor\u00eda\/pedal-source-audio-vertigo-tremolo\/\" \/>\n<meta property=\"og:locale\" content=\"en_US\" \/>\n<meta property=\"og:type\" content=\"article\" \/>\n<meta property=\"og:title\" content=\"PEDAL SOURCE AUDIO VERTIGO TREMOLO - Mexican Guitar Players\" \/>\n<meta property=\"og:description\" content=\"Pedal de tr\u00e9molo para guitarra, 3 tipos de tr\u00e9molo, 3 preajustes (usa modo preajuste para guardar un preajuste diferente en cada una de las tres posiciones delinterruptor de palanca), cuando el pedal est\u00e1 activado, todos los par\u00e1metros saltan instant\u00e1neamente al valor guardado independientemente de las posiciones delos mandos, entrada y salida jack est\u00e9reo, bypass universal, control de expresi\u00f3n, compatible con pedales Expression de Source Audio y controlador de efectos inal\u00e1mbricos universales Hot Hand 3, incluye fuente de alimentaci\u00f3n de 9V DC (300mA, tip negativo), incluye cable de 1\/8\u201d a 1\/4\u201d para conexi\u00f3n Neuro Mobile, consumo de energ\u00eda: 150 mA, puerto USB: Se conecta a Mac o Windows para actualizaciones de firmware y software de edici\u00f3n de efectos en profundidad, carcasa de aluminio anodizado cepillado, dimensiones: 11.4 x 7 x 5.1cm (incluyendo perillas).\" \/>\n<meta property=\"og:url\" content=\"https:\/\/www.mexicanguitarplayers.com\/en\/tienda\/sin categor\u00eda\/pedal-source-audio-vertigo-tremolo\/\" \/>\n<meta property=\"og:site_name\" content=\"Mexican Guitar Players\" \/>\n<meta property=\"article:modified_time\" content=\"2026-04-10T10:33:21+00:00\" \/>\n<meta name=\"twitter:card\" content=\"summary_large_image\" \/>\n<meta name=\"twitter:label1\" content=\"Est. reading time\" \/>\n\t<meta name=\"twitter:data1\" content=\"2 minutes\" \/>\n<script type=\"application\/ld+json\" class=\"yoast-schema-graph\">{\"@context\":\"https:\\\/\\\/schema.org\",\"@graph\":[{\"@type\":[\"WebPage\",\"ItemPage\"],\"@id\":\"https:\\\/\\\/www.mexicanguitarplayers.com\\\/tienda\\\/sin categor\u00eda\\\/pedal-source-audio-vertigo-tremolo\\\/\",\"url\":\"https:\\\/\\\/www.mexicanguitarplayers.com\\\/tienda\\\/sin categor\u00eda\\\/pedal-source-audio-vertigo-tremolo\\\/\",\"name\":\"PEDAL SOURCE AUDIO VERTIGO TREMOLO - Mexican Guitar Players\",\"isPartOf\":{\"@id\":\"https:\\\/\\\/www.mexicanguitarplayers.com\\\/#website\"},\"primaryImageOfPage\":{\"@id\":\"https:\\\/\\\/www.mexicanguitarplayers.com\\\/tienda\\\/sin categor\u00eda\\\/pedal-source-audio-vertigo-tremolo\\\/#primaryimage\"},\"image\":{\"@id\":\"https:\\\/\\\/www.mexicanguitarplayers.com\\\/tienda\\\/sin categor\u00eda\\\/pedal-source-audio-vertigo-tremolo\\\/#primaryimage\"},\"thumbnailUrl\":\"https:\\\/\\\/www.mexicanguitarplayers.com\\\/wp-content\\\/uploads\\\/2025\\\/04\\\/VASIOSA243.jpg\",\"datePublished\":\"2025-04-09T03:00:15+00:00\",\"dateModified\":\"2026-04-10T10:33:21+00:00\",\"description\":\"Pedal de tr\u00e9molo para guitarra, 3 tipos de tr\u00e9molo, 3 preajustes (usa modo preajuste para guardar un preajuste diferente en cada una de las tres posiciones delinterruptor de palanca), cuando el pedal est\u00e1 activado, todos los par\u00e1metros saltan instant\u00e1neamente al valor guardado independientemente de las posiciones delos mandos, entrada y salida jack est\u00e9reo, bypass universal, control de expresi\u00f3n, compatible con pedales Expression de Source Audio y controlador de efectos inal\u00e1mbricos universales Hot Hand 3, incluye fuente de alimentaci\u00f3n de 9V DC (300mA, tip negativo), incluye cable de 1\\\/8\u201d a 1\\\/4\u201d para conexi\u00f3n Neuro Mobile, consumo de energ\u00eda: 150 mA, puerto USB: Se conecta a Mac o Windows para actualizaciones de firmware y software de edici\u00f3n de efectos en profundidad, carcasa de aluminio anodizado cepillado, dimensiones: 11.4 x 7 x 5.1cm (incluyendo perillas).\",\"breadcrumb\":{\"@id\":\"https:\\\/\\\/www.mexicanguitarplayers.com\\\/tienda\\\/sin categor\u00eda\\\/pedal-source-audio-vertigo-tremolo\\\/#breadcrumb\"},\"inLanguage\":\"en-US\",\"potentialAction\":[{\"@type\":\"ReadAction\",\"target\":[\"https:\\\/\\\/www.mexicanguitarplayers.com\\\/tienda\\\/sin categor\u00eda\\\/pedal-source-audio-vertigo-tremolo\\\/\"]}]},{\"@type\":\"ImageObject\",\"inLanguage\":\"en-US\",\"@id\":\"https:\\\/\\\/www.mexicanguitarplayers.com\\\/tienda\\\/sin categor\u00eda\\\/pedal-source-audio-vertigo-tremolo\\\/#primaryimage\",\"url\":\"https:\\\/\\\/www.mexicanguitarplayers.com\\\/wp-content\\\/uploads\\\/2025\\\/04\\\/VASIOSA243.jpg\",\"contentUrl\":\"https:\\\/\\\/www.mexicanguitarplayers.com\\\/wp-content\\\/uploads\\\/2025\\\/04\\\/VASIOSA243.jpg\",\"width\":800,\"height\":1600},{\"@type\":\"BreadcrumbList\",\"@id\":\"https:\\\/\\\/www.mexicanguitarplayers.com\\\/tienda\\\/sin categor\u00eda\\\/pedal-source-audio-vertigo-tremolo\\\/#breadcrumb\",\"itemListElement\":[{\"@type\":\"ListItem\",\"position\":1,\"name\":\"Portada\",\"item\":\"https:\\\/\\\/www.mexicanguitarplayers.com\\\/\"},{\"@type\":\"ListItem\",\"position\":2,\"name\":\"Tienda\",\"item\":\"https:\\\/\\\/www.mexicanguitarplayers.com\\\/tienda\\\/\"},{\"@type\":\"ListItem\",\"position\":3,\"name\":\"PEDAL SOURCE AUDIO VERTIGO TREMOLO\"}]},{\"@type\":\"WebSite\",\"@id\":\"https:\\\/\\\/www.mexicanguitarplayers.com\\\/#website\",\"url\":\"https:\\\/\\\/www.mexicanguitarplayers.com\\\/\",\"name\":\"Mexican Guitar Players\",\"description\":\"Website\",\"publisher\":{\"@id\":\"https:\\\/\\\/www.mexicanguitarplayers.com\\\/#organization\"},\"potentialAction\":[{\"@type\":\"SearchAction\",\"target\":{\"@type\":\"EntryPoint\",\"urlTemplate\":\"https:\\\/\\\/www.mexicanguitarplayers.com\\\/?s={search_term_string}\"},\"query-input\":{\"@type\":\"PropertyValueSpecification\",\"valueRequired\":true,\"valueName\":\"search_term_string\"}}],\"inLanguage\":\"en-US\"},{\"@type\":\"Organization\",\"@id\":\"https:\\\/\\\/www.mexicanguitarplayers.com\\\/#organization\",\"name\":\"Mexican Guitar Players\",\"url\":\"https:\\\/\\\/www.mexicanguitarplayers.com\\\/\",\"logo\":{\"@type\":\"ImageObject\",\"inLanguage\":\"en-US\",\"@id\":\"https:\\\/\\\/www.mexicanguitarplayers.com\\\/#\\\/schema\\\/logo\\\/image\\\/\",\"url\":\"\",\"contentUrl\":\"\",\"caption\":\"Mexican Guitar Players\"},\"image\":{\"@id\":\"https:\\\/\\\/www.mexicanguitarplayers.com\\\/#\\\/schema\\\/logo\\\/image\\\/\"}}]}<\/script>\n<!-- \/ Yoast SEO plugin. -->","yoast_head_json":{"title":"PEDAL SOURCE AUDIO VERTIGO TREMOLO - Mexican Guitar Players","description":"Pedal de tr\u00e9molo para guitarra, 3 tipos de tr\u00e9molo, 3 preajustes (usa modo preajuste para guardar un preajuste diferente en cada una de las tres posiciones delinterruptor de palanca), cuando el pedal est\u00e1 activado, todos los par\u00e1metros saltan instant\u00e1neamente al valor guardado independientemente de las posiciones delos mandos, entrada y salida jack est\u00e9reo, bypass universal, control de expresi\u00f3n, compatible con pedales Expression de Source Audio y controlador de efectos inal\u00e1mbricos universales Hot Hand 3, incluye fuente de alimentaci\u00f3n de 9V DC (300mA, tip negativo), incluye cable de 1\/8\u201d a 1\/4\u201d para conexi\u00f3n Neuro Mobile, consumo de energ\u00eda: 150 mA, puerto USB: Se conecta a Mac o Windows para actualizaciones de firmware y software de edici\u00f3n de efectos en profundidad, carcasa de aluminio anodizado cepillado, dimensiones: 11.4 x 7 x 5.1cm (incluyendo perillas).","robots":{"index":"index","follow":"follow","max-snippet":"max-snippet:-1","max-image-preview":"max-image-preview:large","max-video-preview":"max-video-preview:-1"},"canonical":"https:\/\/www.mexicanguitarplayers.com\/en\/tienda\/sin categor\u00eda\/pedal-source-audio-vertigo-tremolo\/","og_locale":"en_US","og_type":"article","og_title":"PEDAL SOURCE AUDIO VERTIGO TREMOLO - Mexican Guitar Players","og_description":"Pedal de tr\u00e9molo para guitarra, 3 tipos de tr\u00e9molo, 3 preajustes (usa modo preajuste para guardar un preajuste diferente en cada una de las tres posiciones delinterruptor de palanca), cuando el pedal est\u00e1 activado, todos los par\u00e1metros saltan instant\u00e1neamente al valor guardado independientemente de las posiciones delos mandos, entrada y salida jack est\u00e9reo, bypass universal, control de expresi\u00f3n, compatible con pedales Expression de Source Audio y controlador de efectos inal\u00e1mbricos universales Hot Hand 3, incluye fuente de alimentaci\u00f3n de 9V DC (300mA, tip negativo), incluye cable de 1\/8\u201d a 1\/4\u201d para conexi\u00f3n Neuro Mobile, consumo de energ\u00eda: 150 mA, puerto USB: Se conecta a Mac o Windows para actualizaciones de firmware y software de edici\u00f3n de efectos en profundidad, carcasa de aluminio anodizado cepillado, dimensiones: 11.4 x 7 x 5.1cm (incluyendo perillas).","og_url":"https:\/\/www.mexicanguitarplayers.com\/en\/tienda\/sin categor\u00eda\/pedal-source-audio-vertigo-tremolo\/","og_site_name":"Mexican Guitar Players","article_modified_time":"2026-04-10T10:33:21+00:00","twitter_card":"summary_large_image","twitter_misc":{"Est. reading time":"2 minutes"},"schema":{"@context":"https:\/\/schema.org","@graph":[{"@type":["WebPage","ItemPage"],"@id":"https:\/\/www.mexicanguitarplayers.com\/tienda\/sin categor\u00eda\/pedal-source-audio-vertigo-tremolo\/","url":"https:\/\/www.mexicanguitarplayers.com\/tienda\/sin categor\u00eda\/pedal-source-audio-vertigo-tremolo\/","name":"PEDAL SOURCE AUDIO VERTIGO TREMOLO - Mexican Guitar Players","isPartOf":{"@id":"https:\/\/www.mexicanguitarplayers.com\/#website"},"primaryImageOfPage":{"@id":"https:\/\/www.mexicanguitarplayers.com\/tienda\/sin categor\u00eda\/pedal-source-audio-vertigo-tremolo\/#primaryimage"},"image":{"@id":"https:\/\/www.mexicanguitarplayers.com\/tienda\/sin categor\u00eda\/pedal-source-audio-vertigo-tremolo\/#primaryimage"},"thumbnailUrl":"https:\/\/www.mexicanguitarplayers.com\/wp-content\/uploads\/2025\/04\/VASIOSA243.jpg","datePublished":"2025-04-09T03:00:15+00:00","dateModified":"2026-04-10T10:33:21+00:00","description":"Pedal de tr\u00e9molo para guitarra, 3 tipos de tr\u00e9molo, 3 preajustes (usa modo preajuste para guardar un preajuste diferente en cada una de las tres posiciones delinterruptor de palanca), cuando el pedal est\u00e1 activado, todos los par\u00e1metros saltan instant\u00e1neamente al valor guardado independientemente de las posiciones delos mandos, entrada y salida jack est\u00e9reo, bypass universal, control de expresi\u00f3n, compatible con pedales Expression de Source Audio y controlador de efectos inal\u00e1mbricos universales Hot Hand 3, incluye fuente de alimentaci\u00f3n de 9V DC (300mA, tip negativo), incluye cable de 1\/8\u201d a 1\/4\u201d para conexi\u00f3n Neuro Mobile, consumo de energ\u00eda: 150 mA, puerto USB: Se conecta a Mac o Windows para actualizaciones de firmware y software de edici\u00f3n de efectos en profundidad, carcasa de aluminio anodizado cepillado, dimensiones: 11.4 x 7 x 5.1cm (incluyendo perillas).","breadcrumb":{"@id":"https:\/\/www.mexicanguitarplayers.com\/tienda\/sin categor\u00eda\/pedal-source-audio-vertigo-tremolo\/#breadcrumb"},"inLanguage":"en-US","potentialAction":[{"@type":"ReadAction","target":["https:\/\/www.mexicanguitarplayers.com\/tienda\/sin categor\u00eda\/pedal-source-audio-vertigo-tremolo\/"]}]},{"@type":"ImageObject","inLanguage":"en-US","@id":"https:\/\/www.mexicanguitarplayers.com\/tienda\/sin categor\u00eda\/pedal-source-audio-vertigo-tremolo\/#primaryimage","url":"https:\/\/www.mexicanguitarplayers.com\/wp-content\/uploads\/2025\/04\/VASIOSA243.jpg","contentUrl":"https:\/\/www.mexicanguitarplayers.com\/wp-content\/uploads\/2025\/04\/VASIOSA243.jpg","width":800,"height":1600},{"@type":"BreadcrumbList","@id":"https:\/\/www.mexicanguitarplayers.com\/tienda\/sin categor\u00eda\/pedal-source-audio-vertigo-tremolo\/#breadcrumb","itemListElement":[{"@type":"ListItem","position":1,"name":"Portada","item":"https:\/\/www.mexicanguitarplayers.com\/"},{"@type":"ListItem","position":2,"name":"Tienda","item":"https:\/\/www.mexicanguitarplayers.com\/tienda\/"},{"@type":"ListItem","position":3,"name":"PEDAL SOURCE AUDIO VERTIGO TREMOLO"}]},{"@type":"WebSite","@id":"https:\/\/www.mexicanguitarplayers.com\/#website","url":"https:\/\/www.mexicanguitarplayers.com\/","name":"Mexican Guitar Players","description":"Website","publisher":{"@id":"https:\/\/www.mexicanguitarplayers.com\/#organization"},"potentialAction":[{"@type":"SearchAction","target":{"@type":"EntryPoint","urlTemplate":"https:\/\/www.mexicanguitarplayers.com\/?s={search_term_string}"},"query-input":{"@type":"PropertyValueSpecification","valueRequired":true,"valueName":"search_term_string"}}],"inLanguage":"en-US"},{"@type":"Organization","@id":"https:\/\/www.mexicanguitarplayers.com\/#organization","name":"Mexican Guitar Players","url":"https:\/\/www.mexicanguitarplayers.com\/","logo":{"@type":"ImageObject","inLanguage":"en-US","@id":"https:\/\/www.mexicanguitarplayers.com\/#\/schema\/logo\/image\/","url":"","contentUrl":"","caption":"Mexican Guitar Players"},"image":{"@id":"https:\/\/www.mexicanguitarplayers.com\/#\/schema\/logo\/image\/"}}]}},"brands":[{"id":608,"name":"AUDIO SOURCE","slug":"source-audio"}],"_links":{"self":[{"href":"https:\/\/www.mexicanguitarplayers.com\/en\/wp-json\/wp\/v2\/product\/32546","targetHints":{"allow":["GET"]}}],"collection":[{"href":"https:\/\/www.mexicanguitarplayers.com\/en\/wp-json\/wp\/v2\/product"}],"about":[{"href":"https:\/\/www.mexicanguitarplayers.com\/en\/wp-json\/wp\/v2\/types\/product"}],"replies":[{"embeddable":true,"href":"https:\/\/www.mexicanguitarplayers.com\/en\/wp-json\/wp\/v2\/comments?post=32546"}],"wp:featuredmedia":[{"embeddable":true,"href":"https:\/\/www.mexicanguitarplayers.com\/en\/wp-json\/wp\/v2\/media\/32545"}],"wp:attachment":[{"href":"https:\/\/www.mexicanguitarplayers.com\/en\/wp-json\/wp\/v2\/media?parent=32546"}],"wp:term":[{"taxonomy":"pwb-brand","embeddable":true,"href":"https:\/\/www.mexicanguitarplayers.com\/en\/wp-json\/wp\/v2\/pwb-brand?post=32546"},{"taxonomy":"product_brand","embeddable":true,"href":"https:\/\/www.mexicanguitarplayers.com\/en\/wp-json\/wp\/v2\/product_brand?post=32546"},{"taxonomy":"product_cat","embeddable":true,"href":"https:\/\/www.mexicanguitarplayers.com\/en\/wp-json\/wp\/v2\/product_cat?post=32546"},{"taxonomy":"product_tag","embeddable":true,"href":"https:\/\/www.mexicanguitarplayers.com\/en\/wp-json\/wp\/v2\/product_tag?post=32546"}],"curies":[{"name":"wp","href":"https:\/\/api.w.org\/{rel}","templated":true}]}}