{"id":32567,"date":"2025-04-08T21:00:41","date_gmt":"2025-04-09T03:00:41","guid":{"rendered":"https:\/\/www.mexicanguitarplayers.com\/tienda\/sin categor\u00eda\/soporte-reloop-p-laptop-mod-stand-hub\/"},"modified":"2026-05-01T07:23:24","modified_gmt":"2026-05-01T13:23:24","slug":"soporte-reloop-p-laptop-mod-stand-hub","status":"publish","type":"product","link":"https:\/\/www.mexicanguitarplayers.com\/en\/tienda\/accesorios\/varios\/soporte-reloop-p-laptop-mod-stand-hub\/","title":{"rendered":"SOPORTE RELOOP P\/LAPTOP MOD. STAND HUB"},"content":{"rendered":"<div style=\"text-align: justify\">\n<div>\n<h3>Dise\u00f1o \u00fanico.<\/h3>\n<\/div>\n<div>El stand hub es la primera combinaci\u00f3n innovadora de la industria de un soporte para computadora port\u00e1til multifuncional y un hub USB avanzado con puerto de suministro de energ\u00eda. Es ideal para DJ y productores gracias a una fuente de alimentaci\u00f3n estable y a la conexi\u00f3n en red de perif\u00e9ricos de hardware. Las superficies de contacto blandas protegen y proporcionan una superficie anti deslizante para tu equipo. El recubrimiento de polvo negro profundo en un acabado resistente a los ara\u00f1azos hace que el stand hub sea muy resistente, incluso cuando se utiliza con mucha frecuencia. Gracias al mecanismo push-lock, 6 posibles variantes de configuraci\u00f3n ofrecen una amplia gama de aplicaciones. Debido al dise\u00f1o compacto y que ahorra espacio, estos son ideales para usar en configuraciones de estudio y en vivo. Las Macbooks y lap-tops con conexi\u00f3n de alimentaci\u00f3n USB-C se pueden alimentar directamente desde el stand hub a trav\u00e9s del puerto USB-C PD. Funciona como concentrador USB-C\/USB-A activo o pasivo con todas las computadoras port\u00e1tiles. El stand hub tiene 4 puertos USB-A 3.0 de alta retenci\u00f3n, un puerto USB-C para conectar computadoras port\u00e1tiles y dispositivos inteligentes y un puerto USB-C PD para uso activo y pasivo. Macbooks, iPads, notebooks y varios otros dispositivos (11&#8243;-18&#8243;) se pueden conectar f\u00e1cilmente a trav\u00e9s de plug-and-play, gracias a su amplia compatibilidad. Incluye una funda protectora para un transporte seguro y algunos cables de conexi\u00f3n como USB C a C (30 cm), USB C a A (25 cm) y USB C a A (50 cm).<\/div>\n<div>\n<h4>Quick look<\/h4>\n<\/div>\n<ul style=\"margin: 0px 0px 0px 25px\">\n<li style=\"list-style-type: circle;margin: 5px\">System.<\/li>\n<li style=\"list-style-type: circle;margin: 5px\">Uso.<\/li>\n<li style=\"list-style-type: circle;margin: 5px\">Montaje.<\/li>\n<li style=\"list-style-type: circle;margin: 5px\">Configuraciones.<\/li>\n<li style=\"list-style-type: circle;margin: 5px\">Construcci\u00f3n.<\/li>\n<li style=\"list-style-type: circle;margin: 5px\">Protecci\u00f3n.<\/li>\n<li style=\"list-style-type: circle;margin: 5px\">Compatibilidad.<\/li>\n<li style=\"list-style-type: circle;margin: 5px\">Terminado.<\/li>\n<li style=\"list-style-type: circle;margin: 5px\">Accessories included.<\/li>\n<li style=\"list-style-type: circle;margin: 5px\">Conexiones.<\/li>\n<li style=\"list-style-type: circle;margin: 5px\">Capacidad de carga.<\/li>\n<li style=\"list-style-type: circle;margin: 5px\">Weight.<\/li>\n<li style=\"list-style-type: circle;margin: 5px\">Dimensions.<\/li>\n<\/ul>\n<div>\n<div style=\"font-weight: bold\">System.<\/div>\n<div>\n<p>La primera combinaci\u00f3n de un soporte multifuncional para laptop con un concentrador USB avanzado con soporte de suministro de energ\u00eda.<\/p>\n<\/div>\n<div style=\"font-weight: bold\">Uso.<\/div>\n<div>\n<p>Ideal para DJs, productores y creativos que proporciona un enrutamiento de energ\u00eda y conectividad estables para todos tus dispositivos, para optimizar tu espacio de trabajo.<\/p>\n<\/div>\n<div style=\"font-weight: bold\">Montaje.<\/div>\n<div>\n<p>Montaje flexible con 6 posiciones diferentes para una amplia gama de aplicaciones y lugares. Montaje r\u00e1pido y sin  herramientas gracias a un sencillo mecanismo de bloqueo por presi\u00f3n.<\/p>\n<\/div>\n<div style=\"font-weight: bold\">Configuraciones.<\/div>\n<div>\n<p>1) Forma cl\u00e1sica en C: Configuraci\u00f3n de soporte para computadora port\u00e1til. 2) Forma de C inferior: Optimizado para usar con teclado, controladores, modulares o tablets. 3) Forma de Z: Configuraci\u00f3n estable para una posici\u00f3n de altura de trabajo \u00f3ptima. 4) Forma de Z inferior: Dise\u00f1o plano para tablets y controladores. 5) Forma de Z m\u00e1s alto: Dise\u00f1o elevado de la cl\u00e1sica forma de Z para mayor altura. 5) Posici\u00f3n de transporte: Tama\u00f1o de transporte plano.<\/p>\n<\/div>\n<div style=\"font-weight: bold\">Construcci\u00f3n.<\/div>\n<div>\n<p>Construcci\u00f3n ligera, plegable y que ahorra espacio.<\/p>\n<\/div>\n<div style=\"font-weight: bold\">Protecci\u00f3n.<\/div>\n<div>\n<p>Almohadillas de espuma suave para proteger tus dispositivos y base de goma antideslizante para una mayor estabilidad.<\/p>\n<\/div>\n<div style=\"font-weight: bold\">Compatibilidad.<\/div>\n<div>\n<p>Ideal Adecuado para todos los tama\u00f1os de port\u00e1tiles (11&#8243; a 18&#8243;), tablets, controladores y m\u00e1s.<\/p>\n<\/div>\n<div style=\"font-weight: bold\">Terminado.<\/div>\n<div>\n<p>Recubrimiento en polvo negro intenso resistente a los ara\u00f1azos.<\/p>\n<\/div>\n<div style=\"font-weight: bold\">Accessories included.<\/div>\n<div>\n<p>Bolsa protectora para un transporte seguro y cables de conexi\u00f3n: USB C a C (30 cm), USB C a A (25 cm) y USB C a A (50 cm).<\/p>\n<\/div>\n<div style=\"font-weight: bold\">Conexiones.<\/div>\n<div>\n<p>1x USB-C 3.2 Gen 1 (SuperSpeed 5 Gbps, para conexi\u00f3n a computadora). 1x USB-C PD 3.2 Gen 1 (SuperSpeed PD5, para fuentes de alimentaci\u00f3n de hasta 60 watts). 4x USB-A 3.0 (hub ports en dise\u00f1o de alta retenci\u00f3n \/ downward compatible).<\/p>\n<\/div>\n<div style=\"font-weight: bold\">Capacidad de carga.<\/div>\n<div>\n<p>5 kg.<\/p>\n<\/div>\n<div style=\"font-weight: bold\">Weight.<\/div>\n<div>\n<p>1.4 kg.<\/p>\n<\/div>\n<div style=\"font-weight: bold\">Dimensions.<\/div>\n<div>\n<p>290 x 305 x 270 mm.<\/p>\n<\/div>\n<\/div>\n<\/div>","protected":false},"excerpt":{"rendered":"<p>Soporte para laptop con concentrador USB, incluye una entrada USB-C, una entrada USB-C PD y cuatro entradas USB-A, innovadora combinaci\u00f3n de soporte para computadora port\u00e1til y hub USB C avanzado con soporte para PD, montaje flexible con 6 posiciones para una amplia gama de aplicaciones y lugares, ideal para DJs, productores y creativos, conectividad y enrutamiento de energ\u00eda estables, capacidad de carga: 5 kg, dimensiones: 290 x 305 x 270 mm, peso: 1.4 kg, incluye funda de transporte y cables de conexi\u00f3n: USB C a C (30 cm), USB C a A (25 cm) y USB C a A (50 cm).&hellip; <a class=\"kt-excerpt-readmore more-link\" href=\"https:\/\/www.mexicanguitarplayers.com\/en\/tienda\/accesorios\/varios\/soporte-reloop-p-laptop-mod-stand-hub\/\">Read more<\/a><\/p>","protected":false},"featured_media":32557,"comment_status":"open","ping_status":"closed","template":"","meta":{"kt_blocks_editor_width":""},"pwb-brand":[496],"product_brand":[],"product_cat":[85,416,249],"product_tag":[],"class_list":{"0":"post-32567","1":"product","2":"type-product","3":"status-publish","4":"has-post-thumbnail","6":"pwb-brand-reloop","7":"product_cat-accesorios","8":"product_cat-stands","9":"product_cat-varios","10":"product_shipping_class-0-5-kg","12":"first","13":"instock","14":"taxable","15":"shipping-taxable","16":"purchasable","17":"product-type-simple"},"yoast_head":"<!-- This site is optimized with the Yoast SEO plugin v27.6 - https:\/\/yoast.com\/product\/yoast-seo-wordpress\/ -->\n<title>SOPORTE RELOOP P\/LAPTOP MOD. STAND HUB - Mexican Guitar Players<\/title>\n<meta name=\"description\" content=\"Soporte para laptop con concentrador USB, incluye una entrada USB-C, una entrada USB-C PD y cuatro entradas USB-A, innovadora combinaci\u00f3n de soporte para computadora port\u00e1til y hub USB C avanzado con soporte para PD, montaje flexible con 6 posiciones para una amplia gama de aplicaciones y lugares, ideal para DJs, productores y creativos, conectividad y enrutamiento de energ\u00eda estables, capacidad de carga: 5 kg, dimensiones: 290 x 305 x 270 mm, peso: 1.4 kg, incluye funda de transporte y cables de conexi\u00f3n: USB C a C (30 cm), USB C a A (25 cm) y USB C a A (50 cm).\" \/>\n<meta name=\"robots\" content=\"index, follow, max-snippet:-1, max-image-preview:large, max-video-preview:-1\" \/>\n<link rel=\"canonical\" href=\"https:\/\/www.mexicanguitarplayers.com\/en\/tienda\/sin%20categor\u00eda\/soporte-reloop-p-laptop-mod-stand-hub\/\" \/>\n<meta property=\"og:locale\" content=\"en_US\" \/>\n<meta property=\"og:type\" content=\"article\" \/>\n<meta property=\"og:title\" content=\"SOPORTE RELOOP P\/LAPTOP MOD. STAND HUB - Mexican Guitar Players\" \/>\n<meta property=\"og:description\" content=\"Soporte para laptop con concentrador USB, incluye una entrada USB-C, una entrada USB-C PD y cuatro entradas USB-A, innovadora combinaci\u00f3n de soporte para computadora port\u00e1til y hub USB C avanzado con soporte para PD, montaje flexible con 6 posiciones para una amplia gama de aplicaciones y lugares, ideal para DJs, productores y creativos, conectividad y enrutamiento de energ\u00eda estables, capacidad de carga: 5 kg, dimensiones: 290 x 305 x 270 mm, peso: 1.4 kg, incluye funda de transporte y cables de conexi\u00f3n: USB C a C (30 cm), USB C a A (25 cm) y USB C a A (50 cm).\" \/>\n<meta property=\"og:url\" content=\"https:\/\/www.mexicanguitarplayers.com\/en\/tienda\/sin categor\u00eda\/soporte-reloop-p-laptop-mod-stand-hub\/\" \/>\n<meta property=\"og:site_name\" content=\"Mexican Guitar Players\" \/>\n<meta property=\"article:modified_time\" content=\"2026-05-01T13:23:24+00:00\" \/>\n<meta name=\"twitter:card\" content=\"summary_large_image\" \/>\n<meta name=\"twitter:label1\" content=\"Est. reading time\" \/>\n\t<meta name=\"twitter:data1\" content=\"3 minutes\" \/>\n<script type=\"application\/ld+json\" class=\"yoast-schema-graph\">{\"@context\":\"https:\\\/\\\/schema.org\",\"@graph\":[{\"@type\":[\"WebPage\",\"ItemPage\"],\"@id\":\"https:\\\/\\\/www.mexicanguitarplayers.com\\\/tienda\\\/sin categor\u00eda\\\/soporte-reloop-p-laptop-mod-stand-hub\\\/\",\"url\":\"https:\\\/\\\/www.mexicanguitarplayers.com\\\/tienda\\\/sin categor\u00eda\\\/soporte-reloop-p-laptop-mod-stand-hub\\\/\",\"name\":\"SOPORTE RELOOP P\\\/LAPTOP MOD. STAND HUB - Mexican Guitar Players\",\"isPartOf\":{\"@id\":\"https:\\\/\\\/www.mexicanguitarplayers.com\\\/#website\"},\"primaryImageOfPage\":{\"@id\":\"https:\\\/\\\/www.mexicanguitarplayers.com\\\/tienda\\\/sin categor\u00eda\\\/soporte-reloop-p-laptop-mod-stand-hub\\\/#primaryimage\"},\"image\":{\"@id\":\"https:\\\/\\\/www.mexicanguitarplayers.com\\\/tienda\\\/sin categor\u00eda\\\/soporte-reloop-p-laptop-mod-stand-hub\\\/#primaryimage\"},\"thumbnailUrl\":\"https:\\\/\\\/www.mexicanguitarplayers.com\\\/wp-content\\\/uploads\\\/2025\\\/04\\\/VARELSTANDHUB.jpg\",\"datePublished\":\"2025-04-09T03:00:41+00:00\",\"dateModified\":\"2026-05-01T13:23:24+00:00\",\"description\":\"Soporte para laptop con concentrador USB, incluye una entrada USB-C, una entrada USB-C PD y cuatro entradas USB-A, innovadora combinaci\u00f3n de soporte para computadora port\u00e1til y hub USB C avanzado con soporte para PD, montaje flexible con 6 posiciones para una amplia gama de aplicaciones y lugares, ideal para DJs, productores y creativos, conectividad y enrutamiento de energ\u00eda estables, capacidad de carga: 5 kg, dimensiones: 290 x 305 x 270 mm, peso: 1.4 kg, incluye funda de transporte y cables de conexi\u00f3n: USB C a C (30 cm), USB C a A (25 cm) y USB C a A (50 cm).\",\"breadcrumb\":{\"@id\":\"https:\\\/\\\/www.mexicanguitarplayers.com\\\/tienda\\\/sin categor\u00eda\\\/soporte-reloop-p-laptop-mod-stand-hub\\\/#breadcrumb\"},\"inLanguage\":\"en-US\",\"potentialAction\":[{\"@type\":\"ReadAction\",\"target\":[\"https:\\\/\\\/www.mexicanguitarplayers.com\\\/tienda\\\/sin categor\u00eda\\\/soporte-reloop-p-laptop-mod-stand-hub\\\/\"]}]},{\"@type\":\"ImageObject\",\"inLanguage\":\"en-US\",\"@id\":\"https:\\\/\\\/www.mexicanguitarplayers.com\\\/tienda\\\/sin categor\u00eda\\\/soporte-reloop-p-laptop-mod-stand-hub\\\/#primaryimage\",\"url\":\"https:\\\/\\\/www.mexicanguitarplayers.com\\\/wp-content\\\/uploads\\\/2025\\\/04\\\/VARELSTANDHUB.jpg\",\"contentUrl\":\"https:\\\/\\\/www.mexicanguitarplayers.com\\\/wp-content\\\/uploads\\\/2025\\\/04\\\/VARELSTANDHUB.jpg\",\"width\":1200,\"height\":1200},{\"@type\":\"BreadcrumbList\",\"@id\":\"https:\\\/\\\/www.mexicanguitarplayers.com\\\/tienda\\\/sin categor\u00eda\\\/soporte-reloop-p-laptop-mod-stand-hub\\\/#breadcrumb\",\"itemListElement\":[{\"@type\":\"ListItem\",\"position\":1,\"name\":\"Portada\",\"item\":\"https:\\\/\\\/www.mexicanguitarplayers.com\\\/\"},{\"@type\":\"ListItem\",\"position\":2,\"name\":\"Tienda\",\"item\":\"https:\\\/\\\/www.mexicanguitarplayers.com\\\/tienda\\\/\"},{\"@type\":\"ListItem\",\"position\":3,\"name\":\"SOPORTE RELOOP P\\\/LAPTOP MOD. STAND HUB\"}]},{\"@type\":\"WebSite\",\"@id\":\"https:\\\/\\\/www.mexicanguitarplayers.com\\\/#website\",\"url\":\"https:\\\/\\\/www.mexicanguitarplayers.com\\\/\",\"name\":\"Mexican Guitar Players\",\"description\":\"Website\",\"publisher\":{\"@id\":\"https:\\\/\\\/www.mexicanguitarplayers.com\\\/#organization\"},\"potentialAction\":[{\"@type\":\"SearchAction\",\"target\":{\"@type\":\"EntryPoint\",\"urlTemplate\":\"https:\\\/\\\/www.mexicanguitarplayers.com\\\/?s={search_term_string}\"},\"query-input\":{\"@type\":\"PropertyValueSpecification\",\"valueRequired\":true,\"valueName\":\"search_term_string\"}}],\"inLanguage\":\"en-US\"},{\"@type\":\"Organization\",\"@id\":\"https:\\\/\\\/www.mexicanguitarplayers.com\\\/#organization\",\"name\":\"Mexican Guitar Players\",\"url\":\"https:\\\/\\\/www.mexicanguitarplayers.com\\\/\",\"logo\":{\"@type\":\"ImageObject\",\"inLanguage\":\"en-US\",\"@id\":\"https:\\\/\\\/www.mexicanguitarplayers.com\\\/#\\\/schema\\\/logo\\\/image\\\/\",\"url\":\"\",\"contentUrl\":\"\",\"caption\":\"Mexican Guitar Players\"},\"image\":{\"@id\":\"https:\\\/\\\/www.mexicanguitarplayers.com\\\/#\\\/schema\\\/logo\\\/image\\\/\"}}]}<\/script>\n<!-- \/ Yoast SEO plugin. -->","yoast_head_json":{"title":"SOPORTE RELOOP P\/LAPTOP MOD. STAND HUB - Mexican Guitar Players","description":"Soporte para laptop con concentrador USB, incluye una entrada USB-C, una entrada USB-C PD y cuatro entradas USB-A, innovadora combinaci\u00f3n de soporte para computadora port\u00e1til y hub USB C avanzado con soporte para PD, montaje flexible con 6 posiciones para una amplia gama de aplicaciones y lugares, ideal para DJs, productores y creativos, conectividad y enrutamiento de energ\u00eda estables, capacidad de carga: 5 kg, dimensiones: 290 x 305 x 270 mm, peso: 1.4 kg, incluye funda de transporte y cables de conexi\u00f3n: USB C a C (30 cm), USB C a A (25 cm) y USB C a A (50 cm).","robots":{"index":"index","follow":"follow","max-snippet":"max-snippet:-1","max-image-preview":"max-image-preview:large","max-video-preview":"max-video-preview:-1"},"canonical":"https:\/\/www.mexicanguitarplayers.com\/en\/tienda\/sin categor\u00eda\/soporte-reloop-p-laptop-mod-stand-hub\/","og_locale":"en_US","og_type":"article","og_title":"SOPORTE RELOOP P\/LAPTOP MOD. STAND HUB - Mexican Guitar Players","og_description":"Soporte para laptop con concentrador USB, incluye una entrada USB-C, una entrada USB-C PD y cuatro entradas USB-A, innovadora combinaci\u00f3n de soporte para computadora port\u00e1til y hub USB C avanzado con soporte para PD, montaje flexible con 6 posiciones para una amplia gama de aplicaciones y lugares, ideal para DJs, productores y creativos, conectividad y enrutamiento de energ\u00eda estables, capacidad de carga: 5 kg, dimensiones: 290 x 305 x 270 mm, peso: 1.4 kg, incluye funda de transporte y cables de conexi\u00f3n: USB C a C (30 cm), USB C a A (25 cm) y USB C a A (50 cm).","og_url":"https:\/\/www.mexicanguitarplayers.com\/en\/tienda\/sin categor\u00eda\/soporte-reloop-p-laptop-mod-stand-hub\/","og_site_name":"Mexican Guitar Players","article_modified_time":"2026-05-01T13:23:24+00:00","twitter_card":"summary_large_image","twitter_misc":{"Est. reading time":"3 minutes"},"schema":{"@context":"https:\/\/schema.org","@graph":[{"@type":["WebPage","ItemPage"],"@id":"https:\/\/www.mexicanguitarplayers.com\/tienda\/sin categor\u00eda\/soporte-reloop-p-laptop-mod-stand-hub\/","url":"https:\/\/www.mexicanguitarplayers.com\/tienda\/sin categor\u00eda\/soporte-reloop-p-laptop-mod-stand-hub\/","name":"SOPORTE RELOOP P\/LAPTOP MOD. STAND HUB - Mexican Guitar Players","isPartOf":{"@id":"https:\/\/www.mexicanguitarplayers.com\/#website"},"primaryImageOfPage":{"@id":"https:\/\/www.mexicanguitarplayers.com\/tienda\/sin categor\u00eda\/soporte-reloop-p-laptop-mod-stand-hub\/#primaryimage"},"image":{"@id":"https:\/\/www.mexicanguitarplayers.com\/tienda\/sin categor\u00eda\/soporte-reloop-p-laptop-mod-stand-hub\/#primaryimage"},"thumbnailUrl":"https:\/\/www.mexicanguitarplayers.com\/wp-content\/uploads\/2025\/04\/VARELSTANDHUB.jpg","datePublished":"2025-04-09T03:00:41+00:00","dateModified":"2026-05-01T13:23:24+00:00","description":"Soporte para laptop con concentrador USB, incluye una entrada USB-C, una entrada USB-C PD y cuatro entradas USB-A, innovadora combinaci\u00f3n de soporte para computadora port\u00e1til y hub USB C avanzado con soporte para PD, montaje flexible con 6 posiciones para una amplia gama de aplicaciones y lugares, ideal para DJs, productores y creativos, conectividad y enrutamiento de energ\u00eda estables, capacidad de carga: 5 kg, dimensiones: 290 x 305 x 270 mm, peso: 1.4 kg, incluye funda de transporte y cables de conexi\u00f3n: USB C a C (30 cm), USB C a A (25 cm) y USB C a A (50 cm).","breadcrumb":{"@id":"https:\/\/www.mexicanguitarplayers.com\/tienda\/sin categor\u00eda\/soporte-reloop-p-laptop-mod-stand-hub\/#breadcrumb"},"inLanguage":"en-US","potentialAction":[{"@type":"ReadAction","target":["https:\/\/www.mexicanguitarplayers.com\/tienda\/sin categor\u00eda\/soporte-reloop-p-laptop-mod-stand-hub\/"]}]},{"@type":"ImageObject","inLanguage":"en-US","@id":"https:\/\/www.mexicanguitarplayers.com\/tienda\/sin categor\u00eda\/soporte-reloop-p-laptop-mod-stand-hub\/#primaryimage","url":"https:\/\/www.mexicanguitarplayers.com\/wp-content\/uploads\/2025\/04\/VARELSTANDHUB.jpg","contentUrl":"https:\/\/www.mexicanguitarplayers.com\/wp-content\/uploads\/2025\/04\/VARELSTANDHUB.jpg","width":1200,"height":1200},{"@type":"BreadcrumbList","@id":"https:\/\/www.mexicanguitarplayers.com\/tienda\/sin categor\u00eda\/soporte-reloop-p-laptop-mod-stand-hub\/#breadcrumb","itemListElement":[{"@type":"ListItem","position":1,"name":"Portada","item":"https:\/\/www.mexicanguitarplayers.com\/"},{"@type":"ListItem","position":2,"name":"Tienda","item":"https:\/\/www.mexicanguitarplayers.com\/tienda\/"},{"@type":"ListItem","position":3,"name":"SOPORTE RELOOP P\/LAPTOP MOD. STAND HUB"}]},{"@type":"WebSite","@id":"https:\/\/www.mexicanguitarplayers.com\/#website","url":"https:\/\/www.mexicanguitarplayers.com\/","name":"Mexican Guitar Players","description":"Website","publisher":{"@id":"https:\/\/www.mexicanguitarplayers.com\/#organization"},"potentialAction":[{"@type":"SearchAction","target":{"@type":"EntryPoint","urlTemplate":"https:\/\/www.mexicanguitarplayers.com\/?s={search_term_string}"},"query-input":{"@type":"PropertyValueSpecification","valueRequired":true,"valueName":"search_term_string"}}],"inLanguage":"en-US"},{"@type":"Organization","@id":"https:\/\/www.mexicanguitarplayers.com\/#organization","name":"Mexican Guitar Players","url":"https:\/\/www.mexicanguitarplayers.com\/","logo":{"@type":"ImageObject","inLanguage":"en-US","@id":"https:\/\/www.mexicanguitarplayers.com\/#\/schema\/logo\/image\/","url":"","contentUrl":"","caption":"Mexican Guitar Players"},"image":{"@id":"https:\/\/www.mexicanguitarplayers.com\/#\/schema\/logo\/image\/"}}]}},"brands":[{"id":496,"name":"RELOOP","slug":"reloop"}],"_links":{"self":[{"href":"https:\/\/www.mexicanguitarplayers.com\/en\/wp-json\/wp\/v2\/product\/32567","targetHints":{"allow":["GET"]}}],"collection":[{"href":"https:\/\/www.mexicanguitarplayers.com\/en\/wp-json\/wp\/v2\/product"}],"about":[{"href":"https:\/\/www.mexicanguitarplayers.com\/en\/wp-json\/wp\/v2\/types\/product"}],"replies":[{"embeddable":true,"href":"https:\/\/www.mexicanguitarplayers.com\/en\/wp-json\/wp\/v2\/comments?post=32567"}],"wp:featuredmedia":[{"embeddable":true,"href":"https:\/\/www.mexicanguitarplayers.com\/en\/wp-json\/wp\/v2\/media\/32557"}],"wp:attachment":[{"href":"https:\/\/www.mexicanguitarplayers.com\/en\/wp-json\/wp\/v2\/media?parent=32567"}],"wp:term":[{"taxonomy":"pwb-brand","embeddable":true,"href":"https:\/\/www.mexicanguitarplayers.com\/en\/wp-json\/wp\/v2\/pwb-brand?post=32567"},{"taxonomy":"product_brand","embeddable":true,"href":"https:\/\/www.mexicanguitarplayers.com\/en\/wp-json\/wp\/v2\/product_brand?post=32567"},{"taxonomy":"product_cat","embeddable":true,"href":"https:\/\/www.mexicanguitarplayers.com\/en\/wp-json\/wp\/v2\/product_cat?post=32567"},{"taxonomy":"product_tag","embeddable":true,"href":"https:\/\/www.mexicanguitarplayers.com\/en\/wp-json\/wp\/v2\/product_tag?post=32567"}],"curies":[{"name":"wp","href":"https:\/\/api.w.org\/{rel}","templated":true}]}}