{"id":32595,"date":"2025-04-08T21:01:20","date_gmt":"2025-04-09T03:01:20","guid":{"rendered":"https:\/\/www.mexicanguitarplayers.com\/tienda\/sin categor\u00eda\/microfono-behringer-mod-video-mic-ms\/"},"modified":"2026-05-01T07:23:22","modified_gmt":"2026-05-01T13:23:22","slug":"microfono-behringer-mod-video-mic-ms","status":"publish","type":"product","link":"https:\/\/www.mexicanguitarplayers.com\/en\/tienda\/audio\/microfonia\/microfonos-alambricos\/de-escritorio\/microfono-behringer-mod-video-mic-ms\/","title":{"rendered":"MICROFONO BEHRINGER MOD. VIDEO MIC MS"},"content":{"rendered":"<div style=\"text-align: justify\">\n<div>\n<h3>Un micr\u00f3fono est\u00e9reo MS vers\u00e1til.<\/h3>\n<\/div>\n<div>No importa si eres un periodista, un podcaster o un video blogger, el VIDEO MIC MS satisface tu necesidad de un gran micr\u00f3fono est\u00e9reo de montaje en c\u00e1mara. El VIDEO MIS MS es un micr\u00f3fono est\u00e9reo medio-lateral compacto y liviano que te permite grabar videos con audio digital de alta calidad. El VIDEO MIC MS tiene un par de c\u00e1psulas de condensador de alta calidad combinadas en configuraci\u00f3n lateral media para proporcionar un sonido en vivo m\u00e1s espacial y real con patrones de captaci\u00f3n cardioide y bidireccional. La carcasa del VIDEO MIC MS est\u00e1 hecha de aleaci\u00f3n de cobre de alta calidad para mayor durabilidad y un alto nivel de rechazo de RF. El VIDEO MIC MS funciona con c\u00e1maras DSLR (Digital Single Lens Reflex), videoc\u00e1maras y la mayor\u00eda de las grabadoras de audio y proporciona interpretaciones vocales de alta calidad a un precio asequible y al alcance de todos. El micr\u00f3fono puede alimentarse con el adaptador de una DSLR o con una sola bater\u00eda LR44 (no incluida) con un circuito de cambio autom\u00e1tico de fuente de alimentaci\u00f3n. Tambi\u00e9n viene con un conveniente switch On\/Off para un consumo eficiente de energ\u00eda. El mismo switch te permite personalizar tus grabaciones a tu entorno, 90\u00b0 para enfocarse en un sonido individual o 120\u00b0 para un escenario de sonido m\u00e1s amplio con el ambiente circundante. Con un dise\u00f1o de tubo de resonancia, el VIDEO MIC MS funciona mejor que muchos otros micr\u00f3fonos y captura un sonido m\u00e1s natural. La corta longitud del VIDEO MIC MS hace que sea muy pr\u00e1ctico de llevar. Un shock-mount de alto rendimiento elimina el ruido de manejo. El discreto parabrisas es \u00fatil para eliminar el ruido del viento durante las grabaciones al aire libre. El VIDEO MIC MS junto con sus accesorios agrupa un paquete de alto rendimiento en una bolsa con cierre.<\/div>\n<div>\n<h4>Quick look<\/h4>\n<\/div>\n<ul style=\"margin: 0px 0px 0px 25px\">\n<li style=\"list-style-type: circle;margin: 5px\">Kind.<\/li>\n<li style=\"list-style-type: circle;margin: 5px\">Frequency response.<\/li>\n<li style=\"list-style-type: circle;margin: 5px\">Maximum SPL.<\/li>\n<li style=\"list-style-type: circle;margin: 5px\">Directividad.<\/li>\n<li style=\"list-style-type: circle;margin: 5px\">Polar pattern.<\/li>\n<li style=\"list-style-type: circle;margin: 5px\">Sensitivity.<\/li>\n<li style=\"list-style-type: circle;margin: 5px\">Power supply.<\/li>\n<\/ul>\n<div>\n<div style=\"font-weight: bold\">Kind.<\/div>\n<div>\n<p>Condensador.<\/p>\n<\/div>\n<div style=\"font-weight: bold\">Frequency response.<\/div>\n<div>\n<p>50 Hz a 18 kHz.<\/p>\n<\/div>\n<div style=\"font-weight: bold\">Maximum SPL.<\/div>\n<div>\n<p>120 dB.<\/p>\n<\/div>\n<div style=\"font-weight: bold\">Directividad.<\/div>\n<div>\n<p>Unidireccional.<\/p>\n<\/div>\n<div style=\"font-weight: bold\">Polar pattern.<\/div>\n<div>\n<p>S\u00faper cardioide.<\/p>\n<\/div>\n<div style=\"font-weight: bold\">Sensitivity.<\/div>\n<div>\n<p>120\u00b0 grados: -47 dB \u00b13 dB @ 1 kHz (1 V \/ Pa). 90\u00b0 grados: -47 dB \u00b13 dB @ 1 kHz (1 V \/ Pa).<\/p>\n<\/div>\n<div style=\"font-weight: bold\">Power supply.<\/div>\n<div>\n<p>Bater\u00eda externa o instalada de 1.5V.<\/p>\n<\/div>\n<\/div>\n<\/div>","protected":false},"excerpt":{"rendered":"<p>Micr\u00f3fono shotgun de condensador medio-lateral de doble c\u00e1psula, calidad de transmisi\u00f3n con respuesta de audio superior para DSLR, para aplicaciones de c\u00e1maras de video, smartphones y la mayor\u00eda de las grabadoras de audio, excelente opci\u00f3n para periodistas profesionales, podcasters, vloggers y producci\u00f3n de videos o pel\u00edculas, par combinado de c\u00e1psulas de condensador en configuraci\u00f3n de medio lado con patr\u00f3n de captaci\u00f3n cardioide y en forma de 8 im\u00e1genes precisas y versatilidad, pr\u00e1ctico switch On\/Off para un consumo eficiente de energ\u00eda con \u00e1ngulo de captaci\u00f3n seleccionable de 90 a 120 grados, alimentaci\u00f3n enchufable vers\u00e1til o bater\u00eda LR44 (no incluida) con circuito de cambio autom\u00e1tico de fuente de alimentaci\u00f3n, cable de 0.6 metros con conector en \u00e1ngulo TRS de 3.5 mm (1\/8\u201d), construcci\u00f3n ligera ultra resistente con cuerpo de metal fundido a presi\u00f3n, clip de micr\u00f3fono especialmente dise\u00f1ado con adaptador de zapata para c\u00e1mara, paravientos de espuma y bolsa de transporte protectora incluidos.&hellip; <a class=\"kt-excerpt-readmore more-link\" href=\"https:\/\/www.mexicanguitarplayers.com\/en\/tienda\/audio\/microfonia\/microfonos-alambricos\/de-escritorio\/microfono-behringer-mod-video-mic-ms\/\">Read more<\/a><\/p>","protected":false},"featured_media":32588,"comment_status":"open","ping_status":"closed","template":"","meta":{"kt_blocks_editor_width":""},"pwb-brand":[171],"product_brand":[],"product_cat":[213,217,214,215],"product_tag":[],"class_list":{"0":"post-32595","1":"product","2":"type-product","3":"status-publish","4":"has-post-thumbnail","6":"pwb-brand-behringer","7":"product_cat-audio","8":"product_cat-de-escritorio","9":"product_cat-microfonia","10":"product_cat-microfonos-alambricos","11":"product_shipping_class-0-5-kg","13":"first","14":"instock","15":"taxable","16":"shipping-taxable","17":"purchasable","18":"product-type-simple"},"yoast_head":"<!-- This site is optimized with the Yoast SEO plugin v27.5 - https:\/\/yoast.com\/product\/yoast-seo-wordpress\/ -->\n<title>MICROFONO BEHRINGER MOD. VIDEO MIC MS - Mexican Guitar Players<\/title>\n<meta name=\"description\" content=\"Micr\u00f3fono shotgun de condensador medio-lateral de doble c\u00e1psula, calidad de transmisi\u00f3n con respuesta de audio superior para DSLR, para aplicaciones de c\u00e1maras de video, smartphones y la mayor\u00eda de las grabadoras de audio, excelente opci\u00f3n para periodistas profesionales, podcasters, vloggers y producci\u00f3n de videos o pel\u00edculas, par combinado de c\u00e1psulas de condensador en configuraci\u00f3n de medio lado con patr\u00f3n de captaci\u00f3n cardioide y en forma de 8 im\u00e1genes precisas y versatilidad, pr\u00e1ctico switch On\/Off para un consumo eficiente de energ\u00eda con \u00e1ngulo de captaci\u00f3n seleccionable de 90 a 120 grados, alimentaci\u00f3n enchufable vers\u00e1til o bater\u00eda LR44 (no incluida) con circuito de cambio autom\u00e1tico de fuente de alimentaci\u00f3n, cable de 0.6 metros con conector en \u00e1ngulo TRS de 3.5 mm (1\/8\u201d), construcci\u00f3n ligera ultra resistente con cuerpo de metal fundido a presi\u00f3n, clip de micr\u00f3fono especialmente dise\u00f1ado con adaptador de zapata para c\u00e1mara, paravientos de espuma y bolsa de transporte protectora incluidos.\" \/>\n<meta name=\"robots\" content=\"index, follow, max-snippet:-1, max-image-preview:large, max-video-preview:-1\" \/>\n<link rel=\"canonical\" href=\"https:\/\/www.mexicanguitarplayers.com\/en\/tienda\/sin%20categor\u00eda\/microfono-behringer-mod-video-mic-ms\/\" \/>\n<meta property=\"og:locale\" content=\"en_US\" \/>\n<meta property=\"og:type\" content=\"article\" \/>\n<meta property=\"og:title\" content=\"MICROFONO BEHRINGER MOD. VIDEO MIC MS - Mexican Guitar Players\" \/>\n<meta property=\"og:description\" content=\"Micr\u00f3fono shotgun de condensador medio-lateral de doble c\u00e1psula, calidad de transmisi\u00f3n con respuesta de audio superior para DSLR, para aplicaciones de c\u00e1maras de video, smartphones y la mayor\u00eda de las grabadoras de audio, excelente opci\u00f3n para periodistas profesionales, podcasters, vloggers y producci\u00f3n de videos o pel\u00edculas, par combinado de c\u00e1psulas de condensador en configuraci\u00f3n de medio lado con patr\u00f3n de captaci\u00f3n cardioide y en forma de 8 im\u00e1genes precisas y versatilidad, pr\u00e1ctico switch On\/Off para un consumo eficiente de energ\u00eda con \u00e1ngulo de captaci\u00f3n seleccionable de 90 a 120 grados, alimentaci\u00f3n enchufable vers\u00e1til o bater\u00eda LR44 (no incluida) con circuito de cambio autom\u00e1tico de fuente de alimentaci\u00f3n, cable de 0.6 metros con conector en \u00e1ngulo TRS de 3.5 mm (1\/8\u201d), construcci\u00f3n ligera ultra resistente con cuerpo de metal fundido a presi\u00f3n, clip de micr\u00f3fono especialmente dise\u00f1ado con adaptador de zapata para c\u00e1mara, paravientos de espuma y bolsa de transporte protectora incluidos.\" \/>\n<meta property=\"og:url\" content=\"https:\/\/www.mexicanguitarplayers.com\/en\/tienda\/sin categor\u00eda\/microfono-behringer-mod-video-mic-ms\/\" \/>\n<meta property=\"og:site_name\" content=\"Mexican Guitar Players\" \/>\n<meta property=\"article:modified_time\" content=\"2026-05-01T13:23:22+00:00\" \/>\n<meta name=\"twitter:card\" content=\"summary_large_image\" \/>\n<meta name=\"twitter:label1\" content=\"Est. reading time\" \/>\n\t<meta name=\"twitter:data1\" content=\"2 minutes\" \/>\n<script type=\"application\/ld+json\" class=\"yoast-schema-graph\">{\"@context\":\"https:\\\/\\\/schema.org\",\"@graph\":[{\"@type\":[\"WebPage\",\"ItemPage\"],\"@id\":\"https:\\\/\\\/www.mexicanguitarplayers.com\\\/tienda\\\/sin categor\u00eda\\\/microfono-behringer-mod-video-mic-ms\\\/\",\"url\":\"https:\\\/\\\/www.mexicanguitarplayers.com\\\/tienda\\\/sin categor\u00eda\\\/microfono-behringer-mod-video-mic-ms\\\/\",\"name\":\"MICROFONO BEHRINGER MOD. VIDEO MIC MS - Mexican Guitar Players\",\"isPartOf\":{\"@id\":\"https:\\\/\\\/www.mexicanguitarplayers.com\\\/#website\"},\"primaryImageOfPage\":{\"@id\":\"https:\\\/\\\/www.mexicanguitarplayers.com\\\/tienda\\\/sin categor\u00eda\\\/microfono-behringer-mod-video-mic-ms\\\/#primaryimage\"},\"image\":{\"@id\":\"https:\\\/\\\/www.mexicanguitarplayers.com\\\/tienda\\\/sin categor\u00eda\\\/microfono-behringer-mod-video-mic-ms\\\/#primaryimage\"},\"thumbnailUrl\":\"https:\\\/\\\/www.mexicanguitarplayers.com\\\/wp-content\\\/uploads\\\/2025\\\/04\\\/IABEHVIDEMICMS.jpg\",\"datePublished\":\"2025-04-09T03:01:20+00:00\",\"dateModified\":\"2026-05-01T13:23:22+00:00\",\"description\":\"Micr\u00f3fono shotgun de condensador medio-lateral de doble c\u00e1psula, calidad de transmisi\u00f3n con respuesta de audio superior para DSLR, para aplicaciones de c\u00e1maras de video, smartphones y la mayor\u00eda de las grabadoras de audio, excelente opci\u00f3n para periodistas profesionales, podcasters, vloggers y producci\u00f3n de videos o pel\u00edculas, par combinado de c\u00e1psulas de condensador en configuraci\u00f3n de medio lado con patr\u00f3n de captaci\u00f3n cardioide y en forma de 8 im\u00e1genes precisas y versatilidad, pr\u00e1ctico switch On\\\/Off para un consumo eficiente de energ\u00eda con \u00e1ngulo de captaci\u00f3n seleccionable de 90 a 120 grados, alimentaci\u00f3n enchufable vers\u00e1til o bater\u00eda LR44 (no incluida) con circuito de cambio autom\u00e1tico de fuente de alimentaci\u00f3n, cable de 0.6 metros con conector en \u00e1ngulo TRS de 3.5 mm (1\\\/8\u201d), construcci\u00f3n ligera ultra resistente con cuerpo de metal fundido a presi\u00f3n, clip de micr\u00f3fono especialmente dise\u00f1ado con adaptador de zapata para c\u00e1mara, paravientos de espuma y bolsa de transporte protectora incluidos.\",\"breadcrumb\":{\"@id\":\"https:\\\/\\\/www.mexicanguitarplayers.com\\\/tienda\\\/sin categor\u00eda\\\/microfono-behringer-mod-video-mic-ms\\\/#breadcrumb\"},\"inLanguage\":\"en-US\",\"potentialAction\":[{\"@type\":\"ReadAction\",\"target\":[\"https:\\\/\\\/www.mexicanguitarplayers.com\\\/tienda\\\/sin categor\u00eda\\\/microfono-behringer-mod-video-mic-ms\\\/\"]}]},{\"@type\":\"ImageObject\",\"inLanguage\":\"en-US\",\"@id\":\"https:\\\/\\\/www.mexicanguitarplayers.com\\\/tienda\\\/sin categor\u00eda\\\/microfono-behringer-mod-video-mic-ms\\\/#primaryimage\",\"url\":\"https:\\\/\\\/www.mexicanguitarplayers.com\\\/wp-content\\\/uploads\\\/2025\\\/04\\\/IABEHVIDEMICMS.jpg\",\"contentUrl\":\"https:\\\/\\\/www.mexicanguitarplayers.com\\\/wp-content\\\/uploads\\\/2025\\\/04\\\/IABEHVIDEMICMS.jpg\",\"width\":1600,\"height\":800},{\"@type\":\"BreadcrumbList\",\"@id\":\"https:\\\/\\\/www.mexicanguitarplayers.com\\\/tienda\\\/sin categor\u00eda\\\/microfono-behringer-mod-video-mic-ms\\\/#breadcrumb\",\"itemListElement\":[{\"@type\":\"ListItem\",\"position\":1,\"name\":\"Portada\",\"item\":\"https:\\\/\\\/www.mexicanguitarplayers.com\\\/\"},{\"@type\":\"ListItem\",\"position\":2,\"name\":\"Tienda\",\"item\":\"https:\\\/\\\/www.mexicanguitarplayers.com\\\/tienda\\\/\"},{\"@type\":\"ListItem\",\"position\":3,\"name\":\"MICROFONO BEHRINGER MOD. VIDEO MIC MS\"}]},{\"@type\":\"WebSite\",\"@id\":\"https:\\\/\\\/www.mexicanguitarplayers.com\\\/#website\",\"url\":\"https:\\\/\\\/www.mexicanguitarplayers.com\\\/\",\"name\":\"Mexican Guitar Players\",\"description\":\"Website\",\"publisher\":{\"@id\":\"https:\\\/\\\/www.mexicanguitarplayers.com\\\/#organization\"},\"potentialAction\":[{\"@type\":\"SearchAction\",\"target\":{\"@type\":\"EntryPoint\",\"urlTemplate\":\"https:\\\/\\\/www.mexicanguitarplayers.com\\\/?s={search_term_string}\"},\"query-input\":{\"@type\":\"PropertyValueSpecification\",\"valueRequired\":true,\"valueName\":\"search_term_string\"}}],\"inLanguage\":\"en-US\"},{\"@type\":\"Organization\",\"@id\":\"https:\\\/\\\/www.mexicanguitarplayers.com\\\/#organization\",\"name\":\"Mexican Guitar Players\",\"url\":\"https:\\\/\\\/www.mexicanguitarplayers.com\\\/\",\"logo\":{\"@type\":\"ImageObject\",\"inLanguage\":\"en-US\",\"@id\":\"https:\\\/\\\/www.mexicanguitarplayers.com\\\/#\\\/schema\\\/logo\\\/image\\\/\",\"url\":\"\",\"contentUrl\":\"\",\"caption\":\"Mexican Guitar Players\"},\"image\":{\"@id\":\"https:\\\/\\\/www.mexicanguitarplayers.com\\\/#\\\/schema\\\/logo\\\/image\\\/\"}}]}<\/script>\n<!-- \/ Yoast SEO plugin. -->","yoast_head_json":{"title":"MICROFONO BEHRINGER MOD. VIDEO MIC MS - Mexican Guitar Players","description":"Micr\u00f3fono shotgun de condensador medio-lateral de doble c\u00e1psula, calidad de transmisi\u00f3n con respuesta de audio superior para DSLR, para aplicaciones de c\u00e1maras de video, smartphones y la mayor\u00eda de las grabadoras de audio, excelente opci\u00f3n para periodistas profesionales, podcasters, vloggers y producci\u00f3n de videos o pel\u00edculas, par combinado de c\u00e1psulas de condensador en configuraci\u00f3n de medio lado con patr\u00f3n de captaci\u00f3n cardioide y en forma de 8 im\u00e1genes precisas y versatilidad, pr\u00e1ctico switch On\/Off para un consumo eficiente de energ\u00eda con \u00e1ngulo de captaci\u00f3n seleccionable de 90 a 120 grados, alimentaci\u00f3n enchufable vers\u00e1til o bater\u00eda LR44 (no incluida) con circuito de cambio autom\u00e1tico de fuente de alimentaci\u00f3n, cable de 0.6 metros con conector en \u00e1ngulo TRS de 3.5 mm (1\/8\u201d), construcci\u00f3n ligera ultra resistente con cuerpo de metal fundido a presi\u00f3n, clip de micr\u00f3fono especialmente dise\u00f1ado con adaptador de zapata para c\u00e1mara, paravientos de espuma y bolsa de transporte protectora incluidos.","robots":{"index":"index","follow":"follow","max-snippet":"max-snippet:-1","max-image-preview":"max-image-preview:large","max-video-preview":"max-video-preview:-1"},"canonical":"https:\/\/www.mexicanguitarplayers.com\/en\/tienda\/sin categor\u00eda\/microfono-behringer-mod-video-mic-ms\/","og_locale":"en_US","og_type":"article","og_title":"MICROFONO BEHRINGER MOD. VIDEO MIC MS - Mexican Guitar Players","og_description":"Micr\u00f3fono shotgun de condensador medio-lateral de doble c\u00e1psula, calidad de transmisi\u00f3n con respuesta de audio superior para DSLR, para aplicaciones de c\u00e1maras de video, smartphones y la mayor\u00eda de las grabadoras de audio, excelente opci\u00f3n para periodistas profesionales, podcasters, vloggers y producci\u00f3n de videos o pel\u00edculas, par combinado de c\u00e1psulas de condensador en configuraci\u00f3n de medio lado con patr\u00f3n de captaci\u00f3n cardioide y en forma de 8 im\u00e1genes precisas y versatilidad, pr\u00e1ctico switch On\/Off para un consumo eficiente de energ\u00eda con \u00e1ngulo de captaci\u00f3n seleccionable de 90 a 120 grados, alimentaci\u00f3n enchufable vers\u00e1til o bater\u00eda LR44 (no incluida) con circuito de cambio autom\u00e1tico de fuente de alimentaci\u00f3n, cable de 0.6 metros con conector en \u00e1ngulo TRS de 3.5 mm (1\/8\u201d), construcci\u00f3n ligera ultra resistente con cuerpo de metal fundido a presi\u00f3n, clip de micr\u00f3fono especialmente dise\u00f1ado con adaptador de zapata para c\u00e1mara, paravientos de espuma y bolsa de transporte protectora incluidos.","og_url":"https:\/\/www.mexicanguitarplayers.com\/en\/tienda\/sin categor\u00eda\/microfono-behringer-mod-video-mic-ms\/","og_site_name":"Mexican Guitar Players","article_modified_time":"2026-05-01T13:23:22+00:00","twitter_card":"summary_large_image","twitter_misc":{"Est. reading time":"2 minutes"},"schema":{"@context":"https:\/\/schema.org","@graph":[{"@type":["WebPage","ItemPage"],"@id":"https:\/\/www.mexicanguitarplayers.com\/tienda\/sin categor\u00eda\/microfono-behringer-mod-video-mic-ms\/","url":"https:\/\/www.mexicanguitarplayers.com\/tienda\/sin categor\u00eda\/microfono-behringer-mod-video-mic-ms\/","name":"MICROFONO BEHRINGER MOD. VIDEO MIC MS - Mexican Guitar Players","isPartOf":{"@id":"https:\/\/www.mexicanguitarplayers.com\/#website"},"primaryImageOfPage":{"@id":"https:\/\/www.mexicanguitarplayers.com\/tienda\/sin categor\u00eda\/microfono-behringer-mod-video-mic-ms\/#primaryimage"},"image":{"@id":"https:\/\/www.mexicanguitarplayers.com\/tienda\/sin categor\u00eda\/microfono-behringer-mod-video-mic-ms\/#primaryimage"},"thumbnailUrl":"https:\/\/www.mexicanguitarplayers.com\/wp-content\/uploads\/2025\/04\/IABEHVIDEMICMS.jpg","datePublished":"2025-04-09T03:01:20+00:00","dateModified":"2026-05-01T13:23:22+00:00","description":"Micr\u00f3fono shotgun de condensador medio-lateral de doble c\u00e1psula, calidad de transmisi\u00f3n con respuesta de audio superior para DSLR, para aplicaciones de c\u00e1maras de video, smartphones y la mayor\u00eda de las grabadoras de audio, excelente opci\u00f3n para periodistas profesionales, podcasters, vloggers y producci\u00f3n de videos o pel\u00edculas, par combinado de c\u00e1psulas de condensador en configuraci\u00f3n de medio lado con patr\u00f3n de captaci\u00f3n cardioide y en forma de 8 im\u00e1genes precisas y versatilidad, pr\u00e1ctico switch On\/Off para un consumo eficiente de energ\u00eda con \u00e1ngulo de captaci\u00f3n seleccionable de 90 a 120 grados, alimentaci\u00f3n enchufable vers\u00e1til o bater\u00eda LR44 (no incluida) con circuito de cambio autom\u00e1tico de fuente de alimentaci\u00f3n, cable de 0.6 metros con conector en \u00e1ngulo TRS de 3.5 mm (1\/8\u201d), construcci\u00f3n ligera ultra resistente con cuerpo de metal fundido a presi\u00f3n, clip de micr\u00f3fono especialmente dise\u00f1ado con adaptador de zapata para c\u00e1mara, paravientos de espuma y bolsa de transporte protectora incluidos.","breadcrumb":{"@id":"https:\/\/www.mexicanguitarplayers.com\/tienda\/sin categor\u00eda\/microfono-behringer-mod-video-mic-ms\/#breadcrumb"},"inLanguage":"en-US","potentialAction":[{"@type":"ReadAction","target":["https:\/\/www.mexicanguitarplayers.com\/tienda\/sin categor\u00eda\/microfono-behringer-mod-video-mic-ms\/"]}]},{"@type":"ImageObject","inLanguage":"en-US","@id":"https:\/\/www.mexicanguitarplayers.com\/tienda\/sin categor\u00eda\/microfono-behringer-mod-video-mic-ms\/#primaryimage","url":"https:\/\/www.mexicanguitarplayers.com\/wp-content\/uploads\/2025\/04\/IABEHVIDEMICMS.jpg","contentUrl":"https:\/\/www.mexicanguitarplayers.com\/wp-content\/uploads\/2025\/04\/IABEHVIDEMICMS.jpg","width":1600,"height":800},{"@type":"BreadcrumbList","@id":"https:\/\/www.mexicanguitarplayers.com\/tienda\/sin categor\u00eda\/microfono-behringer-mod-video-mic-ms\/#breadcrumb","itemListElement":[{"@type":"ListItem","position":1,"name":"Portada","item":"https:\/\/www.mexicanguitarplayers.com\/"},{"@type":"ListItem","position":2,"name":"Tienda","item":"https:\/\/www.mexicanguitarplayers.com\/tienda\/"},{"@type":"ListItem","position":3,"name":"MICROFONO BEHRINGER MOD. VIDEO MIC MS"}]},{"@type":"WebSite","@id":"https:\/\/www.mexicanguitarplayers.com\/#website","url":"https:\/\/www.mexicanguitarplayers.com\/","name":"Mexican Guitar Players","description":"Website","publisher":{"@id":"https:\/\/www.mexicanguitarplayers.com\/#organization"},"potentialAction":[{"@type":"SearchAction","target":{"@type":"EntryPoint","urlTemplate":"https:\/\/www.mexicanguitarplayers.com\/?s={search_term_string}"},"query-input":{"@type":"PropertyValueSpecification","valueRequired":true,"valueName":"search_term_string"}}],"inLanguage":"en-US"},{"@type":"Organization","@id":"https:\/\/www.mexicanguitarplayers.com\/#organization","name":"Mexican Guitar Players","url":"https:\/\/www.mexicanguitarplayers.com\/","logo":{"@type":"ImageObject","inLanguage":"en-US","@id":"https:\/\/www.mexicanguitarplayers.com\/#\/schema\/logo\/image\/","url":"","contentUrl":"","caption":"Mexican Guitar Players"},"image":{"@id":"https:\/\/www.mexicanguitarplayers.com\/#\/schema\/logo\/image\/"}}]}},"brands":[{"id":171,"name":"BEHRINGER","slug":"behringer"}],"_links":{"self":[{"href":"https:\/\/www.mexicanguitarplayers.com\/en\/wp-json\/wp\/v2\/product\/32595","targetHints":{"allow":["GET"]}}],"collection":[{"href":"https:\/\/www.mexicanguitarplayers.com\/en\/wp-json\/wp\/v2\/product"}],"about":[{"href":"https:\/\/www.mexicanguitarplayers.com\/en\/wp-json\/wp\/v2\/types\/product"}],"replies":[{"embeddable":true,"href":"https:\/\/www.mexicanguitarplayers.com\/en\/wp-json\/wp\/v2\/comments?post=32595"}],"wp:featuredmedia":[{"embeddable":true,"href":"https:\/\/www.mexicanguitarplayers.com\/en\/wp-json\/wp\/v2\/media\/32588"}],"wp:attachment":[{"href":"https:\/\/www.mexicanguitarplayers.com\/en\/wp-json\/wp\/v2\/media?parent=32595"}],"wp:term":[{"taxonomy":"pwb-brand","embeddable":true,"href":"https:\/\/www.mexicanguitarplayers.com\/en\/wp-json\/wp\/v2\/pwb-brand?post=32595"},{"taxonomy":"product_brand","embeddable":true,"href":"https:\/\/www.mexicanguitarplayers.com\/en\/wp-json\/wp\/v2\/product_brand?post=32595"},{"taxonomy":"product_cat","embeddable":true,"href":"https:\/\/www.mexicanguitarplayers.com\/en\/wp-json\/wp\/v2\/product_cat?post=32595"},{"taxonomy":"product_tag","embeddable":true,"href":"https:\/\/www.mexicanguitarplayers.com\/en\/wp-json\/wp\/v2\/product_tag?post=32595"}],"curies":[{"name":"wp","href":"https:\/\/api.w.org\/{rel}","templated":true}]}}