{"id":32607,"date":"2025-04-08T21:01:35","date_gmt":"2025-04-09T03:01:35","guid":{"rendered":"https:\/\/www.mexicanguitarplayers.com\/tienda\/sin categor\u00eda\/caja-directa-behringer-mod-gi100\/"},"modified":"2026-05-01T07:23:22","modified_gmt":"2026-05-01T13:23:22","slug":"caja-directa-behringer-mod-gi100","status":"publish","type":"product","link":"https:\/\/www.mexicanguitarplayers.com\/en\/tienda\/accesorios\/para-audio\/cajas-directas\/caja-directa-behringer-mod-gi100\/","title":{"rendered":"CAJA DIRECTA BEHRINGER  MOD. GI100"},"content":{"rendered":"<div style=\"text-align: justify\">\n<div>\n<h3>Solo para guitarristas.<\/h3>\n<\/div>\n<div>Ya sea que est\u00e9s creando pistas en el estudio o estableciendo la verdad en el escenario, necesitar\u00e1s la incre\u00edble caja directa ULTRA-G GI100 para obtener el sonido de la guitarra en la consola con din\u00e1mica y potencia completas, y una condici\u00f3n totalmente pr\u00edstina. Esta caja activa le da a tu guitarra toda la gloria a trav\u00e9s de la emulaci\u00f3n de un gabinete de 4 x 12&#8243; pero en una fracci\u00f3n de peso y espacio. Esta caja funciona igual que una caja directa est\u00e1ndar. Podr\u00e1s conectar tu guitarra directamente en la GI100 y obtener un sonido incre\u00edblemente claro hacia la consola. Pero la similitud con otras cajas termina ah\u00ed, la GI100 puede aprovechar todas las salidas de los altavoces de tu amplificador, incluso plataformas de alta potencia con una capacidad de hasta 3,000 watts. Adem\u00e1s puedes encender la incre\u00edblemente realista simulaci\u00f3n del gabinete de 4 x 12&#8243; (dise\u00f1ada por el renombrado ingeniero Juergen Rath (y tienes un sonido de tama\u00f1o real tan bueno que podr\u00edas decidir no volver a utilizar micr\u00f3fonos nunca jam\u00e1s.<\/div>\n<div>\n<h4>Quick look<\/h4>\n<\/div>\n<ul style=\"margin: 0px 0px 0px 25px\">\n<li style=\"list-style-type: circle;margin: 5px\">Frequency response.<\/li>\n<li style=\"list-style-type: circle;margin: 5px\">Ruidos.<\/li>\n<li style=\"list-style-type: circle;margin: 5px\">Distorsi\u00f3n.<\/li>\n<li style=\"list-style-type: circle;margin: 5px\">Input impedance.<\/li>\n<li style=\"list-style-type: circle;margin: 5px\">Impedancia de carga.<\/li>\n<li style=\"list-style-type: circle;margin: 5px\">Entrance.<\/li>\n<li style=\"list-style-type: circle;margin: 5px\">Departure.<\/li>\n<li style=\"list-style-type: circle;margin: 5px\">Nivel de entrada m\u00e1ximo.<\/li>\n<li style=\"list-style-type: circle;margin: 5px\">Alimentaci\u00f3n phantom.<\/li>\n<li style=\"list-style-type: circle;margin: 5px\">Drums.<\/li>\n<li style=\"list-style-type: circle;margin: 5px\">Dimensions.<\/li>\n<li style=\"list-style-type: circle;margin: 5px\">Weight.<\/li>\n<\/ul>\n<div>\n<div style=\"font-weight: bold\">Frequency response.<\/div>\n<div>\n<p>10 Hz &#8211; 160 kHz.<\/p>\n<\/div>\n<div style=\"font-weight: bold\">Ruidos.<\/div>\n<div>\n<p>-99.2 dBu.<\/p>\n<\/div>\n<div style=\"font-weight: bold\">Distorsi\u00f3n.<\/div>\n<div>\n<p>&lt;0,014% (1 kHz, 0 dBu IN).<\/p>\n<\/div>\n<div style=\"font-weight: bold\">Input impedance.<\/div>\n<div>\n<p>&gt;250 kohms.<\/p>\n<\/div>\n<div style=\"font-weight: bold\">Impedancia de carga.<\/div>\n<div>\n<p>&gt;600 ohms.<\/p>\n<\/div>\n<div style=\"font-weight: bold\">Entrance.<\/div>\n<div>\n<p>6.3 mm hembra mono.<\/p>\n<\/div>\n<div style=\"font-weight: bold\">Departure.<\/div>\n<div>\n<p>XLR sim\u00e9trico.<\/p>\n<\/div>\n<div style=\"font-weight: bold\">Nivel de entrada m\u00e1ximo.<\/div>\n<div>\n<p>+8 \/ +28 \/ +48 dBu (Simulador apagado).+2 \/ +18 \/ +38 dBu (Simulador encendido).<\/p>\n<\/div>\n<div style=\"font-weight: bold\">Alimentaci\u00f3n phantom.<\/div>\n<div>\n<p>18 V DC a 48 V CD.<\/p>\n<\/div>\n<div style=\"font-weight: bold\">Drums.<\/div>\n<div>\n<p>9V 6LR91.<\/p>\n<\/div>\n<div style=\"font-weight: bold\">Dimensions.<\/div>\n<div>\n<p>150 x 130 x 60 mm.<\/p>\n<\/div>\n<div style=\"font-weight: bold\">Weight.<\/div>\n<div>\n<p>650 g.<\/p>\n<\/div>\n<\/div>\n<\/div>","protected":false},"excerpt":{"rendered":"<p>Caja directa profesional alimentada por bater\u00eda o phantom, con emulador de altavoz de guitarra de 4 x 12\u201d, dise\u00f1ado por el famoso dise\u00f1ador de amplificadores Juergen Rath, proporciona impedancia y coincidencia de se\u00f1ales para la conexi\u00f3n directa de instrumentos a mezcladoras y amplificadores, respuesta de frecuencia ultra plana gracias a su famoso transformador OT-1 de Behringer, la bater\u00eda interna se apaga autom\u00e1ticamente cuando se aplica la alimentaci\u00f3n phantom, la atenuaci\u00f3n de entrada conmutable permite niveles de entrada de hasta +50 dB, el interruptor Ground-Lift elimina los problemas t\u00edpicos de loop de tierra, conectores TRS1\/4\u201d y XLR chapados en oro, carcasa de aluminio ultra resistente, esquinas de goma sobredimensionadas apilables, dimensiones: 150 x 130 x 60 mm, peso: 650 g.&hellip; <a class=\"kt-excerpt-readmore more-link\" href=\"https:\/\/www.mexicanguitarplayers.com\/en\/tienda\/accesorios\/para-audio\/cajas-directas\/caja-directa-behringer-mod-gi100\/\">Read more<\/a><\/p>","protected":false},"featured_media":32604,"comment_status":"open","ping_status":"closed","template":"","meta":{"kt_blocks_editor_width":""},"pwb-brand":[171],"product_brand":[],"product_cat":[85,509,410],"product_tag":[],"class_list":{"0":"post-32607","1":"product","2":"type-product","3":"status-publish","4":"has-post-thumbnail","6":"pwb-brand-behringer","7":"product_cat-accesorios","8":"product_cat-cajas-directas","9":"product_cat-para-audio","10":"product_shipping_class-0-5-kg","12":"first","13":"instock","14":"taxable","15":"shipping-taxable","16":"purchasable","17":"product-type-simple"},"yoast_head":"<!-- This site is optimized with the Yoast SEO plugin v27.6 - https:\/\/yoast.com\/product\/yoast-seo-wordpress\/ -->\n<title>CAJA DIRECTA BEHRINGER MOD. GI100 - Mexican Guitar Players<\/title>\n<meta name=\"description\" content=\"Caja directa profesional alimentada por bater\u00eda o phantom, con emulador de altavoz de guitarra de 4 x 12\u201d, dise\u00f1ado por el famoso dise\u00f1ador de amplificadores Juergen Rath, proporciona impedancia y coincidencia de se\u00f1ales para la conexi\u00f3n directa de instrumentos a mezcladoras y amplificadores, respuesta de frecuencia ultra plana gracias a su famoso transformador OT-1 de Behringer, la bater\u00eda interna se apaga autom\u00e1ticamente cuando se aplica la alimentaci\u00f3n phantom, la atenuaci\u00f3n de entrada conmutable permite niveles de entrada de hasta +50 dB, el interruptor Ground-Lift elimina los problemas t\u00edpicos de loop de tierra, conectores TRS1\/4\u201d y XLR chapados en oro, carcasa de aluminio ultra resistente, esquinas de goma sobredimensionadas apilables, dimensiones: 150 x 130 x 60 mm, peso: 650 g.\" \/>\n<meta name=\"robots\" content=\"index, follow, max-snippet:-1, max-image-preview:large, max-video-preview:-1\" \/>\n<link rel=\"canonical\" href=\"https:\/\/www.mexicanguitarplayers.com\/en\/tienda\/sin%20categor\u00eda\/caja-directa-behringer-mod-gi100\/\" \/>\n<meta property=\"og:locale\" content=\"en_US\" \/>\n<meta property=\"og:type\" content=\"article\" \/>\n<meta property=\"og:title\" content=\"CAJA DIRECTA BEHRINGER MOD. GI100 - Mexican Guitar Players\" \/>\n<meta property=\"og:description\" content=\"Caja directa profesional alimentada por bater\u00eda o phantom, con emulador de altavoz de guitarra de 4 x 12\u201d, dise\u00f1ado por el famoso dise\u00f1ador de amplificadores Juergen Rath, proporciona impedancia y coincidencia de se\u00f1ales para la conexi\u00f3n directa de instrumentos a mezcladoras y amplificadores, respuesta de frecuencia ultra plana gracias a su famoso transformador OT-1 de Behringer, la bater\u00eda interna se apaga autom\u00e1ticamente cuando se aplica la alimentaci\u00f3n phantom, la atenuaci\u00f3n de entrada conmutable permite niveles de entrada de hasta +50 dB, el interruptor Ground-Lift elimina los problemas t\u00edpicos de loop de tierra, conectores TRS1\/4\u201d y XLR chapados en oro, carcasa de aluminio ultra resistente, esquinas de goma sobredimensionadas apilables, dimensiones: 150 x 130 x 60 mm, peso: 650 g.\" \/>\n<meta property=\"og:url\" content=\"https:\/\/www.mexicanguitarplayers.com\/en\/tienda\/sin categor\u00eda\/caja-directa-behringer-mod-gi100\/\" \/>\n<meta property=\"og:site_name\" content=\"Mexican Guitar Players\" \/>\n<meta property=\"article:modified_time\" content=\"2026-05-01T13:23:22+00:00\" \/>\n<meta name=\"twitter:card\" content=\"summary_large_image\" \/>\n<meta name=\"twitter:label1\" content=\"Est. reading time\" \/>\n\t<meta name=\"twitter:data1\" content=\"1 minute\" \/>\n<script type=\"application\/ld+json\" class=\"yoast-schema-graph\">{\"@context\":\"https:\\\/\\\/schema.org\",\"@graph\":[{\"@type\":[\"WebPage\",\"ItemPage\"],\"@id\":\"https:\\\/\\\/www.mexicanguitarplayers.com\\\/tienda\\\/sin categor\u00eda\\\/caja-directa-behringer-mod-gi100\\\/\",\"url\":\"https:\\\/\\\/www.mexicanguitarplayers.com\\\/tienda\\\/sin categor\u00eda\\\/caja-directa-behringer-mod-gi100\\\/\",\"name\":\"CAJA DIRECTA BEHRINGER MOD. GI100 - Mexican Guitar Players\",\"isPartOf\":{\"@id\":\"https:\\\/\\\/www.mexicanguitarplayers.com\\\/#website\"},\"primaryImageOfPage\":{\"@id\":\"https:\\\/\\\/www.mexicanguitarplayers.com\\\/tienda\\\/sin categor\u00eda\\\/caja-directa-behringer-mod-gi100\\\/#primaryimage\"},\"image\":{\"@id\":\"https:\\\/\\\/www.mexicanguitarplayers.com\\\/tienda\\\/sin categor\u00eda\\\/caja-directa-behringer-mod-gi100\\\/#primaryimage\"},\"thumbnailUrl\":\"https:\\\/\\\/www.mexicanguitarplayers.com\\\/wp-content\\\/uploads\\\/2025\\\/04\\\/VABEHGI100.jpg\",\"datePublished\":\"2025-04-09T03:01:35+00:00\",\"dateModified\":\"2026-05-01T13:23:22+00:00\",\"description\":\"Caja directa profesional alimentada por bater\u00eda o phantom, con emulador de altavoz de guitarra de 4 x 12\u201d, dise\u00f1ado por el famoso dise\u00f1ador de amplificadores Juergen Rath, proporciona impedancia y coincidencia de se\u00f1ales para la conexi\u00f3n directa de instrumentos a mezcladoras y amplificadores, respuesta de frecuencia ultra plana gracias a su famoso transformador OT-1 de Behringer, la bater\u00eda interna se apaga autom\u00e1ticamente cuando se aplica la alimentaci\u00f3n phantom, la atenuaci\u00f3n de entrada conmutable permite niveles de entrada de hasta +50 dB, el interruptor Ground-Lift elimina los problemas t\u00edpicos de loop de tierra, conectores TRS1\\\/4\u201d y XLR chapados en oro, carcasa de aluminio ultra resistente, esquinas de goma sobredimensionadas apilables, dimensiones: 150 x 130 x 60 mm, peso: 650 g.\",\"breadcrumb\":{\"@id\":\"https:\\\/\\\/www.mexicanguitarplayers.com\\\/tienda\\\/sin categor\u00eda\\\/caja-directa-behringer-mod-gi100\\\/#breadcrumb\"},\"inLanguage\":\"en-US\",\"potentialAction\":[{\"@type\":\"ReadAction\",\"target\":[\"https:\\\/\\\/www.mexicanguitarplayers.com\\\/tienda\\\/sin categor\u00eda\\\/caja-directa-behringer-mod-gi100\\\/\"]}]},{\"@type\":\"ImageObject\",\"inLanguage\":\"en-US\",\"@id\":\"https:\\\/\\\/www.mexicanguitarplayers.com\\\/tienda\\\/sin categor\u00eda\\\/caja-directa-behringer-mod-gi100\\\/#primaryimage\",\"url\":\"https:\\\/\\\/www.mexicanguitarplayers.com\\\/wp-content\\\/uploads\\\/2025\\\/04\\\/VABEHGI100.jpg\",\"contentUrl\":\"https:\\\/\\\/www.mexicanguitarplayers.com\\\/wp-content\\\/uploads\\\/2025\\\/04\\\/VABEHGI100.jpg\",\"width\":1600,\"height\":800},{\"@type\":\"BreadcrumbList\",\"@id\":\"https:\\\/\\\/www.mexicanguitarplayers.com\\\/tienda\\\/sin categor\u00eda\\\/caja-directa-behringer-mod-gi100\\\/#breadcrumb\",\"itemListElement\":[{\"@type\":\"ListItem\",\"position\":1,\"name\":\"Portada\",\"item\":\"https:\\\/\\\/www.mexicanguitarplayers.com\\\/\"},{\"@type\":\"ListItem\",\"position\":2,\"name\":\"Tienda\",\"item\":\"https:\\\/\\\/www.mexicanguitarplayers.com\\\/tienda\\\/\"},{\"@type\":\"ListItem\",\"position\":3,\"name\":\"CAJA DIRECTA BEHRINGER MOD. GI100\"}]},{\"@type\":\"WebSite\",\"@id\":\"https:\\\/\\\/www.mexicanguitarplayers.com\\\/#website\",\"url\":\"https:\\\/\\\/www.mexicanguitarplayers.com\\\/\",\"name\":\"Mexican Guitar Players\",\"description\":\"Website\",\"publisher\":{\"@id\":\"https:\\\/\\\/www.mexicanguitarplayers.com\\\/#organization\"},\"potentialAction\":[{\"@type\":\"SearchAction\",\"target\":{\"@type\":\"EntryPoint\",\"urlTemplate\":\"https:\\\/\\\/www.mexicanguitarplayers.com\\\/?s={search_term_string}\"},\"query-input\":{\"@type\":\"PropertyValueSpecification\",\"valueRequired\":true,\"valueName\":\"search_term_string\"}}],\"inLanguage\":\"en-US\"},{\"@type\":\"Organization\",\"@id\":\"https:\\\/\\\/www.mexicanguitarplayers.com\\\/#organization\",\"name\":\"Mexican Guitar Players\",\"url\":\"https:\\\/\\\/www.mexicanguitarplayers.com\\\/\",\"logo\":{\"@type\":\"ImageObject\",\"inLanguage\":\"en-US\",\"@id\":\"https:\\\/\\\/www.mexicanguitarplayers.com\\\/#\\\/schema\\\/logo\\\/image\\\/\",\"url\":\"\",\"contentUrl\":\"\",\"caption\":\"Mexican Guitar Players\"},\"image\":{\"@id\":\"https:\\\/\\\/www.mexicanguitarplayers.com\\\/#\\\/schema\\\/logo\\\/image\\\/\"}}]}<\/script>\n<!-- \/ Yoast SEO plugin. -->","yoast_head_json":{"title":"CAJA DIRECTA BEHRINGER MOD. GI100 - Mexican Guitar Players","description":"Caja directa profesional alimentada por bater\u00eda o phantom, con emulador de altavoz de guitarra de 4 x 12\u201d, dise\u00f1ado por el famoso dise\u00f1ador de amplificadores Juergen Rath, proporciona impedancia y coincidencia de se\u00f1ales para la conexi\u00f3n directa de instrumentos a mezcladoras y amplificadores, respuesta de frecuencia ultra plana gracias a su famoso transformador OT-1 de Behringer, la bater\u00eda interna se apaga autom\u00e1ticamente cuando se aplica la alimentaci\u00f3n phantom, la atenuaci\u00f3n de entrada conmutable permite niveles de entrada de hasta +50 dB, el interruptor Ground-Lift elimina los problemas t\u00edpicos de loop de tierra, conectores TRS1\/4\u201d y XLR chapados en oro, carcasa de aluminio ultra resistente, esquinas de goma sobredimensionadas apilables, dimensiones: 150 x 130 x 60 mm, peso: 650 g.","robots":{"index":"index","follow":"follow","max-snippet":"max-snippet:-1","max-image-preview":"max-image-preview:large","max-video-preview":"max-video-preview:-1"},"canonical":"https:\/\/www.mexicanguitarplayers.com\/en\/tienda\/sin categor\u00eda\/caja-directa-behringer-mod-gi100\/","og_locale":"en_US","og_type":"article","og_title":"CAJA DIRECTA BEHRINGER MOD. GI100 - Mexican Guitar Players","og_description":"Caja directa profesional alimentada por bater\u00eda o phantom, con emulador de altavoz de guitarra de 4 x 12\u201d, dise\u00f1ado por el famoso dise\u00f1ador de amplificadores Juergen Rath, proporciona impedancia y coincidencia de se\u00f1ales para la conexi\u00f3n directa de instrumentos a mezcladoras y amplificadores, respuesta de frecuencia ultra plana gracias a su famoso transformador OT-1 de Behringer, la bater\u00eda interna se apaga autom\u00e1ticamente cuando se aplica la alimentaci\u00f3n phantom, la atenuaci\u00f3n de entrada conmutable permite niveles de entrada de hasta +50 dB, el interruptor Ground-Lift elimina los problemas t\u00edpicos de loop de tierra, conectores TRS1\/4\u201d y XLR chapados en oro, carcasa de aluminio ultra resistente, esquinas de goma sobredimensionadas apilables, dimensiones: 150 x 130 x 60 mm, peso: 650 g.","og_url":"https:\/\/www.mexicanguitarplayers.com\/en\/tienda\/sin categor\u00eda\/caja-directa-behringer-mod-gi100\/","og_site_name":"Mexican Guitar Players","article_modified_time":"2026-05-01T13:23:22+00:00","twitter_card":"summary_large_image","twitter_misc":{"Est. reading time":"1 minute"},"schema":{"@context":"https:\/\/schema.org","@graph":[{"@type":["WebPage","ItemPage"],"@id":"https:\/\/www.mexicanguitarplayers.com\/tienda\/sin categor\u00eda\/caja-directa-behringer-mod-gi100\/","url":"https:\/\/www.mexicanguitarplayers.com\/tienda\/sin categor\u00eda\/caja-directa-behringer-mod-gi100\/","name":"CAJA DIRECTA BEHRINGER MOD. GI100 - Mexican Guitar Players","isPartOf":{"@id":"https:\/\/www.mexicanguitarplayers.com\/#website"},"primaryImageOfPage":{"@id":"https:\/\/www.mexicanguitarplayers.com\/tienda\/sin categor\u00eda\/caja-directa-behringer-mod-gi100\/#primaryimage"},"image":{"@id":"https:\/\/www.mexicanguitarplayers.com\/tienda\/sin categor\u00eda\/caja-directa-behringer-mod-gi100\/#primaryimage"},"thumbnailUrl":"https:\/\/www.mexicanguitarplayers.com\/wp-content\/uploads\/2025\/04\/VABEHGI100.jpg","datePublished":"2025-04-09T03:01:35+00:00","dateModified":"2026-05-01T13:23:22+00:00","description":"Caja directa profesional alimentada por bater\u00eda o phantom, con emulador de altavoz de guitarra de 4 x 12\u201d, dise\u00f1ado por el famoso dise\u00f1ador de amplificadores Juergen Rath, proporciona impedancia y coincidencia de se\u00f1ales para la conexi\u00f3n directa de instrumentos a mezcladoras y amplificadores, respuesta de frecuencia ultra plana gracias a su famoso transformador OT-1 de Behringer, la bater\u00eda interna se apaga autom\u00e1ticamente cuando se aplica la alimentaci\u00f3n phantom, la atenuaci\u00f3n de entrada conmutable permite niveles de entrada de hasta +50 dB, el interruptor Ground-Lift elimina los problemas t\u00edpicos de loop de tierra, conectores TRS1\/4\u201d y XLR chapados en oro, carcasa de aluminio ultra resistente, esquinas de goma sobredimensionadas apilables, dimensiones: 150 x 130 x 60 mm, peso: 650 g.","breadcrumb":{"@id":"https:\/\/www.mexicanguitarplayers.com\/tienda\/sin categor\u00eda\/caja-directa-behringer-mod-gi100\/#breadcrumb"},"inLanguage":"en-US","potentialAction":[{"@type":"ReadAction","target":["https:\/\/www.mexicanguitarplayers.com\/tienda\/sin categor\u00eda\/caja-directa-behringer-mod-gi100\/"]}]},{"@type":"ImageObject","inLanguage":"en-US","@id":"https:\/\/www.mexicanguitarplayers.com\/tienda\/sin categor\u00eda\/caja-directa-behringer-mod-gi100\/#primaryimage","url":"https:\/\/www.mexicanguitarplayers.com\/wp-content\/uploads\/2025\/04\/VABEHGI100.jpg","contentUrl":"https:\/\/www.mexicanguitarplayers.com\/wp-content\/uploads\/2025\/04\/VABEHGI100.jpg","width":1600,"height":800},{"@type":"BreadcrumbList","@id":"https:\/\/www.mexicanguitarplayers.com\/tienda\/sin categor\u00eda\/caja-directa-behringer-mod-gi100\/#breadcrumb","itemListElement":[{"@type":"ListItem","position":1,"name":"Portada","item":"https:\/\/www.mexicanguitarplayers.com\/"},{"@type":"ListItem","position":2,"name":"Tienda","item":"https:\/\/www.mexicanguitarplayers.com\/tienda\/"},{"@type":"ListItem","position":3,"name":"CAJA DIRECTA BEHRINGER MOD. GI100"}]},{"@type":"WebSite","@id":"https:\/\/www.mexicanguitarplayers.com\/#website","url":"https:\/\/www.mexicanguitarplayers.com\/","name":"Mexican Guitar Players","description":"Website","publisher":{"@id":"https:\/\/www.mexicanguitarplayers.com\/#organization"},"potentialAction":[{"@type":"SearchAction","target":{"@type":"EntryPoint","urlTemplate":"https:\/\/www.mexicanguitarplayers.com\/?s={search_term_string}"},"query-input":{"@type":"PropertyValueSpecification","valueRequired":true,"valueName":"search_term_string"}}],"inLanguage":"en-US"},{"@type":"Organization","@id":"https:\/\/www.mexicanguitarplayers.com\/#organization","name":"Mexican Guitar Players","url":"https:\/\/www.mexicanguitarplayers.com\/","logo":{"@type":"ImageObject","inLanguage":"en-US","@id":"https:\/\/www.mexicanguitarplayers.com\/#\/schema\/logo\/image\/","url":"","contentUrl":"","caption":"Mexican Guitar Players"},"image":{"@id":"https:\/\/www.mexicanguitarplayers.com\/#\/schema\/logo\/image\/"}}]}},"brands":[{"id":171,"name":"BEHRINGER","slug":"behringer"}],"_links":{"self":[{"href":"https:\/\/www.mexicanguitarplayers.com\/en\/wp-json\/wp\/v2\/product\/32607","targetHints":{"allow":["GET"]}}],"collection":[{"href":"https:\/\/www.mexicanguitarplayers.com\/en\/wp-json\/wp\/v2\/product"}],"about":[{"href":"https:\/\/www.mexicanguitarplayers.com\/en\/wp-json\/wp\/v2\/types\/product"}],"replies":[{"embeddable":true,"href":"https:\/\/www.mexicanguitarplayers.com\/en\/wp-json\/wp\/v2\/comments?post=32607"}],"wp:featuredmedia":[{"embeddable":true,"href":"https:\/\/www.mexicanguitarplayers.com\/en\/wp-json\/wp\/v2\/media\/32604"}],"wp:attachment":[{"href":"https:\/\/www.mexicanguitarplayers.com\/en\/wp-json\/wp\/v2\/media?parent=32607"}],"wp:term":[{"taxonomy":"pwb-brand","embeddable":true,"href":"https:\/\/www.mexicanguitarplayers.com\/en\/wp-json\/wp\/v2\/pwb-brand?post=32607"},{"taxonomy":"product_brand","embeddable":true,"href":"https:\/\/www.mexicanguitarplayers.com\/en\/wp-json\/wp\/v2\/product_brand?post=32607"},{"taxonomy":"product_cat","embeddable":true,"href":"https:\/\/www.mexicanguitarplayers.com\/en\/wp-json\/wp\/v2\/product_cat?post=32607"},{"taxonomy":"product_tag","embeddable":true,"href":"https:\/\/www.mexicanguitarplayers.com\/en\/wp-json\/wp\/v2\/product_tag?post=32607"}],"curies":[{"name":"wp","href":"https:\/\/api.w.org\/{rel}","templated":true}]}}