{"id":32625,"date":"2025-04-08T21:02:02","date_gmt":"2025-04-09T03:02:02","guid":{"rendered":"https:\/\/www.mexicanguitarplayers.com\/tienda\/sin categor\u00eda\/combo-nux-p-guitarra-o-bajo-mighty-air\/"},"modified":"2026-05-01T07:23:21","modified_gmt":"2026-05-01T13:23:21","slug":"combo-nux-p-guitarra-o-bajo-mighty-air","status":"publish","type":"product","link":"https:\/\/www.mexicanguitarplayers.com\/en\/tienda\/cuerdas\/combos\/combos-para-guitarra\/combo-nux-p-guitarra-o-bajo-mighty-air\/","title":{"rendered":"COMBO NUX P\/GUITARRA O BAJO   MIGHTY AIR"},"content":{"rendered":"<div style=\"text-align: justify\">\n<div>\n<h3>La mejor herramienta.<\/h3>\n<\/div>\n<div>NUX Mighty Air es un amplificador inal\u00e1mbrico de para guitarra o bajo de modelado est\u00e9reo con conectividad Bluetooth y una app dedicada para mejorar tu tono desde tus dispositivos m\u00f3viles. Puede funcionar para practicar en el dormitorio, calentamiento previo al show, viajes y mucho m\u00e1s.<\/div>\n<div>\n<h4>Quick look<\/h4>\n<\/div>\n<ul style=\"margin: 0px 0px 0px 25px\">\n<li style=\"list-style-type: circle;margin: 5px\">Canales de guitarra.<\/li>\n<li style=\"list-style-type: circle;margin: 5px\">Canales de bajo.<\/li>\n<li style=\"list-style-type: circle;margin: 5px\">Guitarra el\u00e9ctrica.<\/li>\n<li style=\"list-style-type: circle;margin: 5px\">Simulador de guitarra ac\u00fastica para guitarra el\u00e9ctrica.<\/li>\n<li style=\"list-style-type: circle;margin: 5px\">Bajo.<\/li>\n<li style=\"list-style-type: circle;margin: 5px\">Campo de sonido est\u00e9reo amplio con respuesta low-end ajustada.<\/li>\n<li style=\"list-style-type: circle;margin: 5px\">Versatilidad inal\u00e1mbrica Quick-Play.<\/li>\n<li style=\"list-style-type: circle;margin: 5px\">Mighty AMP Mobile App.<\/li>\n<li style=\"list-style-type: circle;margin: 5px\">Simulaci\u00f3n real de modelado HD de circuito anal\u00f3gico (TS\/AC).<\/li>\n<li style=\"list-style-type: circle;margin: 5px\">Reproductor amigable de m\u00fasica.<\/li>\n<li style=\"list-style-type: circle;margin: 5px\">Hasta 18 horas de tiempo de uso.<\/li>\n<\/ul>\n<div>\n<div style=\"font-weight: bold\">Canales de guitarra.<\/div>\n<div>\n<p>Clean, overdrive, distorsi\u00f3n y simulador d guitarra ac\u00fastica.<\/p>\n<\/div>\n<div style=\"font-weight: bold\">Canales de bajo.<\/div>\n<div>\n<p>Pop, rock y funk.<\/p>\n<\/div>\n<div style=\"font-weight: bold\">Guitarra el\u00e9ctrica.<\/div>\n<div>\n<p>Noise Gate. Efectos: Touch Wah, Uni-Vibe, Tremolo, Phaser, Boost, TS Drive, Fuzz. Amplificadores: Clean Verb, JZ120, Tweed DLX, Plexi, Top Boost 30, Lead 100, Fireman, DIE VH4, Recto. IR: V1960, A212, BS410, DR112, GB412, JZ120, TR212, V412. Modulaci\u00f3n: Phaser, Chorus, ST Chorus, Flanger, Vibe, Tremolo. Delay: Analog, Tape Echo, Digital, Ping Pong. Reverb: Room, Hall, Plate, Spring.<\/p>\n<\/div>\n<div style=\"font-weight: bold\">Simulador de guitarra ac\u00fastica para guitarra el\u00e9ctrica.<\/div>\n<div>\n<p>Noise Gate. IR: G Hbird EG Mag, G J15 EG Mag, M D45 EG Mag, G J200 EG Mag, J G45 EG Mag, TL 314 EG Mag, M HD28 EG Mag. Amplificadores: Optima, Stageman. Modulaci\u00f3n: Phaser, Chorus, ST Chorus, Flanger, Vibe, Tremolo. Delay: Analog, Tape Echo, Digital, Ping Pong. Reverb: Room, Hall, Plate, Spring.<\/p>\n<\/div>\n<div style=\"font-weight: bold\">Bajo.<\/div>\n<div>\n<p>Noise Gate. Efectos: Touch Wah, Uni-Vibe, Tremolo, Phaser, Boost, Bass TS, Fuzz. Amplificadores: Melvin L- Davis. IR: BS410, AGL DB810, AMP SV810, MKB 410, TRC 410. Modulaci\u00f3n: Phaser, Chorus, ST Chorus, Flanger, Vibe, Tremolo. Reverb: Room, Hall, Plate, Spring.<\/p>\n<\/div>\n<div style=\"font-weight: bold\">Campo de sonido est\u00e9reo amplio con respuesta low-end ajustada.<\/div>\n<div>\n<p>Equipado con un sistema de altavoces \u00fanico, altavoces personalizados de 2.2&#8243; pulgadas con un radiador de bajos pasivo, Mighty Air puede funcionar perfectamente tanto con guitarras el\u00e9ctricas como con bajos.<\/p>\n<\/div>\n<div style=\"font-weight: bold\">Versatilidad inal\u00e1mbrica Quick-Play.<\/div>\n<div>\n<p>Mighty Air viene con el transmisor inal\u00e1mbrico NUX y establece el nuevo est\u00e1ndar para amplificadores de pr\u00e1ctica con su completa versatilidad inal\u00e1mbrica. El sistema inal\u00e1mbrico incluido del transmisor y receptor incorporado puede funcionar bien con cualquier guitara o bajo con pastillas activas o pasivas. <\/p>\n<\/div>\n<div style=\"font-weight: bold\">Mighty AMP Mobile App.<\/div>\n<div>\n<p>El Bluetooth de Mighty Air puede hacer m\u00e1s que s\u00f3lo reproducir audio. Tambi\u00e9n puedes controlar el amplificador con la aplicaci\u00f3n Mighty AMP mobile. Hay muchos modelos de amplificador e IR y efectos de gabinete de guitarra disponibles con nuestra aplicaci\u00f3n gratuita Mighty AMP app. Y la mejor parte es que puedes guardar todos los cambios que realizaste en un canal para su uso posterior.<\/p>\n<\/div>\n<div style=\"font-weight: bold\">Simulaci\u00f3n real de modelado HD de circuito anal\u00f3gico (TS\/AC).<\/div>\n<div>\n<p>La tecnolog\u00eda de modelado NUX HD TS\/AC proporciona el mejor sonido musical para todos los m\u00fasicos. Al tocar la guitarra o el bajo, obtendr\u00e1s sonidos de alta calidad y muy caracter\u00edsticos, incluso los sonidos caracter\u00edsticos con la tecnolog\u00eda de modelado de alta definici\u00f3n NUX  TS\/AC HD.<\/p>\n<\/div>\n<div style=\"font-weight: bold\">Reproductor amigable de m\u00fasica.<\/div>\n<div>\n<p>Tambi\u00e9n viene con 9 preajustes integrados de ecualizaci\u00f3n que puede ser \u00fatil en algunos casos. Digamos que si deseas tocar junto con una nueva canci\u00f3n y no puedes encontrar tu pista de acompa\u00f1amiento, el uso de Guitar Cut prestablecido eliminar\u00e1 la se\u00f1al de la guitarra autom\u00e1ticamente.<\/p>\n<\/div>\n<div style=\"font-weight: bold\">Hasta 18 horas de tiempo de uso.<\/div>\n<div>\n<p>Es hora de decir adi\u00f3s a las bater\u00edas tama\u00f1o AA. Una bater\u00eda recargable de alto rendimiento est\u00e1 integrada en este amplificador y puede proporcionar hasta 18 horas de tiempo de reproducci\u00f3n continuo con una sola carga.<\/p>\n<\/div>\n<\/div>\n<\/div>","protected":false},"excerpt":{"rendered":"<p>Combo para guitarra o bajo, modelado est\u00e9reo, conectividad Bluetooth, 13 amplificadores, 20 IRs y 19 efectos, 2 altavoces de 2\u201d pulgadas, potencia de salida de 4 watts est\u00e9reo, bater\u00eda recargable de 18 horas de funcionamiento.&hellip; <a class=\"kt-excerpt-readmore more-link\" href=\"https:\/\/www.mexicanguitarplayers.com\/en\/tienda\/cuerdas\/combos\/combos-para-guitarra\/combo-nux-p-guitarra-o-bajo-mighty-air\/\">Read more<\/a><\/p>","protected":false},"featured_media":32618,"comment_status":"open","ping_status":"closed","template":"","meta":{"kt_blocks_editor_width":""},"pwb-brand":[177],"product_brand":[],"product_cat":[236,237,224],"product_tag":[],"class_list":{"0":"post-32625","1":"product","2":"type-product","3":"status-publish","4":"has-post-thumbnail","6":"pwb-brand-nux","7":"product_cat-combos","8":"product_cat-combos-para-guitarra","9":"product_cat-cuerdas","10":"product_shipping_class-0-5-kg","12":"first","13":"instock","14":"taxable","15":"shipping-taxable","16":"purchasable","17":"product-type-simple"},"yoast_head":"<!-- This site is optimized with the Yoast SEO plugin v27.6 - https:\/\/yoast.com\/product\/yoast-seo-wordpress\/ -->\n<title>COMBO NUX P\/GUITARRA O BAJO  MIGHTY AIR - Mexican Guitar Players<\/title>\n<meta name=\"description\" content=\"Combo para guitarra o bajo, modelado est\u00e9reo, conectividad Bluetooth, 13 amplificadores, 20 IRs y 19 efectos, 2 altavoces de 2\u201d pulgadas, potencia de salida de 4 watts est\u00e9reo, bater\u00eda recargable de 18 horas de funcionamiento.\" \/>\n<meta name=\"robots\" content=\"index, follow, max-snippet:-1, max-image-preview:large, max-video-preview:-1\" \/>\n<link rel=\"canonical\" href=\"https:\/\/www.mexicanguitarplayers.com\/en\/tienda\/sin%20categor\u00eda\/combo-nux-p-guitarra-o-bajo-mighty-air\/\" \/>\n<meta property=\"og:locale\" content=\"en_US\" \/>\n<meta property=\"og:type\" content=\"article\" \/>\n<meta property=\"og:title\" content=\"COMBO NUX P\/GUITARRA O BAJO  MIGHTY AIR - Mexican Guitar Players\" \/>\n<meta property=\"og:description\" content=\"Combo para guitarra o bajo, modelado est\u00e9reo, conectividad Bluetooth, 13 amplificadores, 20 IRs y 19 efectos, 2 altavoces de 2\u201d pulgadas, potencia de salida de 4 watts est\u00e9reo, bater\u00eda recargable de 18 horas de funcionamiento.\" \/>\n<meta property=\"og:url\" content=\"https:\/\/www.mexicanguitarplayers.com\/en\/tienda\/sin categor\u00eda\/combo-nux-p-guitarra-o-bajo-mighty-air\/\" \/>\n<meta property=\"og:site_name\" content=\"Mexican Guitar Players\" \/>\n<meta property=\"article:modified_time\" content=\"2026-05-01T13:23:21+00:00\" \/>\n<meta name=\"twitter:card\" content=\"summary_large_image\" \/>\n<meta name=\"twitter:label1\" content=\"Est. reading time\" \/>\n\t<meta name=\"twitter:data1\" content=\"3 minutes\" \/>\n<script type=\"application\/ld+json\" class=\"yoast-schema-graph\">{\"@context\":\"https:\\\/\\\/schema.org\",\"@graph\":[{\"@type\":[\"WebPage\",\"ItemPage\"],\"@id\":\"https:\\\/\\\/www.mexicanguitarplayers.com\\\/tienda\\\/sin categor\u00eda\\\/combo-nux-p-guitarra-o-bajo-mighty-air\\\/\",\"url\":\"https:\\\/\\\/www.mexicanguitarplayers.com\\\/tienda\\\/sin categor\u00eda\\\/combo-nux-p-guitarra-o-bajo-mighty-air\\\/\",\"name\":\"COMBO NUX P\\\/GUITARRA O BAJO MIGHTY AIR - Mexican Guitar Players\",\"isPartOf\":{\"@id\":\"https:\\\/\\\/www.mexicanguitarplayers.com\\\/#website\"},\"primaryImageOfPage\":{\"@id\":\"https:\\\/\\\/www.mexicanguitarplayers.com\\\/tienda\\\/sin categor\u00eda\\\/combo-nux-p-guitarra-o-bajo-mighty-air\\\/#primaryimage\"},\"image\":{\"@id\":\"https:\\\/\\\/www.mexicanguitarplayers.com\\\/tienda\\\/sin categor\u00eda\\\/combo-nux-p-guitarra-o-bajo-mighty-air\\\/#primaryimage\"},\"thumbnailUrl\":\"https:\\\/\\\/www.mexicanguitarplayers.com\\\/wp-content\\\/uploads\\\/2025\\\/04\\\/ICNUXMIGHTYAIR.jpg\",\"datePublished\":\"2025-04-09T03:02:02+00:00\",\"dateModified\":\"2026-05-01T13:23:21+00:00\",\"description\":\"Combo para guitarra o bajo, modelado est\u00e9reo, conectividad Bluetooth, 13 amplificadores, 20 IRs y 19 efectos, 2 altavoces de 2\u201d pulgadas, potencia de salida de 4 watts est\u00e9reo, bater\u00eda recargable de 18 horas de funcionamiento.\",\"breadcrumb\":{\"@id\":\"https:\\\/\\\/www.mexicanguitarplayers.com\\\/tienda\\\/sin categor\u00eda\\\/combo-nux-p-guitarra-o-bajo-mighty-air\\\/#breadcrumb\"},\"inLanguage\":\"en-US\",\"potentialAction\":[{\"@type\":\"ReadAction\",\"target\":[\"https:\\\/\\\/www.mexicanguitarplayers.com\\\/tienda\\\/sin categor\u00eda\\\/combo-nux-p-guitarra-o-bajo-mighty-air\\\/\"]}]},{\"@type\":\"ImageObject\",\"inLanguage\":\"en-US\",\"@id\":\"https:\\\/\\\/www.mexicanguitarplayers.com\\\/tienda\\\/sin categor\u00eda\\\/combo-nux-p-guitarra-o-bajo-mighty-air\\\/#primaryimage\",\"url\":\"https:\\\/\\\/www.mexicanguitarplayers.com\\\/wp-content\\\/uploads\\\/2025\\\/04\\\/ICNUXMIGHTYAIR.jpg\",\"contentUrl\":\"https:\\\/\\\/www.mexicanguitarplayers.com\\\/wp-content\\\/uploads\\\/2025\\\/04\\\/ICNUXMIGHTYAIR.jpg\",\"width\":1200,\"height\":1200},{\"@type\":\"BreadcrumbList\",\"@id\":\"https:\\\/\\\/www.mexicanguitarplayers.com\\\/tienda\\\/sin categor\u00eda\\\/combo-nux-p-guitarra-o-bajo-mighty-air\\\/#breadcrumb\",\"itemListElement\":[{\"@type\":\"ListItem\",\"position\":1,\"name\":\"Portada\",\"item\":\"https:\\\/\\\/www.mexicanguitarplayers.com\\\/\"},{\"@type\":\"ListItem\",\"position\":2,\"name\":\"Tienda\",\"item\":\"https:\\\/\\\/www.mexicanguitarplayers.com\\\/tienda\\\/\"},{\"@type\":\"ListItem\",\"position\":3,\"name\":\"COMBO NUX P\\\/GUITARRA O BAJO MIGHTY AIR\"}]},{\"@type\":\"WebSite\",\"@id\":\"https:\\\/\\\/www.mexicanguitarplayers.com\\\/#website\",\"url\":\"https:\\\/\\\/www.mexicanguitarplayers.com\\\/\",\"name\":\"Mexican Guitar Players\",\"description\":\"Website\",\"publisher\":{\"@id\":\"https:\\\/\\\/www.mexicanguitarplayers.com\\\/#organization\"},\"potentialAction\":[{\"@type\":\"SearchAction\",\"target\":{\"@type\":\"EntryPoint\",\"urlTemplate\":\"https:\\\/\\\/www.mexicanguitarplayers.com\\\/?s={search_term_string}\"},\"query-input\":{\"@type\":\"PropertyValueSpecification\",\"valueRequired\":true,\"valueName\":\"search_term_string\"}}],\"inLanguage\":\"en-US\"},{\"@type\":\"Organization\",\"@id\":\"https:\\\/\\\/www.mexicanguitarplayers.com\\\/#organization\",\"name\":\"Mexican Guitar Players\",\"url\":\"https:\\\/\\\/www.mexicanguitarplayers.com\\\/\",\"logo\":{\"@type\":\"ImageObject\",\"inLanguage\":\"en-US\",\"@id\":\"https:\\\/\\\/www.mexicanguitarplayers.com\\\/#\\\/schema\\\/logo\\\/image\\\/\",\"url\":\"\",\"contentUrl\":\"\",\"caption\":\"Mexican Guitar Players\"},\"image\":{\"@id\":\"https:\\\/\\\/www.mexicanguitarplayers.com\\\/#\\\/schema\\\/logo\\\/image\\\/\"}}]}<\/script>\n<!-- \/ Yoast SEO plugin. -->","yoast_head_json":{"title":"COMBO NUX P\/GUITARRA O BAJO  MIGHTY AIR - Mexican Guitar Players","description":"Combo para guitarra o bajo, modelado est\u00e9reo, conectividad Bluetooth, 13 amplificadores, 20 IRs y 19 efectos, 2 altavoces de 2\u201d pulgadas, potencia de salida de 4 watts est\u00e9reo, bater\u00eda recargable de 18 horas de funcionamiento.","robots":{"index":"index","follow":"follow","max-snippet":"max-snippet:-1","max-image-preview":"max-image-preview:large","max-video-preview":"max-video-preview:-1"},"canonical":"https:\/\/www.mexicanguitarplayers.com\/en\/tienda\/sin categor\u00eda\/combo-nux-p-guitarra-o-bajo-mighty-air\/","og_locale":"en_US","og_type":"article","og_title":"COMBO NUX P\/GUITARRA O BAJO  MIGHTY AIR - Mexican Guitar Players","og_description":"Combo para guitarra o bajo, modelado est\u00e9reo, conectividad Bluetooth, 13 amplificadores, 20 IRs y 19 efectos, 2 altavoces de 2\u201d pulgadas, potencia de salida de 4 watts est\u00e9reo, bater\u00eda recargable de 18 horas de funcionamiento.","og_url":"https:\/\/www.mexicanguitarplayers.com\/en\/tienda\/sin categor\u00eda\/combo-nux-p-guitarra-o-bajo-mighty-air\/","og_site_name":"Mexican Guitar Players","article_modified_time":"2026-05-01T13:23:21+00:00","twitter_card":"summary_large_image","twitter_misc":{"Est. reading time":"3 minutes"},"schema":{"@context":"https:\/\/schema.org","@graph":[{"@type":["WebPage","ItemPage"],"@id":"https:\/\/www.mexicanguitarplayers.com\/tienda\/sin categor\u00eda\/combo-nux-p-guitarra-o-bajo-mighty-air\/","url":"https:\/\/www.mexicanguitarplayers.com\/tienda\/sin categor\u00eda\/combo-nux-p-guitarra-o-bajo-mighty-air\/","name":"COMBO NUX P\/GUITARRA O BAJO MIGHTY AIR - Mexican Guitar Players","isPartOf":{"@id":"https:\/\/www.mexicanguitarplayers.com\/#website"},"primaryImageOfPage":{"@id":"https:\/\/www.mexicanguitarplayers.com\/tienda\/sin categor\u00eda\/combo-nux-p-guitarra-o-bajo-mighty-air\/#primaryimage"},"image":{"@id":"https:\/\/www.mexicanguitarplayers.com\/tienda\/sin categor\u00eda\/combo-nux-p-guitarra-o-bajo-mighty-air\/#primaryimage"},"thumbnailUrl":"https:\/\/www.mexicanguitarplayers.com\/wp-content\/uploads\/2025\/04\/ICNUXMIGHTYAIR.jpg","datePublished":"2025-04-09T03:02:02+00:00","dateModified":"2026-05-01T13:23:21+00:00","description":"Combo para guitarra o bajo, modelado est\u00e9reo, conectividad Bluetooth, 13 amplificadores, 20 IRs y 19 efectos, 2 altavoces de 2\u201d pulgadas, potencia de salida de 4 watts est\u00e9reo, bater\u00eda recargable de 18 horas de funcionamiento.","breadcrumb":{"@id":"https:\/\/www.mexicanguitarplayers.com\/tienda\/sin categor\u00eda\/combo-nux-p-guitarra-o-bajo-mighty-air\/#breadcrumb"},"inLanguage":"en-US","potentialAction":[{"@type":"ReadAction","target":["https:\/\/www.mexicanguitarplayers.com\/tienda\/sin categor\u00eda\/combo-nux-p-guitarra-o-bajo-mighty-air\/"]}]},{"@type":"ImageObject","inLanguage":"en-US","@id":"https:\/\/www.mexicanguitarplayers.com\/tienda\/sin categor\u00eda\/combo-nux-p-guitarra-o-bajo-mighty-air\/#primaryimage","url":"https:\/\/www.mexicanguitarplayers.com\/wp-content\/uploads\/2025\/04\/ICNUXMIGHTYAIR.jpg","contentUrl":"https:\/\/www.mexicanguitarplayers.com\/wp-content\/uploads\/2025\/04\/ICNUXMIGHTYAIR.jpg","width":1200,"height":1200},{"@type":"BreadcrumbList","@id":"https:\/\/www.mexicanguitarplayers.com\/tienda\/sin categor\u00eda\/combo-nux-p-guitarra-o-bajo-mighty-air\/#breadcrumb","itemListElement":[{"@type":"ListItem","position":1,"name":"Portada","item":"https:\/\/www.mexicanguitarplayers.com\/"},{"@type":"ListItem","position":2,"name":"Tienda","item":"https:\/\/www.mexicanguitarplayers.com\/tienda\/"},{"@type":"ListItem","position":3,"name":"COMBO NUX P\/GUITARRA O BAJO MIGHTY AIR"}]},{"@type":"WebSite","@id":"https:\/\/www.mexicanguitarplayers.com\/#website","url":"https:\/\/www.mexicanguitarplayers.com\/","name":"Mexican Guitar Players","description":"Website","publisher":{"@id":"https:\/\/www.mexicanguitarplayers.com\/#organization"},"potentialAction":[{"@type":"SearchAction","target":{"@type":"EntryPoint","urlTemplate":"https:\/\/www.mexicanguitarplayers.com\/?s={search_term_string}"},"query-input":{"@type":"PropertyValueSpecification","valueRequired":true,"valueName":"search_term_string"}}],"inLanguage":"en-US"},{"@type":"Organization","@id":"https:\/\/www.mexicanguitarplayers.com\/#organization","name":"Mexican Guitar Players","url":"https:\/\/www.mexicanguitarplayers.com\/","logo":{"@type":"ImageObject","inLanguage":"en-US","@id":"https:\/\/www.mexicanguitarplayers.com\/#\/schema\/logo\/image\/","url":"","contentUrl":"","caption":"Mexican Guitar Players"},"image":{"@id":"https:\/\/www.mexicanguitarplayers.com\/#\/schema\/logo\/image\/"}}]}},"brands":[{"id":177,"name":"NUX","slug":"nux"}],"_links":{"self":[{"href":"https:\/\/www.mexicanguitarplayers.com\/en\/wp-json\/wp\/v2\/product\/32625","targetHints":{"allow":["GET"]}}],"collection":[{"href":"https:\/\/www.mexicanguitarplayers.com\/en\/wp-json\/wp\/v2\/product"}],"about":[{"href":"https:\/\/www.mexicanguitarplayers.com\/en\/wp-json\/wp\/v2\/types\/product"}],"replies":[{"embeddable":true,"href":"https:\/\/www.mexicanguitarplayers.com\/en\/wp-json\/wp\/v2\/comments?post=32625"}],"wp:featuredmedia":[{"embeddable":true,"href":"https:\/\/www.mexicanguitarplayers.com\/en\/wp-json\/wp\/v2\/media\/32618"}],"wp:attachment":[{"href":"https:\/\/www.mexicanguitarplayers.com\/en\/wp-json\/wp\/v2\/media?parent=32625"}],"wp:term":[{"taxonomy":"pwb-brand","embeddable":true,"href":"https:\/\/www.mexicanguitarplayers.com\/en\/wp-json\/wp\/v2\/pwb-brand?post=32625"},{"taxonomy":"product_brand","embeddable":true,"href":"https:\/\/www.mexicanguitarplayers.com\/en\/wp-json\/wp\/v2\/product_brand?post=32625"},{"taxonomy":"product_cat","embeddable":true,"href":"https:\/\/www.mexicanguitarplayers.com\/en\/wp-json\/wp\/v2\/product_cat?post=32625"},{"taxonomy":"product_tag","embeddable":true,"href":"https:\/\/www.mexicanguitarplayers.com\/en\/wp-json\/wp\/v2\/product_tag?post=32625"}],"curies":[{"name":"wp","href":"https:\/\/api.w.org\/{rel}","templated":true}]}}