{"id":32627,"date":"2025-04-08T21:02:03","date_gmt":"2025-04-09T03:02:03","guid":{"rendered":"https:\/\/www.mexicanguitarplayers.com\/tienda\/sin categor\u00eda\/bocina-eighteen-sound-15-15w750-8\/"},"modified":"2026-05-01T07:23:20","modified_gmt":"2026-05-01T13:23:20","slug":"bocina-eighteen-sound-15-15w750-8","status":"publish","type":"product","link":"https:\/\/www.mexicanguitarplayers.com\/en\/tienda\/audio\/bafles-y-bocinas\/bocinas-y-componentes\/graves\/bocina-eighteen-sound-15-15w750-8\/","title":{"rendered":"BOCINA EIGHTEEN SOUND 15  15W750\/8"},"content":{"rendered":"<div style=\"text-align: justify\">\n<div>\n<h3>El perfecto control de tu sonido.<\/h3>\n<\/div>\n<div>Eighteen Sound es el fabricante y dise\u00f1ador l\u00edder de altavoces de audio de alta calidad profesional. Nuestros productos te ayudar\u00e1n en la dif\u00edcil tarea de reproducir m\u00fasica y audio tal y como fueron capturados en un principio. La bocina 15W750 de Eighteen Sound cuenta con una potencia de 1200 Watts AES, SPL m\u00e1ximo de 97 dB, bobina de 3\u201d pulgadas e impedancia de 8 ohms. Cuenta con dise\u00f1o de suspensi\u00f3n de viaje lineal de excursi\u00f3n larga, cono y placas con protecci\u00f3n contra el clima para uso en exteriores y salida generosa de frecuencias bajas lo que la hace adecuada para sistemas de dos v\u00edas y aplicaciones de subwoofer.<\/div>\n<div>\n<h4>Quick look<\/h4>\n<\/div>\n<ul style=\"margin: 0px 0px 0px 25px\">\n<li style=\"list-style-type: circle;margin: 5px\">Di\u00e1metro nominal.<\/li>\n<li style=\"list-style-type: circle;margin: 5px\">Impedance.<\/li>\n<li style=\"list-style-type: circle;margin: 5px\">Power.<\/li>\n<li style=\"list-style-type: circle;margin: 5px\">Sensitivity.<\/li>\n<li style=\"list-style-type: circle;margin: 5px\">Rango de frecuencia.<\/li>\n<li style=\"list-style-type: circle;margin: 5px\">Compresi\u00f3n.<\/li>\n<li style=\"list-style-type: circle;margin: 5px\">Frecuencia m\u00e1xima recomendada.<\/li>\n<li style=\"list-style-type: circle;margin: 5px\">Volumen recomendado del gabinete.<\/li>\n<li style=\"list-style-type: circle;margin: 5px\">Impedancia m\u00ednima.<\/li>\n<li style=\"list-style-type: circle;margin: 5px\">Excursi\u00f3n m\u00e1xima pico a pico.<\/li>\n<li style=\"list-style-type: circle;margin: 5px\">Di\u00e1metro de la bobina.<\/li>\n<li style=\"list-style-type: circle;margin: 5px\">Material de la bobina.<\/li>\n<li style=\"list-style-type: circle;margin: 5px\">Suspensi\u00f3n.<\/li>\n<li style=\"list-style-type: circle;margin: 5px\">Cono.<\/li>\n<li style=\"list-style-type: circle;margin: 5px\">Weight.<\/li>\n<\/ul>\n<div>\n<div style=\"font-weight: bold\">Di\u00e1metro nominal.<\/div>\n<div>\n<p>15&#8243; pulgadas (380 mm).<\/p>\n<\/div>\n<div style=\"font-weight: bold\">Impedance.<\/div>\n<div>\n<p>8 ohms.<\/p>\n<\/div>\n<div style=\"font-weight: bold\">Power.<\/div>\n<div>\n<p>AES: 600 Watts. PROGRAMA: 1200 Watts. PICO: 2500 Watts.<\/p>\n<\/div>\n<div style=\"font-weight: bold\">Sensitivity.<\/div>\n<div>\n<p>97 dB.<\/p>\n<\/div>\n<div style=\"font-weight: bold\">Rango de frecuencia.<\/div>\n<div>\n<p>50 \u00f7 4300 Hz.<\/p>\n<\/div>\n<div style=\"font-weight: bold\">Compresi\u00f3n.<\/div>\n<div>\n<p>Power Compression @ &#8211; 10 dB: 1.0 dB. Power Compression @ &#8211; 3 dB: 2.8 dB. Power Compression @ Full Power: 4.0 dB.<\/p>\n<\/div>\n<div style=\"font-weight: bold\">Frecuencia m\u00e1xima recomendada.<\/div>\n<div>\n<p>1800 Hz.<\/p>\n<\/div>\n<div style=\"font-weight: bold\">Volumen recomendado del gabinete.<\/div>\n<div>\n<p>80 \u00f7 140 lt. (2.82 \u00f7 4.95 pies c\u00fabicos).<\/p>\n<\/div>\n<div style=\"font-weight: bold\">Impedancia m\u00ednima.<\/div>\n<div>\n<p>6.1 ohms a 25 \u00b0C.<\/p>\n<\/div>\n<div style=\"font-weight: bold\">Excursi\u00f3n m\u00e1xima pico a pico.<\/div>\n<div>\n<p>1.50&#8243; pulgadas (38 mm).<\/p>\n<\/div>\n<div style=\"font-weight: bold\">Di\u00e1metro de la bobina.<\/div>\n<div>\n<p>3&#8243; pulgadas (75 mm).<\/p>\n<\/div>\n<div style=\"font-weight: bold\">Material de la bobina.<\/div>\n<div>\n<p>Aluminio.<\/p>\n<\/div>\n<div style=\"font-weight: bold\">Suspensi\u00f3n.<\/div>\n<div>\n<p>Rollo triple, Polycotton.<\/p>\n<\/div>\n<div style=\"font-weight: bold\">Cono.<\/div>\n<div>\n<p>Curvil\u00edneo, pasta de alta amortiguaci\u00f3n.<\/p>\n<\/div>\n<div style=\"font-weight: bold\">Weight.<\/div>\n<div>\n<p>7.6 Kg.<\/p>\n<\/div>\n<\/div>\n<\/div>","protected":false},"excerpt":{"rendered":"<p>Bocina de 15\u201d pulgadas (380 mm), ideal para graves, im\u00e1n de ferrita, impedancia: 8 ohms, potencia AES: 600 Watts, potencia prograna: 1200 Watts, potencia pico: 2500 Watts, sensibilidad: 97 dB, rango de frecuencia: 50 &#8211; 4,300 Hz, frecuencia m\u00e1xima recomendada: 1800 Hz, impedancia m\u00ednima: 6.1 ohms a 25 \u00b0C, di\u00e1metro de la bobina: 3\u201d pulgadas (75 mm), material de la bobina: aluminio, peso: 7.6 kg.&hellip; <a class=\"kt-excerpt-readmore more-link\" href=\"https:\/\/www.mexicanguitarplayers.com\/en\/tienda\/audio\/bafles-y-bocinas\/bocinas-y-componentes\/graves\/bocina-eighteen-sound-15-15w750-8\/\">Read more<\/a><\/p>","protected":false},"featured_media":32626,"comment_status":"open","ping_status":"closed","template":"","meta":{"kt_blocks_editor_width":""},"pwb-brand":[533],"product_brand":[],"product_cat":[213,221,474,529],"product_tag":[],"class_list":{"0":"post-32627","1":"product","2":"type-product","3":"status-publish","4":"has-post-thumbnail","6":"pwb-brand-eighteen-sound","7":"product_cat-audio","8":"product_cat-bafles-y-bocinas","9":"product_cat-bocinas-y-componentes","10":"product_cat-graves","11":"product_shipping_class-5-10-kg","13":"first","14":"instock","15":"taxable","16":"shipping-taxable","17":"purchasable","18":"product-type-simple"},"yoast_head":"<!-- This site is optimized with the Yoast SEO plugin v27.5 - https:\/\/yoast.com\/product\/yoast-seo-wordpress\/ -->\n<title>BOCINA EIGHTEEN SOUND 15 15W750\/8 - Mexican Guitar Players<\/title>\n<meta name=\"description\" content=\"Bocina de 15\u201d pulgadas (380 mm), ideal para graves, im\u00e1n de ferrita, impedancia: 8 ohms, potencia AES: 600 Watts, potencia prograna: 1200 Watts, potencia pico: 2500 Watts, sensibilidad: 97 dB, rango de frecuencia: 50 - 4,300 Hz, frecuencia m\u00e1xima recomendada: 1800 Hz, impedancia m\u00ednima: 6.1 ohms a 25 \u00b0C, di\u00e1metro de la bobina: 3\u201d pulgadas (75 mm), material de la bobina: aluminio, peso: 7.6 kg.\" \/>\n<meta name=\"robots\" content=\"index, follow, max-snippet:-1, max-image-preview:large, max-video-preview:-1\" \/>\n<link rel=\"canonical\" href=\"https:\/\/www.mexicanguitarplayers.com\/en\/tienda\/sin%20categor\u00eda\/bocina-eighteen-sound-15-15w750-8\/\" \/>\n<meta property=\"og:locale\" content=\"en_US\" \/>\n<meta property=\"og:type\" content=\"article\" \/>\n<meta property=\"og:title\" content=\"BOCINA EIGHTEEN SOUND 15 15W750\/8 - Mexican Guitar Players\" \/>\n<meta property=\"og:description\" content=\"Bocina de 15\u201d pulgadas (380 mm), ideal para graves, im\u00e1n de ferrita, impedancia: 8 ohms, potencia AES: 600 Watts, potencia prograna: 1200 Watts, potencia pico: 2500 Watts, sensibilidad: 97 dB, rango de frecuencia: 50 - 4,300 Hz, frecuencia m\u00e1xima recomendada: 1800 Hz, impedancia m\u00ednima: 6.1 ohms a 25 \u00b0C, di\u00e1metro de la bobina: 3\u201d pulgadas (75 mm), material de la bobina: aluminio, peso: 7.6 kg.\" \/>\n<meta property=\"og:url\" content=\"https:\/\/www.mexicanguitarplayers.com\/en\/tienda\/sin categor\u00eda\/bocina-eighteen-sound-15-15w750-8\/\" \/>\n<meta property=\"og:site_name\" content=\"Mexican Guitar Players\" \/>\n<meta property=\"article:modified_time\" content=\"2026-05-01T13:23:20+00:00\" \/>\n<meta name=\"twitter:card\" content=\"summary_large_image\" \/>\n<meta name=\"twitter:label1\" content=\"Est. reading time\" \/>\n\t<meta name=\"twitter:data1\" content=\"1 minute\" \/>\n<script type=\"application\/ld+json\" class=\"yoast-schema-graph\">{\"@context\":\"https:\\\/\\\/schema.org\",\"@graph\":[{\"@type\":[\"WebPage\",\"ItemPage\"],\"@id\":\"https:\\\/\\\/www.mexicanguitarplayers.com\\\/tienda\\\/sin categor\u00eda\\\/bocina-eighteen-sound-15-15w750-8\\\/\",\"url\":\"https:\\\/\\\/www.mexicanguitarplayers.com\\\/tienda\\\/sin categor\u00eda\\\/bocina-eighteen-sound-15-15w750-8\\\/\",\"name\":\"BOCINA EIGHTEEN SOUND 15 15W750\\\/8 - Mexican Guitar Players\",\"isPartOf\":{\"@id\":\"https:\\\/\\\/www.mexicanguitarplayers.com\\\/#website\"},\"primaryImageOfPage\":{\"@id\":\"https:\\\/\\\/www.mexicanguitarplayers.com\\\/tienda\\\/sin categor\u00eda\\\/bocina-eighteen-sound-15-15w750-8\\\/#primaryimage\"},\"image\":{\"@id\":\"https:\\\/\\\/www.mexicanguitarplayers.com\\\/tienda\\\/sin categor\u00eda\\\/bocina-eighteen-sound-15-15w750-8\\\/#primaryimage\"},\"thumbnailUrl\":\"https:\\\/\\\/www.mexicanguitarplayers.com\\\/wp-content\\\/uploads\\\/2025\\\/04\\\/IAEIG15W7508.jpg\",\"datePublished\":\"2025-04-09T03:02:03+00:00\",\"dateModified\":\"2026-05-01T13:23:20+00:00\",\"description\":\"Bocina de 15\u201d pulgadas (380 mm), ideal para graves, im\u00e1n de ferrita, impedancia: 8 ohms, potencia AES: 600 Watts, potencia prograna: 1200 Watts, potencia pico: 2500 Watts, sensibilidad: 97 dB, rango de frecuencia: 50 - 4,300 Hz, frecuencia m\u00e1xima recomendada: 1800 Hz, impedancia m\u00ednima: 6.1 ohms a 25 \u00b0C, di\u00e1metro de la bobina: 3\u201d pulgadas (75 mm), material de la bobina: aluminio, peso: 7.6 kg.\",\"breadcrumb\":{\"@id\":\"https:\\\/\\\/www.mexicanguitarplayers.com\\\/tienda\\\/sin categor\u00eda\\\/bocina-eighteen-sound-15-15w750-8\\\/#breadcrumb\"},\"inLanguage\":\"en-US\",\"potentialAction\":[{\"@type\":\"ReadAction\",\"target\":[\"https:\\\/\\\/www.mexicanguitarplayers.com\\\/tienda\\\/sin categor\u00eda\\\/bocina-eighteen-sound-15-15w750-8\\\/\"]}]},{\"@type\":\"ImageObject\",\"inLanguage\":\"en-US\",\"@id\":\"https:\\\/\\\/www.mexicanguitarplayers.com\\\/tienda\\\/sin categor\u00eda\\\/bocina-eighteen-sound-15-15w750-8\\\/#primaryimage\",\"url\":\"https:\\\/\\\/www.mexicanguitarplayers.com\\\/wp-content\\\/uploads\\\/2025\\\/04\\\/IAEIG15W7508.jpg\",\"contentUrl\":\"https:\\\/\\\/www.mexicanguitarplayers.com\\\/wp-content\\\/uploads\\\/2025\\\/04\\\/IAEIG15W7508.jpg\",\"width\":800,\"height\":561},{\"@type\":\"BreadcrumbList\",\"@id\":\"https:\\\/\\\/www.mexicanguitarplayers.com\\\/tienda\\\/sin categor\u00eda\\\/bocina-eighteen-sound-15-15w750-8\\\/#breadcrumb\",\"itemListElement\":[{\"@type\":\"ListItem\",\"position\":1,\"name\":\"Portada\",\"item\":\"https:\\\/\\\/www.mexicanguitarplayers.com\\\/\"},{\"@type\":\"ListItem\",\"position\":2,\"name\":\"Tienda\",\"item\":\"https:\\\/\\\/www.mexicanguitarplayers.com\\\/tienda\\\/\"},{\"@type\":\"ListItem\",\"position\":3,\"name\":\"BOCINA EIGHTEEN SOUND 15 15W750\\\/8\"}]},{\"@type\":\"WebSite\",\"@id\":\"https:\\\/\\\/www.mexicanguitarplayers.com\\\/#website\",\"url\":\"https:\\\/\\\/www.mexicanguitarplayers.com\\\/\",\"name\":\"Mexican Guitar Players\",\"description\":\"Website\",\"publisher\":{\"@id\":\"https:\\\/\\\/www.mexicanguitarplayers.com\\\/#organization\"},\"potentialAction\":[{\"@type\":\"SearchAction\",\"target\":{\"@type\":\"EntryPoint\",\"urlTemplate\":\"https:\\\/\\\/www.mexicanguitarplayers.com\\\/?s={search_term_string}\"},\"query-input\":{\"@type\":\"PropertyValueSpecification\",\"valueRequired\":true,\"valueName\":\"search_term_string\"}}],\"inLanguage\":\"en-US\"},{\"@type\":\"Organization\",\"@id\":\"https:\\\/\\\/www.mexicanguitarplayers.com\\\/#organization\",\"name\":\"Mexican Guitar Players\",\"url\":\"https:\\\/\\\/www.mexicanguitarplayers.com\\\/\",\"logo\":{\"@type\":\"ImageObject\",\"inLanguage\":\"en-US\",\"@id\":\"https:\\\/\\\/www.mexicanguitarplayers.com\\\/#\\\/schema\\\/logo\\\/image\\\/\",\"url\":\"\",\"contentUrl\":\"\",\"caption\":\"Mexican Guitar Players\"},\"image\":{\"@id\":\"https:\\\/\\\/www.mexicanguitarplayers.com\\\/#\\\/schema\\\/logo\\\/image\\\/\"}}]}<\/script>\n<!-- \/ Yoast SEO plugin. -->","yoast_head_json":{"title":"BOCINA EIGHTEEN SOUND 15 15W750\/8 - Mexican Guitar Players","description":"Bocina de 15\u201d pulgadas (380 mm), ideal para graves, im\u00e1n de ferrita, impedancia: 8 ohms, potencia AES: 600 Watts, potencia prograna: 1200 Watts, potencia pico: 2500 Watts, sensibilidad: 97 dB, rango de frecuencia: 50 - 4,300 Hz, frecuencia m\u00e1xima recomendada: 1800 Hz, impedancia m\u00ednima: 6.1 ohms a 25 \u00b0C, di\u00e1metro de la bobina: 3\u201d pulgadas (75 mm), material de la bobina: aluminio, peso: 7.6 kg.","robots":{"index":"index","follow":"follow","max-snippet":"max-snippet:-1","max-image-preview":"max-image-preview:large","max-video-preview":"max-video-preview:-1"},"canonical":"https:\/\/www.mexicanguitarplayers.com\/en\/tienda\/sin categor\u00eda\/bocina-eighteen-sound-15-15w750-8\/","og_locale":"en_US","og_type":"article","og_title":"BOCINA EIGHTEEN SOUND 15 15W750\/8 - Mexican Guitar Players","og_description":"Bocina de 15\u201d pulgadas (380 mm), ideal para graves, im\u00e1n de ferrita, impedancia: 8 ohms, potencia AES: 600 Watts, potencia prograna: 1200 Watts, potencia pico: 2500 Watts, sensibilidad: 97 dB, rango de frecuencia: 50 - 4,300 Hz, frecuencia m\u00e1xima recomendada: 1800 Hz, impedancia m\u00ednima: 6.1 ohms a 25 \u00b0C, di\u00e1metro de la bobina: 3\u201d pulgadas (75 mm), material de la bobina: aluminio, peso: 7.6 kg.","og_url":"https:\/\/www.mexicanguitarplayers.com\/en\/tienda\/sin categor\u00eda\/bocina-eighteen-sound-15-15w750-8\/","og_site_name":"Mexican Guitar Players","article_modified_time":"2026-05-01T13:23:20+00:00","twitter_card":"summary_large_image","twitter_misc":{"Est. reading time":"1 minute"},"schema":{"@context":"https:\/\/schema.org","@graph":[{"@type":["WebPage","ItemPage"],"@id":"https:\/\/www.mexicanguitarplayers.com\/tienda\/sin categor\u00eda\/bocina-eighteen-sound-15-15w750-8\/","url":"https:\/\/www.mexicanguitarplayers.com\/tienda\/sin categor\u00eda\/bocina-eighteen-sound-15-15w750-8\/","name":"BOCINA EIGHTEEN SOUND 15 15W750\/8 - Mexican Guitar Players","isPartOf":{"@id":"https:\/\/www.mexicanguitarplayers.com\/#website"},"primaryImageOfPage":{"@id":"https:\/\/www.mexicanguitarplayers.com\/tienda\/sin categor\u00eda\/bocina-eighteen-sound-15-15w750-8\/#primaryimage"},"image":{"@id":"https:\/\/www.mexicanguitarplayers.com\/tienda\/sin categor\u00eda\/bocina-eighteen-sound-15-15w750-8\/#primaryimage"},"thumbnailUrl":"https:\/\/www.mexicanguitarplayers.com\/wp-content\/uploads\/2025\/04\/IAEIG15W7508.jpg","datePublished":"2025-04-09T03:02:03+00:00","dateModified":"2026-05-01T13:23:20+00:00","description":"Bocina de 15\u201d pulgadas (380 mm), ideal para graves, im\u00e1n de ferrita, impedancia: 8 ohms, potencia AES: 600 Watts, potencia prograna: 1200 Watts, potencia pico: 2500 Watts, sensibilidad: 97 dB, rango de frecuencia: 50 - 4,300 Hz, frecuencia m\u00e1xima recomendada: 1800 Hz, impedancia m\u00ednima: 6.1 ohms a 25 \u00b0C, di\u00e1metro de la bobina: 3\u201d pulgadas (75 mm), material de la bobina: aluminio, peso: 7.6 kg.","breadcrumb":{"@id":"https:\/\/www.mexicanguitarplayers.com\/tienda\/sin categor\u00eda\/bocina-eighteen-sound-15-15w750-8\/#breadcrumb"},"inLanguage":"en-US","potentialAction":[{"@type":"ReadAction","target":["https:\/\/www.mexicanguitarplayers.com\/tienda\/sin categor\u00eda\/bocina-eighteen-sound-15-15w750-8\/"]}]},{"@type":"ImageObject","inLanguage":"en-US","@id":"https:\/\/www.mexicanguitarplayers.com\/tienda\/sin categor\u00eda\/bocina-eighteen-sound-15-15w750-8\/#primaryimage","url":"https:\/\/www.mexicanguitarplayers.com\/wp-content\/uploads\/2025\/04\/IAEIG15W7508.jpg","contentUrl":"https:\/\/www.mexicanguitarplayers.com\/wp-content\/uploads\/2025\/04\/IAEIG15W7508.jpg","width":800,"height":561},{"@type":"BreadcrumbList","@id":"https:\/\/www.mexicanguitarplayers.com\/tienda\/sin categor\u00eda\/bocina-eighteen-sound-15-15w750-8\/#breadcrumb","itemListElement":[{"@type":"ListItem","position":1,"name":"Portada","item":"https:\/\/www.mexicanguitarplayers.com\/"},{"@type":"ListItem","position":2,"name":"Tienda","item":"https:\/\/www.mexicanguitarplayers.com\/tienda\/"},{"@type":"ListItem","position":3,"name":"BOCINA EIGHTEEN SOUND 15 15W750\/8"}]},{"@type":"WebSite","@id":"https:\/\/www.mexicanguitarplayers.com\/#website","url":"https:\/\/www.mexicanguitarplayers.com\/","name":"Mexican Guitar Players","description":"Website","publisher":{"@id":"https:\/\/www.mexicanguitarplayers.com\/#organization"},"potentialAction":[{"@type":"SearchAction","target":{"@type":"EntryPoint","urlTemplate":"https:\/\/www.mexicanguitarplayers.com\/?s={search_term_string}"},"query-input":{"@type":"PropertyValueSpecification","valueRequired":true,"valueName":"search_term_string"}}],"inLanguage":"en-US"},{"@type":"Organization","@id":"https:\/\/www.mexicanguitarplayers.com\/#organization","name":"Mexican Guitar Players","url":"https:\/\/www.mexicanguitarplayers.com\/","logo":{"@type":"ImageObject","inLanguage":"en-US","@id":"https:\/\/www.mexicanguitarplayers.com\/#\/schema\/logo\/image\/","url":"","contentUrl":"","caption":"Mexican Guitar Players"},"image":{"@id":"https:\/\/www.mexicanguitarplayers.com\/#\/schema\/logo\/image\/"}}]}},"brands":[{"id":533,"name":"EIGHTEEN SOUND","slug":"eighteen-sound"}],"_links":{"self":[{"href":"https:\/\/www.mexicanguitarplayers.com\/en\/wp-json\/wp\/v2\/product\/32627","targetHints":{"allow":["GET"]}}],"collection":[{"href":"https:\/\/www.mexicanguitarplayers.com\/en\/wp-json\/wp\/v2\/product"}],"about":[{"href":"https:\/\/www.mexicanguitarplayers.com\/en\/wp-json\/wp\/v2\/types\/product"}],"replies":[{"embeddable":true,"href":"https:\/\/www.mexicanguitarplayers.com\/en\/wp-json\/wp\/v2\/comments?post=32627"}],"wp:featuredmedia":[{"embeddable":true,"href":"https:\/\/www.mexicanguitarplayers.com\/en\/wp-json\/wp\/v2\/media\/32626"}],"wp:attachment":[{"href":"https:\/\/www.mexicanguitarplayers.com\/en\/wp-json\/wp\/v2\/media?parent=32627"}],"wp:term":[{"taxonomy":"pwb-brand","embeddable":true,"href":"https:\/\/www.mexicanguitarplayers.com\/en\/wp-json\/wp\/v2\/pwb-brand?post=32627"},{"taxonomy":"product_brand","embeddable":true,"href":"https:\/\/www.mexicanguitarplayers.com\/en\/wp-json\/wp\/v2\/product_brand?post=32627"},{"taxonomy":"product_cat","embeddable":true,"href":"https:\/\/www.mexicanguitarplayers.com\/en\/wp-json\/wp\/v2\/product_cat?post=32627"},{"taxonomy":"product_tag","embeddable":true,"href":"https:\/\/www.mexicanguitarplayers.com\/en\/wp-json\/wp\/v2\/product_tag?post=32627"}],"curies":[{"name":"wp","href":"https:\/\/api.w.org\/{rel}","templated":true}]}}