{"id":32641,"date":"2025-04-08T21:02:19","date_gmt":"2025-04-09T03:02:19","guid":{"rendered":"https:\/\/www.mexicanguitarplayers.com\/tienda\/sin categor\u00eda\/capsula-akg-p-microfono-ck-63-uls\/"},"modified":"2026-04-10T04:33:10","modified_gmt":"2026-04-10T10:33:10","slug":"capsula-akg-p-microfono-ck-63-uls","status":"publish","type":"product","link":"https:\/\/www.mexicanguitarplayers.com\/en\/tienda\/audio\/microfonia\/refacciones\/capsula-akg-p-microfono-ck-63-uls\/","title":{"rendered":"CAPSULA AKG P\/MICROFONO   CK-63 ULS"},"content":{"rendered":"<div style=\"text-align: justify\">\n<div>\n<h3>La atenci\u00f3n es el sonido.<\/h3>\n<\/div>\n<div>La respuesta de frecuencia plana y el consistente patr\u00f3n polar del CK61ULS lo hace ideal para la grabaci\u00f3n cr\u00edtica y para aplicaciones de audio en vivo, donde la supresi\u00f3n consistente del sonido fuera del eje es un requerimiento importante. Incluye anti viento de espuma. Para utilizar con el pre amplificador C 480 B-ULS. Tambi\u00e9n es ideal para aplicaciones de broadcast (EFP\/ENG), grabaci\u00f3n, teatro microfon\u00eda en escenario, TV, cine y producci\u00f3n de video. Es una c\u00e1psula cardioide con una respuesta de frecuencia excepcionalmente plana en el eje, excelentemente construido y con una buena estabilidad de temperatura, chapado en oro y cuenta con auto limpieza del conector de alta resistencia a la humedad.<\/div>\n<div>\n<h4>Quick look<\/h4>\n<\/div>\n<ul style=\"margin: 0px 0px 0px 25px\">\n<li style=\"list-style-type: circle;margin: 5px\">Applications.<\/li>\n<li style=\"list-style-type: circle;margin: 5px\">C\u00e1psula.<\/li>\n<li style=\"list-style-type: circle;margin: 5px\">Polar pattern.<\/li>\n<li style=\"list-style-type: circle;margin: 5px\">Rango de frecuencia.<\/li>\n<li style=\"list-style-type: circle;margin: 5px\">Sensitivity.<\/li>\n<li style=\"list-style-type: circle;margin: 5px\">Maximum SPL.<\/li>\n<li style=\"list-style-type: circle;margin: 5px\">Nivel de ruido equivalente (IEC 60268-4).<\/li>\n<li style=\"list-style-type: circle;margin: 5px\">Nivel de ruido equivalente (IEC 60268-4, ponderaci\u00f3n A).<\/li>\n<li style=\"list-style-type: circle;margin: 5px\">Relaci\u00f3n se\u00f1al \/ ruido. (Ponderaci\u00f3n A).<\/li>\n<li style=\"list-style-type: circle;margin: 5px\">Pad de pre atenuaci\u00f3n.<\/li>\n<li style=\"list-style-type: circle;margin: 5px\">Terminado.<\/li>\n<li style=\"list-style-type: circle;margin: 5px\">Peso neto.<\/li>\n<\/ul>\n<div>\n<div style=\"font-weight: bold\">Applications.<\/div>\n<div>\n<p>Aplicaciones de broadcast (EFP\/ENG), grabaci\u00f3n, teatro microfon\u00eda en escenario, TV, cine y producci\u00f3n de video.<\/p>\n<\/div>\n<div style=\"font-weight: bold\">C\u00e1psula.<\/div>\n<div>\n<p>C\u00e1psula cardioide con respuesta de frecuencia excepcionalmente plana en el eje.<\/p>\n<\/div>\n<div style=\"font-weight: bold\">Polar pattern.<\/div>\n<div>\n<p>Hipercardioide.<\/p>\n<\/div>\n<div style=\"font-weight: bold\">Rango de frecuencia.<\/div>\n<div>\n<p>20 a 20,000 Hz.<\/p>\n<\/div>\n<div style=\"font-weight: bold\">Sensitivity.<\/div>\n<div>\n<p>40\/20\/6,3 mV\/Pa (-28\/-34\/-44 dBV).<\/p>\n<\/div>\n<div style=\"font-weight: bold\">Maximum SPL.<\/div>\n<div>\n<p>134\/140\/144 dB (para 0,5% THD).<\/p>\n<\/div>\n<div style=\"font-weight: bold\">Nivel de ruido equivalente (IEC 60268-4).<\/div>\n<div>\n<p>23\/21\/28 dB.<\/p>\n<\/div>\n<div style=\"font-weight: bold\">Nivel de ruido equivalente (IEC 60268-4, ponderaci\u00f3n A).<\/div>\n<div>\n<p>13\/11\/17 dB-A.<\/p>\n<\/div>\n<div style=\"font-weight: bold\">Relaci\u00f3n se\u00f1al \/ ruido. (Ponderaci\u00f3n A).<\/div>\n<div>\n<p>81\/83\/77 dB.<\/p>\n<\/div>\n<div style=\"font-weight: bold\">Pad de pre atenuaci\u00f3n.<\/div>\n<div>\n<p>+6\/0\/-10 dB, seleccionable.<\/p>\n<\/div>\n<div style=\"font-weight: bold\">Terminado.<\/div>\n<div>\n<p>Negro mate.<\/p>\n<\/div>\n<div style=\"font-weight: bold\">Peso neto.<\/div>\n<div>\n<p>25 g.<\/p>\n<\/div>\n<\/div>\n<div>\n<h4>Characteristics<\/h4>\n<\/div>\n<div>\n<ul style=\"margin: 0px 0px 0px 25px\">\n<li style=\"list-style-type: circle;margin: 5px\">Estabilidad de temperatura.<\/li>\n<li style=\"list-style-type: circle;margin: 5px\">Chapado en oro.<\/li>\n<li style=\"list-style-type: circle;margin: 5px\">Auto limpieza del conector de alta resistencia a la humedad.<\/li>\n<\/ul>\n<\/div>\n<\/div>","protected":false},"excerpt":{"rendered":"<p>C\u00e1psula para micr\u00f3fono, ideal ideal para aplicaciones de broadcast (EFP\/ENG), grabaci\u00f3n, teatro microfon\u00eda en escenario, TV, cine y producci\u00f3n de video, chapado en oro, patr\u00f3n polar hipercardioide, rango de frecuencia de 20 a 20,000 Hz, terminado negro mate, peso neto: 25 gramos.&hellip; <a class=\"kt-excerpt-readmore more-link\" href=\"https:\/\/www.mexicanguitarplayers.com\/en\/tienda\/audio\/microfonia\/refacciones\/capsula-akg-p-microfono-ck-63-uls\/\">Read more<\/a><\/p>","protected":false},"featured_media":32640,"comment_status":"open","ping_status":"closed","template":"","meta":{"kt_blocks_editor_width":""},"pwb-brand":[528],"product_brand":[],"product_cat":[213,214,521],"product_tag":[],"class_list":{"0":"post-32641","1":"product","2":"type-product","3":"status-publish","4":"has-post-thumbnail","6":"pwb-brand-akg","7":"product_cat-audio","8":"product_cat-microfonia","9":"product_cat-refacciones","10":"product_shipping_class-0-5-kg","12":"first","13":"instock","14":"taxable","15":"shipping-taxable","16":"purchasable","17":"product-type-simple"},"yoast_head":"<!-- This site is optimized with the Yoast SEO plugin v27.5 - https:\/\/yoast.com\/product\/yoast-seo-wordpress\/ -->\n<title>CAPSULA AKG P\/MICROFONO  CK-63 ULS - Mexican Guitar Players<\/title>\n<meta name=\"description\" content=\"C\u00e1psula para micr\u00f3fono, ideal ideal para aplicaciones de broadcast (EFP\/ENG), grabaci\u00f3n, teatro microfon\u00eda en escenario, TV, cine y producci\u00f3n de video, chapado en oro, patr\u00f3n polar hipercardioide, rango de frecuencia de 20 a 20,000 Hz, terminado negro mate, peso neto: 25 gramos.\" \/>\n<meta name=\"robots\" content=\"index, follow, max-snippet:-1, max-image-preview:large, max-video-preview:-1\" \/>\n<link rel=\"canonical\" href=\"https:\/\/www.mexicanguitarplayers.com\/en\/tienda\/sin%20categor\u00eda\/capsula-akg-p-microfono-ck-63-uls\/\" \/>\n<meta property=\"og:locale\" content=\"en_US\" \/>\n<meta property=\"og:type\" content=\"article\" \/>\n<meta property=\"og:title\" content=\"CAPSULA AKG P\/MICROFONO  CK-63 ULS - Mexican Guitar Players\" \/>\n<meta property=\"og:description\" content=\"C\u00e1psula para micr\u00f3fono, ideal ideal para aplicaciones de broadcast (EFP\/ENG), grabaci\u00f3n, teatro microfon\u00eda en escenario, TV, cine y producci\u00f3n de video, chapado en oro, patr\u00f3n polar hipercardioide, rango de frecuencia de 20 a 20,000 Hz, terminado negro mate, peso neto: 25 gramos.\" \/>\n<meta property=\"og:url\" content=\"https:\/\/www.mexicanguitarplayers.com\/en\/tienda\/sin categor\u00eda\/capsula-akg-p-microfono-ck-63-uls\/\" \/>\n<meta property=\"og:site_name\" content=\"Mexican Guitar Players\" \/>\n<meta property=\"article:modified_time\" content=\"2026-04-10T10:33:10+00:00\" \/>\n<meta name=\"twitter:card\" content=\"summary_large_image\" \/>\n<meta name=\"twitter:label1\" content=\"Est. reading time\" \/>\n\t<meta name=\"twitter:data1\" content=\"1 minute\" \/>\n<script type=\"application\/ld+json\" class=\"yoast-schema-graph\">{\"@context\":\"https:\\\/\\\/schema.org\",\"@graph\":[{\"@type\":[\"WebPage\",\"ItemPage\"],\"@id\":\"https:\\\/\\\/www.mexicanguitarplayers.com\\\/tienda\\\/sin categor\u00eda\\\/capsula-akg-p-microfono-ck-63-uls\\\/\",\"url\":\"https:\\\/\\\/www.mexicanguitarplayers.com\\\/tienda\\\/sin categor\u00eda\\\/capsula-akg-p-microfono-ck-63-uls\\\/\",\"name\":\"CAPSULA AKG P\\\/MICROFONO CK-63 ULS - Mexican Guitar Players\",\"isPartOf\":{\"@id\":\"https:\\\/\\\/www.mexicanguitarplayers.com\\\/#website\"},\"primaryImageOfPage\":{\"@id\":\"https:\\\/\\\/www.mexicanguitarplayers.com\\\/tienda\\\/sin categor\u00eda\\\/capsula-akg-p-microfono-ck-63-uls\\\/#primaryimage\"},\"image\":{\"@id\":\"https:\\\/\\\/www.mexicanguitarplayers.com\\\/tienda\\\/sin categor\u00eda\\\/capsula-akg-p-microfono-ck-63-uls\\\/#primaryimage\"},\"thumbnailUrl\":\"https:\\\/\\\/www.mexicanguitarplayers.com\\\/wp-content\\\/uploads\\\/2025\\\/04\\\/IAAKGCK63ULS.jpg\",\"datePublished\":\"2025-04-09T03:02:19+00:00\",\"dateModified\":\"2026-04-10T10:33:10+00:00\",\"description\":\"C\u00e1psula para micr\u00f3fono, ideal ideal para aplicaciones de broadcast (EFP\\\/ENG), grabaci\u00f3n, teatro microfon\u00eda en escenario, TV, cine y producci\u00f3n de video, chapado en oro, patr\u00f3n polar hipercardioide, rango de frecuencia de 20 a 20,000 Hz, terminado negro mate, peso neto: 25 gramos.\",\"breadcrumb\":{\"@id\":\"https:\\\/\\\/www.mexicanguitarplayers.com\\\/tienda\\\/sin categor\u00eda\\\/capsula-akg-p-microfono-ck-63-uls\\\/#breadcrumb\"},\"inLanguage\":\"en-US\",\"potentialAction\":[{\"@type\":\"ReadAction\",\"target\":[\"https:\\\/\\\/www.mexicanguitarplayers.com\\\/tienda\\\/sin categor\u00eda\\\/capsula-akg-p-microfono-ck-63-uls\\\/\"]}]},{\"@type\":\"ImageObject\",\"inLanguage\":\"en-US\",\"@id\":\"https:\\\/\\\/www.mexicanguitarplayers.com\\\/tienda\\\/sin categor\u00eda\\\/capsula-akg-p-microfono-ck-63-uls\\\/#primaryimage\",\"url\":\"https:\\\/\\\/www.mexicanguitarplayers.com\\\/wp-content\\\/uploads\\\/2025\\\/04\\\/IAAKGCK63ULS.jpg\",\"contentUrl\":\"https:\\\/\\\/www.mexicanguitarplayers.com\\\/wp-content\\\/uploads\\\/2025\\\/04\\\/IAAKGCK63ULS.jpg\",\"width\":1200,\"height\":1200},{\"@type\":\"BreadcrumbList\",\"@id\":\"https:\\\/\\\/www.mexicanguitarplayers.com\\\/tienda\\\/sin categor\u00eda\\\/capsula-akg-p-microfono-ck-63-uls\\\/#breadcrumb\",\"itemListElement\":[{\"@type\":\"ListItem\",\"position\":1,\"name\":\"Portada\",\"item\":\"https:\\\/\\\/www.mexicanguitarplayers.com\\\/\"},{\"@type\":\"ListItem\",\"position\":2,\"name\":\"Tienda\",\"item\":\"https:\\\/\\\/www.mexicanguitarplayers.com\\\/tienda\\\/\"},{\"@type\":\"ListItem\",\"position\":3,\"name\":\"CAPSULA AKG P\\\/MICROFONO CK-63 ULS\"}]},{\"@type\":\"WebSite\",\"@id\":\"https:\\\/\\\/www.mexicanguitarplayers.com\\\/#website\",\"url\":\"https:\\\/\\\/www.mexicanguitarplayers.com\\\/\",\"name\":\"Mexican Guitar Players\",\"description\":\"Website\",\"publisher\":{\"@id\":\"https:\\\/\\\/www.mexicanguitarplayers.com\\\/#organization\"},\"potentialAction\":[{\"@type\":\"SearchAction\",\"target\":{\"@type\":\"EntryPoint\",\"urlTemplate\":\"https:\\\/\\\/www.mexicanguitarplayers.com\\\/?s={search_term_string}\"},\"query-input\":{\"@type\":\"PropertyValueSpecification\",\"valueRequired\":true,\"valueName\":\"search_term_string\"}}],\"inLanguage\":\"en-US\"},{\"@type\":\"Organization\",\"@id\":\"https:\\\/\\\/www.mexicanguitarplayers.com\\\/#organization\",\"name\":\"Mexican Guitar Players\",\"url\":\"https:\\\/\\\/www.mexicanguitarplayers.com\\\/\",\"logo\":{\"@type\":\"ImageObject\",\"inLanguage\":\"en-US\",\"@id\":\"https:\\\/\\\/www.mexicanguitarplayers.com\\\/#\\\/schema\\\/logo\\\/image\\\/\",\"url\":\"\",\"contentUrl\":\"\",\"caption\":\"Mexican Guitar Players\"},\"image\":{\"@id\":\"https:\\\/\\\/www.mexicanguitarplayers.com\\\/#\\\/schema\\\/logo\\\/image\\\/\"}}]}<\/script>\n<!-- \/ Yoast SEO plugin. -->","yoast_head_json":{"title":"CAPSULA AKG P\/MICROFONO  CK-63 ULS - Mexican Guitar Players","description":"C\u00e1psula para micr\u00f3fono, ideal ideal para aplicaciones de broadcast (EFP\/ENG), grabaci\u00f3n, teatro microfon\u00eda en escenario, TV, cine y producci\u00f3n de video, chapado en oro, patr\u00f3n polar hipercardioide, rango de frecuencia de 20 a 20,000 Hz, terminado negro mate, peso neto: 25 gramos.","robots":{"index":"index","follow":"follow","max-snippet":"max-snippet:-1","max-image-preview":"max-image-preview:large","max-video-preview":"max-video-preview:-1"},"canonical":"https:\/\/www.mexicanguitarplayers.com\/en\/tienda\/sin categor\u00eda\/capsula-akg-p-microfono-ck-63-uls\/","og_locale":"en_US","og_type":"article","og_title":"CAPSULA AKG P\/MICROFONO  CK-63 ULS - Mexican Guitar Players","og_description":"C\u00e1psula para micr\u00f3fono, ideal ideal para aplicaciones de broadcast (EFP\/ENG), grabaci\u00f3n, teatro microfon\u00eda en escenario, TV, cine y producci\u00f3n de video, chapado en oro, patr\u00f3n polar hipercardioide, rango de frecuencia de 20 a 20,000 Hz, terminado negro mate, peso neto: 25 gramos.","og_url":"https:\/\/www.mexicanguitarplayers.com\/en\/tienda\/sin categor\u00eda\/capsula-akg-p-microfono-ck-63-uls\/","og_site_name":"Mexican Guitar Players","article_modified_time":"2026-04-10T10:33:10+00:00","twitter_card":"summary_large_image","twitter_misc":{"Est. reading time":"1 minute"},"schema":{"@context":"https:\/\/schema.org","@graph":[{"@type":["WebPage","ItemPage"],"@id":"https:\/\/www.mexicanguitarplayers.com\/tienda\/sin categor\u00eda\/capsula-akg-p-microfono-ck-63-uls\/","url":"https:\/\/www.mexicanguitarplayers.com\/tienda\/sin categor\u00eda\/capsula-akg-p-microfono-ck-63-uls\/","name":"CAPSULA AKG P\/MICROFONO CK-63 ULS - Mexican Guitar Players","isPartOf":{"@id":"https:\/\/www.mexicanguitarplayers.com\/#website"},"primaryImageOfPage":{"@id":"https:\/\/www.mexicanguitarplayers.com\/tienda\/sin categor\u00eda\/capsula-akg-p-microfono-ck-63-uls\/#primaryimage"},"image":{"@id":"https:\/\/www.mexicanguitarplayers.com\/tienda\/sin categor\u00eda\/capsula-akg-p-microfono-ck-63-uls\/#primaryimage"},"thumbnailUrl":"https:\/\/www.mexicanguitarplayers.com\/wp-content\/uploads\/2025\/04\/IAAKGCK63ULS.jpg","datePublished":"2025-04-09T03:02:19+00:00","dateModified":"2026-04-10T10:33:10+00:00","description":"C\u00e1psula para micr\u00f3fono, ideal ideal para aplicaciones de broadcast (EFP\/ENG), grabaci\u00f3n, teatro microfon\u00eda en escenario, TV, cine y producci\u00f3n de video, chapado en oro, patr\u00f3n polar hipercardioide, rango de frecuencia de 20 a 20,000 Hz, terminado negro mate, peso neto: 25 gramos.","breadcrumb":{"@id":"https:\/\/www.mexicanguitarplayers.com\/tienda\/sin categor\u00eda\/capsula-akg-p-microfono-ck-63-uls\/#breadcrumb"},"inLanguage":"en-US","potentialAction":[{"@type":"ReadAction","target":["https:\/\/www.mexicanguitarplayers.com\/tienda\/sin categor\u00eda\/capsula-akg-p-microfono-ck-63-uls\/"]}]},{"@type":"ImageObject","inLanguage":"en-US","@id":"https:\/\/www.mexicanguitarplayers.com\/tienda\/sin categor\u00eda\/capsula-akg-p-microfono-ck-63-uls\/#primaryimage","url":"https:\/\/www.mexicanguitarplayers.com\/wp-content\/uploads\/2025\/04\/IAAKGCK63ULS.jpg","contentUrl":"https:\/\/www.mexicanguitarplayers.com\/wp-content\/uploads\/2025\/04\/IAAKGCK63ULS.jpg","width":1200,"height":1200},{"@type":"BreadcrumbList","@id":"https:\/\/www.mexicanguitarplayers.com\/tienda\/sin categor\u00eda\/capsula-akg-p-microfono-ck-63-uls\/#breadcrumb","itemListElement":[{"@type":"ListItem","position":1,"name":"Portada","item":"https:\/\/www.mexicanguitarplayers.com\/"},{"@type":"ListItem","position":2,"name":"Tienda","item":"https:\/\/www.mexicanguitarplayers.com\/tienda\/"},{"@type":"ListItem","position":3,"name":"CAPSULA AKG P\/MICROFONO CK-63 ULS"}]},{"@type":"WebSite","@id":"https:\/\/www.mexicanguitarplayers.com\/#website","url":"https:\/\/www.mexicanguitarplayers.com\/","name":"Mexican Guitar Players","description":"Website","publisher":{"@id":"https:\/\/www.mexicanguitarplayers.com\/#organization"},"potentialAction":[{"@type":"SearchAction","target":{"@type":"EntryPoint","urlTemplate":"https:\/\/www.mexicanguitarplayers.com\/?s={search_term_string}"},"query-input":{"@type":"PropertyValueSpecification","valueRequired":true,"valueName":"search_term_string"}}],"inLanguage":"en-US"},{"@type":"Organization","@id":"https:\/\/www.mexicanguitarplayers.com\/#organization","name":"Mexican Guitar Players","url":"https:\/\/www.mexicanguitarplayers.com\/","logo":{"@type":"ImageObject","inLanguage":"en-US","@id":"https:\/\/www.mexicanguitarplayers.com\/#\/schema\/logo\/image\/","url":"","contentUrl":"","caption":"Mexican Guitar Players"},"image":{"@id":"https:\/\/www.mexicanguitarplayers.com\/#\/schema\/logo\/image\/"}}]}},"brands":[{"id":528,"name":"AKG","slug":"akg"}],"_links":{"self":[{"href":"https:\/\/www.mexicanguitarplayers.com\/en\/wp-json\/wp\/v2\/product\/32641","targetHints":{"allow":["GET"]}}],"collection":[{"href":"https:\/\/www.mexicanguitarplayers.com\/en\/wp-json\/wp\/v2\/product"}],"about":[{"href":"https:\/\/www.mexicanguitarplayers.com\/en\/wp-json\/wp\/v2\/types\/product"}],"replies":[{"embeddable":true,"href":"https:\/\/www.mexicanguitarplayers.com\/en\/wp-json\/wp\/v2\/comments?post=32641"}],"wp:featuredmedia":[{"embeddable":true,"href":"https:\/\/www.mexicanguitarplayers.com\/en\/wp-json\/wp\/v2\/media\/32640"}],"wp:attachment":[{"href":"https:\/\/www.mexicanguitarplayers.com\/en\/wp-json\/wp\/v2\/media?parent=32641"}],"wp:term":[{"taxonomy":"pwb-brand","embeddable":true,"href":"https:\/\/www.mexicanguitarplayers.com\/en\/wp-json\/wp\/v2\/pwb-brand?post=32641"},{"taxonomy":"product_brand","embeddable":true,"href":"https:\/\/www.mexicanguitarplayers.com\/en\/wp-json\/wp\/v2\/product_brand?post=32641"},{"taxonomy":"product_cat","embeddable":true,"href":"https:\/\/www.mexicanguitarplayers.com\/en\/wp-json\/wp\/v2\/product_cat?post=32641"},{"taxonomy":"product_tag","embeddable":true,"href":"https:\/\/www.mexicanguitarplayers.com\/en\/wp-json\/wp\/v2\/product_tag?post=32641"}],"curies":[{"name":"wp","href":"https:\/\/api.w.org\/{rel}","templated":true}]}}