{"id":32651,"date":"2025-04-08T21:02:33","date_gmt":"2025-04-09T03:02:33","guid":{"rendered":"https:\/\/www.mexicanguitarplayers.com\/tienda\/sin categor\u00eda\/guitarra-washburn-texana-mod-ad5k-c-estuche\/"},"modified":"2026-04-15T04:19:24","modified_gmt":"2026-04-15T10:19:24","slug":"guitarra-washburn-texana-mod-ad5k-c-estuche","status":"publish","type":"product","link":"https:\/\/www.mexicanguitarplayers.com\/en\/tienda\/cuerdas\/guitarras-cuerdas\/acusticas\/guitarras-acusticas\/guitarra-washburn-texana-mod-ad5k-c-estuche\/","title":{"rendered":"GUITARRA WASHBURN TEXANA  MOD.AD5K C\/ESTUCHE"},"content":{"rendered":"<div style=\"text-align: justify\">\n<div>\n<h3>La mejor manera de iniciar tu viaje musical.<\/h3>\n<\/div>\n<div>Cada viaje comienza en alg\u00fan lugar y Apprentice D5 es un lugar confiable para comenzar. La experiencia de Washburn te asegura que obtendr\u00e1s una guitarra con el equilibrio perfecto entre estabilidad, tono y est\u00e9tica. Cuenta con una tapa de abeto de primera calidad con aros y fondo de caoba para un tono completo y rico. Aquellos que buscan una guitarra que suene bien, se vea bien, se pueda tocar bien y que funcione bien a medida que progresen, encontrar\u00e1n que la serie Apprentice se adapta perfectamente a ellos. Cuando uno comienza su viaje, es esencial proteger tu guitarra contra golpes y rasgu\u00f1os. Es por eso que la Apprentice D5 viene con un estuche r\u00edgido incluido.<\/div>\n<div>\n<h4>Quick look<\/h4>\n<\/div>\n<ul style=\"margin: 0px 0px 0px 25px\">\n<li style=\"list-style-type: circle;margin: 5px\">Cuerpo dreadnought.<\/li>\n<li style=\"list-style-type: circle;margin: 5px\">Una guitarra en la que puedes confiar.<\/li>\n<li style=\"list-style-type: circle;margin: 5px\">Kind.<\/li>\n<li style=\"list-style-type: circle;margin: 5px\">Forma del cuerpo.<\/li>\n<li style=\"list-style-type: circle;margin: 5px\">Material de la tapa.<\/li>\n<li style=\"list-style-type: circle;margin: 5px\">Material de los aros.<\/li>\n<li style=\"list-style-type: circle;margin: 5px\">Material del fondo.<\/li>\n<li style=\"list-style-type: circle;margin: 5px\">Reinforcement.<\/li>\n<li style=\"list-style-type: circle;margin: 5px\">Rosette<\/li>\n<li style=\"list-style-type: circle;margin: 5px\">Color.<\/li>\n<li style=\"list-style-type: circle;margin: 5px\">Terminado.<\/li>\n<li style=\"list-style-type: circle;margin: 5px\">Material del brazo.<\/li>\n<li style=\"list-style-type: circle;margin: 5px\">Material del diapas\u00f3n.<\/li>\n<li style=\"list-style-type: circle;margin: 5px\">Frets<\/li>\n<li style=\"list-style-type: circle;margin: 5px\">Scale.<\/li>\n<li style=\"list-style-type: circle;margin: 5px\">Nut.<\/li>\n<li style=\"list-style-type: circle;margin: 5px\">Ancho de la cejuela.<\/li>\n<li style=\"list-style-type: circle;margin: 5px\">Scale.<\/li>\n<li style=\"list-style-type: circle;margin: 5px\">Hardware.<\/li>\n<li style=\"list-style-type: circle;margin: 5px\">Bridge.<\/li>\n<li style=\"list-style-type: circle;margin: 5px\">Afinadores.<\/li>\n<li style=\"list-style-type: circle;margin: 5px\">Strings<\/li>\n<li style=\"list-style-type: circle;margin: 5px\">Accessories included.<\/li>\n<\/ul>\n<div>\n<div style=\"font-weight: bold\">Cuerpo dreadnought.<\/div>\n<div>\n<p>El cuerpo dreadnought es conocido por su sonido audaz y robusto. Si buscas volumen para sobresalir en el jam, la guitarra Dreadnought es para ti.<\/p>\n<\/div>\n<div style=\"font-weight: bold\">Una guitarra en la que puedes confiar.<\/div>\n<div>\n<p>Washburn existe desde 1883 y es una de las marcas m\u00e1s antiguas de la industria. Sabemos c\u00f3mo hacer guitarras. La l\u00ednea de instrumentos Apprentice se destila hasta lo que deber\u00eda ser una gran guitarra antes de convertirse en un objeto con forma de guitarra. En una Apprentice puedes confiar en que tocas con un equilibrio perfecto de estabilidad, sonido y est\u00e9tica. Un lugar perfecto para comenzar.<\/p>\n<\/div>\n<div style=\"font-weight: bold\">Kind.<\/div>\n<div>\n<p>Guitarra ac\u00fastica.<\/p>\n<\/div>\n<div style=\"font-weight: bold\">Forma del cuerpo.<\/div>\n<div>\n<p>Dreadnought.<\/p>\n<\/div>\n<div style=\"font-weight: bold\">Material de la tapa.<\/div>\n<div>\n<p>Fir tree.<\/p>\n<\/div>\n<div style=\"font-weight: bold\">Material de los aros.<\/div>\n<div>\n<p>Mahogany.<\/p>\n<\/div>\n<div style=\"font-weight: bold\">Material del fondo.<\/div>\n<div>\n<p>Mahogany.<\/p>\n<\/div>\n<div style=\"font-weight: bold\">Reinforcement.<\/div>\n<div>\n<p>Arriostramiento festoneado aserrado en cuartos.<\/p>\n<\/div>\n<div style=\"font-weight: bold\">Rosette<\/div>\n<div>\n<p>Washburn Heritage.<\/p>\n<\/div>\n<div style=\"font-weight: bold\">Color.<\/div>\n<div>\n<p>Natural.<\/p>\n<\/div>\n<div style=\"font-weight: bold\">Terminado.<\/div>\n<div>\n<p>Brillante.<\/p>\n<\/div>\n<div style=\"font-weight: bold\">Material del brazo.<\/div>\n<div>\n<p>Mahogany.<\/p>\n<\/div>\n<div style=\"font-weight: bold\">Material del diapas\u00f3n.<\/div>\n<div>\n<p>Madera tratada.<\/p>\n<\/div>\n<div style=\"font-weight: bold\">Frets<\/div>\n<div>\n<p>20 frets.<\/p>\n<\/div>\n<div style=\"font-weight: bold\">Scale.<\/div>\n<div>\n<p>Points.<\/p>\n<\/div>\n<div style=\"font-weight: bold\">Nut.<\/div>\n<div>\n<p>Pl\u00e1stico.<\/p>\n<\/div>\n<div style=\"font-weight: bold\">Ancho de la cejuela.<\/div>\n<div>\n<p>1-11\/16&#8243;.<\/p>\n<\/div>\n<div style=\"font-weight: bold\">Scale.<\/div>\n<div>\n<p>25-1\/2&#8243;.<\/p>\n<\/div>\n<div style=\"font-weight: bold\">Hardware.<\/div>\n<div>\n<p>Cromado.<\/p>\n<\/div>\n<div style=\"font-weight: bold\">Bridge.<\/div>\n<div>\n<p>Madera tratada.<\/p>\n<\/div>\n<div style=\"font-weight: bold\">Afinadores.<\/div>\n<div>\n<p>Cromados diecast.<\/p>\n<\/div>\n<div style=\"font-weight: bold\">Strings<\/div>\n<div>\n<p>D&#8217;Addario EXP-16 light set phospher bronze.<\/p>\n<\/div>\n<div style=\"font-weight: bold\">Accessories included.<\/div>\n<div>\n<p>Estuche r\u00edgido.<\/p>\n<\/div>\n<\/div>\n<\/div>","protected":false},"excerpt":{"rendered":"<p>Guitarra ac\u00fastica dreadnought, tapa de abeto, aros y fondo de caoba, roseta Washburn Heritage, color natural, terminado brillante, brazo de caoba, diapas\u00f3n de madera tratada, 20 trastes, incrustaciones de puntos, cejuela de pl\u00e1stico, escala: 25-1\/2\u201d, hardware cromado, puente de madera tratada, afinadores cromados diecast, cuerdas D&#8217;Addario EXP-16 light set phospher bronze, incluye estuche r\u00edgido.&hellip; <a class=\"kt-excerpt-readmore more-link\" href=\"https:\/\/www.mexicanguitarplayers.com\/en\/tienda\/cuerdas\/guitarras-cuerdas\/acusticas\/guitarras-acusticas\/guitarra-washburn-texana-mod-ad5k-c-estuche\/\">Read more<\/a><\/p>","protected":false},"featured_media":32642,"comment_status":"open","ping_status":"closed","template":"","meta":{"kt_blocks_editor_width":""},"pwb-brand":[178],"product_brand":[],"product_cat":[315,224,312,327],"product_tag":[],"class_list":{"0":"post-32651","1":"product","2":"type-product","3":"status-publish","4":"has-post-thumbnail","6":"pwb-brand-washburn","7":"product_cat-acusticas","8":"product_cat-cuerdas","9":"product_cat-guitarras-cuerdas","10":"product_cat-guitarras-acusticas","11":"product_shipping_class-0-5-kg","13":"first","14":"instock","15":"taxable","16":"shipping-taxable","17":"purchasable","18":"product-type-simple"},"yoast_head":"<!-- This site is optimized with the Yoast SEO plugin v27.5 - https:\/\/yoast.com\/product\/yoast-seo-wordpress\/ -->\n<title>GUITARRA WASHBURN TEXANA MOD.AD5K C\/ESTUCHE - Mexican Guitar Players<\/title>\n<meta name=\"description\" content=\"Guitarra ac\u00fastica dreadnought, tapa de abeto, aros y fondo de caoba, roseta Washburn Heritage, color natural, terminado brillante, brazo de caoba, diapas\u00f3n de madera tratada, 20 trastes, incrustaciones de puntos, cejuela de pl\u00e1stico, escala: 25-1\/2\u201d, hardware cromado, puente de madera tratada, afinadores cromados diecast, cuerdas D&#039;Addario EXP-16 light set phospher bronze, incluye estuche r\u00edgido.\" \/>\n<meta name=\"robots\" content=\"index, follow, max-snippet:-1, max-image-preview:large, max-video-preview:-1\" \/>\n<link rel=\"canonical\" href=\"https:\/\/www.mexicanguitarplayers.com\/en\/tienda\/sin%20categor\u00eda\/guitarra-washburn-texana-mod-ad5k-c-estuche\/\" \/>\n<meta property=\"og:locale\" content=\"en_US\" \/>\n<meta property=\"og:type\" content=\"article\" \/>\n<meta property=\"og:title\" content=\"GUITARRA WASHBURN TEXANA MOD.AD5K C\/ESTUCHE - Mexican Guitar Players\" \/>\n<meta property=\"og:description\" content=\"Guitarra ac\u00fastica dreadnought, tapa de abeto, aros y fondo de caoba, roseta Washburn Heritage, color natural, terminado brillante, brazo de caoba, diapas\u00f3n de madera tratada, 20 trastes, incrustaciones de puntos, cejuela de pl\u00e1stico, escala: 25-1\/2\u201d, hardware cromado, puente de madera tratada, afinadores cromados diecast, cuerdas D&#039;Addario EXP-16 light set phospher bronze, incluye estuche r\u00edgido.\" \/>\n<meta property=\"og:url\" content=\"https:\/\/www.mexicanguitarplayers.com\/en\/tienda\/sin categor\u00eda\/guitarra-washburn-texana-mod-ad5k-c-estuche\/\" \/>\n<meta property=\"og:site_name\" content=\"Mexican Guitar Players\" \/>\n<meta property=\"article:modified_time\" content=\"2026-04-15T10:19:24+00:00\" \/>\n<meta name=\"twitter:card\" content=\"summary_large_image\" \/>\n<meta name=\"twitter:label1\" content=\"Est. reading time\" \/>\n\t<meta name=\"twitter:data1\" content=\"2 minutes\" \/>\n<script type=\"application\/ld+json\" class=\"yoast-schema-graph\">{\"@context\":\"https:\\\/\\\/schema.org\",\"@graph\":[{\"@type\":[\"WebPage\",\"ItemPage\"],\"@id\":\"https:\\\/\\\/www.mexicanguitarplayers.com\\\/tienda\\\/sin categor\u00eda\\\/guitarra-washburn-texana-mod-ad5k-c-estuche\\\/\",\"url\":\"https:\\\/\\\/www.mexicanguitarplayers.com\\\/tienda\\\/sin categor\u00eda\\\/guitarra-washburn-texana-mod-ad5k-c-estuche\\\/\",\"name\":\"GUITARRA WASHBURN TEXANA MOD.AD5K C\\\/ESTUCHE - Mexican Guitar Players\",\"isPartOf\":{\"@id\":\"https:\\\/\\\/www.mexicanguitarplayers.com\\\/#website\"},\"primaryImageOfPage\":{\"@id\":\"https:\\\/\\\/www.mexicanguitarplayers.com\\\/tienda\\\/sin categor\u00eda\\\/guitarra-washburn-texana-mod-ad5k-c-estuche\\\/#primaryimage\"},\"image\":{\"@id\":\"https:\\\/\\\/www.mexicanguitarplayers.com\\\/tienda\\\/sin categor\u00eda\\\/guitarra-washburn-texana-mod-ad5k-c-estuche\\\/#primaryimage\"},\"thumbnailUrl\":\"https:\\\/\\\/www.mexicanguitarplayers.com\\\/wp-content\\\/uploads\\\/2025\\\/04\\\/ISWASAD5K.jpg\",\"datePublished\":\"2025-04-09T03:02:33+00:00\",\"dateModified\":\"2026-04-15T10:19:24+00:00\",\"description\":\"Guitarra ac\u00fastica dreadnought, tapa de abeto, aros y fondo de caoba, roseta Washburn Heritage, color natural, terminado brillante, brazo de caoba, diapas\u00f3n de madera tratada, 20 trastes, incrustaciones de puntos, cejuela de pl\u00e1stico, escala: 25-1\\\/2\u201d, hardware cromado, puente de madera tratada, afinadores cromados diecast, cuerdas D'Addario EXP-16 light set phospher bronze, incluye estuche r\u00edgido.\",\"breadcrumb\":{\"@id\":\"https:\\\/\\\/www.mexicanguitarplayers.com\\\/tienda\\\/sin categor\u00eda\\\/guitarra-washburn-texana-mod-ad5k-c-estuche\\\/#breadcrumb\"},\"inLanguage\":\"en-US\",\"potentialAction\":[{\"@type\":\"ReadAction\",\"target\":[\"https:\\\/\\\/www.mexicanguitarplayers.com\\\/tienda\\\/sin categor\u00eda\\\/guitarra-washburn-texana-mod-ad5k-c-estuche\\\/\"]}]},{\"@type\":\"ImageObject\",\"inLanguage\":\"en-US\",\"@id\":\"https:\\\/\\\/www.mexicanguitarplayers.com\\\/tienda\\\/sin categor\u00eda\\\/guitarra-washburn-texana-mod-ad5k-c-estuche\\\/#primaryimage\",\"url\":\"https:\\\/\\\/www.mexicanguitarplayers.com\\\/wp-content\\\/uploads\\\/2025\\\/04\\\/ISWASAD5K.jpg\",\"contentUrl\":\"https:\\\/\\\/www.mexicanguitarplayers.com\\\/wp-content\\\/uploads\\\/2025\\\/04\\\/ISWASAD5K.jpg\",\"width\":800,\"height\":1600},{\"@type\":\"BreadcrumbList\",\"@id\":\"https:\\\/\\\/www.mexicanguitarplayers.com\\\/tienda\\\/sin categor\u00eda\\\/guitarra-washburn-texana-mod-ad5k-c-estuche\\\/#breadcrumb\",\"itemListElement\":[{\"@type\":\"ListItem\",\"position\":1,\"name\":\"Portada\",\"item\":\"https:\\\/\\\/www.mexicanguitarplayers.com\\\/\"},{\"@type\":\"ListItem\",\"position\":2,\"name\":\"Tienda\",\"item\":\"https:\\\/\\\/www.mexicanguitarplayers.com\\\/tienda\\\/\"},{\"@type\":\"ListItem\",\"position\":3,\"name\":\"GUITARRA WASHBURN TEXANA MOD.AD5K C\\\/ESTUCHE\"}]},{\"@type\":\"WebSite\",\"@id\":\"https:\\\/\\\/www.mexicanguitarplayers.com\\\/#website\",\"url\":\"https:\\\/\\\/www.mexicanguitarplayers.com\\\/\",\"name\":\"Mexican Guitar Players\",\"description\":\"Website\",\"publisher\":{\"@id\":\"https:\\\/\\\/www.mexicanguitarplayers.com\\\/#organization\"},\"potentialAction\":[{\"@type\":\"SearchAction\",\"target\":{\"@type\":\"EntryPoint\",\"urlTemplate\":\"https:\\\/\\\/www.mexicanguitarplayers.com\\\/?s={search_term_string}\"},\"query-input\":{\"@type\":\"PropertyValueSpecification\",\"valueRequired\":true,\"valueName\":\"search_term_string\"}}],\"inLanguage\":\"en-US\"},{\"@type\":\"Organization\",\"@id\":\"https:\\\/\\\/www.mexicanguitarplayers.com\\\/#organization\",\"name\":\"Mexican Guitar Players\",\"url\":\"https:\\\/\\\/www.mexicanguitarplayers.com\\\/\",\"logo\":{\"@type\":\"ImageObject\",\"inLanguage\":\"en-US\",\"@id\":\"https:\\\/\\\/www.mexicanguitarplayers.com\\\/#\\\/schema\\\/logo\\\/image\\\/\",\"url\":\"\",\"contentUrl\":\"\",\"caption\":\"Mexican Guitar Players\"},\"image\":{\"@id\":\"https:\\\/\\\/www.mexicanguitarplayers.com\\\/#\\\/schema\\\/logo\\\/image\\\/\"}}]}<\/script>\n<!-- \/ Yoast SEO plugin. -->","yoast_head_json":{"title":"GUITARRA WASHBURN TEXANA MOD.AD5K C\/ESTUCHE - Mexican Guitar Players","description":"Guitarra ac\u00fastica dreadnought, tapa de abeto, aros y fondo de caoba, roseta Washburn Heritage, color natural, terminado brillante, brazo de caoba, diapas\u00f3n de madera tratada, 20 trastes, incrustaciones de puntos, cejuela de pl\u00e1stico, escala: 25-1\/2\u201d, hardware cromado, puente de madera tratada, afinadores cromados diecast, cuerdas D'Addario EXP-16 light set phospher bronze, incluye estuche r\u00edgido.","robots":{"index":"index","follow":"follow","max-snippet":"max-snippet:-1","max-image-preview":"max-image-preview:large","max-video-preview":"max-video-preview:-1"},"canonical":"https:\/\/www.mexicanguitarplayers.com\/en\/tienda\/sin categor\u00eda\/guitarra-washburn-texana-mod-ad5k-c-estuche\/","og_locale":"en_US","og_type":"article","og_title":"GUITARRA WASHBURN TEXANA MOD.AD5K C\/ESTUCHE - Mexican Guitar Players","og_description":"Guitarra ac\u00fastica dreadnought, tapa de abeto, aros y fondo de caoba, roseta Washburn Heritage, color natural, terminado brillante, brazo de caoba, diapas\u00f3n de madera tratada, 20 trastes, incrustaciones de puntos, cejuela de pl\u00e1stico, escala: 25-1\/2\u201d, hardware cromado, puente de madera tratada, afinadores cromados diecast, cuerdas D'Addario EXP-16 light set phospher bronze, incluye estuche r\u00edgido.","og_url":"https:\/\/www.mexicanguitarplayers.com\/en\/tienda\/sin categor\u00eda\/guitarra-washburn-texana-mod-ad5k-c-estuche\/","og_site_name":"Mexican Guitar Players","article_modified_time":"2026-04-15T10:19:24+00:00","twitter_card":"summary_large_image","twitter_misc":{"Est. reading time":"2 minutes"},"schema":{"@context":"https:\/\/schema.org","@graph":[{"@type":["WebPage","ItemPage"],"@id":"https:\/\/www.mexicanguitarplayers.com\/tienda\/sin categor\u00eda\/guitarra-washburn-texana-mod-ad5k-c-estuche\/","url":"https:\/\/www.mexicanguitarplayers.com\/tienda\/sin categor\u00eda\/guitarra-washburn-texana-mod-ad5k-c-estuche\/","name":"GUITARRA WASHBURN TEXANA MOD.AD5K C\/ESTUCHE - Mexican Guitar Players","isPartOf":{"@id":"https:\/\/www.mexicanguitarplayers.com\/#website"},"primaryImageOfPage":{"@id":"https:\/\/www.mexicanguitarplayers.com\/tienda\/sin categor\u00eda\/guitarra-washburn-texana-mod-ad5k-c-estuche\/#primaryimage"},"image":{"@id":"https:\/\/www.mexicanguitarplayers.com\/tienda\/sin categor\u00eda\/guitarra-washburn-texana-mod-ad5k-c-estuche\/#primaryimage"},"thumbnailUrl":"https:\/\/www.mexicanguitarplayers.com\/wp-content\/uploads\/2025\/04\/ISWASAD5K.jpg","datePublished":"2025-04-09T03:02:33+00:00","dateModified":"2026-04-15T10:19:24+00:00","description":"Guitarra ac\u00fastica dreadnought, tapa de abeto, aros y fondo de caoba, roseta Washburn Heritage, color natural, terminado brillante, brazo de caoba, diapas\u00f3n de madera tratada, 20 trastes, incrustaciones de puntos, cejuela de pl\u00e1stico, escala: 25-1\/2\u201d, hardware cromado, puente de madera tratada, afinadores cromados diecast, cuerdas D'Addario EXP-16 light set phospher bronze, incluye estuche r\u00edgido.","breadcrumb":{"@id":"https:\/\/www.mexicanguitarplayers.com\/tienda\/sin categor\u00eda\/guitarra-washburn-texana-mod-ad5k-c-estuche\/#breadcrumb"},"inLanguage":"en-US","potentialAction":[{"@type":"ReadAction","target":["https:\/\/www.mexicanguitarplayers.com\/tienda\/sin categor\u00eda\/guitarra-washburn-texana-mod-ad5k-c-estuche\/"]}]},{"@type":"ImageObject","inLanguage":"en-US","@id":"https:\/\/www.mexicanguitarplayers.com\/tienda\/sin categor\u00eda\/guitarra-washburn-texana-mod-ad5k-c-estuche\/#primaryimage","url":"https:\/\/www.mexicanguitarplayers.com\/wp-content\/uploads\/2025\/04\/ISWASAD5K.jpg","contentUrl":"https:\/\/www.mexicanguitarplayers.com\/wp-content\/uploads\/2025\/04\/ISWASAD5K.jpg","width":800,"height":1600},{"@type":"BreadcrumbList","@id":"https:\/\/www.mexicanguitarplayers.com\/tienda\/sin categor\u00eda\/guitarra-washburn-texana-mod-ad5k-c-estuche\/#breadcrumb","itemListElement":[{"@type":"ListItem","position":1,"name":"Portada","item":"https:\/\/www.mexicanguitarplayers.com\/"},{"@type":"ListItem","position":2,"name":"Tienda","item":"https:\/\/www.mexicanguitarplayers.com\/tienda\/"},{"@type":"ListItem","position":3,"name":"GUITARRA WASHBURN TEXANA MOD.AD5K C\/ESTUCHE"}]},{"@type":"WebSite","@id":"https:\/\/www.mexicanguitarplayers.com\/#website","url":"https:\/\/www.mexicanguitarplayers.com\/","name":"Mexican Guitar Players","description":"Website","publisher":{"@id":"https:\/\/www.mexicanguitarplayers.com\/#organization"},"potentialAction":[{"@type":"SearchAction","target":{"@type":"EntryPoint","urlTemplate":"https:\/\/www.mexicanguitarplayers.com\/?s={search_term_string}"},"query-input":{"@type":"PropertyValueSpecification","valueRequired":true,"valueName":"search_term_string"}}],"inLanguage":"en-US"},{"@type":"Organization","@id":"https:\/\/www.mexicanguitarplayers.com\/#organization","name":"Mexican Guitar Players","url":"https:\/\/www.mexicanguitarplayers.com\/","logo":{"@type":"ImageObject","inLanguage":"en-US","@id":"https:\/\/www.mexicanguitarplayers.com\/#\/schema\/logo\/image\/","url":"","contentUrl":"","caption":"Mexican Guitar Players"},"image":{"@id":"https:\/\/www.mexicanguitarplayers.com\/#\/schema\/logo\/image\/"}}]}},"brands":[{"id":178,"name":"WASHBURN","slug":"washburn"}],"_links":{"self":[{"href":"https:\/\/www.mexicanguitarplayers.com\/en\/wp-json\/wp\/v2\/product\/32651","targetHints":{"allow":["GET"]}}],"collection":[{"href":"https:\/\/www.mexicanguitarplayers.com\/en\/wp-json\/wp\/v2\/product"}],"about":[{"href":"https:\/\/www.mexicanguitarplayers.com\/en\/wp-json\/wp\/v2\/types\/product"}],"replies":[{"embeddable":true,"href":"https:\/\/www.mexicanguitarplayers.com\/en\/wp-json\/wp\/v2\/comments?post=32651"}],"wp:featuredmedia":[{"embeddable":true,"href":"https:\/\/www.mexicanguitarplayers.com\/en\/wp-json\/wp\/v2\/media\/32642"}],"wp:attachment":[{"href":"https:\/\/www.mexicanguitarplayers.com\/en\/wp-json\/wp\/v2\/media?parent=32651"}],"wp:term":[{"taxonomy":"pwb-brand","embeddable":true,"href":"https:\/\/www.mexicanguitarplayers.com\/en\/wp-json\/wp\/v2\/pwb-brand?post=32651"},{"taxonomy":"product_brand","embeddable":true,"href":"https:\/\/www.mexicanguitarplayers.com\/en\/wp-json\/wp\/v2\/product_brand?post=32651"},{"taxonomy":"product_cat","embeddable":true,"href":"https:\/\/www.mexicanguitarplayers.com\/en\/wp-json\/wp\/v2\/product_cat?post=32651"},{"taxonomy":"product_tag","embeddable":true,"href":"https:\/\/www.mexicanguitarplayers.com\/en\/wp-json\/wp\/v2\/product_tag?post=32651"}],"curies":[{"name":"wp","href":"https:\/\/api.w.org\/{rel}","templated":true}]}}