{"id":32656,"date":"2025-04-08T21:02:39","date_gmt":"2025-04-09T03:02:39","guid":{"rendered":"https:\/\/www.mexicanguitarplayers.com\/tienda\/sin categor\u00eda\/pedal-behringer-mod-octave-divider\/"},"modified":"2026-05-01T07:23:18","modified_gmt":"2026-05-01T13:23:18","slug":"pedal-behringer-mod-octave-divider","status":"publish","type":"product","link":"https:\/\/www.mexicanguitarplayers.com\/en\/tienda\/cuerdas\/efectos\/efectos-individuales\/pedal-behringer-mod-octave-divider\/","title":{"rendered":"PEDAL BEHRINGER MOD. OCTAVE DIVIDER"},"content":{"rendered":"<div style=\"text-align: justify\">\n<div>\n<h3>Divide y vencer\u00e1s.<\/h3>\n<\/div>\n<div>Los m\u00fasicos de la d\u00e9cada de 1970 siempre ten\u00edan alg\u00fan tipo de arma secreta en su configuraci\u00f3n. Algo que encend\u00edan en medio de un solo furioso o un efecto para crear sonidos alucinantes que convert\u00edan las canciones en cl\u00e1sicos instant\u00e1neos. David Gilmour ten\u00eda el Phaser y Hendrix el Octavia. Una de esas armas secretas que definitivamente deber\u00edas tener en tu pedalera es el Behringer Octave Divider. Enciende este beb\u00e9 y crea buenos riffs de jazz con una l\u00ednea de bajo ajustada debajo o agrega ese chisporroteo de agudos que tanto necesitas para tu \u00e9pico solo de guitarra. Incluso se puede usar para agregar un poco m\u00e1s de diversi\u00f3n al bajo, teclado y otros instrumentos. Te estamos mirando, hombre del tri\u00e1ngulo el\u00e9ctrico. El Octave Divider es una aut\u00e9ntica recreaci\u00f3n del popular Octave Divider de los a\u00f1os 70. Cuenta con un efecto de suboctava earth-shaking con sus propios controles Mix y Tone, para que puedas mezclar tu se\u00f1al seca y suboctava o moldear ese tono a tu gusto mientras conservas la din\u00e1mica y los arm\u00f3nicos. El switch Bass Only tambi\u00e9n te permite cortar completamente la se\u00f1al seca dejando solo la sub-octava para que puedas crear tus propias l\u00edneas de bajo complejas sobre la marcha. El Octave Divider trae todas las incre\u00edbles caracter\u00edsticas del dise\u00f1o original de los a\u00f1os 70, adem\u00e1s de algunas modernas que seguramente encajar\u00e1n perfectamente en casa con cualquier pedalera. Tiene que haber algo m\u00e1s que simplemente agregar una se\u00f1al de sub-octava a lo que sea que est\u00e9s tocando, \u00bfverdad? El Octave Divider tiene una incre\u00edble funci\u00f3n Ringer que agrega la cantidad justa de \u00e9nfasis arm\u00f3nico en los tonos superiores y efectos especiales de m\u00faltiples notas a trav\u00e9s de la activaci\u00f3n de un modulador de anillo incorporado. Si te gusta usar Octave Divider para engrosar riffs m\u00e1s complejos o simplemente quieres una l\u00ednea de bajo agradable y ajustada para un legato, activar el switch Stabilize tambi\u00e9n puede ayudar a mejorar el seguimiento de notas. El Octave Divider original tuvo que se conectado a un tomacorriente de pared. Hemos decidido facilitarte mucho la integraci\u00f3n del Octave Divider en tu configuraci\u00f3n moderna, aliment\u00e1ndolo con una potencia est\u00e1ndar de 9-12 volts DC. Tambi\u00e9n puedes estar listo para el concierto porque el Octave Divider tiene una construcci\u00f3n de metal resistente y confiable, hecho para soportar los rigores del uso rudo y el m\u00e1s pesado de los pisotones. Si est\u00e1s buscando el pedal Octave perfecto o simplemente quieres agregar algo nuevo a tu sonido, entonces el pedal Octave Divider de Behringer es la herramienta esencial para dar rienda suelta a tu bestia creativa.<\/div>\n<div>\n<h4>Quick look<\/h4>\n<\/div>\n<ul style=\"margin: 0px 0px 0px 25px\">\n<li style=\"list-style-type: circle;margin: 5px\">Tickets.<\/li>\n<li style=\"list-style-type: circle;margin: 5px\">Departures.<\/li>\n<li style=\"list-style-type: circle;margin: 5px\">Power supply.<\/li>\n<li style=\"list-style-type: circle;margin: 5px\">Energy consumption.<\/li>\n<li style=\"list-style-type: circle;margin: 5px\">Dimensions.<\/li>\n<li style=\"list-style-type: circle;margin: 5px\">Weight.<\/li>\n<\/ul>\n<div>\n<div style=\"font-weight: bold\">Tickets.<\/div>\n<div>\n<p>Instrumento: Jack TS 1\/4&#8243; desbalanceado. Impedancia: 200 kilo-ohms. Nivel de entrada m\u00e1ximo: 1.4 dBu.<\/p>\n<\/div>\n<div style=\"font-weight: bold\">Departures.<\/div>\n<div>\n<p>Amp: Jack TS 1\/4&#8243; desbalanceado. Impedancia: 5.6 kilo-ohms. Nivel de salida m\u00e1ximo: 4.5 dBu. Aux: Jack TS 1\/4&#8243; desbalanceado. Impedancia: 1.8 kilo-ohms. Nivel de salida m\u00e1ximo: -0.2 dBu.<\/p>\n<\/div>\n<div style=\"font-weight: bold\">Power supply.<\/div>\n<div>\n<p>PSU-SB, 9 V DC, 0.67 A.<\/p>\n<\/div>\n<div style=\"font-weight: bold\">Energy consumption.<\/div>\n<div>\n<p>300 mA.<\/p>\n<\/div>\n<div style=\"font-weight: bold\">Dimensions.<\/div>\n<div>\n<p>99 x 174 x 63 mm.<\/p>\n<\/div>\n<div style=\"font-weight: bold\">Weight.<\/div>\n<div>\n<p>0.85 kg.<\/p>\n<\/div>\n<\/div>\n<\/div>","protected":false},"excerpt":{"rendered":"<p>Pedal de efectos divisor an\u00e1logo de octava cl\u00e1sico y ringer, ideal para guitarras, bajos, teclados y otros instrumentos, aut\u00e9ntica recreaci\u00f3n del popular Octave Divider de los a\u00f1os 70, efecto de suboctava earth-shaking para una poderosa creaci\u00f3n de sonido, sorprendente funci\u00f3n Ringer para \u00e9nfasis arm\u00f3nico de tonos superiores y efectos especiales de m\u00faltiples notas, conserva la din\u00e1mica y el contenido arm\u00f3nico de la se\u00f1al original en la sub-octava, switch Bass Only para rango extendido y efectos dram\u00e1ticos, control Mix para mezclar se\u00f1al directa y sub-octava, control de tono definitivo para dar forma al sonido, estabiliza los bloqueos de switches en todas las se\u00f1ales de una sola voz para mejorar el seguimiento de las notas, salida auxiliar para enviar se\u00f1al seca a otros pedales de efectos o amplificador, switch de encendido y LED para indicar el estado de funcionamiento, construcci\u00f3n en metal resistente y fiable, fuente de alimentaci\u00f3n incluida, dimensiones: 99 x 174 x 63 mm, peso: 0.85 kg.&hellip; <a class=\"kt-excerpt-readmore more-link\" href=\"https:\/\/www.mexicanguitarplayers.com\/en\/tienda\/cuerdas\/efectos\/efectos-individuales\/pedal-behringer-mod-octave-divider\/\">Read more<\/a><\/p>","protected":false},"featured_media":32652,"comment_status":"open","ping_status":"closed","template":"","meta":{"kt_blocks_editor_width":""},"pwb-brand":[171],"product_brand":[],"product_cat":[224,241,504],"product_tag":[],"class_list":{"0":"post-32656","1":"product","2":"type-product","3":"status-publish","4":"has-post-thumbnail","6":"pwb-brand-behringer","7":"product_cat-cuerdas","8":"product_cat-efectos","9":"product_cat-efectos-individuales","10":"product_shipping_class-0-5-kg","12":"first","13":"instock","14":"taxable","15":"shipping-taxable","16":"purchasable","17":"product-type-simple"},"yoast_head":"<!-- This site is optimized with the Yoast SEO plugin v27.5 - https:\/\/yoast.com\/product\/yoast-seo-wordpress\/ -->\n<title>PEDAL BEHRINGER MOD. OCTAVE DIVIDER - Mexican Guitar Players<\/title>\n<meta name=\"description\" content=\"Pedal de efectos divisor an\u00e1logo de octava cl\u00e1sico y ringer, ideal para guitarras, bajos, teclados y otros instrumentos, aut\u00e9ntica recreaci\u00f3n del popular Octave Divider de los a\u00f1os 70, efecto de suboctava earth-shaking para una poderosa creaci\u00f3n de sonido, sorprendente funci\u00f3n Ringer para \u00e9nfasis arm\u00f3nico de tonos superiores y efectos especiales de m\u00faltiples notas, conserva la din\u00e1mica y el contenido arm\u00f3nico de la se\u00f1al original en la sub-octava, switch Bass Only para rango extendido y efectos dram\u00e1ticos, control Mix para mezclar se\u00f1al directa y sub-octava, control de tono definitivo para dar forma al sonido, estabiliza los bloqueos de switches en todas las se\u00f1ales de una sola voz para mejorar el seguimiento de las notas, salida auxiliar para enviar se\u00f1al seca a otros pedales de efectos o amplificador, switch de encendido y LED para indicar el estado de funcionamiento, construcci\u00f3n en metal resistente y fiable, fuente de alimentaci\u00f3n incluida, dimensiones: 99 x 174 x 63 mm, peso: 0.85 kg.\" \/>\n<meta name=\"robots\" content=\"index, follow, max-snippet:-1, max-image-preview:large, max-video-preview:-1\" \/>\n<link rel=\"canonical\" href=\"https:\/\/www.mexicanguitarplayers.com\/en\/tienda\/sin%20categor\u00eda\/pedal-behringer-mod-octave-divider\/\" \/>\n<meta property=\"og:locale\" content=\"en_US\" \/>\n<meta property=\"og:type\" content=\"article\" \/>\n<meta property=\"og:title\" content=\"PEDAL BEHRINGER MOD. OCTAVE DIVIDER - Mexican Guitar Players\" \/>\n<meta property=\"og:description\" content=\"Pedal de efectos divisor an\u00e1logo de octava cl\u00e1sico y ringer, ideal para guitarras, bajos, teclados y otros instrumentos, aut\u00e9ntica recreaci\u00f3n del popular Octave Divider de los a\u00f1os 70, efecto de suboctava earth-shaking para una poderosa creaci\u00f3n de sonido, sorprendente funci\u00f3n Ringer para \u00e9nfasis arm\u00f3nico de tonos superiores y efectos especiales de m\u00faltiples notas, conserva la din\u00e1mica y el contenido arm\u00f3nico de la se\u00f1al original en la sub-octava, switch Bass Only para rango extendido y efectos dram\u00e1ticos, control Mix para mezclar se\u00f1al directa y sub-octava, control de tono definitivo para dar forma al sonido, estabiliza los bloqueos de switches en todas las se\u00f1ales de una sola voz para mejorar el seguimiento de las notas, salida auxiliar para enviar se\u00f1al seca a otros pedales de efectos o amplificador, switch de encendido y LED para indicar el estado de funcionamiento, construcci\u00f3n en metal resistente y fiable, fuente de alimentaci\u00f3n incluida, dimensiones: 99 x 174 x 63 mm, peso: 0.85 kg.\" \/>\n<meta property=\"og:url\" content=\"https:\/\/www.mexicanguitarplayers.com\/en\/tienda\/sin categor\u00eda\/pedal-behringer-mod-octave-divider\/\" \/>\n<meta property=\"og:site_name\" content=\"Mexican Guitar Players\" \/>\n<meta property=\"article:modified_time\" content=\"2026-05-01T13:23:18+00:00\" \/>\n<meta name=\"twitter:card\" content=\"summary_large_image\" \/>\n<meta name=\"twitter:label1\" content=\"Est. reading time\" \/>\n\t<meta name=\"twitter:data1\" content=\"3 minutes\" \/>\n<script type=\"application\/ld+json\" class=\"yoast-schema-graph\">{\"@context\":\"https:\\\/\\\/schema.org\",\"@graph\":[{\"@type\":[\"WebPage\",\"ItemPage\"],\"@id\":\"https:\\\/\\\/www.mexicanguitarplayers.com\\\/tienda\\\/sin categor\u00eda\\\/pedal-behringer-mod-octave-divider\\\/\",\"url\":\"https:\\\/\\\/www.mexicanguitarplayers.com\\\/tienda\\\/sin categor\u00eda\\\/pedal-behringer-mod-octave-divider\\\/\",\"name\":\"PEDAL BEHRINGER MOD. OCTAVE DIVIDER - Mexican Guitar Players\",\"isPartOf\":{\"@id\":\"https:\\\/\\\/www.mexicanguitarplayers.com\\\/#website\"},\"primaryImageOfPage\":{\"@id\":\"https:\\\/\\\/www.mexicanguitarplayers.com\\\/tienda\\\/sin categor\u00eda\\\/pedal-behringer-mod-octave-divider\\\/#primaryimage\"},\"image\":{\"@id\":\"https:\\\/\\\/www.mexicanguitarplayers.com\\\/tienda\\\/sin categor\u00eda\\\/pedal-behringer-mod-octave-divider\\\/#primaryimage\"},\"thumbnailUrl\":\"https:\\\/\\\/www.mexicanguitarplayers.com\\\/wp-content\\\/uploads\\\/2025\\\/04\\\/VABEHOCTAVDIVD.jpg\",\"datePublished\":\"2025-04-09T03:02:39+00:00\",\"dateModified\":\"2026-05-01T13:23:18+00:00\",\"description\":\"Pedal de efectos divisor an\u00e1logo de octava cl\u00e1sico y ringer, ideal para guitarras, bajos, teclados y otros instrumentos, aut\u00e9ntica recreaci\u00f3n del popular Octave Divider de los a\u00f1os 70, efecto de suboctava earth-shaking para una poderosa creaci\u00f3n de sonido, sorprendente funci\u00f3n Ringer para \u00e9nfasis arm\u00f3nico de tonos superiores y efectos especiales de m\u00faltiples notas, conserva la din\u00e1mica y el contenido arm\u00f3nico de la se\u00f1al original en la sub-octava, switch Bass Only para rango extendido y efectos dram\u00e1ticos, control Mix para mezclar se\u00f1al directa y sub-octava, control de tono definitivo para dar forma al sonido, estabiliza los bloqueos de switches en todas las se\u00f1ales de una sola voz para mejorar el seguimiento de las notas, salida auxiliar para enviar se\u00f1al seca a otros pedales de efectos o amplificador, switch de encendido y LED para indicar el estado de funcionamiento, construcci\u00f3n en metal resistente y fiable, fuente de alimentaci\u00f3n incluida, dimensiones: 99 x 174 x 63 mm, peso: 0.85 kg.\",\"breadcrumb\":{\"@id\":\"https:\\\/\\\/www.mexicanguitarplayers.com\\\/tienda\\\/sin categor\u00eda\\\/pedal-behringer-mod-octave-divider\\\/#breadcrumb\"},\"inLanguage\":\"en-US\",\"potentialAction\":[{\"@type\":\"ReadAction\",\"target\":[\"https:\\\/\\\/www.mexicanguitarplayers.com\\\/tienda\\\/sin categor\u00eda\\\/pedal-behringer-mod-octave-divider\\\/\"]}]},{\"@type\":\"ImageObject\",\"inLanguage\":\"en-US\",\"@id\":\"https:\\\/\\\/www.mexicanguitarplayers.com\\\/tienda\\\/sin categor\u00eda\\\/pedal-behringer-mod-octave-divider\\\/#primaryimage\",\"url\":\"https:\\\/\\\/www.mexicanguitarplayers.com\\\/wp-content\\\/uploads\\\/2025\\\/04\\\/VABEHOCTAVDIVD.jpg\",\"contentUrl\":\"https:\\\/\\\/www.mexicanguitarplayers.com\\\/wp-content\\\/uploads\\\/2025\\\/04\\\/VABEHOCTAVDIVD.jpg\",\"width\":1200,\"height\":1200},{\"@type\":\"BreadcrumbList\",\"@id\":\"https:\\\/\\\/www.mexicanguitarplayers.com\\\/tienda\\\/sin categor\u00eda\\\/pedal-behringer-mod-octave-divider\\\/#breadcrumb\",\"itemListElement\":[{\"@type\":\"ListItem\",\"position\":1,\"name\":\"Portada\",\"item\":\"https:\\\/\\\/www.mexicanguitarplayers.com\\\/\"},{\"@type\":\"ListItem\",\"position\":2,\"name\":\"Tienda\",\"item\":\"https:\\\/\\\/www.mexicanguitarplayers.com\\\/tienda\\\/\"},{\"@type\":\"ListItem\",\"position\":3,\"name\":\"PEDAL BEHRINGER MOD. OCTAVE DIVIDER\"}]},{\"@type\":\"WebSite\",\"@id\":\"https:\\\/\\\/www.mexicanguitarplayers.com\\\/#website\",\"url\":\"https:\\\/\\\/www.mexicanguitarplayers.com\\\/\",\"name\":\"Mexican Guitar Players\",\"description\":\"Website\",\"publisher\":{\"@id\":\"https:\\\/\\\/www.mexicanguitarplayers.com\\\/#organization\"},\"potentialAction\":[{\"@type\":\"SearchAction\",\"target\":{\"@type\":\"EntryPoint\",\"urlTemplate\":\"https:\\\/\\\/www.mexicanguitarplayers.com\\\/?s={search_term_string}\"},\"query-input\":{\"@type\":\"PropertyValueSpecification\",\"valueRequired\":true,\"valueName\":\"search_term_string\"}}],\"inLanguage\":\"en-US\"},{\"@type\":\"Organization\",\"@id\":\"https:\\\/\\\/www.mexicanguitarplayers.com\\\/#organization\",\"name\":\"Mexican Guitar Players\",\"url\":\"https:\\\/\\\/www.mexicanguitarplayers.com\\\/\",\"logo\":{\"@type\":\"ImageObject\",\"inLanguage\":\"en-US\",\"@id\":\"https:\\\/\\\/www.mexicanguitarplayers.com\\\/#\\\/schema\\\/logo\\\/image\\\/\",\"url\":\"\",\"contentUrl\":\"\",\"caption\":\"Mexican Guitar Players\"},\"image\":{\"@id\":\"https:\\\/\\\/www.mexicanguitarplayers.com\\\/#\\\/schema\\\/logo\\\/image\\\/\"}}]}<\/script>\n<!-- \/ Yoast SEO plugin. -->","yoast_head_json":{"title":"PEDAL BEHRINGER MOD. OCTAVE DIVIDER - Mexican Guitar Players","description":"Pedal de efectos divisor an\u00e1logo de octava cl\u00e1sico y ringer, ideal para guitarras, bajos, teclados y otros instrumentos, aut\u00e9ntica recreaci\u00f3n del popular Octave Divider de los a\u00f1os 70, efecto de suboctava earth-shaking para una poderosa creaci\u00f3n de sonido, sorprendente funci\u00f3n Ringer para \u00e9nfasis arm\u00f3nico de tonos superiores y efectos especiales de m\u00faltiples notas, conserva la din\u00e1mica y el contenido arm\u00f3nico de la se\u00f1al original en la sub-octava, switch Bass Only para rango extendido y efectos dram\u00e1ticos, control Mix para mezclar se\u00f1al directa y sub-octava, control de tono definitivo para dar forma al sonido, estabiliza los bloqueos de switches en todas las se\u00f1ales de una sola voz para mejorar el seguimiento de las notas, salida auxiliar para enviar se\u00f1al seca a otros pedales de efectos o amplificador, switch de encendido y LED para indicar el estado de funcionamiento, construcci\u00f3n en metal resistente y fiable, fuente de alimentaci\u00f3n incluida, dimensiones: 99 x 174 x 63 mm, peso: 0.85 kg.","robots":{"index":"index","follow":"follow","max-snippet":"max-snippet:-1","max-image-preview":"max-image-preview:large","max-video-preview":"max-video-preview:-1"},"canonical":"https:\/\/www.mexicanguitarplayers.com\/en\/tienda\/sin categor\u00eda\/pedal-behringer-mod-octave-divider\/","og_locale":"en_US","og_type":"article","og_title":"PEDAL BEHRINGER MOD. OCTAVE DIVIDER - Mexican Guitar Players","og_description":"Pedal de efectos divisor an\u00e1logo de octava cl\u00e1sico y ringer, ideal para guitarras, bajos, teclados y otros instrumentos, aut\u00e9ntica recreaci\u00f3n del popular Octave Divider de los a\u00f1os 70, efecto de suboctava earth-shaking para una poderosa creaci\u00f3n de sonido, sorprendente funci\u00f3n Ringer para \u00e9nfasis arm\u00f3nico de tonos superiores y efectos especiales de m\u00faltiples notas, conserva la din\u00e1mica y el contenido arm\u00f3nico de la se\u00f1al original en la sub-octava, switch Bass Only para rango extendido y efectos dram\u00e1ticos, control Mix para mezclar se\u00f1al directa y sub-octava, control de tono definitivo para dar forma al sonido, estabiliza los bloqueos de switches en todas las se\u00f1ales de una sola voz para mejorar el seguimiento de las notas, salida auxiliar para enviar se\u00f1al seca a otros pedales de efectos o amplificador, switch de encendido y LED para indicar el estado de funcionamiento, construcci\u00f3n en metal resistente y fiable, fuente de alimentaci\u00f3n incluida, dimensiones: 99 x 174 x 63 mm, peso: 0.85 kg.","og_url":"https:\/\/www.mexicanguitarplayers.com\/en\/tienda\/sin categor\u00eda\/pedal-behringer-mod-octave-divider\/","og_site_name":"Mexican Guitar Players","article_modified_time":"2026-05-01T13:23:18+00:00","twitter_card":"summary_large_image","twitter_misc":{"Est. reading time":"3 minutes"},"schema":{"@context":"https:\/\/schema.org","@graph":[{"@type":["WebPage","ItemPage"],"@id":"https:\/\/www.mexicanguitarplayers.com\/tienda\/sin categor\u00eda\/pedal-behringer-mod-octave-divider\/","url":"https:\/\/www.mexicanguitarplayers.com\/tienda\/sin categor\u00eda\/pedal-behringer-mod-octave-divider\/","name":"PEDAL BEHRINGER MOD. OCTAVE DIVIDER - Mexican Guitar Players","isPartOf":{"@id":"https:\/\/www.mexicanguitarplayers.com\/#website"},"primaryImageOfPage":{"@id":"https:\/\/www.mexicanguitarplayers.com\/tienda\/sin categor\u00eda\/pedal-behringer-mod-octave-divider\/#primaryimage"},"image":{"@id":"https:\/\/www.mexicanguitarplayers.com\/tienda\/sin categor\u00eda\/pedal-behringer-mod-octave-divider\/#primaryimage"},"thumbnailUrl":"https:\/\/www.mexicanguitarplayers.com\/wp-content\/uploads\/2025\/04\/VABEHOCTAVDIVD.jpg","datePublished":"2025-04-09T03:02:39+00:00","dateModified":"2026-05-01T13:23:18+00:00","description":"Pedal de efectos divisor an\u00e1logo de octava cl\u00e1sico y ringer, ideal para guitarras, bajos, teclados y otros instrumentos, aut\u00e9ntica recreaci\u00f3n del popular Octave Divider de los a\u00f1os 70, efecto de suboctava earth-shaking para una poderosa creaci\u00f3n de sonido, sorprendente funci\u00f3n Ringer para \u00e9nfasis arm\u00f3nico de tonos superiores y efectos especiales de m\u00faltiples notas, conserva la din\u00e1mica y el contenido arm\u00f3nico de la se\u00f1al original en la sub-octava, switch Bass Only para rango extendido y efectos dram\u00e1ticos, control Mix para mezclar se\u00f1al directa y sub-octava, control de tono definitivo para dar forma al sonido, estabiliza los bloqueos de switches en todas las se\u00f1ales de una sola voz para mejorar el seguimiento de las notas, salida auxiliar para enviar se\u00f1al seca a otros pedales de efectos o amplificador, switch de encendido y LED para indicar el estado de funcionamiento, construcci\u00f3n en metal resistente y fiable, fuente de alimentaci\u00f3n incluida, dimensiones: 99 x 174 x 63 mm, peso: 0.85 kg.","breadcrumb":{"@id":"https:\/\/www.mexicanguitarplayers.com\/tienda\/sin categor\u00eda\/pedal-behringer-mod-octave-divider\/#breadcrumb"},"inLanguage":"en-US","potentialAction":[{"@type":"ReadAction","target":["https:\/\/www.mexicanguitarplayers.com\/tienda\/sin categor\u00eda\/pedal-behringer-mod-octave-divider\/"]}]},{"@type":"ImageObject","inLanguage":"en-US","@id":"https:\/\/www.mexicanguitarplayers.com\/tienda\/sin categor\u00eda\/pedal-behringer-mod-octave-divider\/#primaryimage","url":"https:\/\/www.mexicanguitarplayers.com\/wp-content\/uploads\/2025\/04\/VABEHOCTAVDIVD.jpg","contentUrl":"https:\/\/www.mexicanguitarplayers.com\/wp-content\/uploads\/2025\/04\/VABEHOCTAVDIVD.jpg","width":1200,"height":1200},{"@type":"BreadcrumbList","@id":"https:\/\/www.mexicanguitarplayers.com\/tienda\/sin categor\u00eda\/pedal-behringer-mod-octave-divider\/#breadcrumb","itemListElement":[{"@type":"ListItem","position":1,"name":"Portada","item":"https:\/\/www.mexicanguitarplayers.com\/"},{"@type":"ListItem","position":2,"name":"Tienda","item":"https:\/\/www.mexicanguitarplayers.com\/tienda\/"},{"@type":"ListItem","position":3,"name":"PEDAL BEHRINGER MOD. OCTAVE DIVIDER"}]},{"@type":"WebSite","@id":"https:\/\/www.mexicanguitarplayers.com\/#website","url":"https:\/\/www.mexicanguitarplayers.com\/","name":"Mexican Guitar Players","description":"Website","publisher":{"@id":"https:\/\/www.mexicanguitarplayers.com\/#organization"},"potentialAction":[{"@type":"SearchAction","target":{"@type":"EntryPoint","urlTemplate":"https:\/\/www.mexicanguitarplayers.com\/?s={search_term_string}"},"query-input":{"@type":"PropertyValueSpecification","valueRequired":true,"valueName":"search_term_string"}}],"inLanguage":"en-US"},{"@type":"Organization","@id":"https:\/\/www.mexicanguitarplayers.com\/#organization","name":"Mexican Guitar Players","url":"https:\/\/www.mexicanguitarplayers.com\/","logo":{"@type":"ImageObject","inLanguage":"en-US","@id":"https:\/\/www.mexicanguitarplayers.com\/#\/schema\/logo\/image\/","url":"","contentUrl":"","caption":"Mexican Guitar Players"},"image":{"@id":"https:\/\/www.mexicanguitarplayers.com\/#\/schema\/logo\/image\/"}}]}},"brands":[{"id":171,"name":"BEHRINGER","slug":"behringer"}],"_links":{"self":[{"href":"https:\/\/www.mexicanguitarplayers.com\/en\/wp-json\/wp\/v2\/product\/32656","targetHints":{"allow":["GET"]}}],"collection":[{"href":"https:\/\/www.mexicanguitarplayers.com\/en\/wp-json\/wp\/v2\/product"}],"about":[{"href":"https:\/\/www.mexicanguitarplayers.com\/en\/wp-json\/wp\/v2\/types\/product"}],"replies":[{"embeddable":true,"href":"https:\/\/www.mexicanguitarplayers.com\/en\/wp-json\/wp\/v2\/comments?post=32656"}],"wp:featuredmedia":[{"embeddable":true,"href":"https:\/\/www.mexicanguitarplayers.com\/en\/wp-json\/wp\/v2\/media\/32652"}],"wp:attachment":[{"href":"https:\/\/www.mexicanguitarplayers.com\/en\/wp-json\/wp\/v2\/media?parent=32656"}],"wp:term":[{"taxonomy":"pwb-brand","embeddable":true,"href":"https:\/\/www.mexicanguitarplayers.com\/en\/wp-json\/wp\/v2\/pwb-brand?post=32656"},{"taxonomy":"product_brand","embeddable":true,"href":"https:\/\/www.mexicanguitarplayers.com\/en\/wp-json\/wp\/v2\/product_brand?post=32656"},{"taxonomy":"product_cat","embeddable":true,"href":"https:\/\/www.mexicanguitarplayers.com\/en\/wp-json\/wp\/v2\/product_cat?post=32656"},{"taxonomy":"product_tag","embeddable":true,"href":"https:\/\/www.mexicanguitarplayers.com\/en\/wp-json\/wp\/v2\/product_tag?post=32656"}],"curies":[{"name":"wp","href":"https:\/\/api.w.org\/{rel}","templated":true}]}}