{"id":32659,"date":"2025-04-08T21:02:43","date_gmt":"2025-04-09T03:02:43","guid":{"rendered":"https:\/\/www.mexicanguitarplayers.com\/tienda\/sin categor\u00eda\/bocina-beyma-18-mod-18lex1000fe\/"},"modified":"2026-05-01T07:23:17","modified_gmt":"2026-05-01T13:23:17","slug":"bocina-beyma-18-mod-18lex1000fe","status":"publish","type":"product","link":"https:\/\/www.mexicanguitarplayers.com\/en\/tienda\/audio\/bafles-y-bocinas\/bocinas-y-componentes\/graves\/bocina-beyma-18-mod-18lex1000fe\/","title":{"rendered":"BOCINA BEYMA  18     MOD. 18LEX1000FE"},"content":{"rendered":"<div style=\"text-align: justify\">\n<div>\n<h3>Incre\u00edble fidelidad.<\/h3>\n<\/div>\n<div>Altavoz de 18\u201d pulgadas para subwoofer, cuenta con una potencia programa de 1000 watts, bobina m\u00f3vil de cobre de entrada\/salida de doble capa DUO de 3.5\u201d, manejo de alta potencia y baja distorsi\u00f3n, exclusivo sistema de enfriamiento con tecnolog\u00eda Malt Cross, p\u00e9rdidas de compresi\u00f3n de baja potencia, alta sensibilidad de 97 dB (1W \/ 1m), circuito magn\u00e9tico cer\u00e1mico optimizado FEA, ruido de aire ultra bajo, comportamiento lineal optimizado, cono resistente a la intemperie con tratamiento por ambos lados, desplazamiento controlado extendido: Xmax \u00b1 11 mm, excursi\u00f3n pico a pico de 51 mm antes del da\u00f1o, optimizado para aplicaciones de subwoofer de paso de banda y radiaci\u00f3n directa.<\/div>\n<div>\n<h4>Quick look<\/h4>\n<\/div>\n<ul style=\"margin: 0px 0px 0px 25px\">\n<li style=\"list-style-type: circle;margin: 5px\">Di\u00e1metro nominal.<\/li>\n<li style=\"list-style-type: circle;margin: 5px\">Nominal impedance.<\/li>\n<li style=\"list-style-type: circle;margin: 5px\">Impedancia m\u00ednima<\/li>\n<li style=\"list-style-type: circle;margin: 5px\">Power.<\/li>\n<li style=\"list-style-type: circle;margin: 5px\">Sensitivity.<\/li>\n<li style=\"list-style-type: circle;margin: 5px\">Rango de frecuencia.<\/li>\n<li style=\"list-style-type: circle;margin: 5px\">Volumen recomendado de gabinete.<\/li>\n<li style=\"list-style-type: circle;margin: 5px\">Dise\u00f1o Bass-Reflex.<\/li>\n<li style=\"list-style-type: circle;margin: 5px\">Di\u00e1metro de la bobina m\u00f3vil.<\/li>\n<li style=\"list-style-type: circle;margin: 5px\">Factor BL.<\/li>\n<li style=\"list-style-type: circle;margin: 5px\">Masa m\u00f3vil<\/li>\n<li style=\"list-style-type: circle;margin: 5px\">Longitud del bobinado.<\/li>\n<li style=\"list-style-type: circle;margin: 5px\">Altura del entrehierro.<\/li>\n<li style=\"list-style-type: circle;margin: 5px\">Da\u00f1o X (pico a pico).<\/li>\n<li style=\"list-style-type: circle;margin: 5px\">Frecuencia de resonancia, FS.<\/li>\n<li style=\"list-style-type: circle;margin: 5px\">Resistencia D.C. bobina m\u00f3vil, RE.<\/li>\n<li style=\"list-style-type: circle;margin: 5px\">Factor de calidad mec\u00e1nica, QMS.<\/li>\n<li style=\"list-style-type: circle;margin: 5px\">Factor de calidad el\u00e9ctrica, QES.<\/li>\n<li style=\"list-style-type: circle;margin: 5px\">Factor de calidad total, QTS.<\/li>\n<li style=\"list-style-type: circle;margin: 5px\">Nivel de aire equivalente a CMS, VAS.<\/li>\n<li style=\"list-style-type: circle;margin: 5px\">Cumplimiento mec\u00e1nico, CMS.<\/li>\n<li style=\"list-style-type: circle;margin: 5px\">Resistencia mec\u00e1nica, RMS.<\/li>\n<li style=\"list-style-type: circle;margin: 5px\">Eficiencia, n0.<\/li>\n<li style=\"list-style-type: circle;margin: 5px\">Nivel de superficie efectiva, SD.<\/li>\n<li style=\"list-style-type: circle;margin: 5px\">Desplazamiento m\u00e1ximo, XMAX.<\/li>\n<li style=\"list-style-type: circle;margin: 5px\">Volumen de desplazamiento, VD.<\/li>\n<li style=\"list-style-type: circle;margin: 5px\">Inductancia de la bobina m\u00f3vil, LE.<\/li>\n<li style=\"list-style-type: circle;margin: 5px\">Di\u00e1metro total.<\/li>\n<li style=\"list-style-type: circle;margin: 5px\">Di\u00e1metro del c\u00edrculo del perno.<\/li>\n<li style=\"list-style-type: circle;margin: 5px\">Di\u00e1metro del corte del bafle.<\/li>\n<li style=\"list-style-type: circle;margin: 5px\">Profundidad.<\/li>\n<li style=\"list-style-type: circle;margin: 5px\">Weight.<\/li>\n<\/ul>\n<div>\n<div style=\"font-weight: bold\">Di\u00e1metro nominal.<\/div>\n<div>\n<p>18\u201d pulgadas (460 mm).<\/p>\n<\/div>\n<div style=\"font-weight: bold\">Nominal impedance.<\/div>\n<div>\n<p>8 ohms.<\/p>\n<\/div>\n<div style=\"font-weight: bold\">Impedancia m\u00ednima<\/div>\n<div>\n<p>7.2 ohms.<\/p>\n<\/div>\n<div style=\"font-weight: bold\">Power.<\/div>\n<div>\n<p>AES: 1,000 W. Programa: 2,000 W.<\/p>\n<\/div>\n<div style=\"font-weight: bold\">Sensitivity.<\/div>\n<div>\n<p>98 dB 1W \/ 1m @ ZN.<\/p>\n<\/div>\n<div style=\"font-weight: bold\">Rango de frecuencia.<\/div>\n<div>\n<p>35 &#8211; 1,000 Hz.<\/p>\n<\/div>\n<div style=\"font-weight: bold\">Volumen recomendado de gabinete.<\/div>\n<div>\n<p>Vb = 174 l.<\/p>\n<\/div>\n<div style=\"font-weight: bold\">Dise\u00f1o Bass-Reflex.<\/div>\n<div>\n<p>Fb = 37 Hz.<\/p>\n<\/div>\n<div style=\"font-weight: bold\">Di\u00e1metro de la bobina m\u00f3vil.<\/div>\n<div>\n<p>3.5\u201d pulgadas (88.9 mm).<\/p>\n<\/div>\n<div style=\"font-weight: bold\">Factor BL.<\/div>\n<div>\n<p>23.8 N\/A.<\/p>\n<\/div>\n<div style=\"font-weight: bold\">Masa m\u00f3vil<\/div>\n<div>\n<p>0.196 kg.<\/p>\n<\/div>\n<div style=\"font-weight: bold\">Longitud del bobinado.<\/div>\n<div>\n<p>27 mm.<\/p>\n<\/div>\n<div style=\"font-weight: bold\">Altura del entrehierro.<\/div>\n<div>\n<p>12 mm.<\/p>\n<\/div>\n<div style=\"font-weight: bold\">Da\u00f1o X (pico a pico).<\/div>\n<div>\n<p>51 mm.<\/p>\n<\/div>\n<div style=\"font-weight: bold\">Frecuencia de resonancia, FS.<\/div>\n<div>\n<p>34 Hz.<\/p>\n<\/div>\n<div style=\"font-weight: bold\">Resistencia D.C. bobina m\u00f3vil, RE.<\/div>\n<div>\n<p>5.4 ohms.<\/p>\n<\/div>\n<div style=\"font-weight: bold\">Factor de calidad mec\u00e1nica, QMS.<\/div>\n<div>\n<p>7.3.<\/p>\n<\/div>\n<div style=\"font-weight: bold\">Factor de calidad el\u00e9ctrica, QES.<\/div>\n<div>\n<p>0.39.<\/p>\n<\/div>\n<div style=\"font-weight: bold\">Factor de calidad total, QTS.<\/div>\n<div>\n<p>0.38.<\/p>\n<\/div>\n<div style=\"font-weight: bold\">Nivel de aire equivalente a CMS, VAS.<\/div>\n<div>\n<p>250 l.<\/p>\n<\/div>\n<div style=\"font-weight: bold\">Cumplimiento mec\u00e1nico, CMS.<\/div>\n<div>\n<p>111 \u00b5m \/ N.<\/p>\n<\/div>\n<div style=\"font-weight: bold\">Resistencia mec\u00e1nica, RMS.<\/div>\n<div>\n<p>5.7 kg \/ s.<\/p>\n<\/div>\n<div style=\"font-weight: bold\">Eficiencia, n0.<\/div>\n<div>\n<p>2.4 %.<\/p>\n<\/div>\n<div style=\"font-weight: bold\">Nivel de superficie efectiva, SD.<\/div>\n<div>\n<p>0.1255 m2.<\/p>\n<\/div>\n<div style=\"font-weight: bold\">Desplazamiento m\u00e1ximo, XMAX.<\/div>\n<div>\n<p>11 mm.<\/p>\n<\/div>\n<div style=\"font-weight: bold\">Volumen de desplazamiento, VD.<\/div>\n<div>\n<p>1380 cm3.<\/p>\n<\/div>\n<div style=\"font-weight: bold\">Inductancia de la bobina m\u00f3vil, LE.<\/div>\n<div>\n<p>1.9 mH.<\/p>\n<\/div>\n<div style=\"font-weight: bold\">Di\u00e1metro total.<\/div>\n<div>\n<p>18.2\u201d pulgadas (462 mm).<\/p>\n<\/div>\n<div style=\"font-weight: bold\">Di\u00e1metro del c\u00edrculo del perno.<\/div>\n<div>\n<p>17.4\u201d pulgadas (441 mm).<\/p>\n<\/div>\n<div style=\"font-weight: bold\">Di\u00e1metro del corte del bafle.<\/div>\n<div>\n<p>Montaje frontal: 16.8\u201d pulgadas (426 mm).<\/p>\n<\/div>\n<div style=\"font-weight: bold\">Profundidad.<\/div>\n<div>\n<p>8.8&#8243; pulgadas (224 mm).<\/p>\n<\/div>\n<div style=\"font-weight: bold\">Weight.<\/div>\n<div>\n<p>11 .7 kg.<\/p>\n<\/div>\n<\/div>\n<\/div>","protected":false},"excerpt":{"rendered":"<p>Altavoz de 18\u201d pulgadas para subwoofer, impedancia: 8 ohms, potencia AES: 1000 watts, potencia programa: 2000 watts, sensibilidad: 98 dB, rango de frecuencia: 35 &#8211; 1,000 Hz, peso: 11.7 kg, im\u00e1n: ferrita, manejo de alta potencia y baja distorsi\u00f3n, exclusivo sistema de enfriamiento con tecnolog\u00eda Malt Cross, p\u00e9rdidas de compresi\u00f3n de baja potencia, circuito magn\u00e9tico cer\u00e1mico optimizado FEA, ruido de aire ultra bajo, comportamiento lineal optimizado, cono resistente a la intemperie con tratamiento por ambos lados, bobina m\u00f3vil de cobre de entrada\/salida DUO de 3.5\u201d pulgadas, desplazamiento controlado extendido: Xmax \u00b1 11 mm, excursi\u00f3n pico a pico de 51 mm antes del da\u00f1o, optimizado para aplicaciones de subwoofer de paso de banda y radiaci\u00f3n directa.&hellip; <a class=\"kt-excerpt-readmore more-link\" href=\"https:\/\/www.mexicanguitarplayers.com\/en\/tienda\/audio\/bafles-y-bocinas\/bocinas-y-componentes\/graves\/bocina-beyma-18-mod-18lex1000fe\/\">Read more<\/a><\/p>","protected":false},"featured_media":32657,"comment_status":"open","ping_status":"closed","template":"","meta":{"kt_blocks_editor_width":""},"pwb-brand":[477],"product_brand":[],"product_cat":[213,221,474,529],"product_tag":[],"class_list":{"0":"post-32659","1":"product","2":"type-product","3":"status-publish","4":"has-post-thumbnail","6":"pwb-brand-beyma","7":"product_cat-audio","8":"product_cat-bafles-y-bocinas","9":"product_cat-bocinas-y-componentes","10":"product_cat-graves","11":"product_shipping_class-15-20-kg","13":"first","14":"instock","15":"taxable","16":"shipping-taxable","17":"purchasable","18":"product-type-simple"},"yoast_head":"<!-- This site is optimized with the Yoast SEO plugin v27.5 - https:\/\/yoast.com\/product\/yoast-seo-wordpress\/ -->\n<title>BOCINA BEYMA 18   MOD. 18LEX1000FE - Mexican Guitar Players<\/title>\n<meta name=\"description\" content=\"Altavoz de 18\u201d pulgadas para subwoofer, impedancia: 8 ohms, potencia AES: 1000 watts, potencia programa: 2000 watts, sensibilidad: 98 dB, rango de frecuencia: 35 - 1,000 Hz, peso: 11.7 kg, im\u00e1n: ferrita, manejo de alta potencia y baja distorsi\u00f3n, exclusivo sistema de enfriamiento con tecnolog\u00eda Malt Cross, p\u00e9rdidas de compresi\u00f3n de baja potencia, circuito magn\u00e9tico cer\u00e1mico optimizado FEA, ruido de aire ultra bajo, comportamiento lineal optimizado, cono resistente a la intemperie con tratamiento por ambos lados, bobina m\u00f3vil de cobre de entrada\/salida DUO de 3.5\u201d pulgadas, desplazamiento controlado extendido: Xmax \u00b1 11 mm, excursi\u00f3n pico a pico de 51 mm antes del da\u00f1o, optimizado para aplicaciones de subwoofer de paso de banda y radiaci\u00f3n directa.\" \/>\n<meta name=\"robots\" content=\"index, follow, max-snippet:-1, max-image-preview:large, max-video-preview:-1\" \/>\n<link rel=\"canonical\" href=\"https:\/\/www.mexicanguitarplayers.com\/en\/tienda\/sin%20categor\u00eda\/bocina-beyma-18-mod-18lex1000fe\/\" \/>\n<meta property=\"og:locale\" content=\"en_US\" \/>\n<meta property=\"og:type\" content=\"article\" \/>\n<meta property=\"og:title\" content=\"BOCINA BEYMA 18   MOD. 18LEX1000FE - Mexican Guitar Players\" \/>\n<meta property=\"og:description\" content=\"Altavoz de 18\u201d pulgadas para subwoofer, impedancia: 8 ohms, potencia AES: 1000 watts, potencia programa: 2000 watts, sensibilidad: 98 dB, rango de frecuencia: 35 - 1,000 Hz, peso: 11.7 kg, im\u00e1n: ferrita, manejo de alta potencia y baja distorsi\u00f3n, exclusivo sistema de enfriamiento con tecnolog\u00eda Malt Cross, p\u00e9rdidas de compresi\u00f3n de baja potencia, circuito magn\u00e9tico cer\u00e1mico optimizado FEA, ruido de aire ultra bajo, comportamiento lineal optimizado, cono resistente a la intemperie con tratamiento por ambos lados, bobina m\u00f3vil de cobre de entrada\/salida DUO de 3.5\u201d pulgadas, desplazamiento controlado extendido: Xmax \u00b1 11 mm, excursi\u00f3n pico a pico de 51 mm antes del da\u00f1o, optimizado para aplicaciones de subwoofer de paso de banda y radiaci\u00f3n directa.\" \/>\n<meta property=\"og:url\" content=\"https:\/\/www.mexicanguitarplayers.com\/en\/tienda\/sin categor\u00eda\/bocina-beyma-18-mod-18lex1000fe\/\" \/>\n<meta property=\"og:site_name\" content=\"Mexican Guitar Players\" \/>\n<meta property=\"article:modified_time\" content=\"2026-05-01T13:23:17+00:00\" \/>\n<meta name=\"twitter:card\" content=\"summary_large_image\" \/>\n<meta name=\"twitter:label1\" content=\"Est. reading time\" \/>\n\t<meta name=\"twitter:data1\" content=\"2 minutes\" \/>\n<script type=\"application\/ld+json\" class=\"yoast-schema-graph\">{\"@context\":\"https:\\\/\\\/schema.org\",\"@graph\":[{\"@type\":[\"WebPage\",\"ItemPage\"],\"@id\":\"https:\\\/\\\/www.mexicanguitarplayers.com\\\/tienda\\\/sin categor\u00eda\\\/bocina-beyma-18-mod-18lex1000fe\\\/\",\"url\":\"https:\\\/\\\/www.mexicanguitarplayers.com\\\/tienda\\\/sin categor\u00eda\\\/bocina-beyma-18-mod-18lex1000fe\\\/\",\"name\":\"BOCINA BEYMA 18 MOD. 18LEX1000FE - Mexican Guitar Players\",\"isPartOf\":{\"@id\":\"https:\\\/\\\/www.mexicanguitarplayers.com\\\/#website\"},\"primaryImageOfPage\":{\"@id\":\"https:\\\/\\\/www.mexicanguitarplayers.com\\\/tienda\\\/sin categor\u00eda\\\/bocina-beyma-18-mod-18lex1000fe\\\/#primaryimage\"},\"image\":{\"@id\":\"https:\\\/\\\/www.mexicanguitarplayers.com\\\/tienda\\\/sin categor\u00eda\\\/bocina-beyma-18-mod-18lex1000fe\\\/#primaryimage\"},\"thumbnailUrl\":\"https:\\\/\\\/www.mexicanguitarplayers.com\\\/wp-content\\\/uploads\\\/2025\\\/04\\\/IABEY18LEX10FE.jpg\",\"datePublished\":\"2025-04-09T03:02:43+00:00\",\"dateModified\":\"2026-05-01T13:23:17+00:00\",\"description\":\"Altavoz de 18\u201d pulgadas para subwoofer, impedancia: 8 ohms, potencia AES: 1000 watts, potencia programa: 2000 watts, sensibilidad: 98 dB, rango de frecuencia: 35 - 1,000 Hz, peso: 11.7 kg, im\u00e1n: ferrita, manejo de alta potencia y baja distorsi\u00f3n, exclusivo sistema de enfriamiento con tecnolog\u00eda Malt Cross, p\u00e9rdidas de compresi\u00f3n de baja potencia, circuito magn\u00e9tico cer\u00e1mico optimizado FEA, ruido de aire ultra bajo, comportamiento lineal optimizado, cono resistente a la intemperie con tratamiento por ambos lados, bobina m\u00f3vil de cobre de entrada\\\/salida DUO de 3.5\u201d pulgadas, desplazamiento controlado extendido: Xmax \u00b1 11 mm, excursi\u00f3n pico a pico de 51 mm antes del da\u00f1o, optimizado para aplicaciones de subwoofer de paso de banda y radiaci\u00f3n directa.\",\"breadcrumb\":{\"@id\":\"https:\\\/\\\/www.mexicanguitarplayers.com\\\/tienda\\\/sin categor\u00eda\\\/bocina-beyma-18-mod-18lex1000fe\\\/#breadcrumb\"},\"inLanguage\":\"en-US\",\"potentialAction\":[{\"@type\":\"ReadAction\",\"target\":[\"https:\\\/\\\/www.mexicanguitarplayers.com\\\/tienda\\\/sin categor\u00eda\\\/bocina-beyma-18-mod-18lex1000fe\\\/\"]}]},{\"@type\":\"ImageObject\",\"inLanguage\":\"en-US\",\"@id\":\"https:\\\/\\\/www.mexicanguitarplayers.com\\\/tienda\\\/sin categor\u00eda\\\/bocina-beyma-18-mod-18lex1000fe\\\/#primaryimage\",\"url\":\"https:\\\/\\\/www.mexicanguitarplayers.com\\\/wp-content\\\/uploads\\\/2025\\\/04\\\/IABEY18LEX10FE.jpg\",\"contentUrl\":\"https:\\\/\\\/www.mexicanguitarplayers.com\\\/wp-content\\\/uploads\\\/2025\\\/04\\\/IABEY18LEX10FE.jpg\",\"width\":1200,\"height\":1200},{\"@type\":\"BreadcrumbList\",\"@id\":\"https:\\\/\\\/www.mexicanguitarplayers.com\\\/tienda\\\/sin categor\u00eda\\\/bocina-beyma-18-mod-18lex1000fe\\\/#breadcrumb\",\"itemListElement\":[{\"@type\":\"ListItem\",\"position\":1,\"name\":\"Portada\",\"item\":\"https:\\\/\\\/www.mexicanguitarplayers.com\\\/\"},{\"@type\":\"ListItem\",\"position\":2,\"name\":\"Tienda\",\"item\":\"https:\\\/\\\/www.mexicanguitarplayers.com\\\/tienda\\\/\"},{\"@type\":\"ListItem\",\"position\":3,\"name\":\"BOCINA BEYMA 18 MOD. 18LEX1000FE\"}]},{\"@type\":\"WebSite\",\"@id\":\"https:\\\/\\\/www.mexicanguitarplayers.com\\\/#website\",\"url\":\"https:\\\/\\\/www.mexicanguitarplayers.com\\\/\",\"name\":\"Mexican Guitar Players\",\"description\":\"Website\",\"publisher\":{\"@id\":\"https:\\\/\\\/www.mexicanguitarplayers.com\\\/#organization\"},\"potentialAction\":[{\"@type\":\"SearchAction\",\"target\":{\"@type\":\"EntryPoint\",\"urlTemplate\":\"https:\\\/\\\/www.mexicanguitarplayers.com\\\/?s={search_term_string}\"},\"query-input\":{\"@type\":\"PropertyValueSpecification\",\"valueRequired\":true,\"valueName\":\"search_term_string\"}}],\"inLanguage\":\"en-US\"},{\"@type\":\"Organization\",\"@id\":\"https:\\\/\\\/www.mexicanguitarplayers.com\\\/#organization\",\"name\":\"Mexican Guitar Players\",\"url\":\"https:\\\/\\\/www.mexicanguitarplayers.com\\\/\",\"logo\":{\"@type\":\"ImageObject\",\"inLanguage\":\"en-US\",\"@id\":\"https:\\\/\\\/www.mexicanguitarplayers.com\\\/#\\\/schema\\\/logo\\\/image\\\/\",\"url\":\"\",\"contentUrl\":\"\",\"caption\":\"Mexican Guitar Players\"},\"image\":{\"@id\":\"https:\\\/\\\/www.mexicanguitarplayers.com\\\/#\\\/schema\\\/logo\\\/image\\\/\"}}]}<\/script>\n<!-- \/ Yoast SEO plugin. -->","yoast_head_json":{"title":"BOCINA BEYMA 18   MOD. 18LEX1000FE - Mexican Guitar Players","description":"Altavoz de 18\u201d pulgadas para subwoofer, impedancia: 8 ohms, potencia AES: 1000 watts, potencia programa: 2000 watts, sensibilidad: 98 dB, rango de frecuencia: 35 - 1,000 Hz, peso: 11.7 kg, im\u00e1n: ferrita, manejo de alta potencia y baja distorsi\u00f3n, exclusivo sistema de enfriamiento con tecnolog\u00eda Malt Cross, p\u00e9rdidas de compresi\u00f3n de baja potencia, circuito magn\u00e9tico cer\u00e1mico optimizado FEA, ruido de aire ultra bajo, comportamiento lineal optimizado, cono resistente a la intemperie con tratamiento por ambos lados, bobina m\u00f3vil de cobre de entrada\/salida DUO de 3.5\u201d pulgadas, desplazamiento controlado extendido: Xmax \u00b1 11 mm, excursi\u00f3n pico a pico de 51 mm antes del da\u00f1o, optimizado para aplicaciones de subwoofer de paso de banda y radiaci\u00f3n directa.","robots":{"index":"index","follow":"follow","max-snippet":"max-snippet:-1","max-image-preview":"max-image-preview:large","max-video-preview":"max-video-preview:-1"},"canonical":"https:\/\/www.mexicanguitarplayers.com\/en\/tienda\/sin categor\u00eda\/bocina-beyma-18-mod-18lex1000fe\/","og_locale":"en_US","og_type":"article","og_title":"BOCINA BEYMA 18   MOD. 18LEX1000FE - Mexican Guitar Players","og_description":"Altavoz de 18\u201d pulgadas para subwoofer, impedancia: 8 ohms, potencia AES: 1000 watts, potencia programa: 2000 watts, sensibilidad: 98 dB, rango de frecuencia: 35 - 1,000 Hz, peso: 11.7 kg, im\u00e1n: ferrita, manejo de alta potencia y baja distorsi\u00f3n, exclusivo sistema de enfriamiento con tecnolog\u00eda Malt Cross, p\u00e9rdidas de compresi\u00f3n de baja potencia, circuito magn\u00e9tico cer\u00e1mico optimizado FEA, ruido de aire ultra bajo, comportamiento lineal optimizado, cono resistente a la intemperie con tratamiento por ambos lados, bobina m\u00f3vil de cobre de entrada\/salida DUO de 3.5\u201d pulgadas, desplazamiento controlado extendido: Xmax \u00b1 11 mm, excursi\u00f3n pico a pico de 51 mm antes del da\u00f1o, optimizado para aplicaciones de subwoofer de paso de banda y radiaci\u00f3n directa.","og_url":"https:\/\/www.mexicanguitarplayers.com\/en\/tienda\/sin categor\u00eda\/bocina-beyma-18-mod-18lex1000fe\/","og_site_name":"Mexican Guitar Players","article_modified_time":"2026-05-01T13:23:17+00:00","twitter_card":"summary_large_image","twitter_misc":{"Est. reading time":"2 minutes"},"schema":{"@context":"https:\/\/schema.org","@graph":[{"@type":["WebPage","ItemPage"],"@id":"https:\/\/www.mexicanguitarplayers.com\/tienda\/sin categor\u00eda\/bocina-beyma-18-mod-18lex1000fe\/","url":"https:\/\/www.mexicanguitarplayers.com\/tienda\/sin categor\u00eda\/bocina-beyma-18-mod-18lex1000fe\/","name":"BOCINA BEYMA 18 MOD. 18LEX1000FE - Mexican Guitar Players","isPartOf":{"@id":"https:\/\/www.mexicanguitarplayers.com\/#website"},"primaryImageOfPage":{"@id":"https:\/\/www.mexicanguitarplayers.com\/tienda\/sin categor\u00eda\/bocina-beyma-18-mod-18lex1000fe\/#primaryimage"},"image":{"@id":"https:\/\/www.mexicanguitarplayers.com\/tienda\/sin categor\u00eda\/bocina-beyma-18-mod-18lex1000fe\/#primaryimage"},"thumbnailUrl":"https:\/\/www.mexicanguitarplayers.com\/wp-content\/uploads\/2025\/04\/IABEY18LEX10FE.jpg","datePublished":"2025-04-09T03:02:43+00:00","dateModified":"2026-05-01T13:23:17+00:00","description":"Altavoz de 18\u201d pulgadas para subwoofer, impedancia: 8 ohms, potencia AES: 1000 watts, potencia programa: 2000 watts, sensibilidad: 98 dB, rango de frecuencia: 35 - 1,000 Hz, peso: 11.7 kg, im\u00e1n: ferrita, manejo de alta potencia y baja distorsi\u00f3n, exclusivo sistema de enfriamiento con tecnolog\u00eda Malt Cross, p\u00e9rdidas de compresi\u00f3n de baja potencia, circuito magn\u00e9tico cer\u00e1mico optimizado FEA, ruido de aire ultra bajo, comportamiento lineal optimizado, cono resistente a la intemperie con tratamiento por ambos lados, bobina m\u00f3vil de cobre de entrada\/salida DUO de 3.5\u201d pulgadas, desplazamiento controlado extendido: Xmax \u00b1 11 mm, excursi\u00f3n pico a pico de 51 mm antes del da\u00f1o, optimizado para aplicaciones de subwoofer de paso de banda y radiaci\u00f3n directa.","breadcrumb":{"@id":"https:\/\/www.mexicanguitarplayers.com\/tienda\/sin categor\u00eda\/bocina-beyma-18-mod-18lex1000fe\/#breadcrumb"},"inLanguage":"en-US","potentialAction":[{"@type":"ReadAction","target":["https:\/\/www.mexicanguitarplayers.com\/tienda\/sin categor\u00eda\/bocina-beyma-18-mod-18lex1000fe\/"]}]},{"@type":"ImageObject","inLanguage":"en-US","@id":"https:\/\/www.mexicanguitarplayers.com\/tienda\/sin categor\u00eda\/bocina-beyma-18-mod-18lex1000fe\/#primaryimage","url":"https:\/\/www.mexicanguitarplayers.com\/wp-content\/uploads\/2025\/04\/IABEY18LEX10FE.jpg","contentUrl":"https:\/\/www.mexicanguitarplayers.com\/wp-content\/uploads\/2025\/04\/IABEY18LEX10FE.jpg","width":1200,"height":1200},{"@type":"BreadcrumbList","@id":"https:\/\/www.mexicanguitarplayers.com\/tienda\/sin categor\u00eda\/bocina-beyma-18-mod-18lex1000fe\/#breadcrumb","itemListElement":[{"@type":"ListItem","position":1,"name":"Portada","item":"https:\/\/www.mexicanguitarplayers.com\/"},{"@type":"ListItem","position":2,"name":"Tienda","item":"https:\/\/www.mexicanguitarplayers.com\/tienda\/"},{"@type":"ListItem","position":3,"name":"BOCINA BEYMA 18 MOD. 18LEX1000FE"}]},{"@type":"WebSite","@id":"https:\/\/www.mexicanguitarplayers.com\/#website","url":"https:\/\/www.mexicanguitarplayers.com\/","name":"Mexican Guitar Players","description":"Website","publisher":{"@id":"https:\/\/www.mexicanguitarplayers.com\/#organization"},"potentialAction":[{"@type":"SearchAction","target":{"@type":"EntryPoint","urlTemplate":"https:\/\/www.mexicanguitarplayers.com\/?s={search_term_string}"},"query-input":{"@type":"PropertyValueSpecification","valueRequired":true,"valueName":"search_term_string"}}],"inLanguage":"en-US"},{"@type":"Organization","@id":"https:\/\/www.mexicanguitarplayers.com\/#organization","name":"Mexican Guitar Players","url":"https:\/\/www.mexicanguitarplayers.com\/","logo":{"@type":"ImageObject","inLanguage":"en-US","@id":"https:\/\/www.mexicanguitarplayers.com\/#\/schema\/logo\/image\/","url":"","contentUrl":"","caption":"Mexican Guitar Players"},"image":{"@id":"https:\/\/www.mexicanguitarplayers.com\/#\/schema\/logo\/image\/"}}]}},"brands":[{"id":477,"name":"BEYMA","slug":"beyma"}],"_links":{"self":[{"href":"https:\/\/www.mexicanguitarplayers.com\/en\/wp-json\/wp\/v2\/product\/32659","targetHints":{"allow":["GET"]}}],"collection":[{"href":"https:\/\/www.mexicanguitarplayers.com\/en\/wp-json\/wp\/v2\/product"}],"about":[{"href":"https:\/\/www.mexicanguitarplayers.com\/en\/wp-json\/wp\/v2\/types\/product"}],"replies":[{"embeddable":true,"href":"https:\/\/www.mexicanguitarplayers.com\/en\/wp-json\/wp\/v2\/comments?post=32659"}],"wp:featuredmedia":[{"embeddable":true,"href":"https:\/\/www.mexicanguitarplayers.com\/en\/wp-json\/wp\/v2\/media\/32657"}],"wp:attachment":[{"href":"https:\/\/www.mexicanguitarplayers.com\/en\/wp-json\/wp\/v2\/media?parent=32659"}],"wp:term":[{"taxonomy":"pwb-brand","embeddable":true,"href":"https:\/\/www.mexicanguitarplayers.com\/en\/wp-json\/wp\/v2\/pwb-brand?post=32659"},{"taxonomy":"product_brand","embeddable":true,"href":"https:\/\/www.mexicanguitarplayers.com\/en\/wp-json\/wp\/v2\/product_brand?post=32659"},{"taxonomy":"product_cat","embeddable":true,"href":"https:\/\/www.mexicanguitarplayers.com\/en\/wp-json\/wp\/v2\/product_cat?post=32659"},{"taxonomy":"product_tag","embeddable":true,"href":"https:\/\/www.mexicanguitarplayers.com\/en\/wp-json\/wp\/v2\/product_tag?post=32659"}],"curies":[{"name":"wp","href":"https:\/\/api.w.org\/{rel}","templated":true}]}}