{"id":32691,"date":"2025-04-08T21:03:26","date_gmt":"2025-04-09T03:03:26","guid":{"rendered":"https:\/\/www.mexicanguitarplayers.com\/tienda\/sin categor\u00eda\/bocina-eighteen-sound-15-15mb1000-8\/"},"modified":"2026-05-01T07:23:16","modified_gmt":"2026-05-01T13:23:16","slug":"bocina-eighteen-sound-15-15mb1000-8","status":"publish","type":"product","link":"https:\/\/www.mexicanguitarplayers.com\/en\/tienda\/audio\/bafles-y-bocinas\/bocinas-y-componentes\/medios\/bocina-eighteen-sound-15-15mb1000-8\/","title":{"rendered":"BOCINA EIGHTEEN SOUND 15  15MB1000\/8"},"content":{"rendered":"<div style=\"text-align: justify\">\n<div>\n<h3>El perfecto control de tu sonido.<\/h3>\n<\/div>\n<div>El 15MB1000 es un transductor de frecuencia mid-bass de 15\u201d pulgadas con una bobina m\u00f3vil de 4\u201d pulgadas que se ha fabricado para cumplir con los requisitos para aplicaciones de bajos graves en donde se requiere una extensi\u00f3n significativa en la frecuencia media. Fue dise\u00f1ada para su uso en gabinetes reflex compactos, en sistemas de dos v\u00edas con drivers de compresi\u00f3n de 1.4\u201d y 2 \u201cpulgadas y para aplicaciones de monitoreo. 15MB1000 tambi\u00e9n es ideal para aplicaciones horn loaded en sistemas multi v\u00eda.  El cono curvil\u00edneo de bajo perfil reforzado con fibra de carbono, proporciona una respuesta suave dentro de su rango de frecuencia y una resistencia excepcional con la m\u00e1xima confiabilidad bajo una alta tensi\u00f3n mec\u00e1nica. El anillo de cobre en las placas se ha adoptado para reducir la inductancia y mejorar la respuesta transitoria. La distorsi\u00f3n por intermodulaci\u00f3n tambi\u00e9n ha sido significativamente mejorada. La baja distorsi\u00f3n y la calidad de sonido inigualable del 15MB1000 tambi\u00e9n ha sido significativamente mejorada con doble anillo demodulador (DDR) integrado en la pieza polar de la estructura magn\u00e9tica. Estos se han dise\u00f1ado para reducir dram\u00e1ticamente la intermodulaci\u00f3n y la distorsi\u00f3n arm\u00f3nica mientras se mejora la respuesta transitoria. La bobina m\u00f3vil de aluminio de 100 mm, emplea la tecnolog\u00eda de bobina Interleaved Sandwich (ISV) en la que un embobinador de fibra de vidrio de alta resistencia transporta bobinas en las superficies interior y exterior para lograr una bobina m\u00f3vil equilibrada con una distribuci\u00f3n uniforme de masa y energ\u00eda motriz. El resultado es un ensamblaje de motor extremadamente lineal. Se ha logrado una excelente disipaci\u00f3n incorporando canales de aire ent re la canasta y la placa superior magn\u00e9tica. Se ha proporcionado ventilaci\u00f3n adicional utilizando respiraderos de aire en la placa posterior que dirigen el aire hacia la parte inferior del espacio de la bobina m\u00f3vil. Tambi\u00e9n se ha prestado mucha atenci\u00f3n al dise\u00f1o de la estructura magn\u00e9tica para maximizar la concentraci\u00f3n de flujo y el factor de fuerza en el entrehierro. Debido al uso cada vez mayor de sistemas de audio de alta potencia en eventos al aire libre, la capacidad de actuar en condiciones clim\u00e1ticas adversas es una caracter\u00edstica clave de los 15 MB1000. Esto se ha logrado utilizando un tratamiento exclusivo que permite que el cono y la placa magn\u00e9tica resistan la corrosi\u00f3n al mismo tiempo que repelen el agua del cono.<\/div>\n<div>\n<h4>Quick look<\/h4>\n<\/div>\n<ul style=\"margin: 0px 0px 0px 25px\">\n<li style=\"list-style-type: circle;margin: 5px\">Di\u00e1metro nominal.<\/li>\n<li style=\"list-style-type: circle;margin: 5px\">Nominal impedance.<\/li>\n<li style=\"list-style-type: circle;margin: 5px\">Power.<\/li>\n<li style=\"list-style-type: circle;margin: 5px\">Sensitivity.<\/li>\n<li style=\"list-style-type: circle;margin: 5px\">Rango de frecuencia.<\/li>\n<li style=\"list-style-type: circle;margin: 5px\">Compresi\u00f3n.<\/li>\n<li style=\"list-style-type: circle;margin: 5px\">Frecuencia m\u00e1xima recomendada.<\/li>\n<li style=\"list-style-type: circle;margin: 5px\">Volumen recomendado del gabinete.<\/li>\n<li style=\"list-style-type: circle;margin: 5px\">Impedancia m\u00ednima.<\/li>\n<li style=\"list-style-type: circle;margin: 5px\">Excursi\u00f3n m\u00e1xima pico a pico.<\/li>\n<li style=\"list-style-type: circle;margin: 5px\">Di\u00e1metro de la bobina m\u00f3vil.<\/li>\n<li style=\"list-style-type: circle;margin: 5px\">Material de la bobina m\u00f3vil.<\/li>\n<li style=\"list-style-type: circle;margin: 5px\">Suspensi\u00f3n.<\/li>\n<li style=\"list-style-type: circle;margin: 5px\">Cono.<\/li>\n<li style=\"list-style-type: circle;margin: 5px\">FS (Frecuencia de resonancia).<\/li>\n<li style=\"list-style-type: circle;margin: 5px\">Resistencia DC.<\/li>\n<li style=\"list-style-type: circle;margin: 5px\">SD (Superficie efectiva).<\/li>\n<li style=\"list-style-type: circle;margin: 5px\">QMS (Factor de calidad mec\u00e1nica).<\/li>\n<li style=\"list-style-type: circle;margin: 5px\">QES (Factor de calidad el\u00e9ctrica).<\/li>\n<li style=\"list-style-type: circle;margin: 5px\">QTS (Factor de calidad total).<\/li>\n<li style=\"list-style-type: circle;margin: 5px\">VAS (Volumen de aire equivalente a CMS).<\/li>\n<li style=\"list-style-type: circle;margin: 5px\">MMS (Masa total del cono).<\/li>\n<li style=\"list-style-type: circle;margin: 5px\">Factor BL <\/li>\n<li style=\"list-style-type: circle;margin: 5px\">XMAX (Desplazamiento m\u00e1ximo).<\/li>\n<li style=\"list-style-type: circle;margin: 5px\">Inductancia de la bobina m\u00f3vil (Le @ 1kHz).<\/li>\n<li style=\"list-style-type: circle;margin: 5px\">Referencia de eficiencia 1W\/1m (espacio medio).<\/li>\n<li style=\"list-style-type: circle;margin: 5px\">Di\u00e1metro total.<\/li>\n<li style=\"list-style-type: circle;margin: 5px\">Numero de agujeros de montaje y tornillo.<\/li>\n<li style=\"list-style-type: circle;margin: 5px\">Di\u00e1metro de los agujeros de montaje.<\/li>\n<li style=\"list-style-type: circle;margin: 5px\">Di\u00e1metro del c\u00edrculo del perno.<\/li>\n<li style=\"list-style-type: circle;margin: 5px\">Corte de montaje frontal del bafle.<\/li>\n<li style=\"list-style-type: circle;margin: 5px\">Corte de montaje posterior del bafle.<\/li>\n<li style=\"list-style-type: circle;margin: 5px\">Profundidad total.<\/li>\n<li style=\"list-style-type: circle;margin: 5px\">Espesor de  brida y junta.<\/li>\n<li style=\"list-style-type: circle;margin: 5px\">Weight.<\/li>\n<\/ul>\n<div>\n<div style=\"font-weight: bold\">Di\u00e1metro nominal.<\/div>\n<div>\n<p>15\u201d pulgadas (380 mm).<\/p>\n<\/div>\n<div style=\"font-weight: bold\">Nominal impedance.<\/div>\n<div>\n<p>8 ohms.<\/p>\n<\/div>\n<div style=\"font-weight: bold\">Power.<\/div>\n<div>\n<p>AES: 850 W. Programa: 1,200 W. Pico: 3,000 W.<\/p>\n<\/div>\n<div style=\"font-weight: bold\">Sensitivity.<\/div>\n<div>\n<p>98 dB.<\/p>\n<\/div>\n<div style=\"font-weight: bold\">Rango de frecuencia.<\/div>\n<div>\n<p>45 &#8211; 5,100 Hz.<\/p>\n<\/div>\n<div style=\"font-weight: bold\">Compresi\u00f3n.<\/div>\n<div>\n<p>A -10 dB: 0.9 dB. A -3 dB: 2.1 dB. A potencia total: 3.8 dB.<\/p>\n<\/div>\n<div style=\"font-weight: bold\">Frecuencia m\u00e1xima recomendada.<\/div>\n<div>\n<p>1,200 Hz.<\/p>\n<\/div>\n<div style=\"font-weight: bold\">Volumen recomendado del gabinete.<\/div>\n<div>\n<p>70 &#8211; 150 lt. (2.47 &#8211; 5.3 pies c\u00fabicos).<\/p>\n<\/div>\n<div style=\"font-weight: bold\">Impedancia m\u00ednima.<\/div>\n<div>\n<p>6 ohms a 25\u00b0C.<\/p>\n<\/div>\n<div style=\"font-weight: bold\">Excursi\u00f3n m\u00e1xima pico a pico.<\/div>\n<div>\n<p>1.53\u201d pulgadas (39 mm).<\/p>\n<\/div>\n<div style=\"font-weight: bold\">Di\u00e1metro de la bobina m\u00f3vil.<\/div>\n<div>\n<p>4\u201d pulgadas (100 mm).<\/p>\n<\/div>\n<div style=\"font-weight: bold\">Material de la bobina m\u00f3vil.<\/div>\n<div>\n<p>Aluminio.<\/p>\n<\/div>\n<div style=\"font-weight: bold\">Suspensi\u00f3n.<\/div>\n<div>\n<p>Triple rollo, poli algod\u00f3n.<\/p>\n<\/div>\n<div style=\"font-weight: bold\">Cono.<\/div>\n<div>\n<p>Curvil\u00edneo, celulosa reforzada con fibra de carbono.<\/p>\n<\/div>\n<div style=\"font-weight: bold\">FS (Frecuencia de resonancia).<\/div>\n<div>\n<p>48 Hz.<\/p>\n<\/div>\n<div style=\"font-weight: bold\">Resistencia DC.<\/div>\n<div>\n<p>5.5 ohms.<\/p>\n<\/div>\n<div style=\"font-weight: bold\">SD (Superficie efectiva).<\/div>\n<div>\n<p>0.0855 sq.mt. (132.5 sq.in.).<\/p>\n<\/div>\n<div style=\"font-weight: bold\">QMS (Factor de calidad mec\u00e1nica).<\/div>\n<div>\n<p>6.<\/p>\n<\/div>\n<div style=\"font-weight: bold\">QES (Factor de calidad el\u00e9ctrica).<\/div>\n<div>\n<p>0.32.<\/p>\n<\/div>\n<div style=\"font-weight: bold\">QTS (Factor de calidad total).<\/div>\n<div>\n<p>0.31.<\/p>\n<\/div>\n<div style=\"font-weight: bold\">VAS (Volumen de aire equivalente a CMS).<\/div>\n<div>\n<p>132.5 lt.<\/p>\n<\/div>\n<div style=\"font-weight: bold\">MMS (Masa total del cono).<\/div>\n<div>\n<p>85 gr.<\/p>\n<\/div>\n<div style=\"font-weight: bold\">Factor BL <\/div>\n<div>\n<p>21 Tm.<\/p>\n<\/div>\n<div style=\"font-weight: bold\">XMAX (Desplazamiento m\u00e1ximo).<\/div>\n<div>\n<p>\u00b1 6 mm (\u00b10.24\u201d pulgadas).<\/p>\n<\/div>\n<div style=\"font-weight: bold\">Inductancia de la bobina m\u00f3vil (Le @ 1kHz).<\/div>\n<div>\n<p>1.5 mH.<\/p>\n<\/div>\n<div style=\"font-weight: bold\">Referencia de eficiencia 1W\/1m (espacio medio).<\/div>\n<div>\n<p>98.4 dB.<\/p>\n<\/div>\n<div style=\"font-weight: bold\">Di\u00e1metro total.<\/div>\n<div>\n<p>15.23\u201d pulgadas (387 mm).<\/p>\n<\/div>\n<div style=\"font-weight: bold\">Numero de agujeros de montaje y tornillo.<\/div>\n<div>\n<p>8.<\/p>\n<\/div>\n<div style=\"font-weight: bold\">Di\u00e1metro de los agujeros de montaje.<\/div>\n<div>\n<p>0.28\u201d pulgadas (7.15 mm).<\/p>\n<\/div>\n<div style=\"font-weight: bold\">Di\u00e1metro del c\u00edrculo del perno.<\/div>\n<div>\n<p>14.55\u201d &#8211; 14.6\u201d pulgadas (370 &#8211; 371 mm).<\/p>\n<\/div>\n<div style=\"font-weight: bold\">Corte de montaje frontal del bafle.<\/div>\n<div>\n<p>\u00d8 13.90\u201d pulgadas (353 mm).<\/p>\n<\/div>\n<div style=\"font-weight: bold\">Corte de montaje posterior del bafle.<\/div>\n<div>\n<p>\u00d8 14.06\u201d pulgadas (357 mm).<\/p>\n<\/div>\n<div style=\"font-weight: bold\">Profundidad total.<\/div>\n<div>\n<p>6.16\u201d pulgadas (156.4 mm).<\/p>\n<\/div>\n<div style=\"font-weight: bold\">Espesor de  brida y junta.<\/div>\n<div>\n<p>0.76\u201d pulgadas (19.5 mm).<\/p>\n<\/div>\n<div style=\"font-weight: bold\">Weight.<\/div>\n<div>\n<p>11.4 kg.<\/p>\n<\/div>\n<\/div>\n<\/div>","protected":false},"excerpt":{"rendered":"<p>Bocina de 15\u201d pulgadas, im\u00e1n de ferrita, cono de celulosa reforzado con fibra de carbono, anillo de cortocircuito de cobre para impedancia lineal y reducci\u00f3n de distorsi\u00f3n, anillos de doble demodulaci\u00f3n (DDR) para una menor distorsi\u00f3n, disipaci\u00f3n mejorada de calor a trav\u00e9s del dise\u00f1o \u00fanico de canasta, conos y platos protegidos contra la intemperie para uso en exteriores, ideal para gabinetes reflex compactos, sistemas de dos v\u00edas y aplicaciones de monitoreo de escenario, impedancia: 8 ohms, potencia AES: 850 W, programa: 1,200 W, pico: 3,000 W, sensibilidad: 98 dB, rango de frecuencia: 45 &#8211; 5,100 Hz, bobina m\u00f3vil de aluminio de 4\u201d pulgadas (100 mm), peso: 11.4 kg.&hellip; <a class=\"kt-excerpt-readmore more-link\" href=\"https:\/\/www.mexicanguitarplayers.com\/en\/tienda\/audio\/bafles-y-bocinas\/bocinas-y-componentes\/medios\/bocina-eighteen-sound-15-15mb1000-8\/\">Read more<\/a><\/p>","protected":false},"featured_media":32686,"comment_status":"open","ping_status":"closed","template":"","meta":{"kt_blocks_editor_width":""},"pwb-brand":[533],"product_brand":[],"product_cat":[213,221,474,534],"product_tag":[],"class_list":{"0":"post-32691","1":"product","2":"type-product","3":"status-publish","4":"has-post-thumbnail","6":"pwb-brand-eighteen-sound","7":"product_cat-audio","8":"product_cat-bafles-y-bocinas","9":"product_cat-bocinas-y-componentes","10":"product_cat-medios","11":"product_shipping_class-10-15-kg","13":"first","14":"instock","15":"taxable","16":"shipping-taxable","17":"purchasable","18":"product-type-simple"},"yoast_head":"<!-- This site is optimized with the Yoast SEO plugin v27.5 - https:\/\/yoast.com\/product\/yoast-seo-wordpress\/ -->\n<title>BOCINA EIGHTEEN SOUND 15 15MB1000\/8 - Mexican Guitar Players<\/title>\n<meta name=\"description\" content=\"Bocina de 15\u201d pulgadas, im\u00e1n de ferrita, cono de celulosa reforzado con fibra de carbono, anillo de cortocircuito de cobre para impedancia lineal y reducci\u00f3n de distorsi\u00f3n, anillos de doble demodulaci\u00f3n (DDR) para una menor distorsi\u00f3n, disipaci\u00f3n mejorada de calor a trav\u00e9s del dise\u00f1o \u00fanico de canasta, conos y platos protegidos contra la intemperie para uso en exteriores, ideal para gabinetes reflex compactos, sistemas de dos v\u00edas y aplicaciones de monitoreo de escenario, impedancia: 8 ohms, potencia AES: 850 W, programa: 1,200 W, pico: 3,000 W, sensibilidad: 98 dB, rango de frecuencia: 45 - 5,100 Hz, bobina m\u00f3vil de aluminio de 4\u201d pulgadas (100 mm), peso: 11.4 kg.\" \/>\n<meta name=\"robots\" content=\"index, follow, max-snippet:-1, max-image-preview:large, max-video-preview:-1\" \/>\n<link rel=\"canonical\" href=\"https:\/\/www.mexicanguitarplayers.com\/en\/tienda\/sin%20categor\u00eda\/bocina-eighteen-sound-15-15mb1000-8\/\" \/>\n<meta property=\"og:locale\" content=\"en_US\" \/>\n<meta property=\"og:type\" content=\"article\" \/>\n<meta property=\"og:title\" content=\"BOCINA EIGHTEEN SOUND 15 15MB1000\/8 - Mexican Guitar Players\" \/>\n<meta property=\"og:description\" content=\"Bocina de 15\u201d pulgadas, im\u00e1n de ferrita, cono de celulosa reforzado con fibra de carbono, anillo de cortocircuito de cobre para impedancia lineal y reducci\u00f3n de distorsi\u00f3n, anillos de doble demodulaci\u00f3n (DDR) para una menor distorsi\u00f3n, disipaci\u00f3n mejorada de calor a trav\u00e9s del dise\u00f1o \u00fanico de canasta, conos y platos protegidos contra la intemperie para uso en exteriores, ideal para gabinetes reflex compactos, sistemas de dos v\u00edas y aplicaciones de monitoreo de escenario, impedancia: 8 ohms, potencia AES: 850 W, programa: 1,200 W, pico: 3,000 W, sensibilidad: 98 dB, rango de frecuencia: 45 - 5,100 Hz, bobina m\u00f3vil de aluminio de 4\u201d pulgadas (100 mm), peso: 11.4 kg.\" \/>\n<meta property=\"og:url\" content=\"https:\/\/www.mexicanguitarplayers.com\/en\/tienda\/sin categor\u00eda\/bocina-eighteen-sound-15-15mb1000-8\/\" \/>\n<meta property=\"og:site_name\" content=\"Mexican Guitar Players\" \/>\n<meta property=\"article:modified_time\" content=\"2026-05-01T13:23:16+00:00\" \/>\n<meta name=\"twitter:card\" content=\"summary_large_image\" \/>\n<meta name=\"twitter:label1\" content=\"Est. reading time\" \/>\n\t<meta name=\"twitter:data1\" content=\"4 minutes\" \/>\n<script type=\"application\/ld+json\" class=\"yoast-schema-graph\">{\"@context\":\"https:\\\/\\\/schema.org\",\"@graph\":[{\"@type\":[\"WebPage\",\"ItemPage\"],\"@id\":\"https:\\\/\\\/www.mexicanguitarplayers.com\\\/tienda\\\/sin categor\u00eda\\\/bocina-eighteen-sound-15-15mb1000-8\\\/\",\"url\":\"https:\\\/\\\/www.mexicanguitarplayers.com\\\/tienda\\\/sin categor\u00eda\\\/bocina-eighteen-sound-15-15mb1000-8\\\/\",\"name\":\"BOCINA EIGHTEEN SOUND 15 15MB1000\\\/8 - Mexican Guitar Players\",\"isPartOf\":{\"@id\":\"https:\\\/\\\/www.mexicanguitarplayers.com\\\/#website\"},\"primaryImageOfPage\":{\"@id\":\"https:\\\/\\\/www.mexicanguitarplayers.com\\\/tienda\\\/sin categor\u00eda\\\/bocina-eighteen-sound-15-15mb1000-8\\\/#primaryimage\"},\"image\":{\"@id\":\"https:\\\/\\\/www.mexicanguitarplayers.com\\\/tienda\\\/sin categor\u00eda\\\/bocina-eighteen-sound-15-15mb1000-8\\\/#primaryimage\"},\"thumbnailUrl\":\"https:\\\/\\\/www.mexicanguitarplayers.com\\\/wp-content\\\/uploads\\\/2025\\\/04\\\/IAEIG15MB10008.jpg\",\"datePublished\":\"2025-04-09T03:03:26+00:00\",\"dateModified\":\"2026-05-01T13:23:16+00:00\",\"description\":\"Bocina de 15\u201d pulgadas, im\u00e1n de ferrita, cono de celulosa reforzado con fibra de carbono, anillo de cortocircuito de cobre para impedancia lineal y reducci\u00f3n de distorsi\u00f3n, anillos de doble demodulaci\u00f3n (DDR) para una menor distorsi\u00f3n, disipaci\u00f3n mejorada de calor a trav\u00e9s del dise\u00f1o \u00fanico de canasta, conos y platos protegidos contra la intemperie para uso en exteriores, ideal para gabinetes reflex compactos, sistemas de dos v\u00edas y aplicaciones de monitoreo de escenario, impedancia: 8 ohms, potencia AES: 850 W, programa: 1,200 W, pico: 3,000 W, sensibilidad: 98 dB, rango de frecuencia: 45 - 5,100 Hz, bobina m\u00f3vil de aluminio de 4\u201d pulgadas (100 mm), peso: 11.4 kg.\",\"breadcrumb\":{\"@id\":\"https:\\\/\\\/www.mexicanguitarplayers.com\\\/tienda\\\/sin categor\u00eda\\\/bocina-eighteen-sound-15-15mb1000-8\\\/#breadcrumb\"},\"inLanguage\":\"en-US\",\"potentialAction\":[{\"@type\":\"ReadAction\",\"target\":[\"https:\\\/\\\/www.mexicanguitarplayers.com\\\/tienda\\\/sin categor\u00eda\\\/bocina-eighteen-sound-15-15mb1000-8\\\/\"]}]},{\"@type\":\"ImageObject\",\"inLanguage\":\"en-US\",\"@id\":\"https:\\\/\\\/www.mexicanguitarplayers.com\\\/tienda\\\/sin categor\u00eda\\\/bocina-eighteen-sound-15-15mb1000-8\\\/#primaryimage\",\"url\":\"https:\\\/\\\/www.mexicanguitarplayers.com\\\/wp-content\\\/uploads\\\/2025\\\/04\\\/IAEIG15MB10008.jpg\",\"contentUrl\":\"https:\\\/\\\/www.mexicanguitarplayers.com\\\/wp-content\\\/uploads\\\/2025\\\/04\\\/IAEIG15MB10008.jpg\",\"width\":1200,\"height\":1200},{\"@type\":\"BreadcrumbList\",\"@id\":\"https:\\\/\\\/www.mexicanguitarplayers.com\\\/tienda\\\/sin categor\u00eda\\\/bocina-eighteen-sound-15-15mb1000-8\\\/#breadcrumb\",\"itemListElement\":[{\"@type\":\"ListItem\",\"position\":1,\"name\":\"Portada\",\"item\":\"https:\\\/\\\/www.mexicanguitarplayers.com\\\/\"},{\"@type\":\"ListItem\",\"position\":2,\"name\":\"Tienda\",\"item\":\"https:\\\/\\\/www.mexicanguitarplayers.com\\\/tienda\\\/\"},{\"@type\":\"ListItem\",\"position\":3,\"name\":\"BOCINA EIGHTEEN SOUND 15 15MB1000\\\/8\"}]},{\"@type\":\"WebSite\",\"@id\":\"https:\\\/\\\/www.mexicanguitarplayers.com\\\/#website\",\"url\":\"https:\\\/\\\/www.mexicanguitarplayers.com\\\/\",\"name\":\"Mexican Guitar Players\",\"description\":\"Website\",\"publisher\":{\"@id\":\"https:\\\/\\\/www.mexicanguitarplayers.com\\\/#organization\"},\"potentialAction\":[{\"@type\":\"SearchAction\",\"target\":{\"@type\":\"EntryPoint\",\"urlTemplate\":\"https:\\\/\\\/www.mexicanguitarplayers.com\\\/?s={search_term_string}\"},\"query-input\":{\"@type\":\"PropertyValueSpecification\",\"valueRequired\":true,\"valueName\":\"search_term_string\"}}],\"inLanguage\":\"en-US\"},{\"@type\":\"Organization\",\"@id\":\"https:\\\/\\\/www.mexicanguitarplayers.com\\\/#organization\",\"name\":\"Mexican Guitar Players\",\"url\":\"https:\\\/\\\/www.mexicanguitarplayers.com\\\/\",\"logo\":{\"@type\":\"ImageObject\",\"inLanguage\":\"en-US\",\"@id\":\"https:\\\/\\\/www.mexicanguitarplayers.com\\\/#\\\/schema\\\/logo\\\/image\\\/\",\"url\":\"\",\"contentUrl\":\"\",\"caption\":\"Mexican Guitar Players\"},\"image\":{\"@id\":\"https:\\\/\\\/www.mexicanguitarplayers.com\\\/#\\\/schema\\\/logo\\\/image\\\/\"}}]}<\/script>\n<!-- \/ Yoast SEO plugin. -->","yoast_head_json":{"title":"BOCINA EIGHTEEN SOUND 15 15MB1000\/8 - Mexican Guitar Players","description":"Bocina de 15\u201d pulgadas, im\u00e1n de ferrita, cono de celulosa reforzado con fibra de carbono, anillo de cortocircuito de cobre para impedancia lineal y reducci\u00f3n de distorsi\u00f3n, anillos de doble demodulaci\u00f3n (DDR) para una menor distorsi\u00f3n, disipaci\u00f3n mejorada de calor a trav\u00e9s del dise\u00f1o \u00fanico de canasta, conos y platos protegidos contra la intemperie para uso en exteriores, ideal para gabinetes reflex compactos, sistemas de dos v\u00edas y aplicaciones de monitoreo de escenario, impedancia: 8 ohms, potencia AES: 850 W, programa: 1,200 W, pico: 3,000 W, sensibilidad: 98 dB, rango de frecuencia: 45 - 5,100 Hz, bobina m\u00f3vil de aluminio de 4\u201d pulgadas (100 mm), peso: 11.4 kg.","robots":{"index":"index","follow":"follow","max-snippet":"max-snippet:-1","max-image-preview":"max-image-preview:large","max-video-preview":"max-video-preview:-1"},"canonical":"https:\/\/www.mexicanguitarplayers.com\/en\/tienda\/sin categor\u00eda\/bocina-eighteen-sound-15-15mb1000-8\/","og_locale":"en_US","og_type":"article","og_title":"BOCINA EIGHTEEN SOUND 15 15MB1000\/8 - Mexican Guitar Players","og_description":"Bocina de 15\u201d pulgadas, im\u00e1n de ferrita, cono de celulosa reforzado con fibra de carbono, anillo de cortocircuito de cobre para impedancia lineal y reducci\u00f3n de distorsi\u00f3n, anillos de doble demodulaci\u00f3n (DDR) para una menor distorsi\u00f3n, disipaci\u00f3n mejorada de calor a trav\u00e9s del dise\u00f1o \u00fanico de canasta, conos y platos protegidos contra la intemperie para uso en exteriores, ideal para gabinetes reflex compactos, sistemas de dos v\u00edas y aplicaciones de monitoreo de escenario, impedancia: 8 ohms, potencia AES: 850 W, programa: 1,200 W, pico: 3,000 W, sensibilidad: 98 dB, rango de frecuencia: 45 - 5,100 Hz, bobina m\u00f3vil de aluminio de 4\u201d pulgadas (100 mm), peso: 11.4 kg.","og_url":"https:\/\/www.mexicanguitarplayers.com\/en\/tienda\/sin categor\u00eda\/bocina-eighteen-sound-15-15mb1000-8\/","og_site_name":"Mexican Guitar Players","article_modified_time":"2026-05-01T13:23:16+00:00","twitter_card":"summary_large_image","twitter_misc":{"Est. reading time":"4 minutes"},"schema":{"@context":"https:\/\/schema.org","@graph":[{"@type":["WebPage","ItemPage"],"@id":"https:\/\/www.mexicanguitarplayers.com\/tienda\/sin categor\u00eda\/bocina-eighteen-sound-15-15mb1000-8\/","url":"https:\/\/www.mexicanguitarplayers.com\/tienda\/sin categor\u00eda\/bocina-eighteen-sound-15-15mb1000-8\/","name":"BOCINA EIGHTEEN SOUND 15 15MB1000\/8 - Mexican Guitar Players","isPartOf":{"@id":"https:\/\/www.mexicanguitarplayers.com\/#website"},"primaryImageOfPage":{"@id":"https:\/\/www.mexicanguitarplayers.com\/tienda\/sin categor\u00eda\/bocina-eighteen-sound-15-15mb1000-8\/#primaryimage"},"image":{"@id":"https:\/\/www.mexicanguitarplayers.com\/tienda\/sin categor\u00eda\/bocina-eighteen-sound-15-15mb1000-8\/#primaryimage"},"thumbnailUrl":"https:\/\/www.mexicanguitarplayers.com\/wp-content\/uploads\/2025\/04\/IAEIG15MB10008.jpg","datePublished":"2025-04-09T03:03:26+00:00","dateModified":"2026-05-01T13:23:16+00:00","description":"Bocina de 15\u201d pulgadas, im\u00e1n de ferrita, cono de celulosa reforzado con fibra de carbono, anillo de cortocircuito de cobre para impedancia lineal y reducci\u00f3n de distorsi\u00f3n, anillos de doble demodulaci\u00f3n (DDR) para una menor distorsi\u00f3n, disipaci\u00f3n mejorada de calor a trav\u00e9s del dise\u00f1o \u00fanico de canasta, conos y platos protegidos contra la intemperie para uso en exteriores, ideal para gabinetes reflex compactos, sistemas de dos v\u00edas y aplicaciones de monitoreo de escenario, impedancia: 8 ohms, potencia AES: 850 W, programa: 1,200 W, pico: 3,000 W, sensibilidad: 98 dB, rango de frecuencia: 45 - 5,100 Hz, bobina m\u00f3vil de aluminio de 4\u201d pulgadas (100 mm), peso: 11.4 kg.","breadcrumb":{"@id":"https:\/\/www.mexicanguitarplayers.com\/tienda\/sin categor\u00eda\/bocina-eighteen-sound-15-15mb1000-8\/#breadcrumb"},"inLanguage":"en-US","potentialAction":[{"@type":"ReadAction","target":["https:\/\/www.mexicanguitarplayers.com\/tienda\/sin categor\u00eda\/bocina-eighteen-sound-15-15mb1000-8\/"]}]},{"@type":"ImageObject","inLanguage":"en-US","@id":"https:\/\/www.mexicanguitarplayers.com\/tienda\/sin categor\u00eda\/bocina-eighteen-sound-15-15mb1000-8\/#primaryimage","url":"https:\/\/www.mexicanguitarplayers.com\/wp-content\/uploads\/2025\/04\/IAEIG15MB10008.jpg","contentUrl":"https:\/\/www.mexicanguitarplayers.com\/wp-content\/uploads\/2025\/04\/IAEIG15MB10008.jpg","width":1200,"height":1200},{"@type":"BreadcrumbList","@id":"https:\/\/www.mexicanguitarplayers.com\/tienda\/sin categor\u00eda\/bocina-eighteen-sound-15-15mb1000-8\/#breadcrumb","itemListElement":[{"@type":"ListItem","position":1,"name":"Portada","item":"https:\/\/www.mexicanguitarplayers.com\/"},{"@type":"ListItem","position":2,"name":"Tienda","item":"https:\/\/www.mexicanguitarplayers.com\/tienda\/"},{"@type":"ListItem","position":3,"name":"BOCINA EIGHTEEN SOUND 15 15MB1000\/8"}]},{"@type":"WebSite","@id":"https:\/\/www.mexicanguitarplayers.com\/#website","url":"https:\/\/www.mexicanguitarplayers.com\/","name":"Mexican Guitar Players","description":"Website","publisher":{"@id":"https:\/\/www.mexicanguitarplayers.com\/#organization"},"potentialAction":[{"@type":"SearchAction","target":{"@type":"EntryPoint","urlTemplate":"https:\/\/www.mexicanguitarplayers.com\/?s={search_term_string}"},"query-input":{"@type":"PropertyValueSpecification","valueRequired":true,"valueName":"search_term_string"}}],"inLanguage":"en-US"},{"@type":"Organization","@id":"https:\/\/www.mexicanguitarplayers.com\/#organization","name":"Mexican Guitar Players","url":"https:\/\/www.mexicanguitarplayers.com\/","logo":{"@type":"ImageObject","inLanguage":"en-US","@id":"https:\/\/www.mexicanguitarplayers.com\/#\/schema\/logo\/image\/","url":"","contentUrl":"","caption":"Mexican Guitar Players"},"image":{"@id":"https:\/\/www.mexicanguitarplayers.com\/#\/schema\/logo\/image\/"}}]}},"brands":[{"id":533,"name":"EIGHTEEN SOUND","slug":"eighteen-sound"}],"_links":{"self":[{"href":"https:\/\/www.mexicanguitarplayers.com\/en\/wp-json\/wp\/v2\/product\/32691","targetHints":{"allow":["GET"]}}],"collection":[{"href":"https:\/\/www.mexicanguitarplayers.com\/en\/wp-json\/wp\/v2\/product"}],"about":[{"href":"https:\/\/www.mexicanguitarplayers.com\/en\/wp-json\/wp\/v2\/types\/product"}],"replies":[{"embeddable":true,"href":"https:\/\/www.mexicanguitarplayers.com\/en\/wp-json\/wp\/v2\/comments?post=32691"}],"wp:featuredmedia":[{"embeddable":true,"href":"https:\/\/www.mexicanguitarplayers.com\/en\/wp-json\/wp\/v2\/media\/32686"}],"wp:attachment":[{"href":"https:\/\/www.mexicanguitarplayers.com\/en\/wp-json\/wp\/v2\/media?parent=32691"}],"wp:term":[{"taxonomy":"pwb-brand","embeddable":true,"href":"https:\/\/www.mexicanguitarplayers.com\/en\/wp-json\/wp\/v2\/pwb-brand?post=32691"},{"taxonomy":"product_brand","embeddable":true,"href":"https:\/\/www.mexicanguitarplayers.com\/en\/wp-json\/wp\/v2\/product_brand?post=32691"},{"taxonomy":"product_cat","embeddable":true,"href":"https:\/\/www.mexicanguitarplayers.com\/en\/wp-json\/wp\/v2\/product_cat?post=32691"},{"taxonomy":"product_tag","embeddable":true,"href":"https:\/\/www.mexicanguitarplayers.com\/en\/wp-json\/wp\/v2\/product_tag?post=32691"}],"curies":[{"name":"wp","href":"https:\/\/api.w.org\/{rel}","templated":true}]}}