{"id":32732,"date":"2025-04-08T21:04:18","date_gmt":"2025-04-09T03:04:18","guid":{"rendered":"https:\/\/www.mexicanguitarplayers.com\/tienda\/sin categor\u00eda\/bajo-mars-electrico-rockey-6\/"},"modified":"2026-04-10T04:33:02","modified_gmt":"2026-04-10T10:33:02","slug":"bajo-mars-electrico-rockey-6","status":"publish","type":"product","link":"https:\/\/www.mexicanguitarplayers.com\/en\/tienda\/cuerdas\/bajos\/electricos\/electricos-pasivos\/bajo-mars-electrico-rockey-6\/","title":{"rendered":"BAJO MARS ELECTRICO ROCKEY 6"},"content":{"rendered":"<div style=\"text-align: justify\">\n<div>\n<h3>\u00a1Cuerpo y potencia en tu bajo!<\/h3>\n<\/div>\n<div>Con el bajo el\u00e9ctrico Rockey 6 de Mars estar\u00e1s totalmente equipado. Est\u00e1 dise\u00f1ado para practicar y tocar en vivo y es ideal para jazz, rock cl\u00e1sico, blues, rock pesado y heavy metal. El bajo el\u00e9ctrico  Rockey 6 est\u00e1 pensado para quien quiere tener un buen instrumento desde su iniciaci\u00f3n musical, cuenta con un dise\u00f1o poderoso y atractivo. Potencia, fidelidad y definici\u00f3n, sus poderosas pastillas tienen una lectura perfecta a la distorsi\u00f3n y una estupenda definici\u00f3n en el canal limpio. Tonos profesionales. Solos estremecedores y definidos riffs corpulentos y demoledores es lo que conseguir\u00e1s con el bajo el\u00e9ctrico Rockey 6 de Mars. Mars cuenta con el material de la m\u00e1s alta calidad en el mercado y un control de calidad  estricto.<\/div>\n<div>\n<h4>Quick look<\/h4>\n<\/div>\n<ul style=\"margin: 0px 0px 0px 25px\">\n<li style=\"list-style-type: circle;margin: 5px\">Brazo de maple.<\/li>\n<li style=\"list-style-type: circle;margin: 5px\">Diapas\u00f3n de rosewood. <\/li>\n<\/ul>\n<div>\n<div style=\"font-weight: bold\">Brazo de maple.<\/div>\n<div>\n<p>Tus digitaciones ser\u00e1n m\u00e1s c\u00f3modas y placenteras ya que el maple es una de las maderas m\u00e1s finas, ligeras y duraderas  que una guitarra puede tener.<\/p>\n<\/div>\n<div style=\"font-weight: bold\">Diapas\u00f3n de rosewood. <\/div>\n<div>\n<p>Contar\u00e1s con toda la fineza, comodidad y durabilidad en tu diapas\u00f3n, ya que el rosewood es una de las maderas que re\u00fane todas estas caracter\u00edsticas.   <\/p>\n<\/div>\n<\/div>\n<div>\n<h4>Characteristics<\/h4>\n<\/div>\n<div>\n<ul style=\"margin: 0px 0px 0px 25px\">\n<li style=\"list-style-type: circle;margin: 5px\">2 potentes pickups SC.<\/li>\n<li style=\"list-style-type: circle;margin: 5px\"> 24 frets.<\/li>\n<\/ul>\n<\/div>\n<\/div>","protected":false},"excerpt":{"rendered":"<p>Rockey 6, bajo el\u00e9ctrico de 6 cuerdas con cuerpo de basswood, brazo de maple y diapas\u00f3n de rosewood con 24 trastes. Equipado con 2 pickups JB Mars de alta inductancia, controles de 2 vol\u00famenes y tono (500K), y puente fijo MB402. Su ensamblaje Bolt-On, maquinaria open gear 4on y alma de acero de 2 v\u00edas aseguran durabilidad y estabilidad. Ideal para m\u00fasicos que buscan versatilidad y alto rendimiento.&hellip; <a class=\"kt-excerpt-readmore more-link\" href=\"https:\/\/www.mexicanguitarplayers.com\/en\/tienda\/cuerdas\/bajos\/electricos\/electricos-pasivos\/bajo-mars-electrico-rockey-6\/\">Read more<\/a><\/p>","protected":false},"featured_media":32715,"comment_status":"open","ping_status":"closed","template":"","meta":{"kt_blocks_editor_width":""},"pwb-brand":[332],"product_brand":[],"product_cat":[317,224,318,319],"product_tag":[],"class_list":{"0":"post-32732","1":"product","2":"type-product","3":"status-publish","4":"has-post-thumbnail","6":"pwb-brand-mars","7":"product_cat-bajos","8":"product_cat-cuerdas","9":"product_cat-electricos","10":"product_cat-electricos-pasivos","11":"product_shipping_class-5-10-kg","13":"first","14":"outofstock","15":"taxable","16":"shipping-taxable","17":"purchasable","18":"product-type-simple"},"yoast_head":"<!-- This site is optimized with the Yoast SEO plugin v27.5 - https:\/\/yoast.com\/product\/yoast-seo-wordpress\/ -->\n<title>BAJO MARS ELECTRICO ROCKEY 6 - Mexican Guitar Players<\/title>\n<meta name=\"description\" content=\"Rockey 6, bajo el\u00e9ctrico de 6 cuerdas con cuerpo de basswood, brazo de maple y diapas\u00f3n de rosewood con 24 trastes. Equipado con 2 pickups JB Mars de alta inductancia, controles de 2 vol\u00famenes y tono (500K), y puente fijo MB402. Su ensamblaje Bolt-On, maquinaria open gear 4on y alma de acero de 2 v\u00edas aseguran durabilidad y estabilidad. Ideal para m\u00fasicos que buscan versatilidad y alto rendimiento.\" \/>\n<meta name=\"robots\" content=\"index, follow, max-snippet:-1, max-image-preview:large, max-video-preview:-1\" \/>\n<link rel=\"canonical\" href=\"https:\/\/www.mexicanguitarplayers.com\/en\/tienda\/sin%20categor\u00eda\/bajo-mars-electrico-rockey-6\/\" \/>\n<meta property=\"og:locale\" content=\"en_US\" \/>\n<meta property=\"og:type\" content=\"article\" \/>\n<meta property=\"og:title\" content=\"BAJO MARS ELECTRICO ROCKEY 6 - Mexican Guitar Players\" \/>\n<meta property=\"og:description\" content=\"Rockey 6, bajo el\u00e9ctrico de 6 cuerdas con cuerpo de basswood, brazo de maple y diapas\u00f3n de rosewood con 24 trastes. Equipado con 2 pickups JB Mars de alta inductancia, controles de 2 vol\u00famenes y tono (500K), y puente fijo MB402. Su ensamblaje Bolt-On, maquinaria open gear 4on y alma de acero de 2 v\u00edas aseguran durabilidad y estabilidad. Ideal para m\u00fasicos que buscan versatilidad y alto rendimiento.\" \/>\n<meta property=\"og:url\" content=\"https:\/\/www.mexicanguitarplayers.com\/en\/tienda\/sin categor\u00eda\/bajo-mars-electrico-rockey-6\/\" \/>\n<meta property=\"og:site_name\" content=\"Mexican Guitar Players\" \/>\n<meta property=\"article:modified_time\" content=\"2026-04-10T10:33:02+00:00\" \/>\n<meta name=\"twitter:card\" content=\"summary_large_image\" \/>\n<meta name=\"twitter:label1\" content=\"Est. reading time\" \/>\n\t<meta name=\"twitter:data1\" content=\"1 minute\" \/>\n<script type=\"application\/ld+json\" class=\"yoast-schema-graph\">{\"@context\":\"https:\\\/\\\/schema.org\",\"@graph\":[{\"@type\":[\"WebPage\",\"ItemPage\"],\"@id\":\"https:\\\/\\\/www.mexicanguitarplayers.com\\\/tienda\\\/sin categor\u00eda\\\/bajo-mars-electrico-rockey-6\\\/\",\"url\":\"https:\\\/\\\/www.mexicanguitarplayers.com\\\/tienda\\\/sin categor\u00eda\\\/bajo-mars-electrico-rockey-6\\\/\",\"name\":\"BAJO MARS ELECTRICO ROCKEY 6 - Mexican Guitar Players\",\"isPartOf\":{\"@id\":\"https:\\\/\\\/www.mexicanguitarplayers.com\\\/#website\"},\"primaryImageOfPage\":{\"@id\":\"https:\\\/\\\/www.mexicanguitarplayers.com\\\/tienda\\\/sin categor\u00eda\\\/bajo-mars-electrico-rockey-6\\\/#primaryimage\"},\"image\":{\"@id\":\"https:\\\/\\\/www.mexicanguitarplayers.com\\\/tienda\\\/sin categor\u00eda\\\/bajo-mars-electrico-rockey-6\\\/#primaryimage\"},\"thumbnailUrl\":\"https:\\\/\\\/www.mexicanguitarplayers.com\\\/wp-content\\\/uploads\\\/2025\\\/04\\\/ISMASROCKEY6.jpg\",\"datePublished\":\"2025-04-09T03:04:18+00:00\",\"dateModified\":\"2026-04-10T10:33:02+00:00\",\"description\":\"Rockey 6, bajo el\u00e9ctrico de 6 cuerdas con cuerpo de basswood, brazo de maple y diapas\u00f3n de rosewood con 24 trastes. Equipado con 2 pickups JB Mars de alta inductancia, controles de 2 vol\u00famenes y tono (500K), y puente fijo MB402. Su ensamblaje Bolt-On, maquinaria open gear 4on y alma de acero de 2 v\u00edas aseguran durabilidad y estabilidad. Ideal para m\u00fasicos que buscan versatilidad y alto rendimiento.\",\"breadcrumb\":{\"@id\":\"https:\\\/\\\/www.mexicanguitarplayers.com\\\/tienda\\\/sin categor\u00eda\\\/bajo-mars-electrico-rockey-6\\\/#breadcrumb\"},\"inLanguage\":\"en-US\",\"potentialAction\":[{\"@type\":\"ReadAction\",\"target\":[\"https:\\\/\\\/www.mexicanguitarplayers.com\\\/tienda\\\/sin categor\u00eda\\\/bajo-mars-electrico-rockey-6\\\/\"]}]},{\"@type\":\"ImageObject\",\"inLanguage\":\"en-US\",\"@id\":\"https:\\\/\\\/www.mexicanguitarplayers.com\\\/tienda\\\/sin categor\u00eda\\\/bajo-mars-electrico-rockey-6\\\/#primaryimage\",\"url\":\"https:\\\/\\\/www.mexicanguitarplayers.com\\\/wp-content\\\/uploads\\\/2025\\\/04\\\/ISMASROCKEY6.jpg\",\"contentUrl\":\"https:\\\/\\\/www.mexicanguitarplayers.com\\\/wp-content\\\/uploads\\\/2025\\\/04\\\/ISMASROCKEY6.jpg\",\"width\":800,\"height\":1600},{\"@type\":\"BreadcrumbList\",\"@id\":\"https:\\\/\\\/www.mexicanguitarplayers.com\\\/tienda\\\/sin categor\u00eda\\\/bajo-mars-electrico-rockey-6\\\/#breadcrumb\",\"itemListElement\":[{\"@type\":\"ListItem\",\"position\":1,\"name\":\"Portada\",\"item\":\"https:\\\/\\\/www.mexicanguitarplayers.com\\\/\"},{\"@type\":\"ListItem\",\"position\":2,\"name\":\"Tienda\",\"item\":\"https:\\\/\\\/www.mexicanguitarplayers.com\\\/tienda\\\/\"},{\"@type\":\"ListItem\",\"position\":3,\"name\":\"BAJO MARS ELECTRICO ROCKEY 6\"}]},{\"@type\":\"WebSite\",\"@id\":\"https:\\\/\\\/www.mexicanguitarplayers.com\\\/#website\",\"url\":\"https:\\\/\\\/www.mexicanguitarplayers.com\\\/\",\"name\":\"Mexican Guitar Players\",\"description\":\"Website\",\"publisher\":{\"@id\":\"https:\\\/\\\/www.mexicanguitarplayers.com\\\/#organization\"},\"potentialAction\":[{\"@type\":\"SearchAction\",\"target\":{\"@type\":\"EntryPoint\",\"urlTemplate\":\"https:\\\/\\\/www.mexicanguitarplayers.com\\\/?s={search_term_string}\"},\"query-input\":{\"@type\":\"PropertyValueSpecification\",\"valueRequired\":true,\"valueName\":\"search_term_string\"}}],\"inLanguage\":\"en-US\"},{\"@type\":\"Organization\",\"@id\":\"https:\\\/\\\/www.mexicanguitarplayers.com\\\/#organization\",\"name\":\"Mexican Guitar Players\",\"url\":\"https:\\\/\\\/www.mexicanguitarplayers.com\\\/\",\"logo\":{\"@type\":\"ImageObject\",\"inLanguage\":\"en-US\",\"@id\":\"https:\\\/\\\/www.mexicanguitarplayers.com\\\/#\\\/schema\\\/logo\\\/image\\\/\",\"url\":\"\",\"contentUrl\":\"\",\"caption\":\"Mexican Guitar Players\"},\"image\":{\"@id\":\"https:\\\/\\\/www.mexicanguitarplayers.com\\\/#\\\/schema\\\/logo\\\/image\\\/\"}}]}<\/script>\n<!-- \/ Yoast SEO plugin. -->","yoast_head_json":{"title":"BAJO MARS ELECTRICO ROCKEY 6 - Mexican Guitar Players","description":"Rockey 6, bajo el\u00e9ctrico de 6 cuerdas con cuerpo de basswood, brazo de maple y diapas\u00f3n de rosewood con 24 trastes. Equipado con 2 pickups JB Mars de alta inductancia, controles de 2 vol\u00famenes y tono (500K), y puente fijo MB402. Su ensamblaje Bolt-On, maquinaria open gear 4on y alma de acero de 2 v\u00edas aseguran durabilidad y estabilidad. Ideal para m\u00fasicos que buscan versatilidad y alto rendimiento.","robots":{"index":"index","follow":"follow","max-snippet":"max-snippet:-1","max-image-preview":"max-image-preview:large","max-video-preview":"max-video-preview:-1"},"canonical":"https:\/\/www.mexicanguitarplayers.com\/en\/tienda\/sin categor\u00eda\/bajo-mars-electrico-rockey-6\/","og_locale":"en_US","og_type":"article","og_title":"BAJO MARS ELECTRICO ROCKEY 6 - Mexican Guitar Players","og_description":"Rockey 6, bajo el\u00e9ctrico de 6 cuerdas con cuerpo de basswood, brazo de maple y diapas\u00f3n de rosewood con 24 trastes. Equipado con 2 pickups JB Mars de alta inductancia, controles de 2 vol\u00famenes y tono (500K), y puente fijo MB402. Su ensamblaje Bolt-On, maquinaria open gear 4on y alma de acero de 2 v\u00edas aseguran durabilidad y estabilidad. Ideal para m\u00fasicos que buscan versatilidad y alto rendimiento.","og_url":"https:\/\/www.mexicanguitarplayers.com\/en\/tienda\/sin categor\u00eda\/bajo-mars-electrico-rockey-6\/","og_site_name":"Mexican Guitar Players","article_modified_time":"2026-04-10T10:33:02+00:00","twitter_card":"summary_large_image","twitter_misc":{"Est. reading time":"1 minute"},"schema":{"@context":"https:\/\/schema.org","@graph":[{"@type":["WebPage","ItemPage"],"@id":"https:\/\/www.mexicanguitarplayers.com\/tienda\/sin categor\u00eda\/bajo-mars-electrico-rockey-6\/","url":"https:\/\/www.mexicanguitarplayers.com\/tienda\/sin categor\u00eda\/bajo-mars-electrico-rockey-6\/","name":"BAJO MARS ELECTRICO ROCKEY 6 - Mexican Guitar Players","isPartOf":{"@id":"https:\/\/www.mexicanguitarplayers.com\/#website"},"primaryImageOfPage":{"@id":"https:\/\/www.mexicanguitarplayers.com\/tienda\/sin categor\u00eda\/bajo-mars-electrico-rockey-6\/#primaryimage"},"image":{"@id":"https:\/\/www.mexicanguitarplayers.com\/tienda\/sin categor\u00eda\/bajo-mars-electrico-rockey-6\/#primaryimage"},"thumbnailUrl":"https:\/\/www.mexicanguitarplayers.com\/wp-content\/uploads\/2025\/04\/ISMASROCKEY6.jpg","datePublished":"2025-04-09T03:04:18+00:00","dateModified":"2026-04-10T10:33:02+00:00","description":"Rockey 6, bajo el\u00e9ctrico de 6 cuerdas con cuerpo de basswood, brazo de maple y diapas\u00f3n de rosewood con 24 trastes. Equipado con 2 pickups JB Mars de alta inductancia, controles de 2 vol\u00famenes y tono (500K), y puente fijo MB402. Su ensamblaje Bolt-On, maquinaria open gear 4on y alma de acero de 2 v\u00edas aseguran durabilidad y estabilidad. Ideal para m\u00fasicos que buscan versatilidad y alto rendimiento.","breadcrumb":{"@id":"https:\/\/www.mexicanguitarplayers.com\/tienda\/sin categor\u00eda\/bajo-mars-electrico-rockey-6\/#breadcrumb"},"inLanguage":"en-US","potentialAction":[{"@type":"ReadAction","target":["https:\/\/www.mexicanguitarplayers.com\/tienda\/sin categor\u00eda\/bajo-mars-electrico-rockey-6\/"]}]},{"@type":"ImageObject","inLanguage":"en-US","@id":"https:\/\/www.mexicanguitarplayers.com\/tienda\/sin categor\u00eda\/bajo-mars-electrico-rockey-6\/#primaryimage","url":"https:\/\/www.mexicanguitarplayers.com\/wp-content\/uploads\/2025\/04\/ISMASROCKEY6.jpg","contentUrl":"https:\/\/www.mexicanguitarplayers.com\/wp-content\/uploads\/2025\/04\/ISMASROCKEY6.jpg","width":800,"height":1600},{"@type":"BreadcrumbList","@id":"https:\/\/www.mexicanguitarplayers.com\/tienda\/sin categor\u00eda\/bajo-mars-electrico-rockey-6\/#breadcrumb","itemListElement":[{"@type":"ListItem","position":1,"name":"Portada","item":"https:\/\/www.mexicanguitarplayers.com\/"},{"@type":"ListItem","position":2,"name":"Tienda","item":"https:\/\/www.mexicanguitarplayers.com\/tienda\/"},{"@type":"ListItem","position":3,"name":"BAJO MARS ELECTRICO ROCKEY 6"}]},{"@type":"WebSite","@id":"https:\/\/www.mexicanguitarplayers.com\/#website","url":"https:\/\/www.mexicanguitarplayers.com\/","name":"Mexican Guitar Players","description":"Website","publisher":{"@id":"https:\/\/www.mexicanguitarplayers.com\/#organization"},"potentialAction":[{"@type":"SearchAction","target":{"@type":"EntryPoint","urlTemplate":"https:\/\/www.mexicanguitarplayers.com\/?s={search_term_string}"},"query-input":{"@type":"PropertyValueSpecification","valueRequired":true,"valueName":"search_term_string"}}],"inLanguage":"en-US"},{"@type":"Organization","@id":"https:\/\/www.mexicanguitarplayers.com\/#organization","name":"Mexican Guitar Players","url":"https:\/\/www.mexicanguitarplayers.com\/","logo":{"@type":"ImageObject","inLanguage":"en-US","@id":"https:\/\/www.mexicanguitarplayers.com\/#\/schema\/logo\/image\/","url":"","contentUrl":"","caption":"Mexican Guitar Players"},"image":{"@id":"https:\/\/www.mexicanguitarplayers.com\/#\/schema\/logo\/image\/"}}]}},"brands":[{"id":332,"name":"MARS","slug":"mars"}],"_links":{"self":[{"href":"https:\/\/www.mexicanguitarplayers.com\/en\/wp-json\/wp\/v2\/product\/32732","targetHints":{"allow":["GET"]}}],"collection":[{"href":"https:\/\/www.mexicanguitarplayers.com\/en\/wp-json\/wp\/v2\/product"}],"about":[{"href":"https:\/\/www.mexicanguitarplayers.com\/en\/wp-json\/wp\/v2\/types\/product"}],"replies":[{"embeddable":true,"href":"https:\/\/www.mexicanguitarplayers.com\/en\/wp-json\/wp\/v2\/comments?post=32732"}],"wp:featuredmedia":[{"embeddable":true,"href":"https:\/\/www.mexicanguitarplayers.com\/en\/wp-json\/wp\/v2\/media\/32715"}],"wp:attachment":[{"href":"https:\/\/www.mexicanguitarplayers.com\/en\/wp-json\/wp\/v2\/media?parent=32732"}],"wp:term":[{"taxonomy":"pwb-brand","embeddable":true,"href":"https:\/\/www.mexicanguitarplayers.com\/en\/wp-json\/wp\/v2\/pwb-brand?post=32732"},{"taxonomy":"product_brand","embeddable":true,"href":"https:\/\/www.mexicanguitarplayers.com\/en\/wp-json\/wp\/v2\/product_brand?post=32732"},{"taxonomy":"product_cat","embeddable":true,"href":"https:\/\/www.mexicanguitarplayers.com\/en\/wp-json\/wp\/v2\/product_cat?post=32732"},{"taxonomy":"product_tag","embeddable":true,"href":"https:\/\/www.mexicanguitarplayers.com\/en\/wp-json\/wp\/v2\/product_tag?post=32732"}],"curies":[{"name":"wp","href":"https:\/\/api.w.org\/{rel}","templated":true}]}}