{"id":32759,"date":"2025-04-08T21:05:01","date_gmt":"2025-04-09T03:05:01","guid":{"rendered":"https:\/\/www.mexicanguitarplayers.com\/tienda\/sin categor\u00eda\/microfono-behringer-mod-ecm8000\/"},"modified":"2026-04-10T04:33:00","modified_gmt":"2026-04-10T10:33:00","slug":"microfono-behringer-mod-ecm8000","status":"publish","type":"product","link":"https:\/\/www.mexicanguitarplayers.com\/en\/tienda\/audio\/microfonia\/microfonos-alambricos\/para-estudio\/microfono-behringer-mod-ecm8000\/","title":{"rendered":"MICROFONO BEHRINGER MOD. ECM8000"},"content":{"rendered":"<div style=\"text-align: justify\">\n<div>\n<h3>Obt\u00e9n el mejor sonido desde cualquier lugar.<\/h3>\n<\/div>\n<div>Un peque\u00f1o club de jazz suena muy diferente de un gran teatro y este a su vez, suena muy diferente que una arena para rock. Para obtener el mejor sonido en cualquier recinto, primero debes entender la ac\u00fastica de la sala, y ya que cada habitaci\u00f3n es \u00fanica, necesitas el equipo adecuando para obtener un sonido consistentemente perfecto. El ECM8000  es un micr\u00f3fono de condensador con dise\u00f1o especializado para su uso con analizadores en tiempo real, como el Ultracurve DEQ2496 de Behringer y proporciona una imagen ac\u00fastica instant\u00e1nea del recinto. A continuaci\u00f3n, puedes utilizar el ecualizador gr\u00e1fico para ajustar el rendimiento de tu sistema de audio para que coincida perfectamente con las caracter\u00edsticas del recinto. El ECM800 es un micr\u00f3fono ultra asequible de medici\u00f3n de alta precisi\u00f3n que deber\u00eda formar parte del kit de herramientas de todos los ingenieros de audio profesionales. Gran sonido en cada \u00e1ngulo. La respuesta de frecuencia plana del ECM800 de 15 Hz a 20 kHz y su patr\u00f3n de captaci\u00f3n omnidireccional te dan una lectura clara y precisa de las caracter\u00edsticas de sonido \u00fanicas de cualquier recinto. Al igual que los micr\u00f3fonos de condensador est\u00e1ndar utilizados para grabar o tocar en vivo, el ECM800 requiere de alimentaci\u00f3n phantom (+15 a +48V). Hemos incluido un clip de micr\u00f3fono, un adaptador de soporte y un robusto estuche de transporte para una larga vida \u00fatil. Un rendimiento de primera calidad. El ECM8000 puede muy bien convertirse en la herramienta m\u00e1s valiosa de tu bolsa de trucos y es muy asequible. Elimina las conjeturas de la ecualizaci\u00f3n con este incre\u00edblemente preciso micr\u00f3fono, tanto en concierto como en estudio.<\/div>\n<div>\n<h4>Quick look<\/h4>\n<\/div>\n<ul style=\"margin: 0px 0px 0px 25px\">\n<li style=\"list-style-type: circle;margin: 5px\">Kind.<\/li>\n<li style=\"list-style-type: circle;margin: 5px\">Polar pattern.<\/li>\n<li style=\"list-style-type: circle;margin: 5px\">Impedance.<\/li>\n<li style=\"list-style-type: circle;margin: 5px\">Sensitivity.<\/li>\n<li style=\"list-style-type: circle;margin: 5px\">Frequency response.<\/li>\n<li style=\"list-style-type: circle;margin: 5px\">Connector<\/li>\n<li style=\"list-style-type: circle;margin: 5px\">Phantom power.<\/li>\n<li style=\"list-style-type: circle;margin: 5px\">Weight.<\/li>\n<\/ul>\n<div>\n<div style=\"font-weight: bold\">Kind.<\/div>\n<div>\n<p>Condensador.<\/p>\n<\/div>\n<div style=\"font-weight: bold\">Polar pattern.<\/div>\n<div>\n<p>Omnidireccional.<\/p>\n<\/div>\n<div style=\"font-weight: bold\">Impedance.<\/div>\n<div>\n<p>200 ohms.<\/p>\n<\/div>\n<div style=\"font-weight: bold\">Sensitivity.<\/div>\n<div>\n<p>70 dB.<\/p>\n<\/div>\n<div style=\"font-weight: bold\">Frequency response.<\/div>\n<div>\n<p>20 Hz - 20 kHz.<\/p>\n<\/div>\n<div style=\"font-weight: bold\">Connector<\/div>\n<div>\n<p>XLR chapado en oro.<\/p>\n<\/div>\n<div style=\"font-weight: bold\">Phantom power.<\/div>\n<div>\n<p>+15 a +48 V.<\/p>\n<\/div>\n<div style=\"font-weight: bold\">Weight.<\/div>\n<div>\n<p>136 g.<\/p>\n<\/div>\n<\/div>\n<\/div>","protected":false},"excerpt":{"rendered":"<p>Micr\u00f3fono de condensador de medici\u00f3n ultra lineal para aplicaciones de medici\u00f3n y grabaci\u00f3n, perfectamente adaptado para aplicaci\u00f3n de ecualizaci\u00f3n de sala, adem\u00e1s de grabaci\u00f3n de estudio en alta resoluci\u00f3n y aplicaciones en vivo, respuesta de frecuencia excepcionalmente plana y resoluci\u00f3n de sonido ultra alto, patr\u00f3n polar realmente omnidireccional y ponderado, funciona con alimentaci\u00f3n phantom de +15 a +48 V, perfecto para usar con el Ultracurve de Behringer o cualquier otro analizador, entrada FET de ruido ultra bajo sin transformador que elimina la distorsi\u00f3n de baja frecuencia, conector XLR chapado en oro de 3 pines para mayor integridad de la se\u00f1al, soporte giratorio y estuche de transporte incluidos.&hellip; <a class=\"kt-excerpt-readmore more-link\" href=\"https:\/\/www.mexicanguitarplayers.com\/en\/tienda\/audio\/microfonia\/microfonos-alambricos\/para-estudio\/microfono-behringer-mod-ecm8000\/\">Read more<\/a><\/p>","protected":false},"featured_media":32758,"comment_status":"open","ping_status":"closed","template":"","meta":{"kt_blocks_editor_width":""},"pwb-brand":[171],"product_brand":[],"product_cat":[213,214,215,227],"product_tag":[],"class_list":{"0":"post-32759","1":"product","2":"type-product","3":"status-publish","4":"has-post-thumbnail","6":"pwb-brand-behringer","7":"product_cat-audio","8":"product_cat-microfonia","9":"product_cat-microfonos-alambricos","10":"product_cat-para-estudio","11":"product_shipping_class-0-5-kg","13":"first","14":"outofstock","15":"taxable","16":"shipping-taxable","17":"purchasable","18":"product-type-simple"},"yoast_head":"<!-- This site is optimized with the Yoast SEO plugin v27.5 - https:\/\/yoast.com\/product\/yoast-seo-wordpress\/ -->\n<title>MICROFONO BEHRINGER MOD. ECM8000 - Mexican Guitar Players<\/title>\n<meta name=\"description\" content=\"Micr\u00f3fono de condensador de medici\u00f3n ultra lineal para aplicaciones de medici\u00f3n y grabaci\u00f3n, perfectamente adaptado para aplicaci\u00f3n de ecualizaci\u00f3n de sala, adem\u00e1s de grabaci\u00f3n de estudio en alta resoluci\u00f3n y aplicaciones en vivo, respuesta de frecuencia excepcionalmente plana y resoluci\u00f3n de sonido ultra alto, patr\u00f3n polar realmente omnidireccional y ponderado, funciona con alimentaci\u00f3n phantom de +15 a +48 V, perfecto para usar con el Ultracurve de Behringer o cualquier otro analizador, entrada FET de ruido ultra bajo sin transformador que elimina la distorsi\u00f3n de baja frecuencia, conector XLR chapado en oro de 3 pines para mayor integridad de la se\u00f1al, soporte giratorio y estuche de transporte incluidos.\" \/>\n<meta name=\"robots\" content=\"index, follow, max-snippet:-1, max-image-preview:large, max-video-preview:-1\" \/>\n<link rel=\"canonical\" href=\"https:\/\/www.mexicanguitarplayers.com\/en\/tienda\/sin%20categor\u00eda\/microfono-behringer-mod-ecm8000\/\" \/>\n<meta property=\"og:locale\" content=\"en_US\" \/>\n<meta property=\"og:type\" content=\"article\" \/>\n<meta property=\"og:title\" content=\"MICROFONO BEHRINGER MOD. ECM8000 - Mexican Guitar Players\" \/>\n<meta property=\"og:description\" content=\"Micr\u00f3fono de condensador de medici\u00f3n ultra lineal para aplicaciones de medici\u00f3n y grabaci\u00f3n, perfectamente adaptado para aplicaci\u00f3n de ecualizaci\u00f3n de sala, adem\u00e1s de grabaci\u00f3n de estudio en alta resoluci\u00f3n y aplicaciones en vivo, respuesta de frecuencia excepcionalmente plana y resoluci\u00f3n de sonido ultra alto, patr\u00f3n polar realmente omnidireccional y ponderado, funciona con alimentaci\u00f3n phantom de +15 a +48 V, perfecto para usar con el Ultracurve de Behringer o cualquier otro analizador, entrada FET de ruido ultra bajo sin transformador que elimina la distorsi\u00f3n de baja frecuencia, conector XLR chapado en oro de 3 pines para mayor integridad de la se\u00f1al, soporte giratorio y estuche de transporte incluidos.\" \/>\n<meta property=\"og:url\" content=\"https:\/\/www.mexicanguitarplayers.com\/en\/tienda\/sin categor\u00eda\/microfono-behringer-mod-ecm8000\/\" \/>\n<meta property=\"og:site_name\" content=\"Mexican Guitar Players\" \/>\n<meta property=\"article:modified_time\" content=\"2026-04-10T10:33:00+00:00\" \/>\n<meta name=\"twitter:card\" content=\"summary_large_image\" \/>\n<meta name=\"twitter:label1\" content=\"Est. reading time\" \/>\n\t<meta name=\"twitter:data1\" content=\"2 minutes\" \/>\n<script type=\"application\/ld+json\" class=\"yoast-schema-graph\">{\"@context\":\"https:\\\/\\\/schema.org\",\"@graph\":[{\"@type\":[\"WebPage\",\"ItemPage\"],\"@id\":\"https:\\\/\\\/www.mexicanguitarplayers.com\\\/tienda\\\/sin categor\u00eda\\\/microfono-behringer-mod-ecm8000\\\/\",\"url\":\"https:\\\/\\\/www.mexicanguitarplayers.com\\\/tienda\\\/sin categor\u00eda\\\/microfono-behringer-mod-ecm8000\\\/\",\"name\":\"MICROFONO BEHRINGER MOD. ECM8000 - Mexican Guitar Players\",\"isPartOf\":{\"@id\":\"https:\\\/\\\/www.mexicanguitarplayers.com\\\/#website\"},\"primaryImageOfPage\":{\"@id\":\"https:\\\/\\\/www.mexicanguitarplayers.com\\\/tienda\\\/sin categor\u00eda\\\/microfono-behringer-mod-ecm8000\\\/#primaryimage\"},\"image\":{\"@id\":\"https:\\\/\\\/www.mexicanguitarplayers.com\\\/tienda\\\/sin categor\u00eda\\\/microfono-behringer-mod-ecm8000\\\/#primaryimage\"},\"thumbnailUrl\":\"https:\\\/\\\/www.mexicanguitarplayers.com\\\/wp-content\\\/uploads\\\/2025\\\/04\\\/IABEHECM8000.jpg\",\"datePublished\":\"2025-04-09T03:05:01+00:00\",\"dateModified\":\"2026-04-10T10:33:00+00:00\",\"description\":\"Micr\u00f3fono de condensador de medici\u00f3n ultra lineal para aplicaciones de medici\u00f3n y grabaci\u00f3n, perfectamente adaptado para aplicaci\u00f3n de ecualizaci\u00f3n de sala, adem\u00e1s de grabaci\u00f3n de estudio en alta resoluci\u00f3n y aplicaciones en vivo, respuesta de frecuencia excepcionalmente plana y resoluci\u00f3n de sonido ultra alto, patr\u00f3n polar realmente omnidireccional y ponderado, funciona con alimentaci\u00f3n phantom de +15 a +48 V, perfecto para usar con el Ultracurve de Behringer o cualquier otro analizador, entrada FET de ruido ultra bajo sin transformador que elimina la distorsi\u00f3n de baja frecuencia, conector XLR chapado en oro de 3 pines para mayor integridad de la se\u00f1al, soporte giratorio y estuche de transporte incluidos.\",\"breadcrumb\":{\"@id\":\"https:\\\/\\\/www.mexicanguitarplayers.com\\\/tienda\\\/sin categor\u00eda\\\/microfono-behringer-mod-ecm8000\\\/#breadcrumb\"},\"inLanguage\":\"en-US\",\"potentialAction\":[{\"@type\":\"ReadAction\",\"target\":[\"https:\\\/\\\/www.mexicanguitarplayers.com\\\/tienda\\\/sin categor\u00eda\\\/microfono-behringer-mod-ecm8000\\\/\"]}]},{\"@type\":\"ImageObject\",\"inLanguage\":\"en-US\",\"@id\":\"https:\\\/\\\/www.mexicanguitarplayers.com\\\/tienda\\\/sin categor\u00eda\\\/microfono-behringer-mod-ecm8000\\\/#primaryimage\",\"url\":\"https:\\\/\\\/www.mexicanguitarplayers.com\\\/wp-content\\\/uploads\\\/2025\\\/04\\\/IABEHECM8000.jpg\",\"contentUrl\":\"https:\\\/\\\/www.mexicanguitarplayers.com\\\/wp-content\\\/uploads\\\/2025\\\/04\\\/IABEHECM8000.jpg\",\"width\":1200,\"height\":1200},{\"@type\":\"BreadcrumbList\",\"@id\":\"https:\\\/\\\/www.mexicanguitarplayers.com\\\/tienda\\\/sin categor\u00eda\\\/microfono-behringer-mod-ecm8000\\\/#breadcrumb\",\"itemListElement\":[{\"@type\":\"ListItem\",\"position\":1,\"name\":\"Portada\",\"item\":\"https:\\\/\\\/www.mexicanguitarplayers.com\\\/\"},{\"@type\":\"ListItem\",\"position\":2,\"name\":\"Tienda\",\"item\":\"https:\\\/\\\/www.mexicanguitarplayers.com\\\/tienda\\\/\"},{\"@type\":\"ListItem\",\"position\":3,\"name\":\"MICROFONO BEHRINGER MOD. ECM8000\"}]},{\"@type\":\"WebSite\",\"@id\":\"https:\\\/\\\/www.mexicanguitarplayers.com\\\/#website\",\"url\":\"https:\\\/\\\/www.mexicanguitarplayers.com\\\/\",\"name\":\"Mexican Guitar Players\",\"description\":\"Website\",\"publisher\":{\"@id\":\"https:\\\/\\\/www.mexicanguitarplayers.com\\\/#organization\"},\"potentialAction\":[{\"@type\":\"SearchAction\",\"target\":{\"@type\":\"EntryPoint\",\"urlTemplate\":\"https:\\\/\\\/www.mexicanguitarplayers.com\\\/?s={search_term_string}\"},\"query-input\":{\"@type\":\"PropertyValueSpecification\",\"valueRequired\":true,\"valueName\":\"search_term_string\"}}],\"inLanguage\":\"en-US\"},{\"@type\":\"Organization\",\"@id\":\"https:\\\/\\\/www.mexicanguitarplayers.com\\\/#organization\",\"name\":\"Mexican Guitar Players\",\"url\":\"https:\\\/\\\/www.mexicanguitarplayers.com\\\/\",\"logo\":{\"@type\":\"ImageObject\",\"inLanguage\":\"en-US\",\"@id\":\"https:\\\/\\\/www.mexicanguitarplayers.com\\\/#\\\/schema\\\/logo\\\/image\\\/\",\"url\":\"\",\"contentUrl\":\"\",\"caption\":\"Mexican Guitar Players\"},\"image\":{\"@id\":\"https:\\\/\\\/www.mexicanguitarplayers.com\\\/#\\\/schema\\\/logo\\\/image\\\/\"}}]}<\/script>\n<!-- \/ Yoast SEO plugin. -->","yoast_head_json":{"title":"MICROFONO BEHRINGER MOD. ECM8000 - Mexican Guitar Players","description":"Micr\u00f3fono de condensador de medici\u00f3n ultra lineal para aplicaciones de medici\u00f3n y grabaci\u00f3n, perfectamente adaptado para aplicaci\u00f3n de ecualizaci\u00f3n de sala, adem\u00e1s de grabaci\u00f3n de estudio en alta resoluci\u00f3n y aplicaciones en vivo, respuesta de frecuencia excepcionalmente plana y resoluci\u00f3n de sonido ultra alto, patr\u00f3n polar realmente omnidireccional y ponderado, funciona con alimentaci\u00f3n phantom de +15 a +48 V, perfecto para usar con el Ultracurve de Behringer o cualquier otro analizador, entrada FET de ruido ultra bajo sin transformador que elimina la distorsi\u00f3n de baja frecuencia, conector XLR chapado en oro de 3 pines para mayor integridad de la se\u00f1al, soporte giratorio y estuche de transporte incluidos.","robots":{"index":"index","follow":"follow","max-snippet":"max-snippet:-1","max-image-preview":"max-image-preview:large","max-video-preview":"max-video-preview:-1"},"canonical":"https:\/\/www.mexicanguitarplayers.com\/en\/tienda\/sin categor\u00eda\/microfono-behringer-mod-ecm8000\/","og_locale":"en_US","og_type":"article","og_title":"MICROFONO BEHRINGER MOD. ECM8000 - Mexican Guitar Players","og_description":"Micr\u00f3fono de condensador de medici\u00f3n ultra lineal para aplicaciones de medici\u00f3n y grabaci\u00f3n, perfectamente adaptado para aplicaci\u00f3n de ecualizaci\u00f3n de sala, adem\u00e1s de grabaci\u00f3n de estudio en alta resoluci\u00f3n y aplicaciones en vivo, respuesta de frecuencia excepcionalmente plana y resoluci\u00f3n de sonido ultra alto, patr\u00f3n polar realmente omnidireccional y ponderado, funciona con alimentaci\u00f3n phantom de +15 a +48 V, perfecto para usar con el Ultracurve de Behringer o cualquier otro analizador, entrada FET de ruido ultra bajo sin transformador que elimina la distorsi\u00f3n de baja frecuencia, conector XLR chapado en oro de 3 pines para mayor integridad de la se\u00f1al, soporte giratorio y estuche de transporte incluidos.","og_url":"https:\/\/www.mexicanguitarplayers.com\/en\/tienda\/sin categor\u00eda\/microfono-behringer-mod-ecm8000\/","og_site_name":"Mexican Guitar Players","article_modified_time":"2026-04-10T10:33:00+00:00","twitter_card":"summary_large_image","twitter_misc":{"Est. reading time":"2 minutes"},"schema":{"@context":"https:\/\/schema.org","@graph":[{"@type":["WebPage","ItemPage"],"@id":"https:\/\/www.mexicanguitarplayers.com\/tienda\/sin categor\u00eda\/microfono-behringer-mod-ecm8000\/","url":"https:\/\/www.mexicanguitarplayers.com\/tienda\/sin categor\u00eda\/microfono-behringer-mod-ecm8000\/","name":"MICROFONO BEHRINGER MOD. ECM8000 - Mexican Guitar Players","isPartOf":{"@id":"https:\/\/www.mexicanguitarplayers.com\/#website"},"primaryImageOfPage":{"@id":"https:\/\/www.mexicanguitarplayers.com\/tienda\/sin categor\u00eda\/microfono-behringer-mod-ecm8000\/#primaryimage"},"image":{"@id":"https:\/\/www.mexicanguitarplayers.com\/tienda\/sin categor\u00eda\/microfono-behringer-mod-ecm8000\/#primaryimage"},"thumbnailUrl":"https:\/\/www.mexicanguitarplayers.com\/wp-content\/uploads\/2025\/04\/IABEHECM8000.jpg","datePublished":"2025-04-09T03:05:01+00:00","dateModified":"2026-04-10T10:33:00+00:00","description":"Micr\u00f3fono de condensador de medici\u00f3n ultra lineal para aplicaciones de medici\u00f3n y grabaci\u00f3n, perfectamente adaptado para aplicaci\u00f3n de ecualizaci\u00f3n de sala, adem\u00e1s de grabaci\u00f3n de estudio en alta resoluci\u00f3n y aplicaciones en vivo, respuesta de frecuencia excepcionalmente plana y resoluci\u00f3n de sonido ultra alto, patr\u00f3n polar realmente omnidireccional y ponderado, funciona con alimentaci\u00f3n phantom de +15 a +48 V, perfecto para usar con el Ultracurve de Behringer o cualquier otro analizador, entrada FET de ruido ultra bajo sin transformador que elimina la distorsi\u00f3n de baja frecuencia, conector XLR chapado en oro de 3 pines para mayor integridad de la se\u00f1al, soporte giratorio y estuche de transporte incluidos.","breadcrumb":{"@id":"https:\/\/www.mexicanguitarplayers.com\/tienda\/sin categor\u00eda\/microfono-behringer-mod-ecm8000\/#breadcrumb"},"inLanguage":"en-US","potentialAction":[{"@type":"ReadAction","target":["https:\/\/www.mexicanguitarplayers.com\/tienda\/sin categor\u00eda\/microfono-behringer-mod-ecm8000\/"]}]},{"@type":"ImageObject","inLanguage":"en-US","@id":"https:\/\/www.mexicanguitarplayers.com\/tienda\/sin categor\u00eda\/microfono-behringer-mod-ecm8000\/#primaryimage","url":"https:\/\/www.mexicanguitarplayers.com\/wp-content\/uploads\/2025\/04\/IABEHECM8000.jpg","contentUrl":"https:\/\/www.mexicanguitarplayers.com\/wp-content\/uploads\/2025\/04\/IABEHECM8000.jpg","width":1200,"height":1200},{"@type":"BreadcrumbList","@id":"https:\/\/www.mexicanguitarplayers.com\/tienda\/sin categor\u00eda\/microfono-behringer-mod-ecm8000\/#breadcrumb","itemListElement":[{"@type":"ListItem","position":1,"name":"Portada","item":"https:\/\/www.mexicanguitarplayers.com\/"},{"@type":"ListItem","position":2,"name":"Tienda","item":"https:\/\/www.mexicanguitarplayers.com\/tienda\/"},{"@type":"ListItem","position":3,"name":"MICROFONO BEHRINGER MOD. ECM8000"}]},{"@type":"WebSite","@id":"https:\/\/www.mexicanguitarplayers.com\/#website","url":"https:\/\/www.mexicanguitarplayers.com\/","name":"Mexican Guitar Players","description":"Website","publisher":{"@id":"https:\/\/www.mexicanguitarplayers.com\/#organization"},"potentialAction":[{"@type":"SearchAction","target":{"@type":"EntryPoint","urlTemplate":"https:\/\/www.mexicanguitarplayers.com\/?s={search_term_string}"},"query-input":{"@type":"PropertyValueSpecification","valueRequired":true,"valueName":"search_term_string"}}],"inLanguage":"en-US"},{"@type":"Organization","@id":"https:\/\/www.mexicanguitarplayers.com\/#organization","name":"Mexican Guitar Players","url":"https:\/\/www.mexicanguitarplayers.com\/","logo":{"@type":"ImageObject","inLanguage":"en-US","@id":"https:\/\/www.mexicanguitarplayers.com\/#\/schema\/logo\/image\/","url":"","contentUrl":"","caption":"Mexican Guitar Players"},"image":{"@id":"https:\/\/www.mexicanguitarplayers.com\/#\/schema\/logo\/image\/"}}]}},"brands":[{"id":171,"name":"BEHRINGER","slug":"behringer"}],"_links":{"self":[{"href":"https:\/\/www.mexicanguitarplayers.com\/en\/wp-json\/wp\/v2\/product\/32759","targetHints":{"allow":["GET"]}}],"collection":[{"href":"https:\/\/www.mexicanguitarplayers.com\/en\/wp-json\/wp\/v2\/product"}],"about":[{"href":"https:\/\/www.mexicanguitarplayers.com\/en\/wp-json\/wp\/v2\/types\/product"}],"replies":[{"embeddable":true,"href":"https:\/\/www.mexicanguitarplayers.com\/en\/wp-json\/wp\/v2\/comments?post=32759"}],"wp:featuredmedia":[{"embeddable":true,"href":"https:\/\/www.mexicanguitarplayers.com\/en\/wp-json\/wp\/v2\/media\/32758"}],"wp:attachment":[{"href":"https:\/\/www.mexicanguitarplayers.com\/en\/wp-json\/wp\/v2\/media?parent=32759"}],"wp:term":[{"taxonomy":"pwb-brand","embeddable":true,"href":"https:\/\/www.mexicanguitarplayers.com\/en\/wp-json\/wp\/v2\/pwb-brand?post=32759"},{"taxonomy":"product_brand","embeddable":true,"href":"https:\/\/www.mexicanguitarplayers.com\/en\/wp-json\/wp\/v2\/product_brand?post=32759"},{"taxonomy":"product_cat","embeddable":true,"href":"https:\/\/www.mexicanguitarplayers.com\/en\/wp-json\/wp\/v2\/product_cat?post=32759"},{"taxonomy":"product_tag","embeddable":true,"href":"https:\/\/www.mexicanguitarplayers.com\/en\/wp-json\/wp\/v2\/product_tag?post=32759"}],"curies":[{"name":"wp","href":"https:\/\/api.w.org\/{rel}","templated":true}]}}