{"id":32768,"date":"2025-04-08T21:05:14","date_gmt":"2025-04-09T03:05:14","guid":{"rendered":"https:\/\/www.mexicanguitarplayers.com\/tienda\/sin categor\u00eda\/humidificador-planet-wave-pw-gh-hts\/"},"modified":"2026-05-01T07:23:13","modified_gmt":"2026-05-01T13:23:13","slug":"humidificador-planet-wave-pw-gh-hts","status":"publish","type":"product","link":"https:\/\/www.mexicanguitarplayers.com\/en\/tienda\/accesorios\/para-bateria\/cuidado-y-proteccion\/humidificador-planet-wave-pw-gh-hts\/","title":{"rendered":"HUMIDIFICADOR PLANET WAVE PW-GH-HTS"},"content":{"rendered":"<div style=\"text-align: justify\">\n<div>\n<h3>El mejor cuidado contra la humedad para tu guitarra.<\/h3>\n<\/div>\n<div>Mantener la guitarra humidificada de forma correcta es una medida fundamental para protegerla contra da\u00f1os ambientales y para asegurarse de que funcione al m\u00e1ximo. El humidificador con sensor de temperatura y humedad de Planet Waves logra que humidificar el instrumento sea una tarea simple y f\u00e1cil. El humidificador, que cuelga de las cuerdas en el interior del cuerpo de la guitarra, libera humedad lentamente y de forma uniforme dentro de la guitarra, aunque nunca toca su cuerpo, y es f\u00e1cil de mantener. El sensor de humedad y temperatura es un higr\u00f3metro de precisi\u00f3n que indica digitalmente y de forma exacta los niveles de humedad relativa, que var\u00edan de baja (por debajo del 20%) a 99%. La temperatura se muestra en grados Fahrenheit o cent\u00edgrados, y var\u00eda de -32 \u00b0F a 122 \u00b0F (-35 \u00b0C a 50 \u00b0C). El SHT posee un punto de ajuste programable y una funci\u00f3n de memoria que indica la fecha y hora de los niveles de temperatura y humedad m\u00e1s altos y m\u00e1s bajos a los que el instrumento estuvo expuesto. Adquiere uno para cada uno de tus instrumentos. Instalar y utilizar un SHT y un humidificador de Planet Waves en cada una de las maletas de tus instrumentos es una inversi\u00f3n inteligente. Todos los accesorios de Planet Waves est\u00e1n fabricados con materiales de la m\u00e1s alta calidad, todo con el respaldo de Planet Waves.                           <\/div>\n<div>\n<h4>Quick look<\/h4>\n<\/div>\n<ul style=\"margin: 0px 0px 0px 25px\">\n<li style=\"list-style-type: circle;margin: 5px\">Kit completo.<\/li>\n<li style=\"list-style-type: circle;margin: 5px\">Protecci\u00f3n.<\/li>\n<li style=\"list-style-type: circle;margin: 5px\">Sensor de humedad y temperatura.<\/li>\n<\/ul>\n<div>\n<div style=\"font-weight: bold\">Kit completo.<\/div>\n<div>\n<p>Para controlar y humidificar correctamente tu guitarra ac\u00fastica.<\/p>\n<\/div>\n<div style=\"font-weight: bold\">Protecci\u00f3n.<\/div>\n<div>\n<p>Protege tu instrumento contra el arqueo, el agrietamiento y otros da\u00f1os provocados por la falta de humidificaci\u00f3n.<\/p>\n<\/div>\n<div style=\"font-weight: bold\">Sensor de humedad y temperatura.<\/div>\n<div>\n<p>Muestra con precisi\u00f3n los niveles de humedad y temperatura en una pantalla digital f\u00e1cil de leer con reloj, calendario y funci\u00f3n de memoria incorporados.<\/p>\n<\/div>\n<\/div>\n<div>\n<h4>Characteristics<\/h4>\n<\/div>\n<div>\n<ul style=\"margin: 0px 0px 0px 25px\">\n<li style=\"list-style-type: circle;margin: 5px\">El humidificador nunca toca el cuerpo del instrumento.<\/li>\n<li style=\"list-style-type: circle;margin: 5px\">El humidificador libera humedad de forma lenta y pareja.<\/li>\n<\/ul>\n<\/div>\n<\/div>","protected":false},"excerpt":{"rendered":"<p>Humidificador Planet Waves para guitarra ac\u00fastica con sensor digital de humedady temperatura, mantiene la guitarra humidificada de forma correcta, cuelga de las cuerdas en el interior del cuerpo de la guitarra, libera humedad lentamente yde forma uniforme dentro de la guitarra, aunque nunca toca su cuerpo y es f\u00e1cilde mantener, el sensor de humedad y temperatura es un higr\u00f3metro de precisi\u00f3n que indica digitalmente y de forma exacta los niveles de humedad relativa.&hellip; <a class=\"kt-excerpt-readmore more-link\" href=\"https:\/\/www.mexicanguitarplayers.com\/en\/tienda\/accesorios\/para-bateria\/cuidado-y-proteccion\/humidificador-planet-wave-pw-gh-hts\/\">Read more<\/a><\/p>","protected":false},"featured_media":32766,"comment_status":"open","ping_status":"closed","template":"","meta":{"kt_blocks_editor_width":""},"pwb-brand":[604],"product_brand":[],"product_cat":[85,421,336],"product_tag":[],"class_list":{"0":"post-32768","1":"product","2":"type-product","3":"status-publish","4":"has-post-thumbnail","6":"pwb-brand-planet-waves","7":"product_cat-accesorios","8":"product_cat-cuidado-y-proteccion","9":"product_cat-para-guitarras","10":"product_shipping_class-0-5-kg","12":"first","13":"instock","14":"taxable","15":"shipping-taxable","16":"purchasable","17":"product-type-simple"},"yoast_head":"<!-- This site is optimized with the Yoast SEO plugin v27.5 - https:\/\/yoast.com\/product\/yoast-seo-wordpress\/ -->\n<title>HUMIDIFICADOR PLANET WAVE PW-GH-HTS - Mexican Guitar Players<\/title>\n<meta name=\"description\" content=\"Humidificador Planet Waves para guitarra ac\u00fastica con sensor digital de humedady temperatura, mantiene la guitarra humidificada de forma correcta, cuelga de las cuerdas en el interior del cuerpo de la guitarra, libera humedad lentamente yde forma uniforme dentro de la guitarra, aunque nunca toca su cuerpo y es f\u00e1cilde mantener, el sensor de humedad y temperatura es un higr\u00f3metro de precisi\u00f3n que indica digitalmente y de forma exacta los niveles de humedad relativa.\" \/>\n<meta name=\"robots\" content=\"index, follow, max-snippet:-1, max-image-preview:large, max-video-preview:-1\" \/>\n<link rel=\"canonical\" href=\"https:\/\/www.mexicanguitarplayers.com\/en\/tienda\/sin%20categor\u00eda\/humidificador-planet-wave-pw-gh-hts\/\" \/>\n<meta property=\"og:locale\" content=\"en_US\" \/>\n<meta property=\"og:type\" content=\"article\" \/>\n<meta property=\"og:title\" content=\"HUMIDIFICADOR PLANET WAVE PW-GH-HTS - Mexican Guitar Players\" \/>\n<meta property=\"og:description\" content=\"Humidificador Planet Waves para guitarra ac\u00fastica con sensor digital de humedady temperatura, mantiene la guitarra humidificada de forma correcta, cuelga de las cuerdas en el interior del cuerpo de la guitarra, libera humedad lentamente yde forma uniforme dentro de la guitarra, aunque nunca toca su cuerpo y es f\u00e1cilde mantener, el sensor de humedad y temperatura es un higr\u00f3metro de precisi\u00f3n que indica digitalmente y de forma exacta los niveles de humedad relativa.\" \/>\n<meta property=\"og:url\" content=\"https:\/\/www.mexicanguitarplayers.com\/en\/tienda\/sin categor\u00eda\/humidificador-planet-wave-pw-gh-hts\/\" \/>\n<meta property=\"og:site_name\" content=\"Mexican Guitar Players\" \/>\n<meta property=\"article:modified_time\" content=\"2026-05-01T13:23:13+00:00\" \/>\n<meta name=\"twitter:card\" content=\"summary_large_image\" \/>\n<meta name=\"twitter:label1\" content=\"Est. reading time\" \/>\n\t<meta name=\"twitter:data1\" content=\"2 minutes\" \/>\n<script type=\"application\/ld+json\" class=\"yoast-schema-graph\">{\"@context\":\"https:\\\/\\\/schema.org\",\"@graph\":[{\"@type\":[\"WebPage\",\"ItemPage\"],\"@id\":\"https:\\\/\\\/www.mexicanguitarplayers.com\\\/tienda\\\/sin categor\u00eda\\\/humidificador-planet-wave-pw-gh-hts\\\/\",\"url\":\"https:\\\/\\\/www.mexicanguitarplayers.com\\\/tienda\\\/sin categor\u00eda\\\/humidificador-planet-wave-pw-gh-hts\\\/\",\"name\":\"HUMIDIFICADOR PLANET WAVE PW-GH-HTS - Mexican Guitar Players\",\"isPartOf\":{\"@id\":\"https:\\\/\\\/www.mexicanguitarplayers.com\\\/#website\"},\"primaryImageOfPage\":{\"@id\":\"https:\\\/\\\/www.mexicanguitarplayers.com\\\/tienda\\\/sin categor\u00eda\\\/humidificador-planet-wave-pw-gh-hts\\\/#primaryimage\"},\"image\":{\"@id\":\"https:\\\/\\\/www.mexicanguitarplayers.com\\\/tienda\\\/sin categor\u00eda\\\/humidificador-planet-wave-pw-gh-hts\\\/#primaryimage\"},\"thumbnailUrl\":\"https:\\\/\\\/www.mexicanguitarplayers.com\\\/wp-content\\\/uploads\\\/2025\\\/04\\\/RAPWAPWGHHTS.jpg\",\"datePublished\":\"2025-04-09T03:05:14+00:00\",\"dateModified\":\"2026-05-01T13:23:13+00:00\",\"description\":\"Humidificador Planet Waves para guitarra ac\u00fastica con sensor digital de humedady temperatura, mantiene la guitarra humidificada de forma correcta, cuelga de las cuerdas en el interior del cuerpo de la guitarra, libera humedad lentamente yde forma uniforme dentro de la guitarra, aunque nunca toca su cuerpo y es f\u00e1cilde mantener, el sensor de humedad y temperatura es un higr\u00f3metro de precisi\u00f3n que indica digitalmente y de forma exacta los niveles de humedad relativa.\",\"breadcrumb\":{\"@id\":\"https:\\\/\\\/www.mexicanguitarplayers.com\\\/tienda\\\/sin categor\u00eda\\\/humidificador-planet-wave-pw-gh-hts\\\/#breadcrumb\"},\"inLanguage\":\"en-US\",\"potentialAction\":[{\"@type\":\"ReadAction\",\"target\":[\"https:\\\/\\\/www.mexicanguitarplayers.com\\\/tienda\\\/sin categor\u00eda\\\/humidificador-planet-wave-pw-gh-hts\\\/\"]}]},{\"@type\":\"ImageObject\",\"inLanguage\":\"en-US\",\"@id\":\"https:\\\/\\\/www.mexicanguitarplayers.com\\\/tienda\\\/sin categor\u00eda\\\/humidificador-planet-wave-pw-gh-hts\\\/#primaryimage\",\"url\":\"https:\\\/\\\/www.mexicanguitarplayers.com\\\/wp-content\\\/uploads\\\/2025\\\/04\\\/RAPWAPWGHHTS.jpg\",\"contentUrl\":\"https:\\\/\\\/www.mexicanguitarplayers.com\\\/wp-content\\\/uploads\\\/2025\\\/04\\\/RAPWAPWGHHTS.jpg\",\"width\":1200,\"height\":1200},{\"@type\":\"BreadcrumbList\",\"@id\":\"https:\\\/\\\/www.mexicanguitarplayers.com\\\/tienda\\\/sin categor\u00eda\\\/humidificador-planet-wave-pw-gh-hts\\\/#breadcrumb\",\"itemListElement\":[{\"@type\":\"ListItem\",\"position\":1,\"name\":\"Portada\",\"item\":\"https:\\\/\\\/www.mexicanguitarplayers.com\\\/\"},{\"@type\":\"ListItem\",\"position\":2,\"name\":\"Tienda\",\"item\":\"https:\\\/\\\/www.mexicanguitarplayers.com\\\/tienda\\\/\"},{\"@type\":\"ListItem\",\"position\":3,\"name\":\"HUMIDIFICADOR PLANET WAVE PW-GH-HTS\"}]},{\"@type\":\"WebSite\",\"@id\":\"https:\\\/\\\/www.mexicanguitarplayers.com\\\/#website\",\"url\":\"https:\\\/\\\/www.mexicanguitarplayers.com\\\/\",\"name\":\"Mexican Guitar Players\",\"description\":\"Website\",\"publisher\":{\"@id\":\"https:\\\/\\\/www.mexicanguitarplayers.com\\\/#organization\"},\"potentialAction\":[{\"@type\":\"SearchAction\",\"target\":{\"@type\":\"EntryPoint\",\"urlTemplate\":\"https:\\\/\\\/www.mexicanguitarplayers.com\\\/?s={search_term_string}\"},\"query-input\":{\"@type\":\"PropertyValueSpecification\",\"valueRequired\":true,\"valueName\":\"search_term_string\"}}],\"inLanguage\":\"en-US\"},{\"@type\":\"Organization\",\"@id\":\"https:\\\/\\\/www.mexicanguitarplayers.com\\\/#organization\",\"name\":\"Mexican Guitar Players\",\"url\":\"https:\\\/\\\/www.mexicanguitarplayers.com\\\/\",\"logo\":{\"@type\":\"ImageObject\",\"inLanguage\":\"en-US\",\"@id\":\"https:\\\/\\\/www.mexicanguitarplayers.com\\\/#\\\/schema\\\/logo\\\/image\\\/\",\"url\":\"\",\"contentUrl\":\"\",\"caption\":\"Mexican Guitar Players\"},\"image\":{\"@id\":\"https:\\\/\\\/www.mexicanguitarplayers.com\\\/#\\\/schema\\\/logo\\\/image\\\/\"}}]}<\/script>\n<!-- \/ Yoast SEO plugin. -->","yoast_head_json":{"title":"HUMIDIFICADOR PLANET WAVE PW-GH-HTS - Mexican Guitar Players","description":"Humidificador Planet Waves para guitarra ac\u00fastica con sensor digital de humedady temperatura, mantiene la guitarra humidificada de forma correcta, cuelga de las cuerdas en el interior del cuerpo de la guitarra, libera humedad lentamente yde forma uniforme dentro de la guitarra, aunque nunca toca su cuerpo y es f\u00e1cilde mantener, el sensor de humedad y temperatura es un higr\u00f3metro de precisi\u00f3n que indica digitalmente y de forma exacta los niveles de humedad relativa.","robots":{"index":"index","follow":"follow","max-snippet":"max-snippet:-1","max-image-preview":"max-image-preview:large","max-video-preview":"max-video-preview:-1"},"canonical":"https:\/\/www.mexicanguitarplayers.com\/en\/tienda\/sin categor\u00eda\/humidificador-planet-wave-pw-gh-hts\/","og_locale":"en_US","og_type":"article","og_title":"HUMIDIFICADOR PLANET WAVE PW-GH-HTS - Mexican Guitar Players","og_description":"Humidificador Planet Waves para guitarra ac\u00fastica con sensor digital de humedady temperatura, mantiene la guitarra humidificada de forma correcta, cuelga de las cuerdas en el interior del cuerpo de la guitarra, libera humedad lentamente yde forma uniforme dentro de la guitarra, aunque nunca toca su cuerpo y es f\u00e1cilde mantener, el sensor de humedad y temperatura es un higr\u00f3metro de precisi\u00f3n que indica digitalmente y de forma exacta los niveles de humedad relativa.","og_url":"https:\/\/www.mexicanguitarplayers.com\/en\/tienda\/sin categor\u00eda\/humidificador-planet-wave-pw-gh-hts\/","og_site_name":"Mexican Guitar Players","article_modified_time":"2026-05-01T13:23:13+00:00","twitter_card":"summary_large_image","twitter_misc":{"Est. reading time":"2 minutes"},"schema":{"@context":"https:\/\/schema.org","@graph":[{"@type":["WebPage","ItemPage"],"@id":"https:\/\/www.mexicanguitarplayers.com\/tienda\/sin categor\u00eda\/humidificador-planet-wave-pw-gh-hts\/","url":"https:\/\/www.mexicanguitarplayers.com\/tienda\/sin categor\u00eda\/humidificador-planet-wave-pw-gh-hts\/","name":"HUMIDIFICADOR PLANET WAVE PW-GH-HTS - Mexican Guitar Players","isPartOf":{"@id":"https:\/\/www.mexicanguitarplayers.com\/#website"},"primaryImageOfPage":{"@id":"https:\/\/www.mexicanguitarplayers.com\/tienda\/sin categor\u00eda\/humidificador-planet-wave-pw-gh-hts\/#primaryimage"},"image":{"@id":"https:\/\/www.mexicanguitarplayers.com\/tienda\/sin categor\u00eda\/humidificador-planet-wave-pw-gh-hts\/#primaryimage"},"thumbnailUrl":"https:\/\/www.mexicanguitarplayers.com\/wp-content\/uploads\/2025\/04\/RAPWAPWGHHTS.jpg","datePublished":"2025-04-09T03:05:14+00:00","dateModified":"2026-05-01T13:23:13+00:00","description":"Humidificador Planet Waves para guitarra ac\u00fastica con sensor digital de humedady temperatura, mantiene la guitarra humidificada de forma correcta, cuelga de las cuerdas en el interior del cuerpo de la guitarra, libera humedad lentamente yde forma uniforme dentro de la guitarra, aunque nunca toca su cuerpo y es f\u00e1cilde mantener, el sensor de humedad y temperatura es un higr\u00f3metro de precisi\u00f3n que indica digitalmente y de forma exacta los niveles de humedad relativa.","breadcrumb":{"@id":"https:\/\/www.mexicanguitarplayers.com\/tienda\/sin categor\u00eda\/humidificador-planet-wave-pw-gh-hts\/#breadcrumb"},"inLanguage":"en-US","potentialAction":[{"@type":"ReadAction","target":["https:\/\/www.mexicanguitarplayers.com\/tienda\/sin categor\u00eda\/humidificador-planet-wave-pw-gh-hts\/"]}]},{"@type":"ImageObject","inLanguage":"en-US","@id":"https:\/\/www.mexicanguitarplayers.com\/tienda\/sin categor\u00eda\/humidificador-planet-wave-pw-gh-hts\/#primaryimage","url":"https:\/\/www.mexicanguitarplayers.com\/wp-content\/uploads\/2025\/04\/RAPWAPWGHHTS.jpg","contentUrl":"https:\/\/www.mexicanguitarplayers.com\/wp-content\/uploads\/2025\/04\/RAPWAPWGHHTS.jpg","width":1200,"height":1200},{"@type":"BreadcrumbList","@id":"https:\/\/www.mexicanguitarplayers.com\/tienda\/sin categor\u00eda\/humidificador-planet-wave-pw-gh-hts\/#breadcrumb","itemListElement":[{"@type":"ListItem","position":1,"name":"Portada","item":"https:\/\/www.mexicanguitarplayers.com\/"},{"@type":"ListItem","position":2,"name":"Tienda","item":"https:\/\/www.mexicanguitarplayers.com\/tienda\/"},{"@type":"ListItem","position":3,"name":"HUMIDIFICADOR PLANET WAVE PW-GH-HTS"}]},{"@type":"WebSite","@id":"https:\/\/www.mexicanguitarplayers.com\/#website","url":"https:\/\/www.mexicanguitarplayers.com\/","name":"Mexican Guitar Players","description":"Website","publisher":{"@id":"https:\/\/www.mexicanguitarplayers.com\/#organization"},"potentialAction":[{"@type":"SearchAction","target":{"@type":"EntryPoint","urlTemplate":"https:\/\/www.mexicanguitarplayers.com\/?s={search_term_string}"},"query-input":{"@type":"PropertyValueSpecification","valueRequired":true,"valueName":"search_term_string"}}],"inLanguage":"en-US"},{"@type":"Organization","@id":"https:\/\/www.mexicanguitarplayers.com\/#organization","name":"Mexican Guitar Players","url":"https:\/\/www.mexicanguitarplayers.com\/","logo":{"@type":"ImageObject","inLanguage":"en-US","@id":"https:\/\/www.mexicanguitarplayers.com\/#\/schema\/logo\/image\/","url":"","contentUrl":"","caption":"Mexican Guitar Players"},"image":{"@id":"https:\/\/www.mexicanguitarplayers.com\/#\/schema\/logo\/image\/"}}]}},"brands":[{"id":604,"name":"PLANET WAVES","slug":"planet-waves"}],"_links":{"self":[{"href":"https:\/\/www.mexicanguitarplayers.com\/en\/wp-json\/wp\/v2\/product\/32768","targetHints":{"allow":["GET"]}}],"collection":[{"href":"https:\/\/www.mexicanguitarplayers.com\/en\/wp-json\/wp\/v2\/product"}],"about":[{"href":"https:\/\/www.mexicanguitarplayers.com\/en\/wp-json\/wp\/v2\/types\/product"}],"replies":[{"embeddable":true,"href":"https:\/\/www.mexicanguitarplayers.com\/en\/wp-json\/wp\/v2\/comments?post=32768"}],"wp:featuredmedia":[{"embeddable":true,"href":"https:\/\/www.mexicanguitarplayers.com\/en\/wp-json\/wp\/v2\/media\/32766"}],"wp:attachment":[{"href":"https:\/\/www.mexicanguitarplayers.com\/en\/wp-json\/wp\/v2\/media?parent=32768"}],"wp:term":[{"taxonomy":"pwb-brand","embeddable":true,"href":"https:\/\/www.mexicanguitarplayers.com\/en\/wp-json\/wp\/v2\/pwb-brand?post=32768"},{"taxonomy":"product_brand","embeddable":true,"href":"https:\/\/www.mexicanguitarplayers.com\/en\/wp-json\/wp\/v2\/product_brand?post=32768"},{"taxonomy":"product_cat","embeddable":true,"href":"https:\/\/www.mexicanguitarplayers.com\/en\/wp-json\/wp\/v2\/product_cat?post=32768"},{"taxonomy":"product_tag","embeddable":true,"href":"https:\/\/www.mexicanguitarplayers.com\/en\/wp-json\/wp\/v2\/product_tag?post=32768"}],"curies":[{"name":"wp","href":"https:\/\/api.w.org\/{rel}","templated":true}]}}