{"id":32777,"date":"2025-04-08T21:05:25","date_gmt":"2025-04-09T03:05:25","guid":{"rendered":"https:\/\/www.mexicanguitarplayers.com\/tienda\/sin categor\u00eda\/guitarra-schecter-elect-pt-ex\/"},"modified":"2026-04-10T04:32:57","modified_gmt":"2026-04-10T10:32:57","slug":"guitarra-schecter-elect-pt-ex","status":"publish","type":"product","link":"https:\/\/www.mexicanguitarplayers.com\/en\/tienda\/cuerdas\/guitarras-cuerdas\/electricas\/guitarras-electricas-solidas\/guitarra-schecter-elect-pt-ex\/","title":{"rendered":"GUITARRA SCHECTER ELECT. PT EX"},"content":{"rendered":"<div style=\"text-align: justify\">\n<div>\n<h3>PT EX Guitarra Schecter El\u00e9ctrica<\/h3>\n<\/div>\n<div>Guitarra PT EX de aspecto cl\u00e1sico con un toque de escala de 27 pulgadas. M\u00e1s larga que la t\u00edpica Schecter PT, lo que permite afinaciones bajas listas para el sonido con una tensi\u00f3n de cuerda \u00f3ptima. Es la configuraci\u00f3n perfecta para el d\u00fao de humbuckers de alto rendimiento fabricados en EE. UU. incluye un Pasadena Plus en el puente y un Super Rock Vintage en posici\u00f3n del m\u00e1stil, un combo que cubre sin esfuerzo todo, desde riffs ultra agresivos hasta riffs de la vieja escuela. Desde tonos rocosos hasta limpiezas brillantes.<\/div>\n<div>\n<h4>Characteristics<\/h4>\n<\/div>\n<div>\n<ul style=\"margin: 0px 0px 0px 25px\">\n<li style=\"list-style-type: circle;margin: 5px\">modelo<\/li>\n<li style=\"list-style-type: circle;margin: 5px\">color<\/li>\n<li style=\"list-style-type: circle;margin: 5px\">Sintonizadores<\/li>\n<li style=\"list-style-type: circle;margin: 5px\">Material del diapas\u00f3n<\/li>\n<li style=\"list-style-type: circle;margin: 5px\">Material del cuello<\/li>\n<li style=\"list-style-type: circle;margin: 5px\">Incrustaciones<\/li>\n<li style=\"list-style-type: circle;margin: 5px\">Escala<\/li>\n<li style=\"list-style-type: circle;margin: 5px\">Forma del cuello<\/li>\n<li style=\"list-style-type: circle;margin: 5px\">trastes<\/li>\n<li style=\"list-style-type: circle;margin: 5px\">Radio del diapas\u00f3n<\/li>\n<li style=\"list-style-type: circle;margin: 5px\">Tuerca<\/li>\n<li style=\"list-style-type: circle;margin: 5px\">Ancho de la tuerca<\/li>\n<li style=\"list-style-type: circle;margin: 5px\">Color de hardware<\/li>\n<li style=\"list-style-type: circle;margin: 5px\">Destreza<\/li>\n<li style=\"list-style-type: circle;margin: 5px\">Construcci\u00f3n<\/li>\n<li style=\"list-style-type: circle;margin: 5px\">Cuerpo material<\/li>\n<li style=\"list-style-type: circle;margin: 5px\">Puente<\/li>\n<li style=\"list-style-type: circle;margin: 5px\">Controls<\/li>\n<li style=\"list-style-type: circle;margin: 5px\">Pastilla del puente<\/li>\n<li style=\"list-style-type: circle;margin: 5px\">Pastilla del m\u00e1stil<\/li>\n<li style=\"list-style-type: circle;margin: 5px\">Instrumentos de cuerda<\/li>\n<li style=\"list-style-type: circle;margin: 5px\">estuche<\/li>\n<\/ul>\n<\/div>\n<\/div>","protected":false},"excerpt":{"rendered":"<p>Guitarra Schecter PT-Ex de 6 cuerdas con arce de roca dura ultraestable, reforzado por 2 varillas de fibra de carbono, diapas\u00f3n de \u00e9bano, 22 trastes de acero inoxidable extra-jumbo en un radio de 14 pulgadas y m\u00e1stil tallado en un delgado perfil en \u201cC\u201d , cuerpo de nyatoh y puente r\u00edgido Schecter Diamond PT\/H con pastillas Schecter USA Pasadena Plus y USA Super Rock Vintage.&hellip; <a class=\"kt-excerpt-readmore more-link\" href=\"https:\/\/www.mexicanguitarplayers.com\/en\/tienda\/cuerdas\/guitarras-cuerdas\/electricas\/guitarras-electricas-solidas\/guitarra-schecter-elect-pt-ex\/\">Read more<\/a><\/p>","protected":false},"featured_media":32771,"comment_status":"open","ping_status":"closed","template":"","meta":{"kt_blocks_editor_width":""},"pwb-brand":[175],"product_brand":[],"product_cat":[224,313,312,314],"product_tag":[],"class_list":{"0":"post-32777","1":"product","2":"type-product","3":"status-publish","4":"has-post-thumbnail","6":"pwb-brand-schecter","7":"product_cat-cuerdas","8":"product_cat-electricas","9":"product_cat-guitarras-cuerdas","10":"product_cat-guitarras-electricas-solidas","11":"product_shipping_class-0-5-kg","13":"first","14":"outofstock","15":"taxable","16":"shipping-taxable","17":"purchasable","18":"product-type-simple"},"yoast_head":"<!-- This site is optimized with the Yoast SEO plugin v27.5 - https:\/\/yoast.com\/product\/yoast-seo-wordpress\/ -->\n<title>GUITARRA SCHECTER ELECT. PT EX - Mexican Guitar Players<\/title>\n<meta name=\"description\" content=\"Guitarra Schecter PT-Ex de 6 cuerdas con arce de roca dura ultraestable, reforzado por 2 varillas de fibra de carbono, diapas\u00f3n de \u00e9bano, 22 trastes de acero inoxidable extra-jumbo en un radio de 14 pulgadas y m\u00e1stil tallado en un delgado perfil en \u201cC\u201d , cuerpo de nyatoh y puente r\u00edgido Schecter Diamond PT\/H con pastillas Schecter USA Pasadena Plus y USA Super Rock Vintage.\" \/>\n<meta name=\"robots\" content=\"index, follow, max-snippet:-1, max-image-preview:large, max-video-preview:-1\" \/>\n<link rel=\"canonical\" href=\"https:\/\/www.mexicanguitarplayers.com\/en\/tienda\/sin%20categor\u00eda\/guitarra-schecter-elect-pt-ex\/\" \/>\n<meta property=\"og:locale\" content=\"en_US\" \/>\n<meta property=\"og:type\" content=\"article\" \/>\n<meta property=\"og:title\" content=\"GUITARRA SCHECTER ELECT. PT EX - Mexican Guitar Players\" \/>\n<meta property=\"og:description\" content=\"Guitarra Schecter PT-Ex de 6 cuerdas con arce de roca dura ultraestable, reforzado por 2 varillas de fibra de carbono, diapas\u00f3n de \u00e9bano, 22 trastes de acero inoxidable extra-jumbo en un radio de 14 pulgadas y m\u00e1stil tallado en un delgado perfil en \u201cC\u201d , cuerpo de nyatoh y puente r\u00edgido Schecter Diamond PT\/H con pastillas Schecter USA Pasadena Plus y USA Super Rock Vintage.\" \/>\n<meta property=\"og:url\" content=\"https:\/\/www.mexicanguitarplayers.com\/en\/tienda\/sin categor\u00eda\/guitarra-schecter-elect-pt-ex\/\" \/>\n<meta property=\"og:site_name\" content=\"Mexican Guitar Players\" \/>\n<meta property=\"article:modified_time\" content=\"2026-04-10T10:32:57+00:00\" \/>\n<meta name=\"twitter:card\" content=\"summary_large_image\" \/>\n<meta name=\"twitter:label1\" content=\"Est. reading time\" \/>\n\t<meta name=\"twitter:data1\" content=\"1 minute\" \/>\n<script type=\"application\/ld+json\" class=\"yoast-schema-graph\">{\"@context\":\"https:\\\/\\\/schema.org\",\"@graph\":[{\"@type\":[\"WebPage\",\"ItemPage\"],\"@id\":\"https:\\\/\\\/www.mexicanguitarplayers.com\\\/tienda\\\/sin categor\u00eda\\\/guitarra-schecter-elect-pt-ex\\\/\",\"url\":\"https:\\\/\\\/www.mexicanguitarplayers.com\\\/tienda\\\/sin categor\u00eda\\\/guitarra-schecter-elect-pt-ex\\\/\",\"name\":\"GUITARRA SCHECTER ELECT. PT EX - Mexican Guitar Players\",\"isPartOf\":{\"@id\":\"https:\\\/\\\/www.mexicanguitarplayers.com\\\/#website\"},\"primaryImageOfPage\":{\"@id\":\"https:\\\/\\\/www.mexicanguitarplayers.com\\\/tienda\\\/sin categor\u00eda\\\/guitarra-schecter-elect-pt-ex\\\/#primaryimage\"},\"image\":{\"@id\":\"https:\\\/\\\/www.mexicanguitarplayers.com\\\/tienda\\\/sin categor\u00eda\\\/guitarra-schecter-elect-pt-ex\\\/#primaryimage\"},\"thumbnailUrl\":\"https:\\\/\\\/www.mexicanguitarplayers.com\\\/wp-content\\\/uploads\\\/2025\\\/04\\\/ISSCCPTEX.jpg\",\"datePublished\":\"2025-04-09T03:05:25+00:00\",\"dateModified\":\"2026-04-10T10:32:57+00:00\",\"description\":\"Guitarra Schecter PT-Ex de 6 cuerdas con arce de roca dura ultraestable, reforzado por 2 varillas de fibra de carbono, diapas\u00f3n de \u00e9bano, 22 trastes de acero inoxidable extra-jumbo en un radio de 14 pulgadas y m\u00e1stil tallado en un delgado perfil en \u201cC\u201d , cuerpo de nyatoh y puente r\u00edgido Schecter Diamond PT\\\/H con pastillas Schecter USA Pasadena Plus y USA Super Rock Vintage.\",\"breadcrumb\":{\"@id\":\"https:\\\/\\\/www.mexicanguitarplayers.com\\\/tienda\\\/sin categor\u00eda\\\/guitarra-schecter-elect-pt-ex\\\/#breadcrumb\"},\"inLanguage\":\"en-US\",\"potentialAction\":[{\"@type\":\"ReadAction\",\"target\":[\"https:\\\/\\\/www.mexicanguitarplayers.com\\\/tienda\\\/sin categor\u00eda\\\/guitarra-schecter-elect-pt-ex\\\/\"]}]},{\"@type\":\"ImageObject\",\"inLanguage\":\"en-US\",\"@id\":\"https:\\\/\\\/www.mexicanguitarplayers.com\\\/tienda\\\/sin categor\u00eda\\\/guitarra-schecter-elect-pt-ex\\\/#primaryimage\",\"url\":\"https:\\\/\\\/www.mexicanguitarplayers.com\\\/wp-content\\\/uploads\\\/2025\\\/04\\\/ISSCCPTEX.jpg\",\"contentUrl\":\"https:\\\/\\\/www.mexicanguitarplayers.com\\\/wp-content\\\/uploads\\\/2025\\\/04\\\/ISSCCPTEX.jpg\",\"width\":800,\"height\":1600},{\"@type\":\"BreadcrumbList\",\"@id\":\"https:\\\/\\\/www.mexicanguitarplayers.com\\\/tienda\\\/sin categor\u00eda\\\/guitarra-schecter-elect-pt-ex\\\/#breadcrumb\",\"itemListElement\":[{\"@type\":\"ListItem\",\"position\":1,\"name\":\"Portada\",\"item\":\"https:\\\/\\\/www.mexicanguitarplayers.com\\\/\"},{\"@type\":\"ListItem\",\"position\":2,\"name\":\"Tienda\",\"item\":\"https:\\\/\\\/www.mexicanguitarplayers.com\\\/tienda\\\/\"},{\"@type\":\"ListItem\",\"position\":3,\"name\":\"GUITARRA SCHECTER ELECT. PT EX\"}]},{\"@type\":\"WebSite\",\"@id\":\"https:\\\/\\\/www.mexicanguitarplayers.com\\\/#website\",\"url\":\"https:\\\/\\\/www.mexicanguitarplayers.com\\\/\",\"name\":\"Mexican Guitar Players\",\"description\":\"Website\",\"publisher\":{\"@id\":\"https:\\\/\\\/www.mexicanguitarplayers.com\\\/#organization\"},\"potentialAction\":[{\"@type\":\"SearchAction\",\"target\":{\"@type\":\"EntryPoint\",\"urlTemplate\":\"https:\\\/\\\/www.mexicanguitarplayers.com\\\/?s={search_term_string}\"},\"query-input\":{\"@type\":\"PropertyValueSpecification\",\"valueRequired\":true,\"valueName\":\"search_term_string\"}}],\"inLanguage\":\"en-US\"},{\"@type\":\"Organization\",\"@id\":\"https:\\\/\\\/www.mexicanguitarplayers.com\\\/#organization\",\"name\":\"Mexican Guitar Players\",\"url\":\"https:\\\/\\\/www.mexicanguitarplayers.com\\\/\",\"logo\":{\"@type\":\"ImageObject\",\"inLanguage\":\"en-US\",\"@id\":\"https:\\\/\\\/www.mexicanguitarplayers.com\\\/#\\\/schema\\\/logo\\\/image\\\/\",\"url\":\"\",\"contentUrl\":\"\",\"caption\":\"Mexican Guitar Players\"},\"image\":{\"@id\":\"https:\\\/\\\/www.mexicanguitarplayers.com\\\/#\\\/schema\\\/logo\\\/image\\\/\"}}]}<\/script>\n<!-- \/ Yoast SEO plugin. -->","yoast_head_json":{"title":"GUITARRA SCHECTER ELECT. PT EX - Mexican Guitar Players","description":"Guitarra Schecter PT-Ex de 6 cuerdas con arce de roca dura ultraestable, reforzado por 2 varillas de fibra de carbono, diapas\u00f3n de \u00e9bano, 22 trastes de acero inoxidable extra-jumbo en un radio de 14 pulgadas y m\u00e1stil tallado en un delgado perfil en \u201cC\u201d , cuerpo de nyatoh y puente r\u00edgido Schecter Diamond PT\/H con pastillas Schecter USA Pasadena Plus y USA Super Rock Vintage.","robots":{"index":"index","follow":"follow","max-snippet":"max-snippet:-1","max-image-preview":"max-image-preview:large","max-video-preview":"max-video-preview:-1"},"canonical":"https:\/\/www.mexicanguitarplayers.com\/en\/tienda\/sin categor\u00eda\/guitarra-schecter-elect-pt-ex\/","og_locale":"en_US","og_type":"article","og_title":"GUITARRA SCHECTER ELECT. PT EX - Mexican Guitar Players","og_description":"Guitarra Schecter PT-Ex de 6 cuerdas con arce de roca dura ultraestable, reforzado por 2 varillas de fibra de carbono, diapas\u00f3n de \u00e9bano, 22 trastes de acero inoxidable extra-jumbo en un radio de 14 pulgadas y m\u00e1stil tallado en un delgado perfil en \u201cC\u201d , cuerpo de nyatoh y puente r\u00edgido Schecter Diamond PT\/H con pastillas Schecter USA Pasadena Plus y USA Super Rock Vintage.","og_url":"https:\/\/www.mexicanguitarplayers.com\/en\/tienda\/sin categor\u00eda\/guitarra-schecter-elect-pt-ex\/","og_site_name":"Mexican Guitar Players","article_modified_time":"2026-04-10T10:32:57+00:00","twitter_card":"summary_large_image","twitter_misc":{"Est. reading time":"1 minute"},"schema":{"@context":"https:\/\/schema.org","@graph":[{"@type":["WebPage","ItemPage"],"@id":"https:\/\/www.mexicanguitarplayers.com\/tienda\/sin categor\u00eda\/guitarra-schecter-elect-pt-ex\/","url":"https:\/\/www.mexicanguitarplayers.com\/tienda\/sin categor\u00eda\/guitarra-schecter-elect-pt-ex\/","name":"GUITARRA SCHECTER ELECT. PT EX - Mexican Guitar Players","isPartOf":{"@id":"https:\/\/www.mexicanguitarplayers.com\/#website"},"primaryImageOfPage":{"@id":"https:\/\/www.mexicanguitarplayers.com\/tienda\/sin categor\u00eda\/guitarra-schecter-elect-pt-ex\/#primaryimage"},"image":{"@id":"https:\/\/www.mexicanguitarplayers.com\/tienda\/sin categor\u00eda\/guitarra-schecter-elect-pt-ex\/#primaryimage"},"thumbnailUrl":"https:\/\/www.mexicanguitarplayers.com\/wp-content\/uploads\/2025\/04\/ISSCCPTEX.jpg","datePublished":"2025-04-09T03:05:25+00:00","dateModified":"2026-04-10T10:32:57+00:00","description":"Guitarra Schecter PT-Ex de 6 cuerdas con arce de roca dura ultraestable, reforzado por 2 varillas de fibra de carbono, diapas\u00f3n de \u00e9bano, 22 trastes de acero inoxidable extra-jumbo en un radio de 14 pulgadas y m\u00e1stil tallado en un delgado perfil en \u201cC\u201d , cuerpo de nyatoh y puente r\u00edgido Schecter Diamond PT\/H con pastillas Schecter USA Pasadena Plus y USA Super Rock Vintage.","breadcrumb":{"@id":"https:\/\/www.mexicanguitarplayers.com\/tienda\/sin categor\u00eda\/guitarra-schecter-elect-pt-ex\/#breadcrumb"},"inLanguage":"en-US","potentialAction":[{"@type":"ReadAction","target":["https:\/\/www.mexicanguitarplayers.com\/tienda\/sin categor\u00eda\/guitarra-schecter-elect-pt-ex\/"]}]},{"@type":"ImageObject","inLanguage":"en-US","@id":"https:\/\/www.mexicanguitarplayers.com\/tienda\/sin categor\u00eda\/guitarra-schecter-elect-pt-ex\/#primaryimage","url":"https:\/\/www.mexicanguitarplayers.com\/wp-content\/uploads\/2025\/04\/ISSCCPTEX.jpg","contentUrl":"https:\/\/www.mexicanguitarplayers.com\/wp-content\/uploads\/2025\/04\/ISSCCPTEX.jpg","width":800,"height":1600},{"@type":"BreadcrumbList","@id":"https:\/\/www.mexicanguitarplayers.com\/tienda\/sin categor\u00eda\/guitarra-schecter-elect-pt-ex\/#breadcrumb","itemListElement":[{"@type":"ListItem","position":1,"name":"Portada","item":"https:\/\/www.mexicanguitarplayers.com\/"},{"@type":"ListItem","position":2,"name":"Tienda","item":"https:\/\/www.mexicanguitarplayers.com\/tienda\/"},{"@type":"ListItem","position":3,"name":"GUITARRA SCHECTER ELECT. PT EX"}]},{"@type":"WebSite","@id":"https:\/\/www.mexicanguitarplayers.com\/#website","url":"https:\/\/www.mexicanguitarplayers.com\/","name":"Mexican Guitar Players","description":"Website","publisher":{"@id":"https:\/\/www.mexicanguitarplayers.com\/#organization"},"potentialAction":[{"@type":"SearchAction","target":{"@type":"EntryPoint","urlTemplate":"https:\/\/www.mexicanguitarplayers.com\/?s={search_term_string}"},"query-input":{"@type":"PropertyValueSpecification","valueRequired":true,"valueName":"search_term_string"}}],"inLanguage":"en-US"},{"@type":"Organization","@id":"https:\/\/www.mexicanguitarplayers.com\/#organization","name":"Mexican Guitar Players","url":"https:\/\/www.mexicanguitarplayers.com\/","logo":{"@type":"ImageObject","inLanguage":"en-US","@id":"https:\/\/www.mexicanguitarplayers.com\/#\/schema\/logo\/image\/","url":"","contentUrl":"","caption":"Mexican Guitar Players"},"image":{"@id":"https:\/\/www.mexicanguitarplayers.com\/#\/schema\/logo\/image\/"}}]}},"brands":[{"id":175,"name":"SCHECTER","slug":"schecter"}],"_links":{"self":[{"href":"https:\/\/www.mexicanguitarplayers.com\/en\/wp-json\/wp\/v2\/product\/32777","targetHints":{"allow":["GET"]}}],"collection":[{"href":"https:\/\/www.mexicanguitarplayers.com\/en\/wp-json\/wp\/v2\/product"}],"about":[{"href":"https:\/\/www.mexicanguitarplayers.com\/en\/wp-json\/wp\/v2\/types\/product"}],"replies":[{"embeddable":true,"href":"https:\/\/www.mexicanguitarplayers.com\/en\/wp-json\/wp\/v2\/comments?post=32777"}],"wp:featuredmedia":[{"embeddable":true,"href":"https:\/\/www.mexicanguitarplayers.com\/en\/wp-json\/wp\/v2\/media\/32771"}],"wp:attachment":[{"href":"https:\/\/www.mexicanguitarplayers.com\/en\/wp-json\/wp\/v2\/media?parent=32777"}],"wp:term":[{"taxonomy":"pwb-brand","embeddable":true,"href":"https:\/\/www.mexicanguitarplayers.com\/en\/wp-json\/wp\/v2\/pwb-brand?post=32777"},{"taxonomy":"product_brand","embeddable":true,"href":"https:\/\/www.mexicanguitarplayers.com\/en\/wp-json\/wp\/v2\/product_brand?post=32777"},{"taxonomy":"product_cat","embeddable":true,"href":"https:\/\/www.mexicanguitarplayers.com\/en\/wp-json\/wp\/v2\/product_cat?post=32777"},{"taxonomy":"product_tag","embeddable":true,"href":"https:\/\/www.mexicanguitarplayers.com\/en\/wp-json\/wp\/v2\/product_tag?post=32777"}],"curies":[{"name":"wp","href":"https:\/\/api.w.org\/{rel}","templated":true}]}}