{"id":32880,"date":"2025-04-08T21:07:35","date_gmt":"2025-04-09T03:07:35","guid":{"rendered":"https:\/\/www.mexicanguitarplayers.com\/tienda\/sin categor\u00eda\/pedal-nux-ndo-6-queen-of-tone\/"},"modified":"2026-05-01T07:23:08","modified_gmt":"2026-05-01T13:23:08","slug":"pedal-nux-ndo-6-queen-of-tone","status":"publish","type":"product","link":"https:\/\/www.mexicanguitarplayers.com\/en\/tienda\/cuerdas\/efectos\/efectos-individuales\/pedal-nux-ndo-6-queen-of-tone\/","title":{"rendered":"PEDAL NUX NDO-6 QUEEN OF TONE"},"content":{"rendered":"<div style=\"text-align: justify\">\n<div>\n<h3>La reina del tono.<\/h3>\n<\/div>\n<div>Queen of Tone es un pedal de overdrive dual apilado con Horseman y Morning Star \u00bfPor qu\u00e9? Porque a los grandes guitarristas les encantas los dos overdrives por su tono. En el lado izquierdo del pedal est\u00e1 Horseman con el modo Silver. El Horseman se basa en el legendario Centauro, con un circuito modificado para acceder a la funci\u00f3n secundaria simplemente manteniendo presionado el footswitch modo SILVER. Crea tu tono con las perillas Output, Treble y Gain, luego intenta cambiar entre los dos modos: Gold y Silver, que ofrece un avance masivo que generalmente requiere una entrada de 18V. El modo Gold imita a su predecesor cl\u00e1sico, el pedal de overdrive transparente Gold Centaur y el modo Silver es una versi\u00f3n mejorada con un rango de ganancia extendido (Silver Centaur). En el lado derecho del pedal est\u00e1 Morning Star con el modo Shine. El Morning Star se basa en el legendario circuito Bluesbreaker: un circuito muy transparente y de baja ganancia. Al igual que nuestro Morning Star, tambi\u00e9n cuenta con un simple footswitch para activar el ic\u00f3nico modo Shine para obtener un tono realzado con agudos n\u00edtidos. Mediante el uso de los vers\u00e1tiles switches routing y toggle, puedes ajustar el orden de los overdrives: MS-&gt;HM o HM-&gt;MS. En la parte posterior del pedal, puedes alternar el switch BF\/TB para Buffer-Bypass o True-Bypass y el switch IFS\/NORMAL para activar INPUT FET STAGE (IFS) para aumentar la se\u00f1al de entrada a fin de alcanzar el borde innovador del amplificador que puede hacer que el amplificador de bulbos se caliente m\u00e1s.<\/div>\n<div>\n<h4>Quick look<\/h4>\n<\/div>\n<ul style=\"margin: 0px 0px 0px 25px\">\n<li style=\"list-style-type: circle;margin: 5px\">Lado izquierdo (Horseman).<\/li>\n<li style=\"list-style-type: circle;margin: 5px\">Lado derecho (Morning Star).<\/li>\n<li style=\"list-style-type: circle;margin: 5px\">Entrances and exits.<\/li>\n<li style=\"list-style-type: circle;margin: 5px\">Input impedance.<\/li>\n<li style=\"list-style-type: circle;margin: 5px\">Output impedance.<\/li>\n<li style=\"list-style-type: circle;margin: 5px\">Energy.<\/li>\n<li style=\"list-style-type: circle;margin: 5px\">Consumo de corriente.<\/li>\n<li style=\"list-style-type: circle;margin: 5px\">Dimensions.<\/li>\n<li style=\"list-style-type: circle;margin: 5px\">Weight.<\/li>\n<\/ul>\n<div>\n<div style=\"font-weight: bold\">Lado izquierdo (Horseman).<\/div>\n<div>\n<p>Perilla OUTPUT: Controla el nivel de salida del circuito Horseman. Perilla TONE: Controla la frecuencia de agudos del circuito Horseman. Perilla GAIN: Controla el nivel de excitaci\u00f3n del circuito Horseman. Footswitch: Conectar\/desconectar el circuito Horseman. Mantenlo presionado durante un segundo para activar o desactivar el modo Silver. Indicador SILVER: Mientras activas el modo Silver, el indicador se encender\u00e1.<\/p>\n<\/div>\n<div style=\"font-weight: bold\">Lado derecho (Morning Star).<\/div>\n<div>\n<p>Perilla DRIVE: Controla la ganancia del circuito Morning Star. Perilla TONE: Controla la frecuencia de agudos del circuito Morning Star. Perilla LEVEL: Controla el volumen del circuito Morning Star. Footswitch: Activa o desactiva el circuito Morning Star. Mantenlo presionado durante un segundo, puedes activar o desactivar el modo Shine. Indicador Shine: Mientras activas el modo Shine, el indicador se encender\u00e1.<\/p>\n<\/div>\n<div style=\"font-weight: bold\">Entrances and exits.<\/div>\n<div>\n<p>INPUT: Conecta el lado de tu guitarra al jack de entrada. OUTPUT: Conecta la se\u00f1al de salida al lado del amplificador. EXT. SW: Puedes usar un controlador foot externo (como NUX NMP-2) para controlar este pedal de forma remota. Switch de palanca BF\/TB: BF significa Buffer-Bypass, TB significa True-Bypass. Puedes elegir BF mientras te conectar con varios pedales en tu cadena de se\u00f1al para resolver la situaci\u00f3n de p\u00e9rdida de tono. Switch de palanca IFS\/NORMAL: Queen of Tone puede activar INPUT FET STAGE mientras cambias a la posici\u00f3n IFS, lo que puede aumentar la se\u00f1al de entrada para alcanzar el l\u00edmite del avance del amplificador que puede calentar m\u00e1s el amplificador de bulbos. DA Jack: Usa \u00fanicamente alimentaci\u00f3n de punta negativa de 9V con 100 mA.<\/p>\n<\/div>\n<div style=\"font-weight: bold\">Input impedance.<\/div>\n<div>\n<p>2.2 mili-ohms.<\/p>\n<\/div>\n<div style=\"font-weight: bold\">Output impedance.<\/div>\n<div>\n<p>1 kilo-ohm.<\/p>\n<\/div>\n<div style=\"font-weight: bold\">Energy.<\/div>\n<div>\n<p>9V DC (punta negativa, adaptador opcional ACD-006A).<\/p>\n<\/div>\n<div style=\"font-weight: bold\">Consumo de corriente.<\/div>\n<div>\n<p>Menos de 100 mA (52 mA).<\/p>\n<\/div>\n<div style=\"font-weight: bold\">Dimensions.<\/div>\n<div>\n<p>105 x 115 x 58 mm.<\/p>\n<\/div>\n<div style=\"font-weight: bold\">Weight.<\/div>\n<div>\n<p>440 g.<\/p>\n<\/div>\n<\/div>\n<\/div>","protected":false},"excerpt":{"rendered":"<p>Pedal overdrive modelo Queen of Tone, equipado con circuitos de overdrive: Horseman y Morning Star en una compacta carcasa, modos vers\u00e1tiles y dise\u00f1o de enrutamiento para mejorar la variedad de tonos, dise\u00f1o INPUT FES STAGE para impulsar el borde innovador del amplificador, impedancia de entrada: 2.2 mili-ohms, impedancia de salida: 1 kilo-ohm, energ\u00eda: 9V DC (punta negativa, adaptador opcional ACD-006A no incluido), consumo de corriente: Menos de 100 mA (52 mA), dimensiones: 105 x 115 x 58 mm, peso: 440 g.&hellip; <a class=\"kt-excerpt-readmore more-link\" href=\"https:\/\/www.mexicanguitarplayers.com\/en\/tienda\/cuerdas\/efectos\/efectos-individuales\/pedal-nux-ndo-6-queen-of-tone\/\">Read more<\/a><\/p>","protected":false},"featured_media":32871,"comment_status":"open","ping_status":"closed","template":"","meta":{"kt_blocks_editor_width":""},"pwb-brand":[177],"product_brand":[],"product_cat":[224,241,504],"product_tag":[],"class_list":{"0":"post-32880","1":"product","2":"type-product","3":"status-publish","4":"has-post-thumbnail","6":"pwb-brand-nux","7":"product_cat-cuerdas","8":"product_cat-efectos","9":"product_cat-efectos-individuales","10":"product_shipping_class-0-5-kg","12":"first","13":"instock","14":"taxable","15":"shipping-taxable","16":"purchasable","17":"product-type-simple"},"yoast_head":"<!-- This site is optimized with the Yoast SEO plugin v27.5 - https:\/\/yoast.com\/product\/yoast-seo-wordpress\/ -->\n<title>PEDAL NUX NDO-6 QUEEN OF TONE - Mexican Guitar Players<\/title>\n<meta name=\"description\" content=\"Pedal overdrive modelo Queen of Tone, equipado con circuitos de overdrive: Horseman y Morning Star en una compacta carcasa, modos vers\u00e1tiles y dise\u00f1o de enrutamiento para mejorar la variedad de tonos, dise\u00f1o INPUT FES STAGE para impulsar el borde innovador del amplificador, impedancia de entrada: 2.2 mili-ohms, impedancia de salida: 1 kilo-ohm, energ\u00eda: 9V DC (punta negativa, adaptador opcional ACD-006A no incluido), consumo de corriente: Menos de 100 mA (52 mA), dimensiones: 105 x 115 x 58 mm, peso: 440 g.\" \/>\n<meta name=\"robots\" content=\"index, follow, max-snippet:-1, max-image-preview:large, max-video-preview:-1\" \/>\n<link rel=\"canonical\" href=\"https:\/\/www.mexicanguitarplayers.com\/en\/tienda\/sin%20categor\u00eda\/pedal-nux-ndo-6-queen-of-tone\/\" \/>\n<meta property=\"og:locale\" content=\"en_US\" \/>\n<meta property=\"og:type\" content=\"article\" \/>\n<meta property=\"og:title\" content=\"PEDAL NUX NDO-6 QUEEN OF TONE - Mexican Guitar Players\" \/>\n<meta property=\"og:description\" content=\"Pedal overdrive modelo Queen of Tone, equipado con circuitos de overdrive: Horseman y Morning Star en una compacta carcasa, modos vers\u00e1tiles y dise\u00f1o de enrutamiento para mejorar la variedad de tonos, dise\u00f1o INPUT FES STAGE para impulsar el borde innovador del amplificador, impedancia de entrada: 2.2 mili-ohms, impedancia de salida: 1 kilo-ohm, energ\u00eda: 9V DC (punta negativa, adaptador opcional ACD-006A no incluido), consumo de corriente: Menos de 100 mA (52 mA), dimensiones: 105 x 115 x 58 mm, peso: 440 g.\" \/>\n<meta property=\"og:url\" content=\"https:\/\/www.mexicanguitarplayers.com\/en\/tienda\/sin categor\u00eda\/pedal-nux-ndo-6-queen-of-tone\/\" \/>\n<meta property=\"og:site_name\" content=\"Mexican Guitar Players\" \/>\n<meta property=\"article:modified_time\" content=\"2026-05-01T13:23:08+00:00\" \/>\n<meta name=\"twitter:card\" content=\"summary_large_image\" \/>\n<meta name=\"twitter:label1\" content=\"Est. reading time\" \/>\n\t<meta name=\"twitter:data1\" content=\"3 minutes\" \/>\n<script type=\"application\/ld+json\" class=\"yoast-schema-graph\">{\"@context\":\"https:\\\/\\\/schema.org\",\"@graph\":[{\"@type\":[\"WebPage\",\"ItemPage\"],\"@id\":\"https:\\\/\\\/www.mexicanguitarplayers.com\\\/tienda\\\/sin categor\u00eda\\\/pedal-nux-ndo-6-queen-of-tone\\\/\",\"url\":\"https:\\\/\\\/www.mexicanguitarplayers.com\\\/tienda\\\/sin categor\u00eda\\\/pedal-nux-ndo-6-queen-of-tone\\\/\",\"name\":\"PEDAL NUX NDO-6 QUEEN OF TONE - Mexican Guitar Players\",\"isPartOf\":{\"@id\":\"https:\\\/\\\/www.mexicanguitarplayers.com\\\/#website\"},\"primaryImageOfPage\":{\"@id\":\"https:\\\/\\\/www.mexicanguitarplayers.com\\\/tienda\\\/sin categor\u00eda\\\/pedal-nux-ndo-6-queen-of-tone\\\/#primaryimage\"},\"image\":{\"@id\":\"https:\\\/\\\/www.mexicanguitarplayers.com\\\/tienda\\\/sin categor\u00eda\\\/pedal-nux-ndo-6-queen-of-tone\\\/#primaryimage\"},\"thumbnailUrl\":\"https:\\\/\\\/www.mexicanguitarplayers.com\\\/wp-content\\\/uploads\\\/2025\\\/04\\\/VANUXNDO6.jpg\",\"datePublished\":\"2025-04-09T03:07:35+00:00\",\"dateModified\":\"2026-05-01T13:23:08+00:00\",\"description\":\"Pedal overdrive modelo Queen of Tone, equipado con circuitos de overdrive: Horseman y Morning Star en una compacta carcasa, modos vers\u00e1tiles y dise\u00f1o de enrutamiento para mejorar la variedad de tonos, dise\u00f1o INPUT FES STAGE para impulsar el borde innovador del amplificador, impedancia de entrada: 2.2 mili-ohms, impedancia de salida: 1 kilo-ohm, energ\u00eda: 9V DC (punta negativa, adaptador opcional ACD-006A no incluido), consumo de corriente: Menos de 100 mA (52 mA), dimensiones: 105 x 115 x 58 mm, peso: 440 g.\",\"breadcrumb\":{\"@id\":\"https:\\\/\\\/www.mexicanguitarplayers.com\\\/tienda\\\/sin categor\u00eda\\\/pedal-nux-ndo-6-queen-of-tone\\\/#breadcrumb\"},\"inLanguage\":\"en-US\",\"potentialAction\":[{\"@type\":\"ReadAction\",\"target\":[\"https:\\\/\\\/www.mexicanguitarplayers.com\\\/tienda\\\/sin categor\u00eda\\\/pedal-nux-ndo-6-queen-of-tone\\\/\"]}]},{\"@type\":\"ImageObject\",\"inLanguage\":\"en-US\",\"@id\":\"https:\\\/\\\/www.mexicanguitarplayers.com\\\/tienda\\\/sin categor\u00eda\\\/pedal-nux-ndo-6-queen-of-tone\\\/#primaryimage\",\"url\":\"https:\\\/\\\/www.mexicanguitarplayers.com\\\/wp-content\\\/uploads\\\/2025\\\/04\\\/VANUXNDO6.jpg\",\"contentUrl\":\"https:\\\/\\\/www.mexicanguitarplayers.com\\\/wp-content\\\/uploads\\\/2025\\\/04\\\/VANUXNDO6.jpg\",\"width\":1200,\"height\":1200},{\"@type\":\"BreadcrumbList\",\"@id\":\"https:\\\/\\\/www.mexicanguitarplayers.com\\\/tienda\\\/sin categor\u00eda\\\/pedal-nux-ndo-6-queen-of-tone\\\/#breadcrumb\",\"itemListElement\":[{\"@type\":\"ListItem\",\"position\":1,\"name\":\"Portada\",\"item\":\"https:\\\/\\\/www.mexicanguitarplayers.com\\\/\"},{\"@type\":\"ListItem\",\"position\":2,\"name\":\"Tienda\",\"item\":\"https:\\\/\\\/www.mexicanguitarplayers.com\\\/tienda\\\/\"},{\"@type\":\"ListItem\",\"position\":3,\"name\":\"PEDAL NUX NDO-6 QUEEN OF TONE\"}]},{\"@type\":\"WebSite\",\"@id\":\"https:\\\/\\\/www.mexicanguitarplayers.com\\\/#website\",\"url\":\"https:\\\/\\\/www.mexicanguitarplayers.com\\\/\",\"name\":\"Mexican Guitar Players\",\"description\":\"Website\",\"publisher\":{\"@id\":\"https:\\\/\\\/www.mexicanguitarplayers.com\\\/#organization\"},\"potentialAction\":[{\"@type\":\"SearchAction\",\"target\":{\"@type\":\"EntryPoint\",\"urlTemplate\":\"https:\\\/\\\/www.mexicanguitarplayers.com\\\/?s={search_term_string}\"},\"query-input\":{\"@type\":\"PropertyValueSpecification\",\"valueRequired\":true,\"valueName\":\"search_term_string\"}}],\"inLanguage\":\"en-US\"},{\"@type\":\"Organization\",\"@id\":\"https:\\\/\\\/www.mexicanguitarplayers.com\\\/#organization\",\"name\":\"Mexican Guitar Players\",\"url\":\"https:\\\/\\\/www.mexicanguitarplayers.com\\\/\",\"logo\":{\"@type\":\"ImageObject\",\"inLanguage\":\"en-US\",\"@id\":\"https:\\\/\\\/www.mexicanguitarplayers.com\\\/#\\\/schema\\\/logo\\\/image\\\/\",\"url\":\"\",\"contentUrl\":\"\",\"caption\":\"Mexican Guitar Players\"},\"image\":{\"@id\":\"https:\\\/\\\/www.mexicanguitarplayers.com\\\/#\\\/schema\\\/logo\\\/image\\\/\"}}]}<\/script>\n<!-- \/ Yoast SEO plugin. -->","yoast_head_json":{"title":"PEDAL NUX NDO-6 QUEEN OF TONE - Mexican Guitar Players","description":"Pedal overdrive modelo Queen of Tone, equipado con circuitos de overdrive: Horseman y Morning Star en una compacta carcasa, modos vers\u00e1tiles y dise\u00f1o de enrutamiento para mejorar la variedad de tonos, dise\u00f1o INPUT FES STAGE para impulsar el borde innovador del amplificador, impedancia de entrada: 2.2 mili-ohms, impedancia de salida: 1 kilo-ohm, energ\u00eda: 9V DC (punta negativa, adaptador opcional ACD-006A no incluido), consumo de corriente: Menos de 100 mA (52 mA), dimensiones: 105 x 115 x 58 mm, peso: 440 g.","robots":{"index":"index","follow":"follow","max-snippet":"max-snippet:-1","max-image-preview":"max-image-preview:large","max-video-preview":"max-video-preview:-1"},"canonical":"https:\/\/www.mexicanguitarplayers.com\/en\/tienda\/sin categor\u00eda\/pedal-nux-ndo-6-queen-of-tone\/","og_locale":"en_US","og_type":"article","og_title":"PEDAL NUX NDO-6 QUEEN OF TONE - Mexican Guitar Players","og_description":"Pedal overdrive modelo Queen of Tone, equipado con circuitos de overdrive: Horseman y Morning Star en una compacta carcasa, modos vers\u00e1tiles y dise\u00f1o de enrutamiento para mejorar la variedad de tonos, dise\u00f1o INPUT FES STAGE para impulsar el borde innovador del amplificador, impedancia de entrada: 2.2 mili-ohms, impedancia de salida: 1 kilo-ohm, energ\u00eda: 9V DC (punta negativa, adaptador opcional ACD-006A no incluido), consumo de corriente: Menos de 100 mA (52 mA), dimensiones: 105 x 115 x 58 mm, peso: 440 g.","og_url":"https:\/\/www.mexicanguitarplayers.com\/en\/tienda\/sin categor\u00eda\/pedal-nux-ndo-6-queen-of-tone\/","og_site_name":"Mexican Guitar Players","article_modified_time":"2026-05-01T13:23:08+00:00","twitter_card":"summary_large_image","twitter_misc":{"Est. reading time":"3 minutes"},"schema":{"@context":"https:\/\/schema.org","@graph":[{"@type":["WebPage","ItemPage"],"@id":"https:\/\/www.mexicanguitarplayers.com\/tienda\/sin categor\u00eda\/pedal-nux-ndo-6-queen-of-tone\/","url":"https:\/\/www.mexicanguitarplayers.com\/tienda\/sin categor\u00eda\/pedal-nux-ndo-6-queen-of-tone\/","name":"PEDAL NUX NDO-6 QUEEN OF TONE - Mexican Guitar Players","isPartOf":{"@id":"https:\/\/www.mexicanguitarplayers.com\/#website"},"primaryImageOfPage":{"@id":"https:\/\/www.mexicanguitarplayers.com\/tienda\/sin categor\u00eda\/pedal-nux-ndo-6-queen-of-tone\/#primaryimage"},"image":{"@id":"https:\/\/www.mexicanguitarplayers.com\/tienda\/sin categor\u00eda\/pedal-nux-ndo-6-queen-of-tone\/#primaryimage"},"thumbnailUrl":"https:\/\/www.mexicanguitarplayers.com\/wp-content\/uploads\/2025\/04\/VANUXNDO6.jpg","datePublished":"2025-04-09T03:07:35+00:00","dateModified":"2026-05-01T13:23:08+00:00","description":"Pedal overdrive modelo Queen of Tone, equipado con circuitos de overdrive: Horseman y Morning Star en una compacta carcasa, modos vers\u00e1tiles y dise\u00f1o de enrutamiento para mejorar la variedad de tonos, dise\u00f1o INPUT FES STAGE para impulsar el borde innovador del amplificador, impedancia de entrada: 2.2 mili-ohms, impedancia de salida: 1 kilo-ohm, energ\u00eda: 9V DC (punta negativa, adaptador opcional ACD-006A no incluido), consumo de corriente: Menos de 100 mA (52 mA), dimensiones: 105 x 115 x 58 mm, peso: 440 g.","breadcrumb":{"@id":"https:\/\/www.mexicanguitarplayers.com\/tienda\/sin categor\u00eda\/pedal-nux-ndo-6-queen-of-tone\/#breadcrumb"},"inLanguage":"en-US","potentialAction":[{"@type":"ReadAction","target":["https:\/\/www.mexicanguitarplayers.com\/tienda\/sin categor\u00eda\/pedal-nux-ndo-6-queen-of-tone\/"]}]},{"@type":"ImageObject","inLanguage":"en-US","@id":"https:\/\/www.mexicanguitarplayers.com\/tienda\/sin categor\u00eda\/pedal-nux-ndo-6-queen-of-tone\/#primaryimage","url":"https:\/\/www.mexicanguitarplayers.com\/wp-content\/uploads\/2025\/04\/VANUXNDO6.jpg","contentUrl":"https:\/\/www.mexicanguitarplayers.com\/wp-content\/uploads\/2025\/04\/VANUXNDO6.jpg","width":1200,"height":1200},{"@type":"BreadcrumbList","@id":"https:\/\/www.mexicanguitarplayers.com\/tienda\/sin categor\u00eda\/pedal-nux-ndo-6-queen-of-tone\/#breadcrumb","itemListElement":[{"@type":"ListItem","position":1,"name":"Portada","item":"https:\/\/www.mexicanguitarplayers.com\/"},{"@type":"ListItem","position":2,"name":"Tienda","item":"https:\/\/www.mexicanguitarplayers.com\/tienda\/"},{"@type":"ListItem","position":3,"name":"PEDAL NUX NDO-6 QUEEN OF TONE"}]},{"@type":"WebSite","@id":"https:\/\/www.mexicanguitarplayers.com\/#website","url":"https:\/\/www.mexicanguitarplayers.com\/","name":"Mexican Guitar Players","description":"Website","publisher":{"@id":"https:\/\/www.mexicanguitarplayers.com\/#organization"},"potentialAction":[{"@type":"SearchAction","target":{"@type":"EntryPoint","urlTemplate":"https:\/\/www.mexicanguitarplayers.com\/?s={search_term_string}"},"query-input":{"@type":"PropertyValueSpecification","valueRequired":true,"valueName":"search_term_string"}}],"inLanguage":"en-US"},{"@type":"Organization","@id":"https:\/\/www.mexicanguitarplayers.com\/#organization","name":"Mexican Guitar Players","url":"https:\/\/www.mexicanguitarplayers.com\/","logo":{"@type":"ImageObject","inLanguage":"en-US","@id":"https:\/\/www.mexicanguitarplayers.com\/#\/schema\/logo\/image\/","url":"","contentUrl":"","caption":"Mexican Guitar Players"},"image":{"@id":"https:\/\/www.mexicanguitarplayers.com\/#\/schema\/logo\/image\/"}}]}},"brands":[{"id":177,"name":"NUX","slug":"nux"}],"_links":{"self":[{"href":"https:\/\/www.mexicanguitarplayers.com\/en\/wp-json\/wp\/v2\/product\/32880","targetHints":{"allow":["GET"]}}],"collection":[{"href":"https:\/\/www.mexicanguitarplayers.com\/en\/wp-json\/wp\/v2\/product"}],"about":[{"href":"https:\/\/www.mexicanguitarplayers.com\/en\/wp-json\/wp\/v2\/types\/product"}],"replies":[{"embeddable":true,"href":"https:\/\/www.mexicanguitarplayers.com\/en\/wp-json\/wp\/v2\/comments?post=32880"}],"wp:featuredmedia":[{"embeddable":true,"href":"https:\/\/www.mexicanguitarplayers.com\/en\/wp-json\/wp\/v2\/media\/32871"}],"wp:attachment":[{"href":"https:\/\/www.mexicanguitarplayers.com\/en\/wp-json\/wp\/v2\/media?parent=32880"}],"wp:term":[{"taxonomy":"pwb-brand","embeddable":true,"href":"https:\/\/www.mexicanguitarplayers.com\/en\/wp-json\/wp\/v2\/pwb-brand?post=32880"},{"taxonomy":"product_brand","embeddable":true,"href":"https:\/\/www.mexicanguitarplayers.com\/en\/wp-json\/wp\/v2\/product_brand?post=32880"},{"taxonomy":"product_cat","embeddable":true,"href":"https:\/\/www.mexicanguitarplayers.com\/en\/wp-json\/wp\/v2\/product_cat?post=32880"},{"taxonomy":"product_tag","embeddable":true,"href":"https:\/\/www.mexicanguitarplayers.com\/en\/wp-json\/wp\/v2\/product_tag?post=32880"}],"curies":[{"name":"wp","href":"https:\/\/api.w.org\/{rel}","templated":true}]}}