{"id":32903,"date":"2025-04-08T21:08:10","date_gmt":"2025-04-09T03:08:10","guid":{"rendered":"https:\/\/www.mexicanguitarplayers.com\/tienda\/sin categor\u00eda\/encordadura-daddario-mod-sw2000\/"},"modified":"2026-04-10T04:32:44","modified_gmt":"2026-04-10T10:32:44","slug":"encordadura-daddario-mod-sw2000","status":"publish","type":"product","link":"https:\/\/www.mexicanguitarplayers.com\/en\/tienda\/accesorios\/estuches-y-fundas\/para-bajo-estuches-y-fundas\/encordadura-daddario-mod-sw2000\/","title":{"rendered":"ENCORDADURA DADDARIO MOD. SW2000"},"content":{"rendered":"<div style=\"text-align: justify\">\n<div>\n<h3>Las mejores cuerdas para el mejor sonido.<\/h3>\n<\/div>\n<div>Revolucionarias cuerdas graves Slowound se enrollan con el acero niquelado elaboradas con la m\u00e1s alta calidad. Slowound se realizan utilizando un innovador sistema de control de  tensi\u00f3n que elimina las variables durante el bobinado. El cable wrap niquelado Slowound produce un sonido claro y ajustado con un potente final. D&#8217;Addario es el mayor fabricante del mundo de cuerdas para instrumentos musicales. Muchos de los principales guitarristas y bajistas  se resisten a cambiar de marca. Independientemente de su estilo, D&#8217;Addario cuenta con las cuerdas adecuadas para ti.   D&#8217;Addario es la marca de cuerdas para instrumento m\u00e1s vendida del mundo. Sus productos son el resultado de m\u00e1s de un siglo de investigaci\u00f3n y desarrollo y son instaladas como equipo de serie en las mejores marcas de instrumentos. La pureza de sus materiales y la maquinaria de alta tecnolog\u00eda empleadas en la fabricaci\u00f3n de sus productos hacen de D&#8217;Addario la marca preferida por los m\u00fasicos m\u00e1s relevantes de la actualidad. Todas las encordaduras D&#8217;Addario vienen en empaques sellados con un gas especial que previene la corrosi\u00f3n y son amigables con el medio ambiente.<\/div>\n<div>\n<h4>Quick look<\/h4>\n<\/div>\n<ul style=\"margin: 0px 0px 0px 25px\">\n<li style=\"list-style-type: circle;margin: 5px\">Slowound.<\/li>\n<li style=\"list-style-type: circle;margin: 5px\">Cable wrap niquelado.<\/li>\n<li style=\"list-style-type: circle;margin: 5px\">Gauges.<\/li>\n<\/ul>\n<div>\n<div style=\"font-weight: bold\">Slowound.<\/div>\n<div>\n<p>Se realizan utilizando un innovador sistema de control de  tensi\u00f3n que elimina las variable.<\/p>\n<\/div>\n<div style=\"font-weight: bold\">Cable wrap niquelado.<\/div>\n<div>\n<p>El cable wrap niquelado Slowound produce un sonido claro y ajustado con un potente final. <\/p>\n<\/div>\n<div style=\"font-weight: bold\">Gauges.<\/div>\n<div>\n<p>.045, .065, .080, .100.<\/p>\n<\/div>\n<\/div>\n<div>\n<h4>Characteristics<\/h4>\n<\/div>\n<div>\n<ul style=\"margin: 0px 0px 0px 25px\">\n<li style=\"list-style-type: circle;margin: 5px\">Acero niquelado.<\/li>\n<li style=\"list-style-type: circle;margin: 5px\">Made in the USA.<\/li>\n<\/ul>\n<\/div>\n<\/div>","protected":false},"excerpt":{"rendered":"<p>Juego de cuerdas para bajo el\u00e9ctrico de 4 cuerdas de escala larga, calibre ligero, round wound, 45-100, entorchadas con acero niquelado, fabricadas en USA.&hellip; <a class=\"kt-excerpt-readmore more-link\" href=\"https:\/\/www.mexicanguitarplayers.com\/en\/tienda\/accesorios\/estuches-y-fundas\/para-bajo-estuches-y-fundas\/encordadura-daddario-mod-sw2000\/\">Read more<\/a><\/p>","protected":false},"featured_media":32902,"comment_status":"open","ping_status":"closed","template":"","meta":{"kt_blocks_editor_width":""},"pwb-brand":[347],"product_brand":[],"product_cat":[85,348,337,578],"product_tag":[],"class_list":{"0":"post-32903","1":"product","2":"type-product","3":"status-publish","4":"has-post-thumbnail","6":"pwb-brand-d-addario","7":"product_cat-accesorios","8":"product_cat-cuerdas-para-bajo","9":"product_cat-cuerdas-y-encordaduras","10":"product_cat-para-bajo-estuches-y-fundas","11":"product_shipping_class-0-5-kg-cuerdas","13":"first","14":"outofstock","15":"taxable","16":"shipping-taxable","17":"purchasable","18":"product-type-simple"},"yoast_head":"<!-- This site is optimized with the Yoast SEO plugin v27.5 - https:\/\/yoast.com\/product\/yoast-seo-wordpress\/ -->\n<title>ENCORDADURA DADDARIO MOD. SW2000 - Mexican Guitar Players<\/title>\n<meta name=\"description\" content=\"Juego de cuerdas para bajo el\u00e9ctrico de 4 cuerdas de escala larga, calibre ligero, round wound, 45-100, entorchadas con acero niquelado, fabricadas en USA.\" \/>\n<meta name=\"robots\" content=\"index, follow, max-snippet:-1, max-image-preview:large, max-video-preview:-1\" \/>\n<link rel=\"canonical\" href=\"https:\/\/www.mexicanguitarplayers.com\/en\/tienda\/sin%20categor\u00eda\/encordadura-daddario-mod-sw2000\/\" \/>\n<meta property=\"og:locale\" content=\"en_US\" \/>\n<meta property=\"og:type\" content=\"article\" \/>\n<meta property=\"og:title\" content=\"ENCORDADURA DADDARIO MOD. SW2000 - Mexican Guitar Players\" \/>\n<meta property=\"og:description\" content=\"Juego de cuerdas para bajo el\u00e9ctrico de 4 cuerdas de escala larga, calibre ligero, round wound, 45-100, entorchadas con acero niquelado, fabricadas en USA.\" \/>\n<meta property=\"og:url\" content=\"https:\/\/www.mexicanguitarplayers.com\/en\/tienda\/sin categor\u00eda\/encordadura-daddario-mod-sw2000\/\" \/>\n<meta property=\"og:site_name\" content=\"Mexican Guitar Players\" \/>\n<meta property=\"article:modified_time\" content=\"2026-04-10T10:32:44+00:00\" \/>\n<meta name=\"twitter:card\" content=\"summary_large_image\" \/>\n<meta name=\"twitter:label1\" content=\"Est. reading time\" \/>\n\t<meta name=\"twitter:data1\" content=\"1 minute\" \/>\n<script type=\"application\/ld+json\" class=\"yoast-schema-graph\">{\"@context\":\"https:\\\/\\\/schema.org\",\"@graph\":[{\"@type\":[\"WebPage\",\"ItemPage\"],\"@id\":\"https:\\\/\\\/www.mexicanguitarplayers.com\\\/tienda\\\/sin categor\u00eda\\\/encordadura-daddario-mod-sw2000\\\/\",\"url\":\"https:\\\/\\\/www.mexicanguitarplayers.com\\\/tienda\\\/sin categor\u00eda\\\/encordadura-daddario-mod-sw2000\\\/\",\"name\":\"ENCORDADURA DADDARIO MOD. SW2000 - Mexican Guitar Players\",\"isPartOf\":{\"@id\":\"https:\\\/\\\/www.mexicanguitarplayers.com\\\/#website\"},\"primaryImageOfPage\":{\"@id\":\"https:\\\/\\\/www.mexicanguitarplayers.com\\\/tienda\\\/sin categor\u00eda\\\/encordadura-daddario-mod-sw2000\\\/#primaryimage\"},\"image\":{\"@id\":\"https:\\\/\\\/www.mexicanguitarplayers.com\\\/tienda\\\/sin categor\u00eda\\\/encordadura-daddario-mod-sw2000\\\/#primaryimage\"},\"thumbnailUrl\":\"https:\\\/\\\/www.mexicanguitarplayers.com\\\/wp-content\\\/uploads\\\/2025\\\/04\\\/RADADSW2000.jpg\",\"datePublished\":\"2025-04-09T03:08:10+00:00\",\"dateModified\":\"2026-04-10T10:32:44+00:00\",\"description\":\"Juego de cuerdas para bajo el\u00e9ctrico de 4 cuerdas de escala larga, calibre ligero, round wound, 45-100, entorchadas con acero niquelado, fabricadas en USA.\",\"breadcrumb\":{\"@id\":\"https:\\\/\\\/www.mexicanguitarplayers.com\\\/tienda\\\/sin categor\u00eda\\\/encordadura-daddario-mod-sw2000\\\/#breadcrumb\"},\"inLanguage\":\"en-US\",\"potentialAction\":[{\"@type\":\"ReadAction\",\"target\":[\"https:\\\/\\\/www.mexicanguitarplayers.com\\\/tienda\\\/sin categor\u00eda\\\/encordadura-daddario-mod-sw2000\\\/\"]}]},{\"@type\":\"ImageObject\",\"inLanguage\":\"en-US\",\"@id\":\"https:\\\/\\\/www.mexicanguitarplayers.com\\\/tienda\\\/sin categor\u00eda\\\/encordadura-daddario-mod-sw2000\\\/#primaryimage\",\"url\":\"https:\\\/\\\/www.mexicanguitarplayers.com\\\/wp-content\\\/uploads\\\/2025\\\/04\\\/RADADSW2000.jpg\",\"contentUrl\":\"https:\\\/\\\/www.mexicanguitarplayers.com\\\/wp-content\\\/uploads\\\/2025\\\/04\\\/RADADSW2000.jpg\",\"width\":1200,\"height\":1200},{\"@type\":\"BreadcrumbList\",\"@id\":\"https:\\\/\\\/www.mexicanguitarplayers.com\\\/tienda\\\/sin categor\u00eda\\\/encordadura-daddario-mod-sw2000\\\/#breadcrumb\",\"itemListElement\":[{\"@type\":\"ListItem\",\"position\":1,\"name\":\"Portada\",\"item\":\"https:\\\/\\\/www.mexicanguitarplayers.com\\\/\"},{\"@type\":\"ListItem\",\"position\":2,\"name\":\"Tienda\",\"item\":\"https:\\\/\\\/www.mexicanguitarplayers.com\\\/tienda\\\/\"},{\"@type\":\"ListItem\",\"position\":3,\"name\":\"ENCORDADURA DADDARIO MOD. SW2000\"}]},{\"@type\":\"WebSite\",\"@id\":\"https:\\\/\\\/www.mexicanguitarplayers.com\\\/#website\",\"url\":\"https:\\\/\\\/www.mexicanguitarplayers.com\\\/\",\"name\":\"Mexican Guitar Players\",\"description\":\"Website\",\"publisher\":{\"@id\":\"https:\\\/\\\/www.mexicanguitarplayers.com\\\/#organization\"},\"potentialAction\":[{\"@type\":\"SearchAction\",\"target\":{\"@type\":\"EntryPoint\",\"urlTemplate\":\"https:\\\/\\\/www.mexicanguitarplayers.com\\\/?s={search_term_string}\"},\"query-input\":{\"@type\":\"PropertyValueSpecification\",\"valueRequired\":true,\"valueName\":\"search_term_string\"}}],\"inLanguage\":\"en-US\"},{\"@type\":\"Organization\",\"@id\":\"https:\\\/\\\/www.mexicanguitarplayers.com\\\/#organization\",\"name\":\"Mexican Guitar Players\",\"url\":\"https:\\\/\\\/www.mexicanguitarplayers.com\\\/\",\"logo\":{\"@type\":\"ImageObject\",\"inLanguage\":\"en-US\",\"@id\":\"https:\\\/\\\/www.mexicanguitarplayers.com\\\/#\\\/schema\\\/logo\\\/image\\\/\",\"url\":\"\",\"contentUrl\":\"\",\"caption\":\"Mexican Guitar Players\"},\"image\":{\"@id\":\"https:\\\/\\\/www.mexicanguitarplayers.com\\\/#\\\/schema\\\/logo\\\/image\\\/\"}}]}<\/script>\n<!-- \/ Yoast SEO plugin. -->","yoast_head_json":{"title":"ENCORDADURA DADDARIO MOD. SW2000 - Mexican Guitar Players","description":"Juego de cuerdas para bajo el\u00e9ctrico de 4 cuerdas de escala larga, calibre ligero, round wound, 45-100, entorchadas con acero niquelado, fabricadas en USA.","robots":{"index":"index","follow":"follow","max-snippet":"max-snippet:-1","max-image-preview":"max-image-preview:large","max-video-preview":"max-video-preview:-1"},"canonical":"https:\/\/www.mexicanguitarplayers.com\/en\/tienda\/sin categor\u00eda\/encordadura-daddario-mod-sw2000\/","og_locale":"en_US","og_type":"article","og_title":"ENCORDADURA DADDARIO MOD. SW2000 - Mexican Guitar Players","og_description":"Juego de cuerdas para bajo el\u00e9ctrico de 4 cuerdas de escala larga, calibre ligero, round wound, 45-100, entorchadas con acero niquelado, fabricadas en USA.","og_url":"https:\/\/www.mexicanguitarplayers.com\/en\/tienda\/sin categor\u00eda\/encordadura-daddario-mod-sw2000\/","og_site_name":"Mexican Guitar Players","article_modified_time":"2026-04-10T10:32:44+00:00","twitter_card":"summary_large_image","twitter_misc":{"Est. reading time":"1 minute"},"schema":{"@context":"https:\/\/schema.org","@graph":[{"@type":["WebPage","ItemPage"],"@id":"https:\/\/www.mexicanguitarplayers.com\/tienda\/sin categor\u00eda\/encordadura-daddario-mod-sw2000\/","url":"https:\/\/www.mexicanguitarplayers.com\/tienda\/sin categor\u00eda\/encordadura-daddario-mod-sw2000\/","name":"ENCORDADURA DADDARIO MOD. SW2000 - Mexican Guitar Players","isPartOf":{"@id":"https:\/\/www.mexicanguitarplayers.com\/#website"},"primaryImageOfPage":{"@id":"https:\/\/www.mexicanguitarplayers.com\/tienda\/sin categor\u00eda\/encordadura-daddario-mod-sw2000\/#primaryimage"},"image":{"@id":"https:\/\/www.mexicanguitarplayers.com\/tienda\/sin categor\u00eda\/encordadura-daddario-mod-sw2000\/#primaryimage"},"thumbnailUrl":"https:\/\/www.mexicanguitarplayers.com\/wp-content\/uploads\/2025\/04\/RADADSW2000.jpg","datePublished":"2025-04-09T03:08:10+00:00","dateModified":"2026-04-10T10:32:44+00:00","description":"Juego de cuerdas para bajo el\u00e9ctrico de 4 cuerdas de escala larga, calibre ligero, round wound, 45-100, entorchadas con acero niquelado, fabricadas en USA.","breadcrumb":{"@id":"https:\/\/www.mexicanguitarplayers.com\/tienda\/sin categor\u00eda\/encordadura-daddario-mod-sw2000\/#breadcrumb"},"inLanguage":"en-US","potentialAction":[{"@type":"ReadAction","target":["https:\/\/www.mexicanguitarplayers.com\/tienda\/sin categor\u00eda\/encordadura-daddario-mod-sw2000\/"]}]},{"@type":"ImageObject","inLanguage":"en-US","@id":"https:\/\/www.mexicanguitarplayers.com\/tienda\/sin categor\u00eda\/encordadura-daddario-mod-sw2000\/#primaryimage","url":"https:\/\/www.mexicanguitarplayers.com\/wp-content\/uploads\/2025\/04\/RADADSW2000.jpg","contentUrl":"https:\/\/www.mexicanguitarplayers.com\/wp-content\/uploads\/2025\/04\/RADADSW2000.jpg","width":1200,"height":1200},{"@type":"BreadcrumbList","@id":"https:\/\/www.mexicanguitarplayers.com\/tienda\/sin categor\u00eda\/encordadura-daddario-mod-sw2000\/#breadcrumb","itemListElement":[{"@type":"ListItem","position":1,"name":"Portada","item":"https:\/\/www.mexicanguitarplayers.com\/"},{"@type":"ListItem","position":2,"name":"Tienda","item":"https:\/\/www.mexicanguitarplayers.com\/tienda\/"},{"@type":"ListItem","position":3,"name":"ENCORDADURA DADDARIO MOD. SW2000"}]},{"@type":"WebSite","@id":"https:\/\/www.mexicanguitarplayers.com\/#website","url":"https:\/\/www.mexicanguitarplayers.com\/","name":"Mexican Guitar Players","description":"Website","publisher":{"@id":"https:\/\/www.mexicanguitarplayers.com\/#organization"},"potentialAction":[{"@type":"SearchAction","target":{"@type":"EntryPoint","urlTemplate":"https:\/\/www.mexicanguitarplayers.com\/?s={search_term_string}"},"query-input":{"@type":"PropertyValueSpecification","valueRequired":true,"valueName":"search_term_string"}}],"inLanguage":"en-US"},{"@type":"Organization","@id":"https:\/\/www.mexicanguitarplayers.com\/#organization","name":"Mexican Guitar Players","url":"https:\/\/www.mexicanguitarplayers.com\/","logo":{"@type":"ImageObject","inLanguage":"en-US","@id":"https:\/\/www.mexicanguitarplayers.com\/#\/schema\/logo\/image\/","url":"","contentUrl":"","caption":"Mexican Guitar Players"},"image":{"@id":"https:\/\/www.mexicanguitarplayers.com\/#\/schema\/logo\/image\/"}}]}},"brands":[{"id":347,"name":"D ADDARIO","slug":"d-addario"}],"_links":{"self":[{"href":"https:\/\/www.mexicanguitarplayers.com\/en\/wp-json\/wp\/v2\/product\/32903","targetHints":{"allow":["GET"]}}],"collection":[{"href":"https:\/\/www.mexicanguitarplayers.com\/en\/wp-json\/wp\/v2\/product"}],"about":[{"href":"https:\/\/www.mexicanguitarplayers.com\/en\/wp-json\/wp\/v2\/types\/product"}],"replies":[{"embeddable":true,"href":"https:\/\/www.mexicanguitarplayers.com\/en\/wp-json\/wp\/v2\/comments?post=32903"}],"wp:featuredmedia":[{"embeddable":true,"href":"https:\/\/www.mexicanguitarplayers.com\/en\/wp-json\/wp\/v2\/media\/32902"}],"wp:attachment":[{"href":"https:\/\/www.mexicanguitarplayers.com\/en\/wp-json\/wp\/v2\/media?parent=32903"}],"wp:term":[{"taxonomy":"pwb-brand","embeddable":true,"href":"https:\/\/www.mexicanguitarplayers.com\/en\/wp-json\/wp\/v2\/pwb-brand?post=32903"},{"taxonomy":"product_brand","embeddable":true,"href":"https:\/\/www.mexicanguitarplayers.com\/en\/wp-json\/wp\/v2\/product_brand?post=32903"},{"taxonomy":"product_cat","embeddable":true,"href":"https:\/\/www.mexicanguitarplayers.com\/en\/wp-json\/wp\/v2\/product_cat?post=32903"},{"taxonomy":"product_tag","embeddable":true,"href":"https:\/\/www.mexicanguitarplayers.com\/en\/wp-json\/wp\/v2\/product_tag?post=32903"}],"curies":[{"name":"wp","href":"https:\/\/api.w.org\/{rel}","templated":true}]}}