{"id":32922,"date":"2025-04-08T21:08:38","date_gmt":"2025-04-09T03:08:38","guid":{"rendered":"https:\/\/www.mexicanguitarplayers.com\/tienda\/sin categor\u00eda\/pedal-source-audio-poly-mod-filter\/"},"modified":"2026-04-10T04:32:42","modified_gmt":"2026-04-10T10:32:42","slug":"pedal-source-audio-poly-mod-filter","status":"publish","type":"product","link":"https:\/\/www.mexicanguitarplayers.com\/en\/tienda\/cuerdas\/efectos\/efectos-individuales\/pedal-source-audio-poly-mod-filter\/","title":{"rendered":"PEDAL SOURCE AUDIO POLY-MOD FILTER"},"content":{"rendered":"<div style=\"text-align: justify\">\n<div>\n<h3>Wah, envelope, flanging y phasing sweeps.<\/h3>\n<\/div>\n<div>El filtro Pro Poly-Mod cuenta con todo el poder y la funcionalidad de nuestro gran Soundblox Pro Bass Envelope Filter con efectos espec\u00edficamente sonoros, perfectos para guitarra y teclado. Este stompbox supremo meticulosamente dise\u00f1ado proporciona una flexibilidad excepcional, control y diversidad s\u00f3nica, satisfaciendo todo tu filtro de envolvente, wah-wah y necesidades dubstep. El Poly-Mod cuenta con 23 efectos de filtro incluyendo m\u00faltiples variaciones de 2 y 4 Pole Low Pass, Single Peak, Triple Peak, Peak &amp; Notch y Phaser. Cada filtro es controlable por medio de un seguidor de envolvente (es decir auto-wah), forma de onda variable LFO (Low Frequency Oscillation), pedal de expresi\u00f3n o nuestro controlador de efectos Hot Hand. Esto incluye una variedad de par\u00e1metros ajustables incluyendo barridos de filtro positivos\/negativos, rango de barrido, velocidad de ataque y decaimiento, rango de frecuencia, tasa de LFO (con tap tempo) y tres footswitches Q y 2 bancos prestablecidos con seis pre-ajustes de usuario de f\u00e1cil acceso.<\/div>\n<div>\n<h4>Quick look<\/h4>\n<\/div>\n<ul style=\"margin: 0px 0px 0px 25px\">\n<li style=\"list-style-type: circle;margin: 5px\">Kind.<\/li>\n<li style=\"list-style-type: circle;margin: 5px\">sounds.<\/li>\n<li style=\"list-style-type: circle;margin: 5px\">Funciones.<\/li>\n<li style=\"list-style-type: circle;margin: 5px\">Preajustes de usuario.<\/li>\n<li style=\"list-style-type: circle;margin: 5px\">Ecualizador<\/li>\n<li style=\"list-style-type: circle;margin: 5px\">Entradas de expresi\u00f3n.<\/li>\n<li style=\"list-style-type: circle;margin: 5px\">Motion Control.<\/li>\n<li style=\"list-style-type: circle;margin: 5px\">Bypass.<\/li>\n<li style=\"list-style-type: circle;margin: 5px\">Power supply.<\/li>\n<li style=\"list-style-type: circle;margin: 5px\">Dimensions.<\/li>\n<\/ul>\n<div>\n<div style=\"font-weight: bold\">Kind.<\/div>\n<div>\n<p>Pedal de filtro y wah con amplia selecci\u00f3n de sonidos, ajuste de par\u00e1metros y almacenamiento de cambios.<\/p>\n<\/div>\n<div style=\"font-weight: bold\">sounds.<\/div>\n<div>\n<p>23 sonidos de filtro que incluyen 2-Pole Low Pass, 4-Pole Low Pass, Single Peak, Triple Peak, Peak &amp; Notch y Phasers.<\/p>\n<\/div>\n<div style=\"font-weight: bold\">Funciones.<\/div>\n<div>\n<p>Barrido de filtro positivo y negativo con rango variable y sensibilidad. Perilla de mezcla Wet\/Dry que cuenta con algoritmo de preservaci\u00f3n de graves Lo-retain. 4 fuentes de modulaci\u00f3n que incluyen envolvente, LFO, pedal de expresi\u00f3n y Hot Hand. Control de velocidad de tap tempo para LFO. DSP de vanguardia con nuestro procesador de se\u00f1al digital de 56 bits, el SA601 y convertidores transparentes de 24 bits.<\/p>\n<\/div>\n<div style=\"font-weight: bold\">Preajustes de usuario.<\/div>\n<div>\n<p>6 preajustes de usuario de f\u00e1cil configuraci\u00f3n en dos bancos seleccionables por medio de 3 footswitches para un r\u00e1pido acceso a tus sonidos favoritos.<\/p>\n<\/div>\n<div style=\"font-weight: bold\">Ecualizador<\/div>\n<div>\n<p>Ecualizador ultra preciso de 7 bandas para control de tono en profundidad guardado por preajuste.<\/p>\n<\/div>\n<div style=\"font-weight: bold\">Entradas de expresi\u00f3n.<\/div>\n<div>\n<p>Una entrada de expresi\u00f3n que permite controlar una gran variedad de par\u00e1metros de pedal. Una entrada MIDI tambi\u00e9n permite acceso externo a preajustes y par\u00e1metros.<\/p>\n<\/div>\n<div style=\"font-weight: bold\">Motion Control.<\/div>\n<div>\n<p>Todos los pedales Soundblox y Soundblox Pro est\u00e1n listos para la funci\u00f3n Hot Hand y pueden ser usados con cualquier sensor Hot Hand para extender las capacidades de la unidad.<\/p>\n<\/div>\n<div style=\"font-weight: bold\">Bypass.<\/div>\n<div>\n<p>Bypass an\u00e1logo activo totalmente enrutado alrededor del DSP y entrada activa que asegura una cero degradaci\u00f3n de la se\u00f1al.<\/p>\n<\/div>\n<div style=\"font-weight: bold\">Power supply.<\/div>\n<div>\n<p>Incluye fuente de alimentaci\u00f3n 9V DC.<\/p>\n<\/div>\n<div style=\"font-weight: bold\">Dimensions.<\/div>\n<div>\n<p>17.8 x 15.25 x 5 cm (incluyendo perillas).<\/p>\n<\/div>\n<\/div>\n<\/div>","protected":false},"excerpt":{"rendered":"<p>Pedal de filtro y wah, amplia selecci\u00f3n de sonidos, ajuste de par\u00e1metros y almacenamiento de cambios, excelente fidelidad, construcci\u00f3n robusta, 23 sonidos de filtro que incluyen 2-Pole Low Pass, 4-Pole Low Pass, Single Peak, Triple Peak, Peak &amp; Notch y Phasers, barrido de filtro positivo y negativo con rango variable y sensibilidad, perilla de mezcla Wet\/Dry que cuenta con nuestro algoritmo de preservaci\u00f3n de graves Lo-retain, 4 fuentes de modulaci\u00f3n que incluyen envolvente, LFO, pedal de expresi\u00f3n y Hot Hand, control de velocidad de tap tempo para LFO, DSP de vanguardia con nuestro procesador de se\u00f1al digital de 56 bits, el SA601 y convertidores transparentes de 24 bits, 6 pre-ajustes de usuario de f\u00e1cil configuraci\u00f3n en dos bancos seleccionables por medio de 3 footswitches para un r\u00e1pido acceso a tus sonidos favoritos, ecualizador ultra preciso de 7 bandas para control de tono en profundidad guardado por pre-ajuste, una entrada de expresi\u00f3n que permite controlar una gran variedad de par\u00e1metros de pedal, una entrada MIDI tambi\u00e9n permite acceso externo a pre-ajustes y par\u00e1metros, Motion Control: Todos los pedales Soundblox y Soundblox Pro est\u00e1n listos para la funci\u00f3n Hot Hand y pueden ser usados con cualquier sensor Hot Hand para extender las capacidades de la unidad, bypass an\u00e1logo activo totalmente enrutado alrededor del DSP y entrada activa que asegura una cero degradaci\u00f3n de la se\u00f1al, incluye fuente de alimentaci\u00f3n 9V DC, dimensiones: 17.8 x 15.25 x 5 cm (incluyendo perillas).&hellip; <a class=\"kt-excerpt-readmore more-link\" href=\"https:\/\/www.mexicanguitarplayers.com\/en\/tienda\/cuerdas\/efectos\/efectos-individuales\/pedal-source-audio-poly-mod-filter\/\">Read more<\/a><\/p>","protected":false},"featured_media":32921,"comment_status":"open","ping_status":"closed","template":"","meta":{"kt_blocks_editor_width":""},"pwb-brand":[608],"product_brand":[],"product_cat":[224,241,504],"product_tag":[],"class_list":{"0":"post-32922","1":"product","2":"type-product","3":"status-publish","4":"has-post-thumbnail","6":"pwb-brand-source-audio","7":"product_cat-cuerdas","8":"product_cat-efectos","9":"product_cat-efectos-individuales","10":"product_shipping_class-0-5-kg","12":"first","13":"outofstock","14":"taxable","15":"shipping-taxable","16":"purchasable","17":"product-type-simple"},"yoast_head":"<!-- This site is optimized with the Yoast SEO plugin v27.5 - https:\/\/yoast.com\/product\/yoast-seo-wordpress\/ -->\n<title>PEDAL SOURCE AUDIO POLY-MOD FILTER - Mexican Guitar Players<\/title>\n<meta name=\"description\" content=\"Pedal de filtro y wah, amplia selecci\u00f3n de sonidos, ajuste de par\u00e1metros y almacenamiento de cambios, excelente fidelidad, construcci\u00f3n robusta, 23 sonidos de filtro que incluyen 2-Pole Low Pass, 4-Pole Low Pass, Single Peak, Triple Peak, Peak &amp; Notch y Phasers, barrido de filtro positivo y negativo con rango variable y sensibilidad, perilla de mezcla Wet\/Dry que cuenta con nuestro algoritmo de preservaci\u00f3n de graves Lo-retain, 4 fuentes de modulaci\u00f3n que incluyen envolvente, LFO, pedal de expresi\u00f3n y Hot Hand, control de velocidad de tap tempo para LFO, DSP de vanguardia con nuestro procesador de se\u00f1al digital de 56 bits, el SA601 y convertidores transparentes de 24 bits, 6 pre-ajustes de usuario de f\u00e1cil configuraci\u00f3n en dos bancos seleccionables por medio de 3 footswitches para un r\u00e1pido acceso a tus sonidos favoritos, ecualizador ultra preciso de 7 bandas para control de tono en profundidad guardado por pre-ajuste, una entrada de expresi\u00f3n que permite controlar una gran variedad de par\u00e1metros de pedal, una entrada MIDI tambi\u00e9n permite acceso externo a pre-ajustes y par\u00e1metros, Motion Control: Todos los pedales Soundblox y Soundblox Pro est\u00e1n listos para la funci\u00f3n Hot Hand y pueden ser usados con cualquier sensor Hot Hand para extender las capacidades de la unidad, bypass an\u00e1logo activo totalmente enrutado alrededor del DSP y entrada activa que asegura una cero degradaci\u00f3n de la se\u00f1al, incluye fuente de alimentaci\u00f3n 9V DC, dimensiones: 17.8 x 15.25 x 5 cm (incluyendo perillas).\" \/>\n<meta name=\"robots\" content=\"index, follow, max-snippet:-1, max-image-preview:large, max-video-preview:-1\" \/>\n<link rel=\"canonical\" href=\"https:\/\/www.mexicanguitarplayers.com\/en\/tienda\/sin%20categor\u00eda\/pedal-source-audio-poly-mod-filter\/\" \/>\n<meta property=\"og:locale\" content=\"en_US\" \/>\n<meta property=\"og:type\" content=\"article\" \/>\n<meta property=\"og:title\" content=\"PEDAL SOURCE AUDIO POLY-MOD FILTER - Mexican Guitar Players\" \/>\n<meta property=\"og:description\" content=\"Pedal de filtro y wah, amplia selecci\u00f3n de sonidos, ajuste de par\u00e1metros y almacenamiento de cambios, excelente fidelidad, construcci\u00f3n robusta, 23 sonidos de filtro que incluyen 2-Pole Low Pass, 4-Pole Low Pass, Single Peak, Triple Peak, Peak &amp; Notch y Phasers, barrido de filtro positivo y negativo con rango variable y sensibilidad, perilla de mezcla Wet\/Dry que cuenta con nuestro algoritmo de preservaci\u00f3n de graves Lo-retain, 4 fuentes de modulaci\u00f3n que incluyen envolvente, LFO, pedal de expresi\u00f3n y Hot Hand, control de velocidad de tap tempo para LFO, DSP de vanguardia con nuestro procesador de se\u00f1al digital de 56 bits, el SA601 y convertidores transparentes de 24 bits, 6 pre-ajustes de usuario de f\u00e1cil configuraci\u00f3n en dos bancos seleccionables por medio de 3 footswitches para un r\u00e1pido acceso a tus sonidos favoritos, ecualizador ultra preciso de 7 bandas para control de tono en profundidad guardado por pre-ajuste, una entrada de expresi\u00f3n que permite controlar una gran variedad de par\u00e1metros de pedal, una entrada MIDI tambi\u00e9n permite acceso externo a pre-ajustes y par\u00e1metros, Motion Control: Todos los pedales Soundblox y Soundblox Pro est\u00e1n listos para la funci\u00f3n Hot Hand y pueden ser usados con cualquier sensor Hot Hand para extender las capacidades de la unidad, bypass an\u00e1logo activo totalmente enrutado alrededor del DSP y entrada activa que asegura una cero degradaci\u00f3n de la se\u00f1al, incluye fuente de alimentaci\u00f3n 9V DC, dimensiones: 17.8 x 15.25 x 5 cm (incluyendo perillas).\" \/>\n<meta property=\"og:url\" content=\"https:\/\/www.mexicanguitarplayers.com\/en\/tienda\/sin categor\u00eda\/pedal-source-audio-poly-mod-filter\/\" \/>\n<meta property=\"og:site_name\" content=\"Mexican Guitar Players\" \/>\n<meta property=\"article:modified_time\" content=\"2026-04-10T10:32:42+00:00\" \/>\n<meta name=\"twitter:card\" content=\"summary_large_image\" \/>\n<meta name=\"twitter:label1\" content=\"Est. reading time\" \/>\n\t<meta name=\"twitter:data1\" content=\"2 minutes\" \/>\n<script type=\"application\/ld+json\" class=\"yoast-schema-graph\">{\"@context\":\"https:\\\/\\\/schema.org\",\"@graph\":[{\"@type\":[\"WebPage\",\"ItemPage\"],\"@id\":\"https:\\\/\\\/www.mexicanguitarplayers.com\\\/tienda\\\/sin categor\u00eda\\\/pedal-source-audio-poly-mod-filter\\\/\",\"url\":\"https:\\\/\\\/www.mexicanguitarplayers.com\\\/tienda\\\/sin categor\u00eda\\\/pedal-source-audio-poly-mod-filter\\\/\",\"name\":\"PEDAL SOURCE AUDIO POLY-MOD FILTER - Mexican Guitar Players\",\"isPartOf\":{\"@id\":\"https:\\\/\\\/www.mexicanguitarplayers.com\\\/#website\"},\"primaryImageOfPage\":{\"@id\":\"https:\\\/\\\/www.mexicanguitarplayers.com\\\/tienda\\\/sin categor\u00eda\\\/pedal-source-audio-poly-mod-filter\\\/#primaryimage\"},\"image\":{\"@id\":\"https:\\\/\\\/www.mexicanguitarplayers.com\\\/tienda\\\/sin categor\u00eda\\\/pedal-source-audio-poly-mod-filter\\\/#primaryimage\"},\"thumbnailUrl\":\"https:\\\/\\\/www.mexicanguitarplayers.com\\\/wp-content\\\/uploads\\\/2025\\\/04\\\/VASIOSA144.jpg\",\"datePublished\":\"2025-04-09T03:08:38+00:00\",\"dateModified\":\"2026-04-10T10:32:42+00:00\",\"description\":\"Pedal de filtro y wah, amplia selecci\u00f3n de sonidos, ajuste de par\u00e1metros y almacenamiento de cambios, excelente fidelidad, construcci\u00f3n robusta, 23 sonidos de filtro que incluyen 2-Pole Low Pass, 4-Pole Low Pass, Single Peak, Triple Peak, Peak &amp; Notch y Phasers, barrido de filtro positivo y negativo con rango variable y sensibilidad, perilla de mezcla Wet\\\/Dry que cuenta con nuestro algoritmo de preservaci\u00f3n de graves Lo-retain, 4 fuentes de modulaci\u00f3n que incluyen envolvente, LFO, pedal de expresi\u00f3n y Hot Hand, control de velocidad de tap tempo para LFO, DSP de vanguardia con nuestro procesador de se\u00f1al digital de 56 bits, el SA601 y convertidores transparentes de 24 bits, 6 pre-ajustes de usuario de f\u00e1cil configuraci\u00f3n en dos bancos seleccionables por medio de 3 footswitches para un r\u00e1pido acceso a tus sonidos favoritos, ecualizador ultra preciso de 7 bandas para control de tono en profundidad guardado por pre-ajuste, una entrada de expresi\u00f3n que permite controlar una gran variedad de par\u00e1metros de pedal, una entrada MIDI tambi\u00e9n permite acceso externo a pre-ajustes y par\u00e1metros, Motion Control: Todos los pedales Soundblox y Soundblox Pro est\u00e1n listos para la funci\u00f3n Hot Hand y pueden ser usados con cualquier sensor Hot Hand para extender las capacidades de la unidad, bypass an\u00e1logo activo totalmente enrutado alrededor del DSP y entrada activa que asegura una cero degradaci\u00f3n de la se\u00f1al, incluye fuente de alimentaci\u00f3n 9V DC, dimensiones: 17.8 x 15.25 x 5 cm (incluyendo perillas).\",\"breadcrumb\":{\"@id\":\"https:\\\/\\\/www.mexicanguitarplayers.com\\\/tienda\\\/sin categor\u00eda\\\/pedal-source-audio-poly-mod-filter\\\/#breadcrumb\"},\"inLanguage\":\"en-US\",\"potentialAction\":[{\"@type\":\"ReadAction\",\"target\":[\"https:\\\/\\\/www.mexicanguitarplayers.com\\\/tienda\\\/sin categor\u00eda\\\/pedal-source-audio-poly-mod-filter\\\/\"]}]},{\"@type\":\"ImageObject\",\"inLanguage\":\"en-US\",\"@id\":\"https:\\\/\\\/www.mexicanguitarplayers.com\\\/tienda\\\/sin categor\u00eda\\\/pedal-source-audio-poly-mod-filter\\\/#primaryimage\",\"url\":\"https:\\\/\\\/www.mexicanguitarplayers.com\\\/wp-content\\\/uploads\\\/2025\\\/04\\\/VASIOSA144.jpg\",\"contentUrl\":\"https:\\\/\\\/www.mexicanguitarplayers.com\\\/wp-content\\\/uploads\\\/2025\\\/04\\\/VASIOSA144.jpg\",\"width\":1200,\"height\":1200},{\"@type\":\"BreadcrumbList\",\"@id\":\"https:\\\/\\\/www.mexicanguitarplayers.com\\\/tienda\\\/sin categor\u00eda\\\/pedal-source-audio-poly-mod-filter\\\/#breadcrumb\",\"itemListElement\":[{\"@type\":\"ListItem\",\"position\":1,\"name\":\"Portada\",\"item\":\"https:\\\/\\\/www.mexicanguitarplayers.com\\\/\"},{\"@type\":\"ListItem\",\"position\":2,\"name\":\"Tienda\",\"item\":\"https:\\\/\\\/www.mexicanguitarplayers.com\\\/tienda\\\/\"},{\"@type\":\"ListItem\",\"position\":3,\"name\":\"PEDAL SOURCE AUDIO POLY-MOD FILTER\"}]},{\"@type\":\"WebSite\",\"@id\":\"https:\\\/\\\/www.mexicanguitarplayers.com\\\/#website\",\"url\":\"https:\\\/\\\/www.mexicanguitarplayers.com\\\/\",\"name\":\"Mexican Guitar Players\",\"description\":\"Website\",\"publisher\":{\"@id\":\"https:\\\/\\\/www.mexicanguitarplayers.com\\\/#organization\"},\"potentialAction\":[{\"@type\":\"SearchAction\",\"target\":{\"@type\":\"EntryPoint\",\"urlTemplate\":\"https:\\\/\\\/www.mexicanguitarplayers.com\\\/?s={search_term_string}\"},\"query-input\":{\"@type\":\"PropertyValueSpecification\",\"valueRequired\":true,\"valueName\":\"search_term_string\"}}],\"inLanguage\":\"en-US\"},{\"@type\":\"Organization\",\"@id\":\"https:\\\/\\\/www.mexicanguitarplayers.com\\\/#organization\",\"name\":\"Mexican Guitar Players\",\"url\":\"https:\\\/\\\/www.mexicanguitarplayers.com\\\/\",\"logo\":{\"@type\":\"ImageObject\",\"inLanguage\":\"en-US\",\"@id\":\"https:\\\/\\\/www.mexicanguitarplayers.com\\\/#\\\/schema\\\/logo\\\/image\\\/\",\"url\":\"\",\"contentUrl\":\"\",\"caption\":\"Mexican Guitar Players\"},\"image\":{\"@id\":\"https:\\\/\\\/www.mexicanguitarplayers.com\\\/#\\\/schema\\\/logo\\\/image\\\/\"}}]}<\/script>\n<!-- \/ Yoast SEO plugin. -->","yoast_head_json":{"title":"PEDAL SOURCE AUDIO POLY-MOD FILTER - Mexican Guitar Players","description":"Pedal de filtro y wah, amplia selecci\u00f3n de sonidos, ajuste de par\u00e1metros y almacenamiento de cambios, excelente fidelidad, construcci\u00f3n robusta, 23 sonidos de filtro que incluyen 2-Pole Low Pass, 4-Pole Low Pass, Single Peak, Triple Peak, Peak &amp; Notch y Phasers, barrido de filtro positivo y negativo con rango variable y sensibilidad, perilla de mezcla Wet\/Dry que cuenta con nuestro algoritmo de preservaci\u00f3n de graves Lo-retain, 4 fuentes de modulaci\u00f3n que incluyen envolvente, LFO, pedal de expresi\u00f3n y Hot Hand, control de velocidad de tap tempo para LFO, DSP de vanguardia con nuestro procesador de se\u00f1al digital de 56 bits, el SA601 y convertidores transparentes de 24 bits, 6 pre-ajustes de usuario de f\u00e1cil configuraci\u00f3n en dos bancos seleccionables por medio de 3 footswitches para un r\u00e1pido acceso a tus sonidos favoritos, ecualizador ultra preciso de 7 bandas para control de tono en profundidad guardado por pre-ajuste, una entrada de expresi\u00f3n que permite controlar una gran variedad de par\u00e1metros de pedal, una entrada MIDI tambi\u00e9n permite acceso externo a pre-ajustes y par\u00e1metros, Motion Control: Todos los pedales Soundblox y Soundblox Pro est\u00e1n listos para la funci\u00f3n Hot Hand y pueden ser usados con cualquier sensor Hot Hand para extender las capacidades de la unidad, bypass an\u00e1logo activo totalmente enrutado alrededor del DSP y entrada activa que asegura una cero degradaci\u00f3n de la se\u00f1al, incluye fuente de alimentaci\u00f3n 9V DC, dimensiones: 17.8 x 15.25 x 5 cm (incluyendo perillas).","robots":{"index":"index","follow":"follow","max-snippet":"max-snippet:-1","max-image-preview":"max-image-preview:large","max-video-preview":"max-video-preview:-1"},"canonical":"https:\/\/www.mexicanguitarplayers.com\/en\/tienda\/sin categor\u00eda\/pedal-source-audio-poly-mod-filter\/","og_locale":"en_US","og_type":"article","og_title":"PEDAL SOURCE AUDIO POLY-MOD FILTER - Mexican Guitar Players","og_description":"Pedal de filtro y wah, amplia selecci\u00f3n de sonidos, ajuste de par\u00e1metros y almacenamiento de cambios, excelente fidelidad, construcci\u00f3n robusta, 23 sonidos de filtro que incluyen 2-Pole Low Pass, 4-Pole Low Pass, Single Peak, Triple Peak, Peak &amp; Notch y Phasers, barrido de filtro positivo y negativo con rango variable y sensibilidad, perilla de mezcla Wet\/Dry que cuenta con nuestro algoritmo de preservaci\u00f3n de graves Lo-retain, 4 fuentes de modulaci\u00f3n que incluyen envolvente, LFO, pedal de expresi\u00f3n y Hot Hand, control de velocidad de tap tempo para LFO, DSP de vanguardia con nuestro procesador de se\u00f1al digital de 56 bits, el SA601 y convertidores transparentes de 24 bits, 6 pre-ajustes de usuario de f\u00e1cil configuraci\u00f3n en dos bancos seleccionables por medio de 3 footswitches para un r\u00e1pido acceso a tus sonidos favoritos, ecualizador ultra preciso de 7 bandas para control de tono en profundidad guardado por pre-ajuste, una entrada de expresi\u00f3n que permite controlar una gran variedad de par\u00e1metros de pedal, una entrada MIDI tambi\u00e9n permite acceso externo a pre-ajustes y par\u00e1metros, Motion Control: Todos los pedales Soundblox y Soundblox Pro est\u00e1n listos para la funci\u00f3n Hot Hand y pueden ser usados con cualquier sensor Hot Hand para extender las capacidades de la unidad, bypass an\u00e1logo activo totalmente enrutado alrededor del DSP y entrada activa que asegura una cero degradaci\u00f3n de la se\u00f1al, incluye fuente de alimentaci\u00f3n 9V DC, dimensiones: 17.8 x 15.25 x 5 cm (incluyendo perillas).","og_url":"https:\/\/www.mexicanguitarplayers.com\/en\/tienda\/sin categor\u00eda\/pedal-source-audio-poly-mod-filter\/","og_site_name":"Mexican Guitar Players","article_modified_time":"2026-04-10T10:32:42+00:00","twitter_card":"summary_large_image","twitter_misc":{"Est. reading time":"2 minutes"},"schema":{"@context":"https:\/\/schema.org","@graph":[{"@type":["WebPage","ItemPage"],"@id":"https:\/\/www.mexicanguitarplayers.com\/tienda\/sin categor\u00eda\/pedal-source-audio-poly-mod-filter\/","url":"https:\/\/www.mexicanguitarplayers.com\/tienda\/sin categor\u00eda\/pedal-source-audio-poly-mod-filter\/","name":"PEDAL SOURCE AUDIO POLY-MOD FILTER - Mexican Guitar Players","isPartOf":{"@id":"https:\/\/www.mexicanguitarplayers.com\/#website"},"primaryImageOfPage":{"@id":"https:\/\/www.mexicanguitarplayers.com\/tienda\/sin categor\u00eda\/pedal-source-audio-poly-mod-filter\/#primaryimage"},"image":{"@id":"https:\/\/www.mexicanguitarplayers.com\/tienda\/sin categor\u00eda\/pedal-source-audio-poly-mod-filter\/#primaryimage"},"thumbnailUrl":"https:\/\/www.mexicanguitarplayers.com\/wp-content\/uploads\/2025\/04\/VASIOSA144.jpg","datePublished":"2025-04-09T03:08:38+00:00","dateModified":"2026-04-10T10:32:42+00:00","description":"Pedal de filtro y wah, amplia selecci\u00f3n de sonidos, ajuste de par\u00e1metros y almacenamiento de cambios, excelente fidelidad, construcci\u00f3n robusta, 23 sonidos de filtro que incluyen 2-Pole Low Pass, 4-Pole Low Pass, Single Peak, Triple Peak, Peak &amp; Notch y Phasers, barrido de filtro positivo y negativo con rango variable y sensibilidad, perilla de mezcla Wet\/Dry que cuenta con nuestro algoritmo de preservaci\u00f3n de graves Lo-retain, 4 fuentes de modulaci\u00f3n que incluyen envolvente, LFO, pedal de expresi\u00f3n y Hot Hand, control de velocidad de tap tempo para LFO, DSP de vanguardia con nuestro procesador de se\u00f1al digital de 56 bits, el SA601 y convertidores transparentes de 24 bits, 6 pre-ajustes de usuario de f\u00e1cil configuraci\u00f3n en dos bancos seleccionables por medio de 3 footswitches para un r\u00e1pido acceso a tus sonidos favoritos, ecualizador ultra preciso de 7 bandas para control de tono en profundidad guardado por pre-ajuste, una entrada de expresi\u00f3n que permite controlar una gran variedad de par\u00e1metros de pedal, una entrada MIDI tambi\u00e9n permite acceso externo a pre-ajustes y par\u00e1metros, Motion Control: Todos los pedales Soundblox y Soundblox Pro est\u00e1n listos para la funci\u00f3n Hot Hand y pueden ser usados con cualquier sensor Hot Hand para extender las capacidades de la unidad, bypass an\u00e1logo activo totalmente enrutado alrededor del DSP y entrada activa que asegura una cero degradaci\u00f3n de la se\u00f1al, incluye fuente de alimentaci\u00f3n 9V DC, dimensiones: 17.8 x 15.25 x 5 cm (incluyendo perillas).","breadcrumb":{"@id":"https:\/\/www.mexicanguitarplayers.com\/tienda\/sin categor\u00eda\/pedal-source-audio-poly-mod-filter\/#breadcrumb"},"inLanguage":"en-US","potentialAction":[{"@type":"ReadAction","target":["https:\/\/www.mexicanguitarplayers.com\/tienda\/sin categor\u00eda\/pedal-source-audio-poly-mod-filter\/"]}]},{"@type":"ImageObject","inLanguage":"en-US","@id":"https:\/\/www.mexicanguitarplayers.com\/tienda\/sin categor\u00eda\/pedal-source-audio-poly-mod-filter\/#primaryimage","url":"https:\/\/www.mexicanguitarplayers.com\/wp-content\/uploads\/2025\/04\/VASIOSA144.jpg","contentUrl":"https:\/\/www.mexicanguitarplayers.com\/wp-content\/uploads\/2025\/04\/VASIOSA144.jpg","width":1200,"height":1200},{"@type":"BreadcrumbList","@id":"https:\/\/www.mexicanguitarplayers.com\/tienda\/sin categor\u00eda\/pedal-source-audio-poly-mod-filter\/#breadcrumb","itemListElement":[{"@type":"ListItem","position":1,"name":"Portada","item":"https:\/\/www.mexicanguitarplayers.com\/"},{"@type":"ListItem","position":2,"name":"Tienda","item":"https:\/\/www.mexicanguitarplayers.com\/tienda\/"},{"@type":"ListItem","position":3,"name":"PEDAL SOURCE AUDIO POLY-MOD FILTER"}]},{"@type":"WebSite","@id":"https:\/\/www.mexicanguitarplayers.com\/#website","url":"https:\/\/www.mexicanguitarplayers.com\/","name":"Mexican Guitar Players","description":"Website","publisher":{"@id":"https:\/\/www.mexicanguitarplayers.com\/#organization"},"potentialAction":[{"@type":"SearchAction","target":{"@type":"EntryPoint","urlTemplate":"https:\/\/www.mexicanguitarplayers.com\/?s={search_term_string}"},"query-input":{"@type":"PropertyValueSpecification","valueRequired":true,"valueName":"search_term_string"}}],"inLanguage":"en-US"},{"@type":"Organization","@id":"https:\/\/www.mexicanguitarplayers.com\/#organization","name":"Mexican Guitar Players","url":"https:\/\/www.mexicanguitarplayers.com\/","logo":{"@type":"ImageObject","inLanguage":"en-US","@id":"https:\/\/www.mexicanguitarplayers.com\/#\/schema\/logo\/image\/","url":"","contentUrl":"","caption":"Mexican Guitar Players"},"image":{"@id":"https:\/\/www.mexicanguitarplayers.com\/#\/schema\/logo\/image\/"}}]}},"brands":[{"id":608,"name":"AUDIO SOURCE","slug":"source-audio"}],"_links":{"self":[{"href":"https:\/\/www.mexicanguitarplayers.com\/en\/wp-json\/wp\/v2\/product\/32922","targetHints":{"allow":["GET"]}}],"collection":[{"href":"https:\/\/www.mexicanguitarplayers.com\/en\/wp-json\/wp\/v2\/product"}],"about":[{"href":"https:\/\/www.mexicanguitarplayers.com\/en\/wp-json\/wp\/v2\/types\/product"}],"replies":[{"embeddable":true,"href":"https:\/\/www.mexicanguitarplayers.com\/en\/wp-json\/wp\/v2\/comments?post=32922"}],"wp:featuredmedia":[{"embeddable":true,"href":"https:\/\/www.mexicanguitarplayers.com\/en\/wp-json\/wp\/v2\/media\/32921"}],"wp:attachment":[{"href":"https:\/\/www.mexicanguitarplayers.com\/en\/wp-json\/wp\/v2\/media?parent=32922"}],"wp:term":[{"taxonomy":"pwb-brand","embeddable":true,"href":"https:\/\/www.mexicanguitarplayers.com\/en\/wp-json\/wp\/v2\/pwb-brand?post=32922"},{"taxonomy":"product_brand","embeddable":true,"href":"https:\/\/www.mexicanguitarplayers.com\/en\/wp-json\/wp\/v2\/product_brand?post=32922"},{"taxonomy":"product_cat","embeddable":true,"href":"https:\/\/www.mexicanguitarplayers.com\/en\/wp-json\/wp\/v2\/product_cat?post=32922"},{"taxonomy":"product_tag","embeddable":true,"href":"https:\/\/www.mexicanguitarplayers.com\/en\/wp-json\/wp\/v2\/product_tag?post=32922"}],"curies":[{"name":"wp","href":"https:\/\/api.w.org\/{rel}","templated":true}]}}