{"id":32979,"date":"2025-04-08T21:09:53","date_gmt":"2025-04-09T03:09:53","guid":{"rendered":"https:\/\/www.mexicanguitarplayers.com\/tienda\/sin categor\u00eda\/tarola-sonor-p-bateria-ssd13-1205-gh-se\/"},"modified":"2026-04-10T04:32:36","modified_gmt":"2026-04-10T10:32:36","slug":"tarola-sonor-p-bateria-ssd13-1205-gh-se","status":"publish","type":"product","link":"https:\/\/www.mexicanguitarplayers.com\/en\/tienda\/percusiones\/baterias\/tambores-sueltos\/tarolas\/tarola-sonor-p-bateria-ssd13-1205-gh-se\/","title":{"rendered":"TAROLA SONOR P\/BATERIA  SSD13 1205 GH SE"},"content":{"rendered":"<div style=\"text-align: justify\">\n<div>\n<h3>Gavin Harrison &#8220;Protean&#8221; Signature.<\/h3>\n<\/div>\n<div>Tarola Signature de Gavin Harrison &#8220;Protean&#8221;. A finales de 2011, Sonor y Gavin comenzaron a trabajar en el proyecto Protean con el objetivo de crear una tarola tan vers\u00e1til musicalmente como el propio Gavin. El nombre Protean, viene de la mitolog\u00eda griega que significa &#8220;vers\u00e1til&#8221; y &#8220;diverso&#8221;. Gavin quer\u00eda que esta tarola fuera como un caballo de batalla diaria que se pudiera modificar para adaptarse r\u00e1pidamente a la situaci\u00f3n musical. &#8220;Cuando tuve la oportunidad de dise\u00f1ar esta tarola junto a Sonor, yo sab\u00eda exactamente lo que quer\u00eda lograr, ya que est\u00e1 basada en mi experiencia de los \u00faltimos 30 a\u00f1os tocando profesionalmente. Yo escog\u00ed el material del vaso, los bordes h\u00edbridos, los anillos de amortiguaci\u00f3n, el S-Hoop y el entorchado de 8 alambres porque s\u00e9 que trabajan en todo tipo de situaciones diferentes. Llamamos Protean al tambor porque es vers\u00e1til y puede cambiar las caracter\u00edsticas muy r\u00e1pidamente para conseguir un sonido musicalmente correcto. Yo quer\u00eda que el aspecto de la tarola pudiera encajar con cualquier bater\u00eda. Tiene un aspecto Art Deco elegante con un acabado cl\u00e1sico negro satinado. Es el mejor vintage con la innovaci\u00f3n moderna y de jugar que es mi sue\u00f1o hecho realidad&#8221;. Gavin Harrison.<\/div>\n<div>\n<h4>Quick look<\/h4>\n<\/div>\n<ul style=\"margin: 0px 0px 0px 25px\">\n<li style=\"list-style-type: circle;margin: 5px\">Construcci\u00f3n y acabado.<\/li>\n<li style=\"list-style-type: circle;margin: 5px\">Bordes h\u00edbridos de rodamiento.<\/li>\n<li style=\"list-style-type: circle;margin: 5px\">Lugs vintage.<\/li>\n<li style=\"list-style-type: circle;margin: 5px\">Hoops h\u00edbridos.<\/li>\n<li style=\"list-style-type: circle;margin: 5px\">Sistema Dual Glide.<\/li>\n<li style=\"list-style-type: circle;margin: 5px\">Alambres exclusivos.<\/li>\n<li style=\"list-style-type: circle;margin: 5px\">Anillos de amortiguaci\u00f3n \u00fanicos.<\/li>\n<li style=\"list-style-type: circle;margin: 5px\">Parches.<\/li>\n<li style=\"list-style-type: circle;margin: 5px\">Nueva llave de afinaci\u00f3n &#8220;Protean&#8221;.<\/li>\n<li style=\"list-style-type: circle;margin: 5px\">Edici\u00f3n Est\u00e1ndar.<\/li>\n<li style=\"list-style-type: circle;margin: 5px\">Edici\u00f3n Premium.<\/li>\n<\/ul>\n<div>\n<div style=\"font-weight: bold\">Construcci\u00f3n y acabado.<\/div>\n<div>\n<p>La tarola signature de Gavin Harrison &#8220;Protean&#8221; est\u00e1 fabricada a mano en Alemania y se ofrece en dos tama\u00f1os: 14&#8243; x 5.25&#8243; pulgadas  y 12&#8243; x 5&#8243; pulgadas. Cuentan con 6 capas de madera de abedul para formar una concha de 6 mm.  El acabado Silky Black se compone con capas blancas base entre los accesorios de cromo y la concha.<\/p>\n<\/div>\n<div style=\"font-weight: bold\">Bordes h\u00edbridos de rodamiento.<\/div>\n<div>\n<p>La tarola reintroduce el borde redondeado vintage que Sonor produjo en 1975. En la parte inferior aparece un moderno borde de 45 grados.<\/p>\n<\/div>\n<div style=\"font-weight: bold\">Lugs vintage.<\/div>\n<div>\n<p>Gavin escogi\u00f3 los lugs vintage Phonic para a\u00f1adir masa a la concha mientras elimina la tensi\u00f3n alta.<\/p>\n<\/div>\n<div style=\"font-weight: bold\">Hoops h\u00edbridos.<\/div>\n<div>\n<p>La tarola cuenta con S-Hoops en la parte superior y hoop triple-flanged de acero en la parte superior.<\/p>\n<\/div>\n<div style=\"font-weight: bold\">Sistema Dual Glide.<\/div>\n<div>\n<p>Gavin amaba los beneficios de la nueva tarola con sistema Dual Glide, pero tuvo una idea m\u00e1s brillante. El aro inferior  abierto hace que el entorchado Dual Glide sea mucho m\u00e1s vers\u00e1til, como si se pudieran utilizar e intercambiar varios entorchados r\u00e1pidamente. Afinar el parche. Afinar el parche resonante sin entorchado es m\u00e1s sencillo.<\/p>\n<\/div>\n<div style=\"font-weight: bold\">Alambres exclusivos.<\/div>\n<div>\n<p>Gavin dise\u00f1\u00f3 tres configuraciones de entorchado. El ensamblado est\u00e1ndar es el &#8220;Straight 8&#8221; que cuenta con 8 hilos de acero inosidable en posici\u00f3n central. En la edici\u00f3n Premium cuenta con 8 hilos de bronce fuera del centro. La edici\u00f3n &#8220;Spacer&#8221;  cuenta con 8 hilos de lat\u00f3n con diferentes di\u00e1metros y espaciamiento \u00fanicos entre las hebras. Ambas ediciones Premium vienen en un exclusivo y \u00fanico estuche de madera.<\/p>\n<\/div>\n<div style=\"font-weight: bold\">Anillos de amortiguaci\u00f3n \u00fanicos.<\/div>\n<div>\n<p>Otra caracter\u00edstica especial es el conjunto de tres anillos de amortiguaci\u00f3n con nuevo dise\u00f1o (ligero, medio y fuerte) y se sientan perfectamente debajo del aro S-Hoop. Cada rango de sobre tono de amortiguaci\u00f3n se puede lograr mediante  el uso de estos anillos combinados o por separado.<\/p>\n<\/div>\n<div style=\"font-weight: bold\">Parches.<\/div>\n<div>\n<p>La tarola cuenta con parches Remo USA CS blancos rugosos  y un parche resonante Sonor medio, fabricado por Remo en USA.<\/p>\n<\/div>\n<div style=\"font-weight: bold\">Nueva llave de afinaci\u00f3n &#8220;Protean&#8221;.<\/div>\n<div>\n<p>Como profesional de giras, Gavin tiene que afinar y cambiar regularmente sus parches. A trav\u00e9s de los a\u00f1os ha desarrollado su propia t\u00e9cnica, lo que llev\u00f3 al desarrollo de  un conjunto de dos llaves de ajuste con dise\u00f1o especial. La llave Protean hace el intercambio de tornillos y parches m\u00e1s sencillo, r\u00e1pido y conveniente.<\/p>\n<\/div>\n<div style=\"font-weight: bold\">Edici\u00f3n Est\u00e1ndar.<\/div>\n<div>\n<p>La tarola est\u00e1 disponible en ediciones Est\u00e1ndar y Premium.  La edici\u00f3n Est\u00e1ndar incluye la tarola, los tres anillos y dos llaves de afinaci\u00f3n.<\/p>\n<\/div>\n<div style=\"font-weight: bold\">Edici\u00f3n Premium.<\/div>\n<div>\n<p>La edici\u00f3n Premium adiciona un estuche Protean fabricado por Hardcase UK y contiene adem\u00e1s el entorchado EQ y el Spacer asegurados en una caja de madera separada del tambor.<\/p>\n<\/div>\n<\/div>\n<\/div>","protected":false},"excerpt":{"rendered":"<p>Tarola Signature Gavin Harrison est\u00e1ndar \u201dProtean\u201d de 12\u201d x 5\u201d pulgadas, hardware cromado, vaso de 6 capas de abedul, lugs: Sistema Tune Safe, color negro brillante laqueado, incluye tres arillos de amortiguaci\u00f3n y dos llaves de afinaci\u00f3n.&hellip; <a class=\"kt-excerpt-readmore more-link\" href=\"https:\/\/www.mexicanguitarplayers.com\/en\/tienda\/percusiones\/baterias\/tambores-sueltos\/tarolas\/tarola-sonor-p-bateria-ssd13-1205-gh-se\/\">Read more<\/a><\/p>","protected":false},"featured_media":32978,"comment_status":"open","ping_status":"closed","template":"","meta":{"kt_blocks_editor_width":""},"pwb-brand":[321],"product_brand":[],"product_cat":[209,208,263,264],"product_tag":[],"class_list":{"0":"post-32979","1":"product","2":"type-product","3":"status-publish","4":"has-post-thumbnail","6":"pwb-brand-sonor","7":"product_cat-baterias","8":"product_cat-percusiones","9":"product_cat-tambores-sueltos","10":"product_cat-tarolas","11":"product_shipping_class-0-5-kg","13":"first","14":"outofstock","15":"taxable","16":"shipping-taxable","17":"purchasable","18":"product-type-simple"},"yoast_head":"<!-- This site is optimized with the Yoast SEO plugin v27.6 - https:\/\/yoast.com\/product\/yoast-seo-wordpress\/ -->\n<title>TAROLA SONOR P\/BATERIA SSD13 1205 GH SE - Mexican Guitar Players<\/title>\n<meta name=\"description\" content=\"Tarola Signature Gavin Harrison est\u00e1ndar \u201dProtean\u201d de 12\u201d x 5\u201d pulgadas, hardware cromado, vaso de 6 capas de abedul, lugs: Sistema Tune Safe, color negro brillante laqueado, incluye tres arillos de amortiguaci\u00f3n y dos llaves de afinaci\u00f3n.\" \/>\n<meta name=\"robots\" content=\"index, follow, max-snippet:-1, max-image-preview:large, max-video-preview:-1\" \/>\n<link rel=\"canonical\" href=\"https:\/\/www.mexicanguitarplayers.com\/en\/tienda\/sin%20categor\u00eda\/tarola-sonor-p-bateria-ssd13-1205-gh-se\/\" \/>\n<meta property=\"og:locale\" content=\"en_US\" \/>\n<meta property=\"og:type\" content=\"article\" \/>\n<meta property=\"og:title\" content=\"TAROLA SONOR P\/BATERIA SSD13 1205 GH SE - Mexican Guitar Players\" \/>\n<meta property=\"og:description\" content=\"Tarola Signature Gavin Harrison est\u00e1ndar \u201dProtean\u201d de 12\u201d x 5\u201d pulgadas, hardware cromado, vaso de 6 capas de abedul, lugs: Sistema Tune Safe, color negro brillante laqueado, incluye tres arillos de amortiguaci\u00f3n y dos llaves de afinaci\u00f3n.\" \/>\n<meta property=\"og:url\" content=\"https:\/\/www.mexicanguitarplayers.com\/en\/tienda\/sin categor\u00eda\/tarola-sonor-p-bateria-ssd13-1205-gh-se\/\" \/>\n<meta property=\"og:site_name\" content=\"Mexican Guitar Players\" \/>\n<meta property=\"article:modified_time\" content=\"2026-04-10T10:32:36+00:00\" \/>\n<meta name=\"twitter:card\" content=\"summary_large_image\" \/>\n<meta name=\"twitter:label1\" content=\"Est. reading time\" \/>\n\t<meta name=\"twitter:data1\" content=\"4 minutes\" \/>\n<script type=\"application\/ld+json\" class=\"yoast-schema-graph\">{\"@context\":\"https:\\\/\\\/schema.org\",\"@graph\":[{\"@type\":[\"WebPage\",\"ItemPage\"],\"@id\":\"https:\\\/\\\/www.mexicanguitarplayers.com\\\/tienda\\\/sin categor\u00eda\\\/tarola-sonor-p-bateria-ssd13-1205-gh-se\\\/\",\"url\":\"https:\\\/\\\/www.mexicanguitarplayers.com\\\/tienda\\\/sin categor\u00eda\\\/tarola-sonor-p-bateria-ssd13-1205-gh-se\\\/\",\"name\":\"TAROLA SONOR P\\\/BATERIA SSD13 1205 GH SE - Mexican Guitar Players\",\"isPartOf\":{\"@id\":\"https:\\\/\\\/www.mexicanguitarplayers.com\\\/#website\"},\"primaryImageOfPage\":{\"@id\":\"https:\\\/\\\/www.mexicanguitarplayers.com\\\/tienda\\\/sin categor\u00eda\\\/tarola-sonor-p-bateria-ssd13-1205-gh-se\\\/#primaryimage\"},\"image\":{\"@id\":\"https:\\\/\\\/www.mexicanguitarplayers.com\\\/tienda\\\/sin categor\u00eda\\\/tarola-sonor-p-bateria-ssd13-1205-gh-se\\\/#primaryimage\"},\"thumbnailUrl\":\"https:\\\/\\\/www.mexicanguitarplayers.com\\\/wp-content\\\/uploads\\\/2025\\\/04\\\/IPSORSSD1312GS.jpg\",\"datePublished\":\"2025-04-09T03:09:53+00:00\",\"dateModified\":\"2026-04-10T10:32:36+00:00\",\"description\":\"Tarola Signature Gavin Harrison est\u00e1ndar \u201dProtean\u201d de 12\u201d x 5\u201d pulgadas, hardware cromado, vaso de 6 capas de abedul, lugs: Sistema Tune Safe, color negro brillante laqueado, incluye tres arillos de amortiguaci\u00f3n y dos llaves de afinaci\u00f3n.\",\"breadcrumb\":{\"@id\":\"https:\\\/\\\/www.mexicanguitarplayers.com\\\/tienda\\\/sin categor\u00eda\\\/tarola-sonor-p-bateria-ssd13-1205-gh-se\\\/#breadcrumb\"},\"inLanguage\":\"en-US\",\"potentialAction\":[{\"@type\":\"ReadAction\",\"target\":[\"https:\\\/\\\/www.mexicanguitarplayers.com\\\/tienda\\\/sin categor\u00eda\\\/tarola-sonor-p-bateria-ssd13-1205-gh-se\\\/\"]}]},{\"@type\":\"ImageObject\",\"inLanguage\":\"en-US\",\"@id\":\"https:\\\/\\\/www.mexicanguitarplayers.com\\\/tienda\\\/sin categor\u00eda\\\/tarola-sonor-p-bateria-ssd13-1205-gh-se\\\/#primaryimage\",\"url\":\"https:\\\/\\\/www.mexicanguitarplayers.com\\\/wp-content\\\/uploads\\\/2025\\\/04\\\/IPSORSSD1312GS.jpg\",\"contentUrl\":\"https:\\\/\\\/www.mexicanguitarplayers.com\\\/wp-content\\\/uploads\\\/2025\\\/04\\\/IPSORSSD1312GS.jpg\",\"width\":1200,\"height\":1200},{\"@type\":\"BreadcrumbList\",\"@id\":\"https:\\\/\\\/www.mexicanguitarplayers.com\\\/tienda\\\/sin categor\u00eda\\\/tarola-sonor-p-bateria-ssd13-1205-gh-se\\\/#breadcrumb\",\"itemListElement\":[{\"@type\":\"ListItem\",\"position\":1,\"name\":\"Portada\",\"item\":\"https:\\\/\\\/www.mexicanguitarplayers.com\\\/\"},{\"@type\":\"ListItem\",\"position\":2,\"name\":\"Tienda\",\"item\":\"https:\\\/\\\/www.mexicanguitarplayers.com\\\/tienda\\\/\"},{\"@type\":\"ListItem\",\"position\":3,\"name\":\"TAROLA SONOR P\\\/BATERIA SSD13 1205 GH SE\"}]},{\"@type\":\"WebSite\",\"@id\":\"https:\\\/\\\/www.mexicanguitarplayers.com\\\/#website\",\"url\":\"https:\\\/\\\/www.mexicanguitarplayers.com\\\/\",\"name\":\"Mexican Guitar Players\",\"description\":\"Website\",\"publisher\":{\"@id\":\"https:\\\/\\\/www.mexicanguitarplayers.com\\\/#organization\"},\"potentialAction\":[{\"@type\":\"SearchAction\",\"target\":{\"@type\":\"EntryPoint\",\"urlTemplate\":\"https:\\\/\\\/www.mexicanguitarplayers.com\\\/?s={search_term_string}\"},\"query-input\":{\"@type\":\"PropertyValueSpecification\",\"valueRequired\":true,\"valueName\":\"search_term_string\"}}],\"inLanguage\":\"en-US\"},{\"@type\":\"Organization\",\"@id\":\"https:\\\/\\\/www.mexicanguitarplayers.com\\\/#organization\",\"name\":\"Mexican Guitar Players\",\"url\":\"https:\\\/\\\/www.mexicanguitarplayers.com\\\/\",\"logo\":{\"@type\":\"ImageObject\",\"inLanguage\":\"en-US\",\"@id\":\"https:\\\/\\\/www.mexicanguitarplayers.com\\\/#\\\/schema\\\/logo\\\/image\\\/\",\"url\":\"\",\"contentUrl\":\"\",\"caption\":\"Mexican Guitar Players\"},\"image\":{\"@id\":\"https:\\\/\\\/www.mexicanguitarplayers.com\\\/#\\\/schema\\\/logo\\\/image\\\/\"}}]}<\/script>\n<!-- \/ Yoast SEO plugin. -->","yoast_head_json":{"title":"TAROLA SONOR P\/BATERIA SSD13 1205 GH SE - Mexican Guitar Players","description":"Tarola Signature Gavin Harrison est\u00e1ndar \u201dProtean\u201d de 12\u201d x 5\u201d pulgadas, hardware cromado, vaso de 6 capas de abedul, lugs: Sistema Tune Safe, color negro brillante laqueado, incluye tres arillos de amortiguaci\u00f3n y dos llaves de afinaci\u00f3n.","robots":{"index":"index","follow":"follow","max-snippet":"max-snippet:-1","max-image-preview":"max-image-preview:large","max-video-preview":"max-video-preview:-1"},"canonical":"https:\/\/www.mexicanguitarplayers.com\/en\/tienda\/sin categor\u00eda\/tarola-sonor-p-bateria-ssd13-1205-gh-se\/","og_locale":"en_US","og_type":"article","og_title":"TAROLA SONOR P\/BATERIA SSD13 1205 GH SE - Mexican Guitar Players","og_description":"Tarola Signature Gavin Harrison est\u00e1ndar \u201dProtean\u201d de 12\u201d x 5\u201d pulgadas, hardware cromado, vaso de 6 capas de abedul, lugs: Sistema Tune Safe, color negro brillante laqueado, incluye tres arillos de amortiguaci\u00f3n y dos llaves de afinaci\u00f3n.","og_url":"https:\/\/www.mexicanguitarplayers.com\/en\/tienda\/sin categor\u00eda\/tarola-sonor-p-bateria-ssd13-1205-gh-se\/","og_site_name":"Mexican Guitar Players","article_modified_time":"2026-04-10T10:32:36+00:00","twitter_card":"summary_large_image","twitter_misc":{"Est. reading time":"4 minutes"},"schema":{"@context":"https:\/\/schema.org","@graph":[{"@type":["WebPage","ItemPage"],"@id":"https:\/\/www.mexicanguitarplayers.com\/tienda\/sin categor\u00eda\/tarola-sonor-p-bateria-ssd13-1205-gh-se\/","url":"https:\/\/www.mexicanguitarplayers.com\/tienda\/sin categor\u00eda\/tarola-sonor-p-bateria-ssd13-1205-gh-se\/","name":"TAROLA SONOR P\/BATERIA SSD13 1205 GH SE - Mexican Guitar Players","isPartOf":{"@id":"https:\/\/www.mexicanguitarplayers.com\/#website"},"primaryImageOfPage":{"@id":"https:\/\/www.mexicanguitarplayers.com\/tienda\/sin categor\u00eda\/tarola-sonor-p-bateria-ssd13-1205-gh-se\/#primaryimage"},"image":{"@id":"https:\/\/www.mexicanguitarplayers.com\/tienda\/sin categor\u00eda\/tarola-sonor-p-bateria-ssd13-1205-gh-se\/#primaryimage"},"thumbnailUrl":"https:\/\/www.mexicanguitarplayers.com\/wp-content\/uploads\/2025\/04\/IPSORSSD1312GS.jpg","datePublished":"2025-04-09T03:09:53+00:00","dateModified":"2026-04-10T10:32:36+00:00","description":"Tarola Signature Gavin Harrison est\u00e1ndar \u201dProtean\u201d de 12\u201d x 5\u201d pulgadas, hardware cromado, vaso de 6 capas de abedul, lugs: Sistema Tune Safe, color negro brillante laqueado, incluye tres arillos de amortiguaci\u00f3n y dos llaves de afinaci\u00f3n.","breadcrumb":{"@id":"https:\/\/www.mexicanguitarplayers.com\/tienda\/sin categor\u00eda\/tarola-sonor-p-bateria-ssd13-1205-gh-se\/#breadcrumb"},"inLanguage":"en-US","potentialAction":[{"@type":"ReadAction","target":["https:\/\/www.mexicanguitarplayers.com\/tienda\/sin categor\u00eda\/tarola-sonor-p-bateria-ssd13-1205-gh-se\/"]}]},{"@type":"ImageObject","inLanguage":"en-US","@id":"https:\/\/www.mexicanguitarplayers.com\/tienda\/sin categor\u00eda\/tarola-sonor-p-bateria-ssd13-1205-gh-se\/#primaryimage","url":"https:\/\/www.mexicanguitarplayers.com\/wp-content\/uploads\/2025\/04\/IPSORSSD1312GS.jpg","contentUrl":"https:\/\/www.mexicanguitarplayers.com\/wp-content\/uploads\/2025\/04\/IPSORSSD1312GS.jpg","width":1200,"height":1200},{"@type":"BreadcrumbList","@id":"https:\/\/www.mexicanguitarplayers.com\/tienda\/sin categor\u00eda\/tarola-sonor-p-bateria-ssd13-1205-gh-se\/#breadcrumb","itemListElement":[{"@type":"ListItem","position":1,"name":"Portada","item":"https:\/\/www.mexicanguitarplayers.com\/"},{"@type":"ListItem","position":2,"name":"Tienda","item":"https:\/\/www.mexicanguitarplayers.com\/tienda\/"},{"@type":"ListItem","position":3,"name":"TAROLA SONOR P\/BATERIA SSD13 1205 GH SE"}]},{"@type":"WebSite","@id":"https:\/\/www.mexicanguitarplayers.com\/#website","url":"https:\/\/www.mexicanguitarplayers.com\/","name":"Mexican Guitar Players","description":"Website","publisher":{"@id":"https:\/\/www.mexicanguitarplayers.com\/#organization"},"potentialAction":[{"@type":"SearchAction","target":{"@type":"EntryPoint","urlTemplate":"https:\/\/www.mexicanguitarplayers.com\/?s={search_term_string}"},"query-input":{"@type":"PropertyValueSpecification","valueRequired":true,"valueName":"search_term_string"}}],"inLanguage":"en-US"},{"@type":"Organization","@id":"https:\/\/www.mexicanguitarplayers.com\/#organization","name":"Mexican Guitar Players","url":"https:\/\/www.mexicanguitarplayers.com\/","logo":{"@type":"ImageObject","inLanguage":"en-US","@id":"https:\/\/www.mexicanguitarplayers.com\/#\/schema\/logo\/image\/","url":"","contentUrl":"","caption":"Mexican Guitar Players"},"image":{"@id":"https:\/\/www.mexicanguitarplayers.com\/#\/schema\/logo\/image\/"}}]}},"brands":[{"id":321,"name":"SOUND","slug":"sonor"}],"_links":{"self":[{"href":"https:\/\/www.mexicanguitarplayers.com\/en\/wp-json\/wp\/v2\/product\/32979","targetHints":{"allow":["GET"]}}],"collection":[{"href":"https:\/\/www.mexicanguitarplayers.com\/en\/wp-json\/wp\/v2\/product"}],"about":[{"href":"https:\/\/www.mexicanguitarplayers.com\/en\/wp-json\/wp\/v2\/types\/product"}],"replies":[{"embeddable":true,"href":"https:\/\/www.mexicanguitarplayers.com\/en\/wp-json\/wp\/v2\/comments?post=32979"}],"wp:featuredmedia":[{"embeddable":true,"href":"https:\/\/www.mexicanguitarplayers.com\/en\/wp-json\/wp\/v2\/media\/32978"}],"wp:attachment":[{"href":"https:\/\/www.mexicanguitarplayers.com\/en\/wp-json\/wp\/v2\/media?parent=32979"}],"wp:term":[{"taxonomy":"pwb-brand","embeddable":true,"href":"https:\/\/www.mexicanguitarplayers.com\/en\/wp-json\/wp\/v2\/pwb-brand?post=32979"},{"taxonomy":"product_brand","embeddable":true,"href":"https:\/\/www.mexicanguitarplayers.com\/en\/wp-json\/wp\/v2\/product_brand?post=32979"},{"taxonomy":"product_cat","embeddable":true,"href":"https:\/\/www.mexicanguitarplayers.com\/en\/wp-json\/wp\/v2\/product_cat?post=32979"},{"taxonomy":"product_tag","embeddable":true,"href":"https:\/\/www.mexicanguitarplayers.com\/en\/wp-json\/wp\/v2\/product_tag?post=32979"}],"curies":[{"name":"wp","href":"https:\/\/api.w.org\/{rel}","templated":true}]}}