{"id":32984,"date":"2025-04-08T21:09:58","date_gmt":"2025-04-09T03:09:58","guid":{"rendered":"https:\/\/www.mexicanguitarplayers.com\/tienda\/sin categor\u00eda\/microfono-eikon-diadema-mod-hcm08pro\/"},"modified":"2026-05-01T07:23:04","modified_gmt":"2026-05-01T13:23:04","slug":"microfono-eikon-diadema-mod-hcm08pro","status":"publish","type":"product","link":"https:\/\/www.mexicanguitarplayers.com\/en\/tienda\/audio\/microfonia\/microfonos-alambricos\/de-mano\/microfono-eikon-diadema-mod-hcm08pro\/","title":{"rendered":"MICROFONO EIKON DIADEMA MOD. HCM08PRO"},"content":{"rendered":"<div style=\"text-align: justify\">\n<div>\n<h3>Ligero y discreto.<\/h3>\n<\/div>\n<div>El micr\u00f3fono HCM08PRO de Proel ofrece un gran sonid y es adecuado para utilizarse con la mayor\u00eda de los principales fabricantes de sistemas inal\u00e1mbricos. Entrega un desempe\u00f1o profesional discreto a una fracci\u00f3n del costo de otras marcas. Micr\u00f3fono flexible de miniatura muy peque\u00f1o y ligero. Capsula de condensador de 3.5 mm con patr\u00f3n polar omnidireccional. Doble sistema de protecci\u00f3n para uso en aplicaciones de teatro y palabra. Fijaci\u00f3n confortable y segura. Incluye adaptadores a 3 conexiones diferentes: 3.5 mm estereo, mini XLR de 3 pines y mini XLR de 4 pines.<\/div>\n<div>\n<h4>Quick look<\/h4>\n<\/div>\n<ul style=\"margin: 0px 0px 0px 25px\">\n<li style=\"list-style-type: circle;margin: 5px\">Accessories included.<\/li>\n<\/ul>\n<div>\n<div style=\"font-weight: bold\">Accessories included.<\/div>\n<div>\n<p>3 conectores: plug 3.5 mm, mini XLR de 3 pines y mini XLR de 4 pines.Anti viento de metal.<\/p>\n<\/div>\n<\/div>\n<div>\n<h4>Characteristics<\/h4>\n<\/div>\n<div>\n<ul style=\"margin: 0px 0px 0px 25px\">\n<li style=\"list-style-type: circle;margin: 5px\">Micr\u00f3fono de diadema en color piel.<\/li>\n<li style=\"list-style-type: circle;margin: 5px\">Transductor: condensador back electret.<\/li>\n<li style=\"list-style-type: circle;margin: 5px\">Patr\u00f3n polar omni direccional.<\/li>\n<li style=\"list-style-type: circle;margin: 5px\">Respuesta de frecuencia: 20 Hz &#8211; 20 kHz.<\/li>\n<li style=\"list-style-type: circle;margin: 5px\">Sensibilidad: -45 dB\u00b1 3 dB.<\/li>\n<li style=\"list-style-type: circle;margin: 5px\">Relaci\u00f3n se\u00f1al a ruido: &gt;70 dB.<\/li>\n<li style=\"list-style-type: circle;margin: 5px\">Impedancia nominal: 1500 ohms \u00b1 30%.<\/li>\n<li style=\"list-style-type: circle;margin: 5px\">Fuente de alimentaci\u00f3n: 1.5 V &#8211; 10 V.<\/li>\n<\/ul>\n<\/div>\n<\/div>","protected":false},"excerpt":{"rendered":"<p>Micr\u00f3fono Proel de diadema en color piel, transductor: condensador back electret, patr\u00f3n polar omni direccional, respuesta de frecuencia: 20 Hz &#8211; 20 kHz, sensibilidad: -45 dB\u00b1 3 dB, relaci\u00f3n se\u00f1al a ruido: &gt;70 dB, impedancia nominal: 1500 ohms \u00b1 30%, fuente de alimentaci\u00f3n: 1.5 V &#8211; 10 V, incluye 3 conectores: plug 3.5mm, mini XLR de 3 pines y mini XLR de 4 pines y antiviento de metal.&hellip; <a class=\"kt-excerpt-readmore more-link\" href=\"https:\/\/www.mexicanguitarplayers.com\/en\/tienda\/audio\/microfonia\/microfonos-alambricos\/de-mano\/microfono-eikon-diadema-mod-hcm08pro\/\">Read more<\/a><\/p>","protected":false},"featured_media":32982,"comment_status":"open","ping_status":"closed","template":"","meta":{"kt_blocks_editor_width":""},"pwb-brand":[239],"product_brand":[],"product_cat":[213,218,214,231],"product_tag":[],"class_list":{"0":"post-32984","1":"product","2":"type-product","3":"status-publish","4":"has-post-thumbnail","6":"pwb-brand-eikon","7":"product_cat-audio","8":"product_cat-de-mano","9":"product_cat-microfonia","10":"product_cat-microfonos-inalambricos","11":"product_shipping_class-0-5-kg","13":"first","14":"instock","15":"taxable","16":"shipping-taxable","17":"purchasable","18":"product-type-simple"},"yoast_head":"<!-- This site is optimized with the Yoast SEO plugin v27.5 - https:\/\/yoast.com\/product\/yoast-seo-wordpress\/ -->\n<title>MICROFONO EIKON DIADEMA MOD. HCM08PRO - Mexican Guitar Players<\/title>\n<meta name=\"description\" content=\"Micr\u00f3fono Proel de diadema en color piel, transductor: condensador back electret, patr\u00f3n polar omni direccional, respuesta de frecuencia: 20 Hz - 20 kHz, sensibilidad: -45 dB\u00b1 3 dB, relaci\u00f3n se\u00f1al a ruido: &gt;70 dB, impedancia nominal: 1500 ohms \u00b1 30%, fuente de alimentaci\u00f3n: 1.5 V - 10 V, incluye 3 conectores: plug 3.5mm, mini XLR de 3 pines y mini XLR de 4 pines y antiviento de metal.\" \/>\n<meta name=\"robots\" content=\"index, follow, max-snippet:-1, max-image-preview:large, max-video-preview:-1\" \/>\n<link rel=\"canonical\" href=\"https:\/\/www.mexicanguitarplayers.com\/en\/tienda\/sin%20categor\u00eda\/microfono-eikon-diadema-mod-hcm08pro\/\" \/>\n<meta property=\"og:locale\" content=\"en_US\" \/>\n<meta property=\"og:type\" content=\"article\" \/>\n<meta property=\"og:title\" content=\"MICROFONO EIKON DIADEMA MOD. HCM08PRO - Mexican Guitar Players\" \/>\n<meta property=\"og:description\" content=\"Micr\u00f3fono Proel de diadema en color piel, transductor: condensador back electret, patr\u00f3n polar omni direccional, respuesta de frecuencia: 20 Hz - 20 kHz, sensibilidad: -45 dB\u00b1 3 dB, relaci\u00f3n se\u00f1al a ruido: &gt;70 dB, impedancia nominal: 1500 ohms \u00b1 30%, fuente de alimentaci\u00f3n: 1.5 V - 10 V, incluye 3 conectores: plug 3.5mm, mini XLR de 3 pines y mini XLR de 4 pines y antiviento de metal.\" \/>\n<meta property=\"og:url\" content=\"https:\/\/www.mexicanguitarplayers.com\/en\/tienda\/sin categor\u00eda\/microfono-eikon-diadema-mod-hcm08pro\/\" \/>\n<meta property=\"og:site_name\" content=\"Mexican Guitar Players\" \/>\n<meta property=\"article:modified_time\" content=\"2026-05-01T13:23:04+00:00\" \/>\n<meta name=\"twitter:card\" content=\"summary_large_image\" \/>\n<meta name=\"twitter:label1\" content=\"Est. reading time\" \/>\n\t<meta name=\"twitter:data1\" content=\"1 minute\" \/>\n<script type=\"application\/ld+json\" class=\"yoast-schema-graph\">{\"@context\":\"https:\\\/\\\/schema.org\",\"@graph\":[{\"@type\":[\"WebPage\",\"ItemPage\"],\"@id\":\"https:\\\/\\\/www.mexicanguitarplayers.com\\\/tienda\\\/sin categor\u00eda\\\/microfono-eikon-diadema-mod-hcm08pro\\\/\",\"url\":\"https:\\\/\\\/www.mexicanguitarplayers.com\\\/tienda\\\/sin categor\u00eda\\\/microfono-eikon-diadema-mod-hcm08pro\\\/\",\"name\":\"MICROFONO EIKON DIADEMA MOD. HCM08PRO - Mexican Guitar Players\",\"isPartOf\":{\"@id\":\"https:\\\/\\\/www.mexicanguitarplayers.com\\\/#website\"},\"primaryImageOfPage\":{\"@id\":\"https:\\\/\\\/www.mexicanguitarplayers.com\\\/tienda\\\/sin categor\u00eda\\\/microfono-eikon-diadema-mod-hcm08pro\\\/#primaryimage\"},\"image\":{\"@id\":\"https:\\\/\\\/www.mexicanguitarplayers.com\\\/tienda\\\/sin categor\u00eda\\\/microfono-eikon-diadema-mod-hcm08pro\\\/#primaryimage\"},\"thumbnailUrl\":\"https:\\\/\\\/www.mexicanguitarplayers.com\\\/wp-content\\\/uploads\\\/2025\\\/04\\\/IAEIOHCM08PRO.jpg\",\"datePublished\":\"2025-04-09T03:09:58+00:00\",\"dateModified\":\"2026-05-01T13:23:04+00:00\",\"description\":\"Micr\u00f3fono Proel de diadema en color piel, transductor: condensador back electret, patr\u00f3n polar omni direccional, respuesta de frecuencia: 20 Hz - 20 kHz, sensibilidad: -45 dB\u00b1 3 dB, relaci\u00f3n se\u00f1al a ruido: &gt;70 dB, impedancia nominal: 1500 ohms \u00b1 30%, fuente de alimentaci\u00f3n: 1.5 V - 10 V, incluye 3 conectores: plug 3.5mm, mini XLR de 3 pines y mini XLR de 4 pines y antiviento de metal.\",\"breadcrumb\":{\"@id\":\"https:\\\/\\\/www.mexicanguitarplayers.com\\\/tienda\\\/sin categor\u00eda\\\/microfono-eikon-diadema-mod-hcm08pro\\\/#breadcrumb\"},\"inLanguage\":\"en-US\",\"potentialAction\":[{\"@type\":\"ReadAction\",\"target\":[\"https:\\\/\\\/www.mexicanguitarplayers.com\\\/tienda\\\/sin categor\u00eda\\\/microfono-eikon-diadema-mod-hcm08pro\\\/\"]}]},{\"@type\":\"ImageObject\",\"inLanguage\":\"en-US\",\"@id\":\"https:\\\/\\\/www.mexicanguitarplayers.com\\\/tienda\\\/sin categor\u00eda\\\/microfono-eikon-diadema-mod-hcm08pro\\\/#primaryimage\",\"url\":\"https:\\\/\\\/www.mexicanguitarplayers.com\\\/wp-content\\\/uploads\\\/2025\\\/04\\\/IAEIOHCM08PRO.jpg\",\"contentUrl\":\"https:\\\/\\\/www.mexicanguitarplayers.com\\\/wp-content\\\/uploads\\\/2025\\\/04\\\/IAEIOHCM08PRO.jpg\",\"width\":1200,\"height\":1200},{\"@type\":\"BreadcrumbList\",\"@id\":\"https:\\\/\\\/www.mexicanguitarplayers.com\\\/tienda\\\/sin categor\u00eda\\\/microfono-eikon-diadema-mod-hcm08pro\\\/#breadcrumb\",\"itemListElement\":[{\"@type\":\"ListItem\",\"position\":1,\"name\":\"Portada\",\"item\":\"https:\\\/\\\/www.mexicanguitarplayers.com\\\/\"},{\"@type\":\"ListItem\",\"position\":2,\"name\":\"Tienda\",\"item\":\"https:\\\/\\\/www.mexicanguitarplayers.com\\\/tienda\\\/\"},{\"@type\":\"ListItem\",\"position\":3,\"name\":\"MICROFONO EIKON DIADEMA MOD. HCM08PRO\"}]},{\"@type\":\"WebSite\",\"@id\":\"https:\\\/\\\/www.mexicanguitarplayers.com\\\/#website\",\"url\":\"https:\\\/\\\/www.mexicanguitarplayers.com\\\/\",\"name\":\"Mexican Guitar Players\",\"description\":\"Website\",\"publisher\":{\"@id\":\"https:\\\/\\\/www.mexicanguitarplayers.com\\\/#organization\"},\"potentialAction\":[{\"@type\":\"SearchAction\",\"target\":{\"@type\":\"EntryPoint\",\"urlTemplate\":\"https:\\\/\\\/www.mexicanguitarplayers.com\\\/?s={search_term_string}\"},\"query-input\":{\"@type\":\"PropertyValueSpecification\",\"valueRequired\":true,\"valueName\":\"search_term_string\"}}],\"inLanguage\":\"en-US\"},{\"@type\":\"Organization\",\"@id\":\"https:\\\/\\\/www.mexicanguitarplayers.com\\\/#organization\",\"name\":\"Mexican Guitar Players\",\"url\":\"https:\\\/\\\/www.mexicanguitarplayers.com\\\/\",\"logo\":{\"@type\":\"ImageObject\",\"inLanguage\":\"en-US\",\"@id\":\"https:\\\/\\\/www.mexicanguitarplayers.com\\\/#\\\/schema\\\/logo\\\/image\\\/\",\"url\":\"\",\"contentUrl\":\"\",\"caption\":\"Mexican Guitar Players\"},\"image\":{\"@id\":\"https:\\\/\\\/www.mexicanguitarplayers.com\\\/#\\\/schema\\\/logo\\\/image\\\/\"}}]}<\/script>\n<!-- \/ Yoast SEO plugin. -->","yoast_head_json":{"title":"MICROFONO EIKON DIADEMA MOD. HCM08PRO - Mexican Guitar Players","description":"Micr\u00f3fono Proel de diadema en color piel, transductor: condensador back electret, patr\u00f3n polar omni direccional, respuesta de frecuencia: 20 Hz - 20 kHz, sensibilidad: -45 dB\u00b1 3 dB, relaci\u00f3n se\u00f1al a ruido: &gt;70 dB, impedancia nominal: 1500 ohms \u00b1 30%, fuente de alimentaci\u00f3n: 1.5 V - 10 V, incluye 3 conectores: plug 3.5mm, mini XLR de 3 pines y mini XLR de 4 pines y antiviento de metal.","robots":{"index":"index","follow":"follow","max-snippet":"max-snippet:-1","max-image-preview":"max-image-preview:large","max-video-preview":"max-video-preview:-1"},"canonical":"https:\/\/www.mexicanguitarplayers.com\/en\/tienda\/sin categor\u00eda\/microfono-eikon-diadema-mod-hcm08pro\/","og_locale":"en_US","og_type":"article","og_title":"MICROFONO EIKON DIADEMA MOD. HCM08PRO - Mexican Guitar Players","og_description":"Micr\u00f3fono Proel de diadema en color piel, transductor: condensador back electret, patr\u00f3n polar omni direccional, respuesta de frecuencia: 20 Hz - 20 kHz, sensibilidad: -45 dB\u00b1 3 dB, relaci\u00f3n se\u00f1al a ruido: &gt;70 dB, impedancia nominal: 1500 ohms \u00b1 30%, fuente de alimentaci\u00f3n: 1.5 V - 10 V, incluye 3 conectores: plug 3.5mm, mini XLR de 3 pines y mini XLR de 4 pines y antiviento de metal.","og_url":"https:\/\/www.mexicanguitarplayers.com\/en\/tienda\/sin categor\u00eda\/microfono-eikon-diadema-mod-hcm08pro\/","og_site_name":"Mexican Guitar Players","article_modified_time":"2026-05-01T13:23:04+00:00","twitter_card":"summary_large_image","twitter_misc":{"Est. reading time":"1 minute"},"schema":{"@context":"https:\/\/schema.org","@graph":[{"@type":["WebPage","ItemPage"],"@id":"https:\/\/www.mexicanguitarplayers.com\/tienda\/sin categor\u00eda\/microfono-eikon-diadema-mod-hcm08pro\/","url":"https:\/\/www.mexicanguitarplayers.com\/tienda\/sin categor\u00eda\/microfono-eikon-diadema-mod-hcm08pro\/","name":"MICROFONO EIKON DIADEMA MOD. HCM08PRO - Mexican Guitar Players","isPartOf":{"@id":"https:\/\/www.mexicanguitarplayers.com\/#website"},"primaryImageOfPage":{"@id":"https:\/\/www.mexicanguitarplayers.com\/tienda\/sin categor\u00eda\/microfono-eikon-diadema-mod-hcm08pro\/#primaryimage"},"image":{"@id":"https:\/\/www.mexicanguitarplayers.com\/tienda\/sin categor\u00eda\/microfono-eikon-diadema-mod-hcm08pro\/#primaryimage"},"thumbnailUrl":"https:\/\/www.mexicanguitarplayers.com\/wp-content\/uploads\/2025\/04\/IAEIOHCM08PRO.jpg","datePublished":"2025-04-09T03:09:58+00:00","dateModified":"2026-05-01T13:23:04+00:00","description":"Micr\u00f3fono Proel de diadema en color piel, transductor: condensador back electret, patr\u00f3n polar omni direccional, respuesta de frecuencia: 20 Hz - 20 kHz, sensibilidad: -45 dB\u00b1 3 dB, relaci\u00f3n se\u00f1al a ruido: &gt;70 dB, impedancia nominal: 1500 ohms \u00b1 30%, fuente de alimentaci\u00f3n: 1.5 V - 10 V, incluye 3 conectores: plug 3.5mm, mini XLR de 3 pines y mini XLR de 4 pines y antiviento de metal.","breadcrumb":{"@id":"https:\/\/www.mexicanguitarplayers.com\/tienda\/sin categor\u00eda\/microfono-eikon-diadema-mod-hcm08pro\/#breadcrumb"},"inLanguage":"en-US","potentialAction":[{"@type":"ReadAction","target":["https:\/\/www.mexicanguitarplayers.com\/tienda\/sin categor\u00eda\/microfono-eikon-diadema-mod-hcm08pro\/"]}]},{"@type":"ImageObject","inLanguage":"en-US","@id":"https:\/\/www.mexicanguitarplayers.com\/tienda\/sin categor\u00eda\/microfono-eikon-diadema-mod-hcm08pro\/#primaryimage","url":"https:\/\/www.mexicanguitarplayers.com\/wp-content\/uploads\/2025\/04\/IAEIOHCM08PRO.jpg","contentUrl":"https:\/\/www.mexicanguitarplayers.com\/wp-content\/uploads\/2025\/04\/IAEIOHCM08PRO.jpg","width":1200,"height":1200},{"@type":"BreadcrumbList","@id":"https:\/\/www.mexicanguitarplayers.com\/tienda\/sin categor\u00eda\/microfono-eikon-diadema-mod-hcm08pro\/#breadcrumb","itemListElement":[{"@type":"ListItem","position":1,"name":"Portada","item":"https:\/\/www.mexicanguitarplayers.com\/"},{"@type":"ListItem","position":2,"name":"Tienda","item":"https:\/\/www.mexicanguitarplayers.com\/tienda\/"},{"@type":"ListItem","position":3,"name":"MICROFONO EIKON DIADEMA MOD. HCM08PRO"}]},{"@type":"WebSite","@id":"https:\/\/www.mexicanguitarplayers.com\/#website","url":"https:\/\/www.mexicanguitarplayers.com\/","name":"Mexican Guitar Players","description":"Website","publisher":{"@id":"https:\/\/www.mexicanguitarplayers.com\/#organization"},"potentialAction":[{"@type":"SearchAction","target":{"@type":"EntryPoint","urlTemplate":"https:\/\/www.mexicanguitarplayers.com\/?s={search_term_string}"},"query-input":{"@type":"PropertyValueSpecification","valueRequired":true,"valueName":"search_term_string"}}],"inLanguage":"en-US"},{"@type":"Organization","@id":"https:\/\/www.mexicanguitarplayers.com\/#organization","name":"Mexican Guitar Players","url":"https:\/\/www.mexicanguitarplayers.com\/","logo":{"@type":"ImageObject","inLanguage":"en-US","@id":"https:\/\/www.mexicanguitarplayers.com\/#\/schema\/logo\/image\/","url":"","contentUrl":"","caption":"Mexican Guitar Players"},"image":{"@id":"https:\/\/www.mexicanguitarplayers.com\/#\/schema\/logo\/image\/"}}]}},"brands":[{"id":239,"name":"EIKON","slug":"eikon"}],"_links":{"self":[{"href":"https:\/\/www.mexicanguitarplayers.com\/en\/wp-json\/wp\/v2\/product\/32984","targetHints":{"allow":["GET"]}}],"collection":[{"href":"https:\/\/www.mexicanguitarplayers.com\/en\/wp-json\/wp\/v2\/product"}],"about":[{"href":"https:\/\/www.mexicanguitarplayers.com\/en\/wp-json\/wp\/v2\/types\/product"}],"replies":[{"embeddable":true,"href":"https:\/\/www.mexicanguitarplayers.com\/en\/wp-json\/wp\/v2\/comments?post=32984"}],"wp:featuredmedia":[{"embeddable":true,"href":"https:\/\/www.mexicanguitarplayers.com\/en\/wp-json\/wp\/v2\/media\/32982"}],"wp:attachment":[{"href":"https:\/\/www.mexicanguitarplayers.com\/en\/wp-json\/wp\/v2\/media?parent=32984"}],"wp:term":[{"taxonomy":"pwb-brand","embeddable":true,"href":"https:\/\/www.mexicanguitarplayers.com\/en\/wp-json\/wp\/v2\/pwb-brand?post=32984"},{"taxonomy":"product_brand","embeddable":true,"href":"https:\/\/www.mexicanguitarplayers.com\/en\/wp-json\/wp\/v2\/product_brand?post=32984"},{"taxonomy":"product_cat","embeddable":true,"href":"https:\/\/www.mexicanguitarplayers.com\/en\/wp-json\/wp\/v2\/product_cat?post=32984"},{"taxonomy":"product_tag","embeddable":true,"href":"https:\/\/www.mexicanguitarplayers.com\/en\/wp-json\/wp\/v2\/product_tag?post=32984"}],"curies":[{"name":"wp","href":"https:\/\/api.w.org\/{rel}","templated":true}]}}