{"id":32994,"date":"2025-04-08T21:10:12","date_gmt":"2025-04-09T03:10:12","guid":{"rendered":"https:\/\/www.mexicanguitarplayers.com\/tienda\/sin categor\u00eda\/microfono-eikon-vocal-mod-dm55v2bk\/"},"modified":"2026-04-10T04:32:33","modified_gmt":"2026-04-10T10:32:33","slug":"microfono-eikon-vocal-mod-dm55v2bk","status":"publish","type":"product","link":"https:\/\/www.mexicanguitarplayers.com\/en\/tienda\/audio\/microfonia\/microfonos-alambricos\/para-estudio\/microfono-eikon-vocal-mod-dm55v2bk\/","title":{"rendered":"MICROFONO EIKON VOCAL MOD. DM55V2BK"},"content":{"rendered":"<div style=\"text-align: justify\">\n<div>\n<h3>Consigue ese estilo vintage que tanto buscabas.<\/h3>\n<\/div>\n<div>DM55V2 Vintage es un micr\u00f3fono din\u00e1mico de bobina m\u00f3vil de alta calidad, que cuenta con un diafragma de gran tama\u00f1o para una respuesta de frecuencia baja, media y alta extra precisa. El soporte de goma integrado con amortiguaci\u00f3n ayuda a reducir el ruido de manejo. DM55V2 es la elecci\u00f3n correcta para aplicaciones profesionales de voz en vivo y presentaciones esc\u00e9nicas que requieren un estilo vintage.<\/div>\n<div>\n<h4>Quick look<\/h4>\n<\/div>\n<ul style=\"margin: 0px 0px 0px 25px\">\n<li style=\"list-style-type: circle;margin: 5px\">Transductor.<\/li>\n<li style=\"list-style-type: circle;margin: 5px\">Polar pattern.<\/li>\n<li style=\"list-style-type: circle;margin: 5px\">Material.<\/li>\n<li style=\"list-style-type: circle;margin: 5px\">Funciones.<\/li>\n<li style=\"list-style-type: circle;margin: 5px\">Frequency response.<\/li>\n<li style=\"list-style-type: circle;margin: 5px\">Sensitivity.<\/li>\n<li style=\"list-style-type: circle;margin: 5px\">Maximum SPL.<\/li>\n<li style=\"list-style-type: circle;margin: 5px\">Impedance.<\/li>\n<li style=\"list-style-type: circle;margin: 5px\">Connector<\/li>\n<li style=\"list-style-type: circle;margin: 5px\">Dimensions.<\/li>\n<li style=\"list-style-type: circle;margin: 5px\">Weight.<\/li>\n<\/ul>\n<div>\n<div style=\"font-weight: bold\">Transductor.<\/div>\n<div>\n<p>Din\u00e1mico.<\/p>\n<\/div>\n<div style=\"font-weight: bold\">Polar pattern.<\/div>\n<div>\n<p>Cardioid.<\/p>\n<\/div>\n<div style=\"font-weight: bold\">Material.<\/div>\n<div>\n<p>Carcasa die-cast con cromado satinado.<\/p>\n<\/div>\n<div style=\"font-weight: bold\">Funciones.<\/div>\n<div>\n<p>Switch On\/Off. Shockmount interno.<\/p>\n<\/div>\n<div style=\"font-weight: bold\">Frequency response.<\/div>\n<div>\n<p>50 &#8211; 16,000 Hz.<\/p>\n<\/div>\n<div style=\"font-weight: bold\">Sensitivity.<\/div>\n<div>\n<p>-52 dB.<\/p>\n<\/div>\n<div style=\"font-weight: bold\">Maximum SPL.<\/div>\n<div>\n<p>130 dB.<\/p>\n<\/div>\n<div style=\"font-weight: bold\">Impedance.<\/div>\n<div>\n<p>300 ohms.<\/p>\n<\/div>\n<div style=\"font-weight: bold\">Connector<\/div>\n<div>\n<p>XLR macho de 3 pines.<\/p>\n<\/div>\n<div style=\"font-weight: bold\">Dimensions.<\/div>\n<div>\n<p>185 x 56 x 67 mm.<\/p>\n<\/div>\n<div style=\"font-weight: bold\">Weight.<\/div>\n<div>\n<p>485 g.<\/p>\n<\/div>\n<\/div>\n<div>\n<h4>Characteristics<\/h4>\n<\/div>\n<div>\n<ul style=\"margin: 0px 0px 0px 25px\">\n<li style=\"list-style-type: circle;margin: 5px\">Design.<\/li>\n<\/ul>\n<\/div>\n<\/div>","protected":false},"excerpt":{"rendered":"<p>Micr\u00f3fono din\u00e1mico cardioide tipo vintage de alta calidad, carcasa die-cast con cromado satinado para una apariencia y sensaci\u00f3n vintage pura, respuesta de frecuencia adaptada para voces y m\u00fasica instrumental, switch On\/Off, soporte giratorio auto tensor, dise\u00f1o personalizado Eikon, respuesta de frecuencia: 50 &#8211; 16,000 Hz, sensibilidad: -52 dB, SPL m\u00e1ximo: 130 dB, impedancia: 300 ohms, conector: XLR macho de 3 pines, dimensiones: 185 x 56 x 67 mm, peso: 485 g.&hellip; <a class=\"kt-excerpt-readmore more-link\" href=\"https:\/\/www.mexicanguitarplayers.com\/en\/tienda\/audio\/microfonia\/microfonos-alambricos\/para-estudio\/microfono-eikon-vocal-mod-dm55v2bk\/\">Read more<\/a><\/p>","protected":false},"featured_media":32987,"comment_status":"open","ping_status":"closed","template":"","meta":{"kt_blocks_editor_width":""},"pwb-brand":[239],"product_brand":[],"product_cat":[213,214,215,227],"product_tag":[],"class_list":{"0":"post-32994","1":"product","2":"type-product","3":"status-publish","4":"has-post-thumbnail","6":"pwb-brand-eikon","7":"product_cat-audio","8":"product_cat-microfonia","9":"product_cat-microfonos-alambricos","10":"product_cat-para-estudio","11":"product_shipping_class-0-5-kg","13":"first","14":"outofstock","15":"taxable","16":"shipping-taxable","17":"purchasable","18":"product-type-simple"},"yoast_head":"<!-- This site is optimized with the Yoast SEO plugin v27.5 - https:\/\/yoast.com\/product\/yoast-seo-wordpress\/ -->\n<title>MICROFONO EIKON VOCAL MOD. DM55V2BK - Mexican Guitar Players<\/title>\n<meta name=\"description\" content=\"Micr\u00f3fono din\u00e1mico cardioide tipo vintage de alta calidad, carcasa die-cast con cromado satinado para una apariencia y sensaci\u00f3n vintage pura, respuesta de frecuencia adaptada para voces y m\u00fasica instrumental, switch On\/Off, soporte giratorio auto tensor, dise\u00f1o personalizado Eikon, respuesta de frecuencia: 50 - 16,000 Hz, sensibilidad: -52 dB, SPL m\u00e1ximo: 130 dB, impedancia: 300 ohms, conector: XLR macho de 3 pines, dimensiones: 185 x 56 x 67 mm, peso: 485 g.\" \/>\n<meta name=\"robots\" content=\"index, follow, max-snippet:-1, max-image-preview:large, max-video-preview:-1\" \/>\n<link rel=\"canonical\" href=\"https:\/\/www.mexicanguitarplayers.com\/en\/tienda\/sin%20categor\u00eda\/microfono-eikon-vocal-mod-dm55v2bk\/\" \/>\n<meta property=\"og:locale\" content=\"en_US\" \/>\n<meta property=\"og:type\" content=\"article\" \/>\n<meta property=\"og:title\" content=\"MICROFONO EIKON VOCAL MOD. DM55V2BK - Mexican Guitar Players\" \/>\n<meta property=\"og:description\" content=\"Micr\u00f3fono din\u00e1mico cardioide tipo vintage de alta calidad, carcasa die-cast con cromado satinado para una apariencia y sensaci\u00f3n vintage pura, respuesta de frecuencia adaptada para voces y m\u00fasica instrumental, switch On\/Off, soporte giratorio auto tensor, dise\u00f1o personalizado Eikon, respuesta de frecuencia: 50 - 16,000 Hz, sensibilidad: -52 dB, SPL m\u00e1ximo: 130 dB, impedancia: 300 ohms, conector: XLR macho de 3 pines, dimensiones: 185 x 56 x 67 mm, peso: 485 g.\" \/>\n<meta property=\"og:url\" content=\"https:\/\/www.mexicanguitarplayers.com\/en\/tienda\/sin categor\u00eda\/microfono-eikon-vocal-mod-dm55v2bk\/\" \/>\n<meta property=\"og:site_name\" content=\"Mexican Guitar Players\" \/>\n<meta property=\"article:modified_time\" content=\"2026-04-10T10:32:33+00:00\" \/>\n<meta name=\"twitter:card\" content=\"summary_large_image\" \/>\n<meta name=\"twitter:label1\" content=\"Est. reading time\" \/>\n\t<meta name=\"twitter:data1\" content=\"1 minute\" \/>\n<script type=\"application\/ld+json\" class=\"yoast-schema-graph\">{\"@context\":\"https:\\\/\\\/schema.org\",\"@graph\":[{\"@type\":[\"WebPage\",\"ItemPage\"],\"@id\":\"https:\\\/\\\/www.mexicanguitarplayers.com\\\/tienda\\\/sin categor\u00eda\\\/microfono-eikon-vocal-mod-dm55v2bk\\\/\",\"url\":\"https:\\\/\\\/www.mexicanguitarplayers.com\\\/tienda\\\/sin categor\u00eda\\\/microfono-eikon-vocal-mod-dm55v2bk\\\/\",\"name\":\"MICROFONO EIKON VOCAL MOD. DM55V2BK - Mexican Guitar Players\",\"isPartOf\":{\"@id\":\"https:\\\/\\\/www.mexicanguitarplayers.com\\\/#website\"},\"primaryImageOfPage\":{\"@id\":\"https:\\\/\\\/www.mexicanguitarplayers.com\\\/tienda\\\/sin categor\u00eda\\\/microfono-eikon-vocal-mod-dm55v2bk\\\/#primaryimage\"},\"image\":{\"@id\":\"https:\\\/\\\/www.mexicanguitarplayers.com\\\/tienda\\\/sin categor\u00eda\\\/microfono-eikon-vocal-mod-dm55v2bk\\\/#primaryimage\"},\"thumbnailUrl\":\"https:\\\/\\\/www.mexicanguitarplayers.com\\\/wp-content\\\/uploads\\\/2025\\\/04\\\/IAEIODM55V2BK.jpg\",\"datePublished\":\"2025-04-09T03:10:12+00:00\",\"dateModified\":\"2026-04-10T10:32:33+00:00\",\"description\":\"Micr\u00f3fono din\u00e1mico cardioide tipo vintage de alta calidad, carcasa die-cast con cromado satinado para una apariencia y sensaci\u00f3n vintage pura, respuesta de frecuencia adaptada para voces y m\u00fasica instrumental, switch On\\\/Off, soporte giratorio auto tensor, dise\u00f1o personalizado Eikon, respuesta de frecuencia: 50 - 16,000 Hz, sensibilidad: -52 dB, SPL m\u00e1ximo: 130 dB, impedancia: 300 ohms, conector: XLR macho de 3 pines, dimensiones: 185 x 56 x 67 mm, peso: 485 g.\",\"breadcrumb\":{\"@id\":\"https:\\\/\\\/www.mexicanguitarplayers.com\\\/tienda\\\/sin categor\u00eda\\\/microfono-eikon-vocal-mod-dm55v2bk\\\/#breadcrumb\"},\"inLanguage\":\"en-US\",\"potentialAction\":[{\"@type\":\"ReadAction\",\"target\":[\"https:\\\/\\\/www.mexicanguitarplayers.com\\\/tienda\\\/sin categor\u00eda\\\/microfono-eikon-vocal-mod-dm55v2bk\\\/\"]}]},{\"@type\":\"ImageObject\",\"inLanguage\":\"en-US\",\"@id\":\"https:\\\/\\\/www.mexicanguitarplayers.com\\\/tienda\\\/sin categor\u00eda\\\/microfono-eikon-vocal-mod-dm55v2bk\\\/#primaryimage\",\"url\":\"https:\\\/\\\/www.mexicanguitarplayers.com\\\/wp-content\\\/uploads\\\/2025\\\/04\\\/IAEIODM55V2BK.jpg\",\"contentUrl\":\"https:\\\/\\\/www.mexicanguitarplayers.com\\\/wp-content\\\/uploads\\\/2025\\\/04\\\/IAEIODM55V2BK.jpg\",\"width\":800,\"height\":1600},{\"@type\":\"BreadcrumbList\",\"@id\":\"https:\\\/\\\/www.mexicanguitarplayers.com\\\/tienda\\\/sin categor\u00eda\\\/microfono-eikon-vocal-mod-dm55v2bk\\\/#breadcrumb\",\"itemListElement\":[{\"@type\":\"ListItem\",\"position\":1,\"name\":\"Portada\",\"item\":\"https:\\\/\\\/www.mexicanguitarplayers.com\\\/\"},{\"@type\":\"ListItem\",\"position\":2,\"name\":\"Tienda\",\"item\":\"https:\\\/\\\/www.mexicanguitarplayers.com\\\/tienda\\\/\"},{\"@type\":\"ListItem\",\"position\":3,\"name\":\"MICROFONO EIKON VOCAL MOD. DM55V2BK\"}]},{\"@type\":\"WebSite\",\"@id\":\"https:\\\/\\\/www.mexicanguitarplayers.com\\\/#website\",\"url\":\"https:\\\/\\\/www.mexicanguitarplayers.com\\\/\",\"name\":\"Mexican Guitar Players\",\"description\":\"Website\",\"publisher\":{\"@id\":\"https:\\\/\\\/www.mexicanguitarplayers.com\\\/#organization\"},\"potentialAction\":[{\"@type\":\"SearchAction\",\"target\":{\"@type\":\"EntryPoint\",\"urlTemplate\":\"https:\\\/\\\/www.mexicanguitarplayers.com\\\/?s={search_term_string}\"},\"query-input\":{\"@type\":\"PropertyValueSpecification\",\"valueRequired\":true,\"valueName\":\"search_term_string\"}}],\"inLanguage\":\"en-US\"},{\"@type\":\"Organization\",\"@id\":\"https:\\\/\\\/www.mexicanguitarplayers.com\\\/#organization\",\"name\":\"Mexican Guitar Players\",\"url\":\"https:\\\/\\\/www.mexicanguitarplayers.com\\\/\",\"logo\":{\"@type\":\"ImageObject\",\"inLanguage\":\"en-US\",\"@id\":\"https:\\\/\\\/www.mexicanguitarplayers.com\\\/#\\\/schema\\\/logo\\\/image\\\/\",\"url\":\"\",\"contentUrl\":\"\",\"caption\":\"Mexican Guitar Players\"},\"image\":{\"@id\":\"https:\\\/\\\/www.mexicanguitarplayers.com\\\/#\\\/schema\\\/logo\\\/image\\\/\"}}]}<\/script>\n<!-- \/ Yoast SEO plugin. -->","yoast_head_json":{"title":"MICROFONO EIKON VOCAL MOD. DM55V2BK - Mexican Guitar Players","description":"Micr\u00f3fono din\u00e1mico cardioide tipo vintage de alta calidad, carcasa die-cast con cromado satinado para una apariencia y sensaci\u00f3n vintage pura, respuesta de frecuencia adaptada para voces y m\u00fasica instrumental, switch On\/Off, soporte giratorio auto tensor, dise\u00f1o personalizado Eikon, respuesta de frecuencia: 50 - 16,000 Hz, sensibilidad: -52 dB, SPL m\u00e1ximo: 130 dB, impedancia: 300 ohms, conector: XLR macho de 3 pines, dimensiones: 185 x 56 x 67 mm, peso: 485 g.","robots":{"index":"index","follow":"follow","max-snippet":"max-snippet:-1","max-image-preview":"max-image-preview:large","max-video-preview":"max-video-preview:-1"},"canonical":"https:\/\/www.mexicanguitarplayers.com\/en\/tienda\/sin categor\u00eda\/microfono-eikon-vocal-mod-dm55v2bk\/","og_locale":"en_US","og_type":"article","og_title":"MICROFONO EIKON VOCAL MOD. DM55V2BK - Mexican Guitar Players","og_description":"Micr\u00f3fono din\u00e1mico cardioide tipo vintage de alta calidad, carcasa die-cast con cromado satinado para una apariencia y sensaci\u00f3n vintage pura, respuesta de frecuencia adaptada para voces y m\u00fasica instrumental, switch On\/Off, soporte giratorio auto tensor, dise\u00f1o personalizado Eikon, respuesta de frecuencia: 50 - 16,000 Hz, sensibilidad: -52 dB, SPL m\u00e1ximo: 130 dB, impedancia: 300 ohms, conector: XLR macho de 3 pines, dimensiones: 185 x 56 x 67 mm, peso: 485 g.","og_url":"https:\/\/www.mexicanguitarplayers.com\/en\/tienda\/sin categor\u00eda\/microfono-eikon-vocal-mod-dm55v2bk\/","og_site_name":"Mexican Guitar Players","article_modified_time":"2026-04-10T10:32:33+00:00","twitter_card":"summary_large_image","twitter_misc":{"Est. reading time":"1 minute"},"schema":{"@context":"https:\/\/schema.org","@graph":[{"@type":["WebPage","ItemPage"],"@id":"https:\/\/www.mexicanguitarplayers.com\/tienda\/sin categor\u00eda\/microfono-eikon-vocal-mod-dm55v2bk\/","url":"https:\/\/www.mexicanguitarplayers.com\/tienda\/sin categor\u00eda\/microfono-eikon-vocal-mod-dm55v2bk\/","name":"MICROFONO EIKON VOCAL MOD. DM55V2BK - Mexican Guitar Players","isPartOf":{"@id":"https:\/\/www.mexicanguitarplayers.com\/#website"},"primaryImageOfPage":{"@id":"https:\/\/www.mexicanguitarplayers.com\/tienda\/sin categor\u00eda\/microfono-eikon-vocal-mod-dm55v2bk\/#primaryimage"},"image":{"@id":"https:\/\/www.mexicanguitarplayers.com\/tienda\/sin categor\u00eda\/microfono-eikon-vocal-mod-dm55v2bk\/#primaryimage"},"thumbnailUrl":"https:\/\/www.mexicanguitarplayers.com\/wp-content\/uploads\/2025\/04\/IAEIODM55V2BK.jpg","datePublished":"2025-04-09T03:10:12+00:00","dateModified":"2026-04-10T10:32:33+00:00","description":"Micr\u00f3fono din\u00e1mico cardioide tipo vintage de alta calidad, carcasa die-cast con cromado satinado para una apariencia y sensaci\u00f3n vintage pura, respuesta de frecuencia adaptada para voces y m\u00fasica instrumental, switch On\/Off, soporte giratorio auto tensor, dise\u00f1o personalizado Eikon, respuesta de frecuencia: 50 - 16,000 Hz, sensibilidad: -52 dB, SPL m\u00e1ximo: 130 dB, impedancia: 300 ohms, conector: XLR macho de 3 pines, dimensiones: 185 x 56 x 67 mm, peso: 485 g.","breadcrumb":{"@id":"https:\/\/www.mexicanguitarplayers.com\/tienda\/sin categor\u00eda\/microfono-eikon-vocal-mod-dm55v2bk\/#breadcrumb"},"inLanguage":"en-US","potentialAction":[{"@type":"ReadAction","target":["https:\/\/www.mexicanguitarplayers.com\/tienda\/sin categor\u00eda\/microfono-eikon-vocal-mod-dm55v2bk\/"]}]},{"@type":"ImageObject","inLanguage":"en-US","@id":"https:\/\/www.mexicanguitarplayers.com\/tienda\/sin categor\u00eda\/microfono-eikon-vocal-mod-dm55v2bk\/#primaryimage","url":"https:\/\/www.mexicanguitarplayers.com\/wp-content\/uploads\/2025\/04\/IAEIODM55V2BK.jpg","contentUrl":"https:\/\/www.mexicanguitarplayers.com\/wp-content\/uploads\/2025\/04\/IAEIODM55V2BK.jpg","width":800,"height":1600},{"@type":"BreadcrumbList","@id":"https:\/\/www.mexicanguitarplayers.com\/tienda\/sin categor\u00eda\/microfono-eikon-vocal-mod-dm55v2bk\/#breadcrumb","itemListElement":[{"@type":"ListItem","position":1,"name":"Portada","item":"https:\/\/www.mexicanguitarplayers.com\/"},{"@type":"ListItem","position":2,"name":"Tienda","item":"https:\/\/www.mexicanguitarplayers.com\/tienda\/"},{"@type":"ListItem","position":3,"name":"MICROFONO EIKON VOCAL MOD. DM55V2BK"}]},{"@type":"WebSite","@id":"https:\/\/www.mexicanguitarplayers.com\/#website","url":"https:\/\/www.mexicanguitarplayers.com\/","name":"Mexican Guitar Players","description":"Website","publisher":{"@id":"https:\/\/www.mexicanguitarplayers.com\/#organization"},"potentialAction":[{"@type":"SearchAction","target":{"@type":"EntryPoint","urlTemplate":"https:\/\/www.mexicanguitarplayers.com\/?s={search_term_string}"},"query-input":{"@type":"PropertyValueSpecification","valueRequired":true,"valueName":"search_term_string"}}],"inLanguage":"en-US"},{"@type":"Organization","@id":"https:\/\/www.mexicanguitarplayers.com\/#organization","name":"Mexican Guitar Players","url":"https:\/\/www.mexicanguitarplayers.com\/","logo":{"@type":"ImageObject","inLanguage":"en-US","@id":"https:\/\/www.mexicanguitarplayers.com\/#\/schema\/logo\/image\/","url":"","contentUrl":"","caption":"Mexican Guitar Players"},"image":{"@id":"https:\/\/www.mexicanguitarplayers.com\/#\/schema\/logo\/image\/"}}]}},"brands":[{"id":239,"name":"EIKON","slug":"eikon"}],"_links":{"self":[{"href":"https:\/\/www.mexicanguitarplayers.com\/en\/wp-json\/wp\/v2\/product\/32994","targetHints":{"allow":["GET"]}}],"collection":[{"href":"https:\/\/www.mexicanguitarplayers.com\/en\/wp-json\/wp\/v2\/product"}],"about":[{"href":"https:\/\/www.mexicanguitarplayers.com\/en\/wp-json\/wp\/v2\/types\/product"}],"replies":[{"embeddable":true,"href":"https:\/\/www.mexicanguitarplayers.com\/en\/wp-json\/wp\/v2\/comments?post=32994"}],"wp:featuredmedia":[{"embeddable":true,"href":"https:\/\/www.mexicanguitarplayers.com\/en\/wp-json\/wp\/v2\/media\/32987"}],"wp:attachment":[{"href":"https:\/\/www.mexicanguitarplayers.com\/en\/wp-json\/wp\/v2\/media?parent=32994"}],"wp:term":[{"taxonomy":"pwb-brand","embeddable":true,"href":"https:\/\/www.mexicanguitarplayers.com\/en\/wp-json\/wp\/v2\/pwb-brand?post=32994"},{"taxonomy":"product_brand","embeddable":true,"href":"https:\/\/www.mexicanguitarplayers.com\/en\/wp-json\/wp\/v2\/product_brand?post=32994"},{"taxonomy":"product_cat","embeddable":true,"href":"https:\/\/www.mexicanguitarplayers.com\/en\/wp-json\/wp\/v2\/product_cat?post=32994"},{"taxonomy":"product_tag","embeddable":true,"href":"https:\/\/www.mexicanguitarplayers.com\/en\/wp-json\/wp\/v2\/product_tag?post=32994"}],"curies":[{"name":"wp","href":"https:\/\/api.w.org\/{rel}","templated":true}]}}