{"id":33033,"date":"2025-04-08T21:10:57","date_gmt":"2025-04-09T03:10:57","guid":{"rendered":"https:\/\/www.mexicanguitarplayers.com\/tienda\/sin categor\u00eda\/preamplificador-a-r-t-mod-pro-mpa-ii\/"},"modified":"2026-04-10T04:32:28","modified_gmt":"2026-04-10T10:32:28","slug":"preamplificador-a-r-t-mod-pro-mpa-ii","status":"publish","type":"product","link":"https:\/\/www.mexicanguitarplayers.com\/en\/tienda\/audio\/amplificadores-audio\/preamplificadores-para-microfono\/preamplificador-a-r-t-mod-pro-mpa-ii\/","title":{"rendered":"PREAMPLIFICADOR A.R.T. MOD. PRO MPA-II"},"content":{"rendered":"<div style=\"text-align: justify\">\n<div>\n<h3>Sonido c\u00e1lido para tu voz.<\/h3>\n<\/div>\n<div>El nuevo Pro MPA II de ART es la pr\u00f3xima generaci\u00f3n en tecnolog\u00eda de preamplificador asequible de micr\u00f3fono de alto rendimiento. Cada circuito de entrada de micr\u00f3fono, con alimentaci\u00f3n phantom de +48V seleccionable, presenta una impedancia de entrada variable que puede variar radicalmente el rendimiento general de cualquier micr\u00f3fono din\u00e1mico o ribbon de alta calidad. El Pro MPA II se puede configurar para operaci\u00f3n dual mono o est\u00e9reo con soporte de micr\u00f3fono mid\/side seleccionable, sumando el canal adyacente, para decodificar se\u00f1ales izquierda\/derecha. El Pro MPA II puede operar a un voltaje de placa bajo o alto en los dos bulbos integrados 12AX7 seleccionados a mano para una variaci\u00f3n m\u00e1s amplia del tono y el rendimiento del preamplificador. Los medidores de salida VU anal\u00f3gicos retro iluminados grandes muestran los niveles de salida, mientras que los conjuntos de LED multicolores muestran la ganancia del bulbo. Alojado en un chasis de acero est\u00e1ndar de montaje en rack de 2U, con panel frontal de aluminio anodizado negro, enrutado por CNC, el Pro MPA II est\u00e1 dise\u00f1ado para brindar a\u00f1os de operaci\u00f3n confiable en el estudio, instalaciones de producci\u00f3n o en las giras para refuerzo de sonido en vivo.<\/div>\n<div>\n<h4>Quick look<\/h4>\n<\/div>\n<ul style=\"margin: 0px 0px 0px 25px\">\n<li style=\"list-style-type: circle;margin: 5px\">Frequency response.<\/li>\n<li style=\"list-style-type: circle;margin: 5px\">Distorsi\u00f3n arm\u00f3nica total.<\/li>\n<li style=\"list-style-type: circle;margin: 5px\">CMRR.<\/li>\n<li style=\"list-style-type: circle;margin: 5px\">Rango din\u00e1mico.<\/li>\n<li style=\"list-style-type: circle;margin: 5px\">Equivalent noise level.<\/li>\n<li style=\"list-style-type: circle;margin: 5px\">Input impedance.<\/li>\n<li style=\"list-style-type: circle;margin: 5px\">Ganancia m\u00e1xima.<\/li>\n<li style=\"list-style-type: circle;margin: 5px\">Nivel de entrada m\u00e1ximo.<\/li>\n<li style=\"list-style-type: circle;margin: 5px\">Entrada de instrumento m\u00e1xima.<\/li>\n<li style=\"list-style-type: circle;margin: 5px\">Nivel de salida m\u00e1ximo.<\/li>\n<li style=\"list-style-type: circle;margin: 5px\">Output impedance.<\/li>\n<li style=\"list-style-type: circle;margin: 5px\">Calibraci\u00f3n del medidor.<\/li>\n<li style=\"list-style-type: circle;margin: 5px\">Filtro pasa altos.<\/li>\n<li style=\"list-style-type: circle;margin: 5px\">Energy.<\/li>\n<li style=\"list-style-type: circle;margin: 5px\">Dimensions.<\/li>\n<li style=\"list-style-type: circle;margin: 5px\">Weight.<\/li>\n<\/ul>\n<div>\n<div style=\"font-weight: bold\">Frequency response.<\/div>\n<div>\n<p>15 Hz a 48 kHz (+0, -1dB) @ voltaje de placa normal. 15 Hz a 120 kHz (+0, -1dB) @ voltaje de placa alto.<\/p>\n<\/div>\n<div style=\"font-weight: bold\">Distorsi\u00f3n arm\u00f3nica total.<\/div>\n<div>\n<p>&lt; 0.005% (t\u00edpico).<\/p>\n<\/div>\n<div style=\"font-weight: bold\">CMRR.<\/div>\n<div>\n<p>&gt; 90 dB.<\/p>\n<\/div>\n<div style=\"font-weight: bold\">Rango din\u00e1mico.<\/div>\n<div>\n<p>&gt; 110 dB (ponderado \u201cA\u201d).<\/p>\n<\/div>\n<div style=\"font-weight: bold\">Equivalent noise level.<\/div>\n<div>\n<p>-129 dBu (XLR, ponderado \u201cA\u201d).<\/p>\n<\/div>\n<div style=\"font-weight: bold\">Input impedance.<\/div>\n<div>\n<p>150 &#8211; 3,000 ohms ajustable (XLR), &gt; 800 kilo-ohms (Instrumento).<\/p>\n<\/div>\n<div style=\"font-weight: bold\">Ganancia m\u00e1xima.<\/div>\n<div>\n<p>75 dB.<\/p>\n<\/div>\n<div style=\"font-weight: bold\">Nivel de entrada m\u00e1ximo.<\/div>\n<div>\n<p>+19 dBu (Cannon).<\/p>\n<\/div>\n<div style=\"font-weight: bold\">Entrada de instrumento m\u00e1xima.<\/div>\n<div>\n<p>+17 dBu.<\/p>\n<\/div>\n<div style=\"font-weight: bold\">Nivel de salida m\u00e1ximo.<\/div>\n<div>\n<p>+27 dBu (XLR).<\/p>\n<\/div>\n<div style=\"font-weight: bold\">Output impedance.<\/div>\n<div>\n<p>&lt;47 ohms (XLR).<\/p>\n<\/div>\n<div style=\"font-weight: bold\">Calibraci\u00f3n del medidor.<\/div>\n<div>\n<p>0 VU = +4dBu salida (+4dB modo) \/ 0 VU = -10dBV output (-10 dB modo).<\/p>\n<\/div>\n<div style=\"font-weight: bold\">Filtro pasa altos.<\/div>\n<div>\n<p>Unipolar, 10-200 Hz ajustable.<\/p>\n<\/div>\n<div style=\"font-weight: bold\">Energy.<\/div>\n<div>\n<p>105 a 125 VAC \/ 60 Hz.<\/p>\n<\/div>\n<div style=\"font-weight: bold\">Dimensions.<\/div>\n<div>\n<p>222 x 482 x 88 mm.<\/p>\n<\/div>\n<div style=\"font-weight: bold\">Weight.<\/div>\n<div>\n<p>4.5 kg.<\/p>\n<\/div>\n<\/div>\n<\/div>","protected":false},"excerpt":{"rendered":"<p>Preamplificador de micr\u00f3fono de dos canales, impedancia de entrada variable para una voz de micr\u00f3fono flexible (150 ohms a 2,400 ohms), voltaje de placa seleccionable, medidores Vu grandes, switches de funci\u00f3n retro iluminados, preamplificador de micr\u00f3fono de entrada discreta de clase A, bajo nivel de ruido en configuraciones de ganancia m\u00e1s bajas, distorsi\u00f3n arm\u00f3nica total extremadamente baja (THD), respuesta de frecuencia amplia, conector de entrada de instrumento adicional montado en la superficie delantera, admite la t\u00e9cnica de microfon\u00eda mis\/side, funciona a +4 dBm\/-10 dBV de salida, controles de operaci\u00f3n de salida seleccionables est\u00e9reo o dual, selecci\u00f3n autom\u00e1tica de entrada de instrumento, dimensiones: 222 x 482 x 88 mm, peso: 4.5 kg.&hellip; <a class=\"kt-excerpt-readmore more-link\" href=\"https:\/\/www.mexicanguitarplayers.com\/en\/tienda\/audio\/amplificadores-audio\/preamplificadores-para-microfono\/preamplificador-a-r-t-mod-pro-mpa-ii\/\">Read more<\/a><\/p>","protected":false},"featured_media":33030,"comment_status":"open","ping_status":"closed","template":"","meta":{"kt_blocks_editor_width":""},"pwb-brand":[531],"product_brand":[],"product_cat":[219,213,471],"product_tag":[],"class_list":{"0":"post-33033","1":"product","2":"type-product","3":"status-publish","4":"has-post-thumbnail","6":"pwb-brand-a-r-t","7":"product_cat-amplificadores-audio","8":"product_cat-audio","9":"product_cat-preamplificadores-para-microfono","10":"product_shipping_class-5-10-kg","12":"first","13":"outofstock","14":"taxable","15":"shipping-taxable","16":"purchasable","17":"product-type-simple"},"yoast_head":"<!-- This site is optimized with the Yoast SEO plugin v27.5 - https:\/\/yoast.com\/product\/yoast-seo-wordpress\/ -->\n<title>PREAMPLIFICADOR A.R.T. MOD. PRO MPA-II - Mexican Guitar Players<\/title>\n<meta name=\"description\" content=\"Preamplificador de micr\u00f3fono de dos canales, impedancia de entrada variable para una voz de micr\u00f3fono flexible (150 ohms a 2,400 ohms), voltaje de placa seleccionable, medidores Vu grandes, switches de funci\u00f3n retro iluminados, preamplificador de micr\u00f3fono de entrada discreta de clase A, bajo nivel de ruido en configuraciones de ganancia m\u00e1s bajas, distorsi\u00f3n arm\u00f3nica total extremadamente baja (THD), respuesta de frecuencia amplia, conector de entrada de instrumento adicional montado en la superficie delantera, admite la t\u00e9cnica de microfon\u00eda mis\/side, funciona a +4 dBm\/-10 dBV de salida, controles de operaci\u00f3n de salida seleccionables est\u00e9reo o dual, selecci\u00f3n autom\u00e1tica de entrada de instrumento, dimensiones: 222 x 482 x 88 mm, peso: 4.5 kg.\" \/>\n<meta name=\"robots\" content=\"index, follow, max-snippet:-1, max-image-preview:large, max-video-preview:-1\" \/>\n<link rel=\"canonical\" href=\"https:\/\/www.mexicanguitarplayers.com\/en\/tienda\/sin%20categor\u00eda\/preamplificador-a-r-t-mod-pro-mpa-ii\/\" \/>\n<meta property=\"og:locale\" content=\"en_US\" \/>\n<meta property=\"og:type\" content=\"article\" \/>\n<meta property=\"og:title\" content=\"PREAMPLIFICADOR A.R.T. MOD. PRO MPA-II - Mexican Guitar Players\" \/>\n<meta property=\"og:description\" content=\"Preamplificador de micr\u00f3fono de dos canales, impedancia de entrada variable para una voz de micr\u00f3fono flexible (150 ohms a 2,400 ohms), voltaje de placa seleccionable, medidores Vu grandes, switches de funci\u00f3n retro iluminados, preamplificador de micr\u00f3fono de entrada discreta de clase A, bajo nivel de ruido en configuraciones de ganancia m\u00e1s bajas, distorsi\u00f3n arm\u00f3nica total extremadamente baja (THD), respuesta de frecuencia amplia, conector de entrada de instrumento adicional montado en la superficie delantera, admite la t\u00e9cnica de microfon\u00eda mis\/side, funciona a +4 dBm\/-10 dBV de salida, controles de operaci\u00f3n de salida seleccionables est\u00e9reo o dual, selecci\u00f3n autom\u00e1tica de entrada de instrumento, dimensiones: 222 x 482 x 88 mm, peso: 4.5 kg.\" \/>\n<meta property=\"og:url\" content=\"https:\/\/www.mexicanguitarplayers.com\/en\/tienda\/sin categor\u00eda\/preamplificador-a-r-t-mod-pro-mpa-ii\/\" \/>\n<meta property=\"og:site_name\" content=\"Mexican Guitar Players\" \/>\n<meta property=\"article:modified_time\" content=\"2026-04-10T10:32:28+00:00\" \/>\n<meta name=\"twitter:card\" content=\"summary_large_image\" \/>\n<meta name=\"twitter:label1\" content=\"Est. reading time\" \/>\n\t<meta name=\"twitter:data1\" content=\"2 minutes\" \/>\n<script type=\"application\/ld+json\" class=\"yoast-schema-graph\">{\"@context\":\"https:\\\/\\\/schema.org\",\"@graph\":[{\"@type\":[\"WebPage\",\"ItemPage\"],\"@id\":\"https:\\\/\\\/www.mexicanguitarplayers.com\\\/tienda\\\/sin categor\u00eda\\\/preamplificador-a-r-t-mod-pro-mpa-ii\\\/\",\"url\":\"https:\\\/\\\/www.mexicanguitarplayers.com\\\/tienda\\\/sin categor\u00eda\\\/preamplificador-a-r-t-mod-pro-mpa-ii\\\/\",\"name\":\"PREAMPLIFICADOR A.R.T. MOD. PRO MPA-II - Mexican Guitar Players\",\"isPartOf\":{\"@id\":\"https:\\\/\\\/www.mexicanguitarplayers.com\\\/#website\"},\"primaryImageOfPage\":{\"@id\":\"https:\\\/\\\/www.mexicanguitarplayers.com\\\/tienda\\\/sin categor\u00eda\\\/preamplificador-a-r-t-mod-pro-mpa-ii\\\/#primaryimage\"},\"image\":{\"@id\":\"https:\\\/\\\/www.mexicanguitarplayers.com\\\/tienda\\\/sin categor\u00eda\\\/preamplificador-a-r-t-mod-pro-mpa-ii\\\/#primaryimage\"},\"thumbnailUrl\":\"https:\\\/\\\/www.mexicanguitarplayers.com\\\/wp-content\\\/uploads\\\/2025\\\/04\\\/IAARTPROMPAII.jpg\",\"datePublished\":\"2025-04-09T03:10:57+00:00\",\"dateModified\":\"2026-04-10T10:32:28+00:00\",\"description\":\"Preamplificador de micr\u00f3fono de dos canales, impedancia de entrada variable para una voz de micr\u00f3fono flexible (150 ohms a 2,400 ohms), voltaje de placa seleccionable, medidores Vu grandes, switches de funci\u00f3n retro iluminados, preamplificador de micr\u00f3fono de entrada discreta de clase A, bajo nivel de ruido en configuraciones de ganancia m\u00e1s bajas, distorsi\u00f3n arm\u00f3nica total extremadamente baja (THD), respuesta de frecuencia amplia, conector de entrada de instrumento adicional montado en la superficie delantera, admite la t\u00e9cnica de microfon\u00eda mis\\\/side, funciona a +4 dBm\\\/-10 dBV de salida, controles de operaci\u00f3n de salida seleccionables est\u00e9reo o dual, selecci\u00f3n autom\u00e1tica de entrada de instrumento, dimensiones: 222 x 482 x 88 mm, peso: 4.5 kg.\",\"breadcrumb\":{\"@id\":\"https:\\\/\\\/www.mexicanguitarplayers.com\\\/tienda\\\/sin categor\u00eda\\\/preamplificador-a-r-t-mod-pro-mpa-ii\\\/#breadcrumb\"},\"inLanguage\":\"en-US\",\"potentialAction\":[{\"@type\":\"ReadAction\",\"target\":[\"https:\\\/\\\/www.mexicanguitarplayers.com\\\/tienda\\\/sin categor\u00eda\\\/preamplificador-a-r-t-mod-pro-mpa-ii\\\/\"]}]},{\"@type\":\"ImageObject\",\"inLanguage\":\"en-US\",\"@id\":\"https:\\\/\\\/www.mexicanguitarplayers.com\\\/tienda\\\/sin categor\u00eda\\\/preamplificador-a-r-t-mod-pro-mpa-ii\\\/#primaryimage\",\"url\":\"https:\\\/\\\/www.mexicanguitarplayers.com\\\/wp-content\\\/uploads\\\/2025\\\/04\\\/IAARTPROMPAII.jpg\",\"contentUrl\":\"https:\\\/\\\/www.mexicanguitarplayers.com\\\/wp-content\\\/uploads\\\/2025\\\/04\\\/IAARTPROMPAII.jpg\",\"width\":1600,\"height\":800},{\"@type\":\"BreadcrumbList\",\"@id\":\"https:\\\/\\\/www.mexicanguitarplayers.com\\\/tienda\\\/sin categor\u00eda\\\/preamplificador-a-r-t-mod-pro-mpa-ii\\\/#breadcrumb\",\"itemListElement\":[{\"@type\":\"ListItem\",\"position\":1,\"name\":\"Portada\",\"item\":\"https:\\\/\\\/www.mexicanguitarplayers.com\\\/\"},{\"@type\":\"ListItem\",\"position\":2,\"name\":\"Tienda\",\"item\":\"https:\\\/\\\/www.mexicanguitarplayers.com\\\/tienda\\\/\"},{\"@type\":\"ListItem\",\"position\":3,\"name\":\"PREAMPLIFICADOR A.R.T. MOD. PRO MPA-II\"}]},{\"@type\":\"WebSite\",\"@id\":\"https:\\\/\\\/www.mexicanguitarplayers.com\\\/#website\",\"url\":\"https:\\\/\\\/www.mexicanguitarplayers.com\\\/\",\"name\":\"Mexican Guitar Players\",\"description\":\"Website\",\"publisher\":{\"@id\":\"https:\\\/\\\/www.mexicanguitarplayers.com\\\/#organization\"},\"potentialAction\":[{\"@type\":\"SearchAction\",\"target\":{\"@type\":\"EntryPoint\",\"urlTemplate\":\"https:\\\/\\\/www.mexicanguitarplayers.com\\\/?s={search_term_string}\"},\"query-input\":{\"@type\":\"PropertyValueSpecification\",\"valueRequired\":true,\"valueName\":\"search_term_string\"}}],\"inLanguage\":\"en-US\"},{\"@type\":\"Organization\",\"@id\":\"https:\\\/\\\/www.mexicanguitarplayers.com\\\/#organization\",\"name\":\"Mexican Guitar Players\",\"url\":\"https:\\\/\\\/www.mexicanguitarplayers.com\\\/\",\"logo\":{\"@type\":\"ImageObject\",\"inLanguage\":\"en-US\",\"@id\":\"https:\\\/\\\/www.mexicanguitarplayers.com\\\/#\\\/schema\\\/logo\\\/image\\\/\",\"url\":\"\",\"contentUrl\":\"\",\"caption\":\"Mexican Guitar Players\"},\"image\":{\"@id\":\"https:\\\/\\\/www.mexicanguitarplayers.com\\\/#\\\/schema\\\/logo\\\/image\\\/\"}}]}<\/script>\n<!-- \/ Yoast SEO plugin. -->","yoast_head_json":{"title":"PREAMPLIFICADOR A.R.T. MOD. PRO MPA-II - Mexican Guitar Players","description":"Preamplificador de micr\u00f3fono de dos canales, impedancia de entrada variable para una voz de micr\u00f3fono flexible (150 ohms a 2,400 ohms), voltaje de placa seleccionable, medidores Vu grandes, switches de funci\u00f3n retro iluminados, preamplificador de micr\u00f3fono de entrada discreta de clase A, bajo nivel de ruido en configuraciones de ganancia m\u00e1s bajas, distorsi\u00f3n arm\u00f3nica total extremadamente baja (THD), respuesta de frecuencia amplia, conector de entrada de instrumento adicional montado en la superficie delantera, admite la t\u00e9cnica de microfon\u00eda mis\/side, funciona a +4 dBm\/-10 dBV de salida, controles de operaci\u00f3n de salida seleccionables est\u00e9reo o dual, selecci\u00f3n autom\u00e1tica de entrada de instrumento, dimensiones: 222 x 482 x 88 mm, peso: 4.5 kg.","robots":{"index":"index","follow":"follow","max-snippet":"max-snippet:-1","max-image-preview":"max-image-preview:large","max-video-preview":"max-video-preview:-1"},"canonical":"https:\/\/www.mexicanguitarplayers.com\/en\/tienda\/sin categor\u00eda\/preamplificador-a-r-t-mod-pro-mpa-ii\/","og_locale":"en_US","og_type":"article","og_title":"PREAMPLIFICADOR A.R.T. MOD. PRO MPA-II - Mexican Guitar Players","og_description":"Preamplificador de micr\u00f3fono de dos canales, impedancia de entrada variable para una voz de micr\u00f3fono flexible (150 ohms a 2,400 ohms), voltaje de placa seleccionable, medidores Vu grandes, switches de funci\u00f3n retro iluminados, preamplificador de micr\u00f3fono de entrada discreta de clase A, bajo nivel de ruido en configuraciones de ganancia m\u00e1s bajas, distorsi\u00f3n arm\u00f3nica total extremadamente baja (THD), respuesta de frecuencia amplia, conector de entrada de instrumento adicional montado en la superficie delantera, admite la t\u00e9cnica de microfon\u00eda mis\/side, funciona a +4 dBm\/-10 dBV de salida, controles de operaci\u00f3n de salida seleccionables est\u00e9reo o dual, selecci\u00f3n autom\u00e1tica de entrada de instrumento, dimensiones: 222 x 482 x 88 mm, peso: 4.5 kg.","og_url":"https:\/\/www.mexicanguitarplayers.com\/en\/tienda\/sin categor\u00eda\/preamplificador-a-r-t-mod-pro-mpa-ii\/","og_site_name":"Mexican Guitar Players","article_modified_time":"2026-04-10T10:32:28+00:00","twitter_card":"summary_large_image","twitter_misc":{"Est. reading time":"2 minutes"},"schema":{"@context":"https:\/\/schema.org","@graph":[{"@type":["WebPage","ItemPage"],"@id":"https:\/\/www.mexicanguitarplayers.com\/tienda\/sin categor\u00eda\/preamplificador-a-r-t-mod-pro-mpa-ii\/","url":"https:\/\/www.mexicanguitarplayers.com\/tienda\/sin categor\u00eda\/preamplificador-a-r-t-mod-pro-mpa-ii\/","name":"PREAMPLIFICADOR A.R.T. MOD. PRO MPA-II - Mexican Guitar Players","isPartOf":{"@id":"https:\/\/www.mexicanguitarplayers.com\/#website"},"primaryImageOfPage":{"@id":"https:\/\/www.mexicanguitarplayers.com\/tienda\/sin categor\u00eda\/preamplificador-a-r-t-mod-pro-mpa-ii\/#primaryimage"},"image":{"@id":"https:\/\/www.mexicanguitarplayers.com\/tienda\/sin categor\u00eda\/preamplificador-a-r-t-mod-pro-mpa-ii\/#primaryimage"},"thumbnailUrl":"https:\/\/www.mexicanguitarplayers.com\/wp-content\/uploads\/2025\/04\/IAARTPROMPAII.jpg","datePublished":"2025-04-09T03:10:57+00:00","dateModified":"2026-04-10T10:32:28+00:00","description":"Preamplificador de micr\u00f3fono de dos canales, impedancia de entrada variable para una voz de micr\u00f3fono flexible (150 ohms a 2,400 ohms), voltaje de placa seleccionable, medidores Vu grandes, switches de funci\u00f3n retro iluminados, preamplificador de micr\u00f3fono de entrada discreta de clase A, bajo nivel de ruido en configuraciones de ganancia m\u00e1s bajas, distorsi\u00f3n arm\u00f3nica total extremadamente baja (THD), respuesta de frecuencia amplia, conector de entrada de instrumento adicional montado en la superficie delantera, admite la t\u00e9cnica de microfon\u00eda mis\/side, funciona a +4 dBm\/-10 dBV de salida, controles de operaci\u00f3n de salida seleccionables est\u00e9reo o dual, selecci\u00f3n autom\u00e1tica de entrada de instrumento, dimensiones: 222 x 482 x 88 mm, peso: 4.5 kg.","breadcrumb":{"@id":"https:\/\/www.mexicanguitarplayers.com\/tienda\/sin categor\u00eda\/preamplificador-a-r-t-mod-pro-mpa-ii\/#breadcrumb"},"inLanguage":"en-US","potentialAction":[{"@type":"ReadAction","target":["https:\/\/www.mexicanguitarplayers.com\/tienda\/sin categor\u00eda\/preamplificador-a-r-t-mod-pro-mpa-ii\/"]}]},{"@type":"ImageObject","inLanguage":"en-US","@id":"https:\/\/www.mexicanguitarplayers.com\/tienda\/sin categor\u00eda\/preamplificador-a-r-t-mod-pro-mpa-ii\/#primaryimage","url":"https:\/\/www.mexicanguitarplayers.com\/wp-content\/uploads\/2025\/04\/IAARTPROMPAII.jpg","contentUrl":"https:\/\/www.mexicanguitarplayers.com\/wp-content\/uploads\/2025\/04\/IAARTPROMPAII.jpg","width":1600,"height":800},{"@type":"BreadcrumbList","@id":"https:\/\/www.mexicanguitarplayers.com\/tienda\/sin categor\u00eda\/preamplificador-a-r-t-mod-pro-mpa-ii\/#breadcrumb","itemListElement":[{"@type":"ListItem","position":1,"name":"Portada","item":"https:\/\/www.mexicanguitarplayers.com\/"},{"@type":"ListItem","position":2,"name":"Tienda","item":"https:\/\/www.mexicanguitarplayers.com\/tienda\/"},{"@type":"ListItem","position":3,"name":"PREAMPLIFICADOR A.R.T. MOD. PRO MPA-II"}]},{"@type":"WebSite","@id":"https:\/\/www.mexicanguitarplayers.com\/#website","url":"https:\/\/www.mexicanguitarplayers.com\/","name":"Mexican Guitar Players","description":"Website","publisher":{"@id":"https:\/\/www.mexicanguitarplayers.com\/#organization"},"potentialAction":[{"@type":"SearchAction","target":{"@type":"EntryPoint","urlTemplate":"https:\/\/www.mexicanguitarplayers.com\/?s={search_term_string}"},"query-input":{"@type":"PropertyValueSpecification","valueRequired":true,"valueName":"search_term_string"}}],"inLanguage":"en-US"},{"@type":"Organization","@id":"https:\/\/www.mexicanguitarplayers.com\/#organization","name":"Mexican Guitar Players","url":"https:\/\/www.mexicanguitarplayers.com\/","logo":{"@type":"ImageObject","inLanguage":"en-US","@id":"https:\/\/www.mexicanguitarplayers.com\/#\/schema\/logo\/image\/","url":"","contentUrl":"","caption":"Mexican Guitar Players"},"image":{"@id":"https:\/\/www.mexicanguitarplayers.com\/#\/schema\/logo\/image\/"}}]}},"brands":[{"id":531,"name":"ART","slug":"a-r-t"}],"_links":{"self":[{"href":"https:\/\/www.mexicanguitarplayers.com\/en\/wp-json\/wp\/v2\/product\/33033","targetHints":{"allow":["GET"]}}],"collection":[{"href":"https:\/\/www.mexicanguitarplayers.com\/en\/wp-json\/wp\/v2\/product"}],"about":[{"href":"https:\/\/www.mexicanguitarplayers.com\/en\/wp-json\/wp\/v2\/types\/product"}],"replies":[{"embeddable":true,"href":"https:\/\/www.mexicanguitarplayers.com\/en\/wp-json\/wp\/v2\/comments?post=33033"}],"wp:featuredmedia":[{"embeddable":true,"href":"https:\/\/www.mexicanguitarplayers.com\/en\/wp-json\/wp\/v2\/media\/33030"}],"wp:attachment":[{"href":"https:\/\/www.mexicanguitarplayers.com\/en\/wp-json\/wp\/v2\/media?parent=33033"}],"wp:term":[{"taxonomy":"pwb-brand","embeddable":true,"href":"https:\/\/www.mexicanguitarplayers.com\/en\/wp-json\/wp\/v2\/pwb-brand?post=33033"},{"taxonomy":"product_brand","embeddable":true,"href":"https:\/\/www.mexicanguitarplayers.com\/en\/wp-json\/wp\/v2\/product_brand?post=33033"},{"taxonomy":"product_cat","embeddable":true,"href":"https:\/\/www.mexicanguitarplayers.com\/en\/wp-json\/wp\/v2\/product_cat?post=33033"},{"taxonomy":"product_tag","embeddable":true,"href":"https:\/\/www.mexicanguitarplayers.com\/en\/wp-json\/wp\/v2\/product_tag?post=33033"}],"curies":[{"name":"wp","href":"https:\/\/api.w.org\/{rel}","templated":true}]}}