{"id":33048,"date":"2025-04-08T21:11:46","date_gmt":"2025-04-09T03:11:46","guid":{"rendered":"https:\/\/www.mexicanguitarplayers.com\/tienda\/sin categor\u00eda\/bajo-mars-electrica-mod-headless-5-whiteburst\/"},"modified":"2026-04-10T04:32:28","modified_gmt":"2026-04-10T10:32:28","slug":"bajo-mars-electrica-mod-headless-5-whiteburst","status":"publish","type":"product","link":"https:\/\/www.mexicanguitarplayers.com\/en\/tienda\/cuerdas\/bajos\/electricos\/electricos-activos\/bajo-mars-electrica-mod-headless-5-whiteburst\/","title":{"rendered":"BAJO MARS EL\u00c9CTRICA MOD. HEADLESS 5 WHITEBURST"},"content":{"rendered":"<div style=\"text-align: justify\">\n<div>\n<h3>\u00a1Impresionante Bajo El\u00e9ctrico de Alta Gama con Madera de \u00c1lamo y Maple, Circuito Activo y Acabado Mate!<\/h3>\n<\/div>\n<div>Bajo Mars Headless 5, est\u00e1 dise\u00f1ado para ofrecer un rendimiento excepcional y una est\u00e9tica moderna. El cuerpo est\u00e1 hecho de madera de \u00e1lamo, mientras que el m\u00e1stil es de arce canadiense asado, atornillado para una mayor estabilidad y durabilidad. El diapas\u00f3n de rosewood con trastes fanned fret mejora la comodidad y ergonom\u00eda al tocar. Su acabado mate\/satinado le da un aspecto sofisticado y moderno. El bajo incorpora un sistema activo con una pastilla de tipo Jazz Bass de gran tama\u00f1o, proporcionando un sonido claro y din\u00e1mico. Los controles incluyen un volumen maestro, 3 controles de tono (bajo, medio, agudo), un balance de volumen para la pastilla y un jack, lo que permite un ajuste preciso del sonido. Con 24 trastes y puntos de perloid como inlays, ofrece una amplia gama de notas. Viene equipado con cuerdas Alice 045-125, conocidas por su durabilidad y calidad, y su hardware negro con un dise\u00f1o headless EB-5 le da un toque elegante y balanceado. Este bajo es ideal para m\u00fasicos que buscan un sonido vers\u00e1til, un dise\u00f1o moderno y una experiencia de toque c\u00f3moda y fluida.<\/div>\n<div>\n<h4>Quick look<\/h4>\n<\/div>\n<ul style=\"margin: 0px 0px 0px 25px\">\n<li style=\"list-style-type: circle;margin: 5px\">Controls<\/li>\n<li style=\"list-style-type: circle;margin: 5px\">Tablets<\/li>\n<li style=\"list-style-type: circle;margin: 5px\">Inlays<\/li>\n<li style=\"list-style-type: circle;margin: 5px\">Strings<\/li>\n<\/ul>\n<div>\n<div style=\"font-weight: bold\">Controls<\/div>\n<div>\n<p>1 volumen maestro 3 controles de tono (bajo, medio, agudos) Balance de volumen para la pastilla 1 jack de entrada<\/p>\n<\/div>\n<div style=\"font-weight: bold\">Tablets<\/div>\n<div>\n<p>Circuito activo, pastilla tipo Jazz bass de gran tama\u00f1o<\/p>\n<\/div>\n<div style=\"font-weight: bold\">Inlays<\/div>\n<div>\n<p>Puntos (dot) de perlita en el diapas\u00f3n<\/p>\n<\/div>\n<div style=\"font-weight: bold\">Strings<\/div>\n<div>\n<p>Calibre: .045 ~ .125 Marca: Alice<\/p>\n<\/div>\n<\/div>\n<\/div>","protected":false},"excerpt":{"rendered":"<p>Bajo Mars B5M5, cuenta con un cuerpo de \u00e1lamo y un m\u00e1stil de arce canadiense asado atornillado para mayor estabilidad. Su diapas\u00f3n de rosewood con trastes fanned fret mejora la comodidad al tocar. El acabado mate\/satinado le da un toque moderno. Incorpora un sistema activo con pastilla tipo Jazz Bass, y ofrece controles de volumen y tono (bajo, medio, agudo), adem\u00e1s de un balance de volumen para la pastilla. Tiene 24 trastes y puntos de perloid como inlays. Equipado con cuerdas Alice 045-125 y hardware negro con dise\u00f1o headless EB-5, es perfecto para quienes buscan un bajo con gran sonido, dise\u00f1o elegante y comodidad al tocar.&hellip; <a class=\"kt-excerpt-readmore more-link\" href=\"https:\/\/www.mexicanguitarplayers.com\/en\/tienda\/cuerdas\/bajos\/electricos\/electricos-activos\/bajo-mars-electrica-mod-headless-5-whiteburst\/\">Read more<\/a><\/p>","protected":false},"featured_media":33034,"comment_status":"open","ping_status":"closed","template":"","meta":{"kt_blocks_editor_width":""},"pwb-brand":[332],"product_brand":[],"product_cat":[317,224,318,326],"product_tag":[],"class_list":{"0":"post-33048","1":"product","2":"type-product","3":"status-publish","4":"has-post-thumbnail","6":"pwb-brand-mars","7":"product_cat-bajos","8":"product_cat-cuerdas","9":"product_cat-electricos","10":"product_cat-electricos-activos","11":"product_shipping_class-0-5-kg","13":"first","14":"outofstock","15":"taxable","16":"shipping-taxable","17":"purchasable","18":"product-type-simple"},"yoast_head":"<!-- This site is optimized with the Yoast SEO plugin v27.5 - https:\/\/yoast.com\/product\/yoast-seo-wordpress\/ -->\n<title>BAJO MARS EL\u00c9CTRICA MOD. HEADLESS 5 WHITEBURST - Mexican Guitar Players<\/title>\n<meta name=\"description\" content=\"Bajo Mars B5M5, cuenta con un cuerpo de \u00e1lamo y un m\u00e1stil de arce canadiense asado atornillado para mayor estabilidad. Su diapas\u00f3n de rosewood con trastes fanned fret mejora la comodidad al tocar. El acabado mate\/satinado le da un toque moderno. Incorpora un sistema activo con pastilla tipo Jazz Bass, y ofrece controles de volumen y tono (bajo, medio, agudo), adem\u00e1s de un balance de volumen para la pastilla. Tiene 24 trastes y puntos de perloid como inlays. Equipado con cuerdas Alice 045-125 y hardware negro con dise\u00f1o headless EB-5, es perfecto para quienes buscan un bajo con gran sonido, dise\u00f1o elegante y comodidad al tocar.\" \/>\n<meta name=\"robots\" content=\"index, follow, max-snippet:-1, max-image-preview:large, max-video-preview:-1\" \/>\n<link rel=\"canonical\" href=\"https:\/\/www.mexicanguitarplayers.com\/en\/tienda\/sin%20categor\u00eda\/bajo-mars-electrica-mod-headless-5-whiteburst\/\" \/>\n<meta property=\"og:locale\" content=\"en_US\" \/>\n<meta property=\"og:type\" content=\"article\" \/>\n<meta property=\"og:title\" content=\"BAJO MARS EL\u00c9CTRICA MOD. HEADLESS 5 WHITEBURST - Mexican Guitar Players\" \/>\n<meta property=\"og:description\" content=\"Bajo Mars B5M5, cuenta con un cuerpo de \u00e1lamo y un m\u00e1stil de arce canadiense asado atornillado para mayor estabilidad. Su diapas\u00f3n de rosewood con trastes fanned fret mejora la comodidad al tocar. El acabado mate\/satinado le da un toque moderno. Incorpora un sistema activo con pastilla tipo Jazz Bass, y ofrece controles de volumen y tono (bajo, medio, agudo), adem\u00e1s de un balance de volumen para la pastilla. Tiene 24 trastes y puntos de perloid como inlays. Equipado con cuerdas Alice 045-125 y hardware negro con dise\u00f1o headless EB-5, es perfecto para quienes buscan un bajo con gran sonido, dise\u00f1o elegante y comodidad al tocar.\" \/>\n<meta property=\"og:url\" content=\"https:\/\/www.mexicanguitarplayers.com\/en\/tienda\/sin categor\u00eda\/bajo-mars-electrica-mod-headless-5-whiteburst\/\" \/>\n<meta property=\"og:site_name\" content=\"Mexican Guitar Players\" \/>\n<meta property=\"article:modified_time\" content=\"2026-04-10T10:32:28+00:00\" \/>\n<meta name=\"twitter:card\" content=\"summary_large_image\" \/>\n<meta name=\"twitter:label1\" content=\"Est. reading time\" \/>\n\t<meta name=\"twitter:data1\" content=\"1 minute\" \/>\n<script type=\"application\/ld+json\" class=\"yoast-schema-graph\">{\"@context\":\"https:\\\/\\\/schema.org\",\"@graph\":[{\"@type\":[\"WebPage\",\"ItemPage\"],\"@id\":\"https:\\\/\\\/www.mexicanguitarplayers.com\\\/tienda\\\/sin categor\u00eda\\\/bajo-mars-electrica-mod-headless-5-whiteburst\\\/\",\"url\":\"https:\\\/\\\/www.mexicanguitarplayers.com\\\/tienda\\\/sin categor\u00eda\\\/bajo-mars-electrica-mod-headless-5-whiteburst\\\/\",\"name\":\"BAJO MARS EL\u00c9CTRICA MOD. HEADLESS 5 WHITEBURST - Mexican Guitar Players\",\"isPartOf\":{\"@id\":\"https:\\\/\\\/www.mexicanguitarplayers.com\\\/#website\"},\"primaryImageOfPage\":{\"@id\":\"https:\\\/\\\/www.mexicanguitarplayers.com\\\/tienda\\\/sin categor\u00eda\\\/bajo-mars-electrica-mod-headless-5-whiteburst\\\/#primaryimage\"},\"image\":{\"@id\":\"https:\\\/\\\/www.mexicanguitarplayers.com\\\/tienda\\\/sin categor\u00eda\\\/bajo-mars-electrica-mod-headless-5-whiteburst\\\/#primaryimage\"},\"thumbnailUrl\":\"https:\\\/\\\/www.mexicanguitarplayers.com\\\/wp-content\\\/uploads\\\/2025\\\/04\\\/ISMASHDLS5WBT.png\",\"datePublished\":\"2025-04-09T03:11:46+00:00\",\"dateModified\":\"2026-04-10T10:32:28+00:00\",\"description\":\"Bajo Mars B5M5, cuenta con un cuerpo de \u00e1lamo y un m\u00e1stil de arce canadiense asado atornillado para mayor estabilidad. Su diapas\u00f3n de rosewood con trastes fanned fret mejora la comodidad al tocar. El acabado mate\\\/satinado le da un toque moderno. Incorpora un sistema activo con pastilla tipo Jazz Bass, y ofrece controles de volumen y tono (bajo, medio, agudo), adem\u00e1s de un balance de volumen para la pastilla. Tiene 24 trastes y puntos de perloid como inlays. Equipado con cuerdas Alice 045-125 y hardware negro con dise\u00f1o headless EB-5, es perfecto para quienes buscan un bajo con gran sonido, dise\u00f1o elegante y comodidad al tocar.\",\"breadcrumb\":{\"@id\":\"https:\\\/\\\/www.mexicanguitarplayers.com\\\/tienda\\\/sin categor\u00eda\\\/bajo-mars-electrica-mod-headless-5-whiteburst\\\/#breadcrumb\"},\"inLanguage\":\"en-US\",\"potentialAction\":[{\"@type\":\"ReadAction\",\"target\":[\"https:\\\/\\\/www.mexicanguitarplayers.com\\\/tienda\\\/sin categor\u00eda\\\/bajo-mars-electrica-mod-headless-5-whiteburst\\\/\"]}]},{\"@type\":\"ImageObject\",\"inLanguage\":\"en-US\",\"@id\":\"https:\\\/\\\/www.mexicanguitarplayers.com\\\/tienda\\\/sin categor\u00eda\\\/bajo-mars-electrica-mod-headless-5-whiteburst\\\/#primaryimage\",\"url\":\"https:\\\/\\\/www.mexicanguitarplayers.com\\\/wp-content\\\/uploads\\\/2025\\\/04\\\/ISMASHDLS5WBT.png\",\"contentUrl\":\"https:\\\/\\\/www.mexicanguitarplayers.com\\\/wp-content\\\/uploads\\\/2025\\\/04\\\/ISMASHDLS5WBT.png\",\"width\":800,\"height\":1600},{\"@type\":\"BreadcrumbList\",\"@id\":\"https:\\\/\\\/www.mexicanguitarplayers.com\\\/tienda\\\/sin categor\u00eda\\\/bajo-mars-electrica-mod-headless-5-whiteburst\\\/#breadcrumb\",\"itemListElement\":[{\"@type\":\"ListItem\",\"position\":1,\"name\":\"Portada\",\"item\":\"https:\\\/\\\/www.mexicanguitarplayers.com\\\/\"},{\"@type\":\"ListItem\",\"position\":2,\"name\":\"Tienda\",\"item\":\"https:\\\/\\\/www.mexicanguitarplayers.com\\\/tienda\\\/\"},{\"@type\":\"ListItem\",\"position\":3,\"name\":\"BAJO MARS EL\u00c9CTRICA MOD. HEADLESS 5 WHITEBURST\"}]},{\"@type\":\"WebSite\",\"@id\":\"https:\\\/\\\/www.mexicanguitarplayers.com\\\/#website\",\"url\":\"https:\\\/\\\/www.mexicanguitarplayers.com\\\/\",\"name\":\"Mexican Guitar Players\",\"description\":\"Website\",\"publisher\":{\"@id\":\"https:\\\/\\\/www.mexicanguitarplayers.com\\\/#organization\"},\"potentialAction\":[{\"@type\":\"SearchAction\",\"target\":{\"@type\":\"EntryPoint\",\"urlTemplate\":\"https:\\\/\\\/www.mexicanguitarplayers.com\\\/?s={search_term_string}\"},\"query-input\":{\"@type\":\"PropertyValueSpecification\",\"valueRequired\":true,\"valueName\":\"search_term_string\"}}],\"inLanguage\":\"en-US\"},{\"@type\":\"Organization\",\"@id\":\"https:\\\/\\\/www.mexicanguitarplayers.com\\\/#organization\",\"name\":\"Mexican Guitar Players\",\"url\":\"https:\\\/\\\/www.mexicanguitarplayers.com\\\/\",\"logo\":{\"@type\":\"ImageObject\",\"inLanguage\":\"en-US\",\"@id\":\"https:\\\/\\\/www.mexicanguitarplayers.com\\\/#\\\/schema\\\/logo\\\/image\\\/\",\"url\":\"\",\"contentUrl\":\"\",\"caption\":\"Mexican Guitar Players\"},\"image\":{\"@id\":\"https:\\\/\\\/www.mexicanguitarplayers.com\\\/#\\\/schema\\\/logo\\\/image\\\/\"}}]}<\/script>\n<!-- \/ Yoast SEO plugin. -->","yoast_head_json":{"title":"BAJO MARS EL\u00c9CTRICA MOD. HEADLESS 5 WHITEBURST - Mexican Guitar Players","description":"Bajo Mars B5M5, cuenta con un cuerpo de \u00e1lamo y un m\u00e1stil de arce canadiense asado atornillado para mayor estabilidad. Su diapas\u00f3n de rosewood con trastes fanned fret mejora la comodidad al tocar. El acabado mate\/satinado le da un toque moderno. Incorpora un sistema activo con pastilla tipo Jazz Bass, y ofrece controles de volumen y tono (bajo, medio, agudo), adem\u00e1s de un balance de volumen para la pastilla. Tiene 24 trastes y puntos de perloid como inlays. Equipado con cuerdas Alice 045-125 y hardware negro con dise\u00f1o headless EB-5, es perfecto para quienes buscan un bajo con gran sonido, dise\u00f1o elegante y comodidad al tocar.","robots":{"index":"index","follow":"follow","max-snippet":"max-snippet:-1","max-image-preview":"max-image-preview:large","max-video-preview":"max-video-preview:-1"},"canonical":"https:\/\/www.mexicanguitarplayers.com\/en\/tienda\/sin categor\u00eda\/bajo-mars-electrica-mod-headless-5-whiteburst\/","og_locale":"en_US","og_type":"article","og_title":"BAJO MARS EL\u00c9CTRICA MOD. HEADLESS 5 WHITEBURST - Mexican Guitar Players","og_description":"Bajo Mars B5M5, cuenta con un cuerpo de \u00e1lamo y un m\u00e1stil de arce canadiense asado atornillado para mayor estabilidad. Su diapas\u00f3n de rosewood con trastes fanned fret mejora la comodidad al tocar. El acabado mate\/satinado le da un toque moderno. Incorpora un sistema activo con pastilla tipo Jazz Bass, y ofrece controles de volumen y tono (bajo, medio, agudo), adem\u00e1s de un balance de volumen para la pastilla. Tiene 24 trastes y puntos de perloid como inlays. Equipado con cuerdas Alice 045-125 y hardware negro con dise\u00f1o headless EB-5, es perfecto para quienes buscan un bajo con gran sonido, dise\u00f1o elegante y comodidad al tocar.","og_url":"https:\/\/www.mexicanguitarplayers.com\/en\/tienda\/sin categor\u00eda\/bajo-mars-electrica-mod-headless-5-whiteburst\/","og_site_name":"Mexican Guitar Players","article_modified_time":"2026-04-10T10:32:28+00:00","twitter_card":"summary_large_image","twitter_misc":{"Est. reading time":"1 minute"},"schema":{"@context":"https:\/\/schema.org","@graph":[{"@type":["WebPage","ItemPage"],"@id":"https:\/\/www.mexicanguitarplayers.com\/tienda\/sin categor\u00eda\/bajo-mars-electrica-mod-headless-5-whiteburst\/","url":"https:\/\/www.mexicanguitarplayers.com\/tienda\/sin categor\u00eda\/bajo-mars-electrica-mod-headless-5-whiteburst\/","name":"BAJO MARS EL\u00c9CTRICA MOD. HEADLESS 5 WHITEBURST - Mexican Guitar Players","isPartOf":{"@id":"https:\/\/www.mexicanguitarplayers.com\/#website"},"primaryImageOfPage":{"@id":"https:\/\/www.mexicanguitarplayers.com\/tienda\/sin categor\u00eda\/bajo-mars-electrica-mod-headless-5-whiteburst\/#primaryimage"},"image":{"@id":"https:\/\/www.mexicanguitarplayers.com\/tienda\/sin categor\u00eda\/bajo-mars-electrica-mod-headless-5-whiteburst\/#primaryimage"},"thumbnailUrl":"https:\/\/www.mexicanguitarplayers.com\/wp-content\/uploads\/2025\/04\/ISMASHDLS5WBT.png","datePublished":"2025-04-09T03:11:46+00:00","dateModified":"2026-04-10T10:32:28+00:00","description":"Bajo Mars B5M5, cuenta con un cuerpo de \u00e1lamo y un m\u00e1stil de arce canadiense asado atornillado para mayor estabilidad. Su diapas\u00f3n de rosewood con trastes fanned fret mejora la comodidad al tocar. El acabado mate\/satinado le da un toque moderno. Incorpora un sistema activo con pastilla tipo Jazz Bass, y ofrece controles de volumen y tono (bajo, medio, agudo), adem\u00e1s de un balance de volumen para la pastilla. Tiene 24 trastes y puntos de perloid como inlays. Equipado con cuerdas Alice 045-125 y hardware negro con dise\u00f1o headless EB-5, es perfecto para quienes buscan un bajo con gran sonido, dise\u00f1o elegante y comodidad al tocar.","breadcrumb":{"@id":"https:\/\/www.mexicanguitarplayers.com\/tienda\/sin categor\u00eda\/bajo-mars-electrica-mod-headless-5-whiteburst\/#breadcrumb"},"inLanguage":"en-US","potentialAction":[{"@type":"ReadAction","target":["https:\/\/www.mexicanguitarplayers.com\/tienda\/sin categor\u00eda\/bajo-mars-electrica-mod-headless-5-whiteburst\/"]}]},{"@type":"ImageObject","inLanguage":"en-US","@id":"https:\/\/www.mexicanguitarplayers.com\/tienda\/sin categor\u00eda\/bajo-mars-electrica-mod-headless-5-whiteburst\/#primaryimage","url":"https:\/\/www.mexicanguitarplayers.com\/wp-content\/uploads\/2025\/04\/ISMASHDLS5WBT.png","contentUrl":"https:\/\/www.mexicanguitarplayers.com\/wp-content\/uploads\/2025\/04\/ISMASHDLS5WBT.png","width":800,"height":1600},{"@type":"BreadcrumbList","@id":"https:\/\/www.mexicanguitarplayers.com\/tienda\/sin categor\u00eda\/bajo-mars-electrica-mod-headless-5-whiteburst\/#breadcrumb","itemListElement":[{"@type":"ListItem","position":1,"name":"Portada","item":"https:\/\/www.mexicanguitarplayers.com\/"},{"@type":"ListItem","position":2,"name":"Tienda","item":"https:\/\/www.mexicanguitarplayers.com\/tienda\/"},{"@type":"ListItem","position":3,"name":"BAJO MARS EL\u00c9CTRICA MOD. HEADLESS 5 WHITEBURST"}]},{"@type":"WebSite","@id":"https:\/\/www.mexicanguitarplayers.com\/#website","url":"https:\/\/www.mexicanguitarplayers.com\/","name":"Mexican Guitar Players","description":"Website","publisher":{"@id":"https:\/\/www.mexicanguitarplayers.com\/#organization"},"potentialAction":[{"@type":"SearchAction","target":{"@type":"EntryPoint","urlTemplate":"https:\/\/www.mexicanguitarplayers.com\/?s={search_term_string}"},"query-input":{"@type":"PropertyValueSpecification","valueRequired":true,"valueName":"search_term_string"}}],"inLanguage":"en-US"},{"@type":"Organization","@id":"https:\/\/www.mexicanguitarplayers.com\/#organization","name":"Mexican Guitar Players","url":"https:\/\/www.mexicanguitarplayers.com\/","logo":{"@type":"ImageObject","inLanguage":"en-US","@id":"https:\/\/www.mexicanguitarplayers.com\/#\/schema\/logo\/image\/","url":"","contentUrl":"","caption":"Mexican Guitar Players"},"image":{"@id":"https:\/\/www.mexicanguitarplayers.com\/#\/schema\/logo\/image\/"}}]}},"brands":[{"id":332,"name":"MARS","slug":"mars"}],"_links":{"self":[{"href":"https:\/\/www.mexicanguitarplayers.com\/en\/wp-json\/wp\/v2\/product\/33048","targetHints":{"allow":["GET"]}}],"collection":[{"href":"https:\/\/www.mexicanguitarplayers.com\/en\/wp-json\/wp\/v2\/product"}],"about":[{"href":"https:\/\/www.mexicanguitarplayers.com\/en\/wp-json\/wp\/v2\/types\/product"}],"replies":[{"embeddable":true,"href":"https:\/\/www.mexicanguitarplayers.com\/en\/wp-json\/wp\/v2\/comments?post=33048"}],"wp:featuredmedia":[{"embeddable":true,"href":"https:\/\/www.mexicanguitarplayers.com\/en\/wp-json\/wp\/v2\/media\/33034"}],"wp:attachment":[{"href":"https:\/\/www.mexicanguitarplayers.com\/en\/wp-json\/wp\/v2\/media?parent=33048"}],"wp:term":[{"taxonomy":"pwb-brand","embeddable":true,"href":"https:\/\/www.mexicanguitarplayers.com\/en\/wp-json\/wp\/v2\/pwb-brand?post=33048"},{"taxonomy":"product_brand","embeddable":true,"href":"https:\/\/www.mexicanguitarplayers.com\/en\/wp-json\/wp\/v2\/product_brand?post=33048"},{"taxonomy":"product_cat","embeddable":true,"href":"https:\/\/www.mexicanguitarplayers.com\/en\/wp-json\/wp\/v2\/product_cat?post=33048"},{"taxonomy":"product_tag","embeddable":true,"href":"https:\/\/www.mexicanguitarplayers.com\/en\/wp-json\/wp\/v2\/product_tag?post=33048"}],"curies":[{"name":"wp","href":"https:\/\/api.w.org\/{rel}","templated":true}]}}