{"id":33059,"date":"2025-04-08T21:12:03","date_gmt":"2025-04-09T03:12:03","guid":{"rendered":"https:\/\/www.mexicanguitarplayers.com\/tienda\/sin categor\u00eda\/combo-ashdown-p-bajo-studio-tourbus\/"},"modified":"2026-04-27T10:15:09","modified_gmt":"2026-04-27T16:15:09","slug":"combo-ashdown-p-bajo-studio-tourbus","status":"publish","type":"product","link":"https:\/\/www.mexicanguitarplayers.com\/en\/tienda\/cuerdas\/combos\/combos-para-bajo\/combo-ashdown-p-bajo-studio-tourbus\/","title":{"rendered":"COMBO ASHDOWN P\/BAJO  STUDIO TOURBUS"},"content":{"rendered":"<div style=\"text-align: justify\">\n<div>\n<h3>Un combo repleto de caracter\u00edsticas.<\/h3>\n<\/div>\n<div>Para los bajistas que desean reducir el peso pero no el tono, perm\u00edtanos presentarles la nueva gama Studio de Ashdown. Con un asombroso peso de 6.1 kg, el Studio Tourbus est\u00e1 dise\u00f1ado desde cero para ser ligero y port\u00e1til, a la vez que ofrece el tono pesado y la versatilidad que el mundo espera de un combo Ashdown para bajo. El Studio Jnr incre\u00edblemente elegante ofrece 10W de tono Ashdown premium a trav\u00e9s de un altavoz de 8&#8243; pulgadas dise\u00f1ado personalizado. Potente pero port\u00e1til, el Studio Tourbus viene repleto de excelentes caracter\u00edsticas que incluyen EQ de 3 bandas, salida de aud\u00edfonos, entrada de l\u00ednea y mucho m\u00e1s.<\/div>\n<div>\n<h4>Quick look<\/h4>\n<\/div>\n<ul style=\"margin: 0px 0px 0px 25px\">\n<li style=\"list-style-type: circle;margin: 5px\">Output power.<\/li>\n<li style=\"list-style-type: circle;margin: 5px\">Unidad de altavoz.<\/li>\n<li style=\"list-style-type: circle;margin: 5px\">Entrances and exits.<\/li>\n<li style=\"list-style-type: circle;margin: 5px\">Controls<\/li>\n<li style=\"list-style-type: circle;margin: 5px\">Input impedance.<\/li>\n<li style=\"list-style-type: circle;margin: 5px\">Rango de se\u00f1al de entrada.<\/li>\n<li style=\"list-style-type: circle;margin: 5px\">Equalizer<\/li>\n<li style=\"list-style-type: circle;margin: 5px\">Dimensions.<\/li>\n<li style=\"list-style-type: circle;margin: 5px\">Weight.<\/li>\n<\/ul>\n<div>\n<div style=\"font-weight: bold\">Output power.<\/div>\n<div>\n<p>10W RMS a 8 ohms.<\/p>\n<\/div>\n<div style=\"font-weight: bold\">Unidad de altavoz.<\/div>\n<div>\n<p>Un driver Ashdown de 6&#8243; pulgadas.<\/p>\n<\/div>\n<div style=\"font-weight: bold\">Entrances and exits.<\/div>\n<div>\n<p>Entrada de l\u00ednea jack de 1\/4&#8243; (para usar con instrumento de nivel de l\u00ednea o dispositivos como reproductor MP3), salida de aud\u00edfonos (silencia el altavoz para practicar en silencio).<\/p>\n<\/div>\n<div style=\"font-weight: bold\">Controls<\/div>\n<div>\n<p>Volumen: Control giratorio para ajustar la salida general del amplificador. Bass: Control giratorio para ajustar la cantidad de graves (frecuencia) \u00b115 dB. Middle: Control giratorio para ajustar la cantidad de medios (frecuencia) \u00b115 dB. Treble: Control giratorio para ajustar la cantidad de agudos (frecuencia) \u00b115 dB. On: La luz indica que el amplificador est\u00e1 encendido. Power Switch: Enciende o apaga tu amplificador.<\/p>\n<\/div>\n<div style=\"font-weight: bold\">Input impedance.<\/div>\n<div>\n<p>1 Mega-ohm.<\/p>\n<\/div>\n<div style=\"font-weight: bold\">Rango de se\u00f1al de entrada.<\/div>\n<div>\n<p>100Mv a 10v.<\/p>\n<\/div>\n<div style=\"font-weight: bold\">Equalizer<\/div>\n<div>\n<p>Ecualizador pasivo de 3 bandas: Bass, Middle, Treble.<\/p>\n<\/div>\n<div style=\"font-weight: bold\">Dimensions.<\/div>\n<div>\n<p>300 x 200 x  300 mm.<\/p>\n<\/div>\n<div style=\"font-weight: bold\">Weight.<\/div>\n<div>\n<p>6 kg.<\/p>\n<\/div>\n<\/div>\n<\/div>","protected":false},"excerpt":{"rendered":"<p>Combo para bajo, driver Ashdown de 6\u201d pulgadas, potencia de 10W RMS a 8 ohms, entrada de l\u00ednea 1\/4\u201d, salida de aud\u00edfonos (silencia el altavoz para practicar en silencio), ecualizador pasivo de 3 bandas (bass, middle, treble), control de volumen, power switch, dimensiones: 300 x 200 x  300 mm, peso: 6 kg.&hellip; <a class=\"kt-excerpt-readmore more-link\" href=\"https:\/\/www.mexicanguitarplayers.com\/en\/tienda\/cuerdas\/combos\/combos-para-bajo\/combo-ashdown-p-bajo-studio-tourbus\/\">Read more<\/a><\/p>","protected":false},"featured_media":33053,"comment_status":"open","ping_status":"closed","template":"","meta":{"kt_blocks_editor_width":""},"pwb-brand":[257],"product_brand":[],"product_cat":[236,255,224],"product_tag":[],"class_list":{"0":"post-33059","1":"product","2":"type-product","3":"status-publish","4":"has-post-thumbnail","6":"pwb-brand-ashdown","7":"product_cat-combos","8":"product_cat-combos-para-bajo","9":"product_cat-cuerdas","10":"product_shipping_class-0-5-kg","12":"first","13":"outofstock","14":"taxable","15":"shipping-taxable","16":"purchasable","17":"product-type-simple"},"yoast_head":"<!-- This site is optimized with the Yoast SEO plugin v27.6 - https:\/\/yoast.com\/product\/yoast-seo-wordpress\/ -->\n<title>COMBO ASHDOWN P\/BAJO STUDIO TOURBUS - Mexican Guitar Players<\/title>\n<meta name=\"description\" content=\"Combo para bajo, driver Ashdown de 6\u201d pulgadas, potencia de 10W RMS a 8 ohms, entrada de l\u00ednea 1\/4\u201d, salida de aud\u00edfonos (silencia el altavoz para practicar en silencio), ecualizador pasivo de 3 bandas (bass, middle, treble), control de volumen, power switch, dimensiones: 300 x 200 x 300 mm, peso: 6 kg.\" \/>\n<meta name=\"robots\" content=\"index, follow, max-snippet:-1, max-image-preview:large, max-video-preview:-1\" \/>\n<link rel=\"canonical\" href=\"https:\/\/www.mexicanguitarplayers.com\/en\/tienda\/sin%20categor\u00eda\/combo-ashdown-p-bajo-studio-tourbus\/\" \/>\n<meta property=\"og:locale\" content=\"en_US\" \/>\n<meta property=\"og:type\" content=\"article\" \/>\n<meta property=\"og:title\" content=\"COMBO ASHDOWN P\/BAJO STUDIO TOURBUS - Mexican Guitar Players\" \/>\n<meta property=\"og:description\" content=\"Combo para bajo, driver Ashdown de 6\u201d pulgadas, potencia de 10W RMS a 8 ohms, entrada de l\u00ednea 1\/4\u201d, salida de aud\u00edfonos (silencia el altavoz para practicar en silencio), ecualizador pasivo de 3 bandas (bass, middle, treble), control de volumen, power switch, dimensiones: 300 x 200 x 300 mm, peso: 6 kg.\" \/>\n<meta property=\"og:url\" content=\"https:\/\/www.mexicanguitarplayers.com\/en\/tienda\/sin categor\u00eda\/combo-ashdown-p-bajo-studio-tourbus\/\" \/>\n<meta property=\"og:site_name\" content=\"Mexican Guitar Players\" \/>\n<meta property=\"article:modified_time\" content=\"2026-04-27T16:15:09+00:00\" \/>\n<meta name=\"twitter:card\" content=\"summary_large_image\" \/>\n<meta name=\"twitter:label1\" content=\"Est. reading time\" \/>\n\t<meta name=\"twitter:data1\" content=\"1 minute\" \/>\n<script type=\"application\/ld+json\" class=\"yoast-schema-graph\">{\"@context\":\"https:\\\/\\\/schema.org\",\"@graph\":[{\"@type\":[\"WebPage\",\"ItemPage\"],\"@id\":\"https:\\\/\\\/www.mexicanguitarplayers.com\\\/tienda\\\/sin categor\u00eda\\\/combo-ashdown-p-bajo-studio-tourbus\\\/\",\"url\":\"https:\\\/\\\/www.mexicanguitarplayers.com\\\/tienda\\\/sin categor\u00eda\\\/combo-ashdown-p-bajo-studio-tourbus\\\/\",\"name\":\"COMBO ASHDOWN P\\\/BAJO STUDIO TOURBUS - Mexican Guitar Players\",\"isPartOf\":{\"@id\":\"https:\\\/\\\/www.mexicanguitarplayers.com\\\/#website\"},\"primaryImageOfPage\":{\"@id\":\"https:\\\/\\\/www.mexicanguitarplayers.com\\\/tienda\\\/sin categor\u00eda\\\/combo-ashdown-p-bajo-studio-tourbus\\\/#primaryimage\"},\"image\":{\"@id\":\"https:\\\/\\\/www.mexicanguitarplayers.com\\\/tienda\\\/sin categor\u00eda\\\/combo-ashdown-p-bajo-studio-tourbus\\\/#primaryimage\"},\"thumbnailUrl\":\"https:\\\/\\\/www.mexicanguitarplayers.com\\\/wp-content\\\/uploads\\\/2025\\\/04\\\/ICASOSTTOURBUS.jpg\",\"datePublished\":\"2025-04-09T03:12:03+00:00\",\"dateModified\":\"2026-04-27T16:15:09+00:00\",\"description\":\"Combo para bajo, driver Ashdown de 6\u201d pulgadas, potencia de 10W RMS a 8 ohms, entrada de l\u00ednea 1\\\/4\u201d, salida de aud\u00edfonos (silencia el altavoz para practicar en silencio), ecualizador pasivo de 3 bandas (bass, middle, treble), control de volumen, power switch, dimensiones: 300 x 200 x 300 mm, peso: 6 kg.\",\"breadcrumb\":{\"@id\":\"https:\\\/\\\/www.mexicanguitarplayers.com\\\/tienda\\\/sin categor\u00eda\\\/combo-ashdown-p-bajo-studio-tourbus\\\/#breadcrumb\"},\"inLanguage\":\"en-US\",\"potentialAction\":[{\"@type\":\"ReadAction\",\"target\":[\"https:\\\/\\\/www.mexicanguitarplayers.com\\\/tienda\\\/sin categor\u00eda\\\/combo-ashdown-p-bajo-studio-tourbus\\\/\"]}]},{\"@type\":\"ImageObject\",\"inLanguage\":\"en-US\",\"@id\":\"https:\\\/\\\/www.mexicanguitarplayers.com\\\/tienda\\\/sin categor\u00eda\\\/combo-ashdown-p-bajo-studio-tourbus\\\/#primaryimage\",\"url\":\"https:\\\/\\\/www.mexicanguitarplayers.com\\\/wp-content\\\/uploads\\\/2025\\\/04\\\/ICASOSTTOURBUS.jpg\",\"contentUrl\":\"https:\\\/\\\/www.mexicanguitarplayers.com\\\/wp-content\\\/uploads\\\/2025\\\/04\\\/ICASOSTTOURBUS.jpg\",\"width\":1200,\"height\":1200},{\"@type\":\"BreadcrumbList\",\"@id\":\"https:\\\/\\\/www.mexicanguitarplayers.com\\\/tienda\\\/sin categor\u00eda\\\/combo-ashdown-p-bajo-studio-tourbus\\\/#breadcrumb\",\"itemListElement\":[{\"@type\":\"ListItem\",\"position\":1,\"name\":\"Portada\",\"item\":\"https:\\\/\\\/www.mexicanguitarplayers.com\\\/\"},{\"@type\":\"ListItem\",\"position\":2,\"name\":\"Tienda\",\"item\":\"https:\\\/\\\/www.mexicanguitarplayers.com\\\/tienda\\\/\"},{\"@type\":\"ListItem\",\"position\":3,\"name\":\"COMBO ASHDOWN P\\\/BAJO STUDIO TOURBUS\"}]},{\"@type\":\"WebSite\",\"@id\":\"https:\\\/\\\/www.mexicanguitarplayers.com\\\/#website\",\"url\":\"https:\\\/\\\/www.mexicanguitarplayers.com\\\/\",\"name\":\"Mexican Guitar Players\",\"description\":\"Website\",\"publisher\":{\"@id\":\"https:\\\/\\\/www.mexicanguitarplayers.com\\\/#organization\"},\"potentialAction\":[{\"@type\":\"SearchAction\",\"target\":{\"@type\":\"EntryPoint\",\"urlTemplate\":\"https:\\\/\\\/www.mexicanguitarplayers.com\\\/?s={search_term_string}\"},\"query-input\":{\"@type\":\"PropertyValueSpecification\",\"valueRequired\":true,\"valueName\":\"search_term_string\"}}],\"inLanguage\":\"en-US\"},{\"@type\":\"Organization\",\"@id\":\"https:\\\/\\\/www.mexicanguitarplayers.com\\\/#organization\",\"name\":\"Mexican Guitar Players\",\"url\":\"https:\\\/\\\/www.mexicanguitarplayers.com\\\/\",\"logo\":{\"@type\":\"ImageObject\",\"inLanguage\":\"en-US\",\"@id\":\"https:\\\/\\\/www.mexicanguitarplayers.com\\\/#\\\/schema\\\/logo\\\/image\\\/\",\"url\":\"\",\"contentUrl\":\"\",\"caption\":\"Mexican Guitar Players\"},\"image\":{\"@id\":\"https:\\\/\\\/www.mexicanguitarplayers.com\\\/#\\\/schema\\\/logo\\\/image\\\/\"}}]}<\/script>\n<!-- \/ Yoast SEO plugin. -->","yoast_head_json":{"title":"COMBO ASHDOWN P\/BAJO STUDIO TOURBUS - Mexican Guitar Players","description":"Combo para bajo, driver Ashdown de 6\u201d pulgadas, potencia de 10W RMS a 8 ohms, entrada de l\u00ednea 1\/4\u201d, salida de aud\u00edfonos (silencia el altavoz para practicar en silencio), ecualizador pasivo de 3 bandas (bass, middle, treble), control de volumen, power switch, dimensiones: 300 x 200 x 300 mm, peso: 6 kg.","robots":{"index":"index","follow":"follow","max-snippet":"max-snippet:-1","max-image-preview":"max-image-preview:large","max-video-preview":"max-video-preview:-1"},"canonical":"https:\/\/www.mexicanguitarplayers.com\/en\/tienda\/sin categor\u00eda\/combo-ashdown-p-bajo-studio-tourbus\/","og_locale":"en_US","og_type":"article","og_title":"COMBO ASHDOWN P\/BAJO STUDIO TOURBUS - Mexican Guitar Players","og_description":"Combo para bajo, driver Ashdown de 6\u201d pulgadas, potencia de 10W RMS a 8 ohms, entrada de l\u00ednea 1\/4\u201d, salida de aud\u00edfonos (silencia el altavoz para practicar en silencio), ecualizador pasivo de 3 bandas (bass, middle, treble), control de volumen, power switch, dimensiones: 300 x 200 x 300 mm, peso: 6 kg.","og_url":"https:\/\/www.mexicanguitarplayers.com\/en\/tienda\/sin categor\u00eda\/combo-ashdown-p-bajo-studio-tourbus\/","og_site_name":"Mexican Guitar Players","article_modified_time":"2026-04-27T16:15:09+00:00","twitter_card":"summary_large_image","twitter_misc":{"Est. reading time":"1 minute"},"schema":{"@context":"https:\/\/schema.org","@graph":[{"@type":["WebPage","ItemPage"],"@id":"https:\/\/www.mexicanguitarplayers.com\/tienda\/sin categor\u00eda\/combo-ashdown-p-bajo-studio-tourbus\/","url":"https:\/\/www.mexicanguitarplayers.com\/tienda\/sin categor\u00eda\/combo-ashdown-p-bajo-studio-tourbus\/","name":"COMBO ASHDOWN P\/BAJO STUDIO TOURBUS - Mexican Guitar Players","isPartOf":{"@id":"https:\/\/www.mexicanguitarplayers.com\/#website"},"primaryImageOfPage":{"@id":"https:\/\/www.mexicanguitarplayers.com\/tienda\/sin categor\u00eda\/combo-ashdown-p-bajo-studio-tourbus\/#primaryimage"},"image":{"@id":"https:\/\/www.mexicanguitarplayers.com\/tienda\/sin categor\u00eda\/combo-ashdown-p-bajo-studio-tourbus\/#primaryimage"},"thumbnailUrl":"https:\/\/www.mexicanguitarplayers.com\/wp-content\/uploads\/2025\/04\/ICASOSTTOURBUS.jpg","datePublished":"2025-04-09T03:12:03+00:00","dateModified":"2026-04-27T16:15:09+00:00","description":"Combo para bajo, driver Ashdown de 6\u201d pulgadas, potencia de 10W RMS a 8 ohms, entrada de l\u00ednea 1\/4\u201d, salida de aud\u00edfonos (silencia el altavoz para practicar en silencio), ecualizador pasivo de 3 bandas (bass, middle, treble), control de volumen, power switch, dimensiones: 300 x 200 x 300 mm, peso: 6 kg.","breadcrumb":{"@id":"https:\/\/www.mexicanguitarplayers.com\/tienda\/sin categor\u00eda\/combo-ashdown-p-bajo-studio-tourbus\/#breadcrumb"},"inLanguage":"en-US","potentialAction":[{"@type":"ReadAction","target":["https:\/\/www.mexicanguitarplayers.com\/tienda\/sin categor\u00eda\/combo-ashdown-p-bajo-studio-tourbus\/"]}]},{"@type":"ImageObject","inLanguage":"en-US","@id":"https:\/\/www.mexicanguitarplayers.com\/tienda\/sin categor\u00eda\/combo-ashdown-p-bajo-studio-tourbus\/#primaryimage","url":"https:\/\/www.mexicanguitarplayers.com\/wp-content\/uploads\/2025\/04\/ICASOSTTOURBUS.jpg","contentUrl":"https:\/\/www.mexicanguitarplayers.com\/wp-content\/uploads\/2025\/04\/ICASOSTTOURBUS.jpg","width":1200,"height":1200},{"@type":"BreadcrumbList","@id":"https:\/\/www.mexicanguitarplayers.com\/tienda\/sin categor\u00eda\/combo-ashdown-p-bajo-studio-tourbus\/#breadcrumb","itemListElement":[{"@type":"ListItem","position":1,"name":"Portada","item":"https:\/\/www.mexicanguitarplayers.com\/"},{"@type":"ListItem","position":2,"name":"Tienda","item":"https:\/\/www.mexicanguitarplayers.com\/tienda\/"},{"@type":"ListItem","position":3,"name":"COMBO ASHDOWN P\/BAJO STUDIO TOURBUS"}]},{"@type":"WebSite","@id":"https:\/\/www.mexicanguitarplayers.com\/#website","url":"https:\/\/www.mexicanguitarplayers.com\/","name":"Mexican Guitar Players","description":"Website","publisher":{"@id":"https:\/\/www.mexicanguitarplayers.com\/#organization"},"potentialAction":[{"@type":"SearchAction","target":{"@type":"EntryPoint","urlTemplate":"https:\/\/www.mexicanguitarplayers.com\/?s={search_term_string}"},"query-input":{"@type":"PropertyValueSpecification","valueRequired":true,"valueName":"search_term_string"}}],"inLanguage":"en-US"},{"@type":"Organization","@id":"https:\/\/www.mexicanguitarplayers.com\/#organization","name":"Mexican Guitar Players","url":"https:\/\/www.mexicanguitarplayers.com\/","logo":{"@type":"ImageObject","inLanguage":"en-US","@id":"https:\/\/www.mexicanguitarplayers.com\/#\/schema\/logo\/image\/","url":"","contentUrl":"","caption":"Mexican Guitar Players"},"image":{"@id":"https:\/\/www.mexicanguitarplayers.com\/#\/schema\/logo\/image\/"}}]}},"brands":[{"id":257,"name":"ASHDOWN","slug":"ashdown"}],"_links":{"self":[{"href":"https:\/\/www.mexicanguitarplayers.com\/en\/wp-json\/wp\/v2\/product\/33059","targetHints":{"allow":["GET"]}}],"collection":[{"href":"https:\/\/www.mexicanguitarplayers.com\/en\/wp-json\/wp\/v2\/product"}],"about":[{"href":"https:\/\/www.mexicanguitarplayers.com\/en\/wp-json\/wp\/v2\/types\/product"}],"replies":[{"embeddable":true,"href":"https:\/\/www.mexicanguitarplayers.com\/en\/wp-json\/wp\/v2\/comments?post=33059"}],"wp:featuredmedia":[{"embeddable":true,"href":"https:\/\/www.mexicanguitarplayers.com\/en\/wp-json\/wp\/v2\/media\/33053"}],"wp:attachment":[{"href":"https:\/\/www.mexicanguitarplayers.com\/en\/wp-json\/wp\/v2\/media?parent=33059"}],"wp:term":[{"taxonomy":"pwb-brand","embeddable":true,"href":"https:\/\/www.mexicanguitarplayers.com\/en\/wp-json\/wp\/v2\/pwb-brand?post=33059"},{"taxonomy":"product_brand","embeddable":true,"href":"https:\/\/www.mexicanguitarplayers.com\/en\/wp-json\/wp\/v2\/product_brand?post=33059"},{"taxonomy":"product_cat","embeddable":true,"href":"https:\/\/www.mexicanguitarplayers.com\/en\/wp-json\/wp\/v2\/product_cat?post=33059"},{"taxonomy":"product_tag","embeddable":true,"href":"https:\/\/www.mexicanguitarplayers.com\/en\/wp-json\/wp\/v2\/product_tag?post=33059"}],"curies":[{"name":"wp","href":"https:\/\/api.w.org\/{rel}","templated":true}]}}